{"id":9999,"date":"2025-02-11T11:03:50","date_gmt":"2025-02-11T09:03:50","guid":{"rendered":"https:\/\/gymfactory.eu\/product\/j1-plokscias-suoliukas\/"},"modified":"2025-12-03T13:48:39","modified_gmt":"2025-12-03T11:48:39","slug":"j1-plokscias-suoliukas","status":"publish","type":"product","link":"https:\/\/gymfactory.eu\/lt\/produktas\/j1-plokscias-suoliukas\/","title":{"rendered":"J1 Horizontalus suoliukas"},"content":{"rendered":"<p>J1 horizontalus suoliukas \u2013 universalus treniruo\u010di\u0173 suoliukas, tinkantis tiek nam\u0173 sporto zonoms, tiek profesionalioms sporto sal\u0117ms. Puikiai pritaikytas \u012fvairiems pratimams su laisvaisiais svoriais: \u0161tangos spaudimui, hanteli\u0173 i\u0161sk\u0117timams, tricepso pratimams ar preso pratimams \u2013 tinka viso k\u016bno treniruot\u0117ms.<\/p>\n<p>Integruoti ratukai ir rankena leid\u017eia patogiai perstumti ir perstatyti suoliuk\u0105 pagal poreik\u012f.<\/p>\n<p>Stabilus ir funkcionalus sprendimas kasdien\u0117ms treniruot\u0117ms su pastoviu rezultatu.<\/p>\n\n    <div class=\"xs_social_share_widget xs_share_url after_content \t\tmain_content  wslu-style-1 wslu-share-box-shaped wslu-fill-colored wslu-none wslu-share-horizontal wslu-theme-font-no wslu-main_content\">\n\n\t\t\n        <ul>\n\t\t\t        <\/ul>\n    <\/div> \n","protected":false},"excerpt":{"rendered":"<p>J1 horizontalus suoliukas \u2013 universalus treniruo\u010di\u0173 suoliukas, tinkantis tiek nam\u0173 sporto zonoms, tiek profesionalioms sporto sal\u0117ms. Puikiai pritaikytas \u012fvairiems pratimams su laisvaisiais svoriais: \u0161tangos spaudimui, hanteli\u0173 i\u0161sk\u0117timams, tricepso pratimams ar preso pratimams \u2013 tinka viso k\u016bno treniruot\u0117ms. Integruoti ratukai ir rankena leid\u017eia patogiai perstumti ir perstatyti suoliuk\u0105 pagal poreik\u012f. Stabilus ir funkcionalus sprendimas kasdien\u0117ms treniruot\u0117ms [&hellip;]<\/p>\n","protected":false},"featured_media":8838,"template":"","meta":{"_acf_changed":false},"product_brand":[817],"product_cat":[437],"product_tag":[],"class_list":{"0":"post-9999","1":"product","2":"type-product","3":"status-publish","4":"has-post-thumbnail","6":"product_brand-gym-factory-lt","7":"product_cat-treniruociu-suolai","9":"first","10":"onbackorder","11":"taxable","12":"shipping-taxable","13":"purchasable","14":"product-type-variable","15":"has-default-attributes"},"acf":[],"yoast_head":"<!-- This site is optimized with the Yoast SEO plugin v25.2 - https:\/\/yoast.com\/wordpress\/plugins\/seo\/ -->\n<title>J1 plok\u0161\u010dias suoliukas - idealiai tinka nam\u0173 sporto salei ir komerciniam naudojimui<\/title>\n<meta name=\"description\" content=\"Nam\u0173 treniruokli\u0173 sal\u0117s \u012frang\u0105 papildykite plok\u0161\u010diu suolu. Puikiai tinka \u012fvairiems pratimams, u\u017etikrina stabilum\u0105 ir atram\u0105, kurios reikia j\u0117gos treniruot\u0117ms.\" \/>\n<meta name=\"robots\" content=\"index, follow, max-snippet:-1, max-image-preview:large, max-video-preview:-1\" \/>\n<link rel=\"canonical\" href=\"https:\/\/gymfactory.eu\/lt\/produktas\/j1-plokscias-suoliukas\/\" \/>\n<meta property=\"og:locale\" content=\"lt_LT\" \/>\n<meta property=\"og:type\" content=\"article\" \/>\n<meta property=\"og:title\" content=\"J1 plok\u0161\u010dias suoliukas - idealiai tinka nam\u0173 sporto salei ir komerciniam naudojimui\" \/>\n<meta property=\"og:description\" content=\"Nam\u0173 treniruokli\u0173 sal\u0117s \u012frang\u0105 papildykite plok\u0161\u010diu suolu. Puikiai tinka \u012fvairiems pratimams, u\u017etikrina stabilum\u0105 ir atram\u0105, kurios reikia j\u0117gos treniruot\u0117ms.\" \/>\n<meta property=\"og:url\" content=\"https:\/\/gymfactory.eu\/lt\/produktas\/j1-plokscias-suoliukas\/\" \/>\n<meta property=\"og:site_name\" content=\"Gym Factory\" \/>\n<meta property=\"article:modified_time\" content=\"2025-12-03T11:48:39+00:00\" \/>\n<meta property=\"og:image\" content=\"https:\/\/gymfactory.eu\/wp-content\/uploads\/2025\/02\/best-workout-bench-blue-flat-bench-1.webp\" \/>\n\t<meta property=\"og:image:width\" content=\"1500\" \/>\n\t<meta property=\"og:image:height\" content=\"1500\" \/>\n\t<meta property=\"og:image:type\" content=\"image\/webp\" \/>\n<meta name=\"twitter:card\" content=\"summary_large_image\" \/>\n<meta name=\"twitter:label1\" content=\"Est. reading time\" \/>\n\t<meta name=\"twitter:data1\" content=\"1 minut\u0117\" \/>\n<script type=\"application\/ld+json\" class=\"yoast-schema-graph\">{\"@context\":\"https:\/\/schema.org\",\"@graph\":[{\"@type\":\"WebPage\",\"@id\":\"https:\/\/gymfactory.eu\/lt\/produktas\/j1-plokscias-suoliukas\/\",\"url\":\"https:\/\/gymfactory.eu\/lt\/produktas\/j1-plokscias-suoliukas\/\",\"name\":\"J1 plok\u0161\u010dias suoliukas - idealiai tinka nam\u0173 sporto salei ir komerciniam naudojimui\",\"isPartOf\":{\"@id\":\"https:\/\/gymfactory.eu\/lt\/#website\"},\"primaryImageOfPage\":{\"@id\":\"https:\/\/gymfactory.eu\/lt\/produktas\/j1-plokscias-suoliukas\/#primaryimage\"},\"image\":{\"@id\":\"https:\/\/gymfactory.eu\/lt\/produktas\/j1-plokscias-suoliukas\/#primaryimage\"},\"thumbnailUrl\":\"https:\/\/gymfactory.eu\/wp-content\/uploads\/2025\/02\/best-workout-bench-blue-flat-bench-1.webp\",\"datePublished\":\"2025-02-11T09:03:50+00:00\",\"dateModified\":\"2025-12-03T11:48:39+00:00\",\"description\":\"Nam\u0173 treniruokli\u0173 sal\u0117s \u012frang\u0105 papildykite plok\u0161\u010diu suolu. Puikiai tinka \u012fvairiems pratimams, u\u017etikrina stabilum\u0105 ir atram\u0105, kurios reikia j\u0117gos treniruot\u0117ms.\",\"breadcrumb\":{\"@id\":\"https:\/\/gymfactory.eu\/lt\/produktas\/j1-plokscias-suoliukas\/#breadcrumb\"},\"inLanguage\":\"lt-LT\",\"potentialAction\":[{\"@type\":\"ReadAction\",\"target\":[\"https:\/\/gymfactory.eu\/lt\/produktas\/j1-plokscias-suoliukas\/\"]}]},{\"@type\":\"ImageObject\",\"inLanguage\":\"lt-LT\",\"@id\":\"https:\/\/gymfactory.eu\/lt\/produktas\/j1-plokscias-suoliukas\/#primaryimage\",\"url\":\"https:\/\/gymfactory.eu\/wp-content\/uploads\/2025\/02\/best-workout-bench-blue-flat-bench-1.webp\",\"contentUrl\":\"https:\/\/gymfactory.eu\/wp-content\/uploads\/2025\/02\/best-workout-bench-blue-flat-bench-1.webp\",\"width\":1500,\"height\":1500,\"caption\":\"M\u0117lynos spalvos plok\u0161\u010dias svarmen\u0173 suolas, j\u0117gos treniruokli\u0173 \u012frangos namuose dalis, turintis stor\u0105 juod\u0105 pamink\u0161tint\u0105 vir\u0161\u0173, tvirt\u0105 plienin\u012f r\u0117m\u0105 ir ranken\u0105 lengvam jud\u0117jimui, idealiai tinka \u012fvairiems j\u0117gos pratimams atlikti.\"},{\"@type\":\"BreadcrumbList\",\"@id\":\"https:\/\/gymfactory.eu\/lt\/produktas\/j1-plokscias-suoliukas\/#breadcrumb\",\"itemListElement\":[{\"@type\":\"ListItem\",\"position\":1,\"name\":\"Pagrindinis\",\"item\":\"https:\/\/gymfactory.eu\/lt\/\"},{\"@type\":\"ListItem\",\"position\":2,\"name\":\"Katalogas\",\"item\":\"https:\/\/gymfactory.eu\/lt\/katalogas\/\"},{\"@type\":\"ListItem\",\"position\":3,\"name\":\"J1 Horizontalus suoliukas\"}]},{\"@type\":\"WebSite\",\"@id\":\"https:\/\/gymfactory.eu\/lt\/#website\",\"url\":\"https:\/\/gymfactory.eu\/lt\/\",\"name\":\"Gym Factory\",\"description\":\"\",\"publisher\":{\"@id\":\"https:\/\/gymfactory.eu\/lt\/#organization\"},\"potentialAction\":[{\"@type\":\"SearchAction\",\"target\":{\"@type\":\"EntryPoint\",\"urlTemplate\":\"https:\/\/gymfactory.eu\/lt\/?s={search_term_string}\"},\"query-input\":{\"@type\":\"PropertyValueSpecification\",\"valueRequired\":true,\"valueName\":\"search_term_string\"}}],\"inLanguage\":\"lt-LT\"},{\"@type\":\"Organization\",\"@id\":\"https:\/\/gymfactory.eu\/lt\/#organization\",\"name\":\"Sporto sal\u0117s gamykla\",\"url\":\"https:\/\/gymfactory.eu\/lt\/\",\"logo\":{\"@type\":\"ImageObject\",\"inLanguage\":\"lt-LT\",\"@id\":\"https:\/\/gymfactory.eu\/lt\/#\/schema\/logo\/image\/\",\"url\":\"https:\/\/gymfactory.eu\/wp-content\/uploads\/2024\/11\/Component-1.svg\",\"contentUrl\":\"https:\/\/gymfactory.eu\/wp-content\/uploads\/2024\/11\/Component-1.svg\",\"width\":54,\"height\":44,\"caption\":\"Sporto sal\u0117s gamykla\"},\"image\":{\"@id\":\"https:\/\/gymfactory.eu\/lt\/#\/schema\/logo\/image\/\"}}]}<\/script>\n<!-- \/ Yoast SEO plugin. -->","yoast_head_json":{"title":"J1 plok\u0161\u010dias suoliukas - idealiai tinka nam\u0173 sporto salei ir komerciniam naudojimui","description":"Nam\u0173 treniruokli\u0173 sal\u0117s \u012frang\u0105 papildykite plok\u0161\u010diu suolu. Puikiai tinka \u012fvairiems pratimams, u\u017etikrina stabilum\u0105 ir atram\u0105, kurios reikia j\u0117gos treniruot\u0117ms.","robots":{"index":"index","follow":"follow","max-snippet":"max-snippet:-1","max-image-preview":"max-image-preview:large","max-video-preview":"max-video-preview:-1"},"canonical":"https:\/\/gymfactory.eu\/lt\/produktas\/j1-plokscias-suoliukas\/","og_locale":"lt_LT","og_type":"article","og_title":"J1 plok\u0161\u010dias suoliukas - idealiai tinka nam\u0173 sporto salei ir komerciniam naudojimui","og_description":"Nam\u0173 treniruokli\u0173 sal\u0117s \u012frang\u0105 papildykite plok\u0161\u010diu suolu. Puikiai tinka \u012fvairiems pratimams, u\u017etikrina stabilum\u0105 ir atram\u0105, kurios reikia j\u0117gos treniruot\u0117ms.","og_url":"https:\/\/gymfactory.eu\/lt\/produktas\/j1-plokscias-suoliukas\/","og_site_name":"Gym Factory","article_modified_time":"2025-12-03T11:48:39+00:00","og_image":[{"width":1500,"height":1500,"url":"https:\/\/gymfactory.eu\/wp-content\/uploads\/2025\/02\/best-workout-bench-blue-flat-bench-1.webp","type":"image\/webp"}],"twitter_card":"summary_large_image","twitter_misc":{"Est. reading time":"1 minut\u0117"},"schema":{"@context":"https:\/\/schema.org","@graph":[{"@type":"WebPage","@id":"https:\/\/gymfactory.eu\/lt\/produktas\/j1-plokscias-suoliukas\/","url":"https:\/\/gymfactory.eu\/lt\/produktas\/j1-plokscias-suoliukas\/","name":"J1 plok\u0161\u010dias suoliukas - idealiai tinka nam\u0173 sporto salei ir komerciniam naudojimui","isPartOf":{"@id":"https:\/\/gymfactory.eu\/lt\/#website"},"primaryImageOfPage":{"@id":"https:\/\/gymfactory.eu\/lt\/produktas\/j1-plokscias-suoliukas\/#primaryimage"},"image":{"@id":"https:\/\/gymfactory.eu\/lt\/produktas\/j1-plokscias-suoliukas\/#primaryimage"},"thumbnailUrl":"https:\/\/gymfactory.eu\/wp-content\/uploads\/2025\/02\/best-workout-bench-blue-flat-bench-1.webp","datePublished":"2025-02-11T09:03:50+00:00","dateModified":"2025-12-03T11:48:39+00:00","description":"Nam\u0173 treniruokli\u0173 sal\u0117s \u012frang\u0105 papildykite plok\u0161\u010diu suolu. Puikiai tinka \u012fvairiems pratimams, u\u017etikrina stabilum\u0105 ir atram\u0105, kurios reikia j\u0117gos treniruot\u0117ms.","breadcrumb":{"@id":"https:\/\/gymfactory.eu\/lt\/produktas\/j1-plokscias-suoliukas\/#breadcrumb"},"inLanguage":"lt-LT","potentialAction":[{"@type":"ReadAction","target":["https:\/\/gymfactory.eu\/lt\/produktas\/j1-plokscias-suoliukas\/"]}]},{"@type":"ImageObject","inLanguage":"lt-LT","@id":"https:\/\/gymfactory.eu\/lt\/produktas\/j1-plokscias-suoliukas\/#primaryimage","url":"https:\/\/gymfactory.eu\/wp-content\/uploads\/2025\/02\/best-workout-bench-blue-flat-bench-1.webp","contentUrl":"https:\/\/gymfactory.eu\/wp-content\/uploads\/2025\/02\/best-workout-bench-blue-flat-bench-1.webp","width":1500,"height":1500,"caption":"M\u0117lynos spalvos plok\u0161\u010dias svarmen\u0173 suolas, j\u0117gos treniruokli\u0173 \u012frangos namuose dalis, turintis stor\u0105 juod\u0105 pamink\u0161tint\u0105 vir\u0161\u0173, tvirt\u0105 plienin\u012f r\u0117m\u0105 ir ranken\u0105 lengvam jud\u0117jimui, idealiai tinka \u012fvairiems j\u0117gos pratimams atlikti."},{"@type":"BreadcrumbList","@id":"https:\/\/gymfactory.eu\/lt\/produktas\/j1-plokscias-suoliukas\/#breadcrumb","itemListElement":[{"@type":"ListItem","position":1,"name":"Pagrindinis","item":"https:\/\/gymfactory.eu\/lt\/"},{"@type":"ListItem","position":2,"name":"Katalogas","item":"https:\/\/gymfactory.eu\/lt\/katalogas\/"},{"@type":"ListItem","position":3,"name":"J1 Horizontalus suoliukas"}]},{"@type":"WebSite","@id":"https:\/\/gymfactory.eu\/lt\/#website","url":"https:\/\/gymfactory.eu\/lt\/","name":"Gym Factory","description":"","publisher":{"@id":"https:\/\/gymfactory.eu\/lt\/#organization"},"potentialAction":[{"@type":"SearchAction","target":{"@type":"EntryPoint","urlTemplate":"https:\/\/gymfactory.eu\/lt\/?s={search_term_string}"},"query-input":{"@type":"PropertyValueSpecification","valueRequired":true,"valueName":"search_term_string"}}],"inLanguage":"lt-LT"},{"@type":"Organization","@id":"https:\/\/gymfactory.eu\/lt\/#organization","name":"Sporto sal\u0117s gamykla","url":"https:\/\/gymfactory.eu\/lt\/","logo":{"@type":"ImageObject","inLanguage":"lt-LT","@id":"https:\/\/gymfactory.eu\/lt\/#\/schema\/logo\/image\/","url":"https:\/\/gymfactory.eu\/wp-content\/uploads\/2024\/11\/Component-1.svg","contentUrl":"https:\/\/gymfactory.eu\/wp-content\/uploads\/2024\/11\/Component-1.svg","width":54,"height":44,"caption":"Sporto sal\u0117s gamykla"},"image":{"@id":"https:\/\/gymfactory.eu\/lt\/#\/schema\/logo\/image\/"}}]}},"_links":{"self":[{"href":"https:\/\/gymfactory.eu\/lt\/wp-json\/wp\/v2\/product\/9999","targetHints":{"allow":["GET"]}}],"collection":[{"href":"https:\/\/gymfactory.eu\/lt\/wp-json\/wp\/v2\/product"}],"about":[{"href":"https:\/\/gymfactory.eu\/lt\/wp-json\/wp\/v2\/types\/product"}],"wp:featuredmedia":[{"embeddable":true,"href":"https:\/\/gymfactory.eu\/lt\/wp-json\/wp\/v2\/media\/8838"}],"wp:attachment":[{"href":"https:\/\/gymfactory.eu\/lt\/wp-json\/wp\/v2\/media?parent=9999"}],"wp:term":[{"taxonomy":"product_brand","embeddable":true,"href":"https:\/\/gymfactory.eu\/lt\/wp-json\/wp\/v2\/product_brand?post=9999"},{"taxonomy":"product_cat","embeddable":true,"href":"https:\/\/gymfactory.eu\/lt\/wp-json\/wp\/v2\/product_cat?post=9999"},{"taxonomy":"product_tag","embeddable":true,"href":"https:\/\/gymfactory.eu\/lt\/wp-json\/wp\/v2\/product_tag?post=9999"}],"curies":[{"name":"wp","href":"https:\/\/api.w.org\/{rel}","templated":true}]}}