{"id":9992,"date":"2025-02-13T09:15:19","date_gmt":"2025-02-13T07:15:19","guid":{"rendered":"https:\/\/gymfactory.eu\/product\/b8-treniruociu-stovas\/"},"modified":"2025-12-05T13:32:17","modified_gmt":"2025-12-05T11:32:17","slug":"b8-treniruociu-stovas","status":"publish","type":"product","link":"https:\/\/gymfactory.eu\/lt\/produktas\/b8-treniruociu-stovas\/","title":{"rendered":"B8 J\u0117gos stovas"},"content":{"rendered":"<p>B8 j\u0117gos stovas tinka tiek nam\u0173 sporto erdvei, tiek profesionaliam naudojimui \u2013 patikima \u012franga darbui su \u0161tanga ir viso k\u016bno stiprinimui.<\/p>\n<p>Stovas turi du \u0161tangos laikiklius ir dvi apsaugines atramas, kurios suteikia papildom\u0105 saugum\u0105 atliekant sunkius pakartojimus ar treniruojantis vienam. Visi komponentai reguliuojami pagal auk\u0161t\u012f per vertikali\u0173 ang\u0173 sistem\u0105 \u2013 tai leid\u017eia tiksliai prisitaikyti prie skirting\u0173 pratim\u0173.<\/p>\n<p>Vir\u0161uje integruotas prisitraukim\u0173 skersinis, o r\u0117mo tvirtinimo ta\u0161kai leid\u017eia pritvirtinti pasiprie\u0161inimo gumas \u2013 norint padidinti apkrov\u0105 arba palengvinti judes\u012f, kai to reikia.<\/p>\n<p>Nor\u0117dami i\u0161pl\u0117sti treniruo\u010di\u0173 galimybes, rekomenduojame prid\u0117ti suderinamus priedus: <a href=\"https:\/\/gymfactory.eu\/product\/z03g1-olympic-barbell\/\" target=\"_blank\" rel=\"noopener\">Z03G1 olimpin\u0117 \u0161tanga<\/a>, <a href=\"https:\/\/gymfactory.eu\/product\/z03g-olympic-barbell\/\" target=\"_blank\" rel=\"noopener\">Z03G olimpin\u0117 \u0161tanga<\/a>, <a href=\"https:\/\/gymfactory.eu\/product\/z17p-step-up-platform\/\" target=\"_blank\" rel=\"noopener\">Z17P platforma<\/a>, <a href=\"https:\/\/gymfactory.eu\/product\/z17sx-monolift-lock\/\" target=\"_blank\" rel=\"noopener\">Z17SX monolifto spyna<\/a>, <a href=\"https:\/\/gymfactory.eu\/product\/z17t-landmine\/\" target=\"_blank\" rel=\"noopener\">Z17T T-Bar priedas<\/a>, <a href=\"https:\/\/gymfactory.eu\/product\/z17l-dip\/\" target=\"_blank\" rel=\"noopener\">Z17L lygiagret\u0117s<\/a> arba <a href=\"https:\/\/gymfactory.eu\/product\/z20-jammer-arms\/\" target=\"_blank\" rel=\"noopener\">Z20 rankenos<\/a>. Taip pat puikiai tinka suoliukai: <a href=\"https:\/\/gymfactory.eu\/product\/j2-adjustable-bench\/\" target=\"_blank\" rel=\"noopener\">J2 reguliuojamas suoliukas<\/a> arba <a href=\"https:\/\/gymfactory.eu\/product\/j3-adjustable-bench\/\" target=\"_blank\" rel=\"noopener\">J3 reguliuojamas suoliukas<\/a>.<\/p>\n\n    <div class=\"xs_social_share_widget xs_share_url after_content \t\tmain_content  wslu-style-1 wslu-share-box-shaped wslu-fill-colored wslu-none wslu-share-horizontal wslu-theme-font-no wslu-main_content\">\n\n\t\t\n        <ul>\n\t\t\t        <\/ul>\n    <\/div> \n","protected":false},"excerpt":{"rendered":"<p>B8 j\u0117gos stovas tinka tiek nam\u0173 sporto erdvei, tiek profesionaliam naudojimui \u2013 patikima \u012franga darbui su \u0161tanga ir viso k\u016bno stiprinimui. Stovas turi du \u0161tangos laikiklius ir dvi apsaugines atramas, kurios suteikia papildom\u0105 saugum\u0105 atliekant sunkius pakartojimus ar treniruojantis vienam. Visi komponentai reguliuojami pagal auk\u0161t\u012f per vertikali\u0173 ang\u0173 sistem\u0105 \u2013 tai leid\u017eia tiksliai prisitaikyti prie [&hellip;]<\/p>\n","protected":false},"featured_media":8800,"template":"","meta":{"_acf_changed":false},"product_brand":[817],"product_cat":[435],"product_tag":[415],"class_list":{"0":"post-9992","1":"product","2":"type-product","3":"status-publish","4":"has-post-thumbnail","6":"product_brand-gym-factory-lt","7":"product_cat-stovai","8":"product_tag-spalva-tik-metaline","10":"first","11":"onbackorder","12":"taxable","13":"shipping-taxable","14":"purchasable","15":"product-type-variable","16":"has-default-attributes"},"acf":[],"yoast_head":"<!-- This site is optimized with the Yoast SEO plugin v25.2 - https:\/\/yoast.com\/wordpress\/plugins\/seo\/ -->\n<title>B8 treniruo\u010di\u0173 stovas j\u0117gos ir j\u0117gos treniruot\u0117ms<\/title>\n<meta name=\"description\" content=\"Reikia universalaus stovo intensyviai treniruotei? B8 treniruo\u010di\u0173 stovas padeda atlikti stabiliai atliekamus j\u0117gos ir j\u0117gos pratimus, tinkamus nam\u0173 ar komercin\u0117ms sporto sal\u0117ms.\" \/>\n<meta name=\"robots\" content=\"index, follow, max-snippet:-1, max-image-preview:large, max-video-preview:-1\" \/>\n<link rel=\"canonical\" href=\"https:\/\/gymfactory.eu\/lt\/produktas\/b8-treniruociu-stovas\/\" \/>\n<meta property=\"og:locale\" content=\"lt_LT\" \/>\n<meta property=\"og:type\" content=\"article\" \/>\n<meta property=\"og:title\" content=\"B8 treniruo\u010di\u0173 stovas j\u0117gos ir j\u0117gos treniruot\u0117ms\" \/>\n<meta property=\"og:description\" content=\"Reikia universalaus stovo intensyviai treniruotei? B8 treniruo\u010di\u0173 stovas padeda atlikti stabiliai atliekamus j\u0117gos ir j\u0117gos pratimus, tinkamus nam\u0173 ar komercin\u0117ms sporto sal\u0117ms.\" \/>\n<meta property=\"og:url\" content=\"https:\/\/gymfactory.eu\/lt\/produktas\/b8-treniruociu-stovas\/\" \/>\n<meta property=\"og:site_name\" content=\"Gym Factory\" \/>\n<meta property=\"article:modified_time\" content=\"2025-12-05T11:32:17+00:00\" \/>\n<meta property=\"og:image\" content=\"https:\/\/gymfactory.eu\/wp-content\/uploads\/2025\/02\/power-rack-black-frame-best-squat-rack.webp\" \/>\n\t<meta property=\"og:image:width\" content=\"1500\" \/>\n\t<meta property=\"og:image:height\" content=\"1500\" \/>\n\t<meta property=\"og:image:type\" content=\"image\/webp\" \/>\n<meta name=\"twitter:card\" content=\"summary_large_image\" \/>\n<meta name=\"twitter:label1\" content=\"Est. reading time\" \/>\n\t<meta name=\"twitter:data1\" content=\"1 minut\u0117\" \/>\n<script type=\"application\/ld+json\" class=\"yoast-schema-graph\">{\"@context\":\"https:\/\/schema.org\",\"@graph\":[{\"@type\":\"WebPage\",\"@id\":\"https:\/\/gymfactory.eu\/lt\/produktas\/b8-treniruociu-stovas\/\",\"url\":\"https:\/\/gymfactory.eu\/lt\/produktas\/b8-treniruociu-stovas\/\",\"name\":\"B8 treniruo\u010di\u0173 stovas j\u0117gos ir j\u0117gos treniruot\u0117ms\",\"isPartOf\":{\"@id\":\"https:\/\/gymfactory.eu\/lt\/#website\"},\"primaryImageOfPage\":{\"@id\":\"https:\/\/gymfactory.eu\/lt\/produktas\/b8-treniruociu-stovas\/#primaryimage\"},\"image\":{\"@id\":\"https:\/\/gymfactory.eu\/lt\/produktas\/b8-treniruociu-stovas\/#primaryimage\"},\"thumbnailUrl\":\"https:\/\/gymfactory.eu\/wp-content\/uploads\/2025\/02\/power-rack-black-frame-best-squat-rack.webp\",\"datePublished\":\"2025-02-13T07:15:19+00:00\",\"dateModified\":\"2025-12-05T11:32:17+00:00\",\"description\":\"Reikia universalaus stovo intensyviai treniruotei? B8 treniruo\u010di\u0173 stovas padeda atlikti stabiliai atliekamus j\u0117gos ir j\u0117gos pratimus, tinkamus nam\u0173 ar komercin\u0117ms sporto sal\u0117ms.\",\"breadcrumb\":{\"@id\":\"https:\/\/gymfactory.eu\/lt\/produktas\/b8-treniruociu-stovas\/#breadcrumb\"},\"inLanguage\":\"lt-LT\",\"potentialAction\":[{\"@type\":\"ReadAction\",\"target\":[\"https:\/\/gymfactory.eu\/lt\/produktas\/b8-treniruociu-stovas\/\"]}]},{\"@type\":\"ImageObject\",\"inLanguage\":\"lt-LT\",\"@id\":\"https:\/\/gymfactory.eu\/lt\/produktas\/b8-treniruociu-stovas\/#primaryimage\",\"url\":\"https:\/\/gymfactory.eu\/wp-content\/uploads\/2025\/02\/power-rack-black-frame-best-squat-rack.webp\",\"contentUrl\":\"https:\/\/gymfactory.eu\/wp-content\/uploads\/2025\/02\/power-rack-black-frame-best-squat-rack.webp\",\"width\":1500,\"height\":1500,\"caption\":\"Visas vaizdas \u012f juod\u0105 j\u0117gos stov\u0105, skirt\u0105 j\u0117gos treniruot\u0117ms, su reguliuojamomis apsaugin\u0117mis grotel\u0117mis, svori\u0173 plok\u0161teli\u0173 laikymo vieta ir keli\u0173 ranken\u0173 i\u0161traukimo juosta, tod\u0117l tai yra geriausias prit\u016bpim\u0173 stovo pasirinkimas.\"},{\"@type\":\"BreadcrumbList\",\"@id\":\"https:\/\/gymfactory.eu\/lt\/produktas\/b8-treniruociu-stovas\/#breadcrumb\",\"itemListElement\":[{\"@type\":\"ListItem\",\"position\":1,\"name\":\"Pagrindinis\",\"item\":\"https:\/\/gymfactory.eu\/lt\/\"},{\"@type\":\"ListItem\",\"position\":2,\"name\":\"Katalogas\",\"item\":\"https:\/\/gymfactory.eu\/lt\/katalogas\/\"},{\"@type\":\"ListItem\",\"position\":3,\"name\":\"B8 J\u0117gos stovas\"}]},{\"@type\":\"WebSite\",\"@id\":\"https:\/\/gymfactory.eu\/lt\/#website\",\"url\":\"https:\/\/gymfactory.eu\/lt\/\",\"name\":\"Gym Factory\",\"description\":\"\",\"publisher\":{\"@id\":\"https:\/\/gymfactory.eu\/lt\/#organization\"},\"potentialAction\":[{\"@type\":\"SearchAction\",\"target\":{\"@type\":\"EntryPoint\",\"urlTemplate\":\"https:\/\/gymfactory.eu\/lt\/?s={search_term_string}\"},\"query-input\":{\"@type\":\"PropertyValueSpecification\",\"valueRequired\":true,\"valueName\":\"search_term_string\"}}],\"inLanguage\":\"lt-LT\"},{\"@type\":\"Organization\",\"@id\":\"https:\/\/gymfactory.eu\/lt\/#organization\",\"name\":\"Sporto sal\u0117s gamykla\",\"url\":\"https:\/\/gymfactory.eu\/lt\/\",\"logo\":{\"@type\":\"ImageObject\",\"inLanguage\":\"lt-LT\",\"@id\":\"https:\/\/gymfactory.eu\/lt\/#\/schema\/logo\/image\/\",\"url\":\"https:\/\/gymfactory.eu\/wp-content\/uploads\/2024\/11\/Component-1.svg\",\"contentUrl\":\"https:\/\/gymfactory.eu\/wp-content\/uploads\/2024\/11\/Component-1.svg\",\"width\":54,\"height\":44,\"caption\":\"Sporto sal\u0117s gamykla\"},\"image\":{\"@id\":\"https:\/\/gymfactory.eu\/lt\/#\/schema\/logo\/image\/\"}}]}<\/script>\n<!-- \/ Yoast SEO plugin. -->","yoast_head_json":{"title":"B8 treniruo\u010di\u0173 stovas j\u0117gos ir j\u0117gos treniruot\u0117ms","description":"Reikia universalaus stovo intensyviai treniruotei? B8 treniruo\u010di\u0173 stovas padeda atlikti stabiliai atliekamus j\u0117gos ir j\u0117gos pratimus, tinkamus nam\u0173 ar komercin\u0117ms sporto sal\u0117ms.","robots":{"index":"index","follow":"follow","max-snippet":"max-snippet:-1","max-image-preview":"max-image-preview:large","max-video-preview":"max-video-preview:-1"},"canonical":"https:\/\/gymfactory.eu\/lt\/produktas\/b8-treniruociu-stovas\/","og_locale":"lt_LT","og_type":"article","og_title":"B8 treniruo\u010di\u0173 stovas j\u0117gos ir j\u0117gos treniruot\u0117ms","og_description":"Reikia universalaus stovo intensyviai treniruotei? B8 treniruo\u010di\u0173 stovas padeda atlikti stabiliai atliekamus j\u0117gos ir j\u0117gos pratimus, tinkamus nam\u0173 ar komercin\u0117ms sporto sal\u0117ms.","og_url":"https:\/\/gymfactory.eu\/lt\/produktas\/b8-treniruociu-stovas\/","og_site_name":"Gym Factory","article_modified_time":"2025-12-05T11:32:17+00:00","og_image":[{"width":1500,"height":1500,"url":"https:\/\/gymfactory.eu\/wp-content\/uploads\/2025\/02\/power-rack-black-frame-best-squat-rack.webp","type":"image\/webp"}],"twitter_card":"summary_large_image","twitter_misc":{"Est. reading time":"1 minut\u0117"},"schema":{"@context":"https:\/\/schema.org","@graph":[{"@type":"WebPage","@id":"https:\/\/gymfactory.eu\/lt\/produktas\/b8-treniruociu-stovas\/","url":"https:\/\/gymfactory.eu\/lt\/produktas\/b8-treniruociu-stovas\/","name":"B8 treniruo\u010di\u0173 stovas j\u0117gos ir j\u0117gos treniruot\u0117ms","isPartOf":{"@id":"https:\/\/gymfactory.eu\/lt\/#website"},"primaryImageOfPage":{"@id":"https:\/\/gymfactory.eu\/lt\/produktas\/b8-treniruociu-stovas\/#primaryimage"},"image":{"@id":"https:\/\/gymfactory.eu\/lt\/produktas\/b8-treniruociu-stovas\/#primaryimage"},"thumbnailUrl":"https:\/\/gymfactory.eu\/wp-content\/uploads\/2025\/02\/power-rack-black-frame-best-squat-rack.webp","datePublished":"2025-02-13T07:15:19+00:00","dateModified":"2025-12-05T11:32:17+00:00","description":"Reikia universalaus stovo intensyviai treniruotei? B8 treniruo\u010di\u0173 stovas padeda atlikti stabiliai atliekamus j\u0117gos ir j\u0117gos pratimus, tinkamus nam\u0173 ar komercin\u0117ms sporto sal\u0117ms.","breadcrumb":{"@id":"https:\/\/gymfactory.eu\/lt\/produktas\/b8-treniruociu-stovas\/#breadcrumb"},"inLanguage":"lt-LT","potentialAction":[{"@type":"ReadAction","target":["https:\/\/gymfactory.eu\/lt\/produktas\/b8-treniruociu-stovas\/"]}]},{"@type":"ImageObject","inLanguage":"lt-LT","@id":"https:\/\/gymfactory.eu\/lt\/produktas\/b8-treniruociu-stovas\/#primaryimage","url":"https:\/\/gymfactory.eu\/wp-content\/uploads\/2025\/02\/power-rack-black-frame-best-squat-rack.webp","contentUrl":"https:\/\/gymfactory.eu\/wp-content\/uploads\/2025\/02\/power-rack-black-frame-best-squat-rack.webp","width":1500,"height":1500,"caption":"Visas vaizdas \u012f juod\u0105 j\u0117gos stov\u0105, skirt\u0105 j\u0117gos treniruot\u0117ms, su reguliuojamomis apsaugin\u0117mis grotel\u0117mis, svori\u0173 plok\u0161teli\u0173 laikymo vieta ir keli\u0173 ranken\u0173 i\u0161traukimo juosta, tod\u0117l tai yra geriausias prit\u016bpim\u0173 stovo pasirinkimas."},{"@type":"BreadcrumbList","@id":"https:\/\/gymfactory.eu\/lt\/produktas\/b8-treniruociu-stovas\/#breadcrumb","itemListElement":[{"@type":"ListItem","position":1,"name":"Pagrindinis","item":"https:\/\/gymfactory.eu\/lt\/"},{"@type":"ListItem","position":2,"name":"Katalogas","item":"https:\/\/gymfactory.eu\/lt\/katalogas\/"},{"@type":"ListItem","position":3,"name":"B8 J\u0117gos stovas"}]},{"@type":"WebSite","@id":"https:\/\/gymfactory.eu\/lt\/#website","url":"https:\/\/gymfactory.eu\/lt\/","name":"Gym Factory","description":"","publisher":{"@id":"https:\/\/gymfactory.eu\/lt\/#organization"},"potentialAction":[{"@type":"SearchAction","target":{"@type":"EntryPoint","urlTemplate":"https:\/\/gymfactory.eu\/lt\/?s={search_term_string}"},"query-input":{"@type":"PropertyValueSpecification","valueRequired":true,"valueName":"search_term_string"}}],"inLanguage":"lt-LT"},{"@type":"Organization","@id":"https:\/\/gymfactory.eu\/lt\/#organization","name":"Sporto sal\u0117s gamykla","url":"https:\/\/gymfactory.eu\/lt\/","logo":{"@type":"ImageObject","inLanguage":"lt-LT","@id":"https:\/\/gymfactory.eu\/lt\/#\/schema\/logo\/image\/","url":"https:\/\/gymfactory.eu\/wp-content\/uploads\/2024\/11\/Component-1.svg","contentUrl":"https:\/\/gymfactory.eu\/wp-content\/uploads\/2024\/11\/Component-1.svg","width":54,"height":44,"caption":"Sporto sal\u0117s gamykla"},"image":{"@id":"https:\/\/gymfactory.eu\/lt\/#\/schema\/logo\/image\/"}}]}},"_links":{"self":[{"href":"https:\/\/gymfactory.eu\/lt\/wp-json\/wp\/v2\/product\/9992","targetHints":{"allow":["GET"]}}],"collection":[{"href":"https:\/\/gymfactory.eu\/lt\/wp-json\/wp\/v2\/product"}],"about":[{"href":"https:\/\/gymfactory.eu\/lt\/wp-json\/wp\/v2\/types\/product"}],"wp:featuredmedia":[{"embeddable":true,"href":"https:\/\/gymfactory.eu\/lt\/wp-json\/wp\/v2\/media\/8800"}],"wp:attachment":[{"href":"https:\/\/gymfactory.eu\/lt\/wp-json\/wp\/v2\/media?parent=9992"}],"wp:term":[{"taxonomy":"product_brand","embeddable":true,"href":"https:\/\/gymfactory.eu\/lt\/wp-json\/wp\/v2\/product_brand?post=9992"},{"taxonomy":"product_cat","embeddable":true,"href":"https:\/\/gymfactory.eu\/lt\/wp-json\/wp\/v2\/product_cat?post=9992"},{"taxonomy":"product_tag","embeddable":true,"href":"https:\/\/gymfactory.eu\/lt\/wp-json\/wp\/v2\/product_tag?post=9992"}],"curies":[{"name":"wp","href":"https:\/\/api.w.org\/{rel}","templated":true}]}}