{"id":9988,"date":"2025-02-12T15:22:59","date_gmt":"2025-02-12T13:22:59","guid":{"rendered":"https:\/\/gymfactory.eu\/product\/b1-pritupimu-stovas\/"},"modified":"2025-11-20T13:30:02","modified_gmt":"2025-11-20T11:30:02","slug":"b1-pritupimu-stovas","status":"publish","type":"product","link":"https:\/\/gymfactory.eu\/lt\/produktas\/b1-pritupimu-stovas\/","title":{"rendered":"B1 Prit\u016bpim\u0173 stovas"},"content":{"rendered":"<p>B1 Prit\u016bpim\u0173 stovas \u2013 tai tvirtas j\u0117gos stovas, skirtas treniruot\u0117ms su laisvaisiais svoriais nam\u0173 ar profesionalioje sporto sal\u0117je. Universalus sprendimas j\u0117gos treniruot\u0117ms, leid\u017eiantis efektyviai lavinti tiek apatinius, tiek vir\u0161utinius k\u016bno raumenis.<\/p>\n<p>Stovas pritaikytas prit\u016bpimams, spaudimams vir\u0161 galvos, spaudimams su suoliuku (naudojant atskir\u0105 suoliuk\u0105) ir nusilenkimams su \u0161tanga. Konstrukcija turi kelias \u0161tangos laikikli\u0173 pozicijas, \u012fskaitant \u017eem\u0105 pad\u0117t\u012f \u2013 patogu atlikti mirties trauk\u0105 ar kitus traukos tipo pratimus. \u0160oniniai profiliai taip pat veikia kaip apsaugin\u0117s atramos, u\u017etikrinan\u010dios saugum\u0105 atliekant pakartojimus vienam.<\/p>\n<p>Norint maksimaliai i\u0161naudoti \u0161\u012f stov\u0105, rekomenduojame prid\u0117ti suderinam\u0105 \u0161tang\u0105 \u2013 pavyzd\u017eiui, <a href=\"https:\/\/gymfactory.eu\/lt\/produktas\/z03g1-olimpine-stanga\/\" target=\"_blank\" rel=\"noopener\">Z03G1 olimpin\u012f grif\u0105<\/a> arba <a href=\"https:\/\/gymfactory.eu\/lt\/produktas\/z03g-olimpine-stanga\/\" target=\"_blank\" rel=\"noopener\">Z03G olimpin\u012f grif\u0105<\/a>.<\/p>\n\n    <div class=\"xs_social_share_widget xs_share_url after_content \t\tmain_content  wslu-style-1 wslu-share-box-shaped wslu-fill-colored wslu-none wslu-share-horizontal wslu-theme-font-no wslu-main_content\">\n\n\t\t\n        <ul>\n\t\t\t        <\/ul>\n    <\/div> \n","protected":false},"excerpt":{"rendered":"<p>B1 Prit\u016bpim\u0173 stovas \u2013 tai tvirtas j\u0117gos stovas, skirtas treniruot\u0117ms su laisvaisiais svoriais nam\u0173 ar profesionalioje sporto sal\u0117je. Universalus sprendimas j\u0117gos treniruot\u0117ms, leid\u017eiantis efektyviai lavinti tiek apatinius, tiek vir\u0161utinius k\u016bno raumenis. Stovas pritaikytas prit\u016bpimams, spaudimams vir\u0161 galvos, spaudimams su suoliuku (naudojant atskir\u0105 suoliuk\u0105) ir nusilenkimams su \u0161tanga. Konstrukcija turi kelias \u0161tangos laikikli\u0173 pozicijas, \u012fskaitant \u017eem\u0105 [&hellip;]<\/p>\n","protected":false},"featured_media":9068,"template":"","meta":{"_acf_changed":false},"product_brand":[817],"product_cat":[435],"product_tag":[415],"class_list":{"0":"post-9988","1":"product","2":"type-product","3":"status-publish","4":"has-post-thumbnail","6":"product_brand-gym-factory-lt","7":"product_cat-stovai","8":"product_tag-spalva-tik-metaline","10":"first","11":"onbackorder","12":"taxable","13":"shipping-taxable","14":"purchasable","15":"product-type-variable","16":"has-default-attributes"},"acf":[],"yoast_head":"<!-- This site is optimized with the Yoast SEO plugin v25.2 - https:\/\/yoast.com\/wordpress\/plugins\/seo\/ -->\n<title>B1 Squat Rack | Sporto sal\u0117s \u012franga j\u0117gos treniruot\u0117ms<\/title>\n<meta name=\"description\" content=\"Kuriate j\u0117gos s\u0105rank\u0105? B1 prit\u016bpim\u0173 stovas yra ilgaam\u017e\u0117 treniruokli\u0173 sal\u0117s \u012franga, skirta saugiems ir efektyviems prit\u016bpimams bei viso k\u016bno j\u0117gos treniruot\u0117ms.\" \/>\n<meta name=\"robots\" content=\"index, follow, max-snippet:-1, max-image-preview:large, max-video-preview:-1\" \/>\n<link rel=\"canonical\" href=\"https:\/\/gymfactory.eu\/lt\/produktas\/b1-pritupimu-stovas\/\" \/>\n<meta property=\"og:locale\" content=\"lt_LT\" \/>\n<meta property=\"og:type\" content=\"article\" \/>\n<meta property=\"og:title\" content=\"B1 Squat Rack | Sporto sal\u0117s \u012franga j\u0117gos treniruot\u0117ms\" \/>\n<meta property=\"og:description\" content=\"Kuriate j\u0117gos s\u0105rank\u0105? B1 prit\u016bpim\u0173 stovas yra ilgaam\u017e\u0117 treniruokli\u0173 sal\u0117s \u012franga, skirta saugiems ir efektyviems prit\u016bpimams bei viso k\u016bno j\u0117gos treniruot\u0117ms.\" \/>\n<meta property=\"og:url\" content=\"https:\/\/gymfactory.eu\/lt\/produktas\/b1-pritupimu-stovas\/\" \/>\n<meta property=\"og:site_name\" content=\"Gym Factory\" \/>\n<meta property=\"article:modified_time\" content=\"2025-11-20T11:30:02+00:00\" \/>\n<meta property=\"og:image\" content=\"https:\/\/gymfactory.eu\/wp-content\/uploads\/2025\/02\/best-workout-bench-squat-rack-frame-.webp\" \/>\n\t<meta property=\"og:image:width\" content=\"1500\" \/>\n\t<meta property=\"og:image:height\" content=\"1500\" \/>\n\t<meta property=\"og:image:type\" content=\"image\/webp\" \/>\n<meta name=\"twitter:card\" content=\"summary_large_image\" \/>\n<meta name=\"twitter:label1\" content=\"Est. reading time\" \/>\n\t<meta name=\"twitter:data1\" content=\"1 minut\u0117\" \/>\n<script type=\"application\/ld+json\" class=\"yoast-schema-graph\">{\"@context\":\"https:\/\/schema.org\",\"@graph\":[{\"@type\":\"WebPage\",\"@id\":\"https:\/\/gymfactory.eu\/lt\/produktas\/b1-pritupimu-stovas\/\",\"url\":\"https:\/\/gymfactory.eu\/lt\/produktas\/b1-pritupimu-stovas\/\",\"name\":\"B1 Squat Rack | Sporto sal\u0117s \u012franga j\u0117gos treniruot\u0117ms\",\"isPartOf\":{\"@id\":\"https:\/\/gymfactory.eu\/lt\/#website\"},\"primaryImageOfPage\":{\"@id\":\"https:\/\/gymfactory.eu\/lt\/produktas\/b1-pritupimu-stovas\/#primaryimage\"},\"image\":{\"@id\":\"https:\/\/gymfactory.eu\/lt\/produktas\/b1-pritupimu-stovas\/#primaryimage\"},\"thumbnailUrl\":\"https:\/\/gymfactory.eu\/wp-content\/uploads\/2025\/02\/best-workout-bench-squat-rack-frame-.webp\",\"datePublished\":\"2025-02-12T13:22:59+00:00\",\"dateModified\":\"2025-11-20T11:30:02+00:00\",\"description\":\"Kuriate j\u0117gos s\u0105rank\u0105? B1 prit\u016bpim\u0173 stovas yra ilgaam\u017e\u0117 treniruokli\u0173 sal\u0117s \u012franga, skirta saugiems ir efektyviems prit\u016bpimams bei viso k\u016bno j\u0117gos treniruot\u0117ms.\",\"breadcrumb\":{\"@id\":\"https:\/\/gymfactory.eu\/lt\/produktas\/b1-pritupimu-stovas\/#breadcrumb\"},\"inLanguage\":\"lt-LT\",\"potentialAction\":[{\"@type\":\"ReadAction\",\"target\":[\"https:\/\/gymfactory.eu\/lt\/produktas\/b1-pritupimu-stovas\/\"]}]},{\"@type\":\"ImageObject\",\"inLanguage\":\"lt-LT\",\"@id\":\"https:\/\/gymfactory.eu\/lt\/produktas\/b1-pritupimu-stovas\/#primaryimage\",\"url\":\"https:\/\/gymfactory.eu\/wp-content\/uploads\/2025\/02\/best-workout-bench-squat-rack-frame-.webp\",\"contentUrl\":\"https:\/\/gymfactory.eu\/wp-content\/uploads\/2025\/02\/best-workout-bench-squat-rack-frame-.webp\",\"width\":1500,\"height\":1500,\"caption\":\"Geriausias prit\u016bpim\u0173 stovas su didelio atsparumo juodo plieno j\u0117gos stovu, skirtu j\u0117gos treniruot\u0117ms. Stove yra keli \u012fvairaus auk\u0161\u010dio \u0161tang\u0173 laikikliai, svori\u0173 plok\u0161\u010di\u0173 laikymo kai\u0161\u010diai ir sutvirtintas r\u0117mas, u\u017etikrinantis stabilum\u0105 ir ilgaam\u017ei\u0161kum\u0105.\"},{\"@type\":\"BreadcrumbList\",\"@id\":\"https:\/\/gymfactory.eu\/lt\/produktas\/b1-pritupimu-stovas\/#breadcrumb\",\"itemListElement\":[{\"@type\":\"ListItem\",\"position\":1,\"name\":\"Pagrindinis\",\"item\":\"https:\/\/gymfactory.eu\/lt\/\"},{\"@type\":\"ListItem\",\"position\":2,\"name\":\"Katalogas\",\"item\":\"https:\/\/gymfactory.eu\/lt\/katalogas\/\"},{\"@type\":\"ListItem\",\"position\":3,\"name\":\"B1 Prit\u016bpim\u0173 stovas\"}]},{\"@type\":\"WebSite\",\"@id\":\"https:\/\/gymfactory.eu\/lt\/#website\",\"url\":\"https:\/\/gymfactory.eu\/lt\/\",\"name\":\"Gym Factory\",\"description\":\"\",\"publisher\":{\"@id\":\"https:\/\/gymfactory.eu\/lt\/#organization\"},\"potentialAction\":[{\"@type\":\"SearchAction\",\"target\":{\"@type\":\"EntryPoint\",\"urlTemplate\":\"https:\/\/gymfactory.eu\/lt\/?s={search_term_string}\"},\"query-input\":{\"@type\":\"PropertyValueSpecification\",\"valueRequired\":true,\"valueName\":\"search_term_string\"}}],\"inLanguage\":\"lt-LT\"},{\"@type\":\"Organization\",\"@id\":\"https:\/\/gymfactory.eu\/lt\/#organization\",\"name\":\"Sporto sal\u0117s gamykla\",\"url\":\"https:\/\/gymfactory.eu\/lt\/\",\"logo\":{\"@type\":\"ImageObject\",\"inLanguage\":\"lt-LT\",\"@id\":\"https:\/\/gymfactory.eu\/lt\/#\/schema\/logo\/image\/\",\"url\":\"https:\/\/gymfactory.eu\/wp-content\/uploads\/2024\/11\/Component-1.svg\",\"contentUrl\":\"https:\/\/gymfactory.eu\/wp-content\/uploads\/2024\/11\/Component-1.svg\",\"width\":54,\"height\":44,\"caption\":\"Sporto sal\u0117s gamykla\"},\"image\":{\"@id\":\"https:\/\/gymfactory.eu\/lt\/#\/schema\/logo\/image\/\"}}]}<\/script>\n<!-- \/ Yoast SEO plugin. -->","yoast_head_json":{"title":"B1 Squat Rack | Sporto sal\u0117s \u012franga j\u0117gos treniruot\u0117ms","description":"Kuriate j\u0117gos s\u0105rank\u0105? B1 prit\u016bpim\u0173 stovas yra ilgaam\u017e\u0117 treniruokli\u0173 sal\u0117s \u012franga, skirta saugiems ir efektyviems prit\u016bpimams bei viso k\u016bno j\u0117gos treniruot\u0117ms.","robots":{"index":"index","follow":"follow","max-snippet":"max-snippet:-1","max-image-preview":"max-image-preview:large","max-video-preview":"max-video-preview:-1"},"canonical":"https:\/\/gymfactory.eu\/lt\/produktas\/b1-pritupimu-stovas\/","og_locale":"lt_LT","og_type":"article","og_title":"B1 Squat Rack | Sporto sal\u0117s \u012franga j\u0117gos treniruot\u0117ms","og_description":"Kuriate j\u0117gos s\u0105rank\u0105? B1 prit\u016bpim\u0173 stovas yra ilgaam\u017e\u0117 treniruokli\u0173 sal\u0117s \u012franga, skirta saugiems ir efektyviems prit\u016bpimams bei viso k\u016bno j\u0117gos treniruot\u0117ms.","og_url":"https:\/\/gymfactory.eu\/lt\/produktas\/b1-pritupimu-stovas\/","og_site_name":"Gym Factory","article_modified_time":"2025-11-20T11:30:02+00:00","og_image":[{"width":1500,"height":1500,"url":"https:\/\/gymfactory.eu\/wp-content\/uploads\/2025\/02\/best-workout-bench-squat-rack-frame-.webp","type":"image\/webp"}],"twitter_card":"summary_large_image","twitter_misc":{"Est. reading time":"1 minut\u0117"},"schema":{"@context":"https:\/\/schema.org","@graph":[{"@type":"WebPage","@id":"https:\/\/gymfactory.eu\/lt\/produktas\/b1-pritupimu-stovas\/","url":"https:\/\/gymfactory.eu\/lt\/produktas\/b1-pritupimu-stovas\/","name":"B1 Squat Rack | Sporto sal\u0117s \u012franga j\u0117gos treniruot\u0117ms","isPartOf":{"@id":"https:\/\/gymfactory.eu\/lt\/#website"},"primaryImageOfPage":{"@id":"https:\/\/gymfactory.eu\/lt\/produktas\/b1-pritupimu-stovas\/#primaryimage"},"image":{"@id":"https:\/\/gymfactory.eu\/lt\/produktas\/b1-pritupimu-stovas\/#primaryimage"},"thumbnailUrl":"https:\/\/gymfactory.eu\/wp-content\/uploads\/2025\/02\/best-workout-bench-squat-rack-frame-.webp","datePublished":"2025-02-12T13:22:59+00:00","dateModified":"2025-11-20T11:30:02+00:00","description":"Kuriate j\u0117gos s\u0105rank\u0105? B1 prit\u016bpim\u0173 stovas yra ilgaam\u017e\u0117 treniruokli\u0173 sal\u0117s \u012franga, skirta saugiems ir efektyviems prit\u016bpimams bei viso k\u016bno j\u0117gos treniruot\u0117ms.","breadcrumb":{"@id":"https:\/\/gymfactory.eu\/lt\/produktas\/b1-pritupimu-stovas\/#breadcrumb"},"inLanguage":"lt-LT","potentialAction":[{"@type":"ReadAction","target":["https:\/\/gymfactory.eu\/lt\/produktas\/b1-pritupimu-stovas\/"]}]},{"@type":"ImageObject","inLanguage":"lt-LT","@id":"https:\/\/gymfactory.eu\/lt\/produktas\/b1-pritupimu-stovas\/#primaryimage","url":"https:\/\/gymfactory.eu\/wp-content\/uploads\/2025\/02\/best-workout-bench-squat-rack-frame-.webp","contentUrl":"https:\/\/gymfactory.eu\/wp-content\/uploads\/2025\/02\/best-workout-bench-squat-rack-frame-.webp","width":1500,"height":1500,"caption":"Geriausias prit\u016bpim\u0173 stovas su didelio atsparumo juodo plieno j\u0117gos stovu, skirtu j\u0117gos treniruot\u0117ms. Stove yra keli \u012fvairaus auk\u0161\u010dio \u0161tang\u0173 laikikliai, svori\u0173 plok\u0161\u010di\u0173 laikymo kai\u0161\u010diai ir sutvirtintas r\u0117mas, u\u017etikrinantis stabilum\u0105 ir ilgaam\u017ei\u0161kum\u0105."},{"@type":"BreadcrumbList","@id":"https:\/\/gymfactory.eu\/lt\/produktas\/b1-pritupimu-stovas\/#breadcrumb","itemListElement":[{"@type":"ListItem","position":1,"name":"Pagrindinis","item":"https:\/\/gymfactory.eu\/lt\/"},{"@type":"ListItem","position":2,"name":"Katalogas","item":"https:\/\/gymfactory.eu\/lt\/katalogas\/"},{"@type":"ListItem","position":3,"name":"B1 Prit\u016bpim\u0173 stovas"}]},{"@type":"WebSite","@id":"https:\/\/gymfactory.eu\/lt\/#website","url":"https:\/\/gymfactory.eu\/lt\/","name":"Gym Factory","description":"","publisher":{"@id":"https:\/\/gymfactory.eu\/lt\/#organization"},"potentialAction":[{"@type":"SearchAction","target":{"@type":"EntryPoint","urlTemplate":"https:\/\/gymfactory.eu\/lt\/?s={search_term_string}"},"query-input":{"@type":"PropertyValueSpecification","valueRequired":true,"valueName":"search_term_string"}}],"inLanguage":"lt-LT"},{"@type":"Organization","@id":"https:\/\/gymfactory.eu\/lt\/#organization","name":"Sporto sal\u0117s gamykla","url":"https:\/\/gymfactory.eu\/lt\/","logo":{"@type":"ImageObject","inLanguage":"lt-LT","@id":"https:\/\/gymfactory.eu\/lt\/#\/schema\/logo\/image\/","url":"https:\/\/gymfactory.eu\/wp-content\/uploads\/2024\/11\/Component-1.svg","contentUrl":"https:\/\/gymfactory.eu\/wp-content\/uploads\/2024\/11\/Component-1.svg","width":54,"height":44,"caption":"Sporto sal\u0117s gamykla"},"image":{"@id":"https:\/\/gymfactory.eu\/lt\/#\/schema\/logo\/image\/"}}]}},"_links":{"self":[{"href":"https:\/\/gymfactory.eu\/lt\/wp-json\/wp\/v2\/product\/9988","targetHints":{"allow":["GET"]}}],"collection":[{"href":"https:\/\/gymfactory.eu\/lt\/wp-json\/wp\/v2\/product"}],"about":[{"href":"https:\/\/gymfactory.eu\/lt\/wp-json\/wp\/v2\/types\/product"}],"wp:featuredmedia":[{"embeddable":true,"href":"https:\/\/gymfactory.eu\/lt\/wp-json\/wp\/v2\/media\/9068"}],"wp:attachment":[{"href":"https:\/\/gymfactory.eu\/lt\/wp-json\/wp\/v2\/media?parent=9988"}],"wp:term":[{"taxonomy":"product_brand","embeddable":true,"href":"https:\/\/gymfactory.eu\/lt\/wp-json\/wp\/v2\/product_brand?post=9988"},{"taxonomy":"product_cat","embeddable":true,"href":"https:\/\/gymfactory.eu\/lt\/wp-json\/wp\/v2\/product_cat?post=9988"},{"taxonomy":"product_tag","embeddable":true,"href":"https:\/\/gymfactory.eu\/lt\/wp-json\/wp\/v2\/product_tag?post=9988"}],"curies":[{"name":"wp","href":"https:\/\/api.w.org\/{rel}","templated":true}]}}