{"id":9987,"date":"2025-02-12T15:00:03","date_gmt":"2025-02-12T13:00:03","guid":{"rendered":"https:\/\/gymfactory.eu\/product\/tg-2xxx-dirzelis-z16xx-treniruokliui\/"},"modified":"2025-09-09T15:56:17","modified_gmt":"2025-09-09T12:56:17","slug":"tg-2xxx-dirzelis-z16xx-treniruokliui","status":"publish","type":"product","link":"https:\/\/gymfactory.eu\/lt\/produktas\/tg-2xxx-dirzelis-z16xx-treniruokliui\/","title":{"rendered":"TG\u20132XXX Reguliuojamas dir\u017eas"},"content":{"rendered":"<p>TG\u20132XXX reguliuojamas dir\u017eas \u2013 tvirtas, specialiai sukurtas naudoti su <a href=\"https:\/\/gymfactory.eu\/lt\/produktas\/z16xx-glute-drive-masina\/\" target=\"_blank\" rel=\"noopener\">Z16XX s\u0117dmen\u0173 treniruokliu<\/a>. Dir\u017eas turi reguliuojam\u0105 sagt\u012f, leid\u017eian\u010di\u0105 pritaikyti ilg\u012f pagal vartotojo poreikius. Abiejuose galuose yra metalin\u0117s plok\u0161tel\u0117s su integruotomis kilpomis, kurios u\u017etikrina patikim\u0105 tvirtinim\u0105 prie treniruoklio. Tokia jungtis suteikia judesi\u0173 laisv\u0119, tod\u0117l dir\u017eas gerai prisitaiko prie k\u016bno formos, u\u017etikrindamas patogum\u0105 ir efektyvesn\u012f pratimo atlikim\u0105.<\/p>\n\n    <div class=\"xs_social_share_widget xs_share_url after_content \t\tmain_content  wslu-style-1 wslu-share-box-shaped wslu-fill-colored wslu-none wslu-share-horizontal wslu-theme-font-no wslu-main_content\">\n\n\t\t\n        <ul>\n\t\t\t        <\/ul>\n    <\/div> \n","protected":false},"excerpt":{"rendered":"<p>TG\u20132XXX reguliuojamas dir\u017eas \u2013 tvirtas, specialiai sukurtas naudoti su Z16XX s\u0117dmen\u0173 treniruokliu. Dir\u017eas turi reguliuojam\u0105 sagt\u012f, leid\u017eian\u010di\u0105 pritaikyti ilg\u012f pagal vartotojo poreikius. Abiejuose galuose yra metalin\u0117s plok\u0161tel\u0117s su integruotomis kilpomis, kurios u\u017etikrina patikim\u0105 tvirtinim\u0105 prie treniruoklio. Tokia jungtis suteikia judesi\u0173 laisv\u0119, tod\u0117l dir\u017eas gerai prisitaiko prie k\u016bno formos, u\u017etikrindamas patogum\u0105 ir efektyvesn\u012f pratimo atlikim\u0105.<\/p>\n","protected":false},"featured_media":7995,"template":"","meta":{"_acf_changed":false},"product_brand":[56],"product_cat":[392],"product_tag":[],"class_list":{"0":"post-9987","1":"product","2":"type-product","3":"status-publish","4":"has-post-thumbnail","6":"product_brand-gym-factory","7":"product_cat-atsargines-dalys","9":"first","10":"onbackorder","11":"taxable","12":"shipping-taxable","13":"purchasable","14":"product-type-simple"},"acf":[],"yoast_head":"<!-- This site is optimized with the Yoast SEO plugin v25.2 - https:\/\/yoast.com\/wordpress\/plugins\/seo\/ -->\n<title>TG-2XXX dir\u017eelis - b\u016btina Z16XX sporto sal\u0117s atsargin\u0117 dalis<\/title>\n<meta name=\"description\" content=\"TG-2XXX dir\u017eelis yra patvari sporto sal\u0117s atsargin\u0117 dalis, skirta Z16XX treniruokli\u0173 dalims, u\u017etikrinanti saug\u0173 veikim\u0105 ir ilgalaik\u012f patikimum\u0105.\" \/>\n<meta name=\"robots\" content=\"index, follow, max-snippet:-1, max-image-preview:large, max-video-preview:-1\" \/>\n<link rel=\"canonical\" href=\"https:\/\/gymfactory.eu\/lt\/produktas\/tg-2xxx-dirzelis-z16xx-treniruokliui\/\" \/>\n<meta property=\"og:locale\" content=\"lt_LT\" \/>\n<meta property=\"og:type\" content=\"article\" \/>\n<meta property=\"og:title\" content=\"TG-2XXX dir\u017eelis - b\u016btina Z16XX sporto sal\u0117s atsargin\u0117 dalis\" \/>\n<meta property=\"og:description\" content=\"TG-2XXX dir\u017eelis yra patvari sporto sal\u0117s atsargin\u0117 dalis, skirta Z16XX treniruokli\u0173 dalims, u\u017etikrinanti saug\u0173 veikim\u0105 ir ilgalaik\u012f patikimum\u0105.\" \/>\n<meta property=\"og:url\" content=\"https:\/\/gymfactory.eu\/lt\/produktas\/tg-2xxx-dirzelis-z16xx-treniruokliui\/\" \/>\n<meta property=\"og:site_name\" content=\"Gym Factory\" \/>\n<meta property=\"article:modified_time\" content=\"2025-09-09T12:56:17+00:00\" \/>\n<meta property=\"og:image\" content=\"https:\/\/gymfactory.eu\/wp-content\/uploads\/2025\/02\/Z24-3.jpg\" \/>\n\t<meta property=\"og:image:width\" content=\"2000\" \/>\n\t<meta property=\"og:image:height\" content=\"2000\" \/>\n\t<meta property=\"og:image:type\" content=\"image\/jpeg\" \/>\n<meta name=\"twitter:card\" content=\"summary_large_image\" \/>\n<meta name=\"twitter:label1\" content=\"Est. reading time\" \/>\n\t<meta name=\"twitter:data1\" content=\"1 minut\u0117\" \/>\n<script type=\"application\/ld+json\" class=\"yoast-schema-graph\">{\"@context\":\"https:\/\/schema.org\",\"@graph\":[{\"@type\":\"WebPage\",\"@id\":\"https:\/\/gymfactory.eu\/lt\/produktas\/tg-2xxx-dirzelis-z16xx-treniruokliui\/\",\"url\":\"https:\/\/gymfactory.eu\/lt\/produktas\/tg-2xxx-dirzelis-z16xx-treniruokliui\/\",\"name\":\"TG-2XXX dir\u017eelis - b\u016btina Z16XX sporto sal\u0117s atsargin\u0117 dalis\",\"isPartOf\":{\"@id\":\"https:\/\/gymfactory.eu\/lt\/#website\"},\"primaryImageOfPage\":{\"@id\":\"https:\/\/gymfactory.eu\/lt\/produktas\/tg-2xxx-dirzelis-z16xx-treniruokliui\/#primaryimage\"},\"image\":{\"@id\":\"https:\/\/gymfactory.eu\/lt\/produktas\/tg-2xxx-dirzelis-z16xx-treniruokliui\/#primaryimage\"},\"thumbnailUrl\":\"https:\/\/gymfactory.eu\/wp-content\/uploads\/2025\/02\/Z24-3.jpg\",\"datePublished\":\"2025-02-12T13:00:03+00:00\",\"dateModified\":\"2025-09-09T12:56:17+00:00\",\"description\":\"TG-2XXX dir\u017eelis yra patvari sporto sal\u0117s atsargin\u0117 dalis, skirta Z16XX treniruokli\u0173 dalims, u\u017etikrinanti saug\u0173 veikim\u0105 ir ilgalaik\u012f patikimum\u0105.\",\"breadcrumb\":{\"@id\":\"https:\/\/gymfactory.eu\/lt\/produktas\/tg-2xxx-dirzelis-z16xx-treniruokliui\/#breadcrumb\"},\"inLanguage\":\"lt-LT\",\"potentialAction\":[{\"@type\":\"ReadAction\",\"target\":[\"https:\/\/gymfactory.eu\/lt\/produktas\/tg-2xxx-dirzelis-z16xx-treniruokliui\/\"]}]},{\"@type\":\"ImageObject\",\"inLanguage\":\"lt-LT\",\"@id\":\"https:\/\/gymfactory.eu\/lt\/produktas\/tg-2xxx-dirzelis-z16xx-treniruokliui\/#primaryimage\",\"url\":\"https:\/\/gymfactory.eu\/wp-content\/uploads\/2025\/02\/Z24-3.jpg\",\"contentUrl\":\"https:\/\/gymfactory.eu\/wp-content\/uploads\/2025\/02\/Z24-3.jpg\",\"width\":2000,\"height\":2000},{\"@type\":\"BreadcrumbList\",\"@id\":\"https:\/\/gymfactory.eu\/lt\/produktas\/tg-2xxx-dirzelis-z16xx-treniruokliui\/#breadcrumb\",\"itemListElement\":[{\"@type\":\"ListItem\",\"position\":1,\"name\":\"Pagrindinis\",\"item\":\"https:\/\/gymfactory.eu\/lt\/\"},{\"@type\":\"ListItem\",\"position\":2,\"name\":\"Katalogas\",\"item\":\"https:\/\/gymfactory.eu\/lt\/katalogas\/\"},{\"@type\":\"ListItem\",\"position\":3,\"name\":\"TG\u20132XXX Reguliuojamas dir\u017eas\"}]},{\"@type\":\"WebSite\",\"@id\":\"https:\/\/gymfactory.eu\/lt\/#website\",\"url\":\"https:\/\/gymfactory.eu\/lt\/\",\"name\":\"Gym Factory\",\"description\":\"\",\"publisher\":{\"@id\":\"https:\/\/gymfactory.eu\/lt\/#organization\"},\"potentialAction\":[{\"@type\":\"SearchAction\",\"target\":{\"@type\":\"EntryPoint\",\"urlTemplate\":\"https:\/\/gymfactory.eu\/lt\/?s={search_term_string}\"},\"query-input\":{\"@type\":\"PropertyValueSpecification\",\"valueRequired\":true,\"valueName\":\"search_term_string\"}}],\"inLanguage\":\"lt-LT\"},{\"@type\":\"Organization\",\"@id\":\"https:\/\/gymfactory.eu\/lt\/#organization\",\"name\":\"Sporto sal\u0117s gamykla\",\"url\":\"https:\/\/gymfactory.eu\/lt\/\",\"logo\":{\"@type\":\"ImageObject\",\"inLanguage\":\"lt-LT\",\"@id\":\"https:\/\/gymfactory.eu\/lt\/#\/schema\/logo\/image\/\",\"url\":\"https:\/\/gymfactory.eu\/wp-content\/uploads\/2024\/11\/Component-1.svg\",\"contentUrl\":\"https:\/\/gymfactory.eu\/wp-content\/uploads\/2024\/11\/Component-1.svg\",\"width\":54,\"height\":44,\"caption\":\"Sporto sal\u0117s gamykla\"},\"image\":{\"@id\":\"https:\/\/gymfactory.eu\/lt\/#\/schema\/logo\/image\/\"}}]}<\/script>\n<!-- \/ Yoast SEO plugin. -->","yoast_head_json":{"title":"TG-2XXX dir\u017eelis - b\u016btina Z16XX sporto sal\u0117s atsargin\u0117 dalis","description":"TG-2XXX dir\u017eelis yra patvari sporto sal\u0117s atsargin\u0117 dalis, skirta Z16XX treniruokli\u0173 dalims, u\u017etikrinanti saug\u0173 veikim\u0105 ir ilgalaik\u012f patikimum\u0105.","robots":{"index":"index","follow":"follow","max-snippet":"max-snippet:-1","max-image-preview":"max-image-preview:large","max-video-preview":"max-video-preview:-1"},"canonical":"https:\/\/gymfactory.eu\/lt\/produktas\/tg-2xxx-dirzelis-z16xx-treniruokliui\/","og_locale":"lt_LT","og_type":"article","og_title":"TG-2XXX dir\u017eelis - b\u016btina Z16XX sporto sal\u0117s atsargin\u0117 dalis","og_description":"TG-2XXX dir\u017eelis yra patvari sporto sal\u0117s atsargin\u0117 dalis, skirta Z16XX treniruokli\u0173 dalims, u\u017etikrinanti saug\u0173 veikim\u0105 ir ilgalaik\u012f patikimum\u0105.","og_url":"https:\/\/gymfactory.eu\/lt\/produktas\/tg-2xxx-dirzelis-z16xx-treniruokliui\/","og_site_name":"Gym Factory","article_modified_time":"2025-09-09T12:56:17+00:00","og_image":[{"width":2000,"height":2000,"url":"https:\/\/gymfactory.eu\/wp-content\/uploads\/2025\/02\/Z24-3.jpg","type":"image\/jpeg"}],"twitter_card":"summary_large_image","twitter_misc":{"Est. reading time":"1 minut\u0117"},"schema":{"@context":"https:\/\/schema.org","@graph":[{"@type":"WebPage","@id":"https:\/\/gymfactory.eu\/lt\/produktas\/tg-2xxx-dirzelis-z16xx-treniruokliui\/","url":"https:\/\/gymfactory.eu\/lt\/produktas\/tg-2xxx-dirzelis-z16xx-treniruokliui\/","name":"TG-2XXX dir\u017eelis - b\u016btina Z16XX sporto sal\u0117s atsargin\u0117 dalis","isPartOf":{"@id":"https:\/\/gymfactory.eu\/lt\/#website"},"primaryImageOfPage":{"@id":"https:\/\/gymfactory.eu\/lt\/produktas\/tg-2xxx-dirzelis-z16xx-treniruokliui\/#primaryimage"},"image":{"@id":"https:\/\/gymfactory.eu\/lt\/produktas\/tg-2xxx-dirzelis-z16xx-treniruokliui\/#primaryimage"},"thumbnailUrl":"https:\/\/gymfactory.eu\/wp-content\/uploads\/2025\/02\/Z24-3.jpg","datePublished":"2025-02-12T13:00:03+00:00","dateModified":"2025-09-09T12:56:17+00:00","description":"TG-2XXX dir\u017eelis yra patvari sporto sal\u0117s atsargin\u0117 dalis, skirta Z16XX treniruokli\u0173 dalims, u\u017etikrinanti saug\u0173 veikim\u0105 ir ilgalaik\u012f patikimum\u0105.","breadcrumb":{"@id":"https:\/\/gymfactory.eu\/lt\/produktas\/tg-2xxx-dirzelis-z16xx-treniruokliui\/#breadcrumb"},"inLanguage":"lt-LT","potentialAction":[{"@type":"ReadAction","target":["https:\/\/gymfactory.eu\/lt\/produktas\/tg-2xxx-dirzelis-z16xx-treniruokliui\/"]}]},{"@type":"ImageObject","inLanguage":"lt-LT","@id":"https:\/\/gymfactory.eu\/lt\/produktas\/tg-2xxx-dirzelis-z16xx-treniruokliui\/#primaryimage","url":"https:\/\/gymfactory.eu\/wp-content\/uploads\/2025\/02\/Z24-3.jpg","contentUrl":"https:\/\/gymfactory.eu\/wp-content\/uploads\/2025\/02\/Z24-3.jpg","width":2000,"height":2000},{"@type":"BreadcrumbList","@id":"https:\/\/gymfactory.eu\/lt\/produktas\/tg-2xxx-dirzelis-z16xx-treniruokliui\/#breadcrumb","itemListElement":[{"@type":"ListItem","position":1,"name":"Pagrindinis","item":"https:\/\/gymfactory.eu\/lt\/"},{"@type":"ListItem","position":2,"name":"Katalogas","item":"https:\/\/gymfactory.eu\/lt\/katalogas\/"},{"@type":"ListItem","position":3,"name":"TG\u20132XXX Reguliuojamas dir\u017eas"}]},{"@type":"WebSite","@id":"https:\/\/gymfactory.eu\/lt\/#website","url":"https:\/\/gymfactory.eu\/lt\/","name":"Gym Factory","description":"","publisher":{"@id":"https:\/\/gymfactory.eu\/lt\/#organization"},"potentialAction":[{"@type":"SearchAction","target":{"@type":"EntryPoint","urlTemplate":"https:\/\/gymfactory.eu\/lt\/?s={search_term_string}"},"query-input":{"@type":"PropertyValueSpecification","valueRequired":true,"valueName":"search_term_string"}}],"inLanguage":"lt-LT"},{"@type":"Organization","@id":"https:\/\/gymfactory.eu\/lt\/#organization","name":"Sporto sal\u0117s gamykla","url":"https:\/\/gymfactory.eu\/lt\/","logo":{"@type":"ImageObject","inLanguage":"lt-LT","@id":"https:\/\/gymfactory.eu\/lt\/#\/schema\/logo\/image\/","url":"https:\/\/gymfactory.eu\/wp-content\/uploads\/2024\/11\/Component-1.svg","contentUrl":"https:\/\/gymfactory.eu\/wp-content\/uploads\/2024\/11\/Component-1.svg","width":54,"height":44,"caption":"Sporto sal\u0117s gamykla"},"image":{"@id":"https:\/\/gymfactory.eu\/lt\/#\/schema\/logo\/image\/"}}]}},"_links":{"self":[{"href":"https:\/\/gymfactory.eu\/lt\/wp-json\/wp\/v2\/product\/9987","targetHints":{"allow":["GET"]}}],"collection":[{"href":"https:\/\/gymfactory.eu\/lt\/wp-json\/wp\/v2\/product"}],"about":[{"href":"https:\/\/gymfactory.eu\/lt\/wp-json\/wp\/v2\/types\/product"}],"wp:featuredmedia":[{"embeddable":true,"href":"https:\/\/gymfactory.eu\/lt\/wp-json\/wp\/v2\/media\/7995"}],"wp:attachment":[{"href":"https:\/\/gymfactory.eu\/lt\/wp-json\/wp\/v2\/media?parent=9987"}],"wp:term":[{"taxonomy":"product_brand","embeddable":true,"href":"https:\/\/gymfactory.eu\/lt\/wp-json\/wp\/v2\/product_brand?post=9987"},{"taxonomy":"product_cat","embeddable":true,"href":"https:\/\/gymfactory.eu\/lt\/wp-json\/wp\/v2\/product_cat?post=9987"},{"taxonomy":"product_tag","embeddable":true,"href":"https:\/\/gymfactory.eu\/lt\/wp-json\/wp\/v2\/product_tag?post=9987"}],"curies":[{"name":"wp","href":"https:\/\/api.w.org\/{rel}","templated":true}]}}