{"id":9985,"date":"2025-02-12T15:00:03","date_gmt":"2025-02-12T13:00:03","guid":{"rendered":"https:\/\/gymfactory.eu\/product\/hff03-svorio-bloko-kaistis\/"},"modified":"2025-09-10T11:07:42","modified_gmt":"2025-09-10T08:07:42","slug":"hff03-svorio-bloko-kaistis","status":"publish","type":"product","link":"https:\/\/gymfactory.eu\/lt\/produktas\/hff03-svorio-bloko-kaistis\/","title":{"rendered":"HFF03 Magnetinis svori\u0173 bloko kai\u0161tis"},"content":{"rendered":"<p data-start=\"0\" data-end=\"24\">HFF03 magnetinis svori\u0173 blok\u0173 kai\u0161tis \u2013 100 mm ilgio ir 10 mm skersmens plienin\u0117 detal\u0117, skirta svori\u0173 pasirinkimui treniruokliuose su svori\u0173 blokais. \u012estatomas \u012f standartines svorio bloko skyles ir u\u017etikrina stabil\u0173 bei patikim\u0105 fiksavim\u0105 treniruot\u0117s metu.<\/p>\n\n    <div class=\"xs_social_share_widget xs_share_url after_content \t\tmain_content  wslu-style-1 wslu-share-box-shaped wslu-fill-colored wslu-none wslu-share-horizontal wslu-theme-font-no wslu-main_content\">\n\n\t\t\n        <ul>\n\t\t\t        <\/ul>\n    <\/div> \n","protected":false},"excerpt":{"rendered":"<p>HFF03 magnetinis svori\u0173 blok\u0173 kai\u0161tis \u2013 100 mm ilgio ir 10 mm skersmens plienin\u0117 detal\u0117, skirta svori\u0173 pasirinkimui treniruokliuose su svori\u0173 blokais. \u012estatomas \u012f standartines svorio bloko skyles ir u\u017etikrina stabil\u0173 bei patikim\u0105 fiksavim\u0105 treniruot\u0117s metu.<\/p>\n","protected":false},"featured_media":7999,"template":"","meta":{"_acf_changed":false},"product_brand":[56],"product_cat":[392],"product_tag":[],"class_list":{"0":"post-9985","1":"product","2":"type-product","3":"status-publish","4":"has-post-thumbnail","6":"product_brand-gym-factory","7":"product_cat-atsargines-dalys","9":"first","10":"onbackorder","11":"taxable","12":"shipping-taxable","13":"purchasable","14":"product-type-simple"},"acf":[],"yoast_head":"<!-- This site is optimized with the Yoast SEO plugin v25.2 - https:\/\/yoast.com\/wordpress\/plugins\/seo\/ -->\n<title>HFF03 Svorio bloko kai\u0161tis - saugus svorio kr\u016bvos kai\u0161tis<\/title>\n<meta name=\"description\" content=\"HFF03 svori\u0173 bloko kai\u0161tis yra patvarus svori\u0173 kr\u016bvos kai\u0161tis, skirtas sporto ma\u0161in\u0173 dalims, kad b\u016bt\u0173 u\u017etikrintas stabilumas, saugumas ir sklandus veikimas.\" \/>\n<meta name=\"robots\" content=\"index, follow, max-snippet:-1, max-image-preview:large, max-video-preview:-1\" \/>\n<link rel=\"canonical\" href=\"https:\/\/gymfactory.eu\/lt\/produktas\/hff03-svorio-bloko-kaistis\/\" \/>\n<meta property=\"og:locale\" content=\"lt_LT\" \/>\n<meta property=\"og:type\" content=\"article\" \/>\n<meta property=\"og:title\" content=\"HFF03 Svorio bloko kai\u0161tis - saugus svorio kr\u016bvos kai\u0161tis\" \/>\n<meta property=\"og:description\" content=\"HFF03 svori\u0173 bloko kai\u0161tis yra patvarus svori\u0173 kr\u016bvos kai\u0161tis, skirtas sporto ma\u0161in\u0173 dalims, kad b\u016bt\u0173 u\u017etikrintas stabilumas, saugumas ir sklandus veikimas.\" \/>\n<meta property=\"og:url\" content=\"https:\/\/gymfactory.eu\/lt\/produktas\/hff03-svorio-bloko-kaistis\/\" \/>\n<meta property=\"og:site_name\" content=\"Gym Factory\" \/>\n<meta property=\"article:modified_time\" content=\"2025-09-10T08:07:42+00:00\" \/>\n<meta property=\"og:image\" content=\"https:\/\/gymfactory.eu\/wp-content\/uploads\/2025\/02\/111111.jpg\" \/>\n\t<meta property=\"og:image:width\" content=\"1000\" \/>\n\t<meta property=\"og:image:height\" content=\"1000\" \/>\n\t<meta property=\"og:image:type\" content=\"image\/jpeg\" \/>\n<meta name=\"twitter:card\" content=\"summary_large_image\" \/>\n<meta name=\"twitter:label1\" content=\"Est. reading time\" \/>\n\t<meta name=\"twitter:data1\" content=\"1 minut\u0117\" \/>\n<script type=\"application\/ld+json\" class=\"yoast-schema-graph\">{\"@context\":\"https:\/\/schema.org\",\"@graph\":[{\"@type\":\"WebPage\",\"@id\":\"https:\/\/gymfactory.eu\/lt\/produktas\/hff03-svorio-bloko-kaistis\/\",\"url\":\"https:\/\/gymfactory.eu\/lt\/produktas\/hff03-svorio-bloko-kaistis\/\",\"name\":\"HFF03 Svorio bloko kai\u0161tis - saugus svorio kr\u016bvos kai\u0161tis\",\"isPartOf\":{\"@id\":\"https:\/\/gymfactory.eu\/lt\/#website\"},\"primaryImageOfPage\":{\"@id\":\"https:\/\/gymfactory.eu\/lt\/produktas\/hff03-svorio-bloko-kaistis\/#primaryimage\"},\"image\":{\"@id\":\"https:\/\/gymfactory.eu\/lt\/produktas\/hff03-svorio-bloko-kaistis\/#primaryimage\"},\"thumbnailUrl\":\"https:\/\/gymfactory.eu\/wp-content\/uploads\/2025\/02\/111111.jpg\",\"datePublished\":\"2025-02-12T13:00:03+00:00\",\"dateModified\":\"2025-09-10T08:07:42+00:00\",\"description\":\"HFF03 svori\u0173 bloko kai\u0161tis yra patvarus svori\u0173 kr\u016bvos kai\u0161tis, skirtas sporto ma\u0161in\u0173 dalims, kad b\u016bt\u0173 u\u017etikrintas stabilumas, saugumas ir sklandus veikimas.\",\"breadcrumb\":{\"@id\":\"https:\/\/gymfactory.eu\/lt\/produktas\/hff03-svorio-bloko-kaistis\/#breadcrumb\"},\"inLanguage\":\"lt-LT\",\"potentialAction\":[{\"@type\":\"ReadAction\",\"target\":[\"https:\/\/gymfactory.eu\/lt\/produktas\/hff03-svorio-bloko-kaistis\/\"]}]},{\"@type\":\"ImageObject\",\"inLanguage\":\"lt-LT\",\"@id\":\"https:\/\/gymfactory.eu\/lt\/produktas\/hff03-svorio-bloko-kaistis\/#primaryimage\",\"url\":\"https:\/\/gymfactory.eu\/wp-content\/uploads\/2025\/02\/111111.jpg\",\"contentUrl\":\"https:\/\/gymfactory.eu\/wp-content\/uploads\/2025\/02\/111111.jpg\",\"width\":1000,\"height\":1000},{\"@type\":\"BreadcrumbList\",\"@id\":\"https:\/\/gymfactory.eu\/lt\/produktas\/hff03-svorio-bloko-kaistis\/#breadcrumb\",\"itemListElement\":[{\"@type\":\"ListItem\",\"position\":1,\"name\":\"Pagrindinis\",\"item\":\"https:\/\/gymfactory.eu\/lt\/\"},{\"@type\":\"ListItem\",\"position\":2,\"name\":\"Katalogas\",\"item\":\"https:\/\/gymfactory.eu\/lt\/katalogas\/\"},{\"@type\":\"ListItem\",\"position\":3,\"name\":\"HFF03 Magnetinis svori\u0173 bloko kai\u0161tis\"}]},{\"@type\":\"WebSite\",\"@id\":\"https:\/\/gymfactory.eu\/lt\/#website\",\"url\":\"https:\/\/gymfactory.eu\/lt\/\",\"name\":\"Gym Factory\",\"description\":\"\",\"publisher\":{\"@id\":\"https:\/\/gymfactory.eu\/lt\/#organization\"},\"potentialAction\":[{\"@type\":\"SearchAction\",\"target\":{\"@type\":\"EntryPoint\",\"urlTemplate\":\"https:\/\/gymfactory.eu\/lt\/?s={search_term_string}\"},\"query-input\":{\"@type\":\"PropertyValueSpecification\",\"valueRequired\":true,\"valueName\":\"search_term_string\"}}],\"inLanguage\":\"lt-LT\"},{\"@type\":\"Organization\",\"@id\":\"https:\/\/gymfactory.eu\/lt\/#organization\",\"name\":\"Sporto sal\u0117s gamykla\",\"url\":\"https:\/\/gymfactory.eu\/lt\/\",\"logo\":{\"@type\":\"ImageObject\",\"inLanguage\":\"lt-LT\",\"@id\":\"https:\/\/gymfactory.eu\/lt\/#\/schema\/logo\/image\/\",\"url\":\"https:\/\/gymfactory.eu\/wp-content\/uploads\/2024\/11\/Component-1.svg\",\"contentUrl\":\"https:\/\/gymfactory.eu\/wp-content\/uploads\/2024\/11\/Component-1.svg\",\"width\":54,\"height\":44,\"caption\":\"Sporto sal\u0117s gamykla\"},\"image\":{\"@id\":\"https:\/\/gymfactory.eu\/lt\/#\/schema\/logo\/image\/\"}}]}<\/script>\n<!-- \/ Yoast SEO plugin. -->","yoast_head_json":{"title":"HFF03 Svorio bloko kai\u0161tis - saugus svorio kr\u016bvos kai\u0161tis","description":"HFF03 svori\u0173 bloko kai\u0161tis yra patvarus svori\u0173 kr\u016bvos kai\u0161tis, skirtas sporto ma\u0161in\u0173 dalims, kad b\u016bt\u0173 u\u017etikrintas stabilumas, saugumas ir sklandus veikimas.","robots":{"index":"index","follow":"follow","max-snippet":"max-snippet:-1","max-image-preview":"max-image-preview:large","max-video-preview":"max-video-preview:-1"},"canonical":"https:\/\/gymfactory.eu\/lt\/produktas\/hff03-svorio-bloko-kaistis\/","og_locale":"lt_LT","og_type":"article","og_title":"HFF03 Svorio bloko kai\u0161tis - saugus svorio kr\u016bvos kai\u0161tis","og_description":"HFF03 svori\u0173 bloko kai\u0161tis yra patvarus svori\u0173 kr\u016bvos kai\u0161tis, skirtas sporto ma\u0161in\u0173 dalims, kad b\u016bt\u0173 u\u017etikrintas stabilumas, saugumas ir sklandus veikimas.","og_url":"https:\/\/gymfactory.eu\/lt\/produktas\/hff03-svorio-bloko-kaistis\/","og_site_name":"Gym Factory","article_modified_time":"2025-09-10T08:07:42+00:00","og_image":[{"width":1000,"height":1000,"url":"https:\/\/gymfactory.eu\/wp-content\/uploads\/2025\/02\/111111.jpg","type":"image\/jpeg"}],"twitter_card":"summary_large_image","twitter_misc":{"Est. reading time":"1 minut\u0117"},"schema":{"@context":"https:\/\/schema.org","@graph":[{"@type":"WebPage","@id":"https:\/\/gymfactory.eu\/lt\/produktas\/hff03-svorio-bloko-kaistis\/","url":"https:\/\/gymfactory.eu\/lt\/produktas\/hff03-svorio-bloko-kaistis\/","name":"HFF03 Svorio bloko kai\u0161tis - saugus svorio kr\u016bvos kai\u0161tis","isPartOf":{"@id":"https:\/\/gymfactory.eu\/lt\/#website"},"primaryImageOfPage":{"@id":"https:\/\/gymfactory.eu\/lt\/produktas\/hff03-svorio-bloko-kaistis\/#primaryimage"},"image":{"@id":"https:\/\/gymfactory.eu\/lt\/produktas\/hff03-svorio-bloko-kaistis\/#primaryimage"},"thumbnailUrl":"https:\/\/gymfactory.eu\/wp-content\/uploads\/2025\/02\/111111.jpg","datePublished":"2025-02-12T13:00:03+00:00","dateModified":"2025-09-10T08:07:42+00:00","description":"HFF03 svori\u0173 bloko kai\u0161tis yra patvarus svori\u0173 kr\u016bvos kai\u0161tis, skirtas sporto ma\u0161in\u0173 dalims, kad b\u016bt\u0173 u\u017etikrintas stabilumas, saugumas ir sklandus veikimas.","breadcrumb":{"@id":"https:\/\/gymfactory.eu\/lt\/produktas\/hff03-svorio-bloko-kaistis\/#breadcrumb"},"inLanguage":"lt-LT","potentialAction":[{"@type":"ReadAction","target":["https:\/\/gymfactory.eu\/lt\/produktas\/hff03-svorio-bloko-kaistis\/"]}]},{"@type":"ImageObject","inLanguage":"lt-LT","@id":"https:\/\/gymfactory.eu\/lt\/produktas\/hff03-svorio-bloko-kaistis\/#primaryimage","url":"https:\/\/gymfactory.eu\/wp-content\/uploads\/2025\/02\/111111.jpg","contentUrl":"https:\/\/gymfactory.eu\/wp-content\/uploads\/2025\/02\/111111.jpg","width":1000,"height":1000},{"@type":"BreadcrumbList","@id":"https:\/\/gymfactory.eu\/lt\/produktas\/hff03-svorio-bloko-kaistis\/#breadcrumb","itemListElement":[{"@type":"ListItem","position":1,"name":"Pagrindinis","item":"https:\/\/gymfactory.eu\/lt\/"},{"@type":"ListItem","position":2,"name":"Katalogas","item":"https:\/\/gymfactory.eu\/lt\/katalogas\/"},{"@type":"ListItem","position":3,"name":"HFF03 Magnetinis svori\u0173 bloko kai\u0161tis"}]},{"@type":"WebSite","@id":"https:\/\/gymfactory.eu\/lt\/#website","url":"https:\/\/gymfactory.eu\/lt\/","name":"Gym Factory","description":"","publisher":{"@id":"https:\/\/gymfactory.eu\/lt\/#organization"},"potentialAction":[{"@type":"SearchAction","target":{"@type":"EntryPoint","urlTemplate":"https:\/\/gymfactory.eu\/lt\/?s={search_term_string}"},"query-input":{"@type":"PropertyValueSpecification","valueRequired":true,"valueName":"search_term_string"}}],"inLanguage":"lt-LT"},{"@type":"Organization","@id":"https:\/\/gymfactory.eu\/lt\/#organization","name":"Sporto sal\u0117s gamykla","url":"https:\/\/gymfactory.eu\/lt\/","logo":{"@type":"ImageObject","inLanguage":"lt-LT","@id":"https:\/\/gymfactory.eu\/lt\/#\/schema\/logo\/image\/","url":"https:\/\/gymfactory.eu\/wp-content\/uploads\/2024\/11\/Component-1.svg","contentUrl":"https:\/\/gymfactory.eu\/wp-content\/uploads\/2024\/11\/Component-1.svg","width":54,"height":44,"caption":"Sporto sal\u0117s gamykla"},"image":{"@id":"https:\/\/gymfactory.eu\/lt\/#\/schema\/logo\/image\/"}}]}},"_links":{"self":[{"href":"https:\/\/gymfactory.eu\/lt\/wp-json\/wp\/v2\/product\/9985","targetHints":{"allow":["GET"]}}],"collection":[{"href":"https:\/\/gymfactory.eu\/lt\/wp-json\/wp\/v2\/product"}],"about":[{"href":"https:\/\/gymfactory.eu\/lt\/wp-json\/wp\/v2\/types\/product"}],"wp:featuredmedia":[{"embeddable":true,"href":"https:\/\/gymfactory.eu\/lt\/wp-json\/wp\/v2\/media\/7999"}],"wp:attachment":[{"href":"https:\/\/gymfactory.eu\/lt\/wp-json\/wp\/v2\/media?parent=9985"}],"wp:term":[{"taxonomy":"product_brand","embeddable":true,"href":"https:\/\/gymfactory.eu\/lt\/wp-json\/wp\/v2\/product_brand?post=9985"},{"taxonomy":"product_cat","embeddable":true,"href":"https:\/\/gymfactory.eu\/lt\/wp-json\/wp\/v2\/product_cat?post=9985"},{"taxonomy":"product_tag","embeddable":true,"href":"https:\/\/gymfactory.eu\/lt\/wp-json\/wp\/v2\/product_tag?post=9985"}],"curies":[{"name":"wp","href":"https:\/\/api.w.org\/{rel}","templated":true}]}}