{"id":9984,"date":"2025-02-12T15:00:03","date_gmt":"2025-02-12T13:00:03","guid":{"rendered":"https:\/\/gymfactory.eu\/product\/hsr2-antibakterine-termo-rankena\/"},"modified":"2025-09-09T15:36:43","modified_gmt":"2025-09-09T12:36:43","slug":"hsr2-antibakterine-termo-rankena","status":"publish","type":"product","link":"https:\/\/gymfactory.eu\/lt\/produktas\/hsr2-antibakterine-termo-rankena\/","title":{"rendered":"HSR2 Antibakterin\u0117 termo rankena"},"content":{"rendered":"<p>HSR2 antibakterin\u0117 termo rankena \u2013 termo susitraukianti rankenos danga, skirta 27 mm skersmens rankenoms. Parduodama metrais. Montuojama pirmiausia padengus ranken\u0105 klijais, o v\u0117liau susitraukiant med\u017eiagai kar\u0161to oro pagalba. Suteikia neslystant\u012f pavir\u0161i\u0173 ir pasi\u017eymi antibakterin\u0117mis savyb\u0117mis.<\/p>\n<p>\u0160iuo metu visa nauja gamyba naudoja ner\u016bdijan\u010dio plieno, briaunotu pavir\u0161iumi rankenas d\u0117l j\u0173 patvarumo ir sukibimo. Vis d\u0117lto \u0161i rankenos danga gali b\u016bti aktuali senesnei \u012frangai arba pri\u017ei\u016brint esamus treniruoklius.<\/p>\n\n    <div class=\"xs_social_share_widget xs_share_url after_content \t\tmain_content  wslu-style-1 wslu-share-box-shaped wslu-fill-colored wslu-none wslu-share-horizontal wslu-theme-font-no wslu-main_content\">\n\n\t\t\n        <ul>\n\t\t\t        <\/ul>\n    <\/div> \n","protected":false},"excerpt":{"rendered":"<p>HSR2 antibakterin\u0117 termo rankena \u2013 termo susitraukianti rankenos danga, skirta 27 mm skersmens rankenoms. Parduodama metrais. Montuojama pirmiausia padengus ranken\u0105 klijais, o v\u0117liau susitraukiant med\u017eiagai kar\u0161to oro pagalba. Suteikia neslystant\u012f pavir\u0161i\u0173 ir pasi\u017eymi antibakterin\u0117mis savyb\u0117mis. \u0160iuo metu visa nauja gamyba naudoja ner\u016bdijan\u010dio plieno, briaunotu pavir\u0161iumi rankenas d\u0117l j\u0173 patvarumo ir sukibimo. Vis d\u0117lto \u0161i rankenos [&hellip;]<\/p>\n","protected":false},"featured_media":7987,"template":"","meta":{"_acf_changed":false},"product_brand":[56],"product_cat":[392],"product_tag":[],"class_list":{"0":"post-9984","1":"product","2":"type-product","3":"status-publish","4":"has-post-thumbnail","6":"product_brand-gym-factory","7":"product_cat-atsargines-dalys","9":"first","10":"onbackorder","11":"taxable","12":"shipping-taxable","13":"purchasable","14":"product-type-simple"},"acf":[],"yoast_head":"<!-- This site is optimized with the Yoast SEO plugin v25.2 - https:\/\/yoast.com\/wordpress\/plugins\/seo\/ -->\n<title>HSR2 antibakterin\u0117 termo rankena - patikima sporto sal\u0117s atsargin\u0117 dalis<\/title>\n<meta name=\"description\" content=\"Atnaujinkite treniruokli\u0173 dalis naudodami HSR2 antibakterin\u0119 termo ranken\u0105 - patvari\u0105 treniruoklio atsargin\u0119 dal\u012f, skirt\u0105 higienai, patogumui ir ilgaam\u017ei\u0161kumui.\" \/>\n<meta name=\"robots\" content=\"index, follow, max-snippet:-1, max-image-preview:large, max-video-preview:-1\" \/>\n<link rel=\"canonical\" href=\"https:\/\/gymfactory.eu\/lt\/produktas\/hsr2-antibakterine-termo-rankena\/\" \/>\n<meta property=\"og:locale\" content=\"lt_LT\" \/>\n<meta property=\"og:type\" content=\"article\" \/>\n<meta property=\"og:title\" content=\"HSR2 antibakterin\u0117 termo rankena - patikima sporto sal\u0117s atsargin\u0117 dalis\" \/>\n<meta property=\"og:description\" content=\"Atnaujinkite treniruokli\u0173 dalis naudodami HSR2 antibakterin\u0119 termo ranken\u0105 - patvari\u0105 treniruoklio atsargin\u0119 dal\u012f, skirt\u0105 higienai, patogumui ir ilgaam\u017ei\u0161kumui.\" \/>\n<meta property=\"og:url\" content=\"https:\/\/gymfactory.eu\/lt\/produktas\/hsr2-antibakterine-termo-rankena\/\" \/>\n<meta property=\"og:site_name\" content=\"Gym Factory\" \/>\n<meta property=\"article:modified_time\" content=\"2025-09-09T12:36:43+00:00\" \/>\n<meta property=\"og:image\" content=\"https:\/\/gymfactory.eu\/wp-content\/uploads\/2025\/02\/HSR2-1.jpg\" \/>\n\t<meta property=\"og:image:width\" content=\"1833\" \/>\n\t<meta property=\"og:image:height\" content=\"1834\" \/>\n\t<meta property=\"og:image:type\" content=\"image\/jpeg\" \/>\n<meta name=\"twitter:card\" content=\"summary_large_image\" \/>\n<meta name=\"twitter:label1\" content=\"Est. reading time\" \/>\n\t<meta name=\"twitter:data1\" content=\"1 minut\u0117\" \/>\n<script type=\"application\/ld+json\" class=\"yoast-schema-graph\">{\"@context\":\"https:\/\/schema.org\",\"@graph\":[{\"@type\":\"WebPage\",\"@id\":\"https:\/\/gymfactory.eu\/lt\/produktas\/hsr2-antibakterine-termo-rankena\/\",\"url\":\"https:\/\/gymfactory.eu\/lt\/produktas\/hsr2-antibakterine-termo-rankena\/\",\"name\":\"HSR2 antibakterin\u0117 termo rankena - patikima sporto sal\u0117s atsargin\u0117 dalis\",\"isPartOf\":{\"@id\":\"https:\/\/gymfactory.eu\/lt\/#website\"},\"primaryImageOfPage\":{\"@id\":\"https:\/\/gymfactory.eu\/lt\/produktas\/hsr2-antibakterine-termo-rankena\/#primaryimage\"},\"image\":{\"@id\":\"https:\/\/gymfactory.eu\/lt\/produktas\/hsr2-antibakterine-termo-rankena\/#primaryimage\"},\"thumbnailUrl\":\"https:\/\/gymfactory.eu\/wp-content\/uploads\/2025\/02\/HSR2-1.jpg\",\"datePublished\":\"2025-02-12T13:00:03+00:00\",\"dateModified\":\"2025-09-09T12:36:43+00:00\",\"description\":\"Atnaujinkite treniruokli\u0173 dalis naudodami HSR2 antibakterin\u0119 termo ranken\u0105 - patvari\u0105 treniruoklio atsargin\u0119 dal\u012f, skirt\u0105 higienai, patogumui ir ilgaam\u017ei\u0161kumui.\",\"breadcrumb\":{\"@id\":\"https:\/\/gymfactory.eu\/lt\/produktas\/hsr2-antibakterine-termo-rankena\/#breadcrumb\"},\"inLanguage\":\"lt-LT\",\"potentialAction\":[{\"@type\":\"ReadAction\",\"target\":[\"https:\/\/gymfactory.eu\/lt\/produktas\/hsr2-antibakterine-termo-rankena\/\"]}]},{\"@type\":\"ImageObject\",\"inLanguage\":\"lt-LT\",\"@id\":\"https:\/\/gymfactory.eu\/lt\/produktas\/hsr2-antibakterine-termo-rankena\/#primaryimage\",\"url\":\"https:\/\/gymfactory.eu\/wp-content\/uploads\/2025\/02\/HSR2-1.jpg\",\"contentUrl\":\"https:\/\/gymfactory.eu\/wp-content\/uploads\/2025\/02\/HSR2-1.jpg\",\"width\":1833,\"height\":1834},{\"@type\":\"BreadcrumbList\",\"@id\":\"https:\/\/gymfactory.eu\/lt\/produktas\/hsr2-antibakterine-termo-rankena\/#breadcrumb\",\"itemListElement\":[{\"@type\":\"ListItem\",\"position\":1,\"name\":\"Pagrindinis\",\"item\":\"https:\/\/gymfactory.eu\/lt\/\"},{\"@type\":\"ListItem\",\"position\":2,\"name\":\"Katalogas\",\"item\":\"https:\/\/gymfactory.eu\/lt\/katalogas\/\"},{\"@type\":\"ListItem\",\"position\":3,\"name\":\"HSR2 Antibakterin\u0117 termo rankena\"}]},{\"@type\":\"WebSite\",\"@id\":\"https:\/\/gymfactory.eu\/lt\/#website\",\"url\":\"https:\/\/gymfactory.eu\/lt\/\",\"name\":\"Gym Factory\",\"description\":\"\",\"publisher\":{\"@id\":\"https:\/\/gymfactory.eu\/lt\/#organization\"},\"potentialAction\":[{\"@type\":\"SearchAction\",\"target\":{\"@type\":\"EntryPoint\",\"urlTemplate\":\"https:\/\/gymfactory.eu\/lt\/?s={search_term_string}\"},\"query-input\":{\"@type\":\"PropertyValueSpecification\",\"valueRequired\":true,\"valueName\":\"search_term_string\"}}],\"inLanguage\":\"lt-LT\"},{\"@type\":\"Organization\",\"@id\":\"https:\/\/gymfactory.eu\/lt\/#organization\",\"name\":\"Sporto sal\u0117s gamykla\",\"url\":\"https:\/\/gymfactory.eu\/lt\/\",\"logo\":{\"@type\":\"ImageObject\",\"inLanguage\":\"lt-LT\",\"@id\":\"https:\/\/gymfactory.eu\/lt\/#\/schema\/logo\/image\/\",\"url\":\"https:\/\/gymfactory.eu\/wp-content\/uploads\/2024\/11\/Component-1.svg\",\"contentUrl\":\"https:\/\/gymfactory.eu\/wp-content\/uploads\/2024\/11\/Component-1.svg\",\"width\":54,\"height\":44,\"caption\":\"Sporto sal\u0117s gamykla\"},\"image\":{\"@id\":\"https:\/\/gymfactory.eu\/lt\/#\/schema\/logo\/image\/\"}}]}<\/script>\n<!-- \/ Yoast SEO plugin. -->","yoast_head_json":{"title":"HSR2 antibakterin\u0117 termo rankena - patikima sporto sal\u0117s atsargin\u0117 dalis","description":"Atnaujinkite treniruokli\u0173 dalis naudodami HSR2 antibakterin\u0119 termo ranken\u0105 - patvari\u0105 treniruoklio atsargin\u0119 dal\u012f, skirt\u0105 higienai, patogumui ir ilgaam\u017ei\u0161kumui.","robots":{"index":"index","follow":"follow","max-snippet":"max-snippet:-1","max-image-preview":"max-image-preview:large","max-video-preview":"max-video-preview:-1"},"canonical":"https:\/\/gymfactory.eu\/lt\/produktas\/hsr2-antibakterine-termo-rankena\/","og_locale":"lt_LT","og_type":"article","og_title":"HSR2 antibakterin\u0117 termo rankena - patikima sporto sal\u0117s atsargin\u0117 dalis","og_description":"Atnaujinkite treniruokli\u0173 dalis naudodami HSR2 antibakterin\u0119 termo ranken\u0105 - patvari\u0105 treniruoklio atsargin\u0119 dal\u012f, skirt\u0105 higienai, patogumui ir ilgaam\u017ei\u0161kumui.","og_url":"https:\/\/gymfactory.eu\/lt\/produktas\/hsr2-antibakterine-termo-rankena\/","og_site_name":"Gym Factory","article_modified_time":"2025-09-09T12:36:43+00:00","og_image":[{"width":1833,"height":1834,"url":"https:\/\/gymfactory.eu\/wp-content\/uploads\/2025\/02\/HSR2-1.jpg","type":"image\/jpeg"}],"twitter_card":"summary_large_image","twitter_misc":{"Est. reading time":"1 minut\u0117"},"schema":{"@context":"https:\/\/schema.org","@graph":[{"@type":"WebPage","@id":"https:\/\/gymfactory.eu\/lt\/produktas\/hsr2-antibakterine-termo-rankena\/","url":"https:\/\/gymfactory.eu\/lt\/produktas\/hsr2-antibakterine-termo-rankena\/","name":"HSR2 antibakterin\u0117 termo rankena - patikima sporto sal\u0117s atsargin\u0117 dalis","isPartOf":{"@id":"https:\/\/gymfactory.eu\/lt\/#website"},"primaryImageOfPage":{"@id":"https:\/\/gymfactory.eu\/lt\/produktas\/hsr2-antibakterine-termo-rankena\/#primaryimage"},"image":{"@id":"https:\/\/gymfactory.eu\/lt\/produktas\/hsr2-antibakterine-termo-rankena\/#primaryimage"},"thumbnailUrl":"https:\/\/gymfactory.eu\/wp-content\/uploads\/2025\/02\/HSR2-1.jpg","datePublished":"2025-02-12T13:00:03+00:00","dateModified":"2025-09-09T12:36:43+00:00","description":"Atnaujinkite treniruokli\u0173 dalis naudodami HSR2 antibakterin\u0119 termo ranken\u0105 - patvari\u0105 treniruoklio atsargin\u0119 dal\u012f, skirt\u0105 higienai, patogumui ir ilgaam\u017ei\u0161kumui.","breadcrumb":{"@id":"https:\/\/gymfactory.eu\/lt\/produktas\/hsr2-antibakterine-termo-rankena\/#breadcrumb"},"inLanguage":"lt-LT","potentialAction":[{"@type":"ReadAction","target":["https:\/\/gymfactory.eu\/lt\/produktas\/hsr2-antibakterine-termo-rankena\/"]}]},{"@type":"ImageObject","inLanguage":"lt-LT","@id":"https:\/\/gymfactory.eu\/lt\/produktas\/hsr2-antibakterine-termo-rankena\/#primaryimage","url":"https:\/\/gymfactory.eu\/wp-content\/uploads\/2025\/02\/HSR2-1.jpg","contentUrl":"https:\/\/gymfactory.eu\/wp-content\/uploads\/2025\/02\/HSR2-1.jpg","width":1833,"height":1834},{"@type":"BreadcrumbList","@id":"https:\/\/gymfactory.eu\/lt\/produktas\/hsr2-antibakterine-termo-rankena\/#breadcrumb","itemListElement":[{"@type":"ListItem","position":1,"name":"Pagrindinis","item":"https:\/\/gymfactory.eu\/lt\/"},{"@type":"ListItem","position":2,"name":"Katalogas","item":"https:\/\/gymfactory.eu\/lt\/katalogas\/"},{"@type":"ListItem","position":3,"name":"HSR2 Antibakterin\u0117 termo rankena"}]},{"@type":"WebSite","@id":"https:\/\/gymfactory.eu\/lt\/#website","url":"https:\/\/gymfactory.eu\/lt\/","name":"Gym Factory","description":"","publisher":{"@id":"https:\/\/gymfactory.eu\/lt\/#organization"},"potentialAction":[{"@type":"SearchAction","target":{"@type":"EntryPoint","urlTemplate":"https:\/\/gymfactory.eu\/lt\/?s={search_term_string}"},"query-input":{"@type":"PropertyValueSpecification","valueRequired":true,"valueName":"search_term_string"}}],"inLanguage":"lt-LT"},{"@type":"Organization","@id":"https:\/\/gymfactory.eu\/lt\/#organization","name":"Sporto sal\u0117s gamykla","url":"https:\/\/gymfactory.eu\/lt\/","logo":{"@type":"ImageObject","inLanguage":"lt-LT","@id":"https:\/\/gymfactory.eu\/lt\/#\/schema\/logo\/image\/","url":"https:\/\/gymfactory.eu\/wp-content\/uploads\/2024\/11\/Component-1.svg","contentUrl":"https:\/\/gymfactory.eu\/wp-content\/uploads\/2024\/11\/Component-1.svg","width":54,"height":44,"caption":"Sporto sal\u0117s gamykla"},"image":{"@id":"https:\/\/gymfactory.eu\/lt\/#\/schema\/logo\/image\/"}}]}},"_links":{"self":[{"href":"https:\/\/gymfactory.eu\/lt\/wp-json\/wp\/v2\/product\/9984","targetHints":{"allow":["GET"]}}],"collection":[{"href":"https:\/\/gymfactory.eu\/lt\/wp-json\/wp\/v2\/product"}],"about":[{"href":"https:\/\/gymfactory.eu\/lt\/wp-json\/wp\/v2\/types\/product"}],"wp:featuredmedia":[{"embeddable":true,"href":"https:\/\/gymfactory.eu\/lt\/wp-json\/wp\/v2\/media\/7987"}],"wp:attachment":[{"href":"https:\/\/gymfactory.eu\/lt\/wp-json\/wp\/v2\/media?parent=9984"}],"wp:term":[{"taxonomy":"product_brand","embeddable":true,"href":"https:\/\/gymfactory.eu\/lt\/wp-json\/wp\/v2\/product_brand?post=9984"},{"taxonomy":"product_cat","embeddable":true,"href":"https:\/\/gymfactory.eu\/lt\/wp-json\/wp\/v2\/product_cat?post=9984"},{"taxonomy":"product_tag","embeddable":true,"href":"https:\/\/gymfactory.eu\/lt\/wp-json\/wp\/v2\/product_tag?post=9984"}],"curies":[{"name":"wp","href":"https:\/\/api.w.org\/{rel}","templated":true}]}}