{"id":9979,"date":"2025-02-12T15:00:03","date_gmt":"2025-02-12T13:00:03","guid":{"rendered":"https:\/\/gymfactory.eu\/product\/hsg01-gumos-apsauga\/"},"modified":"2025-09-09T15:26:43","modified_gmt":"2025-09-09T12:26:43","slug":"hsg01-gumos-apsauga","status":"publish","type":"product","link":"https:\/\/gymfactory.eu\/lt\/produktas\/hsg01-gumos-apsauga\/","title":{"rendered":"HSG01 Gumin\u0117 apsauga"},"content":{"rendered":"<p data-start=\"0\" data-end=\"65\">HSG01 gumin\u0117 apsauga, naudojama tik treniruokliuose su svori\u0173 blokais. Montuojama po svori\u0173 bloku, ji sugeria sm\u016bg\u012f ir ma\u017eina triuk\u0161m\u0105 treniruot\u0117s metu. Nuo 2018-03-19 \u0161i detal\u0117 naudojama vietoje tradicini\u0173 spyruokli\u0173 svori\u0173 blok\u0173 konstrukcijose.<\/p>\n\n    <div class=\"xs_social_share_widget xs_share_url after_content \t\tmain_content  wslu-style-1 wslu-share-box-shaped wslu-fill-colored wslu-none wslu-share-horizontal wslu-theme-font-no wslu-main_content\">\n\n\t\t\n        <ul>\n\t\t\t        <\/ul>\n    <\/div> \n","protected":false},"excerpt":{"rendered":"<p>HSG01 gumin\u0117 apsauga, naudojama tik treniruokliuose su svori\u0173 blokais. Montuojama po svori\u0173 bloku, ji sugeria sm\u016bg\u012f ir ma\u017eina triuk\u0161m\u0105 treniruot\u0117s metu. Nuo 2018-03-19 \u0161i detal\u0117 naudojama vietoje tradicini\u0173 spyruokli\u0173 svori\u0173 blok\u0173 konstrukcijose.<\/p>\n","protected":false},"featured_media":7989,"template":"","meta":{"_acf_changed":false},"product_brand":[56],"product_cat":[392],"product_tag":[],"class_list":{"0":"post-9979","1":"product","2":"type-product","3":"status-publish","4":"has-post-thumbnail","6":"product_brand-gym-factory","7":"product_cat-atsargines-dalys","9":"first","10":"onbackorder","11":"taxable","12":"shipping-taxable","13":"purchasable","14":"product-type-simple"},"acf":[],"yoast_head":"<!-- This site is optimized with the Yoast SEO plugin v25.2 - https:\/\/yoast.com\/wordpress\/plugins\/seo\/ -->\n<title>HSG01 Gumin\u0117 apsauga - b\u016btina sporto sal\u0117s atsargin\u0117 dalis<\/title>\n<meta name=\"description\" content=\"HSG01 gumin\u0117 apsauga padidina treniruokli\u0173 dali\u0173 ilgaam\u017ei\u0161kum\u0105 ir u\u017etikrina patikim\u0105 treniruokli\u0173 atsargini\u0173 dali\u0173 saug\u0173 ir ilgalaik\u012f veikim\u0105.\" \/>\n<meta name=\"robots\" content=\"index, follow, max-snippet:-1, max-image-preview:large, max-video-preview:-1\" \/>\n<link rel=\"canonical\" href=\"https:\/\/gymfactory.eu\/lt\/produktas\/hsg01-gumos-apsauga\/\" \/>\n<meta property=\"og:locale\" content=\"lt_LT\" \/>\n<meta property=\"og:type\" content=\"article\" \/>\n<meta property=\"og:title\" content=\"HSG01 Gumin\u0117 apsauga - b\u016btina sporto sal\u0117s atsargin\u0117 dalis\" \/>\n<meta property=\"og:description\" content=\"HSG01 gumin\u0117 apsauga padidina treniruokli\u0173 dali\u0173 ilgaam\u017ei\u0161kum\u0105 ir u\u017etikrina patikim\u0105 treniruokli\u0173 atsargini\u0173 dali\u0173 saug\u0173 ir ilgalaik\u012f veikim\u0105.\" \/>\n<meta property=\"og:url\" content=\"https:\/\/gymfactory.eu\/lt\/produktas\/hsg01-gumos-apsauga\/\" \/>\n<meta property=\"og:site_name\" content=\"Gym Factory\" \/>\n<meta property=\"article:modified_time\" content=\"2025-09-09T12:26:43+00:00\" \/>\n<meta property=\"og:image\" content=\"https:\/\/gymfactory.eu\/wp-content\/uploads\/2025\/02\/HSG01-e.jpg\" \/>\n\t<meta property=\"og:image:width\" content=\"1024\" \/>\n\t<meta property=\"og:image:height\" content=\"1024\" \/>\n\t<meta property=\"og:image:type\" content=\"image\/jpeg\" \/>\n<meta name=\"twitter:card\" content=\"summary_large_image\" \/>\n<meta name=\"twitter:label1\" content=\"Est. reading time\" \/>\n\t<meta name=\"twitter:data1\" content=\"1 minut\u0117\" \/>\n<script type=\"application\/ld+json\" class=\"yoast-schema-graph\">{\"@context\":\"https:\/\/schema.org\",\"@graph\":[{\"@type\":\"WebPage\",\"@id\":\"https:\/\/gymfactory.eu\/lt\/produktas\/hsg01-gumos-apsauga\/\",\"url\":\"https:\/\/gymfactory.eu\/lt\/produktas\/hsg01-gumos-apsauga\/\",\"name\":\"HSG01 Gumin\u0117 apsauga - b\u016btina sporto sal\u0117s atsargin\u0117 dalis\",\"isPartOf\":{\"@id\":\"https:\/\/gymfactory.eu\/lt\/#website\"},\"primaryImageOfPage\":{\"@id\":\"https:\/\/gymfactory.eu\/lt\/produktas\/hsg01-gumos-apsauga\/#primaryimage\"},\"image\":{\"@id\":\"https:\/\/gymfactory.eu\/lt\/produktas\/hsg01-gumos-apsauga\/#primaryimage\"},\"thumbnailUrl\":\"https:\/\/gymfactory.eu\/wp-content\/uploads\/2025\/02\/HSG01-e.jpg\",\"datePublished\":\"2025-02-12T13:00:03+00:00\",\"dateModified\":\"2025-09-09T12:26:43+00:00\",\"description\":\"HSG01 gumin\u0117 apsauga padidina treniruokli\u0173 dali\u0173 ilgaam\u017ei\u0161kum\u0105 ir u\u017etikrina patikim\u0105 treniruokli\u0173 atsargini\u0173 dali\u0173 saug\u0173 ir ilgalaik\u012f veikim\u0105.\",\"breadcrumb\":{\"@id\":\"https:\/\/gymfactory.eu\/lt\/produktas\/hsg01-gumos-apsauga\/#breadcrumb\"},\"inLanguage\":\"lt-LT\",\"potentialAction\":[{\"@type\":\"ReadAction\",\"target\":[\"https:\/\/gymfactory.eu\/lt\/produktas\/hsg01-gumos-apsauga\/\"]}]},{\"@type\":\"ImageObject\",\"inLanguage\":\"lt-LT\",\"@id\":\"https:\/\/gymfactory.eu\/lt\/produktas\/hsg01-gumos-apsauga\/#primaryimage\",\"url\":\"https:\/\/gymfactory.eu\/wp-content\/uploads\/2025\/02\/HSG01-e.jpg\",\"contentUrl\":\"https:\/\/gymfactory.eu\/wp-content\/uploads\/2025\/02\/HSG01-e.jpg\",\"width\":1024,\"height\":1024},{\"@type\":\"BreadcrumbList\",\"@id\":\"https:\/\/gymfactory.eu\/lt\/produktas\/hsg01-gumos-apsauga\/#breadcrumb\",\"itemListElement\":[{\"@type\":\"ListItem\",\"position\":1,\"name\":\"Pagrindinis\",\"item\":\"https:\/\/gymfactory.eu\/lt\/\"},{\"@type\":\"ListItem\",\"position\":2,\"name\":\"Katalogas\",\"item\":\"https:\/\/gymfactory.eu\/lt\/katalogas\/\"},{\"@type\":\"ListItem\",\"position\":3,\"name\":\"HSG01 Gumin\u0117 apsauga\"}]},{\"@type\":\"WebSite\",\"@id\":\"https:\/\/gymfactory.eu\/lt\/#website\",\"url\":\"https:\/\/gymfactory.eu\/lt\/\",\"name\":\"Gym Factory\",\"description\":\"\",\"publisher\":{\"@id\":\"https:\/\/gymfactory.eu\/lt\/#organization\"},\"potentialAction\":[{\"@type\":\"SearchAction\",\"target\":{\"@type\":\"EntryPoint\",\"urlTemplate\":\"https:\/\/gymfactory.eu\/lt\/?s={search_term_string}\"},\"query-input\":{\"@type\":\"PropertyValueSpecification\",\"valueRequired\":true,\"valueName\":\"search_term_string\"}}],\"inLanguage\":\"lt-LT\"},{\"@type\":\"Organization\",\"@id\":\"https:\/\/gymfactory.eu\/lt\/#organization\",\"name\":\"Sporto sal\u0117s gamykla\",\"url\":\"https:\/\/gymfactory.eu\/lt\/\",\"logo\":{\"@type\":\"ImageObject\",\"inLanguage\":\"lt-LT\",\"@id\":\"https:\/\/gymfactory.eu\/lt\/#\/schema\/logo\/image\/\",\"url\":\"https:\/\/gymfactory.eu\/wp-content\/uploads\/2024\/11\/Component-1.svg\",\"contentUrl\":\"https:\/\/gymfactory.eu\/wp-content\/uploads\/2024\/11\/Component-1.svg\",\"width\":54,\"height\":44,\"caption\":\"Sporto sal\u0117s gamykla\"},\"image\":{\"@id\":\"https:\/\/gymfactory.eu\/lt\/#\/schema\/logo\/image\/\"}}]}<\/script>\n<!-- \/ Yoast SEO plugin. -->","yoast_head_json":{"title":"HSG01 Gumin\u0117 apsauga - b\u016btina sporto sal\u0117s atsargin\u0117 dalis","description":"HSG01 gumin\u0117 apsauga padidina treniruokli\u0173 dali\u0173 ilgaam\u017ei\u0161kum\u0105 ir u\u017etikrina patikim\u0105 treniruokli\u0173 atsargini\u0173 dali\u0173 saug\u0173 ir ilgalaik\u012f veikim\u0105.","robots":{"index":"index","follow":"follow","max-snippet":"max-snippet:-1","max-image-preview":"max-image-preview:large","max-video-preview":"max-video-preview:-1"},"canonical":"https:\/\/gymfactory.eu\/lt\/produktas\/hsg01-gumos-apsauga\/","og_locale":"lt_LT","og_type":"article","og_title":"HSG01 Gumin\u0117 apsauga - b\u016btina sporto sal\u0117s atsargin\u0117 dalis","og_description":"HSG01 gumin\u0117 apsauga padidina treniruokli\u0173 dali\u0173 ilgaam\u017ei\u0161kum\u0105 ir u\u017etikrina patikim\u0105 treniruokli\u0173 atsargini\u0173 dali\u0173 saug\u0173 ir ilgalaik\u012f veikim\u0105.","og_url":"https:\/\/gymfactory.eu\/lt\/produktas\/hsg01-gumos-apsauga\/","og_site_name":"Gym Factory","article_modified_time":"2025-09-09T12:26:43+00:00","og_image":[{"width":1024,"height":1024,"url":"https:\/\/gymfactory.eu\/wp-content\/uploads\/2025\/02\/HSG01-e.jpg","type":"image\/jpeg"}],"twitter_card":"summary_large_image","twitter_misc":{"Est. reading time":"1 minut\u0117"},"schema":{"@context":"https:\/\/schema.org","@graph":[{"@type":"WebPage","@id":"https:\/\/gymfactory.eu\/lt\/produktas\/hsg01-gumos-apsauga\/","url":"https:\/\/gymfactory.eu\/lt\/produktas\/hsg01-gumos-apsauga\/","name":"HSG01 Gumin\u0117 apsauga - b\u016btina sporto sal\u0117s atsargin\u0117 dalis","isPartOf":{"@id":"https:\/\/gymfactory.eu\/lt\/#website"},"primaryImageOfPage":{"@id":"https:\/\/gymfactory.eu\/lt\/produktas\/hsg01-gumos-apsauga\/#primaryimage"},"image":{"@id":"https:\/\/gymfactory.eu\/lt\/produktas\/hsg01-gumos-apsauga\/#primaryimage"},"thumbnailUrl":"https:\/\/gymfactory.eu\/wp-content\/uploads\/2025\/02\/HSG01-e.jpg","datePublished":"2025-02-12T13:00:03+00:00","dateModified":"2025-09-09T12:26:43+00:00","description":"HSG01 gumin\u0117 apsauga padidina treniruokli\u0173 dali\u0173 ilgaam\u017ei\u0161kum\u0105 ir u\u017etikrina patikim\u0105 treniruokli\u0173 atsargini\u0173 dali\u0173 saug\u0173 ir ilgalaik\u012f veikim\u0105.","breadcrumb":{"@id":"https:\/\/gymfactory.eu\/lt\/produktas\/hsg01-gumos-apsauga\/#breadcrumb"},"inLanguage":"lt-LT","potentialAction":[{"@type":"ReadAction","target":["https:\/\/gymfactory.eu\/lt\/produktas\/hsg01-gumos-apsauga\/"]}]},{"@type":"ImageObject","inLanguage":"lt-LT","@id":"https:\/\/gymfactory.eu\/lt\/produktas\/hsg01-gumos-apsauga\/#primaryimage","url":"https:\/\/gymfactory.eu\/wp-content\/uploads\/2025\/02\/HSG01-e.jpg","contentUrl":"https:\/\/gymfactory.eu\/wp-content\/uploads\/2025\/02\/HSG01-e.jpg","width":1024,"height":1024},{"@type":"BreadcrumbList","@id":"https:\/\/gymfactory.eu\/lt\/produktas\/hsg01-gumos-apsauga\/#breadcrumb","itemListElement":[{"@type":"ListItem","position":1,"name":"Pagrindinis","item":"https:\/\/gymfactory.eu\/lt\/"},{"@type":"ListItem","position":2,"name":"Katalogas","item":"https:\/\/gymfactory.eu\/lt\/katalogas\/"},{"@type":"ListItem","position":3,"name":"HSG01 Gumin\u0117 apsauga"}]},{"@type":"WebSite","@id":"https:\/\/gymfactory.eu\/lt\/#website","url":"https:\/\/gymfactory.eu\/lt\/","name":"Gym Factory","description":"","publisher":{"@id":"https:\/\/gymfactory.eu\/lt\/#organization"},"potentialAction":[{"@type":"SearchAction","target":{"@type":"EntryPoint","urlTemplate":"https:\/\/gymfactory.eu\/lt\/?s={search_term_string}"},"query-input":{"@type":"PropertyValueSpecification","valueRequired":true,"valueName":"search_term_string"}}],"inLanguage":"lt-LT"},{"@type":"Organization","@id":"https:\/\/gymfactory.eu\/lt\/#organization","name":"Sporto sal\u0117s gamykla","url":"https:\/\/gymfactory.eu\/lt\/","logo":{"@type":"ImageObject","inLanguage":"lt-LT","@id":"https:\/\/gymfactory.eu\/lt\/#\/schema\/logo\/image\/","url":"https:\/\/gymfactory.eu\/wp-content\/uploads\/2024\/11\/Component-1.svg","contentUrl":"https:\/\/gymfactory.eu\/wp-content\/uploads\/2024\/11\/Component-1.svg","width":54,"height":44,"caption":"Sporto sal\u0117s gamykla"},"image":{"@id":"https:\/\/gymfactory.eu\/lt\/#\/schema\/logo\/image\/"}}]}},"_links":{"self":[{"href":"https:\/\/gymfactory.eu\/lt\/wp-json\/wp\/v2\/product\/9979","targetHints":{"allow":["GET"]}}],"collection":[{"href":"https:\/\/gymfactory.eu\/lt\/wp-json\/wp\/v2\/product"}],"about":[{"href":"https:\/\/gymfactory.eu\/lt\/wp-json\/wp\/v2\/types\/product"}],"wp:featuredmedia":[{"embeddable":true,"href":"https:\/\/gymfactory.eu\/lt\/wp-json\/wp\/v2\/media\/7989"}],"wp:attachment":[{"href":"https:\/\/gymfactory.eu\/lt\/wp-json\/wp\/v2\/media?parent=9979"}],"wp:term":[{"taxonomy":"product_brand","embeddable":true,"href":"https:\/\/gymfactory.eu\/lt\/wp-json\/wp\/v2\/product_brand?post=9979"},{"taxonomy":"product_cat","embeddable":true,"href":"https:\/\/gymfactory.eu\/lt\/wp-json\/wp\/v2\/product_cat?post=9979"},{"taxonomy":"product_tag","embeddable":true,"href":"https:\/\/gymfactory.eu\/lt\/wp-json\/wp\/v2\/product_tag?post=9979"}],"curies":[{"name":"wp","href":"https:\/\/api.w.org\/{rel}","templated":true}]}}