{"id":9975,"date":"2025-02-12T15:00:00","date_gmt":"2025-02-12T13:00:00","guid":{"rendered":"https:\/\/gymfactory.eu\/product\/hff01-uzraktas\/"},"modified":"2025-09-09T15:02:06","modified_gmt":"2025-09-09T12:02:06","slug":"hff01-uzraktas","status":"publish","type":"product","link":"https:\/\/gymfactory.eu\/lt\/produktas\/hff01-uzraktas\/","title":{"rendered":"HFF01 Fiksatorius"},"content":{"rendered":"<p data-start=\"0\" data-end=\"76\">HFF01 fiksatorius \u2013 srieginiu M18 sriegiu pasi\u017eyminti u\u017erakinimo detal\u0117 su spyruokle, naudojama j\u0117gos treniruokliuose reguliuojamoms dalims tvirtinti. Patraukus fiksatori\u0173, dalis galima perstatyti, o atleidus \u2013 jis automati\u0161kai gr\u012f\u017eta \u012f pradin\u0119 pad\u0117t\u012f. Suderinamas su \u012franga, gaminta 2017\u20132024 m. Tai senesnis modelis, tod\u0117l gali netikti naujesniems po 2024 m. i\u0161leistiems treniruokliams.<\/p>\n\n    <div class=\"xs_social_share_widget xs_share_url after_content \t\tmain_content  wslu-style-1 wslu-share-box-shaped wslu-fill-colored wslu-none wslu-share-horizontal wslu-theme-font-no wslu-main_content\">\n\n\t\t\n        <ul>\n\t\t\t        <\/ul>\n    <\/div> \n","protected":false},"excerpt":{"rendered":"<p>HFF01 fiksatorius \u2013 srieginiu M18 sriegiu pasi\u017eyminti u\u017erakinimo detal\u0117 su spyruokle, naudojama j\u0117gos treniruokliuose reguliuojamoms dalims tvirtinti. Patraukus fiksatori\u0173, dalis galima perstatyti, o atleidus \u2013 jis automati\u0161kai gr\u012f\u017eta \u012f pradin\u0119 pad\u0117t\u012f. Suderinamas su \u012franga, gaminta 2017\u20132024 m. Tai senesnis modelis, tod\u0117l gali netikti naujesniems po 2024 m. i\u0161leistiems treniruokliams.<\/p>\n","protected":false},"featured_media":7967,"template":"","meta":{"_acf_changed":false},"product_brand":[56],"product_cat":[392],"product_tag":[],"class_list":{"0":"post-9975","1":"product","2":"type-product","3":"status-publish","4":"has-post-thumbnail","6":"product_brand-gym-factory","7":"product_cat-atsargines-dalys","9":"first","10":"onbackorder","11":"taxable","12":"shipping-taxable","13":"purchasable","14":"product-type-simple"},"acf":[],"yoast_head":"<!-- This site is optimized with the Yoast SEO plugin v25.2 - https:\/\/yoast.com\/wordpress\/plugins\/seo\/ -->\n<title>HFF01 fiksatorius - tvirta sporto sal\u0117s atsargin\u0117 dalis saugiam tvirtinimui<\/title>\n<meta name=\"description\" content=\"HFF01 fiksatorius u\u017etikrina tvirt\u0105 ir patikim\u0105 treniruokli\u0173 dali\u0173 laikym\u0105si, taip padidindamas \u012frangos stabilum\u0105 ir ilgalaik\u012f patvarum\u0105.\" \/>\n<meta name=\"robots\" content=\"index, follow, max-snippet:-1, max-image-preview:large, max-video-preview:-1\" \/>\n<link rel=\"canonical\" href=\"https:\/\/gymfactory.eu\/lt\/produktas\/hff01-uzraktas\/\" \/>\n<meta property=\"og:locale\" content=\"lt_LT\" \/>\n<meta property=\"og:type\" content=\"article\" \/>\n<meta property=\"og:title\" content=\"HFF01 fiksatorius - tvirta sporto sal\u0117s atsargin\u0117 dalis saugiam tvirtinimui\" \/>\n<meta property=\"og:description\" content=\"HFF01 fiksatorius u\u017etikrina tvirt\u0105 ir patikim\u0105 treniruokli\u0173 dali\u0173 laikym\u0105si, taip padidindamas \u012frangos stabilum\u0105 ir ilgalaik\u012f patvarum\u0105.\" \/>\n<meta property=\"og:url\" content=\"https:\/\/gymfactory.eu\/lt\/produktas\/hff01-uzraktas\/\" \/>\n<meta property=\"og:site_name\" content=\"Gym Factory\" \/>\n<meta property=\"article:modified_time\" content=\"2025-09-09T12:02:06+00:00\" \/>\n<meta property=\"og:image\" content=\"https:\/\/gymfactory.eu\/wp-content\/uploads\/2025\/02\/HFF01-efoto.jpg\" \/>\n\t<meta property=\"og:image:width\" content=\"1024\" \/>\n\t<meta property=\"og:image:height\" content=\"1024\" \/>\n\t<meta property=\"og:image:type\" content=\"image\/jpeg\" \/>\n<meta name=\"twitter:card\" content=\"summary_large_image\" \/>\n<meta name=\"twitter:label1\" content=\"Est. reading time\" \/>\n\t<meta name=\"twitter:data1\" content=\"1 minut\u0117\" \/>\n<script type=\"application\/ld+json\" class=\"yoast-schema-graph\">{\"@context\":\"https:\/\/schema.org\",\"@graph\":[{\"@type\":\"WebPage\",\"@id\":\"https:\/\/gymfactory.eu\/lt\/produktas\/hff01-uzraktas\/\",\"url\":\"https:\/\/gymfactory.eu\/lt\/produktas\/hff01-uzraktas\/\",\"name\":\"HFF01 fiksatorius - tvirta sporto sal\u0117s atsargin\u0117 dalis saugiam tvirtinimui\",\"isPartOf\":{\"@id\":\"https:\/\/gymfactory.eu\/lt\/#website\"},\"primaryImageOfPage\":{\"@id\":\"https:\/\/gymfactory.eu\/lt\/produktas\/hff01-uzraktas\/#primaryimage\"},\"image\":{\"@id\":\"https:\/\/gymfactory.eu\/lt\/produktas\/hff01-uzraktas\/#primaryimage\"},\"thumbnailUrl\":\"https:\/\/gymfactory.eu\/wp-content\/uploads\/2025\/02\/HFF01-efoto.jpg\",\"datePublished\":\"2025-02-12T13:00:00+00:00\",\"dateModified\":\"2025-09-09T12:02:06+00:00\",\"description\":\"HFF01 fiksatorius u\u017etikrina tvirt\u0105 ir patikim\u0105 treniruokli\u0173 dali\u0173 laikym\u0105si, taip padidindamas \u012frangos stabilum\u0105 ir ilgalaik\u012f patvarum\u0105.\",\"breadcrumb\":{\"@id\":\"https:\/\/gymfactory.eu\/lt\/produktas\/hff01-uzraktas\/#breadcrumb\"},\"inLanguage\":\"lt-LT\",\"potentialAction\":[{\"@type\":\"ReadAction\",\"target\":[\"https:\/\/gymfactory.eu\/lt\/produktas\/hff01-uzraktas\/\"]}]},{\"@type\":\"ImageObject\",\"inLanguage\":\"lt-LT\",\"@id\":\"https:\/\/gymfactory.eu\/lt\/produktas\/hff01-uzraktas\/#primaryimage\",\"url\":\"https:\/\/gymfactory.eu\/wp-content\/uploads\/2025\/02\/HFF01-efoto.jpg\",\"contentUrl\":\"https:\/\/gymfactory.eu\/wp-content\/uploads\/2025\/02\/HFF01-efoto.jpg\",\"width\":1024,\"height\":1024},{\"@type\":\"BreadcrumbList\",\"@id\":\"https:\/\/gymfactory.eu\/lt\/produktas\/hff01-uzraktas\/#breadcrumb\",\"itemListElement\":[{\"@type\":\"ListItem\",\"position\":1,\"name\":\"Pagrindinis\",\"item\":\"https:\/\/gymfactory.eu\/lt\/\"},{\"@type\":\"ListItem\",\"position\":2,\"name\":\"Katalogas\",\"item\":\"https:\/\/gymfactory.eu\/lt\/katalogas\/\"},{\"@type\":\"ListItem\",\"position\":3,\"name\":\"HFF01 Fiksatorius\"}]},{\"@type\":\"WebSite\",\"@id\":\"https:\/\/gymfactory.eu\/lt\/#website\",\"url\":\"https:\/\/gymfactory.eu\/lt\/\",\"name\":\"Gym Factory\",\"description\":\"\",\"publisher\":{\"@id\":\"https:\/\/gymfactory.eu\/lt\/#organization\"},\"potentialAction\":[{\"@type\":\"SearchAction\",\"target\":{\"@type\":\"EntryPoint\",\"urlTemplate\":\"https:\/\/gymfactory.eu\/lt\/?s={search_term_string}\"},\"query-input\":{\"@type\":\"PropertyValueSpecification\",\"valueRequired\":true,\"valueName\":\"search_term_string\"}}],\"inLanguage\":\"lt-LT\"},{\"@type\":\"Organization\",\"@id\":\"https:\/\/gymfactory.eu\/lt\/#organization\",\"name\":\"Sporto sal\u0117s gamykla\",\"url\":\"https:\/\/gymfactory.eu\/lt\/\",\"logo\":{\"@type\":\"ImageObject\",\"inLanguage\":\"lt-LT\",\"@id\":\"https:\/\/gymfactory.eu\/lt\/#\/schema\/logo\/image\/\",\"url\":\"https:\/\/gymfactory.eu\/wp-content\/uploads\/2024\/11\/Component-1.svg\",\"contentUrl\":\"https:\/\/gymfactory.eu\/wp-content\/uploads\/2024\/11\/Component-1.svg\",\"width\":54,\"height\":44,\"caption\":\"Sporto sal\u0117s gamykla\"},\"image\":{\"@id\":\"https:\/\/gymfactory.eu\/lt\/#\/schema\/logo\/image\/\"}}]}<\/script>\n<!-- \/ Yoast SEO plugin. -->","yoast_head_json":{"title":"HFF01 fiksatorius - tvirta sporto sal\u0117s atsargin\u0117 dalis saugiam tvirtinimui","description":"HFF01 fiksatorius u\u017etikrina tvirt\u0105 ir patikim\u0105 treniruokli\u0173 dali\u0173 laikym\u0105si, taip padidindamas \u012frangos stabilum\u0105 ir ilgalaik\u012f patvarum\u0105.","robots":{"index":"index","follow":"follow","max-snippet":"max-snippet:-1","max-image-preview":"max-image-preview:large","max-video-preview":"max-video-preview:-1"},"canonical":"https:\/\/gymfactory.eu\/lt\/produktas\/hff01-uzraktas\/","og_locale":"lt_LT","og_type":"article","og_title":"HFF01 fiksatorius - tvirta sporto sal\u0117s atsargin\u0117 dalis saugiam tvirtinimui","og_description":"HFF01 fiksatorius u\u017etikrina tvirt\u0105 ir patikim\u0105 treniruokli\u0173 dali\u0173 laikym\u0105si, taip padidindamas \u012frangos stabilum\u0105 ir ilgalaik\u012f patvarum\u0105.","og_url":"https:\/\/gymfactory.eu\/lt\/produktas\/hff01-uzraktas\/","og_site_name":"Gym Factory","article_modified_time":"2025-09-09T12:02:06+00:00","og_image":[{"width":1024,"height":1024,"url":"https:\/\/gymfactory.eu\/wp-content\/uploads\/2025\/02\/HFF01-efoto.jpg","type":"image\/jpeg"}],"twitter_card":"summary_large_image","twitter_misc":{"Est. reading time":"1 minut\u0117"},"schema":{"@context":"https:\/\/schema.org","@graph":[{"@type":"WebPage","@id":"https:\/\/gymfactory.eu\/lt\/produktas\/hff01-uzraktas\/","url":"https:\/\/gymfactory.eu\/lt\/produktas\/hff01-uzraktas\/","name":"HFF01 fiksatorius - tvirta sporto sal\u0117s atsargin\u0117 dalis saugiam tvirtinimui","isPartOf":{"@id":"https:\/\/gymfactory.eu\/lt\/#website"},"primaryImageOfPage":{"@id":"https:\/\/gymfactory.eu\/lt\/produktas\/hff01-uzraktas\/#primaryimage"},"image":{"@id":"https:\/\/gymfactory.eu\/lt\/produktas\/hff01-uzraktas\/#primaryimage"},"thumbnailUrl":"https:\/\/gymfactory.eu\/wp-content\/uploads\/2025\/02\/HFF01-efoto.jpg","datePublished":"2025-02-12T13:00:00+00:00","dateModified":"2025-09-09T12:02:06+00:00","description":"HFF01 fiksatorius u\u017etikrina tvirt\u0105 ir patikim\u0105 treniruokli\u0173 dali\u0173 laikym\u0105si, taip padidindamas \u012frangos stabilum\u0105 ir ilgalaik\u012f patvarum\u0105.","breadcrumb":{"@id":"https:\/\/gymfactory.eu\/lt\/produktas\/hff01-uzraktas\/#breadcrumb"},"inLanguage":"lt-LT","potentialAction":[{"@type":"ReadAction","target":["https:\/\/gymfactory.eu\/lt\/produktas\/hff01-uzraktas\/"]}]},{"@type":"ImageObject","inLanguage":"lt-LT","@id":"https:\/\/gymfactory.eu\/lt\/produktas\/hff01-uzraktas\/#primaryimage","url":"https:\/\/gymfactory.eu\/wp-content\/uploads\/2025\/02\/HFF01-efoto.jpg","contentUrl":"https:\/\/gymfactory.eu\/wp-content\/uploads\/2025\/02\/HFF01-efoto.jpg","width":1024,"height":1024},{"@type":"BreadcrumbList","@id":"https:\/\/gymfactory.eu\/lt\/produktas\/hff01-uzraktas\/#breadcrumb","itemListElement":[{"@type":"ListItem","position":1,"name":"Pagrindinis","item":"https:\/\/gymfactory.eu\/lt\/"},{"@type":"ListItem","position":2,"name":"Katalogas","item":"https:\/\/gymfactory.eu\/lt\/katalogas\/"},{"@type":"ListItem","position":3,"name":"HFF01 Fiksatorius"}]},{"@type":"WebSite","@id":"https:\/\/gymfactory.eu\/lt\/#website","url":"https:\/\/gymfactory.eu\/lt\/","name":"Gym Factory","description":"","publisher":{"@id":"https:\/\/gymfactory.eu\/lt\/#organization"},"potentialAction":[{"@type":"SearchAction","target":{"@type":"EntryPoint","urlTemplate":"https:\/\/gymfactory.eu\/lt\/?s={search_term_string}"},"query-input":{"@type":"PropertyValueSpecification","valueRequired":true,"valueName":"search_term_string"}}],"inLanguage":"lt-LT"},{"@type":"Organization","@id":"https:\/\/gymfactory.eu\/lt\/#organization","name":"Sporto sal\u0117s gamykla","url":"https:\/\/gymfactory.eu\/lt\/","logo":{"@type":"ImageObject","inLanguage":"lt-LT","@id":"https:\/\/gymfactory.eu\/lt\/#\/schema\/logo\/image\/","url":"https:\/\/gymfactory.eu\/wp-content\/uploads\/2024\/11\/Component-1.svg","contentUrl":"https:\/\/gymfactory.eu\/wp-content\/uploads\/2024\/11\/Component-1.svg","width":54,"height":44,"caption":"Sporto sal\u0117s gamykla"},"image":{"@id":"https:\/\/gymfactory.eu\/lt\/#\/schema\/logo\/image\/"}}]}},"_links":{"self":[{"href":"https:\/\/gymfactory.eu\/lt\/wp-json\/wp\/v2\/product\/9975","targetHints":{"allow":["GET"]}}],"collection":[{"href":"https:\/\/gymfactory.eu\/lt\/wp-json\/wp\/v2\/product"}],"about":[{"href":"https:\/\/gymfactory.eu\/lt\/wp-json\/wp\/v2\/types\/product"}],"wp:featuredmedia":[{"embeddable":true,"href":"https:\/\/gymfactory.eu\/lt\/wp-json\/wp\/v2\/media\/7967"}],"wp:attachment":[{"href":"https:\/\/gymfactory.eu\/lt\/wp-json\/wp\/v2\/media?parent=9975"}],"wp:term":[{"taxonomy":"product_brand","embeddable":true,"href":"https:\/\/gymfactory.eu\/lt\/wp-json\/wp\/v2\/product_brand?post=9975"},{"taxonomy":"product_cat","embeddable":true,"href":"https:\/\/gymfactory.eu\/lt\/wp-json\/wp\/v2\/product_cat?post=9975"},{"taxonomy":"product_tag","embeddable":true,"href":"https:\/\/gymfactory.eu\/lt\/wp-json\/wp\/v2\/product_tag?post=9975"}],"curies":[{"name":"wp","href":"https:\/\/api.w.org\/{rel}","templated":true}]}}