{"id":9966,"date":"2025-02-12T09:54:58","date_gmt":"2025-02-12T07:54:58","guid":{"rendered":"https:\/\/gymfactory.eu\/product\/l5-eilutes-suoliukas\/"},"modified":"2025-12-03T14:17:30","modified_gmt":"2025-12-03T12:17:30","slug":"l5-eilutes-suoliukas","status":"publish","type":"product","link":"https:\/\/gymfactory.eu\/lt\/produktas\/l5-eilutes-suoliukas\/","title":{"rendered":"L5 Traukos suoliukas"},"content":{"rendered":"<p>L5 traukos suoliukas \u2013 fiksuotos pad\u0117ties j\u0117gos treniruo\u010di\u0173 \u012franga, skirta kontroliuojamiems traukos pratimams, lavinantiems vir\u0161utin\u0117s ir vidurin\u0117s nugaros raumenis. Tinka tiek nam\u0173 treniruot\u0117ms, tiek profesionalioms sporto sal\u0117ms.<\/p>\n<p>Suole \u012frengtos kelios \u0161tangos pad\u0117jimo pozicijos \u2013 tai leid\u017eia patogiai susireguliuoti pad\u0117t\u012f prie\u0161 kiekvien\u0105 pakartojim\u0105 ar serij\u0105. Integruota u\u017elipimo platforma padeda saugiai ir lengvai u\u017eimti treniruot\u0117s pozicij\u0105.<\/p>\n<p>Tvirtas, funkcionalus treniruoklis, padedantis izoliuoti nugaros raumenis traukos metu \u2013 u\u017etikrinant stabilum\u0105 ir taisykling\u0105 technik\u0105.<\/p>\n\n    <div class=\"xs_social_share_widget xs_share_url after_content \t\tmain_content  wslu-style-1 wslu-share-box-shaped wslu-fill-colored wslu-none wslu-share-horizontal wslu-theme-font-no wslu-main_content\">\n\n\t\t\n        <ul>\n\t\t\t        <\/ul>\n    <\/div> \n","protected":false},"excerpt":{"rendered":"<p>L5 traukos suoliukas \u2013 fiksuotos pad\u0117ties j\u0117gos treniruo\u010di\u0173 \u012franga, skirta kontroliuojamiems traukos pratimams, lavinantiems vir\u0161utin\u0117s ir vidurin\u0117s nugaros raumenis. Tinka tiek nam\u0173 treniruot\u0117ms, tiek profesionalioms sporto sal\u0117ms. Suole \u012frengtos kelios \u0161tangos pad\u0117jimo pozicijos \u2013 tai leid\u017eia patogiai susireguliuoti pad\u0117t\u012f prie\u0161 kiekvien\u0105 pakartojim\u0105 ar serij\u0105. Integruota u\u017elipimo platforma padeda saugiai ir lengvai u\u017eimti treniruot\u0117s pozicij\u0105. Tvirtas, [&hellip;]<\/p>\n","protected":false},"featured_media":8906,"template":"","meta":{"_acf_changed":false},"product_brand":[817],"product_cat":[437],"product_tag":[],"class_list":{"0":"post-9966","1":"product","2":"type-product","3":"status-publish","4":"has-post-thumbnail","6":"product_brand-gym-factory-lt","7":"product_cat-treniruociu-suolai","9":"first","10":"onbackorder","11":"taxable","12":"shipping-taxable","13":"purchasable","14":"product-type-variable","15":"has-default-attributes"},"acf":[],"yoast_head":"<!-- This site is optimized with the Yoast SEO plugin v25.2 - https:\/\/yoast.com\/wordpress\/plugins\/seo\/ -->\n<title>L5 eiliavimo suolas - geriausias treniruo\u010di\u0173 suolas irklavimo pratimams<\/title>\n<meta name=\"description\" content=\"Patvarus eili\u0173 suolelis puikiai tinka j\u0117gos treniruot\u0117ms ir papildo j\u016bs\u0173 nam\u0173 sporto sal\u0117s id\u0117jas, nes padeda veiksmingai treniruoti nugar\u0105 ir pagrind\u0105.\" \/>\n<meta name=\"robots\" content=\"index, follow, max-snippet:-1, max-image-preview:large, max-video-preview:-1\" \/>\n<link rel=\"canonical\" href=\"https:\/\/gymfactory.eu\/lt\/produktas\/l5-eilutes-suoliukas\/\" \/>\n<meta property=\"og:locale\" content=\"lt_LT\" \/>\n<meta property=\"og:type\" content=\"article\" \/>\n<meta property=\"og:title\" content=\"L5 eiliavimo suolas - geriausias treniruo\u010di\u0173 suolas irklavimo pratimams\" \/>\n<meta property=\"og:description\" content=\"Patvarus eili\u0173 suolelis puikiai tinka j\u0117gos treniruot\u0117ms ir papildo j\u016bs\u0173 nam\u0173 sporto sal\u0117s id\u0117jas, nes padeda veiksmingai treniruoti nugar\u0105 ir pagrind\u0105.\" \/>\n<meta property=\"og:url\" content=\"https:\/\/gymfactory.eu\/lt\/produktas\/l5-eilutes-suoliukas\/\" \/>\n<meta property=\"og:site_name\" content=\"Gym Factory\" \/>\n<meta property=\"article:modified_time\" content=\"2025-12-03T12:17:30+00:00\" \/>\n<meta property=\"og:image\" content=\"https:\/\/gymfactory.eu\/wp-content\/uploads\/2025\/02\/best-workout-bench-heavy-duty-frame-2.webp\" \/>\n\t<meta property=\"og:image:width\" content=\"1500\" \/>\n\t<meta property=\"og:image:height\" content=\"1500\" \/>\n\t<meta property=\"og:image:type\" content=\"image\/webp\" \/>\n<meta name=\"twitter:card\" content=\"summary_large_image\" \/>\n<meta name=\"twitter:label1\" content=\"Est. reading time\" \/>\n\t<meta name=\"twitter:data1\" content=\"1 minut\u0117\" \/>\n<script type=\"application\/ld+json\" class=\"yoast-schema-graph\">{\"@context\":\"https:\/\/schema.org\",\"@graph\":[{\"@type\":\"WebPage\",\"@id\":\"https:\/\/gymfactory.eu\/lt\/produktas\/l5-eilutes-suoliukas\/\",\"url\":\"https:\/\/gymfactory.eu\/lt\/produktas\/l5-eilutes-suoliukas\/\",\"name\":\"L5 eiliavimo suolas - geriausias treniruo\u010di\u0173 suolas irklavimo pratimams\",\"isPartOf\":{\"@id\":\"https:\/\/gymfactory.eu\/lt\/#website\"},\"primaryImageOfPage\":{\"@id\":\"https:\/\/gymfactory.eu\/lt\/produktas\/l5-eilutes-suoliukas\/#primaryimage\"},\"image\":{\"@id\":\"https:\/\/gymfactory.eu\/lt\/produktas\/l5-eilutes-suoliukas\/#primaryimage\"},\"thumbnailUrl\":\"https:\/\/gymfactory.eu\/wp-content\/uploads\/2025\/02\/best-workout-bench-heavy-duty-frame-2.webp\",\"datePublished\":\"2025-02-12T07:54:58+00:00\",\"dateModified\":\"2025-12-03T12:17:30+00:00\",\"description\":\"Patvarus eili\u0173 suolelis puikiai tinka j\u0117gos treniruot\u0117ms ir papildo j\u016bs\u0173 nam\u0173 sporto sal\u0117s id\u0117jas, nes padeda veiksmingai treniruoti nugar\u0105 ir pagrind\u0105.\",\"breadcrumb\":{\"@id\":\"https:\/\/gymfactory.eu\/lt\/produktas\/l5-eilutes-suoliukas\/#breadcrumb\"},\"inLanguage\":\"lt-LT\",\"potentialAction\":[{\"@type\":\"ReadAction\",\"target\":[\"https:\/\/gymfactory.eu\/lt\/produktas\/l5-eilutes-suoliukas\/\"]}]},{\"@type\":\"ImageObject\",\"inLanguage\":\"lt-LT\",\"@id\":\"https:\/\/gymfactory.eu\/lt\/produktas\/l5-eilutes-suoliukas\/#primaryimage\",\"url\":\"https:\/\/gymfactory.eu\/wp-content\/uploads\/2025\/02\/best-workout-bench-heavy-duty-frame-2.webp\",\"contentUrl\":\"https:\/\/gymfactory.eu\/wp-content\/uploads\/2025\/02\/best-workout-bench-heavy-duty-frame-2.webp\",\"width\":1500,\"height\":1500,\"caption\":\"Juodos spalvos didelio galingumo j\u0117gos treniruokli\u0173 \u012franga namams su eleganti\u0161ku ir patvariu plieniniu r\u0117mu. Treniruo\u010di\u0173 suolas turi ergonomi\u0161k\u0105 mink\u0161t\u0105 vir\u0161\u0173 ir \u012fmontuot\u0105 atram\u0105 kojoms, kad b\u016bt\u0173 u\u017etikrintas optimalus komfortas ir pusiausvyra.\"},{\"@type\":\"BreadcrumbList\",\"@id\":\"https:\/\/gymfactory.eu\/lt\/produktas\/l5-eilutes-suoliukas\/#breadcrumb\",\"itemListElement\":[{\"@type\":\"ListItem\",\"position\":1,\"name\":\"Pagrindinis\",\"item\":\"https:\/\/gymfactory.eu\/lt\/\"},{\"@type\":\"ListItem\",\"position\":2,\"name\":\"Katalogas\",\"item\":\"https:\/\/gymfactory.eu\/lt\/katalogas\/\"},{\"@type\":\"ListItem\",\"position\":3,\"name\":\"L5 Traukos suoliukas\"}]},{\"@type\":\"WebSite\",\"@id\":\"https:\/\/gymfactory.eu\/lt\/#website\",\"url\":\"https:\/\/gymfactory.eu\/lt\/\",\"name\":\"Gym Factory\",\"description\":\"\",\"publisher\":{\"@id\":\"https:\/\/gymfactory.eu\/lt\/#organization\"},\"potentialAction\":[{\"@type\":\"SearchAction\",\"target\":{\"@type\":\"EntryPoint\",\"urlTemplate\":\"https:\/\/gymfactory.eu\/lt\/?s={search_term_string}\"},\"query-input\":{\"@type\":\"PropertyValueSpecification\",\"valueRequired\":true,\"valueName\":\"search_term_string\"}}],\"inLanguage\":\"lt-LT\"},{\"@type\":\"Organization\",\"@id\":\"https:\/\/gymfactory.eu\/lt\/#organization\",\"name\":\"Sporto sal\u0117s gamykla\",\"url\":\"https:\/\/gymfactory.eu\/lt\/\",\"logo\":{\"@type\":\"ImageObject\",\"inLanguage\":\"lt-LT\",\"@id\":\"https:\/\/gymfactory.eu\/lt\/#\/schema\/logo\/image\/\",\"url\":\"https:\/\/gymfactory.eu\/wp-content\/uploads\/2024\/11\/Component-1.svg\",\"contentUrl\":\"https:\/\/gymfactory.eu\/wp-content\/uploads\/2024\/11\/Component-1.svg\",\"width\":54,\"height\":44,\"caption\":\"Sporto sal\u0117s gamykla\"},\"image\":{\"@id\":\"https:\/\/gymfactory.eu\/lt\/#\/schema\/logo\/image\/\"}}]}<\/script>\n<!-- \/ Yoast SEO plugin. -->","yoast_head_json":{"title":"L5 eiliavimo suolas - geriausias treniruo\u010di\u0173 suolas irklavimo pratimams","description":"Patvarus eili\u0173 suolelis puikiai tinka j\u0117gos treniruot\u0117ms ir papildo j\u016bs\u0173 nam\u0173 sporto sal\u0117s id\u0117jas, nes padeda veiksmingai treniruoti nugar\u0105 ir pagrind\u0105.","robots":{"index":"index","follow":"follow","max-snippet":"max-snippet:-1","max-image-preview":"max-image-preview:large","max-video-preview":"max-video-preview:-1"},"canonical":"https:\/\/gymfactory.eu\/lt\/produktas\/l5-eilutes-suoliukas\/","og_locale":"lt_LT","og_type":"article","og_title":"L5 eiliavimo suolas - geriausias treniruo\u010di\u0173 suolas irklavimo pratimams","og_description":"Patvarus eili\u0173 suolelis puikiai tinka j\u0117gos treniruot\u0117ms ir papildo j\u016bs\u0173 nam\u0173 sporto sal\u0117s id\u0117jas, nes padeda veiksmingai treniruoti nugar\u0105 ir pagrind\u0105.","og_url":"https:\/\/gymfactory.eu\/lt\/produktas\/l5-eilutes-suoliukas\/","og_site_name":"Gym Factory","article_modified_time":"2025-12-03T12:17:30+00:00","og_image":[{"width":1500,"height":1500,"url":"https:\/\/gymfactory.eu\/wp-content\/uploads\/2025\/02\/best-workout-bench-heavy-duty-frame-2.webp","type":"image\/webp"}],"twitter_card":"summary_large_image","twitter_misc":{"Est. reading time":"1 minut\u0117"},"schema":{"@context":"https:\/\/schema.org","@graph":[{"@type":"WebPage","@id":"https:\/\/gymfactory.eu\/lt\/produktas\/l5-eilutes-suoliukas\/","url":"https:\/\/gymfactory.eu\/lt\/produktas\/l5-eilutes-suoliukas\/","name":"L5 eiliavimo suolas - geriausias treniruo\u010di\u0173 suolas irklavimo pratimams","isPartOf":{"@id":"https:\/\/gymfactory.eu\/lt\/#website"},"primaryImageOfPage":{"@id":"https:\/\/gymfactory.eu\/lt\/produktas\/l5-eilutes-suoliukas\/#primaryimage"},"image":{"@id":"https:\/\/gymfactory.eu\/lt\/produktas\/l5-eilutes-suoliukas\/#primaryimage"},"thumbnailUrl":"https:\/\/gymfactory.eu\/wp-content\/uploads\/2025\/02\/best-workout-bench-heavy-duty-frame-2.webp","datePublished":"2025-02-12T07:54:58+00:00","dateModified":"2025-12-03T12:17:30+00:00","description":"Patvarus eili\u0173 suolelis puikiai tinka j\u0117gos treniruot\u0117ms ir papildo j\u016bs\u0173 nam\u0173 sporto sal\u0117s id\u0117jas, nes padeda veiksmingai treniruoti nugar\u0105 ir pagrind\u0105.","breadcrumb":{"@id":"https:\/\/gymfactory.eu\/lt\/produktas\/l5-eilutes-suoliukas\/#breadcrumb"},"inLanguage":"lt-LT","potentialAction":[{"@type":"ReadAction","target":["https:\/\/gymfactory.eu\/lt\/produktas\/l5-eilutes-suoliukas\/"]}]},{"@type":"ImageObject","inLanguage":"lt-LT","@id":"https:\/\/gymfactory.eu\/lt\/produktas\/l5-eilutes-suoliukas\/#primaryimage","url":"https:\/\/gymfactory.eu\/wp-content\/uploads\/2025\/02\/best-workout-bench-heavy-duty-frame-2.webp","contentUrl":"https:\/\/gymfactory.eu\/wp-content\/uploads\/2025\/02\/best-workout-bench-heavy-duty-frame-2.webp","width":1500,"height":1500,"caption":"Juodos spalvos didelio galingumo j\u0117gos treniruokli\u0173 \u012franga namams su eleganti\u0161ku ir patvariu plieniniu r\u0117mu. Treniruo\u010di\u0173 suolas turi ergonomi\u0161k\u0105 mink\u0161t\u0105 vir\u0161\u0173 ir \u012fmontuot\u0105 atram\u0105 kojoms, kad b\u016bt\u0173 u\u017etikrintas optimalus komfortas ir pusiausvyra."},{"@type":"BreadcrumbList","@id":"https:\/\/gymfactory.eu\/lt\/produktas\/l5-eilutes-suoliukas\/#breadcrumb","itemListElement":[{"@type":"ListItem","position":1,"name":"Pagrindinis","item":"https:\/\/gymfactory.eu\/lt\/"},{"@type":"ListItem","position":2,"name":"Katalogas","item":"https:\/\/gymfactory.eu\/lt\/katalogas\/"},{"@type":"ListItem","position":3,"name":"L5 Traukos suoliukas"}]},{"@type":"WebSite","@id":"https:\/\/gymfactory.eu\/lt\/#website","url":"https:\/\/gymfactory.eu\/lt\/","name":"Gym Factory","description":"","publisher":{"@id":"https:\/\/gymfactory.eu\/lt\/#organization"},"potentialAction":[{"@type":"SearchAction","target":{"@type":"EntryPoint","urlTemplate":"https:\/\/gymfactory.eu\/lt\/?s={search_term_string}"},"query-input":{"@type":"PropertyValueSpecification","valueRequired":true,"valueName":"search_term_string"}}],"inLanguage":"lt-LT"},{"@type":"Organization","@id":"https:\/\/gymfactory.eu\/lt\/#organization","name":"Sporto sal\u0117s gamykla","url":"https:\/\/gymfactory.eu\/lt\/","logo":{"@type":"ImageObject","inLanguage":"lt-LT","@id":"https:\/\/gymfactory.eu\/lt\/#\/schema\/logo\/image\/","url":"https:\/\/gymfactory.eu\/wp-content\/uploads\/2024\/11\/Component-1.svg","contentUrl":"https:\/\/gymfactory.eu\/wp-content\/uploads\/2024\/11\/Component-1.svg","width":54,"height":44,"caption":"Sporto sal\u0117s gamykla"},"image":{"@id":"https:\/\/gymfactory.eu\/lt\/#\/schema\/logo\/image\/"}}]}},"_links":{"self":[{"href":"https:\/\/gymfactory.eu\/lt\/wp-json\/wp\/v2\/product\/9966","targetHints":{"allow":["GET"]}}],"collection":[{"href":"https:\/\/gymfactory.eu\/lt\/wp-json\/wp\/v2\/product"}],"about":[{"href":"https:\/\/gymfactory.eu\/lt\/wp-json\/wp\/v2\/types\/product"}],"wp:featuredmedia":[{"embeddable":true,"href":"https:\/\/gymfactory.eu\/lt\/wp-json\/wp\/v2\/media\/8906"}],"wp:attachment":[{"href":"https:\/\/gymfactory.eu\/lt\/wp-json\/wp\/v2\/media?parent=9966"}],"wp:term":[{"taxonomy":"product_brand","embeddable":true,"href":"https:\/\/gymfactory.eu\/lt\/wp-json\/wp\/v2\/product_brand?post=9966"},{"taxonomy":"product_cat","embeddable":true,"href":"https:\/\/gymfactory.eu\/lt\/wp-json\/wp\/v2\/product_cat?post=9966"},{"taxonomy":"product_tag","embeddable":true,"href":"https:\/\/gymfactory.eu\/lt\/wp-json\/wp\/v2\/product_tag?post=9966"}],"curies":[{"name":"wp","href":"https:\/\/api.w.org\/{rel}","templated":true}]}}