{"id":9962,"date":"2025-02-12T15:00:00","date_gmt":"2025-02-12T13:00:00","guid":{"rendered":"https:\/\/gymfactory.eu\/product\/hda-plastikinis-apvaliu-vamzdziu-galinis-dangtelis\/"},"modified":"2025-09-09T14:57:25","modified_gmt":"2025-09-09T11:57:25","slug":"hda-plastikinis-apvaliu-vamzdziu-galinis-dangtelis","status":"publish","type":"product","link":"https:\/\/gymfactory.eu\/lt\/produktas\/hda-plastikinis-apvaliu-vamzdziu-galinis-dangtelis\/","title":{"rendered":"HDA Plastikinis dangtelis"},"content":{"rendered":"<p>HDA plastikinis dangtelis skirtas tvarkingai u\u017edengti atvirus apvali\u0173 vamzd\u017ei\u0173 galus. Jis suteikia esteti\u0161k\u0105 i\u0161vaizd\u0105 ir apsaugo nuo dulki\u0173, \u0161iuk\u0161li\u0173 bei kit\u0173 ne\u0161varum\u0173 patekimo. Pagamintas i\u0161 auk\u0161tos kokyb\u0117s plastiko, juodos spalvos su subtiliu blizgesiu, tinka naudoti tiek viduje, tiek lauke.<\/p>\n<p><strong>Galimi variantai:<\/strong><\/p>\n<ul>\n<li>HDA3a \u2013 25 mm (blizgus pavir\u0161ius)<\/li>\n<li>HDA3b \u2013 25 mm<\/li>\n<li>HDA4a \u2013 30 mm<\/li>\n<li>HDA4b \u2013 38 mm<\/li>\n<li>HDA5b \u2013 50 mm (plok\u0161\u010dias vir\u0161us)<\/li>\n<li>HDA5a \u2013 50 mm (apvalintas vir\u0161us)<\/li>\n<\/ul>\n<p>Pasirinkite dyd\u012f pagal savo vamzd\u017eio matmenis.<\/p>\n\n    <div class=\"xs_social_share_widget xs_share_url after_content \t\tmain_content  wslu-style-1 wslu-share-box-shaped wslu-fill-colored wslu-none wslu-share-horizontal wslu-theme-font-no wslu-main_content\">\n\n\t\t\n        <ul>\n\t\t\t        <\/ul>\n    <\/div> \n","protected":false},"excerpt":{"rendered":"<p>HDA plastikinis dangtelis skirtas tvarkingai u\u017edengti atvirus apvali\u0173 vamzd\u017ei\u0173 galus. Jis suteikia esteti\u0161k\u0105 i\u0161vaizd\u0105 ir apsaugo nuo dulki\u0173, \u0161iuk\u0161li\u0173 bei kit\u0173 ne\u0161varum\u0173 patekimo. Pagamintas i\u0161 auk\u0161tos kokyb\u0117s plastiko, juodos spalvos su subtiliu blizgesiu, tinka naudoti tiek viduje, tiek lauke. Galimi variantai: HDA3a \u2013 25 mm (blizgus pavir\u0161ius) HDA3b \u2013 25 mm HDA4a \u2013 30 mm [&hellip;]<\/p>\n","protected":false},"featured_media":7959,"template":"","meta":{"_acf_changed":false},"product_brand":[56],"product_cat":[392],"product_tag":[],"class_list":{"0":"post-9962","1":"product","2":"type-product","3":"status-publish","4":"has-post-thumbnail","6":"product_brand-gym-factory","7":"product_cat-atsargines-dalys","9":"first","10":"instock","11":"taxable","12":"shipping-taxable","13":"purchasable","14":"product-type-variable"},"acf":[],"yoast_head":"<!-- This site is optimized with the Yoast SEO plugin v25.2 - https:\/\/yoast.com\/wordpress\/plugins\/seo\/ -->\n<title>Apvali\u0173 vamzd\u017ei\u0173 plastikiniai galiniai dangteliai | HDA serija | Dyd\u017eiai 25-50 mm<\/title>\n<meta name=\"description\" content=\"Apvali\u0173 vamzd\u017ei\u0173 plastikiniai galiniai dangteliai, HDA serija. Galima rinktis nuo 25 mm iki 50 mm dyd\u017ei\u0173 su skirtinga pavir\u0161iaus apdaila. Tinka bendram vamzd\u017ei\u0173 gal\u0173 u\u017edengimui.\" \/>\n<meta name=\"robots\" content=\"index, follow, max-snippet:-1, max-image-preview:large, max-video-preview:-1\" \/>\n<link rel=\"canonical\" href=\"https:\/\/gymfactory.eu\/lt\/produktas\/hda-plastikinis-apvaliu-vamzdziu-galinis-dangtelis\/\" \/>\n<meta property=\"og:locale\" content=\"lt_LT\" \/>\n<meta property=\"og:type\" content=\"article\" \/>\n<meta property=\"og:title\" content=\"Apvali\u0173 vamzd\u017ei\u0173 plastikiniai galiniai dangteliai | HDA serija | Dyd\u017eiai 25-50 mm\" \/>\n<meta property=\"og:description\" content=\"Apvali\u0173 vamzd\u017ei\u0173 plastikiniai galiniai dangteliai, HDA serija. Galima rinktis nuo 25 mm iki 50 mm dyd\u017ei\u0173 su skirtinga pavir\u0161iaus apdaila. Tinka bendram vamzd\u017ei\u0173 gal\u0173 u\u017edengimui.\" \/>\n<meta property=\"og:url\" content=\"https:\/\/gymfactory.eu\/lt\/produktas\/hda-plastikinis-apvaliu-vamzdziu-galinis-dangtelis\/\" \/>\n<meta property=\"og:site_name\" content=\"Gym Factory\" \/>\n<meta property=\"article:modified_time\" content=\"2025-09-09T11:57:25+00:00\" \/>\n<meta property=\"og:image\" content=\"https:\/\/gymfactory.eu\/wp-content\/uploads\/2025\/02\/HDA5b-efoto.jpg\" \/>\n\t<meta property=\"og:image:width\" content=\"1024\" \/>\n\t<meta property=\"og:image:height\" content=\"1024\" \/>\n\t<meta property=\"og:image:type\" content=\"image\/jpeg\" \/>\n<meta name=\"twitter:card\" content=\"summary_large_image\" \/>\n<meta name=\"twitter:label1\" content=\"Est. reading time\" \/>\n\t<meta name=\"twitter:data1\" content=\"1 minut\u0117\" \/>\n<script type=\"application\/ld+json\" class=\"yoast-schema-graph\">{\"@context\":\"https:\/\/schema.org\",\"@graph\":[{\"@type\":\"WebPage\",\"@id\":\"https:\/\/gymfactory.eu\/lt\/produktas\/hda-plastikinis-apvaliu-vamzdziu-galinis-dangtelis\/\",\"url\":\"https:\/\/gymfactory.eu\/lt\/produktas\/hda-plastikinis-apvaliu-vamzdziu-galinis-dangtelis\/\",\"name\":\"Apvali\u0173 vamzd\u017ei\u0173 plastikiniai galiniai dangteliai | HDA serija | Dyd\u017eiai 25-50 mm\",\"isPartOf\":{\"@id\":\"https:\/\/gymfactory.eu\/lt\/#website\"},\"primaryImageOfPage\":{\"@id\":\"https:\/\/gymfactory.eu\/lt\/produktas\/hda-plastikinis-apvaliu-vamzdziu-galinis-dangtelis\/#primaryimage\"},\"image\":{\"@id\":\"https:\/\/gymfactory.eu\/lt\/produktas\/hda-plastikinis-apvaliu-vamzdziu-galinis-dangtelis\/#primaryimage\"},\"thumbnailUrl\":\"https:\/\/gymfactory.eu\/wp-content\/uploads\/2025\/02\/HDA5b-efoto.jpg\",\"datePublished\":\"2025-02-12T13:00:00+00:00\",\"dateModified\":\"2025-09-09T11:57:25+00:00\",\"description\":\"Apvali\u0173 vamzd\u017ei\u0173 plastikiniai galiniai dangteliai, HDA serija. Galima rinktis nuo 25 mm iki 50 mm dyd\u017ei\u0173 su skirtinga pavir\u0161iaus apdaila. Tinka bendram vamzd\u017ei\u0173 gal\u0173 u\u017edengimui.\",\"breadcrumb\":{\"@id\":\"https:\/\/gymfactory.eu\/lt\/produktas\/hda-plastikinis-apvaliu-vamzdziu-galinis-dangtelis\/#breadcrumb\"},\"inLanguage\":\"lt-LT\",\"potentialAction\":[{\"@type\":\"ReadAction\",\"target\":[\"https:\/\/gymfactory.eu\/lt\/produktas\/hda-plastikinis-apvaliu-vamzdziu-galinis-dangtelis\/\"]}]},{\"@type\":\"ImageObject\",\"inLanguage\":\"lt-LT\",\"@id\":\"https:\/\/gymfactory.eu\/lt\/produktas\/hda-plastikinis-apvaliu-vamzdziu-galinis-dangtelis\/#primaryimage\",\"url\":\"https:\/\/gymfactory.eu\/wp-content\/uploads\/2025\/02\/HDA5b-efoto.jpg\",\"contentUrl\":\"https:\/\/gymfactory.eu\/wp-content\/uploads\/2025\/02\/HDA5b-efoto.jpg\",\"width\":1024,\"height\":1024},{\"@type\":\"BreadcrumbList\",\"@id\":\"https:\/\/gymfactory.eu\/lt\/produktas\/hda-plastikinis-apvaliu-vamzdziu-galinis-dangtelis\/#breadcrumb\",\"itemListElement\":[{\"@type\":\"ListItem\",\"position\":1,\"name\":\"Pagrindinis\",\"item\":\"https:\/\/gymfactory.eu\/lt\/\"},{\"@type\":\"ListItem\",\"position\":2,\"name\":\"Katalogas\",\"item\":\"https:\/\/gymfactory.eu\/lt\/katalogas\/\"},{\"@type\":\"ListItem\",\"position\":3,\"name\":\"HDA Plastikinis dangtelis\"}]},{\"@type\":\"WebSite\",\"@id\":\"https:\/\/gymfactory.eu\/lt\/#website\",\"url\":\"https:\/\/gymfactory.eu\/lt\/\",\"name\":\"Gym Factory\",\"description\":\"\",\"publisher\":{\"@id\":\"https:\/\/gymfactory.eu\/lt\/#organization\"},\"potentialAction\":[{\"@type\":\"SearchAction\",\"target\":{\"@type\":\"EntryPoint\",\"urlTemplate\":\"https:\/\/gymfactory.eu\/lt\/?s={search_term_string}\"},\"query-input\":{\"@type\":\"PropertyValueSpecification\",\"valueRequired\":true,\"valueName\":\"search_term_string\"}}],\"inLanguage\":\"lt-LT\"},{\"@type\":\"Organization\",\"@id\":\"https:\/\/gymfactory.eu\/lt\/#organization\",\"name\":\"Sporto sal\u0117s gamykla\",\"url\":\"https:\/\/gymfactory.eu\/lt\/\",\"logo\":{\"@type\":\"ImageObject\",\"inLanguage\":\"lt-LT\",\"@id\":\"https:\/\/gymfactory.eu\/lt\/#\/schema\/logo\/image\/\",\"url\":\"https:\/\/gymfactory.eu\/wp-content\/uploads\/2024\/11\/Component-1.svg\",\"contentUrl\":\"https:\/\/gymfactory.eu\/wp-content\/uploads\/2024\/11\/Component-1.svg\",\"width\":54,\"height\":44,\"caption\":\"Sporto sal\u0117s gamykla\"},\"image\":{\"@id\":\"https:\/\/gymfactory.eu\/lt\/#\/schema\/logo\/image\/\"}}]}<\/script>\n<!-- \/ Yoast SEO plugin. -->","yoast_head_json":{"title":"Apvali\u0173 vamzd\u017ei\u0173 plastikiniai galiniai dangteliai | HDA serija | Dyd\u017eiai 25-50 mm","description":"Apvali\u0173 vamzd\u017ei\u0173 plastikiniai galiniai dangteliai, HDA serija. Galima rinktis nuo 25 mm iki 50 mm dyd\u017ei\u0173 su skirtinga pavir\u0161iaus apdaila. Tinka bendram vamzd\u017ei\u0173 gal\u0173 u\u017edengimui.","robots":{"index":"index","follow":"follow","max-snippet":"max-snippet:-1","max-image-preview":"max-image-preview:large","max-video-preview":"max-video-preview:-1"},"canonical":"https:\/\/gymfactory.eu\/lt\/produktas\/hda-plastikinis-apvaliu-vamzdziu-galinis-dangtelis\/","og_locale":"lt_LT","og_type":"article","og_title":"Apvali\u0173 vamzd\u017ei\u0173 plastikiniai galiniai dangteliai | HDA serija | Dyd\u017eiai 25-50 mm","og_description":"Apvali\u0173 vamzd\u017ei\u0173 plastikiniai galiniai dangteliai, HDA serija. Galima rinktis nuo 25 mm iki 50 mm dyd\u017ei\u0173 su skirtinga pavir\u0161iaus apdaila. Tinka bendram vamzd\u017ei\u0173 gal\u0173 u\u017edengimui.","og_url":"https:\/\/gymfactory.eu\/lt\/produktas\/hda-plastikinis-apvaliu-vamzdziu-galinis-dangtelis\/","og_site_name":"Gym Factory","article_modified_time":"2025-09-09T11:57:25+00:00","og_image":[{"width":1024,"height":1024,"url":"https:\/\/gymfactory.eu\/wp-content\/uploads\/2025\/02\/HDA5b-efoto.jpg","type":"image\/jpeg"}],"twitter_card":"summary_large_image","twitter_misc":{"Est. reading time":"1 minut\u0117"},"schema":{"@context":"https:\/\/schema.org","@graph":[{"@type":"WebPage","@id":"https:\/\/gymfactory.eu\/lt\/produktas\/hda-plastikinis-apvaliu-vamzdziu-galinis-dangtelis\/","url":"https:\/\/gymfactory.eu\/lt\/produktas\/hda-plastikinis-apvaliu-vamzdziu-galinis-dangtelis\/","name":"Apvali\u0173 vamzd\u017ei\u0173 plastikiniai galiniai dangteliai | HDA serija | Dyd\u017eiai 25-50 mm","isPartOf":{"@id":"https:\/\/gymfactory.eu\/lt\/#website"},"primaryImageOfPage":{"@id":"https:\/\/gymfactory.eu\/lt\/produktas\/hda-plastikinis-apvaliu-vamzdziu-galinis-dangtelis\/#primaryimage"},"image":{"@id":"https:\/\/gymfactory.eu\/lt\/produktas\/hda-plastikinis-apvaliu-vamzdziu-galinis-dangtelis\/#primaryimage"},"thumbnailUrl":"https:\/\/gymfactory.eu\/wp-content\/uploads\/2025\/02\/HDA5b-efoto.jpg","datePublished":"2025-02-12T13:00:00+00:00","dateModified":"2025-09-09T11:57:25+00:00","description":"Apvali\u0173 vamzd\u017ei\u0173 plastikiniai galiniai dangteliai, HDA serija. Galima rinktis nuo 25 mm iki 50 mm dyd\u017ei\u0173 su skirtinga pavir\u0161iaus apdaila. Tinka bendram vamzd\u017ei\u0173 gal\u0173 u\u017edengimui.","breadcrumb":{"@id":"https:\/\/gymfactory.eu\/lt\/produktas\/hda-plastikinis-apvaliu-vamzdziu-galinis-dangtelis\/#breadcrumb"},"inLanguage":"lt-LT","potentialAction":[{"@type":"ReadAction","target":["https:\/\/gymfactory.eu\/lt\/produktas\/hda-plastikinis-apvaliu-vamzdziu-galinis-dangtelis\/"]}]},{"@type":"ImageObject","inLanguage":"lt-LT","@id":"https:\/\/gymfactory.eu\/lt\/produktas\/hda-plastikinis-apvaliu-vamzdziu-galinis-dangtelis\/#primaryimage","url":"https:\/\/gymfactory.eu\/wp-content\/uploads\/2025\/02\/HDA5b-efoto.jpg","contentUrl":"https:\/\/gymfactory.eu\/wp-content\/uploads\/2025\/02\/HDA5b-efoto.jpg","width":1024,"height":1024},{"@type":"BreadcrumbList","@id":"https:\/\/gymfactory.eu\/lt\/produktas\/hda-plastikinis-apvaliu-vamzdziu-galinis-dangtelis\/#breadcrumb","itemListElement":[{"@type":"ListItem","position":1,"name":"Pagrindinis","item":"https:\/\/gymfactory.eu\/lt\/"},{"@type":"ListItem","position":2,"name":"Katalogas","item":"https:\/\/gymfactory.eu\/lt\/katalogas\/"},{"@type":"ListItem","position":3,"name":"HDA Plastikinis dangtelis"}]},{"@type":"WebSite","@id":"https:\/\/gymfactory.eu\/lt\/#website","url":"https:\/\/gymfactory.eu\/lt\/","name":"Gym Factory","description":"","publisher":{"@id":"https:\/\/gymfactory.eu\/lt\/#organization"},"potentialAction":[{"@type":"SearchAction","target":{"@type":"EntryPoint","urlTemplate":"https:\/\/gymfactory.eu\/lt\/?s={search_term_string}"},"query-input":{"@type":"PropertyValueSpecification","valueRequired":true,"valueName":"search_term_string"}}],"inLanguage":"lt-LT"},{"@type":"Organization","@id":"https:\/\/gymfactory.eu\/lt\/#organization","name":"Sporto sal\u0117s gamykla","url":"https:\/\/gymfactory.eu\/lt\/","logo":{"@type":"ImageObject","inLanguage":"lt-LT","@id":"https:\/\/gymfactory.eu\/lt\/#\/schema\/logo\/image\/","url":"https:\/\/gymfactory.eu\/wp-content\/uploads\/2024\/11\/Component-1.svg","contentUrl":"https:\/\/gymfactory.eu\/wp-content\/uploads\/2024\/11\/Component-1.svg","width":54,"height":44,"caption":"Sporto sal\u0117s gamykla"},"image":{"@id":"https:\/\/gymfactory.eu\/lt\/#\/schema\/logo\/image\/"}}]}},"_links":{"self":[{"href":"https:\/\/gymfactory.eu\/lt\/wp-json\/wp\/v2\/product\/9962","targetHints":{"allow":["GET"]}}],"collection":[{"href":"https:\/\/gymfactory.eu\/lt\/wp-json\/wp\/v2\/product"}],"about":[{"href":"https:\/\/gymfactory.eu\/lt\/wp-json\/wp\/v2\/types\/product"}],"wp:featuredmedia":[{"embeddable":true,"href":"https:\/\/gymfactory.eu\/lt\/wp-json\/wp\/v2\/media\/7959"}],"wp:attachment":[{"href":"https:\/\/gymfactory.eu\/lt\/wp-json\/wp\/v2\/media?parent=9962"}],"wp:term":[{"taxonomy":"product_brand","embeddable":true,"href":"https:\/\/gymfactory.eu\/lt\/wp-json\/wp\/v2\/product_brand?post=9962"},{"taxonomy":"product_cat","embeddable":true,"href":"https:\/\/gymfactory.eu\/lt\/wp-json\/wp\/v2\/product_cat?post=9962"},{"taxonomy":"product_tag","embeddable":true,"href":"https:\/\/gymfactory.eu\/lt\/wp-json\/wp\/v2\/product_tag?post=9962"}],"curies":[{"name":"wp","href":"https:\/\/api.w.org\/{rel}","templated":true}]}}