{"id":9960,"date":"2025-02-11T15:33:42","date_gmt":"2025-02-11T13:33:42","guid":{"rendered":"https:\/\/gymfactory.eu\/product\/l3xx-hiperekstenzijos-suoliukas-su-romeniska-kede\/"},"modified":"2025-12-03T14:14:22","modified_gmt":"2025-12-03T12:14:22","slug":"l3xx-hiperekstenzijos-suoliukas-su-romeniska-kede","status":"publish","type":"product","link":"https:\/\/gymfactory.eu\/lt\/produktas\/l3xx-hiperekstenzijos-suoliukas-su-romeniska-kede\/","title":{"rendered":"L3XX Rom\u0117ni\u0161kas suoliukas"},"content":{"rendered":"<p>L3XX rom\u0117ni\u0161kas suoliukas \u2013 j\u0117gos treniruo\u010di\u0173 \u012frenginys, skirtas nugaros tiesimams ir kitiems pratimams, lavinantiems apatin\u0119 nugaros dal\u012f, s\u0117dmenis ir u\u017epakalinius \u0161laun\u0173 raumenis.<\/p>\n<p>Reguliuojamo auk\u0161\u010dio p\u0117d\u0173 atrama u\u017etikrina stabili\u0105 koj\u0173 pad\u0117t\u012f, o reguliuojamas suoliuko kampas leid\u017eia prisitaikyti prie skirting\u0173 naudotoj\u0173 ar treniruo\u010di\u0173 tiksl\u0173. Mink\u0161tos atramos suteikia komforto ir padeda i\u0161laikyti taisykling\u0105 pad\u0117t\u012f viso pratimo metu.<\/p>\n<p>Tvirtas ir patikimas sprendimas tiek nam\u0173, tiek profesionalioms treniruot\u0117ms \u2013 efektyviam apatin\u0117s k\u016bno dalies ir centro raumen\u0173 lavinimui.<\/p>\n\n    <div class=\"xs_social_share_widget xs_share_url after_content \t\tmain_content  wslu-style-1 wslu-share-box-shaped wslu-fill-colored wslu-none wslu-share-horizontal wslu-theme-font-no wslu-main_content\">\n\n\t\t\n        <ul>\n\t\t\t        <\/ul>\n    <\/div> \n","protected":false},"excerpt":{"rendered":"<p>L3XX rom\u0117ni\u0161kas suoliukas \u2013 j\u0117gos treniruo\u010di\u0173 \u012frenginys, skirtas nugaros tiesimams ir kitiems pratimams, lavinantiems apatin\u0119 nugaros dal\u012f, s\u0117dmenis ir u\u017epakalinius \u0161laun\u0173 raumenis. Reguliuojamo auk\u0161\u010dio p\u0117d\u0173 atrama u\u017etikrina stabili\u0105 koj\u0173 pad\u0117t\u012f, o reguliuojamas suoliuko kampas leid\u017eia prisitaikyti prie skirting\u0173 naudotoj\u0173 ar treniruo\u010di\u0173 tiksl\u0173. Mink\u0161tos atramos suteikia komforto ir padeda i\u0161laikyti taisykling\u0105 pad\u0117t\u012f viso pratimo metu. Tvirtas [&hellip;]<\/p>\n","protected":false},"featured_media":9123,"template":"","meta":{"_acf_changed":false},"product_brand":[817],"product_cat":[437],"product_tag":[],"class_list":{"0":"post-9960","1":"product","2":"type-product","3":"status-publish","4":"has-post-thumbnail","6":"product_brand-gym-factory-lt","7":"product_cat-treniruociu-suolai","9":"first","10":"onbackorder","11":"taxable","12":"shipping-taxable","13":"purchasable","14":"product-type-variable","15":"has-default-attributes"},"acf":[],"yoast_head":"<!-- This site is optimized with the Yoast SEO plugin v25.2 - https:\/\/yoast.com\/wordpress\/plugins\/seo\/ -->\n<title>L3XX hiperekstenzijos pratim\u0173 suoliukas su reguliuojama rom\u0117n\u0173 k\u0117de<\/title>\n<meta name=\"description\" content=\"\u0160is nugaros hiperekstenzijos suolelis yra privalomas j\u0117gos treniruo\u010di\u0173 treniruoklis, puikiai tinkantis pagrindiniams ir apatiniams nugaros raumenims lavinti.\" \/>\n<meta name=\"robots\" content=\"index, follow, max-snippet:-1, max-image-preview:large, max-video-preview:-1\" \/>\n<link rel=\"canonical\" href=\"https:\/\/gymfactory.eu\/lt\/produktas\/l3xx-hiperekstenzijos-suoliukas-su-romeniska-kede\/\" \/>\n<meta property=\"og:locale\" content=\"lt_LT\" \/>\n<meta property=\"og:type\" content=\"article\" \/>\n<meta property=\"og:title\" content=\"L3XX hiperekstenzijos pratim\u0173 suoliukas su reguliuojama rom\u0117n\u0173 k\u0117de\" \/>\n<meta property=\"og:description\" content=\"\u0160is nugaros hiperekstenzijos suolelis yra privalomas j\u0117gos treniruo\u010di\u0173 treniruoklis, puikiai tinkantis pagrindiniams ir apatiniams nugaros raumenims lavinti.\" \/>\n<meta property=\"og:url\" content=\"https:\/\/gymfactory.eu\/lt\/produktas\/l3xx-hiperekstenzijos-suoliukas-su-romeniska-kede\/\" \/>\n<meta property=\"og:site_name\" content=\"Gym Factory\" \/>\n<meta property=\"article:modified_time\" content=\"2025-12-03T12:14:22+00:00\" \/>\n<meta property=\"og:image\" content=\"https:\/\/gymfactory.eu\/wp-content\/uploads\/2025\/02\/best-workout-bench-hyperextension-support-system-1.webp\" \/>\n\t<meta property=\"og:image:width\" content=\"1500\" \/>\n\t<meta property=\"og:image:height\" content=\"1500\" \/>\n\t<meta property=\"og:image:type\" content=\"image\/webp\" \/>\n<meta name=\"twitter:card\" content=\"summary_large_image\" \/>\n<meta name=\"twitter:label1\" content=\"Est. reading time\" \/>\n\t<meta name=\"twitter:data1\" content=\"1 minut\u0117\" \/>\n<script type=\"application\/ld+json\" class=\"yoast-schema-graph\">{\"@context\":\"https:\/\/schema.org\",\"@graph\":[{\"@type\":\"WebPage\",\"@id\":\"https:\/\/gymfactory.eu\/lt\/produktas\/l3xx-hiperekstenzijos-suoliukas-su-romeniska-kede\/\",\"url\":\"https:\/\/gymfactory.eu\/lt\/produktas\/l3xx-hiperekstenzijos-suoliukas-su-romeniska-kede\/\",\"name\":\"L3XX hiperekstenzijos pratim\u0173 suoliukas su reguliuojama rom\u0117n\u0173 k\u0117de\",\"isPartOf\":{\"@id\":\"https:\/\/gymfactory.eu\/lt\/#website\"},\"primaryImageOfPage\":{\"@id\":\"https:\/\/gymfactory.eu\/lt\/produktas\/l3xx-hiperekstenzijos-suoliukas-su-romeniska-kede\/#primaryimage\"},\"image\":{\"@id\":\"https:\/\/gymfactory.eu\/lt\/produktas\/l3xx-hiperekstenzijos-suoliukas-su-romeniska-kede\/#primaryimage\"},\"thumbnailUrl\":\"https:\/\/gymfactory.eu\/wp-content\/uploads\/2025\/02\/best-workout-bench-hyperextension-support-system-1.webp\",\"datePublished\":\"2025-02-11T13:33:42+00:00\",\"dateModified\":\"2025-12-03T12:14:22+00:00\",\"description\":\"\u0160is nugaros hiperekstenzijos suolelis yra privalomas j\u0117gos treniruo\u010di\u0173 treniruoklis, puikiai tinkantis pagrindiniams ir apatiniams nugaros raumenims lavinti.\",\"breadcrumb\":{\"@id\":\"https:\/\/gymfactory.eu\/lt\/produktas\/l3xx-hiperekstenzijos-suoliukas-su-romeniska-kede\/#breadcrumb\"},\"inLanguage\":\"lt-LT\",\"potentialAction\":[{\"@type\":\"ReadAction\",\"target\":[\"https:\/\/gymfactory.eu\/lt\/produktas\/l3xx-hiperekstenzijos-suoliukas-su-romeniska-kede\/\"]}]},{\"@type\":\"ImageObject\",\"inLanguage\":\"lt-LT\",\"@id\":\"https:\/\/gymfactory.eu\/lt\/produktas\/l3xx-hiperekstenzijos-suoliukas-su-romeniska-kede\/#primaryimage\",\"url\":\"https:\/\/gymfactory.eu\/wp-content\/uploads\/2025\/02\/best-workout-bench-hyperextension-support-system-1.webp\",\"contentUrl\":\"https:\/\/gymfactory.eu\/wp-content\/uploads\/2025\/02\/best-workout-bench-hyperextension-support-system-1.webp\",\"width\":1500,\"height\":1500,\"caption\":\"Namams skirta j\u0117gos treniruokli\u0173 \u012franga su reguliuojamu hiperekstenzijos suolu, dvigubais p\u0117d\u0173 ritin\u0117liais ir ergonomi\u0161ku pamink\u0161tinimu, u\u017etikrinan\u010diu optimal\u0173 komfort\u0105 ir atram\u0105.\"},{\"@type\":\"BreadcrumbList\",\"@id\":\"https:\/\/gymfactory.eu\/lt\/produktas\/l3xx-hiperekstenzijos-suoliukas-su-romeniska-kede\/#breadcrumb\",\"itemListElement\":[{\"@type\":\"ListItem\",\"position\":1,\"name\":\"Pagrindinis\",\"item\":\"https:\/\/gymfactory.eu\/lt\/\"},{\"@type\":\"ListItem\",\"position\":2,\"name\":\"Katalogas\",\"item\":\"https:\/\/gymfactory.eu\/lt\/katalogas\/\"},{\"@type\":\"ListItem\",\"position\":3,\"name\":\"L3XX Rom\u0117ni\u0161kas suoliukas\"}]},{\"@type\":\"WebSite\",\"@id\":\"https:\/\/gymfactory.eu\/lt\/#website\",\"url\":\"https:\/\/gymfactory.eu\/lt\/\",\"name\":\"Gym Factory\",\"description\":\"\",\"publisher\":{\"@id\":\"https:\/\/gymfactory.eu\/lt\/#organization\"},\"potentialAction\":[{\"@type\":\"SearchAction\",\"target\":{\"@type\":\"EntryPoint\",\"urlTemplate\":\"https:\/\/gymfactory.eu\/lt\/?s={search_term_string}\"},\"query-input\":{\"@type\":\"PropertyValueSpecification\",\"valueRequired\":true,\"valueName\":\"search_term_string\"}}],\"inLanguage\":\"lt-LT\"},{\"@type\":\"Organization\",\"@id\":\"https:\/\/gymfactory.eu\/lt\/#organization\",\"name\":\"Sporto sal\u0117s gamykla\",\"url\":\"https:\/\/gymfactory.eu\/lt\/\",\"logo\":{\"@type\":\"ImageObject\",\"inLanguage\":\"lt-LT\",\"@id\":\"https:\/\/gymfactory.eu\/lt\/#\/schema\/logo\/image\/\",\"url\":\"https:\/\/gymfactory.eu\/wp-content\/uploads\/2024\/11\/Component-1.svg\",\"contentUrl\":\"https:\/\/gymfactory.eu\/wp-content\/uploads\/2024\/11\/Component-1.svg\",\"width\":54,\"height\":44,\"caption\":\"Sporto sal\u0117s gamykla\"},\"image\":{\"@id\":\"https:\/\/gymfactory.eu\/lt\/#\/schema\/logo\/image\/\"}}]}<\/script>\n<!-- \/ Yoast SEO plugin. -->","yoast_head_json":{"title":"L3XX hiperekstenzijos pratim\u0173 suoliukas su reguliuojama rom\u0117n\u0173 k\u0117de","description":"\u0160is nugaros hiperekstenzijos suolelis yra privalomas j\u0117gos treniruo\u010di\u0173 treniruoklis, puikiai tinkantis pagrindiniams ir apatiniams nugaros raumenims lavinti.","robots":{"index":"index","follow":"follow","max-snippet":"max-snippet:-1","max-image-preview":"max-image-preview:large","max-video-preview":"max-video-preview:-1"},"canonical":"https:\/\/gymfactory.eu\/lt\/produktas\/l3xx-hiperekstenzijos-suoliukas-su-romeniska-kede\/","og_locale":"lt_LT","og_type":"article","og_title":"L3XX hiperekstenzijos pratim\u0173 suoliukas su reguliuojama rom\u0117n\u0173 k\u0117de","og_description":"\u0160is nugaros hiperekstenzijos suolelis yra privalomas j\u0117gos treniruo\u010di\u0173 treniruoklis, puikiai tinkantis pagrindiniams ir apatiniams nugaros raumenims lavinti.","og_url":"https:\/\/gymfactory.eu\/lt\/produktas\/l3xx-hiperekstenzijos-suoliukas-su-romeniska-kede\/","og_site_name":"Gym Factory","article_modified_time":"2025-12-03T12:14:22+00:00","og_image":[{"width":1500,"height":1500,"url":"https:\/\/gymfactory.eu\/wp-content\/uploads\/2025\/02\/best-workout-bench-hyperextension-support-system-1.webp","type":"image\/webp"}],"twitter_card":"summary_large_image","twitter_misc":{"Est. reading time":"1 minut\u0117"},"schema":{"@context":"https:\/\/schema.org","@graph":[{"@type":"WebPage","@id":"https:\/\/gymfactory.eu\/lt\/produktas\/l3xx-hiperekstenzijos-suoliukas-su-romeniska-kede\/","url":"https:\/\/gymfactory.eu\/lt\/produktas\/l3xx-hiperekstenzijos-suoliukas-su-romeniska-kede\/","name":"L3XX hiperekstenzijos pratim\u0173 suoliukas su reguliuojama rom\u0117n\u0173 k\u0117de","isPartOf":{"@id":"https:\/\/gymfactory.eu\/lt\/#website"},"primaryImageOfPage":{"@id":"https:\/\/gymfactory.eu\/lt\/produktas\/l3xx-hiperekstenzijos-suoliukas-su-romeniska-kede\/#primaryimage"},"image":{"@id":"https:\/\/gymfactory.eu\/lt\/produktas\/l3xx-hiperekstenzijos-suoliukas-su-romeniska-kede\/#primaryimage"},"thumbnailUrl":"https:\/\/gymfactory.eu\/wp-content\/uploads\/2025\/02\/best-workout-bench-hyperextension-support-system-1.webp","datePublished":"2025-02-11T13:33:42+00:00","dateModified":"2025-12-03T12:14:22+00:00","description":"\u0160is nugaros hiperekstenzijos suolelis yra privalomas j\u0117gos treniruo\u010di\u0173 treniruoklis, puikiai tinkantis pagrindiniams ir apatiniams nugaros raumenims lavinti.","breadcrumb":{"@id":"https:\/\/gymfactory.eu\/lt\/produktas\/l3xx-hiperekstenzijos-suoliukas-su-romeniska-kede\/#breadcrumb"},"inLanguage":"lt-LT","potentialAction":[{"@type":"ReadAction","target":["https:\/\/gymfactory.eu\/lt\/produktas\/l3xx-hiperekstenzijos-suoliukas-su-romeniska-kede\/"]}]},{"@type":"ImageObject","inLanguage":"lt-LT","@id":"https:\/\/gymfactory.eu\/lt\/produktas\/l3xx-hiperekstenzijos-suoliukas-su-romeniska-kede\/#primaryimage","url":"https:\/\/gymfactory.eu\/wp-content\/uploads\/2025\/02\/best-workout-bench-hyperextension-support-system-1.webp","contentUrl":"https:\/\/gymfactory.eu\/wp-content\/uploads\/2025\/02\/best-workout-bench-hyperextension-support-system-1.webp","width":1500,"height":1500,"caption":"Namams skirta j\u0117gos treniruokli\u0173 \u012franga su reguliuojamu hiperekstenzijos suolu, dvigubais p\u0117d\u0173 ritin\u0117liais ir ergonomi\u0161ku pamink\u0161tinimu, u\u017etikrinan\u010diu optimal\u0173 komfort\u0105 ir atram\u0105."},{"@type":"BreadcrumbList","@id":"https:\/\/gymfactory.eu\/lt\/produktas\/l3xx-hiperekstenzijos-suoliukas-su-romeniska-kede\/#breadcrumb","itemListElement":[{"@type":"ListItem","position":1,"name":"Pagrindinis","item":"https:\/\/gymfactory.eu\/lt\/"},{"@type":"ListItem","position":2,"name":"Katalogas","item":"https:\/\/gymfactory.eu\/lt\/katalogas\/"},{"@type":"ListItem","position":3,"name":"L3XX Rom\u0117ni\u0161kas suoliukas"}]},{"@type":"WebSite","@id":"https:\/\/gymfactory.eu\/lt\/#website","url":"https:\/\/gymfactory.eu\/lt\/","name":"Gym Factory","description":"","publisher":{"@id":"https:\/\/gymfactory.eu\/lt\/#organization"},"potentialAction":[{"@type":"SearchAction","target":{"@type":"EntryPoint","urlTemplate":"https:\/\/gymfactory.eu\/lt\/?s={search_term_string}"},"query-input":{"@type":"PropertyValueSpecification","valueRequired":true,"valueName":"search_term_string"}}],"inLanguage":"lt-LT"},{"@type":"Organization","@id":"https:\/\/gymfactory.eu\/lt\/#organization","name":"Sporto sal\u0117s gamykla","url":"https:\/\/gymfactory.eu\/lt\/","logo":{"@type":"ImageObject","inLanguage":"lt-LT","@id":"https:\/\/gymfactory.eu\/lt\/#\/schema\/logo\/image\/","url":"https:\/\/gymfactory.eu\/wp-content\/uploads\/2024\/11\/Component-1.svg","contentUrl":"https:\/\/gymfactory.eu\/wp-content\/uploads\/2024\/11\/Component-1.svg","width":54,"height":44,"caption":"Sporto sal\u0117s gamykla"},"image":{"@id":"https:\/\/gymfactory.eu\/lt\/#\/schema\/logo\/image\/"}}]}},"_links":{"self":[{"href":"https:\/\/gymfactory.eu\/lt\/wp-json\/wp\/v2\/product\/9960","targetHints":{"allow":["GET"]}}],"collection":[{"href":"https:\/\/gymfactory.eu\/lt\/wp-json\/wp\/v2\/product"}],"about":[{"href":"https:\/\/gymfactory.eu\/lt\/wp-json\/wp\/v2\/types\/product"}],"wp:featuredmedia":[{"embeddable":true,"href":"https:\/\/gymfactory.eu\/lt\/wp-json\/wp\/v2\/media\/9123"}],"wp:attachment":[{"href":"https:\/\/gymfactory.eu\/lt\/wp-json\/wp\/v2\/media?parent=9960"}],"wp:term":[{"taxonomy":"product_brand","embeddable":true,"href":"https:\/\/gymfactory.eu\/lt\/wp-json\/wp\/v2\/product_brand?post=9960"},{"taxonomy":"product_cat","embeddable":true,"href":"https:\/\/gymfactory.eu\/lt\/wp-json\/wp\/v2\/product_cat?post=9960"},{"taxonomy":"product_tag","embeddable":true,"href":"https:\/\/gymfactory.eu\/lt\/wp-json\/wp\/v2\/product_tag?post=9960"}],"curies":[{"name":"wp","href":"https:\/\/api.w.org\/{rel}","templated":true}]}}