{"id":9959,"date":"2025-02-12T15:00:00","date_gmt":"2025-02-12T13:00:00","guid":{"rendered":"https:\/\/gymfactory.eu\/product\/hda9-dangtelis-90-skersmens\/"},"modified":"2025-09-09T14:59:02","modified_gmt":"2025-09-09T11:59:02","slug":"hda9-dangtelis-90-skersmens","status":"publish","type":"product","link":"https:\/\/gymfactory.eu\/lt\/produktas\/hda9-dangtelis-90-skersmens\/","title":{"rendered":"HDA9 Plastikinis dangtelis"},"content":{"rendered":"<p data-start=\"16\" data-end=\"51\" data-is-last-node=\"\" data-is-only-node=\"\">HDA9 plastikinis dangtelis, kurio i\u0161orinis skersmuo \u2013 90 mm. Juodos spalvos, su lengvu blizgesiu, skirtas u\u017edengti apvali\u0173 pagalv\u0117li\u0173 galus. Naudotas ankstesniuose \u012frangos modeliuose, siekiant u\u017etikrinti tvarking\u0105 i\u0161vaizd\u0105 ir apsaugoti vidines med\u017eiagas.<\/p>\n\n    <div class=\"xs_social_share_widget xs_share_url after_content \t\tmain_content  wslu-style-1 wslu-share-box-shaped wslu-fill-colored wslu-none wslu-share-horizontal wslu-theme-font-no wslu-main_content\">\n\n\t\t\n        <ul>\n\t\t\t        <\/ul>\n    <\/div> \n","protected":false},"excerpt":{"rendered":"<p>HDA9 plastikinis dangtelis, kurio i\u0161orinis skersmuo \u2013 90 mm. Juodos spalvos, su lengvu blizgesiu, skirtas u\u017edengti apvali\u0173 pagalv\u0117li\u0173 galus. Naudotas ankstesniuose \u012frangos modeliuose, siekiant u\u017etikrinti tvarking\u0105 i\u0161vaizd\u0105 ir apsaugoti vidines med\u017eiagas.<\/p>\n","protected":false},"featured_media":7960,"template":"","meta":{"_acf_changed":false},"product_brand":[56],"product_cat":[392],"product_tag":[],"class_list":{"0":"post-9959","1":"product","2":"type-product","3":"status-publish","4":"has-post-thumbnail","6":"product_brand-gym-factory","7":"product_cat-atsargines-dalys","9":"first","10":"onbackorder","11":"taxable","12":"shipping-taxable","13":"purchasable","14":"product-type-simple"},"acf":[],"yoast_head":"<!-- This site is optimized with the Yoast SEO plugin v25.2 - https:\/\/yoast.com\/wordpress\/plugins\/seo\/ -->\n<title>HDA9 \u230090 dangtelis - patvari sporto sal\u0117s \u012frangos atsargin\u0117 dalis<\/title>\n<meta name=\"description\" content=\"HDA9 \u230090 dangtelis saugiai priglunda prie treniruokli\u0173 dali\u0173, u\u017etikrina ilgaam\u017ei\u0161kum\u0105 ir apsaug\u0105, kad \u012franga veikt\u0173 ilgai.\" \/>\n<meta name=\"robots\" content=\"index, follow, max-snippet:-1, max-image-preview:large, max-video-preview:-1\" \/>\n<link rel=\"canonical\" href=\"https:\/\/gymfactory.eu\/lt\/produktas\/hda9-dangtelis-90-skersmens\/\" \/>\n<meta property=\"og:locale\" content=\"lt_LT\" \/>\n<meta property=\"og:type\" content=\"article\" \/>\n<meta property=\"og:title\" content=\"HDA9 \u230090 dangtelis - patvari sporto sal\u0117s \u012frangos atsargin\u0117 dalis\" \/>\n<meta property=\"og:description\" content=\"HDA9 \u230090 dangtelis saugiai priglunda prie treniruokli\u0173 dali\u0173, u\u017etikrina ilgaam\u017ei\u0161kum\u0105 ir apsaug\u0105, kad \u012franga veikt\u0173 ilgai.\" \/>\n<meta property=\"og:url\" content=\"https:\/\/gymfactory.eu\/lt\/produktas\/hda9-dangtelis-90-skersmens\/\" \/>\n<meta property=\"og:site_name\" content=\"Gym Factory\" \/>\n<meta property=\"article:modified_time\" content=\"2025-09-09T11:59:02+00:00\" \/>\n<meta property=\"og:image\" content=\"https:\/\/gymfactory.eu\/wp-content\/uploads\/2025\/02\/HDA9.jpg\" \/>\n\t<meta property=\"og:image:width\" content=\"600\" \/>\n\t<meta property=\"og:image:height\" content=\"600\" \/>\n\t<meta property=\"og:image:type\" content=\"image\/jpeg\" \/>\n<meta name=\"twitter:card\" content=\"summary_large_image\" \/>\n<meta name=\"twitter:label1\" content=\"Est. reading time\" \/>\n\t<meta name=\"twitter:data1\" content=\"1 minut\u0117\" \/>\n<script type=\"application\/ld+json\" class=\"yoast-schema-graph\">{\"@context\":\"https:\/\/schema.org\",\"@graph\":[{\"@type\":\"WebPage\",\"@id\":\"https:\/\/gymfactory.eu\/lt\/produktas\/hda9-dangtelis-90-skersmens\/\",\"url\":\"https:\/\/gymfactory.eu\/lt\/produktas\/hda9-dangtelis-90-skersmens\/\",\"name\":\"HDA9 \u230090 dangtelis - patvari sporto sal\u0117s \u012frangos atsargin\u0117 dalis\",\"isPartOf\":{\"@id\":\"https:\/\/gymfactory.eu\/lt\/#website\"},\"primaryImageOfPage\":{\"@id\":\"https:\/\/gymfactory.eu\/lt\/produktas\/hda9-dangtelis-90-skersmens\/#primaryimage\"},\"image\":{\"@id\":\"https:\/\/gymfactory.eu\/lt\/produktas\/hda9-dangtelis-90-skersmens\/#primaryimage\"},\"thumbnailUrl\":\"https:\/\/gymfactory.eu\/wp-content\/uploads\/2025\/02\/HDA9.jpg\",\"datePublished\":\"2025-02-12T13:00:00+00:00\",\"dateModified\":\"2025-09-09T11:59:02+00:00\",\"description\":\"HDA9 \u230090 dangtelis saugiai priglunda prie treniruokli\u0173 dali\u0173, u\u017etikrina ilgaam\u017ei\u0161kum\u0105 ir apsaug\u0105, kad \u012franga veikt\u0173 ilgai.\",\"breadcrumb\":{\"@id\":\"https:\/\/gymfactory.eu\/lt\/produktas\/hda9-dangtelis-90-skersmens\/#breadcrumb\"},\"inLanguage\":\"lt-LT\",\"potentialAction\":[{\"@type\":\"ReadAction\",\"target\":[\"https:\/\/gymfactory.eu\/lt\/produktas\/hda9-dangtelis-90-skersmens\/\"]}]},{\"@type\":\"ImageObject\",\"inLanguage\":\"lt-LT\",\"@id\":\"https:\/\/gymfactory.eu\/lt\/produktas\/hda9-dangtelis-90-skersmens\/#primaryimage\",\"url\":\"https:\/\/gymfactory.eu\/wp-content\/uploads\/2025\/02\/HDA9.jpg\",\"contentUrl\":\"https:\/\/gymfactory.eu\/wp-content\/uploads\/2025\/02\/HDA9.jpg\",\"width\":600,\"height\":600},{\"@type\":\"BreadcrumbList\",\"@id\":\"https:\/\/gymfactory.eu\/lt\/produktas\/hda9-dangtelis-90-skersmens\/#breadcrumb\",\"itemListElement\":[{\"@type\":\"ListItem\",\"position\":1,\"name\":\"Pagrindinis\",\"item\":\"https:\/\/gymfactory.eu\/lt\/\"},{\"@type\":\"ListItem\",\"position\":2,\"name\":\"Katalogas\",\"item\":\"https:\/\/gymfactory.eu\/lt\/katalogas\/\"},{\"@type\":\"ListItem\",\"position\":3,\"name\":\"HDA9 Plastikinis dangtelis\"}]},{\"@type\":\"WebSite\",\"@id\":\"https:\/\/gymfactory.eu\/lt\/#website\",\"url\":\"https:\/\/gymfactory.eu\/lt\/\",\"name\":\"Gym Factory\",\"description\":\"\",\"publisher\":{\"@id\":\"https:\/\/gymfactory.eu\/lt\/#organization\"},\"potentialAction\":[{\"@type\":\"SearchAction\",\"target\":{\"@type\":\"EntryPoint\",\"urlTemplate\":\"https:\/\/gymfactory.eu\/lt\/?s={search_term_string}\"},\"query-input\":{\"@type\":\"PropertyValueSpecification\",\"valueRequired\":true,\"valueName\":\"search_term_string\"}}],\"inLanguage\":\"lt-LT\"},{\"@type\":\"Organization\",\"@id\":\"https:\/\/gymfactory.eu\/lt\/#organization\",\"name\":\"Sporto sal\u0117s gamykla\",\"url\":\"https:\/\/gymfactory.eu\/lt\/\",\"logo\":{\"@type\":\"ImageObject\",\"inLanguage\":\"lt-LT\",\"@id\":\"https:\/\/gymfactory.eu\/lt\/#\/schema\/logo\/image\/\",\"url\":\"https:\/\/gymfactory.eu\/wp-content\/uploads\/2024\/11\/Component-1.svg\",\"contentUrl\":\"https:\/\/gymfactory.eu\/wp-content\/uploads\/2024\/11\/Component-1.svg\",\"width\":54,\"height\":44,\"caption\":\"Sporto sal\u0117s gamykla\"},\"image\":{\"@id\":\"https:\/\/gymfactory.eu\/lt\/#\/schema\/logo\/image\/\"}}]}<\/script>\n<!-- \/ Yoast SEO plugin. -->","yoast_head_json":{"title":"HDA9 \u230090 dangtelis - patvari sporto sal\u0117s \u012frangos atsargin\u0117 dalis","description":"HDA9 \u230090 dangtelis saugiai priglunda prie treniruokli\u0173 dali\u0173, u\u017etikrina ilgaam\u017ei\u0161kum\u0105 ir apsaug\u0105, kad \u012franga veikt\u0173 ilgai.","robots":{"index":"index","follow":"follow","max-snippet":"max-snippet:-1","max-image-preview":"max-image-preview:large","max-video-preview":"max-video-preview:-1"},"canonical":"https:\/\/gymfactory.eu\/lt\/produktas\/hda9-dangtelis-90-skersmens\/","og_locale":"lt_LT","og_type":"article","og_title":"HDA9 \u230090 dangtelis - patvari sporto sal\u0117s \u012frangos atsargin\u0117 dalis","og_description":"HDA9 \u230090 dangtelis saugiai priglunda prie treniruokli\u0173 dali\u0173, u\u017etikrina ilgaam\u017ei\u0161kum\u0105 ir apsaug\u0105, kad \u012franga veikt\u0173 ilgai.","og_url":"https:\/\/gymfactory.eu\/lt\/produktas\/hda9-dangtelis-90-skersmens\/","og_site_name":"Gym Factory","article_modified_time":"2025-09-09T11:59:02+00:00","og_image":[{"width":600,"height":600,"url":"https:\/\/gymfactory.eu\/wp-content\/uploads\/2025\/02\/HDA9.jpg","type":"image\/jpeg"}],"twitter_card":"summary_large_image","twitter_misc":{"Est. reading time":"1 minut\u0117"},"schema":{"@context":"https:\/\/schema.org","@graph":[{"@type":"WebPage","@id":"https:\/\/gymfactory.eu\/lt\/produktas\/hda9-dangtelis-90-skersmens\/","url":"https:\/\/gymfactory.eu\/lt\/produktas\/hda9-dangtelis-90-skersmens\/","name":"HDA9 \u230090 dangtelis - patvari sporto sal\u0117s \u012frangos atsargin\u0117 dalis","isPartOf":{"@id":"https:\/\/gymfactory.eu\/lt\/#website"},"primaryImageOfPage":{"@id":"https:\/\/gymfactory.eu\/lt\/produktas\/hda9-dangtelis-90-skersmens\/#primaryimage"},"image":{"@id":"https:\/\/gymfactory.eu\/lt\/produktas\/hda9-dangtelis-90-skersmens\/#primaryimage"},"thumbnailUrl":"https:\/\/gymfactory.eu\/wp-content\/uploads\/2025\/02\/HDA9.jpg","datePublished":"2025-02-12T13:00:00+00:00","dateModified":"2025-09-09T11:59:02+00:00","description":"HDA9 \u230090 dangtelis saugiai priglunda prie treniruokli\u0173 dali\u0173, u\u017etikrina ilgaam\u017ei\u0161kum\u0105 ir apsaug\u0105, kad \u012franga veikt\u0173 ilgai.","breadcrumb":{"@id":"https:\/\/gymfactory.eu\/lt\/produktas\/hda9-dangtelis-90-skersmens\/#breadcrumb"},"inLanguage":"lt-LT","potentialAction":[{"@type":"ReadAction","target":["https:\/\/gymfactory.eu\/lt\/produktas\/hda9-dangtelis-90-skersmens\/"]}]},{"@type":"ImageObject","inLanguage":"lt-LT","@id":"https:\/\/gymfactory.eu\/lt\/produktas\/hda9-dangtelis-90-skersmens\/#primaryimage","url":"https:\/\/gymfactory.eu\/wp-content\/uploads\/2025\/02\/HDA9.jpg","contentUrl":"https:\/\/gymfactory.eu\/wp-content\/uploads\/2025\/02\/HDA9.jpg","width":600,"height":600},{"@type":"BreadcrumbList","@id":"https:\/\/gymfactory.eu\/lt\/produktas\/hda9-dangtelis-90-skersmens\/#breadcrumb","itemListElement":[{"@type":"ListItem","position":1,"name":"Pagrindinis","item":"https:\/\/gymfactory.eu\/lt\/"},{"@type":"ListItem","position":2,"name":"Katalogas","item":"https:\/\/gymfactory.eu\/lt\/katalogas\/"},{"@type":"ListItem","position":3,"name":"HDA9 Plastikinis dangtelis"}]},{"@type":"WebSite","@id":"https:\/\/gymfactory.eu\/lt\/#website","url":"https:\/\/gymfactory.eu\/lt\/","name":"Gym Factory","description":"","publisher":{"@id":"https:\/\/gymfactory.eu\/lt\/#organization"},"potentialAction":[{"@type":"SearchAction","target":{"@type":"EntryPoint","urlTemplate":"https:\/\/gymfactory.eu\/lt\/?s={search_term_string}"},"query-input":{"@type":"PropertyValueSpecification","valueRequired":true,"valueName":"search_term_string"}}],"inLanguage":"lt-LT"},{"@type":"Organization","@id":"https:\/\/gymfactory.eu\/lt\/#organization","name":"Sporto sal\u0117s gamykla","url":"https:\/\/gymfactory.eu\/lt\/","logo":{"@type":"ImageObject","inLanguage":"lt-LT","@id":"https:\/\/gymfactory.eu\/lt\/#\/schema\/logo\/image\/","url":"https:\/\/gymfactory.eu\/wp-content\/uploads\/2024\/11\/Component-1.svg","contentUrl":"https:\/\/gymfactory.eu\/wp-content\/uploads\/2024\/11\/Component-1.svg","width":54,"height":44,"caption":"Sporto sal\u0117s gamykla"},"image":{"@id":"https:\/\/gymfactory.eu\/lt\/#\/schema\/logo\/image\/"}}]}},"_links":{"self":[{"href":"https:\/\/gymfactory.eu\/lt\/wp-json\/wp\/v2\/product\/9959","targetHints":{"allow":["GET"]}}],"collection":[{"href":"https:\/\/gymfactory.eu\/lt\/wp-json\/wp\/v2\/product"}],"about":[{"href":"https:\/\/gymfactory.eu\/lt\/wp-json\/wp\/v2\/types\/product"}],"wp:featuredmedia":[{"embeddable":true,"href":"https:\/\/gymfactory.eu\/lt\/wp-json\/wp\/v2\/media\/7960"}],"wp:attachment":[{"href":"https:\/\/gymfactory.eu\/lt\/wp-json\/wp\/v2\/media?parent=9959"}],"wp:term":[{"taxonomy":"product_brand","embeddable":true,"href":"https:\/\/gymfactory.eu\/lt\/wp-json\/wp\/v2\/product_brand?post=9959"},{"taxonomy":"product_cat","embeddable":true,"href":"https:\/\/gymfactory.eu\/lt\/wp-json\/wp\/v2\/product_cat?post=9959"},{"taxonomy":"product_tag","embeddable":true,"href":"https:\/\/gymfactory.eu\/lt\/wp-json\/wp\/v2\/product_tag?post=9959"}],"curies":[{"name":"wp","href":"https:\/\/api.w.org\/{rel}","templated":true}]}}