{"id":9955,"date":"2025-02-11T15:25:30","date_gmt":"2025-02-11T13:25:30","guid":{"rendered":"https:\/\/gymfactory.eu\/product\/l3x-nugaros-hiperekstenzijos-suolelis\/"},"modified":"2025-12-03T14:12:47","modified_gmt":"2025-12-03T12:12:47","slug":"l3x-nugaros-hiperekstenzijos-suolelis","status":"publish","type":"product","link":"https:\/\/gymfactory.eu\/lt\/produktas\/l3x-nugaros-hiperekstenzijos-suolelis\/","title":{"rendered":"L3X Rom\u0117ni\u0161kas suoliukas"},"content":{"rendered":"<p>L3X rom\u0117ni\u0161kas suoliukas \u2013 fiksuoto kampo j\u0117gos treniruo\u010di\u0173 \u012frenginys, skirtas nugaros tiesimams ir kitiems pratimams, aktyvinantiems apatin\u0119 nugaros dal\u012f, s\u0117dmenis ir u\u017epakalines \u0161laun\u0173 dalis. Tinka tiek nam\u0173 treniruot\u0117ms, tiek profesionalioms sporto sal\u0117ms.<\/p>\n<p>Reguliuojama klub\u0173 ir \u0161laun\u0173 atrama leid\u017eia pritaikyti suoliuk\u0105 pagal individuali\u0105 k\u016bno sandar\u0105 \u2013 tai padeda i\u0161laikyti taisykling\u0105 pad\u0117t\u012f ir komfort\u0105 viso pratimo metu. Mink\u0161tos atramos ir stabili konstrukcija u\u017etikrina saugum\u0105 bei patikim\u0105 atram\u0105 kiekvieno judesio metu.<\/p>\n\n    <div class=\"xs_social_share_widget xs_share_url after_content \t\tmain_content  wslu-style-1 wslu-share-box-shaped wslu-fill-colored wslu-none wslu-share-horizontal wslu-theme-font-no wslu-main_content\">\n\n\t\t\n        <ul>\n\t\t\t        <\/ul>\n    <\/div> \n","protected":false},"excerpt":{"rendered":"<p>L3X rom\u0117ni\u0161kas suoliukas \u2013 fiksuoto kampo j\u0117gos treniruo\u010di\u0173 \u012frenginys, skirtas nugaros tiesimams ir kitiems pratimams, aktyvinantiems apatin\u0119 nugaros dal\u012f, s\u0117dmenis ir u\u017epakalines \u0161laun\u0173 dalis. Tinka tiek nam\u0173 treniruot\u0117ms, tiek profesionalioms sporto sal\u0117ms. Reguliuojama klub\u0173 ir \u0161laun\u0173 atrama leid\u017eia pritaikyti suoliuk\u0105 pagal individuali\u0105 k\u016bno sandar\u0105 \u2013 tai padeda i\u0161laikyti taisykling\u0105 pad\u0117t\u012f ir komfort\u0105 viso pratimo metu. [&hellip;]<\/p>\n","protected":false},"featured_media":9124,"template":"","meta":{"_acf_changed":false},"product_brand":[817],"product_cat":[437],"product_tag":[],"class_list":{"0":"post-9955","1":"product","2":"type-product","3":"status-publish","4":"has-post-thumbnail","6":"product_brand-gym-factory-lt","7":"product_cat-treniruociu-suolai","9":"first","10":"onbackorder","11":"taxable","12":"shipping-taxable","13":"purchasable","14":"product-type-variable","15":"has-default-attributes"},"acf":[],"yoast_head":"<!-- This site is optimized with the Yoast SEO plugin v25.2 - https:\/\/yoast.com\/wordpress\/plugins\/seo\/ -->\n<title>&quot;L3X Hyperextension Bench&quot; - geriausias reguliuojamas suoliukas nugarai<\/title>\n<meta name=\"description\" content=\"Geriausias reguliuojamas suoliukas, skirtas treniruot\u0117ms namuose, pasi\u017eymintis universalumu ir patogumu, leid\u017eiantis atlikti daugyb\u0119 veiksming\u0173 j\u0117gos treniruo\u010di\u0173 pratim\u0173.\" \/>\n<meta name=\"robots\" content=\"index, follow, max-snippet:-1, max-image-preview:large, max-video-preview:-1\" \/>\n<link rel=\"canonical\" href=\"https:\/\/gymfactory.eu\/lt\/produktas\/l3x-nugaros-hiperekstenzijos-suolelis\/\" \/>\n<meta property=\"og:locale\" content=\"lt_LT\" \/>\n<meta property=\"og:type\" content=\"article\" \/>\n<meta property=\"og:title\" content=\"&quot;L3X Hyperextension Bench&quot; - geriausias reguliuojamas suoliukas nugarai\" \/>\n<meta property=\"og:description\" content=\"Geriausias reguliuojamas suoliukas, skirtas treniruot\u0117ms namuose, pasi\u017eymintis universalumu ir patogumu, leid\u017eiantis atlikti daugyb\u0119 veiksming\u0173 j\u0117gos treniruo\u010di\u0173 pratim\u0173.\" \/>\n<meta property=\"og:url\" content=\"https:\/\/gymfactory.eu\/lt\/produktas\/l3x-nugaros-hiperekstenzijos-suolelis\/\" \/>\n<meta property=\"og:site_name\" content=\"Gym Factory\" \/>\n<meta property=\"article:modified_time\" content=\"2025-12-03T12:12:47+00:00\" \/>\n<meta property=\"og:image\" content=\"https:\/\/gymfactory.eu\/wp-content\/uploads\/2025\/02\/best-workout-bench-black-hyperextension-bench-home-gym-1-1.webp\" \/>\n\t<meta property=\"og:image:width\" content=\"1500\" \/>\n\t<meta property=\"og:image:height\" content=\"1500\" \/>\n\t<meta property=\"og:image:type\" content=\"image\/webp\" \/>\n<meta name=\"twitter:card\" content=\"summary_large_image\" \/>\n<meta name=\"twitter:label1\" content=\"Est. reading time\" \/>\n\t<meta name=\"twitter:data1\" content=\"1 minut\u0117\" \/>\n<script type=\"application\/ld+json\" class=\"yoast-schema-graph\">{\"@context\":\"https:\/\/schema.org\",\"@graph\":[{\"@type\":\"WebPage\",\"@id\":\"https:\/\/gymfactory.eu\/lt\/produktas\/l3x-nugaros-hiperekstenzijos-suolelis\/\",\"url\":\"https:\/\/gymfactory.eu\/lt\/produktas\/l3x-nugaros-hiperekstenzijos-suolelis\/\",\"name\":\"\\\"L3X Hyperextension Bench\\\" - geriausias reguliuojamas suoliukas nugarai\",\"isPartOf\":{\"@id\":\"https:\/\/gymfactory.eu\/lt\/#website\"},\"primaryImageOfPage\":{\"@id\":\"https:\/\/gymfactory.eu\/lt\/produktas\/l3x-nugaros-hiperekstenzijos-suolelis\/#primaryimage\"},\"image\":{\"@id\":\"https:\/\/gymfactory.eu\/lt\/produktas\/l3x-nugaros-hiperekstenzijos-suolelis\/#primaryimage\"},\"thumbnailUrl\":\"https:\/\/gymfactory.eu\/wp-content\/uploads\/2025\/02\/best-workout-bench-black-hyperextension-bench-home-gym-1-1.webp\",\"datePublished\":\"2025-02-11T13:25:30+00:00\",\"dateModified\":\"2025-12-03T12:12:47+00:00\",\"description\":\"Geriausias reguliuojamas suoliukas, skirtas treniruot\u0117ms namuose, pasi\u017eymintis universalumu ir patogumu, leid\u017eiantis atlikti daugyb\u0119 veiksming\u0173 j\u0117gos treniruo\u010di\u0173 pratim\u0173.\",\"breadcrumb\":{\"@id\":\"https:\/\/gymfactory.eu\/lt\/produktas\/l3x-nugaros-hiperekstenzijos-suolelis\/#breadcrumb\"},\"inLanguage\":\"lt-LT\",\"potentialAction\":[{\"@type\":\"ReadAction\",\"target\":[\"https:\/\/gymfactory.eu\/lt\/produktas\/l3x-nugaros-hiperekstenzijos-suolelis\/\"]}]},{\"@type\":\"ImageObject\",\"inLanguage\":\"lt-LT\",\"@id\":\"https:\/\/gymfactory.eu\/lt\/produktas\/l3x-nugaros-hiperekstenzijos-suolelis\/#primaryimage\",\"url\":\"https:\/\/gymfactory.eu\/wp-content\/uploads\/2025\/02\/best-workout-bench-black-hyperextension-bench-home-gym-1-1.webp\",\"contentUrl\":\"https:\/\/gymfactory.eu\/wp-content\/uploads\/2025\/02\/best-workout-bench-black-hyperextension-bench-home-gym-1-1.webp\",\"width\":1500,\"height\":1500,\"caption\":\"Juodas hipereksitencijos treniruo\u010di\u0173 suolas, j\u0117gos treniruokli\u0173 \u012franga namuose turi pamink\u0161tintas atramines pagalv\u0117les, kampin\u012f r\u0117m\u0105 ir reguliuojamus koj\u0173 volelius apatin\u0117s nugaros dalies pratimams.\"},{\"@type\":\"BreadcrumbList\",\"@id\":\"https:\/\/gymfactory.eu\/lt\/produktas\/l3x-nugaros-hiperekstenzijos-suolelis\/#breadcrumb\",\"itemListElement\":[{\"@type\":\"ListItem\",\"position\":1,\"name\":\"Pagrindinis\",\"item\":\"https:\/\/gymfactory.eu\/lt\/\"},{\"@type\":\"ListItem\",\"position\":2,\"name\":\"Katalogas\",\"item\":\"https:\/\/gymfactory.eu\/lt\/katalogas\/\"},{\"@type\":\"ListItem\",\"position\":3,\"name\":\"L3X Rom\u0117ni\u0161kas suoliukas\"}]},{\"@type\":\"WebSite\",\"@id\":\"https:\/\/gymfactory.eu\/lt\/#website\",\"url\":\"https:\/\/gymfactory.eu\/lt\/\",\"name\":\"Gym Factory\",\"description\":\"\",\"publisher\":{\"@id\":\"https:\/\/gymfactory.eu\/lt\/#organization\"},\"potentialAction\":[{\"@type\":\"SearchAction\",\"target\":{\"@type\":\"EntryPoint\",\"urlTemplate\":\"https:\/\/gymfactory.eu\/lt\/?s={search_term_string}\"},\"query-input\":{\"@type\":\"PropertyValueSpecification\",\"valueRequired\":true,\"valueName\":\"search_term_string\"}}],\"inLanguage\":\"lt-LT\"},{\"@type\":\"Organization\",\"@id\":\"https:\/\/gymfactory.eu\/lt\/#organization\",\"name\":\"Sporto sal\u0117s gamykla\",\"url\":\"https:\/\/gymfactory.eu\/lt\/\",\"logo\":{\"@type\":\"ImageObject\",\"inLanguage\":\"lt-LT\",\"@id\":\"https:\/\/gymfactory.eu\/lt\/#\/schema\/logo\/image\/\",\"url\":\"https:\/\/gymfactory.eu\/wp-content\/uploads\/2024\/11\/Component-1.svg\",\"contentUrl\":\"https:\/\/gymfactory.eu\/wp-content\/uploads\/2024\/11\/Component-1.svg\",\"width\":54,\"height\":44,\"caption\":\"Sporto sal\u0117s gamykla\"},\"image\":{\"@id\":\"https:\/\/gymfactory.eu\/lt\/#\/schema\/logo\/image\/\"}}]}<\/script>\n<!-- \/ Yoast SEO plugin. -->","yoast_head_json":{"title":"\"L3X Hyperextension Bench\" - geriausias reguliuojamas suoliukas nugarai","description":"Geriausias reguliuojamas suoliukas, skirtas treniruot\u0117ms namuose, pasi\u017eymintis universalumu ir patogumu, leid\u017eiantis atlikti daugyb\u0119 veiksming\u0173 j\u0117gos treniruo\u010di\u0173 pratim\u0173.","robots":{"index":"index","follow":"follow","max-snippet":"max-snippet:-1","max-image-preview":"max-image-preview:large","max-video-preview":"max-video-preview:-1"},"canonical":"https:\/\/gymfactory.eu\/lt\/produktas\/l3x-nugaros-hiperekstenzijos-suolelis\/","og_locale":"lt_LT","og_type":"article","og_title":"\"L3X Hyperextension Bench\" - geriausias reguliuojamas suoliukas nugarai","og_description":"Geriausias reguliuojamas suoliukas, skirtas treniruot\u0117ms namuose, pasi\u017eymintis universalumu ir patogumu, leid\u017eiantis atlikti daugyb\u0119 veiksming\u0173 j\u0117gos treniruo\u010di\u0173 pratim\u0173.","og_url":"https:\/\/gymfactory.eu\/lt\/produktas\/l3x-nugaros-hiperekstenzijos-suolelis\/","og_site_name":"Gym Factory","article_modified_time":"2025-12-03T12:12:47+00:00","og_image":[{"width":1500,"height":1500,"url":"https:\/\/gymfactory.eu\/wp-content\/uploads\/2025\/02\/best-workout-bench-black-hyperextension-bench-home-gym-1-1.webp","type":"image\/webp"}],"twitter_card":"summary_large_image","twitter_misc":{"Est. reading time":"1 minut\u0117"},"schema":{"@context":"https:\/\/schema.org","@graph":[{"@type":"WebPage","@id":"https:\/\/gymfactory.eu\/lt\/produktas\/l3x-nugaros-hiperekstenzijos-suolelis\/","url":"https:\/\/gymfactory.eu\/lt\/produktas\/l3x-nugaros-hiperekstenzijos-suolelis\/","name":"\"L3X Hyperextension Bench\" - geriausias reguliuojamas suoliukas nugarai","isPartOf":{"@id":"https:\/\/gymfactory.eu\/lt\/#website"},"primaryImageOfPage":{"@id":"https:\/\/gymfactory.eu\/lt\/produktas\/l3x-nugaros-hiperekstenzijos-suolelis\/#primaryimage"},"image":{"@id":"https:\/\/gymfactory.eu\/lt\/produktas\/l3x-nugaros-hiperekstenzijos-suolelis\/#primaryimage"},"thumbnailUrl":"https:\/\/gymfactory.eu\/wp-content\/uploads\/2025\/02\/best-workout-bench-black-hyperextension-bench-home-gym-1-1.webp","datePublished":"2025-02-11T13:25:30+00:00","dateModified":"2025-12-03T12:12:47+00:00","description":"Geriausias reguliuojamas suoliukas, skirtas treniruot\u0117ms namuose, pasi\u017eymintis universalumu ir patogumu, leid\u017eiantis atlikti daugyb\u0119 veiksming\u0173 j\u0117gos treniruo\u010di\u0173 pratim\u0173.","breadcrumb":{"@id":"https:\/\/gymfactory.eu\/lt\/produktas\/l3x-nugaros-hiperekstenzijos-suolelis\/#breadcrumb"},"inLanguage":"lt-LT","potentialAction":[{"@type":"ReadAction","target":["https:\/\/gymfactory.eu\/lt\/produktas\/l3x-nugaros-hiperekstenzijos-suolelis\/"]}]},{"@type":"ImageObject","inLanguage":"lt-LT","@id":"https:\/\/gymfactory.eu\/lt\/produktas\/l3x-nugaros-hiperekstenzijos-suolelis\/#primaryimage","url":"https:\/\/gymfactory.eu\/wp-content\/uploads\/2025\/02\/best-workout-bench-black-hyperextension-bench-home-gym-1-1.webp","contentUrl":"https:\/\/gymfactory.eu\/wp-content\/uploads\/2025\/02\/best-workout-bench-black-hyperextension-bench-home-gym-1-1.webp","width":1500,"height":1500,"caption":"Juodas hipereksitencijos treniruo\u010di\u0173 suolas, j\u0117gos treniruokli\u0173 \u012franga namuose turi pamink\u0161tintas atramines pagalv\u0117les, kampin\u012f r\u0117m\u0105 ir reguliuojamus koj\u0173 volelius apatin\u0117s nugaros dalies pratimams."},{"@type":"BreadcrumbList","@id":"https:\/\/gymfactory.eu\/lt\/produktas\/l3x-nugaros-hiperekstenzijos-suolelis\/#breadcrumb","itemListElement":[{"@type":"ListItem","position":1,"name":"Pagrindinis","item":"https:\/\/gymfactory.eu\/lt\/"},{"@type":"ListItem","position":2,"name":"Katalogas","item":"https:\/\/gymfactory.eu\/lt\/katalogas\/"},{"@type":"ListItem","position":3,"name":"L3X Rom\u0117ni\u0161kas suoliukas"}]},{"@type":"WebSite","@id":"https:\/\/gymfactory.eu\/lt\/#website","url":"https:\/\/gymfactory.eu\/lt\/","name":"Gym Factory","description":"","publisher":{"@id":"https:\/\/gymfactory.eu\/lt\/#organization"},"potentialAction":[{"@type":"SearchAction","target":{"@type":"EntryPoint","urlTemplate":"https:\/\/gymfactory.eu\/lt\/?s={search_term_string}"},"query-input":{"@type":"PropertyValueSpecification","valueRequired":true,"valueName":"search_term_string"}}],"inLanguage":"lt-LT"},{"@type":"Organization","@id":"https:\/\/gymfactory.eu\/lt\/#organization","name":"Sporto sal\u0117s gamykla","url":"https:\/\/gymfactory.eu\/lt\/","logo":{"@type":"ImageObject","inLanguage":"lt-LT","@id":"https:\/\/gymfactory.eu\/lt\/#\/schema\/logo\/image\/","url":"https:\/\/gymfactory.eu\/wp-content\/uploads\/2024\/11\/Component-1.svg","contentUrl":"https:\/\/gymfactory.eu\/wp-content\/uploads\/2024\/11\/Component-1.svg","width":54,"height":44,"caption":"Sporto sal\u0117s gamykla"},"image":{"@id":"https:\/\/gymfactory.eu\/lt\/#\/schema\/logo\/image\/"}}]}},"_links":{"self":[{"href":"https:\/\/gymfactory.eu\/lt\/wp-json\/wp\/v2\/product\/9955","targetHints":{"allow":["GET"]}}],"collection":[{"href":"https:\/\/gymfactory.eu\/lt\/wp-json\/wp\/v2\/product"}],"about":[{"href":"https:\/\/gymfactory.eu\/lt\/wp-json\/wp\/v2\/types\/product"}],"wp:featuredmedia":[{"embeddable":true,"href":"https:\/\/gymfactory.eu\/lt\/wp-json\/wp\/v2\/media\/9124"}],"wp:attachment":[{"href":"https:\/\/gymfactory.eu\/lt\/wp-json\/wp\/v2\/media?parent=9955"}],"wp:term":[{"taxonomy":"product_brand","embeddable":true,"href":"https:\/\/gymfactory.eu\/lt\/wp-json\/wp\/v2\/product_brand?post=9955"},{"taxonomy":"product_cat","embeddable":true,"href":"https:\/\/gymfactory.eu\/lt\/wp-json\/wp\/v2\/product_cat?post=9955"},{"taxonomy":"product_tag","embeddable":true,"href":"https:\/\/gymfactory.eu\/lt\/wp-json\/wp\/v2\/product_tag?post=9955"}],"curies":[{"name":"wp","href":"https:\/\/api.w.org\/{rel}","templated":true}]}}