{"id":9951,"date":"2025-02-13T18:33:46","date_gmt":"2025-02-13T16:33:46","guid":{"rendered":"https:\/\/gymfactory.eu\/product\/z02x-stangu-stovas\/"},"modified":"2025-09-05T14:46:06","modified_gmt":"2025-09-05T11:46:06","slug":"z02x-stangu-stovas","status":"publish","type":"product","link":"https:\/\/gymfactory.eu\/lt\/produktas\/z02x-stangu-stovas\/","title":{"rendered":"Z02X \u0160tang\u0173 stovas"},"content":{"rendered":"<p>Z02X \u0161tang\u0173 stovas \u2013 patogus sprendimas iki 8 \u0161tang\u0173 laikymui horizontaliai. Padeda palaikyti tvark\u0105 treniruo\u010di\u0173 erdv\u0117je ir u\u017etikrina greit\u0105 pri\u0117jim\u0105 prie \u012frangos.<\/p>\n<p>Stovas saugiai laiko \u0161tangas ir tinka tiek nam\u0173 sporto zonai, tiek profesionaliai treniruo\u010di\u0173 salei. Kompakti\u0161kas, patvarus ir pritaikytas intensyviam naudojimui.<\/p>\n\n    <div class=\"xs_social_share_widget xs_share_url after_content \t\tmain_content  wslu-style-1 wslu-share-box-shaped wslu-fill-colored wslu-none wslu-share-horizontal wslu-theme-font-no wslu-main_content\">\n\n\t\t\n        <ul>\n\t\t\t        <\/ul>\n    <\/div> \n","protected":false},"excerpt":{"rendered":"<p>Z02X \u0161tang\u0173 stovas \u2013 patogus sprendimas iki 8 \u0161tang\u0173 laikymui horizontaliai. Padeda palaikyti tvark\u0105 treniruo\u010di\u0173 erdv\u0117je ir u\u017etikrina greit\u0105 pri\u0117jim\u0105 prie \u012frangos. Stovas saugiai laiko \u0161tangas ir tinka tiek nam\u0173 sporto zonai, tiek profesionaliai treniruo\u010di\u0173 salei. Kompakti\u0161kas, patvarus ir pritaikytas intensyviam naudojimui.<\/p>\n","protected":false},"featured_media":9102,"template":"","meta":{"_acf_changed":false},"product_brand":[56],"product_cat":[405],"product_tag":[415],"class_list":{"0":"post-9951","1":"product","2":"type-product","3":"status-publish","4":"has-post-thumbnail","6":"product_brand-gym-factory","7":"product_cat-svarmenys-ir-stangos","8":"product_tag-spalva-tik-metaline","10":"first","11":"onbackorder","12":"taxable","13":"shipping-taxable","14":"purchasable","15":"product-type-variable","16":"has-default-attributes"},"acf":[],"yoast_head":"<!-- This site is optimized with the Yoast SEO plugin v25.2 - https:\/\/yoast.com\/wordpress\/plugins\/seo\/ -->\n<title>&quot;Z02x Barbell Rack&quot; - puikiai tinka nam\u0173 fitneso ir komercin\u0117ms treniruokli\u0173 sal\u0117ms<\/title>\n<meta name=\"description\" content=\"\u0160is \u0161tang\u0173 stovas idealiai tinka nam\u0173 treniruokliams ir komercin\u0117ms sporto sal\u0117ms, nes si\u016blo tvirt\u0105 saugojimo sprendim\u0105, kad treniruo\u010di\u0173 erdv\u0117 b\u016bt\u0173 tvarkinga ir prieinama.\" \/>\n<meta name=\"robots\" content=\"index, follow, max-snippet:-1, max-image-preview:large, max-video-preview:-1\" \/>\n<link rel=\"canonical\" href=\"https:\/\/gymfactory.eu\/lt\/produktas\/z02x-stangu-stovas\/\" \/>\n<meta property=\"og:locale\" content=\"lt_LT\" \/>\n<meta property=\"og:type\" content=\"article\" \/>\n<meta property=\"og:title\" content=\"&quot;Z02x Barbell Rack&quot; - puikiai tinka nam\u0173 fitneso ir komercin\u0117ms treniruokli\u0173 sal\u0117ms\" \/>\n<meta property=\"og:description\" content=\"\u0160is \u0161tang\u0173 stovas idealiai tinka nam\u0173 treniruokliams ir komercin\u0117ms sporto sal\u0117ms, nes si\u016blo tvirt\u0105 saugojimo sprendim\u0105, kad treniruo\u010di\u0173 erdv\u0117 b\u016bt\u0173 tvarkinga ir prieinama.\" \/>\n<meta property=\"og:url\" content=\"https:\/\/gymfactory.eu\/lt\/produktas\/z02x-stangu-stovas\/\" \/>\n<meta property=\"og:site_name\" content=\"Gym Factory\" \/>\n<meta property=\"article:modified_time\" content=\"2025-09-05T11:46:06+00:00\" \/>\n<meta property=\"og:image\" content=\"https:\/\/gymfactory.eu\/wp-content\/uploads\/2025\/02\/Z02X-power-rack-1-1.webp\" \/>\n\t<meta property=\"og:image:width\" content=\"1500\" \/>\n\t<meta property=\"og:image:height\" content=\"1500\" \/>\n\t<meta property=\"og:image:type\" content=\"image\/webp\" \/>\n<meta name=\"twitter:card\" content=\"summary_large_image\" \/>\n<meta name=\"twitter:label1\" content=\"Est. reading time\" \/>\n\t<meta name=\"twitter:data1\" content=\"1 minut\u0117\" \/>\n<script type=\"application\/ld+json\" class=\"yoast-schema-graph\">{\"@context\":\"https:\/\/schema.org\",\"@graph\":[{\"@type\":\"WebPage\",\"@id\":\"https:\/\/gymfactory.eu\/lt\/produktas\/z02x-stangu-stovas\/\",\"url\":\"https:\/\/gymfactory.eu\/lt\/produktas\/z02x-stangu-stovas\/\",\"name\":\"\\\"Z02x Barbell Rack\\\" - puikiai tinka nam\u0173 fitneso ir komercin\u0117ms treniruokli\u0173 sal\u0117ms\",\"isPartOf\":{\"@id\":\"https:\/\/gymfactory.eu\/lt\/#website\"},\"primaryImageOfPage\":{\"@id\":\"https:\/\/gymfactory.eu\/lt\/produktas\/z02x-stangu-stovas\/#primaryimage\"},\"image\":{\"@id\":\"https:\/\/gymfactory.eu\/lt\/produktas\/z02x-stangu-stovas\/#primaryimage\"},\"thumbnailUrl\":\"https:\/\/gymfactory.eu\/wp-content\/uploads\/2025\/02\/Z02X-power-rack-1-1.webp\",\"datePublished\":\"2025-02-13T16:33:46+00:00\",\"dateModified\":\"2025-09-05T11:46:06+00:00\",\"description\":\"\u0160is \u0161tang\u0173 stovas idealiai tinka nam\u0173 treniruokliams ir komercin\u0117ms sporto sal\u0117ms, nes si\u016blo tvirt\u0105 saugojimo sprendim\u0105, kad treniruo\u010di\u0173 erdv\u0117 b\u016bt\u0173 tvarkinga ir prieinama.\",\"breadcrumb\":{\"@id\":\"https:\/\/gymfactory.eu\/lt\/produktas\/z02x-stangu-stovas\/#breadcrumb\"},\"inLanguage\":\"lt-LT\",\"potentialAction\":[{\"@type\":\"ReadAction\",\"target\":[\"https:\/\/gymfactory.eu\/lt\/produktas\/z02x-stangu-stovas\/\"]}]},{\"@type\":\"ImageObject\",\"inLanguage\":\"lt-LT\",\"@id\":\"https:\/\/gymfactory.eu\/lt\/produktas\/z02x-stangu-stovas\/#primaryimage\",\"url\":\"https:\/\/gymfactory.eu\/wp-content\/uploads\/2025\/02\/Z02X-power-rack-1-1.webp\",\"contentUrl\":\"https:\/\/gymfactory.eu\/wp-content\/uploads\/2025\/02\/Z02X-power-rack-1-1.webp\",\"width\":1500,\"height\":1500,\"caption\":\"Tvirtas raudonos ir baltos spalv\u0173 j\u0117gos stovas su kampiniu A formos r\u0117mu, kurio kiekvienoje pus\u0117je yra daugyb\u0117 kabliuk\u0173 svori\u0173 plok\u0161t\u0117ms laikyti. \u0160is geriausias prit\u016bpim\u0173 stovas skirtas efektyviam svori\u0173 organizavimui ir idealiai tinka treniruokli\u0173 sal\u0117ms ir nam\u0173 treniruokliams.\"},{\"@type\":\"BreadcrumbList\",\"@id\":\"https:\/\/gymfactory.eu\/lt\/produktas\/z02x-stangu-stovas\/#breadcrumb\",\"itemListElement\":[{\"@type\":\"ListItem\",\"position\":1,\"name\":\"Pagrindinis\",\"item\":\"https:\/\/gymfactory.eu\/lt\/\"},{\"@type\":\"ListItem\",\"position\":2,\"name\":\"Katalogas\",\"item\":\"https:\/\/gymfactory.eu\/lt\/katalogas\/\"},{\"@type\":\"ListItem\",\"position\":3,\"name\":\"Z02X \u0160tang\u0173 stovas\"}]},{\"@type\":\"WebSite\",\"@id\":\"https:\/\/gymfactory.eu\/lt\/#website\",\"url\":\"https:\/\/gymfactory.eu\/lt\/\",\"name\":\"Gym Factory\",\"description\":\"\",\"publisher\":{\"@id\":\"https:\/\/gymfactory.eu\/lt\/#organization\"},\"potentialAction\":[{\"@type\":\"SearchAction\",\"target\":{\"@type\":\"EntryPoint\",\"urlTemplate\":\"https:\/\/gymfactory.eu\/lt\/?s={search_term_string}\"},\"query-input\":{\"@type\":\"PropertyValueSpecification\",\"valueRequired\":true,\"valueName\":\"search_term_string\"}}],\"inLanguage\":\"lt-LT\"},{\"@type\":\"Organization\",\"@id\":\"https:\/\/gymfactory.eu\/lt\/#organization\",\"name\":\"Sporto sal\u0117s gamykla\",\"url\":\"https:\/\/gymfactory.eu\/lt\/\",\"logo\":{\"@type\":\"ImageObject\",\"inLanguage\":\"lt-LT\",\"@id\":\"https:\/\/gymfactory.eu\/lt\/#\/schema\/logo\/image\/\",\"url\":\"https:\/\/gymfactory.eu\/wp-content\/uploads\/2024\/11\/Component-1.svg\",\"contentUrl\":\"https:\/\/gymfactory.eu\/wp-content\/uploads\/2024\/11\/Component-1.svg\",\"width\":54,\"height\":44,\"caption\":\"Sporto sal\u0117s gamykla\"},\"image\":{\"@id\":\"https:\/\/gymfactory.eu\/lt\/#\/schema\/logo\/image\/\"}}]}<\/script>\n<!-- \/ Yoast SEO plugin. -->","yoast_head_json":{"title":"\"Z02x Barbell Rack\" - puikiai tinka nam\u0173 fitneso ir komercin\u0117ms treniruokli\u0173 sal\u0117ms","description":"\u0160is \u0161tang\u0173 stovas idealiai tinka nam\u0173 treniruokliams ir komercin\u0117ms sporto sal\u0117ms, nes si\u016blo tvirt\u0105 saugojimo sprendim\u0105, kad treniruo\u010di\u0173 erdv\u0117 b\u016bt\u0173 tvarkinga ir prieinama.","robots":{"index":"index","follow":"follow","max-snippet":"max-snippet:-1","max-image-preview":"max-image-preview:large","max-video-preview":"max-video-preview:-1"},"canonical":"https:\/\/gymfactory.eu\/lt\/produktas\/z02x-stangu-stovas\/","og_locale":"lt_LT","og_type":"article","og_title":"\"Z02x Barbell Rack\" - puikiai tinka nam\u0173 fitneso ir komercin\u0117ms treniruokli\u0173 sal\u0117ms","og_description":"\u0160is \u0161tang\u0173 stovas idealiai tinka nam\u0173 treniruokliams ir komercin\u0117ms sporto sal\u0117ms, nes si\u016blo tvirt\u0105 saugojimo sprendim\u0105, kad treniruo\u010di\u0173 erdv\u0117 b\u016bt\u0173 tvarkinga ir prieinama.","og_url":"https:\/\/gymfactory.eu\/lt\/produktas\/z02x-stangu-stovas\/","og_site_name":"Gym Factory","article_modified_time":"2025-09-05T11:46:06+00:00","og_image":[{"width":1500,"height":1500,"url":"https:\/\/gymfactory.eu\/wp-content\/uploads\/2025\/02\/Z02X-power-rack-1-1.webp","type":"image\/webp"}],"twitter_card":"summary_large_image","twitter_misc":{"Est. reading time":"1 minut\u0117"},"schema":{"@context":"https:\/\/schema.org","@graph":[{"@type":"WebPage","@id":"https:\/\/gymfactory.eu\/lt\/produktas\/z02x-stangu-stovas\/","url":"https:\/\/gymfactory.eu\/lt\/produktas\/z02x-stangu-stovas\/","name":"\"Z02x Barbell Rack\" - puikiai tinka nam\u0173 fitneso ir komercin\u0117ms treniruokli\u0173 sal\u0117ms","isPartOf":{"@id":"https:\/\/gymfactory.eu\/lt\/#website"},"primaryImageOfPage":{"@id":"https:\/\/gymfactory.eu\/lt\/produktas\/z02x-stangu-stovas\/#primaryimage"},"image":{"@id":"https:\/\/gymfactory.eu\/lt\/produktas\/z02x-stangu-stovas\/#primaryimage"},"thumbnailUrl":"https:\/\/gymfactory.eu\/wp-content\/uploads\/2025\/02\/Z02X-power-rack-1-1.webp","datePublished":"2025-02-13T16:33:46+00:00","dateModified":"2025-09-05T11:46:06+00:00","description":"\u0160is \u0161tang\u0173 stovas idealiai tinka nam\u0173 treniruokliams ir komercin\u0117ms sporto sal\u0117ms, nes si\u016blo tvirt\u0105 saugojimo sprendim\u0105, kad treniruo\u010di\u0173 erdv\u0117 b\u016bt\u0173 tvarkinga ir prieinama.","breadcrumb":{"@id":"https:\/\/gymfactory.eu\/lt\/produktas\/z02x-stangu-stovas\/#breadcrumb"},"inLanguage":"lt-LT","potentialAction":[{"@type":"ReadAction","target":["https:\/\/gymfactory.eu\/lt\/produktas\/z02x-stangu-stovas\/"]}]},{"@type":"ImageObject","inLanguage":"lt-LT","@id":"https:\/\/gymfactory.eu\/lt\/produktas\/z02x-stangu-stovas\/#primaryimage","url":"https:\/\/gymfactory.eu\/wp-content\/uploads\/2025\/02\/Z02X-power-rack-1-1.webp","contentUrl":"https:\/\/gymfactory.eu\/wp-content\/uploads\/2025\/02\/Z02X-power-rack-1-1.webp","width":1500,"height":1500,"caption":"Tvirtas raudonos ir baltos spalv\u0173 j\u0117gos stovas su kampiniu A formos r\u0117mu, kurio kiekvienoje pus\u0117je yra daugyb\u0117 kabliuk\u0173 svori\u0173 plok\u0161t\u0117ms laikyti. \u0160is geriausias prit\u016bpim\u0173 stovas skirtas efektyviam svori\u0173 organizavimui ir idealiai tinka treniruokli\u0173 sal\u0117ms ir nam\u0173 treniruokliams."},{"@type":"BreadcrumbList","@id":"https:\/\/gymfactory.eu\/lt\/produktas\/z02x-stangu-stovas\/#breadcrumb","itemListElement":[{"@type":"ListItem","position":1,"name":"Pagrindinis","item":"https:\/\/gymfactory.eu\/lt\/"},{"@type":"ListItem","position":2,"name":"Katalogas","item":"https:\/\/gymfactory.eu\/lt\/katalogas\/"},{"@type":"ListItem","position":3,"name":"Z02X \u0160tang\u0173 stovas"}]},{"@type":"WebSite","@id":"https:\/\/gymfactory.eu\/lt\/#website","url":"https:\/\/gymfactory.eu\/lt\/","name":"Gym Factory","description":"","publisher":{"@id":"https:\/\/gymfactory.eu\/lt\/#organization"},"potentialAction":[{"@type":"SearchAction","target":{"@type":"EntryPoint","urlTemplate":"https:\/\/gymfactory.eu\/lt\/?s={search_term_string}"},"query-input":{"@type":"PropertyValueSpecification","valueRequired":true,"valueName":"search_term_string"}}],"inLanguage":"lt-LT"},{"@type":"Organization","@id":"https:\/\/gymfactory.eu\/lt\/#organization","name":"Sporto sal\u0117s gamykla","url":"https:\/\/gymfactory.eu\/lt\/","logo":{"@type":"ImageObject","inLanguage":"lt-LT","@id":"https:\/\/gymfactory.eu\/lt\/#\/schema\/logo\/image\/","url":"https:\/\/gymfactory.eu\/wp-content\/uploads\/2024\/11\/Component-1.svg","contentUrl":"https:\/\/gymfactory.eu\/wp-content\/uploads\/2024\/11\/Component-1.svg","width":54,"height":44,"caption":"Sporto sal\u0117s gamykla"},"image":{"@id":"https:\/\/gymfactory.eu\/lt\/#\/schema\/logo\/image\/"}}]}},"_links":{"self":[{"href":"https:\/\/gymfactory.eu\/lt\/wp-json\/wp\/v2\/product\/9951","targetHints":{"allow":["GET"]}}],"collection":[{"href":"https:\/\/gymfactory.eu\/lt\/wp-json\/wp\/v2\/product"}],"about":[{"href":"https:\/\/gymfactory.eu\/lt\/wp-json\/wp\/v2\/types\/product"}],"wp:featuredmedia":[{"embeddable":true,"href":"https:\/\/gymfactory.eu\/lt\/wp-json\/wp\/v2\/media\/9102"}],"wp:attachment":[{"href":"https:\/\/gymfactory.eu\/lt\/wp-json\/wp\/v2\/media?parent=9951"}],"wp:term":[{"taxonomy":"product_brand","embeddable":true,"href":"https:\/\/gymfactory.eu\/lt\/wp-json\/wp\/v2\/product_brand?post=9951"},{"taxonomy":"product_cat","embeddable":true,"href":"https:\/\/gymfactory.eu\/lt\/wp-json\/wp\/v2\/product_cat?post=9951"},{"taxonomy":"product_tag","embeddable":true,"href":"https:\/\/gymfactory.eu\/lt\/wp-json\/wp\/v2\/product_tag?post=9951"}],"curies":[{"name":"wp","href":"https:\/\/api.w.org\/{rel}","templated":true}]}}