{"id":9948,"date":"2025-02-13T10:56:38","date_gmt":"2025-02-13T08:56:38","guid":{"rendered":"https:\/\/gymfactory.eu\/product\/k5xx-panardinimo-stotis\/"},"modified":"2025-12-05T14:05:03","modified_gmt":"2025-12-05T12:05:03","slug":"k5xx-panardinimo-stotis","status":"publish","type":"product","link":"https:\/\/gymfactory.eu\/lt\/produktas\/k5xx-panardinimo-stotis\/","title":{"rendered":"K5XX Lygiagre\u010di\u0173 stovas"},"content":{"rendered":"<p>K5XX lygiagre\u010di\u0173 stovas \u2013 tai prakti\u0161kas ir kompakti\u0161kas sprendimas vir\u0161utin\u0117s k\u016bno dalies bei preso treniruot\u0117ms nam\u0173 ar profesionalioje sporto sal\u0117je. Puikiai tinka kaip dalis platesn\u0117s j\u0117gos ir funkcini\u0173 treniruo\u010di\u0173 programos.<\/p>\n<p>Stotel\u0117je \u012frengtos keli\u0173 pad\u0117\u010di\u0173 rankenos, leid\u017eian\u010dios keisti su\u0117mimo plot\u012f \u2013 taip atsispaudimai lygiagret\u0117se gali b\u016bti orientuoti \u012f tricepsus arba kr\u016btin\u0119, priklausomai nuo pasirinkto varianto. Preso pratimams skirti alk\u016bni\u0173 ir dilbi\u0173 atramos ta\u0161kai bei \u0161onin\u0117s rankenos \u2013 stabilumui ir komfortui atliekant koj\u0173 ar keli\u0173 k\u0117limus. Nugaros atrama formuota pagal balansinio kamuolio segment\u0105 \u2013 mink\u0161ta ir prisitaikanti prie nugaros linijos, u\u017etikrinanti dar didesn\u012f komfort\u0105.<\/p>\n<p>\u012emontuotos pakopos padeda saugiai ir lengvai u\u017eimti pradin\u0119 pad\u0117t\u012f prie\u0161 kiekvien\u0105 pratim\u0105.<\/p>\n\n    <div class=\"xs_social_share_widget xs_share_url after_content \t\tmain_content  wslu-style-1 wslu-share-box-shaped wslu-fill-colored wslu-none wslu-share-horizontal wslu-theme-font-no wslu-main_content\">\n\n\t\t\n        <ul>\n\t\t\t        <\/ul>\n    <\/div> \n","protected":false},"excerpt":{"rendered":"<p>K5XX lygiagre\u010di\u0173 stovas \u2013 tai prakti\u0161kas ir kompakti\u0161kas sprendimas vir\u0161utin\u0117s k\u016bno dalies bei preso treniruot\u0117ms nam\u0173 ar profesionalioje sporto sal\u0117je. Puikiai tinka kaip dalis platesn\u0117s j\u0117gos ir funkcini\u0173 treniruo\u010di\u0173 programos. Stotel\u0117je \u012frengtos keli\u0173 pad\u0117\u010di\u0173 rankenos, leid\u017eian\u010dios keisti su\u0117mimo plot\u012f \u2013 taip atsispaudimai lygiagret\u0117se gali b\u016bti orientuoti \u012f tricepsus arba kr\u016btin\u0119, priklausomai nuo pasirinkto varianto. Preso [&hellip;]<\/p>\n","protected":false},"featured_media":9072,"template":"","meta":{"_acf_changed":false},"product_brand":[817],"product_cat":[435],"product_tag":[],"class_list":{"0":"post-9948","1":"product","2":"type-product","3":"status-publish","4":"has-post-thumbnail","6":"product_brand-gym-factory-lt","7":"product_cat-stovai","9":"first","10":"onbackorder","11":"taxable","12":"shipping-taxable","13":"purchasable","14":"product-type-variable","15":"has-default-attributes"},"acf":[],"yoast_head":"<!-- This site is optimized with the Yoast SEO plugin v25.2 - https:\/\/yoast.com\/wordpress\/plugins\/seo\/ -->\n<title>K5XX Dip Station - Mank\u0161tos \u012franga namams<\/title>\n<meta name=\"description\" content=\"Su \u0161ia &quot;Dip Station&quot; - geriausia stabilumo ir j\u0117gos treniruo\u010di\u0173 priemone kr\u016btin\u0117s ir triceps\u0173 pratimams atlikti - patobulinsite technik\u0105 ir sustiprinsite j\u0117g\u0105.\" \/>\n<meta name=\"robots\" content=\"index, follow, max-snippet:-1, max-image-preview:large, max-video-preview:-1\" \/>\n<link rel=\"canonical\" href=\"https:\/\/gymfactory.eu\/lt\/produktas\/k5xx-panardinimo-stotis\/\" \/>\n<meta property=\"og:locale\" content=\"lt_LT\" \/>\n<meta property=\"og:type\" content=\"article\" \/>\n<meta property=\"og:title\" content=\"K5XX Dip Station - Mank\u0161tos \u012franga namams\" \/>\n<meta property=\"og:description\" content=\"Su \u0161ia &quot;Dip Station&quot; - geriausia stabilumo ir j\u0117gos treniruo\u010di\u0173 priemone kr\u016btin\u0117s ir triceps\u0173 pratimams atlikti - patobulinsite technik\u0105 ir sustiprinsite j\u0117g\u0105.\" \/>\n<meta property=\"og:url\" content=\"https:\/\/gymfactory.eu\/lt\/produktas\/k5xx-panardinimo-stotis\/\" \/>\n<meta property=\"og:site_name\" content=\"Gym Factory\" \/>\n<meta property=\"article:modified_time\" content=\"2025-12-05T12:05:03+00:00\" \/>\n<meta property=\"og:image\" content=\"https:\/\/gymfactory.eu\/wp-content\/uploads\/2025\/02\/dip-station-black-blue.webp\" \/>\n\t<meta property=\"og:image:width\" content=\"1500\" \/>\n\t<meta property=\"og:image:height\" content=\"1500\" \/>\n\t<meta property=\"og:image:type\" content=\"image\/webp\" \/>\n<meta name=\"twitter:card\" content=\"summary_large_image\" \/>\n<meta name=\"twitter:label1\" content=\"Est. reading time\" \/>\n\t<meta name=\"twitter:data1\" content=\"1 minut\u0117\" \/>\n<script type=\"application\/ld+json\" class=\"yoast-schema-graph\">{\"@context\":\"https:\/\/schema.org\",\"@graph\":[{\"@type\":\"WebPage\",\"@id\":\"https:\/\/gymfactory.eu\/lt\/produktas\/k5xx-panardinimo-stotis\/\",\"url\":\"https:\/\/gymfactory.eu\/lt\/produktas\/k5xx-panardinimo-stotis\/\",\"name\":\"K5XX Dip Station - Mank\u0161tos \u012franga namams\",\"isPartOf\":{\"@id\":\"https:\/\/gymfactory.eu\/lt\/#website\"},\"primaryImageOfPage\":{\"@id\":\"https:\/\/gymfactory.eu\/lt\/produktas\/k5xx-panardinimo-stotis\/#primaryimage\"},\"image\":{\"@id\":\"https:\/\/gymfactory.eu\/lt\/produktas\/k5xx-panardinimo-stotis\/#primaryimage\"},\"thumbnailUrl\":\"https:\/\/gymfactory.eu\/wp-content\/uploads\/2025\/02\/dip-station-black-blue.webp\",\"datePublished\":\"2025-02-13T08:56:38+00:00\",\"dateModified\":\"2025-12-05T12:05:03+00:00\",\"description\":\"Su \u0161ia \\\"Dip Station\\\" - geriausia stabilumo ir j\u0117gos treniruo\u010di\u0173 priemone kr\u016btin\u0117s ir triceps\u0173 pratimams atlikti - patobulinsite technik\u0105 ir sustiprinsite j\u0117g\u0105.\",\"breadcrumb\":{\"@id\":\"https:\/\/gymfactory.eu\/lt\/produktas\/k5xx-panardinimo-stotis\/#breadcrumb\"},\"inLanguage\":\"lt-LT\",\"potentialAction\":[{\"@type\":\"ReadAction\",\"target\":[\"https:\/\/gymfactory.eu\/lt\/produktas\/k5xx-panardinimo-stotis\/\"]}]},{\"@type\":\"ImageObject\",\"inLanguage\":\"lt-LT\",\"@id\":\"https:\/\/gymfactory.eu\/lt\/produktas\/k5xx-panardinimo-stotis\/#primaryimage\",\"url\":\"https:\/\/gymfactory.eu\/wp-content\/uploads\/2025\/02\/dip-station-black-blue.webp\",\"contentUrl\":\"https:\/\/gymfactory.eu\/wp-content\/uploads\/2025\/02\/dip-station-black-blue.webp\",\"width\":1500,\"height\":1500,\"caption\":\"juoda panardinimo stotel\u0117 su m\u0117lynu treniruo\u010di\u0173 kamuoliu, integruotu \u012f atlo\u0161\u0105, su pamink\u0161tintomis rank\u0173 atramomis ir metalin\u0117mis rankenomis, skirta fitneso ir j\u0117gos treniruot\u0117ms, apima koj\u0173 pak\u0117limus, kritimus ir \u0161erdies pratimus.\"},{\"@type\":\"BreadcrumbList\",\"@id\":\"https:\/\/gymfactory.eu\/lt\/produktas\/k5xx-panardinimo-stotis\/#breadcrumb\",\"itemListElement\":[{\"@type\":\"ListItem\",\"position\":1,\"name\":\"Pagrindinis\",\"item\":\"https:\/\/gymfactory.eu\/lt\/\"},{\"@type\":\"ListItem\",\"position\":2,\"name\":\"Katalogas\",\"item\":\"https:\/\/gymfactory.eu\/lt\/katalogas\/\"},{\"@type\":\"ListItem\",\"position\":3,\"name\":\"K5XX Lygiagre\u010di\u0173 stovas\"}]},{\"@type\":\"WebSite\",\"@id\":\"https:\/\/gymfactory.eu\/lt\/#website\",\"url\":\"https:\/\/gymfactory.eu\/lt\/\",\"name\":\"Gym Factory\",\"description\":\"\",\"publisher\":{\"@id\":\"https:\/\/gymfactory.eu\/lt\/#organization\"},\"potentialAction\":[{\"@type\":\"SearchAction\",\"target\":{\"@type\":\"EntryPoint\",\"urlTemplate\":\"https:\/\/gymfactory.eu\/lt\/?s={search_term_string}\"},\"query-input\":{\"@type\":\"PropertyValueSpecification\",\"valueRequired\":true,\"valueName\":\"search_term_string\"}}],\"inLanguage\":\"lt-LT\"},{\"@type\":\"Organization\",\"@id\":\"https:\/\/gymfactory.eu\/lt\/#organization\",\"name\":\"Sporto sal\u0117s gamykla\",\"url\":\"https:\/\/gymfactory.eu\/lt\/\",\"logo\":{\"@type\":\"ImageObject\",\"inLanguage\":\"lt-LT\",\"@id\":\"https:\/\/gymfactory.eu\/lt\/#\/schema\/logo\/image\/\",\"url\":\"https:\/\/gymfactory.eu\/wp-content\/uploads\/2024\/11\/Component-1.svg\",\"contentUrl\":\"https:\/\/gymfactory.eu\/wp-content\/uploads\/2024\/11\/Component-1.svg\",\"width\":54,\"height\":44,\"caption\":\"Sporto sal\u0117s gamykla\"},\"image\":{\"@id\":\"https:\/\/gymfactory.eu\/lt\/#\/schema\/logo\/image\/\"}}]}<\/script>\n<!-- \/ Yoast SEO plugin. -->","yoast_head_json":{"title":"K5XX Dip Station - Mank\u0161tos \u012franga namams","description":"Su \u0161ia \"Dip Station\" - geriausia stabilumo ir j\u0117gos treniruo\u010di\u0173 priemone kr\u016btin\u0117s ir triceps\u0173 pratimams atlikti - patobulinsite technik\u0105 ir sustiprinsite j\u0117g\u0105.","robots":{"index":"index","follow":"follow","max-snippet":"max-snippet:-1","max-image-preview":"max-image-preview:large","max-video-preview":"max-video-preview:-1"},"canonical":"https:\/\/gymfactory.eu\/lt\/produktas\/k5xx-panardinimo-stotis\/","og_locale":"lt_LT","og_type":"article","og_title":"K5XX Dip Station - Mank\u0161tos \u012franga namams","og_description":"Su \u0161ia \"Dip Station\" - geriausia stabilumo ir j\u0117gos treniruo\u010di\u0173 priemone kr\u016btin\u0117s ir triceps\u0173 pratimams atlikti - patobulinsite technik\u0105 ir sustiprinsite j\u0117g\u0105.","og_url":"https:\/\/gymfactory.eu\/lt\/produktas\/k5xx-panardinimo-stotis\/","og_site_name":"Gym Factory","article_modified_time":"2025-12-05T12:05:03+00:00","og_image":[{"width":1500,"height":1500,"url":"https:\/\/gymfactory.eu\/wp-content\/uploads\/2025\/02\/dip-station-black-blue.webp","type":"image\/webp"}],"twitter_card":"summary_large_image","twitter_misc":{"Est. reading time":"1 minut\u0117"},"schema":{"@context":"https:\/\/schema.org","@graph":[{"@type":"WebPage","@id":"https:\/\/gymfactory.eu\/lt\/produktas\/k5xx-panardinimo-stotis\/","url":"https:\/\/gymfactory.eu\/lt\/produktas\/k5xx-panardinimo-stotis\/","name":"K5XX Dip Station - Mank\u0161tos \u012franga namams","isPartOf":{"@id":"https:\/\/gymfactory.eu\/lt\/#website"},"primaryImageOfPage":{"@id":"https:\/\/gymfactory.eu\/lt\/produktas\/k5xx-panardinimo-stotis\/#primaryimage"},"image":{"@id":"https:\/\/gymfactory.eu\/lt\/produktas\/k5xx-panardinimo-stotis\/#primaryimage"},"thumbnailUrl":"https:\/\/gymfactory.eu\/wp-content\/uploads\/2025\/02\/dip-station-black-blue.webp","datePublished":"2025-02-13T08:56:38+00:00","dateModified":"2025-12-05T12:05:03+00:00","description":"Su \u0161ia \"Dip Station\" - geriausia stabilumo ir j\u0117gos treniruo\u010di\u0173 priemone kr\u016btin\u0117s ir triceps\u0173 pratimams atlikti - patobulinsite technik\u0105 ir sustiprinsite j\u0117g\u0105.","breadcrumb":{"@id":"https:\/\/gymfactory.eu\/lt\/produktas\/k5xx-panardinimo-stotis\/#breadcrumb"},"inLanguage":"lt-LT","potentialAction":[{"@type":"ReadAction","target":["https:\/\/gymfactory.eu\/lt\/produktas\/k5xx-panardinimo-stotis\/"]}]},{"@type":"ImageObject","inLanguage":"lt-LT","@id":"https:\/\/gymfactory.eu\/lt\/produktas\/k5xx-panardinimo-stotis\/#primaryimage","url":"https:\/\/gymfactory.eu\/wp-content\/uploads\/2025\/02\/dip-station-black-blue.webp","contentUrl":"https:\/\/gymfactory.eu\/wp-content\/uploads\/2025\/02\/dip-station-black-blue.webp","width":1500,"height":1500,"caption":"juoda panardinimo stotel\u0117 su m\u0117lynu treniruo\u010di\u0173 kamuoliu, integruotu \u012f atlo\u0161\u0105, su pamink\u0161tintomis rank\u0173 atramomis ir metalin\u0117mis rankenomis, skirta fitneso ir j\u0117gos treniruot\u0117ms, apima koj\u0173 pak\u0117limus, kritimus ir \u0161erdies pratimus."},{"@type":"BreadcrumbList","@id":"https:\/\/gymfactory.eu\/lt\/produktas\/k5xx-panardinimo-stotis\/#breadcrumb","itemListElement":[{"@type":"ListItem","position":1,"name":"Pagrindinis","item":"https:\/\/gymfactory.eu\/lt\/"},{"@type":"ListItem","position":2,"name":"Katalogas","item":"https:\/\/gymfactory.eu\/lt\/katalogas\/"},{"@type":"ListItem","position":3,"name":"K5XX Lygiagre\u010di\u0173 stovas"}]},{"@type":"WebSite","@id":"https:\/\/gymfactory.eu\/lt\/#website","url":"https:\/\/gymfactory.eu\/lt\/","name":"Gym Factory","description":"","publisher":{"@id":"https:\/\/gymfactory.eu\/lt\/#organization"},"potentialAction":[{"@type":"SearchAction","target":{"@type":"EntryPoint","urlTemplate":"https:\/\/gymfactory.eu\/lt\/?s={search_term_string}"},"query-input":{"@type":"PropertyValueSpecification","valueRequired":true,"valueName":"search_term_string"}}],"inLanguage":"lt-LT"},{"@type":"Organization","@id":"https:\/\/gymfactory.eu\/lt\/#organization","name":"Sporto sal\u0117s gamykla","url":"https:\/\/gymfactory.eu\/lt\/","logo":{"@type":"ImageObject","inLanguage":"lt-LT","@id":"https:\/\/gymfactory.eu\/lt\/#\/schema\/logo\/image\/","url":"https:\/\/gymfactory.eu\/wp-content\/uploads\/2024\/11\/Component-1.svg","contentUrl":"https:\/\/gymfactory.eu\/wp-content\/uploads\/2024\/11\/Component-1.svg","width":54,"height":44,"caption":"Sporto sal\u0117s gamykla"},"image":{"@id":"https:\/\/gymfactory.eu\/lt\/#\/schema\/logo\/image\/"}}]}},"_links":{"self":[{"href":"https:\/\/gymfactory.eu\/lt\/wp-json\/wp\/v2\/product\/9948","targetHints":{"allow":["GET"]}}],"collection":[{"href":"https:\/\/gymfactory.eu\/lt\/wp-json\/wp\/v2\/product"}],"about":[{"href":"https:\/\/gymfactory.eu\/lt\/wp-json\/wp\/v2\/types\/product"}],"wp:featuredmedia":[{"embeddable":true,"href":"https:\/\/gymfactory.eu\/lt\/wp-json\/wp\/v2\/media\/9072"}],"wp:attachment":[{"href":"https:\/\/gymfactory.eu\/lt\/wp-json\/wp\/v2\/media?parent=9948"}],"wp:term":[{"taxonomy":"product_brand","embeddable":true,"href":"https:\/\/gymfactory.eu\/lt\/wp-json\/wp\/v2\/product_brand?post=9948"},{"taxonomy":"product_cat","embeddable":true,"href":"https:\/\/gymfactory.eu\/lt\/wp-json\/wp\/v2\/product_cat?post=9948"},{"taxonomy":"product_tag","embeddable":true,"href":"https:\/\/gymfactory.eu\/lt\/wp-json\/wp\/v2\/product_tag?post=9948"}],"curies":[{"name":"wp","href":"https:\/\/api.w.org\/{rel}","templated":true}]}}