{"id":9945,"date":"2025-02-13T10:50:18","date_gmt":"2025-02-13T08:50:18","guid":{"rendered":"https:\/\/gymfactory.eu\/product\/k5x-panardinimo-stotis\/"},"modified":"2025-12-05T13:51:55","modified_gmt":"2025-12-05T11:51:55","slug":"k5x-panardinimo-stotis","status":"publish","type":"product","link":"https:\/\/gymfactory.eu\/lt\/produktas\/k5x-panardinimo-stotis\/","title":{"rendered":"K5X Lygiagre\u010di\u0173 stovas"},"content":{"rendered":"<p>K5X lygiagre\u010di\u0173 stovas \u2013 tai universali treniruo\u010di\u0173 stotel\u0117, skirta vir\u0161utin\u0117s k\u016bno dalies ir preso stiprinimui. Tinka tiek profesionaliam sporto klubui, tiek nam\u0173 treniruot\u0117ms \u2013 patikimas sprendimas kr\u016btin\u0117s, pe\u010di\u0173, tricepso ir pilvo raumen\u0173 lavinimui.<\/p>\n<p>Atsispaudimai lygiagret\u0117se leid\u017eia keisti kr\u016bvio akcent\u0105: pakreipus k\u016bn\u0105 \u012f priek\u012f labiau dirba kr\u016btin\u0117, vertikaliai \u2013 tricepsai. Stotel\u0117je integruota ir presa\u0328 lavinanti zona su pamink\u0161tinta nugaros atrama, alk\u016bni\u0173 ir dilbi\u0173 atramomis bei \u0161onin\u0117mis rankenomis \u2013 tai suteikia komfort\u0105 ir stabilum\u0105 atliekant keli\u0173 ar koj\u0173 k\u0117limo pratimus.<\/p>\n<p>\u012e r\u0117m\u0105 \u012fmontuotos pakopos leid\u017eia saugiai ir patogiai u\u017elipti \u012f pradin\u0119 pad\u0117t\u012f prie\u0161 kiekvien\u0105 pratim\u0105.<\/p>\n\n    <div class=\"xs_social_share_widget xs_share_url after_content \t\tmain_content  wslu-style-1 wslu-share-box-shaped wslu-fill-colored wslu-none wslu-share-horizontal wslu-theme-font-no wslu-main_content\">\n\n\t\t\n        <ul>\n\t\t\t        <\/ul>\n    <\/div> \n","protected":false},"excerpt":{"rendered":"<p>K5X lygiagre\u010di\u0173 stovas \u2013 tai universali treniruo\u010di\u0173 stotel\u0117, skirta vir\u0161utin\u0117s k\u016bno dalies ir preso stiprinimui. Tinka tiek profesionaliam sporto klubui, tiek nam\u0173 treniruot\u0117ms \u2013 patikimas sprendimas kr\u016btin\u0117s, pe\u010di\u0173, tricepso ir pilvo raumen\u0173 lavinimui. Atsispaudimai lygiagret\u0117se leid\u017eia keisti kr\u016bvio akcent\u0105: pakreipus k\u016bn\u0105 \u012f priek\u012f labiau dirba kr\u016btin\u0117, vertikaliai \u2013 tricepsai. Stotel\u0117je integruota ir presa\u0328 lavinanti zona [&hellip;]<\/p>\n","protected":false},"featured_media":9071,"template":"","meta":{"_acf_changed":false},"product_brand":[817],"product_cat":[435],"product_tag":[],"class_list":{"0":"post-9945","1":"product","2":"type-product","3":"status-publish","4":"has-post-thumbnail","6":"product_brand-gym-factory-lt","7":"product_cat-stovai","9":"first","10":"onbackorder","11":"taxable","12":"shipping-taxable","13":"purchasable","14":"product-type-variable","15":"has-default-attributes"},"acf":[],"yoast_head":"<!-- This site is optimized with the Yoast SEO plugin v25.2 - https:\/\/yoast.com\/wordpress\/plugins\/seo\/ -->\n<title>K5X panardinimo stotis: Komercin\u0117 ir nam\u0173 j\u0117gos treniruokli\u0173 \u012franga<\/title>\n<meta name=\"description\" content=\"\u0160i &quot;Dip Station&quot; yra geriausia nam\u0173 sporto \u012franga, u\u017etikrinanti stabilum\u0105 ir universalum\u0105, kad sustiprintum\u0117te raumenis ir pagerintum\u0117te treniruo\u010di\u0173 patirt\u012f.\" \/>\n<meta name=\"robots\" content=\"index, follow, max-snippet:-1, max-image-preview:large, max-video-preview:-1\" \/>\n<link rel=\"canonical\" href=\"https:\/\/gymfactory.eu\/lt\/produktas\/k5x-panardinimo-stotis\/\" \/>\n<meta property=\"og:locale\" content=\"lt_LT\" \/>\n<meta property=\"og:type\" content=\"article\" \/>\n<meta property=\"og:title\" content=\"K5X panardinimo stotis: Komercin\u0117 ir nam\u0173 j\u0117gos treniruokli\u0173 \u012franga\" \/>\n<meta property=\"og:description\" content=\"\u0160i &quot;Dip Station&quot; yra geriausia nam\u0173 sporto \u012franga, u\u017etikrinanti stabilum\u0105 ir universalum\u0105, kad sustiprintum\u0117te raumenis ir pagerintum\u0117te treniruo\u010di\u0173 patirt\u012f.\" \/>\n<meta property=\"og:url\" content=\"https:\/\/gymfactory.eu\/lt\/produktas\/k5x-panardinimo-stotis\/\" \/>\n<meta property=\"og:site_name\" content=\"Gym Factory\" \/>\n<meta property=\"article:modified_time\" content=\"2025-12-05T11:51:55+00:00\" \/>\n<meta property=\"og:image\" content=\"https:\/\/gymfactory.eu\/wp-content\/uploads\/2025\/02\/dip-station-home-gym-1.webp\" \/>\n\t<meta property=\"og:image:width\" content=\"1500\" \/>\n\t<meta property=\"og:image:height\" content=\"1500\" \/>\n\t<meta property=\"og:image:type\" content=\"image\/webp\" \/>\n<meta name=\"twitter:card\" content=\"summary_large_image\" \/>\n<meta name=\"twitter:label1\" content=\"Est. reading time\" \/>\n\t<meta name=\"twitter:data1\" content=\"1 minut\u0117\" \/>\n<script type=\"application\/ld+json\" class=\"yoast-schema-graph\">{\"@context\":\"https:\/\/schema.org\",\"@graph\":[{\"@type\":\"WebPage\",\"@id\":\"https:\/\/gymfactory.eu\/lt\/produktas\/k5x-panardinimo-stotis\/\",\"url\":\"https:\/\/gymfactory.eu\/lt\/produktas\/k5x-panardinimo-stotis\/\",\"name\":\"K5X panardinimo stotis: Komercin\u0117 ir nam\u0173 j\u0117gos treniruokli\u0173 \u012franga\",\"isPartOf\":{\"@id\":\"https:\/\/gymfactory.eu\/lt\/#website\"},\"primaryImageOfPage\":{\"@id\":\"https:\/\/gymfactory.eu\/lt\/produktas\/k5x-panardinimo-stotis\/#primaryimage\"},\"image\":{\"@id\":\"https:\/\/gymfactory.eu\/lt\/produktas\/k5x-panardinimo-stotis\/#primaryimage\"},\"thumbnailUrl\":\"https:\/\/gymfactory.eu\/wp-content\/uploads\/2025\/02\/dip-station-home-gym-1.webp\",\"datePublished\":\"2025-02-13T08:50:18+00:00\",\"dateModified\":\"2025-12-05T11:51:55+00:00\",\"description\":\"\u0160i \\\"Dip Station\\\" yra geriausia nam\u0173 sporto \u012franga, u\u017etikrinanti stabilum\u0105 ir universalum\u0105, kad sustiprintum\u0117te raumenis ir pagerintum\u0117te treniruo\u010di\u0173 patirt\u012f.\",\"breadcrumb\":{\"@id\":\"https:\/\/gymfactory.eu\/lt\/produktas\/k5x-panardinimo-stotis\/#breadcrumb\"},\"inLanguage\":\"lt-LT\",\"potentialAction\":[{\"@type\":\"ReadAction\",\"target\":[\"https:\/\/gymfactory.eu\/lt\/produktas\/k5x-panardinimo-stotis\/\"]}]},{\"@type\":\"ImageObject\",\"inLanguage\":\"lt-LT\",\"@id\":\"https:\/\/gymfactory.eu\/lt\/produktas\/k5x-panardinimo-stotis\/#primaryimage\",\"url\":\"https:\/\/gymfactory.eu\/wp-content\/uploads\/2025\/02\/dip-station-home-gym-1.webp\",\"contentUrl\":\"https:\/\/gymfactory.eu\/wp-content\/uploads\/2025\/02\/dip-station-home-gym-1.webp\",\"width\":1500,\"height\":1500},{\"@type\":\"BreadcrumbList\",\"@id\":\"https:\/\/gymfactory.eu\/lt\/produktas\/k5x-panardinimo-stotis\/#breadcrumb\",\"itemListElement\":[{\"@type\":\"ListItem\",\"position\":1,\"name\":\"Pagrindinis\",\"item\":\"https:\/\/gymfactory.eu\/lt\/\"},{\"@type\":\"ListItem\",\"position\":2,\"name\":\"Katalogas\",\"item\":\"https:\/\/gymfactory.eu\/lt\/katalogas\/\"},{\"@type\":\"ListItem\",\"position\":3,\"name\":\"K5X Lygiagre\u010di\u0173 stovas\"}]},{\"@type\":\"WebSite\",\"@id\":\"https:\/\/gymfactory.eu\/lt\/#website\",\"url\":\"https:\/\/gymfactory.eu\/lt\/\",\"name\":\"Gym Factory\",\"description\":\"\",\"publisher\":{\"@id\":\"https:\/\/gymfactory.eu\/lt\/#organization\"},\"potentialAction\":[{\"@type\":\"SearchAction\",\"target\":{\"@type\":\"EntryPoint\",\"urlTemplate\":\"https:\/\/gymfactory.eu\/lt\/?s={search_term_string}\"},\"query-input\":{\"@type\":\"PropertyValueSpecification\",\"valueRequired\":true,\"valueName\":\"search_term_string\"}}],\"inLanguage\":\"lt-LT\"},{\"@type\":\"Organization\",\"@id\":\"https:\/\/gymfactory.eu\/lt\/#organization\",\"name\":\"Sporto sal\u0117s gamykla\",\"url\":\"https:\/\/gymfactory.eu\/lt\/\",\"logo\":{\"@type\":\"ImageObject\",\"inLanguage\":\"lt-LT\",\"@id\":\"https:\/\/gymfactory.eu\/lt\/#\/schema\/logo\/image\/\",\"url\":\"https:\/\/gymfactory.eu\/wp-content\/uploads\/2024\/11\/Component-1.svg\",\"contentUrl\":\"https:\/\/gymfactory.eu\/wp-content\/uploads\/2024\/11\/Component-1.svg\",\"width\":54,\"height\":44,\"caption\":\"Sporto sal\u0117s gamykla\"},\"image\":{\"@id\":\"https:\/\/gymfactory.eu\/lt\/#\/schema\/logo\/image\/\"}}]}<\/script>\n<!-- \/ Yoast SEO plugin. -->","yoast_head_json":{"title":"K5X panardinimo stotis: Komercin\u0117 ir nam\u0173 j\u0117gos treniruokli\u0173 \u012franga","description":"\u0160i \"Dip Station\" yra geriausia nam\u0173 sporto \u012franga, u\u017etikrinanti stabilum\u0105 ir universalum\u0105, kad sustiprintum\u0117te raumenis ir pagerintum\u0117te treniruo\u010di\u0173 patirt\u012f.","robots":{"index":"index","follow":"follow","max-snippet":"max-snippet:-1","max-image-preview":"max-image-preview:large","max-video-preview":"max-video-preview:-1"},"canonical":"https:\/\/gymfactory.eu\/lt\/produktas\/k5x-panardinimo-stotis\/","og_locale":"lt_LT","og_type":"article","og_title":"K5X panardinimo stotis: Komercin\u0117 ir nam\u0173 j\u0117gos treniruokli\u0173 \u012franga","og_description":"\u0160i \"Dip Station\" yra geriausia nam\u0173 sporto \u012franga, u\u017etikrinanti stabilum\u0105 ir universalum\u0105, kad sustiprintum\u0117te raumenis ir pagerintum\u0117te treniruo\u010di\u0173 patirt\u012f.","og_url":"https:\/\/gymfactory.eu\/lt\/produktas\/k5x-panardinimo-stotis\/","og_site_name":"Gym Factory","article_modified_time":"2025-12-05T11:51:55+00:00","og_image":[{"width":1500,"height":1500,"url":"https:\/\/gymfactory.eu\/wp-content\/uploads\/2025\/02\/dip-station-home-gym-1.webp","type":"image\/webp"}],"twitter_card":"summary_large_image","twitter_misc":{"Est. reading time":"1 minut\u0117"},"schema":{"@context":"https:\/\/schema.org","@graph":[{"@type":"WebPage","@id":"https:\/\/gymfactory.eu\/lt\/produktas\/k5x-panardinimo-stotis\/","url":"https:\/\/gymfactory.eu\/lt\/produktas\/k5x-panardinimo-stotis\/","name":"K5X panardinimo stotis: Komercin\u0117 ir nam\u0173 j\u0117gos treniruokli\u0173 \u012franga","isPartOf":{"@id":"https:\/\/gymfactory.eu\/lt\/#website"},"primaryImageOfPage":{"@id":"https:\/\/gymfactory.eu\/lt\/produktas\/k5x-panardinimo-stotis\/#primaryimage"},"image":{"@id":"https:\/\/gymfactory.eu\/lt\/produktas\/k5x-panardinimo-stotis\/#primaryimage"},"thumbnailUrl":"https:\/\/gymfactory.eu\/wp-content\/uploads\/2025\/02\/dip-station-home-gym-1.webp","datePublished":"2025-02-13T08:50:18+00:00","dateModified":"2025-12-05T11:51:55+00:00","description":"\u0160i \"Dip Station\" yra geriausia nam\u0173 sporto \u012franga, u\u017etikrinanti stabilum\u0105 ir universalum\u0105, kad sustiprintum\u0117te raumenis ir pagerintum\u0117te treniruo\u010di\u0173 patirt\u012f.","breadcrumb":{"@id":"https:\/\/gymfactory.eu\/lt\/produktas\/k5x-panardinimo-stotis\/#breadcrumb"},"inLanguage":"lt-LT","potentialAction":[{"@type":"ReadAction","target":["https:\/\/gymfactory.eu\/lt\/produktas\/k5x-panardinimo-stotis\/"]}]},{"@type":"ImageObject","inLanguage":"lt-LT","@id":"https:\/\/gymfactory.eu\/lt\/produktas\/k5x-panardinimo-stotis\/#primaryimage","url":"https:\/\/gymfactory.eu\/wp-content\/uploads\/2025\/02\/dip-station-home-gym-1.webp","contentUrl":"https:\/\/gymfactory.eu\/wp-content\/uploads\/2025\/02\/dip-station-home-gym-1.webp","width":1500,"height":1500},{"@type":"BreadcrumbList","@id":"https:\/\/gymfactory.eu\/lt\/produktas\/k5x-panardinimo-stotis\/#breadcrumb","itemListElement":[{"@type":"ListItem","position":1,"name":"Pagrindinis","item":"https:\/\/gymfactory.eu\/lt\/"},{"@type":"ListItem","position":2,"name":"Katalogas","item":"https:\/\/gymfactory.eu\/lt\/katalogas\/"},{"@type":"ListItem","position":3,"name":"K5X Lygiagre\u010di\u0173 stovas"}]},{"@type":"WebSite","@id":"https:\/\/gymfactory.eu\/lt\/#website","url":"https:\/\/gymfactory.eu\/lt\/","name":"Gym Factory","description":"","publisher":{"@id":"https:\/\/gymfactory.eu\/lt\/#organization"},"potentialAction":[{"@type":"SearchAction","target":{"@type":"EntryPoint","urlTemplate":"https:\/\/gymfactory.eu\/lt\/?s={search_term_string}"},"query-input":{"@type":"PropertyValueSpecification","valueRequired":true,"valueName":"search_term_string"}}],"inLanguage":"lt-LT"},{"@type":"Organization","@id":"https:\/\/gymfactory.eu\/lt\/#organization","name":"Sporto sal\u0117s gamykla","url":"https:\/\/gymfactory.eu\/lt\/","logo":{"@type":"ImageObject","inLanguage":"lt-LT","@id":"https:\/\/gymfactory.eu\/lt\/#\/schema\/logo\/image\/","url":"https:\/\/gymfactory.eu\/wp-content\/uploads\/2024\/11\/Component-1.svg","contentUrl":"https:\/\/gymfactory.eu\/wp-content\/uploads\/2024\/11\/Component-1.svg","width":54,"height":44,"caption":"Sporto sal\u0117s gamykla"},"image":{"@id":"https:\/\/gymfactory.eu\/lt\/#\/schema\/logo\/image\/"}}]}},"_links":{"self":[{"href":"https:\/\/gymfactory.eu\/lt\/wp-json\/wp\/v2\/product\/9945","targetHints":{"allow":["GET"]}}],"collection":[{"href":"https:\/\/gymfactory.eu\/lt\/wp-json\/wp\/v2\/product"}],"about":[{"href":"https:\/\/gymfactory.eu\/lt\/wp-json\/wp\/v2\/types\/product"}],"wp:featuredmedia":[{"embeddable":true,"href":"https:\/\/gymfactory.eu\/lt\/wp-json\/wp\/v2\/media\/9071"}],"wp:attachment":[{"href":"https:\/\/gymfactory.eu\/lt\/wp-json\/wp\/v2\/media?parent=9945"}],"wp:term":[{"taxonomy":"product_brand","embeddable":true,"href":"https:\/\/gymfactory.eu\/lt\/wp-json\/wp\/v2\/product_brand?post=9945"},{"taxonomy":"product_cat","embeddable":true,"href":"https:\/\/gymfactory.eu\/lt\/wp-json\/wp\/v2\/product_cat?post=9945"},{"taxonomy":"product_tag","embeddable":true,"href":"https:\/\/gymfactory.eu\/lt\/wp-json\/wp\/v2\/product_tag?post=9945"}],"curies":[{"name":"wp","href":"https:\/\/api.w.org\/{rel}","templated":true}]}}