{"id":9941,"date":"2025-02-13T09:30:50","date_gmt":"2025-02-13T07:30:50","guid":{"rendered":"https:\/\/gymfactory.eu\/product\/b9-daugiafunkcinis-galios-stovas\/"},"modified":"2025-12-05T13:36:09","modified_gmt":"2025-12-05T11:36:09","slug":"b9-daugiafunkcinis-galios-stovas","status":"publish","type":"product","link":"https:\/\/gymfactory.eu\/lt\/produktas\/b9-daugiafunkcinis-galios-stovas\/","title":{"rendered":"B9 Daugiafunkcinis j\u0117gos stovas"},"content":{"rendered":"<p>B9 Daugiafunkcinis j\u0117gos stovas \u2013 tai \u201eviskas viename\u201c tipo sprendimas viso k\u016bno j\u0117gos treniruot\u0117ms. Tinka tiek nam\u0173 sporto erdvei, tiek profesionaliam sporto klubui \u2013 kelios treniruo\u010di\u0173 stotel\u0117s sujungtos \u012f vien\u0105 kompakti\u0161k\u0105, viet\u0105 taupant\u012f \u012frengin\u012f.<\/p>\n<p>\u0160is modelis apjungia integruot\u0105 fiksuotos \u0161tangos treniruokl\u012f (smita), traukos blok\u0105 (su reguliuojamo auk\u0161\u010dio spyna), bei laisvos \u0161tangos prit\u016bpim\u0173 stov\u0105. Komplekte yra du \u0161tangos laikikliai, dvi apsaugin\u0117s atramos, daugiafunkcinis prisitraukim\u0173 skersinis, Z17L lygiagret\u0117s, platus traukos rankenos priedas, pasiprie\u0161inimo gum\u0173 tvirtinimo kai\u0161\u010diai.<\/p>\n<p>Visi kabliai, atramos ir priedai gali b\u016bti montuojami skirtingame auk\u0161tyje d\u0117l skyl\u0117t\u0173 profili\u0173 \u2013 tai leid\u017eia pritaikyti stov\u0105 pagal individual\u0173 \u016bg\u012f ar konkre\u010di\u0105 treniruot\u0119.<\/p>\n<p>B9 leid\u017eia atlikti itin plat\u0173 pratim\u0173 spektr\u0105 \u2013 nuo \u0161tangos, skriemulio ir k\u016bno svorio pratim\u0173 iki visapusi\u0161kos viso k\u016bno treniruot\u0117s vienoje stotel\u0117je.<\/p>\n<p>Norint i\u0161pl\u0117sti stovo galimybes, rekomenduojame papildomai \u012fsigyti: <a href=\"https:\/\/gymfactory.eu\/lt\/produktas\/z03g1-olimpine-stanga\/\" target=\"_blank\" rel=\"noopener\">Z03G1<\/a> arba <a href=\"https:\/\/gymfactory.eu\/lt\/produktas\/z03g-olimpine-stanga\/\" target=\"_blank\" rel=\"noopener\">Z03G<\/a> olimpin\u012f grif\u0105, reguliuojamus suoliukus <a href=\"https:\/\/gymfactory.eu\/lt\/produktas\/j2-reguliuojamas-suolas\/\" target=\"_blank\" rel=\"noopener\">J2<\/a> arba <a href=\"https:\/\/gymfactory.eu\/lt\/produktas\/j3-reguliuojamas-suolas\/\" target=\"_blank\" rel=\"noopener\">J3<\/a>.<\/p>\n\n    <div class=\"xs_social_share_widget xs_share_url after_content \t\tmain_content  wslu-style-1 wslu-share-box-shaped wslu-fill-colored wslu-none wslu-share-horizontal wslu-theme-font-no wslu-main_content\">\n\n\t\t\n        <ul>\n\t\t\t        <\/ul>\n    <\/div> \n","protected":false},"excerpt":{"rendered":"<p>B9 Daugiafunkcinis j\u0117gos stovas \u2013 tai \u201eviskas viename\u201c tipo sprendimas viso k\u016bno j\u0117gos treniruot\u0117ms. Tinka tiek nam\u0173 sporto erdvei, tiek profesionaliam sporto klubui \u2013 kelios treniruo\u010di\u0173 stotel\u0117s sujungtos \u012f vien\u0105 kompakti\u0161k\u0105, viet\u0105 taupant\u012f \u012frengin\u012f. \u0160is modelis apjungia integruot\u0105 fiksuotos \u0161tangos treniruokl\u012f (smita), traukos blok\u0105 (su reguliuojamo auk\u0161\u010dio spyna), bei laisvos \u0161tangos prit\u016bpim\u0173 stov\u0105. Komplekte yra [&hellip;]<\/p>\n","protected":false},"featured_media":9067,"template":"","meta":{"_acf_changed":false},"product_brand":[817],"product_cat":[435],"product_tag":[415],"class_list":{"0":"post-9941","1":"product","2":"type-product","3":"status-publish","4":"has-post-thumbnail","6":"product_brand-gym-factory-lt","7":"product_cat-stovai","8":"product_tag-spalva-tik-metaline","10":"first","11":"onbackorder","12":"taxable","13":"shipping-taxable","14":"purchasable","15":"product-type-variable","16":"has-default-attributes"},"acf":[],"yoast_head":"<!-- This site is optimized with the Yoast SEO plugin v25.2 - https:\/\/yoast.com\/wordpress\/plugins\/seo\/ -->\n<title>B9 daugiafunkcinis j\u0117gos stovas - j\u0117gos treniruo\u010di\u0173 \u012franga<\/title>\n<meta name=\"description\" content=\"Treniruo\u010di\u0173 stovas yra vienas geriausi\u0173 treniruokli\u0173 namams, kuriame suderintas ilgaam\u017ei\u0161kumas ir universalumas, padedantis palaikyti j\u016bs\u0173 sveikatingumo kelion\u0119.\" \/>\n<meta name=\"robots\" content=\"index, follow, max-snippet:-1, max-image-preview:large, max-video-preview:-1\" \/>\n<link rel=\"canonical\" href=\"https:\/\/gymfactory.eu\/lt\/produktas\/b9-daugiafunkcinis-galios-stovas\/\" \/>\n<meta property=\"og:locale\" content=\"lt_LT\" \/>\n<meta property=\"og:type\" content=\"article\" \/>\n<meta property=\"og:title\" content=\"B9 daugiafunkcinis j\u0117gos stovas - j\u0117gos treniruo\u010di\u0173 \u012franga\" \/>\n<meta property=\"og:description\" content=\"Treniruo\u010di\u0173 stovas yra vienas geriausi\u0173 treniruokli\u0173 namams, kuriame suderintas ilgaam\u017ei\u0161kumas ir universalumas, padedantis palaikyti j\u016bs\u0173 sveikatingumo kelion\u0119.\" \/>\n<meta property=\"og:url\" content=\"https:\/\/gymfactory.eu\/lt\/produktas\/b9-daugiafunkcinis-galios-stovas\/\" \/>\n<meta property=\"og:site_name\" content=\"Gym Factory\" \/>\n<meta property=\"article:modified_time\" content=\"2025-12-05T11:36:09+00:00\" \/>\n<meta property=\"og:image\" content=\"https:\/\/gymfactory.eu\/wp-content\/uploads\/2025\/02\/power-rack-multi-functional-squat-rack-1-1.webp\" \/>\n\t<meta property=\"og:image:width\" content=\"1500\" \/>\n\t<meta property=\"og:image:height\" content=\"1500\" \/>\n\t<meta property=\"og:image:type\" content=\"image\/webp\" \/>\n<meta name=\"twitter:card\" content=\"summary_large_image\" \/>\n<meta name=\"twitter:label1\" content=\"Est. reading time\" \/>\n\t<meta name=\"twitter:data1\" content=\"1 minut\u0117\" \/>\n<script type=\"application\/ld+json\" class=\"yoast-schema-graph\">{\"@context\":\"https:\/\/schema.org\",\"@graph\":[{\"@type\":\"WebPage\",\"@id\":\"https:\/\/gymfactory.eu\/lt\/produktas\/b9-daugiafunkcinis-galios-stovas\/\",\"url\":\"https:\/\/gymfactory.eu\/lt\/produktas\/b9-daugiafunkcinis-galios-stovas\/\",\"name\":\"B9 daugiafunkcinis j\u0117gos stovas - j\u0117gos treniruo\u010di\u0173 \u012franga\",\"isPartOf\":{\"@id\":\"https:\/\/gymfactory.eu\/lt\/#website\"},\"primaryImageOfPage\":{\"@id\":\"https:\/\/gymfactory.eu\/lt\/produktas\/b9-daugiafunkcinis-galios-stovas\/#primaryimage\"},\"image\":{\"@id\":\"https:\/\/gymfactory.eu\/lt\/produktas\/b9-daugiafunkcinis-galios-stovas\/#primaryimage\"},\"thumbnailUrl\":\"https:\/\/gymfactory.eu\/wp-content\/uploads\/2025\/02\/power-rack-multi-functional-squat-rack-1-1.webp\",\"datePublished\":\"2025-02-13T07:30:50+00:00\",\"dateModified\":\"2025-12-05T11:36:09+00:00\",\"description\":\"Treniruo\u010di\u0173 stovas yra vienas geriausi\u0173 treniruokli\u0173 namams, kuriame suderintas ilgaam\u017ei\u0161kumas ir universalumas, padedantis palaikyti j\u016bs\u0173 sveikatingumo kelion\u0119.\",\"breadcrumb\":{\"@id\":\"https:\/\/gymfactory.eu\/lt\/produktas\/b9-daugiafunkcinis-galios-stovas\/#breadcrumb\"},\"inLanguage\":\"lt-LT\",\"potentialAction\":[{\"@type\":\"ReadAction\",\"target\":[\"https:\/\/gymfactory.eu\/lt\/produktas\/b9-daugiafunkcinis-galios-stovas\/\"]}]},{\"@type\":\"ImageObject\",\"inLanguage\":\"lt-LT\",\"@id\":\"https:\/\/gymfactory.eu\/lt\/produktas\/b9-daugiafunkcinis-galios-stovas\/#primaryimage\",\"url\":\"https:\/\/gymfactory.eu\/wp-content\/uploads\/2025\/02\/power-rack-multi-functional-squat-rack-1-1.webp\",\"contentUrl\":\"https:\/\/gymfactory.eu\/wp-content\/uploads\/2025\/02\/power-rack-multi-functional-squat-rack-1-1.webp\",\"width\":1500,\"height\":1500,\"caption\":\"Daugiafunkcinis juodo r\u0117mo j\u0117gos stovas su svorio plok\u0161teli\u0173 laikikliais, prisitraukimo baru ir reguliuojamomis apsaugin\u0117mis grotel\u0117mis, kad prit\u016bpim\u0173 stovas b\u016bt\u0173 geriausias.\"},{\"@type\":\"BreadcrumbList\",\"@id\":\"https:\/\/gymfactory.eu\/lt\/produktas\/b9-daugiafunkcinis-galios-stovas\/#breadcrumb\",\"itemListElement\":[{\"@type\":\"ListItem\",\"position\":1,\"name\":\"Pagrindinis\",\"item\":\"https:\/\/gymfactory.eu\/lt\/\"},{\"@type\":\"ListItem\",\"position\":2,\"name\":\"Katalogas\",\"item\":\"https:\/\/gymfactory.eu\/lt\/katalogas\/\"},{\"@type\":\"ListItem\",\"position\":3,\"name\":\"B9 Daugiafunkcinis j\u0117gos stovas\"}]},{\"@type\":\"WebSite\",\"@id\":\"https:\/\/gymfactory.eu\/lt\/#website\",\"url\":\"https:\/\/gymfactory.eu\/lt\/\",\"name\":\"Gym Factory\",\"description\":\"\",\"publisher\":{\"@id\":\"https:\/\/gymfactory.eu\/lt\/#organization\"},\"potentialAction\":[{\"@type\":\"SearchAction\",\"target\":{\"@type\":\"EntryPoint\",\"urlTemplate\":\"https:\/\/gymfactory.eu\/lt\/?s={search_term_string}\"},\"query-input\":{\"@type\":\"PropertyValueSpecification\",\"valueRequired\":true,\"valueName\":\"search_term_string\"}}],\"inLanguage\":\"lt-LT\"},{\"@type\":\"Organization\",\"@id\":\"https:\/\/gymfactory.eu\/lt\/#organization\",\"name\":\"Sporto sal\u0117s gamykla\",\"url\":\"https:\/\/gymfactory.eu\/lt\/\",\"logo\":{\"@type\":\"ImageObject\",\"inLanguage\":\"lt-LT\",\"@id\":\"https:\/\/gymfactory.eu\/lt\/#\/schema\/logo\/image\/\",\"url\":\"https:\/\/gymfactory.eu\/wp-content\/uploads\/2024\/11\/Component-1.svg\",\"contentUrl\":\"https:\/\/gymfactory.eu\/wp-content\/uploads\/2024\/11\/Component-1.svg\",\"width\":54,\"height\":44,\"caption\":\"Sporto sal\u0117s gamykla\"},\"image\":{\"@id\":\"https:\/\/gymfactory.eu\/lt\/#\/schema\/logo\/image\/\"}}]}<\/script>\n<!-- \/ Yoast SEO plugin. -->","yoast_head_json":{"title":"B9 daugiafunkcinis j\u0117gos stovas - j\u0117gos treniruo\u010di\u0173 \u012franga","description":"Treniruo\u010di\u0173 stovas yra vienas geriausi\u0173 treniruokli\u0173 namams, kuriame suderintas ilgaam\u017ei\u0161kumas ir universalumas, padedantis palaikyti j\u016bs\u0173 sveikatingumo kelion\u0119.","robots":{"index":"index","follow":"follow","max-snippet":"max-snippet:-1","max-image-preview":"max-image-preview:large","max-video-preview":"max-video-preview:-1"},"canonical":"https:\/\/gymfactory.eu\/lt\/produktas\/b9-daugiafunkcinis-galios-stovas\/","og_locale":"lt_LT","og_type":"article","og_title":"B9 daugiafunkcinis j\u0117gos stovas - j\u0117gos treniruo\u010di\u0173 \u012franga","og_description":"Treniruo\u010di\u0173 stovas yra vienas geriausi\u0173 treniruokli\u0173 namams, kuriame suderintas ilgaam\u017ei\u0161kumas ir universalumas, padedantis palaikyti j\u016bs\u0173 sveikatingumo kelion\u0119.","og_url":"https:\/\/gymfactory.eu\/lt\/produktas\/b9-daugiafunkcinis-galios-stovas\/","og_site_name":"Gym Factory","article_modified_time":"2025-12-05T11:36:09+00:00","og_image":[{"width":1500,"height":1500,"url":"https:\/\/gymfactory.eu\/wp-content\/uploads\/2025\/02\/power-rack-multi-functional-squat-rack-1-1.webp","type":"image\/webp"}],"twitter_card":"summary_large_image","twitter_misc":{"Est. reading time":"1 minut\u0117"},"schema":{"@context":"https:\/\/schema.org","@graph":[{"@type":"WebPage","@id":"https:\/\/gymfactory.eu\/lt\/produktas\/b9-daugiafunkcinis-galios-stovas\/","url":"https:\/\/gymfactory.eu\/lt\/produktas\/b9-daugiafunkcinis-galios-stovas\/","name":"B9 daugiafunkcinis j\u0117gos stovas - j\u0117gos treniruo\u010di\u0173 \u012franga","isPartOf":{"@id":"https:\/\/gymfactory.eu\/lt\/#website"},"primaryImageOfPage":{"@id":"https:\/\/gymfactory.eu\/lt\/produktas\/b9-daugiafunkcinis-galios-stovas\/#primaryimage"},"image":{"@id":"https:\/\/gymfactory.eu\/lt\/produktas\/b9-daugiafunkcinis-galios-stovas\/#primaryimage"},"thumbnailUrl":"https:\/\/gymfactory.eu\/wp-content\/uploads\/2025\/02\/power-rack-multi-functional-squat-rack-1-1.webp","datePublished":"2025-02-13T07:30:50+00:00","dateModified":"2025-12-05T11:36:09+00:00","description":"Treniruo\u010di\u0173 stovas yra vienas geriausi\u0173 treniruokli\u0173 namams, kuriame suderintas ilgaam\u017ei\u0161kumas ir universalumas, padedantis palaikyti j\u016bs\u0173 sveikatingumo kelion\u0119.","breadcrumb":{"@id":"https:\/\/gymfactory.eu\/lt\/produktas\/b9-daugiafunkcinis-galios-stovas\/#breadcrumb"},"inLanguage":"lt-LT","potentialAction":[{"@type":"ReadAction","target":["https:\/\/gymfactory.eu\/lt\/produktas\/b9-daugiafunkcinis-galios-stovas\/"]}]},{"@type":"ImageObject","inLanguage":"lt-LT","@id":"https:\/\/gymfactory.eu\/lt\/produktas\/b9-daugiafunkcinis-galios-stovas\/#primaryimage","url":"https:\/\/gymfactory.eu\/wp-content\/uploads\/2025\/02\/power-rack-multi-functional-squat-rack-1-1.webp","contentUrl":"https:\/\/gymfactory.eu\/wp-content\/uploads\/2025\/02\/power-rack-multi-functional-squat-rack-1-1.webp","width":1500,"height":1500,"caption":"Daugiafunkcinis juodo r\u0117mo j\u0117gos stovas su svorio plok\u0161teli\u0173 laikikliais, prisitraukimo baru ir reguliuojamomis apsaugin\u0117mis grotel\u0117mis, kad prit\u016bpim\u0173 stovas b\u016bt\u0173 geriausias."},{"@type":"BreadcrumbList","@id":"https:\/\/gymfactory.eu\/lt\/produktas\/b9-daugiafunkcinis-galios-stovas\/#breadcrumb","itemListElement":[{"@type":"ListItem","position":1,"name":"Pagrindinis","item":"https:\/\/gymfactory.eu\/lt\/"},{"@type":"ListItem","position":2,"name":"Katalogas","item":"https:\/\/gymfactory.eu\/lt\/katalogas\/"},{"@type":"ListItem","position":3,"name":"B9 Daugiafunkcinis j\u0117gos stovas"}]},{"@type":"WebSite","@id":"https:\/\/gymfactory.eu\/lt\/#website","url":"https:\/\/gymfactory.eu\/lt\/","name":"Gym Factory","description":"","publisher":{"@id":"https:\/\/gymfactory.eu\/lt\/#organization"},"potentialAction":[{"@type":"SearchAction","target":{"@type":"EntryPoint","urlTemplate":"https:\/\/gymfactory.eu\/lt\/?s={search_term_string}"},"query-input":{"@type":"PropertyValueSpecification","valueRequired":true,"valueName":"search_term_string"}}],"inLanguage":"lt-LT"},{"@type":"Organization","@id":"https:\/\/gymfactory.eu\/lt\/#organization","name":"Sporto sal\u0117s gamykla","url":"https:\/\/gymfactory.eu\/lt\/","logo":{"@type":"ImageObject","inLanguage":"lt-LT","@id":"https:\/\/gymfactory.eu\/lt\/#\/schema\/logo\/image\/","url":"https:\/\/gymfactory.eu\/wp-content\/uploads\/2024\/11\/Component-1.svg","contentUrl":"https:\/\/gymfactory.eu\/wp-content\/uploads\/2024\/11\/Component-1.svg","width":54,"height":44,"caption":"Sporto sal\u0117s gamykla"},"image":{"@id":"https:\/\/gymfactory.eu\/lt\/#\/schema\/logo\/image\/"}}]}},"_links":{"self":[{"href":"https:\/\/gymfactory.eu\/lt\/wp-json\/wp\/v2\/product\/9941","targetHints":{"allow":["GET"]}}],"collection":[{"href":"https:\/\/gymfactory.eu\/lt\/wp-json\/wp\/v2\/product"}],"about":[{"href":"https:\/\/gymfactory.eu\/lt\/wp-json\/wp\/v2\/types\/product"}],"wp:featuredmedia":[{"embeddable":true,"href":"https:\/\/gymfactory.eu\/lt\/wp-json\/wp\/v2\/media\/9067"}],"wp:attachment":[{"href":"https:\/\/gymfactory.eu\/lt\/wp-json\/wp\/v2\/media?parent=9941"}],"wp:term":[{"taxonomy":"product_brand","embeddable":true,"href":"https:\/\/gymfactory.eu\/lt\/wp-json\/wp\/v2\/product_brand?post=9941"},{"taxonomy":"product_cat","embeddable":true,"href":"https:\/\/gymfactory.eu\/lt\/wp-json\/wp\/v2\/product_cat?post=9941"},{"taxonomy":"product_tag","embeddable":true,"href":"https:\/\/gymfactory.eu\/lt\/wp-json\/wp\/v2\/product_tag?post=9941"}],"curies":[{"name":"wp","href":"https:\/\/api.w.org\/{rel}","templated":true}]}}