{"id":9939,"date":"2025-02-13T19:25:08","date_gmt":"2025-02-13T17:25:08","guid":{"rendered":"https:\/\/gymfactory.eu\/product\/z09-hanteliu-stovas\/"},"modified":"2025-09-09T10:48:13","modified_gmt":"2025-09-09T07:48:13","slug":"z09-hanteliu-stovas","status":"publish","type":"product","link":"https:\/\/gymfactory.eu\/lt\/produktas\/z09-hanteliu-stovas\/","title":{"rendered":"Z09 Hanteli\u0173 stovas"},"content":{"rendered":"<p>Z09 hanteli\u0173 stovas \u2013 patikimas sprendimas hanteli\u0173 laikymui, bet kurioje treniruo\u010di\u0173 erdv\u0117je. Padeda palaikyti tvark\u0105, saugum\u0105 ir efektyv\u0173 erdv\u0117s i\u0161naudojim\u0105, suteikdamas patogi\u0105 viet\u0105 kelioms hanteli\u0173 poroms laikyti.<\/p>\n<p>Tinka tiek nam\u0173 sporto zonai, tiek profesionalioms sporto sal\u0117ms.<\/p>\n\n    <div class=\"xs_social_share_widget xs_share_url after_content \t\tmain_content  wslu-style-1 wslu-share-box-shaped wslu-fill-colored wslu-none wslu-share-horizontal wslu-theme-font-no wslu-main_content\">\n\n\t\t\n        <ul>\n\t\t\t        <\/ul>\n    <\/div> \n","protected":false},"excerpt":{"rendered":"<p>Z09 hanteli\u0173 stovas \u2013 patikimas sprendimas hanteli\u0173 laikymui, bet kurioje treniruo\u010di\u0173 erdv\u0117je. Padeda palaikyti tvark\u0105, saugum\u0105 ir efektyv\u0173 erdv\u0117s i\u0161naudojim\u0105, suteikdamas patogi\u0105 viet\u0105 kelioms hanteli\u0173 poroms laikyti. Tinka tiek nam\u0173 sporto zonai, tiek profesionalioms sporto sal\u0117ms.<\/p>\n","protected":false},"featured_media":8827,"template":"","meta":{"_acf_changed":false},"product_brand":[56],"product_cat":[405],"product_tag":[415],"class_list":{"0":"post-9939","1":"product","2":"type-product","3":"status-publish","4":"has-post-thumbnail","6":"product_brand-gym-factory","7":"product_cat-svarmenys-ir-stangos","8":"product_tag-spalva-tik-metaline","10":"first","11":"onbackorder","12":"taxable","13":"shipping-taxable","14":"purchasable","15":"product-type-variable","16":"has-default-attributes"},"acf":[],"yoast_head":"<!-- This site is optimized with the Yoast SEO plugin v25.2 - https:\/\/yoast.com\/wordpress\/plugins\/seo\/ -->\n<title>Z09 hanteli\u0173 stovas - auk\u0161tos kokyb\u0117s treniruokli\u0173 saugykla j\u016bs\u0173 sporto salei<\/title>\n<meta name=\"description\" content=\"\u0160is auk\u0161tos kokyb\u0117s hanteli\u0173 stovas yra tvirtas laikymo sprendimas, u\u017etikrinantis, kad treniruo\u010di\u0173 erdv\u0117 b\u016bt\u0173 tvarkinga, o svoriai b\u016bt\u0173 greitai ir lengvai pasiekiami.\" \/>\n<meta name=\"robots\" content=\"index, follow, max-snippet:-1, max-image-preview:large, max-video-preview:-1\" \/>\n<link rel=\"canonical\" href=\"https:\/\/gymfactory.eu\/lt\/produktas\/z09-hanteliu-stovas\/\" \/>\n<meta property=\"og:locale\" content=\"lt_LT\" \/>\n<meta property=\"og:type\" content=\"article\" \/>\n<meta property=\"og:title\" content=\"Z09 hanteli\u0173 stovas - auk\u0161tos kokyb\u0117s treniruokli\u0173 saugykla j\u016bs\u0173 sporto salei\" \/>\n<meta property=\"og:description\" content=\"\u0160is auk\u0161tos kokyb\u0117s hanteli\u0173 stovas yra tvirtas laikymo sprendimas, u\u017etikrinantis, kad treniruo\u010di\u0173 erdv\u0117 b\u016bt\u0173 tvarkinga, o svoriai b\u016bt\u0173 greitai ir lengvai pasiekiami.\" \/>\n<meta property=\"og:url\" content=\"https:\/\/gymfactory.eu\/lt\/produktas\/z09-hanteliu-stovas\/\" \/>\n<meta property=\"og:site_name\" content=\"Gym Factory\" \/>\n<meta property=\"article:modified_time\" content=\"2025-09-09T07:48:13+00:00\" \/>\n<meta property=\"og:image\" content=\"https:\/\/gymfactory.eu\/wp-content\/uploads\/2025\/02\/Z09-Dumbbell-Rack-1.webp\" \/>\n\t<meta property=\"og:image:width\" content=\"1500\" \/>\n\t<meta property=\"og:image:height\" content=\"1500\" \/>\n\t<meta property=\"og:image:type\" content=\"image\/webp\" \/>\n<meta name=\"twitter:card\" content=\"summary_large_image\" \/>\n<meta name=\"twitter:label1\" content=\"Est. reading time\" \/>\n\t<meta name=\"twitter:data1\" content=\"1 minut\u0117\" \/>\n<script type=\"application\/ld+json\" class=\"yoast-schema-graph\">{\"@context\":\"https:\/\/schema.org\",\"@graph\":[{\"@type\":\"WebPage\",\"@id\":\"https:\/\/gymfactory.eu\/lt\/produktas\/z09-hanteliu-stovas\/\",\"url\":\"https:\/\/gymfactory.eu\/lt\/produktas\/z09-hanteliu-stovas\/\",\"name\":\"Z09 hanteli\u0173 stovas - auk\u0161tos kokyb\u0117s treniruokli\u0173 saugykla j\u016bs\u0173 sporto salei\",\"isPartOf\":{\"@id\":\"https:\/\/gymfactory.eu\/lt\/#website\"},\"primaryImageOfPage\":{\"@id\":\"https:\/\/gymfactory.eu\/lt\/produktas\/z09-hanteliu-stovas\/#primaryimage\"},\"image\":{\"@id\":\"https:\/\/gymfactory.eu\/lt\/produktas\/z09-hanteliu-stovas\/#primaryimage\"},\"thumbnailUrl\":\"https:\/\/gymfactory.eu\/wp-content\/uploads\/2025\/02\/Z09-Dumbbell-Rack-1.webp\",\"datePublished\":\"2025-02-13T17:25:08+00:00\",\"dateModified\":\"2025-09-09T07:48:13+00:00\",\"description\":\"\u0160is auk\u0161tos kokyb\u0117s hanteli\u0173 stovas yra tvirtas laikymo sprendimas, u\u017etikrinantis, kad treniruo\u010di\u0173 erdv\u0117 b\u016bt\u0173 tvarkinga, o svoriai b\u016bt\u0173 greitai ir lengvai pasiekiami.\",\"breadcrumb\":{\"@id\":\"https:\/\/gymfactory.eu\/lt\/produktas\/z09-hanteliu-stovas\/#breadcrumb\"},\"inLanguage\":\"lt-LT\",\"potentialAction\":[{\"@type\":\"ReadAction\",\"target\":[\"https:\/\/gymfactory.eu\/lt\/produktas\/z09-hanteliu-stovas\/\"]}]},{\"@type\":\"ImageObject\",\"inLanguage\":\"lt-LT\",\"@id\":\"https:\/\/gymfactory.eu\/lt\/produktas\/z09-hanteliu-stovas\/#primaryimage\",\"url\":\"https:\/\/gymfactory.eu\/wp-content\/uploads\/2025\/02\/Z09-Dumbbell-Rack-1.webp\",\"contentUrl\":\"https:\/\/gymfactory.eu\/wp-content\/uploads\/2025\/02\/Z09-Dumbbell-Rack-1.webp\",\"width\":1500,\"height\":1500,\"caption\":\"Juodas trij\u0173 pakop\u0173 hanteli\u0173 stovas, pagamintas i\u0161 didelio atsparumo plieno su rombo formos plok\u0161teli\u0173 ra\u0161tu ant kiekvienos lentynos, skirtas saugiai laikyti kelis hantelius, idealiai tinka j\u0117gos treniruo\u010di\u0173 \u012frangai tvarkyti sporto sal\u0117se ar namuose.\"},{\"@type\":\"BreadcrumbList\",\"@id\":\"https:\/\/gymfactory.eu\/lt\/produktas\/z09-hanteliu-stovas\/#breadcrumb\",\"itemListElement\":[{\"@type\":\"ListItem\",\"position\":1,\"name\":\"Pagrindinis\",\"item\":\"https:\/\/gymfactory.eu\/lt\/\"},{\"@type\":\"ListItem\",\"position\":2,\"name\":\"Katalogas\",\"item\":\"https:\/\/gymfactory.eu\/lt\/katalogas\/\"},{\"@type\":\"ListItem\",\"position\":3,\"name\":\"Z09 Hanteli\u0173 stovas\"}]},{\"@type\":\"WebSite\",\"@id\":\"https:\/\/gymfactory.eu\/lt\/#website\",\"url\":\"https:\/\/gymfactory.eu\/lt\/\",\"name\":\"Gym Factory\",\"description\":\"\",\"publisher\":{\"@id\":\"https:\/\/gymfactory.eu\/lt\/#organization\"},\"potentialAction\":[{\"@type\":\"SearchAction\",\"target\":{\"@type\":\"EntryPoint\",\"urlTemplate\":\"https:\/\/gymfactory.eu\/lt\/?s={search_term_string}\"},\"query-input\":{\"@type\":\"PropertyValueSpecification\",\"valueRequired\":true,\"valueName\":\"search_term_string\"}}],\"inLanguage\":\"lt-LT\"},{\"@type\":\"Organization\",\"@id\":\"https:\/\/gymfactory.eu\/lt\/#organization\",\"name\":\"Sporto sal\u0117s gamykla\",\"url\":\"https:\/\/gymfactory.eu\/lt\/\",\"logo\":{\"@type\":\"ImageObject\",\"inLanguage\":\"lt-LT\",\"@id\":\"https:\/\/gymfactory.eu\/lt\/#\/schema\/logo\/image\/\",\"url\":\"https:\/\/gymfactory.eu\/wp-content\/uploads\/2024\/11\/Component-1.svg\",\"contentUrl\":\"https:\/\/gymfactory.eu\/wp-content\/uploads\/2024\/11\/Component-1.svg\",\"width\":54,\"height\":44,\"caption\":\"Sporto sal\u0117s gamykla\"},\"image\":{\"@id\":\"https:\/\/gymfactory.eu\/lt\/#\/schema\/logo\/image\/\"}}]}<\/script>\n<!-- \/ Yoast SEO plugin. -->","yoast_head_json":{"title":"Z09 hanteli\u0173 stovas - auk\u0161tos kokyb\u0117s treniruokli\u0173 saugykla j\u016bs\u0173 sporto salei","description":"\u0160is auk\u0161tos kokyb\u0117s hanteli\u0173 stovas yra tvirtas laikymo sprendimas, u\u017etikrinantis, kad treniruo\u010di\u0173 erdv\u0117 b\u016bt\u0173 tvarkinga, o svoriai b\u016bt\u0173 greitai ir lengvai pasiekiami.","robots":{"index":"index","follow":"follow","max-snippet":"max-snippet:-1","max-image-preview":"max-image-preview:large","max-video-preview":"max-video-preview:-1"},"canonical":"https:\/\/gymfactory.eu\/lt\/produktas\/z09-hanteliu-stovas\/","og_locale":"lt_LT","og_type":"article","og_title":"Z09 hanteli\u0173 stovas - auk\u0161tos kokyb\u0117s treniruokli\u0173 saugykla j\u016bs\u0173 sporto salei","og_description":"\u0160is auk\u0161tos kokyb\u0117s hanteli\u0173 stovas yra tvirtas laikymo sprendimas, u\u017etikrinantis, kad treniruo\u010di\u0173 erdv\u0117 b\u016bt\u0173 tvarkinga, o svoriai b\u016bt\u0173 greitai ir lengvai pasiekiami.","og_url":"https:\/\/gymfactory.eu\/lt\/produktas\/z09-hanteliu-stovas\/","og_site_name":"Gym Factory","article_modified_time":"2025-09-09T07:48:13+00:00","og_image":[{"width":1500,"height":1500,"url":"https:\/\/gymfactory.eu\/wp-content\/uploads\/2025\/02\/Z09-Dumbbell-Rack-1.webp","type":"image\/webp"}],"twitter_card":"summary_large_image","twitter_misc":{"Est. reading time":"1 minut\u0117"},"schema":{"@context":"https:\/\/schema.org","@graph":[{"@type":"WebPage","@id":"https:\/\/gymfactory.eu\/lt\/produktas\/z09-hanteliu-stovas\/","url":"https:\/\/gymfactory.eu\/lt\/produktas\/z09-hanteliu-stovas\/","name":"Z09 hanteli\u0173 stovas - auk\u0161tos kokyb\u0117s treniruokli\u0173 saugykla j\u016bs\u0173 sporto salei","isPartOf":{"@id":"https:\/\/gymfactory.eu\/lt\/#website"},"primaryImageOfPage":{"@id":"https:\/\/gymfactory.eu\/lt\/produktas\/z09-hanteliu-stovas\/#primaryimage"},"image":{"@id":"https:\/\/gymfactory.eu\/lt\/produktas\/z09-hanteliu-stovas\/#primaryimage"},"thumbnailUrl":"https:\/\/gymfactory.eu\/wp-content\/uploads\/2025\/02\/Z09-Dumbbell-Rack-1.webp","datePublished":"2025-02-13T17:25:08+00:00","dateModified":"2025-09-09T07:48:13+00:00","description":"\u0160is auk\u0161tos kokyb\u0117s hanteli\u0173 stovas yra tvirtas laikymo sprendimas, u\u017etikrinantis, kad treniruo\u010di\u0173 erdv\u0117 b\u016bt\u0173 tvarkinga, o svoriai b\u016bt\u0173 greitai ir lengvai pasiekiami.","breadcrumb":{"@id":"https:\/\/gymfactory.eu\/lt\/produktas\/z09-hanteliu-stovas\/#breadcrumb"},"inLanguage":"lt-LT","potentialAction":[{"@type":"ReadAction","target":["https:\/\/gymfactory.eu\/lt\/produktas\/z09-hanteliu-stovas\/"]}]},{"@type":"ImageObject","inLanguage":"lt-LT","@id":"https:\/\/gymfactory.eu\/lt\/produktas\/z09-hanteliu-stovas\/#primaryimage","url":"https:\/\/gymfactory.eu\/wp-content\/uploads\/2025\/02\/Z09-Dumbbell-Rack-1.webp","contentUrl":"https:\/\/gymfactory.eu\/wp-content\/uploads\/2025\/02\/Z09-Dumbbell-Rack-1.webp","width":1500,"height":1500,"caption":"Juodas trij\u0173 pakop\u0173 hanteli\u0173 stovas, pagamintas i\u0161 didelio atsparumo plieno su rombo formos plok\u0161teli\u0173 ra\u0161tu ant kiekvienos lentynos, skirtas saugiai laikyti kelis hantelius, idealiai tinka j\u0117gos treniruo\u010di\u0173 \u012frangai tvarkyti sporto sal\u0117se ar namuose."},{"@type":"BreadcrumbList","@id":"https:\/\/gymfactory.eu\/lt\/produktas\/z09-hanteliu-stovas\/#breadcrumb","itemListElement":[{"@type":"ListItem","position":1,"name":"Pagrindinis","item":"https:\/\/gymfactory.eu\/lt\/"},{"@type":"ListItem","position":2,"name":"Katalogas","item":"https:\/\/gymfactory.eu\/lt\/katalogas\/"},{"@type":"ListItem","position":3,"name":"Z09 Hanteli\u0173 stovas"}]},{"@type":"WebSite","@id":"https:\/\/gymfactory.eu\/lt\/#website","url":"https:\/\/gymfactory.eu\/lt\/","name":"Gym Factory","description":"","publisher":{"@id":"https:\/\/gymfactory.eu\/lt\/#organization"},"potentialAction":[{"@type":"SearchAction","target":{"@type":"EntryPoint","urlTemplate":"https:\/\/gymfactory.eu\/lt\/?s={search_term_string}"},"query-input":{"@type":"PropertyValueSpecification","valueRequired":true,"valueName":"search_term_string"}}],"inLanguage":"lt-LT"},{"@type":"Organization","@id":"https:\/\/gymfactory.eu\/lt\/#organization","name":"Sporto sal\u0117s gamykla","url":"https:\/\/gymfactory.eu\/lt\/","logo":{"@type":"ImageObject","inLanguage":"lt-LT","@id":"https:\/\/gymfactory.eu\/lt\/#\/schema\/logo\/image\/","url":"https:\/\/gymfactory.eu\/wp-content\/uploads\/2024\/11\/Component-1.svg","contentUrl":"https:\/\/gymfactory.eu\/wp-content\/uploads\/2024\/11\/Component-1.svg","width":54,"height":44,"caption":"Sporto sal\u0117s gamykla"},"image":{"@id":"https:\/\/gymfactory.eu\/lt\/#\/schema\/logo\/image\/"}}]}},"_links":{"self":[{"href":"https:\/\/gymfactory.eu\/lt\/wp-json\/wp\/v2\/product\/9939","targetHints":{"allow":["GET"]}}],"collection":[{"href":"https:\/\/gymfactory.eu\/lt\/wp-json\/wp\/v2\/product"}],"about":[{"href":"https:\/\/gymfactory.eu\/lt\/wp-json\/wp\/v2\/types\/product"}],"wp:featuredmedia":[{"embeddable":true,"href":"https:\/\/gymfactory.eu\/lt\/wp-json\/wp\/v2\/media\/8827"}],"wp:attachment":[{"href":"https:\/\/gymfactory.eu\/lt\/wp-json\/wp\/v2\/media?parent=9939"}],"wp:term":[{"taxonomy":"product_brand","embeddable":true,"href":"https:\/\/gymfactory.eu\/lt\/wp-json\/wp\/v2\/product_brand?post=9939"},{"taxonomy":"product_cat","embeddable":true,"href":"https:\/\/gymfactory.eu\/lt\/wp-json\/wp\/v2\/product_cat?post=9939"},{"taxonomy":"product_tag","embeddable":true,"href":"https:\/\/gymfactory.eu\/lt\/wp-json\/wp\/v2\/product_tag?post=9939"}],"curies":[{"name":"wp","href":"https:\/\/api.w.org\/{rel}","templated":true}]}}