{"id":9938,"date":"2025-02-12T15:00:04","date_gmt":"2025-02-12T13:00:04","guid":{"rendered":"https:\/\/gymfactory.eu\/product\/hff04-kaistis\/"},"modified":"2025-09-09T15:06:01","modified_gmt":"2025-09-09T12:06:01","slug":"hff04-kaistis","status":"publish","type":"product","link":"https:\/\/gymfactory.eu\/lt\/produktas\/hff04-kaistis\/","title":{"rendered":"HFF04 Fiksavimo kai\u0161tis"},"content":{"rendered":"<p>HFF04 fiksavimo kai\u0161tis \u2013 110 mm ilgio ir 10 mm skersmens metalin\u0117 detal\u0117, skirta sporto \u012frangoje judan\u010dioms ar reguliuojamoms dalims fiksuoti. U\u017etikrina patikim\u0105 sujungim\u0105, kai reikalingas tikslus suderinimas ir stabilumas.<\/p>\n\n    <div class=\"xs_social_share_widget xs_share_url after_content \t\tmain_content  wslu-style-1 wslu-share-box-shaped wslu-fill-colored wslu-none wslu-share-horizontal wslu-theme-font-no wslu-main_content\">\n\n\t\t\n        <ul>\n\t\t\t        <\/ul>\n    <\/div> \n","protected":false},"excerpt":{"rendered":"<p>HFF04 fiksavimo kai\u0161tis \u2013 110 mm ilgio ir 10 mm skersmens metalin\u0117 detal\u0117, skirta sporto \u012frangoje judan\u010dioms ar reguliuojamoms dalims fiksuoti. U\u017etikrina patikim\u0105 sujungim\u0105, kai reikalingas tikslus suderinimas ir stabilumas.<\/p>\n","protected":false},"featured_media":8014,"template":"","meta":{"_acf_changed":false},"product_brand":[56],"product_cat":[392],"product_tag":[],"class_list":{"0":"post-9938","1":"product","2":"type-product","3":"status-publish","4":"has-post-thumbnail","6":"product_brand-gym-factory","7":"product_cat-atsargines-dalys","9":"first","10":"onbackorder","11":"taxable","12":"shipping-taxable","13":"purchasable","14":"product-type-simple"},"acf":[],"yoast_head":"<!-- This site is optimized with the Yoast SEO plugin v25.2 - https:\/\/yoast.com\/wordpress\/plugins\/seo\/ -->\n<title>HFF04 kai\u0161tis - patikimas svori\u0173 kr\u016bvos kai\u0161tis treniruokliams<\/title>\n<meta name=\"description\" content=\"HFF04 kai\u0161tis yra patvarus svori\u0173 sud\u0117jimo kai\u0161tis, skirtas treniruokli\u0173 dalims, u\u017etikrinantis saug\u0173 ir skland\u0173 veikim\u0105 kiekvienos treniruot\u0117s metu.\" \/>\n<meta name=\"robots\" content=\"index, follow, max-snippet:-1, max-image-preview:large, max-video-preview:-1\" \/>\n<link rel=\"canonical\" href=\"https:\/\/gymfactory.eu\/lt\/produktas\/hff04-kaistis\/\" \/>\n<meta property=\"og:locale\" content=\"lt_LT\" \/>\n<meta property=\"og:type\" content=\"article\" \/>\n<meta property=\"og:title\" content=\"HFF04 kai\u0161tis - patikimas svori\u0173 kr\u016bvos kai\u0161tis treniruokliams\" \/>\n<meta property=\"og:description\" content=\"HFF04 kai\u0161tis yra patvarus svori\u0173 sud\u0117jimo kai\u0161tis, skirtas treniruokli\u0173 dalims, u\u017etikrinantis saug\u0173 ir skland\u0173 veikim\u0105 kiekvienos treniruot\u0117s metu.\" \/>\n<meta property=\"og:url\" content=\"https:\/\/gymfactory.eu\/lt\/produktas\/hff04-kaistis\/\" \/>\n<meta property=\"og:site_name\" content=\"Gym Factory\" \/>\n<meta property=\"article:modified_time\" content=\"2025-09-09T12:06:01+00:00\" \/>\n<meta property=\"og:image\" content=\"https:\/\/gymfactory.eu\/wp-content\/uploads\/2025\/02\/HFF04-1-1-1.jpg\" \/>\n\t<meta property=\"og:image:width\" content=\"1500\" \/>\n\t<meta property=\"og:image:height\" content=\"1500\" \/>\n\t<meta property=\"og:image:type\" content=\"image\/jpeg\" \/>\n<meta name=\"twitter:card\" content=\"summary_large_image\" \/>\n<meta name=\"twitter:label1\" content=\"Est. reading time\" \/>\n\t<meta name=\"twitter:data1\" content=\"1 minut\u0117\" \/>\n<script type=\"application\/ld+json\" class=\"yoast-schema-graph\">{\"@context\":\"https:\/\/schema.org\",\"@graph\":[{\"@type\":\"WebPage\",\"@id\":\"https:\/\/gymfactory.eu\/lt\/produktas\/hff04-kaistis\/\",\"url\":\"https:\/\/gymfactory.eu\/lt\/produktas\/hff04-kaistis\/\",\"name\":\"HFF04 kai\u0161tis - patikimas svori\u0173 kr\u016bvos kai\u0161tis treniruokliams\",\"isPartOf\":{\"@id\":\"https:\/\/gymfactory.eu\/lt\/#website\"},\"primaryImageOfPage\":{\"@id\":\"https:\/\/gymfactory.eu\/lt\/produktas\/hff04-kaistis\/#primaryimage\"},\"image\":{\"@id\":\"https:\/\/gymfactory.eu\/lt\/produktas\/hff04-kaistis\/#primaryimage\"},\"thumbnailUrl\":\"https:\/\/gymfactory.eu\/wp-content\/uploads\/2025\/02\/HFF04-1-1-1.jpg\",\"datePublished\":\"2025-02-12T13:00:04+00:00\",\"dateModified\":\"2025-09-09T12:06:01+00:00\",\"description\":\"HFF04 kai\u0161tis yra patvarus svori\u0173 sud\u0117jimo kai\u0161tis, skirtas treniruokli\u0173 dalims, u\u017etikrinantis saug\u0173 ir skland\u0173 veikim\u0105 kiekvienos treniruot\u0117s metu.\",\"breadcrumb\":{\"@id\":\"https:\/\/gymfactory.eu\/lt\/produktas\/hff04-kaistis\/#breadcrumb\"},\"inLanguage\":\"lt-LT\",\"potentialAction\":[{\"@type\":\"ReadAction\",\"target\":[\"https:\/\/gymfactory.eu\/lt\/produktas\/hff04-kaistis\/\"]}]},{\"@type\":\"ImageObject\",\"inLanguage\":\"lt-LT\",\"@id\":\"https:\/\/gymfactory.eu\/lt\/produktas\/hff04-kaistis\/#primaryimage\",\"url\":\"https:\/\/gymfactory.eu\/wp-content\/uploads\/2025\/02\/HFF04-1-1-1.jpg\",\"contentUrl\":\"https:\/\/gymfactory.eu\/wp-content\/uploads\/2025\/02\/HFF04-1-1-1.jpg\",\"width\":1500,\"height\":1500},{\"@type\":\"BreadcrumbList\",\"@id\":\"https:\/\/gymfactory.eu\/lt\/produktas\/hff04-kaistis\/#breadcrumb\",\"itemListElement\":[{\"@type\":\"ListItem\",\"position\":1,\"name\":\"Pagrindinis\",\"item\":\"https:\/\/gymfactory.eu\/lt\/\"},{\"@type\":\"ListItem\",\"position\":2,\"name\":\"Katalogas\",\"item\":\"https:\/\/gymfactory.eu\/lt\/katalogas\/\"},{\"@type\":\"ListItem\",\"position\":3,\"name\":\"HFF04 Fiksavimo kai\u0161tis\"}]},{\"@type\":\"WebSite\",\"@id\":\"https:\/\/gymfactory.eu\/lt\/#website\",\"url\":\"https:\/\/gymfactory.eu\/lt\/\",\"name\":\"Gym Factory\",\"description\":\"\",\"publisher\":{\"@id\":\"https:\/\/gymfactory.eu\/lt\/#organization\"},\"potentialAction\":[{\"@type\":\"SearchAction\",\"target\":{\"@type\":\"EntryPoint\",\"urlTemplate\":\"https:\/\/gymfactory.eu\/lt\/?s={search_term_string}\"},\"query-input\":{\"@type\":\"PropertyValueSpecification\",\"valueRequired\":true,\"valueName\":\"search_term_string\"}}],\"inLanguage\":\"lt-LT\"},{\"@type\":\"Organization\",\"@id\":\"https:\/\/gymfactory.eu\/lt\/#organization\",\"name\":\"Sporto sal\u0117s gamykla\",\"url\":\"https:\/\/gymfactory.eu\/lt\/\",\"logo\":{\"@type\":\"ImageObject\",\"inLanguage\":\"lt-LT\",\"@id\":\"https:\/\/gymfactory.eu\/lt\/#\/schema\/logo\/image\/\",\"url\":\"https:\/\/gymfactory.eu\/wp-content\/uploads\/2024\/11\/Component-1.svg\",\"contentUrl\":\"https:\/\/gymfactory.eu\/wp-content\/uploads\/2024\/11\/Component-1.svg\",\"width\":54,\"height\":44,\"caption\":\"Sporto sal\u0117s gamykla\"},\"image\":{\"@id\":\"https:\/\/gymfactory.eu\/lt\/#\/schema\/logo\/image\/\"}}]}<\/script>\n<!-- \/ Yoast SEO plugin. -->","yoast_head_json":{"title":"HFF04 kai\u0161tis - patikimas svori\u0173 kr\u016bvos kai\u0161tis treniruokliams","description":"HFF04 kai\u0161tis yra patvarus svori\u0173 sud\u0117jimo kai\u0161tis, skirtas treniruokli\u0173 dalims, u\u017etikrinantis saug\u0173 ir skland\u0173 veikim\u0105 kiekvienos treniruot\u0117s metu.","robots":{"index":"index","follow":"follow","max-snippet":"max-snippet:-1","max-image-preview":"max-image-preview:large","max-video-preview":"max-video-preview:-1"},"canonical":"https:\/\/gymfactory.eu\/lt\/produktas\/hff04-kaistis\/","og_locale":"lt_LT","og_type":"article","og_title":"HFF04 kai\u0161tis - patikimas svori\u0173 kr\u016bvos kai\u0161tis treniruokliams","og_description":"HFF04 kai\u0161tis yra patvarus svori\u0173 sud\u0117jimo kai\u0161tis, skirtas treniruokli\u0173 dalims, u\u017etikrinantis saug\u0173 ir skland\u0173 veikim\u0105 kiekvienos treniruot\u0117s metu.","og_url":"https:\/\/gymfactory.eu\/lt\/produktas\/hff04-kaistis\/","og_site_name":"Gym Factory","article_modified_time":"2025-09-09T12:06:01+00:00","og_image":[{"width":1500,"height":1500,"url":"https:\/\/gymfactory.eu\/wp-content\/uploads\/2025\/02\/HFF04-1-1-1.jpg","type":"image\/jpeg"}],"twitter_card":"summary_large_image","twitter_misc":{"Est. reading time":"1 minut\u0117"},"schema":{"@context":"https:\/\/schema.org","@graph":[{"@type":"WebPage","@id":"https:\/\/gymfactory.eu\/lt\/produktas\/hff04-kaistis\/","url":"https:\/\/gymfactory.eu\/lt\/produktas\/hff04-kaistis\/","name":"HFF04 kai\u0161tis - patikimas svori\u0173 kr\u016bvos kai\u0161tis treniruokliams","isPartOf":{"@id":"https:\/\/gymfactory.eu\/lt\/#website"},"primaryImageOfPage":{"@id":"https:\/\/gymfactory.eu\/lt\/produktas\/hff04-kaistis\/#primaryimage"},"image":{"@id":"https:\/\/gymfactory.eu\/lt\/produktas\/hff04-kaistis\/#primaryimage"},"thumbnailUrl":"https:\/\/gymfactory.eu\/wp-content\/uploads\/2025\/02\/HFF04-1-1-1.jpg","datePublished":"2025-02-12T13:00:04+00:00","dateModified":"2025-09-09T12:06:01+00:00","description":"HFF04 kai\u0161tis yra patvarus svori\u0173 sud\u0117jimo kai\u0161tis, skirtas treniruokli\u0173 dalims, u\u017etikrinantis saug\u0173 ir skland\u0173 veikim\u0105 kiekvienos treniruot\u0117s metu.","breadcrumb":{"@id":"https:\/\/gymfactory.eu\/lt\/produktas\/hff04-kaistis\/#breadcrumb"},"inLanguage":"lt-LT","potentialAction":[{"@type":"ReadAction","target":["https:\/\/gymfactory.eu\/lt\/produktas\/hff04-kaistis\/"]}]},{"@type":"ImageObject","inLanguage":"lt-LT","@id":"https:\/\/gymfactory.eu\/lt\/produktas\/hff04-kaistis\/#primaryimage","url":"https:\/\/gymfactory.eu\/wp-content\/uploads\/2025\/02\/HFF04-1-1-1.jpg","contentUrl":"https:\/\/gymfactory.eu\/wp-content\/uploads\/2025\/02\/HFF04-1-1-1.jpg","width":1500,"height":1500},{"@type":"BreadcrumbList","@id":"https:\/\/gymfactory.eu\/lt\/produktas\/hff04-kaistis\/#breadcrumb","itemListElement":[{"@type":"ListItem","position":1,"name":"Pagrindinis","item":"https:\/\/gymfactory.eu\/lt\/"},{"@type":"ListItem","position":2,"name":"Katalogas","item":"https:\/\/gymfactory.eu\/lt\/katalogas\/"},{"@type":"ListItem","position":3,"name":"HFF04 Fiksavimo kai\u0161tis"}]},{"@type":"WebSite","@id":"https:\/\/gymfactory.eu\/lt\/#website","url":"https:\/\/gymfactory.eu\/lt\/","name":"Gym Factory","description":"","publisher":{"@id":"https:\/\/gymfactory.eu\/lt\/#organization"},"potentialAction":[{"@type":"SearchAction","target":{"@type":"EntryPoint","urlTemplate":"https:\/\/gymfactory.eu\/lt\/?s={search_term_string}"},"query-input":{"@type":"PropertyValueSpecification","valueRequired":true,"valueName":"search_term_string"}}],"inLanguage":"lt-LT"},{"@type":"Organization","@id":"https:\/\/gymfactory.eu\/lt\/#organization","name":"Sporto sal\u0117s gamykla","url":"https:\/\/gymfactory.eu\/lt\/","logo":{"@type":"ImageObject","inLanguage":"lt-LT","@id":"https:\/\/gymfactory.eu\/lt\/#\/schema\/logo\/image\/","url":"https:\/\/gymfactory.eu\/wp-content\/uploads\/2024\/11\/Component-1.svg","contentUrl":"https:\/\/gymfactory.eu\/wp-content\/uploads\/2024\/11\/Component-1.svg","width":54,"height":44,"caption":"Sporto sal\u0117s gamykla"},"image":{"@id":"https:\/\/gymfactory.eu\/lt\/#\/schema\/logo\/image\/"}}]}},"_links":{"self":[{"href":"https:\/\/gymfactory.eu\/lt\/wp-json\/wp\/v2\/product\/9938","targetHints":{"allow":["GET"]}}],"collection":[{"href":"https:\/\/gymfactory.eu\/lt\/wp-json\/wp\/v2\/product"}],"about":[{"href":"https:\/\/gymfactory.eu\/lt\/wp-json\/wp\/v2\/types\/product"}],"wp:featuredmedia":[{"embeddable":true,"href":"https:\/\/gymfactory.eu\/lt\/wp-json\/wp\/v2\/media\/8014"}],"wp:attachment":[{"href":"https:\/\/gymfactory.eu\/lt\/wp-json\/wp\/v2\/media?parent=9938"}],"wp:term":[{"taxonomy":"product_brand","embeddable":true,"href":"https:\/\/gymfactory.eu\/lt\/wp-json\/wp\/v2\/product_brand?post=9938"},{"taxonomy":"product_cat","embeddable":true,"href":"https:\/\/gymfactory.eu\/lt\/wp-json\/wp\/v2\/product_cat?post=9938"},{"taxonomy":"product_tag","embeddable":true,"href":"https:\/\/gymfactory.eu\/lt\/wp-json\/wp\/v2\/product_tag?post=9938"}],"curies":[{"name":"wp","href":"https:\/\/api.w.org\/{rel}","templated":true}]}}