{"id":9932,"date":"2025-02-12T15:00:01","date_gmt":"2025-02-12T13:00:01","guid":{"rendered":"https:\/\/gymfactory.eu\/product\/hgfl206-guolis\/"},"modified":"2025-09-09T15:10:25","modified_gmt":"2025-09-09T12:10:25","slug":"hgfl206-guolis","status":"publish","type":"product","link":"https:\/\/gymfactory.eu\/lt\/produktas\/hgfl206-guolis\/","title":{"rendered":"HGFL206 Korpusinis guolis"},"content":{"rendered":"<p>HGFL206 korpusinis guolis su rombo formos tvirtinimo korpusu, skirtas 30 mm velenams. Kompakti\u0161kas dizainas u\u017etikrina patikim\u0105 montavim\u0105 ir stabil\u0173 sukimosi atr\u0117mim\u0105. Da\u017eniausiai naudojamas sporto \u012frangoje, suteikia patikim\u0105 ir ilgalaik\u0119 judan\u010di\u0173 dali\u0173 atram\u0105.<\/p>\n\n    <div class=\"xs_social_share_widget xs_share_url after_content \t\tmain_content  wslu-style-1 wslu-share-box-shaped wslu-fill-colored wslu-none wslu-share-horizontal wslu-theme-font-no wslu-main_content\">\n\n\t\t\n        <ul>\n\t\t\t        <\/ul>\n    <\/div> \n","protected":false},"excerpt":{"rendered":"<p>HGFL206 korpusinis guolis su rombo formos tvirtinimo korpusu, skirtas 30 mm velenams. Kompakti\u0161kas dizainas u\u017etikrina patikim\u0105 montavim\u0105 ir stabil\u0173 sukimosi atr\u0117mim\u0105. Da\u017eniausiai naudojamas sporto \u012frangoje, suteikia patikim\u0105 ir ilgalaik\u0119 judan\u010di\u0173 dali\u0173 atram\u0105.<\/p>\n","protected":false},"featured_media":9197,"template":"","meta":{"_acf_changed":false},"product_brand":[56],"product_cat":[392],"product_tag":[],"class_list":{"0":"post-9932","1":"product","2":"type-product","3":"status-publish","4":"has-post-thumbnail","6":"product_brand-gym-factory","7":"product_cat-atsargines-dalys","9":"first","10":"onbackorder","11":"taxable","12":"shipping-taxable","13":"purchasable","14":"product-type-simple"},"acf":[],"yoast_head":"<!-- This site is optimized with the Yoast SEO plugin v25.2 - https:\/\/yoast.com\/wordpress\/plugins\/seo\/ -->\n<title>HGFL206 guolis - auk\u0161tos kokyb\u0117s sporto sal\u0117s atsargin\u0117 dalis<\/title>\n<meta name=\"description\" content=\"HGFL206 guolis u\u017etikrina treniruokli\u0173 dali\u0173 stabilum\u0105 ir skland\u0173 jud\u0117jim\u0105, taip padidindamas treniruokli\u0173 ilgaam\u017ei\u0161kum\u0105 ir efektyvum\u0105.\" \/>\n<meta name=\"robots\" content=\"index, follow, max-snippet:-1, max-image-preview:large, max-video-preview:-1\" \/>\n<link rel=\"canonical\" href=\"https:\/\/gymfactory.eu\/lt\/produktas\/hgfl206-guolis\/\" \/>\n<meta property=\"og:locale\" content=\"lt_LT\" \/>\n<meta property=\"og:type\" content=\"article\" \/>\n<meta property=\"og:title\" content=\"HGFL206 guolis - auk\u0161tos kokyb\u0117s sporto sal\u0117s atsargin\u0117 dalis\" \/>\n<meta property=\"og:description\" content=\"HGFL206 guolis u\u017etikrina treniruokli\u0173 dali\u0173 stabilum\u0105 ir skland\u0173 jud\u0117jim\u0105, taip padidindamas treniruokli\u0173 ilgaam\u017ei\u0161kum\u0105 ir efektyvum\u0105.\" \/>\n<meta property=\"og:url\" content=\"https:\/\/gymfactory.eu\/lt\/produktas\/hgfl206-guolis\/\" \/>\n<meta property=\"og:site_name\" content=\"Gym Factory\" \/>\n<meta property=\"article:modified_time\" content=\"2025-09-09T12:10:25+00:00\" \/>\n<meta property=\"og:image\" content=\"https:\/\/gymfactory.eu\/wp-content\/uploads\/2025\/02\/HGFL206.webp\" \/>\n\t<meta property=\"og:image:width\" content=\"1024\" \/>\n\t<meta property=\"og:image:height\" content=\"1024\" \/>\n\t<meta property=\"og:image:type\" content=\"image\/webp\" \/>\n<meta name=\"twitter:card\" content=\"summary_large_image\" \/>\n<meta name=\"twitter:label1\" content=\"Est. reading time\" \/>\n\t<meta name=\"twitter:data1\" content=\"1 minut\u0117\" \/>\n<script type=\"application\/ld+json\" class=\"yoast-schema-graph\">{\"@context\":\"https:\/\/schema.org\",\"@graph\":[{\"@type\":\"WebPage\",\"@id\":\"https:\/\/gymfactory.eu\/lt\/produktas\/hgfl206-guolis\/\",\"url\":\"https:\/\/gymfactory.eu\/lt\/produktas\/hgfl206-guolis\/\",\"name\":\"HGFL206 guolis - auk\u0161tos kokyb\u0117s sporto sal\u0117s atsargin\u0117 dalis\",\"isPartOf\":{\"@id\":\"https:\/\/gymfactory.eu\/lt\/#website\"},\"primaryImageOfPage\":{\"@id\":\"https:\/\/gymfactory.eu\/lt\/produktas\/hgfl206-guolis\/#primaryimage\"},\"image\":{\"@id\":\"https:\/\/gymfactory.eu\/lt\/produktas\/hgfl206-guolis\/#primaryimage\"},\"thumbnailUrl\":\"https:\/\/gymfactory.eu\/wp-content\/uploads\/2025\/02\/HGFL206.webp\",\"datePublished\":\"2025-02-12T13:00:01+00:00\",\"dateModified\":\"2025-09-09T12:10:25+00:00\",\"description\":\"HGFL206 guolis u\u017etikrina treniruokli\u0173 dali\u0173 stabilum\u0105 ir skland\u0173 jud\u0117jim\u0105, taip padidindamas treniruokli\u0173 ilgaam\u017ei\u0161kum\u0105 ir efektyvum\u0105.\",\"breadcrumb\":{\"@id\":\"https:\/\/gymfactory.eu\/lt\/produktas\/hgfl206-guolis\/#breadcrumb\"},\"inLanguage\":\"lt-LT\",\"potentialAction\":[{\"@type\":\"ReadAction\",\"target\":[\"https:\/\/gymfactory.eu\/lt\/produktas\/hgfl206-guolis\/\"]}]},{\"@type\":\"ImageObject\",\"inLanguage\":\"lt-LT\",\"@id\":\"https:\/\/gymfactory.eu\/lt\/produktas\/hgfl206-guolis\/#primaryimage\",\"url\":\"https:\/\/gymfactory.eu\/wp-content\/uploads\/2025\/02\/HGFL206.webp\",\"contentUrl\":\"https:\/\/gymfactory.eu\/wp-content\/uploads\/2025\/02\/HGFL206.webp\",\"width\":1024,\"height\":1024},{\"@type\":\"BreadcrumbList\",\"@id\":\"https:\/\/gymfactory.eu\/lt\/produktas\/hgfl206-guolis\/#breadcrumb\",\"itemListElement\":[{\"@type\":\"ListItem\",\"position\":1,\"name\":\"Pagrindinis\",\"item\":\"https:\/\/gymfactory.eu\/lt\/\"},{\"@type\":\"ListItem\",\"position\":2,\"name\":\"Katalogas\",\"item\":\"https:\/\/gymfactory.eu\/lt\/katalogas\/\"},{\"@type\":\"ListItem\",\"position\":3,\"name\":\"HGFL206 Korpusinis guolis\"}]},{\"@type\":\"WebSite\",\"@id\":\"https:\/\/gymfactory.eu\/lt\/#website\",\"url\":\"https:\/\/gymfactory.eu\/lt\/\",\"name\":\"Gym Factory\",\"description\":\"\",\"publisher\":{\"@id\":\"https:\/\/gymfactory.eu\/lt\/#organization\"},\"potentialAction\":[{\"@type\":\"SearchAction\",\"target\":{\"@type\":\"EntryPoint\",\"urlTemplate\":\"https:\/\/gymfactory.eu\/lt\/?s={search_term_string}\"},\"query-input\":{\"@type\":\"PropertyValueSpecification\",\"valueRequired\":true,\"valueName\":\"search_term_string\"}}],\"inLanguage\":\"lt-LT\"},{\"@type\":\"Organization\",\"@id\":\"https:\/\/gymfactory.eu\/lt\/#organization\",\"name\":\"Sporto sal\u0117s gamykla\",\"url\":\"https:\/\/gymfactory.eu\/lt\/\",\"logo\":{\"@type\":\"ImageObject\",\"inLanguage\":\"lt-LT\",\"@id\":\"https:\/\/gymfactory.eu\/lt\/#\/schema\/logo\/image\/\",\"url\":\"https:\/\/gymfactory.eu\/wp-content\/uploads\/2024\/11\/Component-1.svg\",\"contentUrl\":\"https:\/\/gymfactory.eu\/wp-content\/uploads\/2024\/11\/Component-1.svg\",\"width\":54,\"height\":44,\"caption\":\"Sporto sal\u0117s gamykla\"},\"image\":{\"@id\":\"https:\/\/gymfactory.eu\/lt\/#\/schema\/logo\/image\/\"}}]}<\/script>\n<!-- \/ Yoast SEO plugin. -->","yoast_head_json":{"title":"HGFL206 guolis - auk\u0161tos kokyb\u0117s sporto sal\u0117s atsargin\u0117 dalis","description":"HGFL206 guolis u\u017etikrina treniruokli\u0173 dali\u0173 stabilum\u0105 ir skland\u0173 jud\u0117jim\u0105, taip padidindamas treniruokli\u0173 ilgaam\u017ei\u0161kum\u0105 ir efektyvum\u0105.","robots":{"index":"index","follow":"follow","max-snippet":"max-snippet:-1","max-image-preview":"max-image-preview:large","max-video-preview":"max-video-preview:-1"},"canonical":"https:\/\/gymfactory.eu\/lt\/produktas\/hgfl206-guolis\/","og_locale":"lt_LT","og_type":"article","og_title":"HGFL206 guolis - auk\u0161tos kokyb\u0117s sporto sal\u0117s atsargin\u0117 dalis","og_description":"HGFL206 guolis u\u017etikrina treniruokli\u0173 dali\u0173 stabilum\u0105 ir skland\u0173 jud\u0117jim\u0105, taip padidindamas treniruokli\u0173 ilgaam\u017ei\u0161kum\u0105 ir efektyvum\u0105.","og_url":"https:\/\/gymfactory.eu\/lt\/produktas\/hgfl206-guolis\/","og_site_name":"Gym Factory","article_modified_time":"2025-09-09T12:10:25+00:00","og_image":[{"width":1024,"height":1024,"url":"https:\/\/gymfactory.eu\/wp-content\/uploads\/2025\/02\/HGFL206.webp","type":"image\/webp"}],"twitter_card":"summary_large_image","twitter_misc":{"Est. reading time":"1 minut\u0117"},"schema":{"@context":"https:\/\/schema.org","@graph":[{"@type":"WebPage","@id":"https:\/\/gymfactory.eu\/lt\/produktas\/hgfl206-guolis\/","url":"https:\/\/gymfactory.eu\/lt\/produktas\/hgfl206-guolis\/","name":"HGFL206 guolis - auk\u0161tos kokyb\u0117s sporto sal\u0117s atsargin\u0117 dalis","isPartOf":{"@id":"https:\/\/gymfactory.eu\/lt\/#website"},"primaryImageOfPage":{"@id":"https:\/\/gymfactory.eu\/lt\/produktas\/hgfl206-guolis\/#primaryimage"},"image":{"@id":"https:\/\/gymfactory.eu\/lt\/produktas\/hgfl206-guolis\/#primaryimage"},"thumbnailUrl":"https:\/\/gymfactory.eu\/wp-content\/uploads\/2025\/02\/HGFL206.webp","datePublished":"2025-02-12T13:00:01+00:00","dateModified":"2025-09-09T12:10:25+00:00","description":"HGFL206 guolis u\u017etikrina treniruokli\u0173 dali\u0173 stabilum\u0105 ir skland\u0173 jud\u0117jim\u0105, taip padidindamas treniruokli\u0173 ilgaam\u017ei\u0161kum\u0105 ir efektyvum\u0105.","breadcrumb":{"@id":"https:\/\/gymfactory.eu\/lt\/produktas\/hgfl206-guolis\/#breadcrumb"},"inLanguage":"lt-LT","potentialAction":[{"@type":"ReadAction","target":["https:\/\/gymfactory.eu\/lt\/produktas\/hgfl206-guolis\/"]}]},{"@type":"ImageObject","inLanguage":"lt-LT","@id":"https:\/\/gymfactory.eu\/lt\/produktas\/hgfl206-guolis\/#primaryimage","url":"https:\/\/gymfactory.eu\/wp-content\/uploads\/2025\/02\/HGFL206.webp","contentUrl":"https:\/\/gymfactory.eu\/wp-content\/uploads\/2025\/02\/HGFL206.webp","width":1024,"height":1024},{"@type":"BreadcrumbList","@id":"https:\/\/gymfactory.eu\/lt\/produktas\/hgfl206-guolis\/#breadcrumb","itemListElement":[{"@type":"ListItem","position":1,"name":"Pagrindinis","item":"https:\/\/gymfactory.eu\/lt\/"},{"@type":"ListItem","position":2,"name":"Katalogas","item":"https:\/\/gymfactory.eu\/lt\/katalogas\/"},{"@type":"ListItem","position":3,"name":"HGFL206 Korpusinis guolis"}]},{"@type":"WebSite","@id":"https:\/\/gymfactory.eu\/lt\/#website","url":"https:\/\/gymfactory.eu\/lt\/","name":"Gym Factory","description":"","publisher":{"@id":"https:\/\/gymfactory.eu\/lt\/#organization"},"potentialAction":[{"@type":"SearchAction","target":{"@type":"EntryPoint","urlTemplate":"https:\/\/gymfactory.eu\/lt\/?s={search_term_string}"},"query-input":{"@type":"PropertyValueSpecification","valueRequired":true,"valueName":"search_term_string"}}],"inLanguage":"lt-LT"},{"@type":"Organization","@id":"https:\/\/gymfactory.eu\/lt\/#organization","name":"Sporto sal\u0117s gamykla","url":"https:\/\/gymfactory.eu\/lt\/","logo":{"@type":"ImageObject","inLanguage":"lt-LT","@id":"https:\/\/gymfactory.eu\/lt\/#\/schema\/logo\/image\/","url":"https:\/\/gymfactory.eu\/wp-content\/uploads\/2024\/11\/Component-1.svg","contentUrl":"https:\/\/gymfactory.eu\/wp-content\/uploads\/2024\/11\/Component-1.svg","width":54,"height":44,"caption":"Sporto sal\u0117s gamykla"},"image":{"@id":"https:\/\/gymfactory.eu\/lt\/#\/schema\/logo\/image\/"}}]}},"_links":{"self":[{"href":"https:\/\/gymfactory.eu\/lt\/wp-json\/wp\/v2\/product\/9932","targetHints":{"allow":["GET"]}}],"collection":[{"href":"https:\/\/gymfactory.eu\/lt\/wp-json\/wp\/v2\/product"}],"about":[{"href":"https:\/\/gymfactory.eu\/lt\/wp-json\/wp\/v2\/types\/product"}],"wp:featuredmedia":[{"embeddable":true,"href":"https:\/\/gymfactory.eu\/lt\/wp-json\/wp\/v2\/media\/9197"}],"wp:attachment":[{"href":"https:\/\/gymfactory.eu\/lt\/wp-json\/wp\/v2\/media?parent=9932"}],"wp:term":[{"taxonomy":"product_brand","embeddable":true,"href":"https:\/\/gymfactory.eu\/lt\/wp-json\/wp\/v2\/product_brand?post=9932"},{"taxonomy":"product_cat","embeddable":true,"href":"https:\/\/gymfactory.eu\/lt\/wp-json\/wp\/v2\/product_cat?post=9932"},{"taxonomy":"product_tag","embeddable":true,"href":"https:\/\/gymfactory.eu\/lt\/wp-json\/wp\/v2\/product_tag?post=9932"}],"curies":[{"name":"wp","href":"https:\/\/api.w.org\/{rel}","templated":true}]}}