{"id":9928,"date":"2025-02-12T15:00:01","date_gmt":"2025-02-12T13:00:01","guid":{"rendered":"https:\/\/gymfactory.eu\/product\/hta01-kabelio-kilpos-apsauga\/"},"modified":"2025-09-09T15:38:15","modified_gmt":"2025-09-09T12:38:15","slug":"hta01-kabelio-kilpos-apsauga","status":"publish","type":"product","link":"https:\/\/gymfactory.eu\/lt\/produktas\/hta01-kabelio-kilpos-apsauga\/","title":{"rendered":"HTA01 Troso kilpos apsauga"},"content":{"rendered":"<p>HTA01 troso kilpos apsauga, skirta 6 mm trosams. Ji saugo u\u017elenkt\u0105 troso kilpos dal\u012f nuo d\u0117v\u0117jimosi ir deformacijos, padeda i\u0161laikyti kilpos form\u0105 ir prailgina troso tarnavimo laik\u0105. Da\u017eniausiai naudojama kartu su <a href=\"https:\/\/gymfactory.eu\/lt\/produktas\/htm01-jungtis\/\" target=\"_blank\" rel=\"noopener\">HTM01 spaustuku<\/a>, kuris u\u017efiksuoja ir supresuoja tros\u0105 vietoje.<\/p>\n\n    <div class=\"xs_social_share_widget xs_share_url after_content \t\tmain_content  wslu-style-1 wslu-share-box-shaped wslu-fill-colored wslu-none wslu-share-horizontal wslu-theme-font-no wslu-main_content\">\n\n\t\t\n        <ul>\n\t\t\t        <\/ul>\n    <\/div> \n","protected":false},"excerpt":{"rendered":"<p>HTA01 troso kilpos apsauga, skirta 6 mm trosams. Ji saugo u\u017elenkt\u0105 troso kilpos dal\u012f nuo d\u0117v\u0117jimosi ir deformacijos, padeda i\u0161laikyti kilpos form\u0105 ir prailgina troso tarnavimo laik\u0105. Da\u017eniausiai naudojama kartu su HTM01 spaustuku, kuris u\u017efiksuoja ir supresuoja tros\u0105 vietoje.<\/p>\n","protected":false},"featured_media":7974,"template":"","meta":{"_acf_changed":false},"product_brand":[56],"product_cat":[392],"product_tag":[],"class_list":{"0":"post-9928","1":"product","2":"type-product","3":"status-publish","4":"has-post-thumbnail","6":"product_brand-gym-factory","7":"product_cat-atsargines-dalys","9":"first","10":"onbackorder","11":"taxable","12":"shipping-taxable","13":"purchasable","14":"product-type-simple"},"acf":[],"yoast_head":"<!-- This site is optimized with the Yoast SEO plugin v25.2 - https:\/\/yoast.com\/wordpress\/plugins\/seo\/ -->\n<title>HTA01 Kabelio kilpos apsauga - b\u016btina sporto sal\u0117s atsargin\u0117 dalis<\/title>\n<meta name=\"description\" content=\"HTA01 kabelio kilpos apsauga apsaugo treniruokli\u0173 dalis, ma\u017eina nusid\u0117v\u0117jim\u0105 ir didina patvarum\u0105, kad jos veikt\u0173 ilgai.\" \/>\n<meta name=\"robots\" content=\"index, follow, max-snippet:-1, max-image-preview:large, max-video-preview:-1\" \/>\n<link rel=\"canonical\" href=\"https:\/\/gymfactory.eu\/lt\/produktas\/hta01-kabelio-kilpos-apsauga\/\" \/>\n<meta property=\"og:locale\" content=\"lt_LT\" \/>\n<meta property=\"og:type\" content=\"article\" \/>\n<meta property=\"og:title\" content=\"HTA01 Kabelio kilpos apsauga - b\u016btina sporto sal\u0117s atsargin\u0117 dalis\" \/>\n<meta property=\"og:description\" content=\"HTA01 kabelio kilpos apsauga apsaugo treniruokli\u0173 dalis, ma\u017eina nusid\u0117v\u0117jim\u0105 ir didina patvarum\u0105, kad jos veikt\u0173 ilgai.\" \/>\n<meta property=\"og:url\" content=\"https:\/\/gymfactory.eu\/lt\/produktas\/hta01-kabelio-kilpos-apsauga\/\" \/>\n<meta property=\"og:site_name\" content=\"Gym Factory\" \/>\n<meta property=\"article:modified_time\" content=\"2025-09-09T12:38:15+00:00\" \/>\n<meta property=\"og:image\" content=\"https:\/\/gymfactory.eu\/wp-content\/uploads\/2025\/02\/HTA01-efoto.jpg\" \/>\n\t<meta property=\"og:image:width\" content=\"1024\" \/>\n\t<meta property=\"og:image:height\" content=\"1024\" \/>\n\t<meta property=\"og:image:type\" content=\"image\/jpeg\" \/>\n<meta name=\"twitter:card\" content=\"summary_large_image\" \/>\n<meta name=\"twitter:label1\" content=\"Est. reading time\" \/>\n\t<meta name=\"twitter:data1\" content=\"1 minut\u0117\" \/>\n<script type=\"application\/ld+json\" class=\"yoast-schema-graph\">{\"@context\":\"https:\/\/schema.org\",\"@graph\":[{\"@type\":\"WebPage\",\"@id\":\"https:\/\/gymfactory.eu\/lt\/produktas\/hta01-kabelio-kilpos-apsauga\/\",\"url\":\"https:\/\/gymfactory.eu\/lt\/produktas\/hta01-kabelio-kilpos-apsauga\/\",\"name\":\"HTA01 Kabelio kilpos apsauga - b\u016btina sporto sal\u0117s atsargin\u0117 dalis\",\"isPartOf\":{\"@id\":\"https:\/\/gymfactory.eu\/lt\/#website\"},\"primaryImageOfPage\":{\"@id\":\"https:\/\/gymfactory.eu\/lt\/produktas\/hta01-kabelio-kilpos-apsauga\/#primaryimage\"},\"image\":{\"@id\":\"https:\/\/gymfactory.eu\/lt\/produktas\/hta01-kabelio-kilpos-apsauga\/#primaryimage\"},\"thumbnailUrl\":\"https:\/\/gymfactory.eu\/wp-content\/uploads\/2025\/02\/HTA01-efoto.jpg\",\"datePublished\":\"2025-02-12T13:00:01+00:00\",\"dateModified\":\"2025-09-09T12:38:15+00:00\",\"description\":\"HTA01 kabelio kilpos apsauga apsaugo treniruokli\u0173 dalis, ma\u017eina nusid\u0117v\u0117jim\u0105 ir didina patvarum\u0105, kad jos veikt\u0173 ilgai.\",\"breadcrumb\":{\"@id\":\"https:\/\/gymfactory.eu\/lt\/produktas\/hta01-kabelio-kilpos-apsauga\/#breadcrumb\"},\"inLanguage\":\"lt-LT\",\"potentialAction\":[{\"@type\":\"ReadAction\",\"target\":[\"https:\/\/gymfactory.eu\/lt\/produktas\/hta01-kabelio-kilpos-apsauga\/\"]}]},{\"@type\":\"ImageObject\",\"inLanguage\":\"lt-LT\",\"@id\":\"https:\/\/gymfactory.eu\/lt\/produktas\/hta01-kabelio-kilpos-apsauga\/#primaryimage\",\"url\":\"https:\/\/gymfactory.eu\/wp-content\/uploads\/2025\/02\/HTA01-efoto.jpg\",\"contentUrl\":\"https:\/\/gymfactory.eu\/wp-content\/uploads\/2025\/02\/HTA01-efoto.jpg\",\"width\":1024,\"height\":1024},{\"@type\":\"BreadcrumbList\",\"@id\":\"https:\/\/gymfactory.eu\/lt\/produktas\/hta01-kabelio-kilpos-apsauga\/#breadcrumb\",\"itemListElement\":[{\"@type\":\"ListItem\",\"position\":1,\"name\":\"Pagrindinis\",\"item\":\"https:\/\/gymfactory.eu\/lt\/\"},{\"@type\":\"ListItem\",\"position\":2,\"name\":\"Katalogas\",\"item\":\"https:\/\/gymfactory.eu\/lt\/katalogas\/\"},{\"@type\":\"ListItem\",\"position\":3,\"name\":\"HTA01 Troso kilpos apsauga\"}]},{\"@type\":\"WebSite\",\"@id\":\"https:\/\/gymfactory.eu\/lt\/#website\",\"url\":\"https:\/\/gymfactory.eu\/lt\/\",\"name\":\"Gym Factory\",\"description\":\"\",\"publisher\":{\"@id\":\"https:\/\/gymfactory.eu\/lt\/#organization\"},\"potentialAction\":[{\"@type\":\"SearchAction\",\"target\":{\"@type\":\"EntryPoint\",\"urlTemplate\":\"https:\/\/gymfactory.eu\/lt\/?s={search_term_string}\"},\"query-input\":{\"@type\":\"PropertyValueSpecification\",\"valueRequired\":true,\"valueName\":\"search_term_string\"}}],\"inLanguage\":\"lt-LT\"},{\"@type\":\"Organization\",\"@id\":\"https:\/\/gymfactory.eu\/lt\/#organization\",\"name\":\"Sporto sal\u0117s gamykla\",\"url\":\"https:\/\/gymfactory.eu\/lt\/\",\"logo\":{\"@type\":\"ImageObject\",\"inLanguage\":\"lt-LT\",\"@id\":\"https:\/\/gymfactory.eu\/lt\/#\/schema\/logo\/image\/\",\"url\":\"https:\/\/gymfactory.eu\/wp-content\/uploads\/2024\/11\/Component-1.svg\",\"contentUrl\":\"https:\/\/gymfactory.eu\/wp-content\/uploads\/2024\/11\/Component-1.svg\",\"width\":54,\"height\":44,\"caption\":\"Sporto sal\u0117s gamykla\"},\"image\":{\"@id\":\"https:\/\/gymfactory.eu\/lt\/#\/schema\/logo\/image\/\"}}]}<\/script>\n<!-- \/ Yoast SEO plugin. -->","yoast_head_json":{"title":"HTA01 Kabelio kilpos apsauga - b\u016btina sporto sal\u0117s atsargin\u0117 dalis","description":"HTA01 kabelio kilpos apsauga apsaugo treniruokli\u0173 dalis, ma\u017eina nusid\u0117v\u0117jim\u0105 ir didina patvarum\u0105, kad jos veikt\u0173 ilgai.","robots":{"index":"index","follow":"follow","max-snippet":"max-snippet:-1","max-image-preview":"max-image-preview:large","max-video-preview":"max-video-preview:-1"},"canonical":"https:\/\/gymfactory.eu\/lt\/produktas\/hta01-kabelio-kilpos-apsauga\/","og_locale":"lt_LT","og_type":"article","og_title":"HTA01 Kabelio kilpos apsauga - b\u016btina sporto sal\u0117s atsargin\u0117 dalis","og_description":"HTA01 kabelio kilpos apsauga apsaugo treniruokli\u0173 dalis, ma\u017eina nusid\u0117v\u0117jim\u0105 ir didina patvarum\u0105, kad jos veikt\u0173 ilgai.","og_url":"https:\/\/gymfactory.eu\/lt\/produktas\/hta01-kabelio-kilpos-apsauga\/","og_site_name":"Gym Factory","article_modified_time":"2025-09-09T12:38:15+00:00","og_image":[{"width":1024,"height":1024,"url":"https:\/\/gymfactory.eu\/wp-content\/uploads\/2025\/02\/HTA01-efoto.jpg","type":"image\/jpeg"}],"twitter_card":"summary_large_image","twitter_misc":{"Est. reading time":"1 minut\u0117"},"schema":{"@context":"https:\/\/schema.org","@graph":[{"@type":"WebPage","@id":"https:\/\/gymfactory.eu\/lt\/produktas\/hta01-kabelio-kilpos-apsauga\/","url":"https:\/\/gymfactory.eu\/lt\/produktas\/hta01-kabelio-kilpos-apsauga\/","name":"HTA01 Kabelio kilpos apsauga - b\u016btina sporto sal\u0117s atsargin\u0117 dalis","isPartOf":{"@id":"https:\/\/gymfactory.eu\/lt\/#website"},"primaryImageOfPage":{"@id":"https:\/\/gymfactory.eu\/lt\/produktas\/hta01-kabelio-kilpos-apsauga\/#primaryimage"},"image":{"@id":"https:\/\/gymfactory.eu\/lt\/produktas\/hta01-kabelio-kilpos-apsauga\/#primaryimage"},"thumbnailUrl":"https:\/\/gymfactory.eu\/wp-content\/uploads\/2025\/02\/HTA01-efoto.jpg","datePublished":"2025-02-12T13:00:01+00:00","dateModified":"2025-09-09T12:38:15+00:00","description":"HTA01 kabelio kilpos apsauga apsaugo treniruokli\u0173 dalis, ma\u017eina nusid\u0117v\u0117jim\u0105 ir didina patvarum\u0105, kad jos veikt\u0173 ilgai.","breadcrumb":{"@id":"https:\/\/gymfactory.eu\/lt\/produktas\/hta01-kabelio-kilpos-apsauga\/#breadcrumb"},"inLanguage":"lt-LT","potentialAction":[{"@type":"ReadAction","target":["https:\/\/gymfactory.eu\/lt\/produktas\/hta01-kabelio-kilpos-apsauga\/"]}]},{"@type":"ImageObject","inLanguage":"lt-LT","@id":"https:\/\/gymfactory.eu\/lt\/produktas\/hta01-kabelio-kilpos-apsauga\/#primaryimage","url":"https:\/\/gymfactory.eu\/wp-content\/uploads\/2025\/02\/HTA01-efoto.jpg","contentUrl":"https:\/\/gymfactory.eu\/wp-content\/uploads\/2025\/02\/HTA01-efoto.jpg","width":1024,"height":1024},{"@type":"BreadcrumbList","@id":"https:\/\/gymfactory.eu\/lt\/produktas\/hta01-kabelio-kilpos-apsauga\/#breadcrumb","itemListElement":[{"@type":"ListItem","position":1,"name":"Pagrindinis","item":"https:\/\/gymfactory.eu\/lt\/"},{"@type":"ListItem","position":2,"name":"Katalogas","item":"https:\/\/gymfactory.eu\/lt\/katalogas\/"},{"@type":"ListItem","position":3,"name":"HTA01 Troso kilpos apsauga"}]},{"@type":"WebSite","@id":"https:\/\/gymfactory.eu\/lt\/#website","url":"https:\/\/gymfactory.eu\/lt\/","name":"Gym Factory","description":"","publisher":{"@id":"https:\/\/gymfactory.eu\/lt\/#organization"},"potentialAction":[{"@type":"SearchAction","target":{"@type":"EntryPoint","urlTemplate":"https:\/\/gymfactory.eu\/lt\/?s={search_term_string}"},"query-input":{"@type":"PropertyValueSpecification","valueRequired":true,"valueName":"search_term_string"}}],"inLanguage":"lt-LT"},{"@type":"Organization","@id":"https:\/\/gymfactory.eu\/lt\/#organization","name":"Sporto sal\u0117s gamykla","url":"https:\/\/gymfactory.eu\/lt\/","logo":{"@type":"ImageObject","inLanguage":"lt-LT","@id":"https:\/\/gymfactory.eu\/lt\/#\/schema\/logo\/image\/","url":"https:\/\/gymfactory.eu\/wp-content\/uploads\/2024\/11\/Component-1.svg","contentUrl":"https:\/\/gymfactory.eu\/wp-content\/uploads\/2024\/11\/Component-1.svg","width":54,"height":44,"caption":"Sporto sal\u0117s gamykla"},"image":{"@id":"https:\/\/gymfactory.eu\/lt\/#\/schema\/logo\/image\/"}}]}},"_links":{"self":[{"href":"https:\/\/gymfactory.eu\/lt\/wp-json\/wp\/v2\/product\/9928","targetHints":{"allow":["GET"]}}],"collection":[{"href":"https:\/\/gymfactory.eu\/lt\/wp-json\/wp\/v2\/product"}],"about":[{"href":"https:\/\/gymfactory.eu\/lt\/wp-json\/wp\/v2\/types\/product"}],"wp:featuredmedia":[{"embeddable":true,"href":"https:\/\/gymfactory.eu\/lt\/wp-json\/wp\/v2\/media\/7974"}],"wp:attachment":[{"href":"https:\/\/gymfactory.eu\/lt\/wp-json\/wp\/v2\/media?parent=9928"}],"wp:term":[{"taxonomy":"product_brand","embeddable":true,"href":"https:\/\/gymfactory.eu\/lt\/wp-json\/wp\/v2\/product_brand?post=9928"},{"taxonomy":"product_cat","embeddable":true,"href":"https:\/\/gymfactory.eu\/lt\/wp-json\/wp\/v2\/product_cat?post=9928"},{"taxonomy":"product_tag","embeddable":true,"href":"https:\/\/gymfactory.eu\/lt\/wp-json\/wp\/v2\/product_tag?post=9928"}],"curies":[{"name":"wp","href":"https:\/\/api.w.org\/{rel}","templated":true}]}}