{"id":9919,"date":"2025-02-12T15:00:03","date_gmt":"2025-02-12T13:00:03","guid":{"rendered":"https:\/\/gymfactory.eu\/product\/hsg02-gumine-apsauga-koju-presui\/"},"modified":"2025-09-09T15:27:54","modified_gmt":"2025-09-09T12:27:54","slug":"hsg02-gumine-apsauga-koju-presui","status":"publish","type":"product","link":"https:\/\/gymfactory.eu\/lt\/produktas\/hsg02-gumine-apsauga-koju-presui\/","title":{"rendered":"HSG02 Gumin\u0117 apsauga"},"content":{"rendered":"<p data-start=\"0\" data-end=\"93\">HSG02 gumin\u0117 apsauga, naudojama tik &#8222;hack squat&#8221; ir koj\u0173 spaudimo treniruokliuose \u2013 konkre\u010diai modeliuose D1, D2, D1-D2 Mix, D3 ir D3x. Nuo 2018-03-19 \u0161i detal\u0117 pakeit\u0117 tradicines spyruokles. Montuojama taip, kad apribot\u0173 platformos nusileidim\u0105, neleist\u0173 jai pasiekti \u017eemiausio ta\u0161ko ir tiesiogiai liestis su r\u0117mu, taip apsaugodama konstrukcines dalis ir ma\u017eindama sm\u016bg\u012f.<\/p>\n\n    <div class=\"xs_social_share_widget xs_share_url after_content \t\tmain_content  wslu-style-1 wslu-share-box-shaped wslu-fill-colored wslu-none wslu-share-horizontal wslu-theme-font-no wslu-main_content\">\n\n\t\t\n        <ul>\n\t\t\t        <\/ul>\n    <\/div> \n","protected":false},"excerpt":{"rendered":"<p>HSG02 gumin\u0117 apsauga, naudojama tik &#8222;hack squat&#8221; ir koj\u0173 spaudimo treniruokliuose \u2013 konkre\u010diai modeliuose D1, D2, D1-D2 Mix, D3 ir D3x. Nuo 2018-03-19 \u0161i detal\u0117 pakeit\u0117 tradicines spyruokles. Montuojama taip, kad apribot\u0173 platformos nusileidim\u0105, neleist\u0173 jai pasiekti \u017eemiausio ta\u0161ko ir tiesiogiai liestis su r\u0117mu, taip apsaugodama konstrukcines dalis ir ma\u017eindama sm\u016bg\u012f.<\/p>\n","protected":false},"featured_media":7990,"template":"","meta":{"_acf_changed":false},"product_brand":[56],"product_cat":[392],"product_tag":[],"class_list":{"0":"post-9919","1":"product","2":"type-product","3":"status-publish","4":"has-post-thumbnail","6":"product_brand-gym-factory","7":"product_cat-atsargines-dalys","9":"first","10":"onbackorder","11":"taxable","12":"shipping-taxable","13":"purchasable","14":"product-type-simple"},"acf":[],"yoast_head":"<!-- This site is optimized with the Yoast SEO plugin v25.2 - https:\/\/yoast.com\/wordpress\/plugins\/seo\/ -->\n<title>HSG02 gumin\u0117 apsauga koj\u0173 presui - patikima treniruokli\u0173 sal\u0117s atsargin\u0117 dalis<\/title>\n<meta name=\"description\" content=\"HSG02 gumin\u0117 apsauga padidina koj\u0173 spaudimo ma\u0161in\u0173 patvarum\u0105, u\u017etikrindama saug\u0173 ir ilgalaik\u012f treniruokli\u0173 dali\u0173 veikim\u0105.\" \/>\n<meta name=\"robots\" content=\"index, follow, max-snippet:-1, max-image-preview:large, max-video-preview:-1\" \/>\n<link rel=\"canonical\" href=\"https:\/\/gymfactory.eu\/lt\/produktas\/hsg02-gumine-apsauga-koju-presui\/\" \/>\n<meta property=\"og:locale\" content=\"lt_LT\" \/>\n<meta property=\"og:type\" content=\"article\" \/>\n<meta property=\"og:title\" content=\"HSG02 gumin\u0117 apsauga koj\u0173 presui - patikima treniruokli\u0173 sal\u0117s atsargin\u0117 dalis\" \/>\n<meta property=\"og:description\" content=\"HSG02 gumin\u0117 apsauga padidina koj\u0173 spaudimo ma\u0161in\u0173 patvarum\u0105, u\u017etikrindama saug\u0173 ir ilgalaik\u012f treniruokli\u0173 dali\u0173 veikim\u0105.\" \/>\n<meta property=\"og:url\" content=\"https:\/\/gymfactory.eu\/lt\/produktas\/hsg02-gumine-apsauga-koju-presui\/\" \/>\n<meta property=\"og:site_name\" content=\"Gym Factory\" \/>\n<meta property=\"article:modified_time\" content=\"2025-09-09T12:27:54+00:00\" \/>\n<meta property=\"og:image\" content=\"https:\/\/gymfactory.eu\/wp-content\/uploads\/2025\/02\/HSG02-e.jpg\" \/>\n\t<meta property=\"og:image:width\" content=\"1024\" \/>\n\t<meta property=\"og:image:height\" content=\"1024\" \/>\n\t<meta property=\"og:image:type\" content=\"image\/jpeg\" \/>\n<meta name=\"twitter:card\" content=\"summary_large_image\" \/>\n<meta name=\"twitter:label1\" content=\"Est. reading time\" \/>\n\t<meta name=\"twitter:data1\" content=\"1 minut\u0117\" \/>\n<script type=\"application\/ld+json\" class=\"yoast-schema-graph\">{\"@context\":\"https:\/\/schema.org\",\"@graph\":[{\"@type\":\"WebPage\",\"@id\":\"https:\/\/gymfactory.eu\/lt\/produktas\/hsg02-gumine-apsauga-koju-presui\/\",\"url\":\"https:\/\/gymfactory.eu\/lt\/produktas\/hsg02-gumine-apsauga-koju-presui\/\",\"name\":\"HSG02 gumin\u0117 apsauga koj\u0173 presui - patikima treniruokli\u0173 sal\u0117s atsargin\u0117 dalis\",\"isPartOf\":{\"@id\":\"https:\/\/gymfactory.eu\/lt\/#website\"},\"primaryImageOfPage\":{\"@id\":\"https:\/\/gymfactory.eu\/lt\/produktas\/hsg02-gumine-apsauga-koju-presui\/#primaryimage\"},\"image\":{\"@id\":\"https:\/\/gymfactory.eu\/lt\/produktas\/hsg02-gumine-apsauga-koju-presui\/#primaryimage\"},\"thumbnailUrl\":\"https:\/\/gymfactory.eu\/wp-content\/uploads\/2025\/02\/HSG02-e.jpg\",\"datePublished\":\"2025-02-12T13:00:03+00:00\",\"dateModified\":\"2025-09-09T12:27:54+00:00\",\"description\":\"HSG02 gumin\u0117 apsauga padidina koj\u0173 spaudimo ma\u0161in\u0173 patvarum\u0105, u\u017etikrindama saug\u0173 ir ilgalaik\u012f treniruokli\u0173 dali\u0173 veikim\u0105.\",\"breadcrumb\":{\"@id\":\"https:\/\/gymfactory.eu\/lt\/produktas\/hsg02-gumine-apsauga-koju-presui\/#breadcrumb\"},\"inLanguage\":\"lt-LT\",\"potentialAction\":[{\"@type\":\"ReadAction\",\"target\":[\"https:\/\/gymfactory.eu\/lt\/produktas\/hsg02-gumine-apsauga-koju-presui\/\"]}]},{\"@type\":\"ImageObject\",\"inLanguage\":\"lt-LT\",\"@id\":\"https:\/\/gymfactory.eu\/lt\/produktas\/hsg02-gumine-apsauga-koju-presui\/#primaryimage\",\"url\":\"https:\/\/gymfactory.eu\/wp-content\/uploads\/2025\/02\/HSG02-e.jpg\",\"contentUrl\":\"https:\/\/gymfactory.eu\/wp-content\/uploads\/2025\/02\/HSG02-e.jpg\",\"width\":1024,\"height\":1024},{\"@type\":\"BreadcrumbList\",\"@id\":\"https:\/\/gymfactory.eu\/lt\/produktas\/hsg02-gumine-apsauga-koju-presui\/#breadcrumb\",\"itemListElement\":[{\"@type\":\"ListItem\",\"position\":1,\"name\":\"Pagrindinis\",\"item\":\"https:\/\/gymfactory.eu\/lt\/\"},{\"@type\":\"ListItem\",\"position\":2,\"name\":\"Katalogas\",\"item\":\"https:\/\/gymfactory.eu\/lt\/katalogas\/\"},{\"@type\":\"ListItem\",\"position\":3,\"name\":\"HSG02 Gumin\u0117 apsauga\"}]},{\"@type\":\"WebSite\",\"@id\":\"https:\/\/gymfactory.eu\/lt\/#website\",\"url\":\"https:\/\/gymfactory.eu\/lt\/\",\"name\":\"Gym Factory\",\"description\":\"\",\"publisher\":{\"@id\":\"https:\/\/gymfactory.eu\/lt\/#organization\"},\"potentialAction\":[{\"@type\":\"SearchAction\",\"target\":{\"@type\":\"EntryPoint\",\"urlTemplate\":\"https:\/\/gymfactory.eu\/lt\/?s={search_term_string}\"},\"query-input\":{\"@type\":\"PropertyValueSpecification\",\"valueRequired\":true,\"valueName\":\"search_term_string\"}}],\"inLanguage\":\"lt-LT\"},{\"@type\":\"Organization\",\"@id\":\"https:\/\/gymfactory.eu\/lt\/#organization\",\"name\":\"Sporto sal\u0117s gamykla\",\"url\":\"https:\/\/gymfactory.eu\/lt\/\",\"logo\":{\"@type\":\"ImageObject\",\"inLanguage\":\"lt-LT\",\"@id\":\"https:\/\/gymfactory.eu\/lt\/#\/schema\/logo\/image\/\",\"url\":\"https:\/\/gymfactory.eu\/wp-content\/uploads\/2024\/11\/Component-1.svg\",\"contentUrl\":\"https:\/\/gymfactory.eu\/wp-content\/uploads\/2024\/11\/Component-1.svg\",\"width\":54,\"height\":44,\"caption\":\"Sporto sal\u0117s gamykla\"},\"image\":{\"@id\":\"https:\/\/gymfactory.eu\/lt\/#\/schema\/logo\/image\/\"}}]}<\/script>\n<!-- \/ Yoast SEO plugin. -->","yoast_head_json":{"title":"HSG02 gumin\u0117 apsauga koj\u0173 presui - patikima treniruokli\u0173 sal\u0117s atsargin\u0117 dalis","description":"HSG02 gumin\u0117 apsauga padidina koj\u0173 spaudimo ma\u0161in\u0173 patvarum\u0105, u\u017etikrindama saug\u0173 ir ilgalaik\u012f treniruokli\u0173 dali\u0173 veikim\u0105.","robots":{"index":"index","follow":"follow","max-snippet":"max-snippet:-1","max-image-preview":"max-image-preview:large","max-video-preview":"max-video-preview:-1"},"canonical":"https:\/\/gymfactory.eu\/lt\/produktas\/hsg02-gumine-apsauga-koju-presui\/","og_locale":"lt_LT","og_type":"article","og_title":"HSG02 gumin\u0117 apsauga koj\u0173 presui - patikima treniruokli\u0173 sal\u0117s atsargin\u0117 dalis","og_description":"HSG02 gumin\u0117 apsauga padidina koj\u0173 spaudimo ma\u0161in\u0173 patvarum\u0105, u\u017etikrindama saug\u0173 ir ilgalaik\u012f treniruokli\u0173 dali\u0173 veikim\u0105.","og_url":"https:\/\/gymfactory.eu\/lt\/produktas\/hsg02-gumine-apsauga-koju-presui\/","og_site_name":"Gym Factory","article_modified_time":"2025-09-09T12:27:54+00:00","og_image":[{"width":1024,"height":1024,"url":"https:\/\/gymfactory.eu\/wp-content\/uploads\/2025\/02\/HSG02-e.jpg","type":"image\/jpeg"}],"twitter_card":"summary_large_image","twitter_misc":{"Est. reading time":"1 minut\u0117"},"schema":{"@context":"https:\/\/schema.org","@graph":[{"@type":"WebPage","@id":"https:\/\/gymfactory.eu\/lt\/produktas\/hsg02-gumine-apsauga-koju-presui\/","url":"https:\/\/gymfactory.eu\/lt\/produktas\/hsg02-gumine-apsauga-koju-presui\/","name":"HSG02 gumin\u0117 apsauga koj\u0173 presui - patikima treniruokli\u0173 sal\u0117s atsargin\u0117 dalis","isPartOf":{"@id":"https:\/\/gymfactory.eu\/lt\/#website"},"primaryImageOfPage":{"@id":"https:\/\/gymfactory.eu\/lt\/produktas\/hsg02-gumine-apsauga-koju-presui\/#primaryimage"},"image":{"@id":"https:\/\/gymfactory.eu\/lt\/produktas\/hsg02-gumine-apsauga-koju-presui\/#primaryimage"},"thumbnailUrl":"https:\/\/gymfactory.eu\/wp-content\/uploads\/2025\/02\/HSG02-e.jpg","datePublished":"2025-02-12T13:00:03+00:00","dateModified":"2025-09-09T12:27:54+00:00","description":"HSG02 gumin\u0117 apsauga padidina koj\u0173 spaudimo ma\u0161in\u0173 patvarum\u0105, u\u017etikrindama saug\u0173 ir ilgalaik\u012f treniruokli\u0173 dali\u0173 veikim\u0105.","breadcrumb":{"@id":"https:\/\/gymfactory.eu\/lt\/produktas\/hsg02-gumine-apsauga-koju-presui\/#breadcrumb"},"inLanguage":"lt-LT","potentialAction":[{"@type":"ReadAction","target":["https:\/\/gymfactory.eu\/lt\/produktas\/hsg02-gumine-apsauga-koju-presui\/"]}]},{"@type":"ImageObject","inLanguage":"lt-LT","@id":"https:\/\/gymfactory.eu\/lt\/produktas\/hsg02-gumine-apsauga-koju-presui\/#primaryimage","url":"https:\/\/gymfactory.eu\/wp-content\/uploads\/2025\/02\/HSG02-e.jpg","contentUrl":"https:\/\/gymfactory.eu\/wp-content\/uploads\/2025\/02\/HSG02-e.jpg","width":1024,"height":1024},{"@type":"BreadcrumbList","@id":"https:\/\/gymfactory.eu\/lt\/produktas\/hsg02-gumine-apsauga-koju-presui\/#breadcrumb","itemListElement":[{"@type":"ListItem","position":1,"name":"Pagrindinis","item":"https:\/\/gymfactory.eu\/lt\/"},{"@type":"ListItem","position":2,"name":"Katalogas","item":"https:\/\/gymfactory.eu\/lt\/katalogas\/"},{"@type":"ListItem","position":3,"name":"HSG02 Gumin\u0117 apsauga"}]},{"@type":"WebSite","@id":"https:\/\/gymfactory.eu\/lt\/#website","url":"https:\/\/gymfactory.eu\/lt\/","name":"Gym Factory","description":"","publisher":{"@id":"https:\/\/gymfactory.eu\/lt\/#organization"},"potentialAction":[{"@type":"SearchAction","target":{"@type":"EntryPoint","urlTemplate":"https:\/\/gymfactory.eu\/lt\/?s={search_term_string}"},"query-input":{"@type":"PropertyValueSpecification","valueRequired":true,"valueName":"search_term_string"}}],"inLanguage":"lt-LT"},{"@type":"Organization","@id":"https:\/\/gymfactory.eu\/lt\/#organization","name":"Sporto sal\u0117s gamykla","url":"https:\/\/gymfactory.eu\/lt\/","logo":{"@type":"ImageObject","inLanguage":"lt-LT","@id":"https:\/\/gymfactory.eu\/lt\/#\/schema\/logo\/image\/","url":"https:\/\/gymfactory.eu\/wp-content\/uploads\/2024\/11\/Component-1.svg","contentUrl":"https:\/\/gymfactory.eu\/wp-content\/uploads\/2024\/11\/Component-1.svg","width":54,"height":44,"caption":"Sporto sal\u0117s gamykla"},"image":{"@id":"https:\/\/gymfactory.eu\/lt\/#\/schema\/logo\/image\/"}}]}},"_links":{"self":[{"href":"https:\/\/gymfactory.eu\/lt\/wp-json\/wp\/v2\/product\/9919","targetHints":{"allow":["GET"]}}],"collection":[{"href":"https:\/\/gymfactory.eu\/lt\/wp-json\/wp\/v2\/product"}],"about":[{"href":"https:\/\/gymfactory.eu\/lt\/wp-json\/wp\/v2\/types\/product"}],"wp:featuredmedia":[{"embeddable":true,"href":"https:\/\/gymfactory.eu\/lt\/wp-json\/wp\/v2\/media\/7990"}],"wp:attachment":[{"href":"https:\/\/gymfactory.eu\/lt\/wp-json\/wp\/v2\/media?parent=9919"}],"wp:term":[{"taxonomy":"product_brand","embeddable":true,"href":"https:\/\/gymfactory.eu\/lt\/wp-json\/wp\/v2\/product_brand?post=9919"},{"taxonomy":"product_cat","embeddable":true,"href":"https:\/\/gymfactory.eu\/lt\/wp-json\/wp\/v2\/product_cat?post=9919"},{"taxonomy":"product_tag","embeddable":true,"href":"https:\/\/gymfactory.eu\/lt\/wp-json\/wp\/v2\/product_tag?post=9919"}],"curies":[{"name":"wp","href":"https:\/\/api.w.org\/{rel}","templated":true}]}}