{"id":9916,"date":"2025-02-11T11:41:06","date_gmt":"2025-02-11T09:41:06","guid":{"rendered":"https:\/\/gymfactory.eu\/product\/j3-reguliuojamas-suolas\/"},"modified":"2025-12-03T13:53:05","modified_gmt":"2025-12-03T11:53:05","slug":"j3-reguliuojamas-suolas","status":"publish","type":"product","link":"https:\/\/gymfactory.eu\/lt\/produktas\/j3-reguliuojamas-suolas\/","title":{"rendered":"J3 Universalus suoliukas"},"content":{"rendered":"<p>J3 universalus suoliukas \u2013 funkcionalus treniruo\u010di\u0173 suoliukas, pritaikytas pla\u010diam j\u0117gos pratim\u0173 spektrui. Tinka tiek nam\u0173 treniruot\u0117ms, tiek profesionaliam sporto sal\u0117s naudojimui.<\/p>\n<p>Atlo\u0161as ir s\u0117dyn\u0117 gali b\u016bti reguliuojami \u012f tiesi\u0105, nuo\u017eulni\u0105 arba \u017eem\u0117jan\u010di\u0105 pad\u0117t\u012f \u2013 tai leid\u017eia atlikti \u012fvairius viso k\u016bno pratimus. Integruotos apvalios koj\u0173 atramos suteikia papildomo stabilumo atliekant pratimus su nuolyd\u017eiu \u017eemyn.<\/p>\n<p>Su integruotais ratukais ir rankena, suoliuk\u0105 lengva perkelti ten, kur reikia.<\/p>\n<p>Tvirtas, patogus ir lankstus pasirinkimas tiems, kurie ie\u0161ko reguliuojamo suoliuko, prisitaikan\u010dio prie skirting\u0173 treniruo\u010di\u0173 tiksl\u0173.<\/p>\n\n    <div class=\"xs_social_share_widget xs_share_url after_content \t\tmain_content  wslu-style-1 wslu-share-box-shaped wslu-fill-colored wslu-none wslu-share-horizontal wslu-theme-font-no wslu-main_content\">\n\n\t\t\n        <ul>\n\t\t\t        <\/ul>\n    <\/div> \n","protected":false},"excerpt":{"rendered":"<p>J3 universalus suoliukas \u2013 funkcionalus treniruo\u010di\u0173 suoliukas, pritaikytas pla\u010diam j\u0117gos pratim\u0173 spektrui. Tinka tiek nam\u0173 treniruot\u0117ms, tiek profesionaliam sporto sal\u0117s naudojimui. Atlo\u0161as ir s\u0117dyn\u0117 gali b\u016bti reguliuojami \u012f tiesi\u0105, nuo\u017eulni\u0105 arba \u017eem\u0117jan\u010di\u0105 pad\u0117t\u012f \u2013 tai leid\u017eia atlikti \u012fvairius viso k\u016bno pratimus. Integruotos apvalios koj\u0173 atramos suteikia papildomo stabilumo atliekant pratimus su nuolyd\u017eiu \u017eemyn. Su integruotais [&hellip;]<\/p>\n","protected":false},"featured_media":8850,"template":"","meta":{"_acf_changed":false},"product_brand":[817],"product_cat":[437],"product_tag":[],"class_list":{"0":"post-9916","1":"product","2":"type-product","3":"status-publish","4":"has-post-thumbnail","6":"product_brand-gym-factory-lt","7":"product_cat-treniruociu-suolai","9":"first","10":"onbackorder","11":"taxable","12":"shipping-taxable","13":"purchasable","14":"product-type-variable","15":"has-default-attributes"},"acf":[],"yoast_head":"<!-- This site is optimized with the Yoast SEO plugin v25.2 - https:\/\/yoast.com\/wordpress\/plugins\/seo\/ -->\n<title>&quot;J3 Bench&quot; - geriausias reguliuojamas suolas komercinei ir nam\u0173 sporto salei<\/title>\n<meta name=\"description\" content=\"Atraskite geriausi\u0105 reguliuojam\u0105 suoliuk\u0105 viso k\u016bno treniruot\u0117ms. Sukurtas taip, kad b\u016bt\u0173 universalus, jis suteikia puiki\u0105 atram\u0105 kiekvienam pratimui.\" \/>\n<meta name=\"robots\" content=\"index, follow, max-snippet:-1, max-image-preview:large, max-video-preview:-1\" \/>\n<link rel=\"canonical\" href=\"https:\/\/gymfactory.eu\/lt\/produktas\/j3-reguliuojamas-suolas\/\" \/>\n<meta property=\"og:locale\" content=\"lt_LT\" \/>\n<meta property=\"og:type\" content=\"article\" \/>\n<meta property=\"og:title\" content=\"&quot;J3 Bench&quot; - geriausias reguliuojamas suolas komercinei ir nam\u0173 sporto salei\" \/>\n<meta property=\"og:description\" content=\"Atraskite geriausi\u0105 reguliuojam\u0105 suoliuk\u0105 viso k\u016bno treniruot\u0117ms. Sukurtas taip, kad b\u016bt\u0173 universalus, jis suteikia puiki\u0105 atram\u0105 kiekvienam pratimui.\" \/>\n<meta property=\"og:url\" content=\"https:\/\/gymfactory.eu\/lt\/produktas\/j3-reguliuojamas-suolas\/\" \/>\n<meta property=\"og:site_name\" content=\"Gym Factory\" \/>\n<meta property=\"article:modified_time\" content=\"2025-12-03T11:53:05+00:00\" \/>\n<meta property=\"og:image\" content=\"https:\/\/gymfactory.eu\/wp-content\/uploads\/2025\/02\/best-workout-bench-black-incline-leg-extension-bench-1.webp\" \/>\n\t<meta property=\"og:image:width\" content=\"1500\" \/>\n\t<meta property=\"og:image:height\" content=\"1500\" \/>\n\t<meta property=\"og:image:type\" content=\"image\/webp\" \/>\n<meta name=\"twitter:card\" content=\"summary_large_image\" \/>\n<meta name=\"twitter:label1\" content=\"Est. reading time\" \/>\n\t<meta name=\"twitter:data1\" content=\"1 minut\u0117\" \/>\n<script type=\"application\/ld+json\" class=\"yoast-schema-graph\">{\"@context\":\"https:\/\/schema.org\",\"@graph\":[{\"@type\":\"WebPage\",\"@id\":\"https:\/\/gymfactory.eu\/lt\/produktas\/j3-reguliuojamas-suolas\/\",\"url\":\"https:\/\/gymfactory.eu\/lt\/produktas\/j3-reguliuojamas-suolas\/\",\"name\":\"\\\"J3 Bench\\\" - geriausias reguliuojamas suolas komercinei ir nam\u0173 sporto salei\",\"isPartOf\":{\"@id\":\"https:\/\/gymfactory.eu\/lt\/#website\"},\"primaryImageOfPage\":{\"@id\":\"https:\/\/gymfactory.eu\/lt\/produktas\/j3-reguliuojamas-suolas\/#primaryimage\"},\"image\":{\"@id\":\"https:\/\/gymfactory.eu\/lt\/produktas\/j3-reguliuojamas-suolas\/#primaryimage\"},\"thumbnailUrl\":\"https:\/\/gymfactory.eu\/wp-content\/uploads\/2025\/02\/best-workout-bench-black-incline-leg-extension-bench-1.webp\",\"datePublished\":\"2025-02-11T09:41:06+00:00\",\"dateModified\":\"2025-12-03T11:53:05+00:00\",\"description\":\"Atraskite geriausi\u0105 reguliuojam\u0105 suoliuk\u0105 viso k\u016bno treniruot\u0117ms. Sukurtas taip, kad b\u016bt\u0173 universalus, jis suteikia puiki\u0105 atram\u0105 kiekvienam pratimui.\",\"breadcrumb\":{\"@id\":\"https:\/\/gymfactory.eu\/lt\/produktas\/j3-reguliuojamas-suolas\/#breadcrumb\"},\"inLanguage\":\"lt-LT\",\"potentialAction\":[{\"@type\":\"ReadAction\",\"target\":[\"https:\/\/gymfactory.eu\/lt\/produktas\/j3-reguliuojamas-suolas\/\"]}]},{\"@type\":\"ImageObject\",\"inLanguage\":\"lt-LT\",\"@id\":\"https:\/\/gymfactory.eu\/lt\/produktas\/j3-reguliuojamas-suolas\/#primaryimage\",\"url\":\"https:\/\/gymfactory.eu\/wp-content\/uploads\/2025\/02\/best-workout-bench-black-incline-leg-extension-bench-1.webp\",\"contentUrl\":\"https:\/\/gymfactory.eu\/wp-content\/uploads\/2025\/02\/best-workout-bench-black-incline-leg-extension-bench-1.webp\",\"width\":1500,\"height\":1500,\"caption\":\"Juodos spalvos reguliuojamo nuolyd\u017eio suoliukas su koj\u0173 ritin\u0117liais - tai j\u0117gos treniruokli\u0173 \u012franga namuose, skirta tikslingoms apatin\u0117s k\u016bno dalies treniruot\u0117ms, turinti tvirt\u0105 r\u0117m\u0105 ir ergonomi\u0161k\u0105 pamink\u0161tinim\u0105.\"},{\"@type\":\"BreadcrumbList\",\"@id\":\"https:\/\/gymfactory.eu\/lt\/produktas\/j3-reguliuojamas-suolas\/#breadcrumb\",\"itemListElement\":[{\"@type\":\"ListItem\",\"position\":1,\"name\":\"Pagrindinis\",\"item\":\"https:\/\/gymfactory.eu\/lt\/\"},{\"@type\":\"ListItem\",\"position\":2,\"name\":\"Katalogas\",\"item\":\"https:\/\/gymfactory.eu\/lt\/katalogas\/\"},{\"@type\":\"ListItem\",\"position\":3,\"name\":\"J3 Universalus suoliukas\"}]},{\"@type\":\"WebSite\",\"@id\":\"https:\/\/gymfactory.eu\/lt\/#website\",\"url\":\"https:\/\/gymfactory.eu\/lt\/\",\"name\":\"Gym Factory\",\"description\":\"\",\"publisher\":{\"@id\":\"https:\/\/gymfactory.eu\/lt\/#organization\"},\"potentialAction\":[{\"@type\":\"SearchAction\",\"target\":{\"@type\":\"EntryPoint\",\"urlTemplate\":\"https:\/\/gymfactory.eu\/lt\/?s={search_term_string}\"},\"query-input\":{\"@type\":\"PropertyValueSpecification\",\"valueRequired\":true,\"valueName\":\"search_term_string\"}}],\"inLanguage\":\"lt-LT\"},{\"@type\":\"Organization\",\"@id\":\"https:\/\/gymfactory.eu\/lt\/#organization\",\"name\":\"Sporto sal\u0117s gamykla\",\"url\":\"https:\/\/gymfactory.eu\/lt\/\",\"logo\":{\"@type\":\"ImageObject\",\"inLanguage\":\"lt-LT\",\"@id\":\"https:\/\/gymfactory.eu\/lt\/#\/schema\/logo\/image\/\",\"url\":\"https:\/\/gymfactory.eu\/wp-content\/uploads\/2024\/11\/Component-1.svg\",\"contentUrl\":\"https:\/\/gymfactory.eu\/wp-content\/uploads\/2024\/11\/Component-1.svg\",\"width\":54,\"height\":44,\"caption\":\"Sporto sal\u0117s gamykla\"},\"image\":{\"@id\":\"https:\/\/gymfactory.eu\/lt\/#\/schema\/logo\/image\/\"}}]}<\/script>\n<!-- \/ Yoast SEO plugin. -->","yoast_head_json":{"title":"\"J3 Bench\" - geriausias reguliuojamas suolas komercinei ir nam\u0173 sporto salei","description":"Atraskite geriausi\u0105 reguliuojam\u0105 suoliuk\u0105 viso k\u016bno treniruot\u0117ms. Sukurtas taip, kad b\u016bt\u0173 universalus, jis suteikia puiki\u0105 atram\u0105 kiekvienam pratimui.","robots":{"index":"index","follow":"follow","max-snippet":"max-snippet:-1","max-image-preview":"max-image-preview:large","max-video-preview":"max-video-preview:-1"},"canonical":"https:\/\/gymfactory.eu\/lt\/produktas\/j3-reguliuojamas-suolas\/","og_locale":"lt_LT","og_type":"article","og_title":"\"J3 Bench\" - geriausias reguliuojamas suolas komercinei ir nam\u0173 sporto salei","og_description":"Atraskite geriausi\u0105 reguliuojam\u0105 suoliuk\u0105 viso k\u016bno treniruot\u0117ms. Sukurtas taip, kad b\u016bt\u0173 universalus, jis suteikia puiki\u0105 atram\u0105 kiekvienam pratimui.","og_url":"https:\/\/gymfactory.eu\/lt\/produktas\/j3-reguliuojamas-suolas\/","og_site_name":"Gym Factory","article_modified_time":"2025-12-03T11:53:05+00:00","og_image":[{"width":1500,"height":1500,"url":"https:\/\/gymfactory.eu\/wp-content\/uploads\/2025\/02\/best-workout-bench-black-incline-leg-extension-bench-1.webp","type":"image\/webp"}],"twitter_card":"summary_large_image","twitter_misc":{"Est. reading time":"1 minut\u0117"},"schema":{"@context":"https:\/\/schema.org","@graph":[{"@type":"WebPage","@id":"https:\/\/gymfactory.eu\/lt\/produktas\/j3-reguliuojamas-suolas\/","url":"https:\/\/gymfactory.eu\/lt\/produktas\/j3-reguliuojamas-suolas\/","name":"\"J3 Bench\" - geriausias reguliuojamas suolas komercinei ir nam\u0173 sporto salei","isPartOf":{"@id":"https:\/\/gymfactory.eu\/lt\/#website"},"primaryImageOfPage":{"@id":"https:\/\/gymfactory.eu\/lt\/produktas\/j3-reguliuojamas-suolas\/#primaryimage"},"image":{"@id":"https:\/\/gymfactory.eu\/lt\/produktas\/j3-reguliuojamas-suolas\/#primaryimage"},"thumbnailUrl":"https:\/\/gymfactory.eu\/wp-content\/uploads\/2025\/02\/best-workout-bench-black-incline-leg-extension-bench-1.webp","datePublished":"2025-02-11T09:41:06+00:00","dateModified":"2025-12-03T11:53:05+00:00","description":"Atraskite geriausi\u0105 reguliuojam\u0105 suoliuk\u0105 viso k\u016bno treniruot\u0117ms. Sukurtas taip, kad b\u016bt\u0173 universalus, jis suteikia puiki\u0105 atram\u0105 kiekvienam pratimui.","breadcrumb":{"@id":"https:\/\/gymfactory.eu\/lt\/produktas\/j3-reguliuojamas-suolas\/#breadcrumb"},"inLanguage":"lt-LT","potentialAction":[{"@type":"ReadAction","target":["https:\/\/gymfactory.eu\/lt\/produktas\/j3-reguliuojamas-suolas\/"]}]},{"@type":"ImageObject","inLanguage":"lt-LT","@id":"https:\/\/gymfactory.eu\/lt\/produktas\/j3-reguliuojamas-suolas\/#primaryimage","url":"https:\/\/gymfactory.eu\/wp-content\/uploads\/2025\/02\/best-workout-bench-black-incline-leg-extension-bench-1.webp","contentUrl":"https:\/\/gymfactory.eu\/wp-content\/uploads\/2025\/02\/best-workout-bench-black-incline-leg-extension-bench-1.webp","width":1500,"height":1500,"caption":"Juodos spalvos reguliuojamo nuolyd\u017eio suoliukas su koj\u0173 ritin\u0117liais - tai j\u0117gos treniruokli\u0173 \u012franga namuose, skirta tikslingoms apatin\u0117s k\u016bno dalies treniruot\u0117ms, turinti tvirt\u0105 r\u0117m\u0105 ir ergonomi\u0161k\u0105 pamink\u0161tinim\u0105."},{"@type":"BreadcrumbList","@id":"https:\/\/gymfactory.eu\/lt\/produktas\/j3-reguliuojamas-suolas\/#breadcrumb","itemListElement":[{"@type":"ListItem","position":1,"name":"Pagrindinis","item":"https:\/\/gymfactory.eu\/lt\/"},{"@type":"ListItem","position":2,"name":"Katalogas","item":"https:\/\/gymfactory.eu\/lt\/katalogas\/"},{"@type":"ListItem","position":3,"name":"J3 Universalus suoliukas"}]},{"@type":"WebSite","@id":"https:\/\/gymfactory.eu\/lt\/#website","url":"https:\/\/gymfactory.eu\/lt\/","name":"Gym Factory","description":"","publisher":{"@id":"https:\/\/gymfactory.eu\/lt\/#organization"},"potentialAction":[{"@type":"SearchAction","target":{"@type":"EntryPoint","urlTemplate":"https:\/\/gymfactory.eu\/lt\/?s={search_term_string}"},"query-input":{"@type":"PropertyValueSpecification","valueRequired":true,"valueName":"search_term_string"}}],"inLanguage":"lt-LT"},{"@type":"Organization","@id":"https:\/\/gymfactory.eu\/lt\/#organization","name":"Sporto sal\u0117s gamykla","url":"https:\/\/gymfactory.eu\/lt\/","logo":{"@type":"ImageObject","inLanguage":"lt-LT","@id":"https:\/\/gymfactory.eu\/lt\/#\/schema\/logo\/image\/","url":"https:\/\/gymfactory.eu\/wp-content\/uploads\/2024\/11\/Component-1.svg","contentUrl":"https:\/\/gymfactory.eu\/wp-content\/uploads\/2024\/11\/Component-1.svg","width":54,"height":44,"caption":"Sporto sal\u0117s gamykla"},"image":{"@id":"https:\/\/gymfactory.eu\/lt\/#\/schema\/logo\/image\/"}}]}},"_links":{"self":[{"href":"https:\/\/gymfactory.eu\/lt\/wp-json\/wp\/v2\/product\/9916","targetHints":{"allow":["GET"]}}],"collection":[{"href":"https:\/\/gymfactory.eu\/lt\/wp-json\/wp\/v2\/product"}],"about":[{"href":"https:\/\/gymfactory.eu\/lt\/wp-json\/wp\/v2\/types\/product"}],"wp:featuredmedia":[{"embeddable":true,"href":"https:\/\/gymfactory.eu\/lt\/wp-json\/wp\/v2\/media\/8850"}],"wp:attachment":[{"href":"https:\/\/gymfactory.eu\/lt\/wp-json\/wp\/v2\/media?parent=9916"}],"wp:term":[{"taxonomy":"product_brand","embeddable":true,"href":"https:\/\/gymfactory.eu\/lt\/wp-json\/wp\/v2\/product_brand?post=9916"},{"taxonomy":"product_cat","embeddable":true,"href":"https:\/\/gymfactory.eu\/lt\/wp-json\/wp\/v2\/product_cat?post=9916"},{"taxonomy":"product_tag","embeddable":true,"href":"https:\/\/gymfactory.eu\/lt\/wp-json\/wp\/v2\/product_tag?post=9916"}],"curies":[{"name":"wp","href":"https:\/\/api.w.org\/{rel}","templated":true}]}}