{"id":9912,"date":"2025-02-10T15:34:25","date_gmt":"2025-02-10T13:34:25","guid":{"rendered":"https:\/\/gymfactory.eu\/product\/a2x-pasvires-suoliuko-presas\/"},"modified":"2025-12-03T13:25:49","modified_gmt":"2025-12-03T11:25:49","slug":"a2x-pasvires-suoliuko-presas","status":"publish","type":"product","link":"https:\/\/gymfactory.eu\/lt\/produktas\/a2x-pasvires-suoliuko-presas\/","title":{"rendered":"A2X Spaudimo suoliukas kampu"},"content":{"rendered":"<p>A2X spaudimo suoliukas kampu \u2013 tvirta treniruo\u010di\u0173 stotis, skirta kryptingam vir\u0161utin\u0117s kr\u016btin\u0117s raumen\u0173 lavinimui. Patikimas pasirinkimas tiek asmenin\u0117ms treniruo\u010di\u0173 zonoms, tiek didesn\u0117ms sporto sal\u0117ms \u2013 puikiai tinka ir nam\u0173, ir profesionaliai aplinkai.<\/p>\n<p>Suoliukas turi kelias \u0161tangos pad\u0117jimo pozicijas, leid\u017eian\u010dias prisitaikyti prie skirtingo rank\u0173 ilgio. Reguliuojamas tiek atlo\u0161o kampas, tiek s\u0117dyn\u0117s auk\u0161tis \u2013 tai padeda tiksliai prisitaikyti prie norimos kr\u016btin\u0117s treniravimo pozicijos.<\/p>\n<p>Galin\u0117je dalyje integruota platforma saugiam asistavimui, o priekin\u0117 p\u0117d\u0173 atrama u\u017etikrina stabilum\u0105 viso judesio metu.<\/p>\n\n    <div class=\"xs_social_share_widget xs_share_url after_content \t\tmain_content  wslu-style-1 wslu-share-box-shaped wslu-fill-colored wslu-none wslu-share-horizontal wslu-theme-font-no wslu-main_content\">\n\n\t\t\n        <ul>\n\t\t\t        <\/ul>\n    <\/div> \n","protected":false},"excerpt":{"rendered":"<p>A2X spaudimo suoliukas kampu \u2013 tvirta treniruo\u010di\u0173 stotis, skirta kryptingam vir\u0161utin\u0117s kr\u016btin\u0117s raumen\u0173 lavinimui. Patikimas pasirinkimas tiek asmenin\u0117ms treniruo\u010di\u0173 zonoms, tiek didesn\u0117ms sporto sal\u0117ms \u2013 puikiai tinka ir nam\u0173, ir profesionaliai aplinkai. Suoliukas turi kelias \u0161tangos pad\u0117jimo pozicijas, leid\u017eian\u010dias prisitaikyti prie skirtingo rank\u0173 ilgio. Reguliuojamas tiek atlo\u0161o kampas, tiek s\u0117dyn\u0117s auk\u0161tis \u2013 tai padeda tiksliai [&hellip;]<\/p>\n","protected":false},"featured_media":9080,"template":"","meta":{"_acf_changed":false},"product_brand":[817],"product_cat":[437],"product_tag":[],"class_list":{"0":"post-9912","1":"product","2":"type-product","3":"status-publish","4":"has-post-thumbnail","6":"product_brand-gym-factory-lt","7":"product_cat-treniruociu-suolai","9":"first","10":"onbackorder","11":"taxable","12":"shipping-taxable","13":"purchasable","14":"product-type-variable","15":"has-default-attributes"},"acf":[],"yoast_head":"<!-- This site is optimized with the Yoast SEO plugin v25.2 - https:\/\/yoast.com\/wordpress\/plugins\/seo\/ -->\n<title>A2X pasvir\u0119s suoliuko presas - Sporto sal\u0117s \u012franga kr\u016btinei<\/title>\n<meta name=\"description\" content=\"Nuo\u017eulnus suoliukas, puikiai tinkantis sporto salei Nam\u0173 id\u0117jos. Reguliuojamas kampas, kad b\u016bt\u0173 galima \u012fvairiapusi\u0161kai treniruoti kr\u016btin\u0119, pe\u010dius ir rankas. Kompakti\u0161kos konstrukcijos ir i\u0161laiko iki 350 kg svor\u012f.\" \/>\n<meta name=\"robots\" content=\"index, follow, max-snippet:-1, max-image-preview:large, max-video-preview:-1\" \/>\n<link rel=\"canonical\" href=\"https:\/\/gymfactory.eu\/lt\/produktas\/a2x-pasvires-suoliuko-presas\/\" \/>\n<meta property=\"og:locale\" content=\"lt_LT\" \/>\n<meta property=\"og:type\" content=\"article\" \/>\n<meta property=\"og:title\" content=\"A2X pasvir\u0119s suoliuko presas - Sporto sal\u0117s \u012franga kr\u016btinei\" \/>\n<meta property=\"og:description\" content=\"Nuo\u017eulnus suoliukas, puikiai tinkantis sporto salei Nam\u0173 id\u0117jos. Reguliuojamas kampas, kad b\u016bt\u0173 galima \u012fvairiapusi\u0161kai treniruoti kr\u016btin\u0119, pe\u010dius ir rankas. Kompakti\u0161kos konstrukcijos ir i\u0161laiko iki 350 kg svor\u012f.\" \/>\n<meta property=\"og:url\" content=\"https:\/\/gymfactory.eu\/lt\/produktas\/a2x-pasvires-suoliuko-presas\/\" \/>\n<meta property=\"og:site_name\" content=\"Gym Factory\" \/>\n<meta property=\"article:modified_time\" content=\"2025-12-03T11:25:49+00:00\" \/>\n<meta property=\"og:image\" content=\"https:\/\/gymfactory.eu\/wp-content\/uploads\/2025\/02\/incline-bench-press-full-station-1-1.webp\" \/>\n\t<meta property=\"og:image:width\" content=\"1500\" \/>\n\t<meta property=\"og:image:height\" content=\"1500\" \/>\n\t<meta property=\"og:image:type\" content=\"image\/webp\" \/>\n<meta name=\"twitter:card\" content=\"summary_large_image\" \/>\n<meta name=\"twitter:label1\" content=\"Est. reading time\" \/>\n\t<meta name=\"twitter:data1\" content=\"1 minut\u0117\" \/>\n<script type=\"application\/ld+json\" class=\"yoast-schema-graph\">{\"@context\":\"https:\/\/schema.org\",\"@graph\":[{\"@type\":\"WebPage\",\"@id\":\"https:\/\/gymfactory.eu\/lt\/produktas\/a2x-pasvires-suoliuko-presas\/\",\"url\":\"https:\/\/gymfactory.eu\/lt\/produktas\/a2x-pasvires-suoliuko-presas\/\",\"name\":\"A2X pasvir\u0119s suoliuko presas - Sporto sal\u0117s \u012franga kr\u016btinei\",\"isPartOf\":{\"@id\":\"https:\/\/gymfactory.eu\/lt\/#website\"},\"primaryImageOfPage\":{\"@id\":\"https:\/\/gymfactory.eu\/lt\/produktas\/a2x-pasvires-suoliuko-presas\/#primaryimage\"},\"image\":{\"@id\":\"https:\/\/gymfactory.eu\/lt\/produktas\/a2x-pasvires-suoliuko-presas\/#primaryimage\"},\"thumbnailUrl\":\"https:\/\/gymfactory.eu\/wp-content\/uploads\/2025\/02\/incline-bench-press-full-station-1-1.webp\",\"datePublished\":\"2025-02-10T13:34:25+00:00\",\"dateModified\":\"2025-12-03T11:25:49+00:00\",\"description\":\"Nuo\u017eulnus suoliukas, puikiai tinkantis sporto salei Nam\u0173 id\u0117jos. Reguliuojamas kampas, kad b\u016bt\u0173 galima \u012fvairiapusi\u0161kai treniruoti kr\u016btin\u0119, pe\u010dius ir rankas. Kompakti\u0161kos konstrukcijos ir i\u0161laiko iki 350 kg svor\u012f.\",\"breadcrumb\":{\"@id\":\"https:\/\/gymfactory.eu\/lt\/produktas\/a2x-pasvires-suoliuko-presas\/#breadcrumb\"},\"inLanguage\":\"lt-LT\",\"potentialAction\":[{\"@type\":\"ReadAction\",\"target\":[\"https:\/\/gymfactory.eu\/lt\/produktas\/a2x-pasvires-suoliuko-presas\/\"]}]},{\"@type\":\"ImageObject\",\"inLanguage\":\"lt-LT\",\"@id\":\"https:\/\/gymfactory.eu\/lt\/produktas\/a2x-pasvires-suoliuko-presas\/#primaryimage\",\"url\":\"https:\/\/gymfactory.eu\/wp-content\/uploads\/2025\/02\/incline-bench-press-full-station-1-1.webp\",\"contentUrl\":\"https:\/\/gymfactory.eu\/wp-content\/uploads\/2025\/02\/incline-bench-press-full-station-1-1.webp\",\"width\":1500,\"height\":1500,\"caption\":\"Nuolydinio suoliuko su tvirtu plieniniu r\u0117mu, reguliuojama s\u0117dyne ir papildomam atramos elementui skirta p\u0117d\u0173 vieta. \u0160i treniruokli\u0173 sal\u0117s \u012franga kr\u016btinei puikiai tinka vir\u0161utin\u0117s k\u016bno dalies j\u0117gai gerinti ir raumenims auginti.\"},{\"@type\":\"BreadcrumbList\",\"@id\":\"https:\/\/gymfactory.eu\/lt\/produktas\/a2x-pasvires-suoliuko-presas\/#breadcrumb\",\"itemListElement\":[{\"@type\":\"ListItem\",\"position\":1,\"name\":\"Pagrindinis\",\"item\":\"https:\/\/gymfactory.eu\/lt\/\"},{\"@type\":\"ListItem\",\"position\":2,\"name\":\"Katalogas\",\"item\":\"https:\/\/gymfactory.eu\/lt\/katalogas\/\"},{\"@type\":\"ListItem\",\"position\":3,\"name\":\"A2X Spaudimo suoliukas kampu\"}]},{\"@type\":\"WebSite\",\"@id\":\"https:\/\/gymfactory.eu\/lt\/#website\",\"url\":\"https:\/\/gymfactory.eu\/lt\/\",\"name\":\"Gym Factory\",\"description\":\"\",\"publisher\":{\"@id\":\"https:\/\/gymfactory.eu\/lt\/#organization\"},\"potentialAction\":[{\"@type\":\"SearchAction\",\"target\":{\"@type\":\"EntryPoint\",\"urlTemplate\":\"https:\/\/gymfactory.eu\/lt\/?s={search_term_string}\"},\"query-input\":{\"@type\":\"PropertyValueSpecification\",\"valueRequired\":true,\"valueName\":\"search_term_string\"}}],\"inLanguage\":\"lt-LT\"},{\"@type\":\"Organization\",\"@id\":\"https:\/\/gymfactory.eu\/lt\/#organization\",\"name\":\"Sporto sal\u0117s gamykla\",\"url\":\"https:\/\/gymfactory.eu\/lt\/\",\"logo\":{\"@type\":\"ImageObject\",\"inLanguage\":\"lt-LT\",\"@id\":\"https:\/\/gymfactory.eu\/lt\/#\/schema\/logo\/image\/\",\"url\":\"https:\/\/gymfactory.eu\/wp-content\/uploads\/2024\/11\/Component-1.svg\",\"contentUrl\":\"https:\/\/gymfactory.eu\/wp-content\/uploads\/2024\/11\/Component-1.svg\",\"width\":54,\"height\":44,\"caption\":\"Sporto sal\u0117s gamykla\"},\"image\":{\"@id\":\"https:\/\/gymfactory.eu\/lt\/#\/schema\/logo\/image\/\"}}]}<\/script>\n<!-- \/ Yoast SEO plugin. -->","yoast_head_json":{"title":"A2X pasvir\u0119s suoliuko presas - Sporto sal\u0117s \u012franga kr\u016btinei","description":"Nuo\u017eulnus suoliukas, puikiai tinkantis sporto salei Nam\u0173 id\u0117jos. Reguliuojamas kampas, kad b\u016bt\u0173 galima \u012fvairiapusi\u0161kai treniruoti kr\u016btin\u0119, pe\u010dius ir rankas. Kompakti\u0161kos konstrukcijos ir i\u0161laiko iki 350 kg svor\u012f.","robots":{"index":"index","follow":"follow","max-snippet":"max-snippet:-1","max-image-preview":"max-image-preview:large","max-video-preview":"max-video-preview:-1"},"canonical":"https:\/\/gymfactory.eu\/lt\/produktas\/a2x-pasvires-suoliuko-presas\/","og_locale":"lt_LT","og_type":"article","og_title":"A2X pasvir\u0119s suoliuko presas - Sporto sal\u0117s \u012franga kr\u016btinei","og_description":"Nuo\u017eulnus suoliukas, puikiai tinkantis sporto salei Nam\u0173 id\u0117jos. Reguliuojamas kampas, kad b\u016bt\u0173 galima \u012fvairiapusi\u0161kai treniruoti kr\u016btin\u0119, pe\u010dius ir rankas. Kompakti\u0161kos konstrukcijos ir i\u0161laiko iki 350 kg svor\u012f.","og_url":"https:\/\/gymfactory.eu\/lt\/produktas\/a2x-pasvires-suoliuko-presas\/","og_site_name":"Gym Factory","article_modified_time":"2025-12-03T11:25:49+00:00","og_image":[{"width":1500,"height":1500,"url":"https:\/\/gymfactory.eu\/wp-content\/uploads\/2025\/02\/incline-bench-press-full-station-1-1.webp","type":"image\/webp"}],"twitter_card":"summary_large_image","twitter_misc":{"Est. reading time":"1 minut\u0117"},"schema":{"@context":"https:\/\/schema.org","@graph":[{"@type":"WebPage","@id":"https:\/\/gymfactory.eu\/lt\/produktas\/a2x-pasvires-suoliuko-presas\/","url":"https:\/\/gymfactory.eu\/lt\/produktas\/a2x-pasvires-suoliuko-presas\/","name":"A2X pasvir\u0119s suoliuko presas - Sporto sal\u0117s \u012franga kr\u016btinei","isPartOf":{"@id":"https:\/\/gymfactory.eu\/lt\/#website"},"primaryImageOfPage":{"@id":"https:\/\/gymfactory.eu\/lt\/produktas\/a2x-pasvires-suoliuko-presas\/#primaryimage"},"image":{"@id":"https:\/\/gymfactory.eu\/lt\/produktas\/a2x-pasvires-suoliuko-presas\/#primaryimage"},"thumbnailUrl":"https:\/\/gymfactory.eu\/wp-content\/uploads\/2025\/02\/incline-bench-press-full-station-1-1.webp","datePublished":"2025-02-10T13:34:25+00:00","dateModified":"2025-12-03T11:25:49+00:00","description":"Nuo\u017eulnus suoliukas, puikiai tinkantis sporto salei Nam\u0173 id\u0117jos. Reguliuojamas kampas, kad b\u016bt\u0173 galima \u012fvairiapusi\u0161kai treniruoti kr\u016btin\u0119, pe\u010dius ir rankas. Kompakti\u0161kos konstrukcijos ir i\u0161laiko iki 350 kg svor\u012f.","breadcrumb":{"@id":"https:\/\/gymfactory.eu\/lt\/produktas\/a2x-pasvires-suoliuko-presas\/#breadcrumb"},"inLanguage":"lt-LT","potentialAction":[{"@type":"ReadAction","target":["https:\/\/gymfactory.eu\/lt\/produktas\/a2x-pasvires-suoliuko-presas\/"]}]},{"@type":"ImageObject","inLanguage":"lt-LT","@id":"https:\/\/gymfactory.eu\/lt\/produktas\/a2x-pasvires-suoliuko-presas\/#primaryimage","url":"https:\/\/gymfactory.eu\/wp-content\/uploads\/2025\/02\/incline-bench-press-full-station-1-1.webp","contentUrl":"https:\/\/gymfactory.eu\/wp-content\/uploads\/2025\/02\/incline-bench-press-full-station-1-1.webp","width":1500,"height":1500,"caption":"Nuolydinio suoliuko su tvirtu plieniniu r\u0117mu, reguliuojama s\u0117dyne ir papildomam atramos elementui skirta p\u0117d\u0173 vieta. \u0160i treniruokli\u0173 sal\u0117s \u012franga kr\u016btinei puikiai tinka vir\u0161utin\u0117s k\u016bno dalies j\u0117gai gerinti ir raumenims auginti."},{"@type":"BreadcrumbList","@id":"https:\/\/gymfactory.eu\/lt\/produktas\/a2x-pasvires-suoliuko-presas\/#breadcrumb","itemListElement":[{"@type":"ListItem","position":1,"name":"Pagrindinis","item":"https:\/\/gymfactory.eu\/lt\/"},{"@type":"ListItem","position":2,"name":"Katalogas","item":"https:\/\/gymfactory.eu\/lt\/katalogas\/"},{"@type":"ListItem","position":3,"name":"A2X Spaudimo suoliukas kampu"}]},{"@type":"WebSite","@id":"https:\/\/gymfactory.eu\/lt\/#website","url":"https:\/\/gymfactory.eu\/lt\/","name":"Gym Factory","description":"","publisher":{"@id":"https:\/\/gymfactory.eu\/lt\/#organization"},"potentialAction":[{"@type":"SearchAction","target":{"@type":"EntryPoint","urlTemplate":"https:\/\/gymfactory.eu\/lt\/?s={search_term_string}"},"query-input":{"@type":"PropertyValueSpecification","valueRequired":true,"valueName":"search_term_string"}}],"inLanguage":"lt-LT"},{"@type":"Organization","@id":"https:\/\/gymfactory.eu\/lt\/#organization","name":"Sporto sal\u0117s gamykla","url":"https:\/\/gymfactory.eu\/lt\/","logo":{"@type":"ImageObject","inLanguage":"lt-LT","@id":"https:\/\/gymfactory.eu\/lt\/#\/schema\/logo\/image\/","url":"https:\/\/gymfactory.eu\/wp-content\/uploads\/2024\/11\/Component-1.svg","contentUrl":"https:\/\/gymfactory.eu\/wp-content\/uploads\/2024\/11\/Component-1.svg","width":54,"height":44,"caption":"Sporto sal\u0117s gamykla"},"image":{"@id":"https:\/\/gymfactory.eu\/lt\/#\/schema\/logo\/image\/"}}]}},"_links":{"self":[{"href":"https:\/\/gymfactory.eu\/lt\/wp-json\/wp\/v2\/product\/9912","targetHints":{"allow":["GET"]}}],"collection":[{"href":"https:\/\/gymfactory.eu\/lt\/wp-json\/wp\/v2\/product"}],"about":[{"href":"https:\/\/gymfactory.eu\/lt\/wp-json\/wp\/v2\/types\/product"}],"wp:featuredmedia":[{"embeddable":true,"href":"https:\/\/gymfactory.eu\/lt\/wp-json\/wp\/v2\/media\/9080"}],"wp:attachment":[{"href":"https:\/\/gymfactory.eu\/lt\/wp-json\/wp\/v2\/media?parent=9912"}],"wp:term":[{"taxonomy":"product_brand","embeddable":true,"href":"https:\/\/gymfactory.eu\/lt\/wp-json\/wp\/v2\/product_brand?post=9912"},{"taxonomy":"product_cat","embeddable":true,"href":"https:\/\/gymfactory.eu\/lt\/wp-json\/wp\/v2\/product_cat?post=9912"},{"taxonomy":"product_tag","embeddable":true,"href":"https:\/\/gymfactory.eu\/lt\/wp-json\/wp\/v2\/product_tag?post=9912"}],"curies":[{"name":"wp","href":"https:\/\/api.w.org\/{rel}","templated":true}]}}