{"id":9911,"date":"2025-02-12T15:00:01","date_gmt":"2025-02-12T13:00:01","guid":{"rendered":"https:\/\/gymfactory.eu\/product\/hgfl205-guolis\/"},"modified":"2025-09-09T15:09:51","modified_gmt":"2025-09-09T12:09:51","slug":"hgfl205-guolis","status":"publish","type":"product","link":"https:\/\/gymfactory.eu\/lt\/produktas\/hgfl205-guolis\/","title":{"rendered":"HGFL205 Korpusinis guolis"},"content":{"rendered":"<p>HGFL205 korpusinis guolis su rombo formos tvirtinimo korpusu, skirtas 25 mm velenams. Kompakti\u0161kas dizainas u\u017etikrina patikim\u0105 montavim\u0105 ir stabil\u0173 sukimosi atr\u0117mim\u0105. Da\u017eniausiai naudojamas sporto \u012frangoje, suteikia patikim\u0105 ir ilgalaik\u0119 judan\u010di\u0173 dali\u0173 atram\u0105.<\/p>\n\n    <div class=\"xs_social_share_widget xs_share_url after_content \t\tmain_content  wslu-style-1 wslu-share-box-shaped wslu-fill-colored wslu-none wslu-share-horizontal wslu-theme-font-no wslu-main_content\">\n\n\t\t\n        <ul>\n\t\t\t        <\/ul>\n    <\/div> \n","protected":false},"excerpt":{"rendered":"<p>HGFL205 korpusinis guolis su rombo formos tvirtinimo korpusu, skirtas 25 mm velenams. Kompakti\u0161kas dizainas u\u017etikrina patikim\u0105 montavim\u0105 ir stabil\u0173 sukimosi atr\u0117mim\u0105. Da\u017eniausiai naudojamas sporto \u012frangoje, suteikia patikim\u0105 ir ilgalaik\u0119 judan\u010di\u0173 dali\u0173 atram\u0105.<\/p>\n","protected":false},"featured_media":9196,"template":"","meta":{"_acf_changed":false},"product_brand":[],"product_cat":[392],"product_tag":[],"class_list":{"0":"post-9911","1":"product","2":"type-product","3":"status-publish","4":"has-post-thumbnail","6":"product_cat-atsargines-dalys","8":"first","9":"onbackorder","10":"taxable","11":"shipping-taxable","12":"purchasable","13":"product-type-simple"},"acf":[],"yoast_head":"<!-- This site is optimized with the Yoast SEO plugin v25.2 - https:\/\/yoast.com\/wordpress\/plugins\/seo\/ -->\n<title>HGFL205 guolis - b\u016btina sporto sal\u0117s atsargin\u0117 dalis stabilumui u\u017etikrinti<\/title>\n<meta name=\"description\" content=\"HGFL205 guoliai sustiprina treniruokli\u0173 dali\u0173 tikslum\u0105, u\u017etikrina skland\u0173 jud\u0117jim\u0105, ma\u017eesn\u012f nusid\u0117v\u0117jim\u0105 ir ilgalaik\u012f patvarum\u0105.\" \/>\n<meta name=\"robots\" content=\"index, follow, max-snippet:-1, max-image-preview:large, max-video-preview:-1\" \/>\n<link rel=\"canonical\" href=\"https:\/\/gymfactory.eu\/lt\/produktas\/hgfl205-guolis\/\" \/>\n<meta property=\"og:locale\" content=\"lt_LT\" \/>\n<meta property=\"og:type\" content=\"article\" \/>\n<meta property=\"og:title\" content=\"HGFL205 guolis - b\u016btina sporto sal\u0117s atsargin\u0117 dalis stabilumui u\u017etikrinti\" \/>\n<meta property=\"og:description\" content=\"HGFL205 guoliai sustiprina treniruokli\u0173 dali\u0173 tikslum\u0105, u\u017etikrina skland\u0173 jud\u0117jim\u0105, ma\u017eesn\u012f nusid\u0117v\u0117jim\u0105 ir ilgalaik\u012f patvarum\u0105.\" \/>\n<meta property=\"og:url\" content=\"https:\/\/gymfactory.eu\/lt\/produktas\/hgfl205-guolis\/\" \/>\n<meta property=\"og:site_name\" content=\"Gym Factory\" \/>\n<meta property=\"article:modified_time\" content=\"2025-09-09T12:09:51+00:00\" \/>\n<meta property=\"og:image\" content=\"https:\/\/gymfactory.eu\/wp-content\/uploads\/2025\/02\/HGFL205.webp\" \/>\n\t<meta property=\"og:image:width\" content=\"1024\" \/>\n\t<meta property=\"og:image:height\" content=\"1024\" \/>\n\t<meta property=\"og:image:type\" content=\"image\/webp\" \/>\n<meta name=\"twitter:card\" content=\"summary_large_image\" \/>\n<meta name=\"twitter:label1\" content=\"Est. reading time\" \/>\n\t<meta name=\"twitter:data1\" content=\"1 minut\u0117\" \/>\n<script type=\"application\/ld+json\" class=\"yoast-schema-graph\">{\"@context\":\"https:\/\/schema.org\",\"@graph\":[{\"@type\":\"WebPage\",\"@id\":\"https:\/\/gymfactory.eu\/lt\/produktas\/hgfl205-guolis\/\",\"url\":\"https:\/\/gymfactory.eu\/lt\/produktas\/hgfl205-guolis\/\",\"name\":\"HGFL205 guolis - b\u016btina sporto sal\u0117s atsargin\u0117 dalis stabilumui u\u017etikrinti\",\"isPartOf\":{\"@id\":\"https:\/\/gymfactory.eu\/lt\/#website\"},\"primaryImageOfPage\":{\"@id\":\"https:\/\/gymfactory.eu\/lt\/produktas\/hgfl205-guolis\/#primaryimage\"},\"image\":{\"@id\":\"https:\/\/gymfactory.eu\/lt\/produktas\/hgfl205-guolis\/#primaryimage\"},\"thumbnailUrl\":\"https:\/\/gymfactory.eu\/wp-content\/uploads\/2025\/02\/HGFL205.webp\",\"datePublished\":\"2025-02-12T13:00:01+00:00\",\"dateModified\":\"2025-09-09T12:09:51+00:00\",\"description\":\"HGFL205 guoliai sustiprina treniruokli\u0173 dali\u0173 tikslum\u0105, u\u017etikrina skland\u0173 jud\u0117jim\u0105, ma\u017eesn\u012f nusid\u0117v\u0117jim\u0105 ir ilgalaik\u012f patvarum\u0105.\",\"breadcrumb\":{\"@id\":\"https:\/\/gymfactory.eu\/lt\/produktas\/hgfl205-guolis\/#breadcrumb\"},\"inLanguage\":\"lt-LT\",\"potentialAction\":[{\"@type\":\"ReadAction\",\"target\":[\"https:\/\/gymfactory.eu\/lt\/produktas\/hgfl205-guolis\/\"]}]},{\"@type\":\"ImageObject\",\"inLanguage\":\"lt-LT\",\"@id\":\"https:\/\/gymfactory.eu\/lt\/produktas\/hgfl205-guolis\/#primaryimage\",\"url\":\"https:\/\/gymfactory.eu\/wp-content\/uploads\/2025\/02\/HGFL205.webp\",\"contentUrl\":\"https:\/\/gymfactory.eu\/wp-content\/uploads\/2025\/02\/HGFL205.webp\",\"width\":1024,\"height\":1024},{\"@type\":\"BreadcrumbList\",\"@id\":\"https:\/\/gymfactory.eu\/lt\/produktas\/hgfl205-guolis\/#breadcrumb\",\"itemListElement\":[{\"@type\":\"ListItem\",\"position\":1,\"name\":\"Pagrindinis\",\"item\":\"https:\/\/gymfactory.eu\/lt\/\"},{\"@type\":\"ListItem\",\"position\":2,\"name\":\"Katalogas\",\"item\":\"https:\/\/gymfactory.eu\/lt\/katalogas\/\"},{\"@type\":\"ListItem\",\"position\":3,\"name\":\"HGFL205 Korpusinis guolis\"}]},{\"@type\":\"WebSite\",\"@id\":\"https:\/\/gymfactory.eu\/lt\/#website\",\"url\":\"https:\/\/gymfactory.eu\/lt\/\",\"name\":\"Gym Factory\",\"description\":\"\",\"publisher\":{\"@id\":\"https:\/\/gymfactory.eu\/lt\/#organization\"},\"potentialAction\":[{\"@type\":\"SearchAction\",\"target\":{\"@type\":\"EntryPoint\",\"urlTemplate\":\"https:\/\/gymfactory.eu\/lt\/?s={search_term_string}\"},\"query-input\":{\"@type\":\"PropertyValueSpecification\",\"valueRequired\":true,\"valueName\":\"search_term_string\"}}],\"inLanguage\":\"lt-LT\"},{\"@type\":\"Organization\",\"@id\":\"https:\/\/gymfactory.eu\/lt\/#organization\",\"name\":\"Sporto sal\u0117s gamykla\",\"url\":\"https:\/\/gymfactory.eu\/lt\/\",\"logo\":{\"@type\":\"ImageObject\",\"inLanguage\":\"lt-LT\",\"@id\":\"https:\/\/gymfactory.eu\/lt\/#\/schema\/logo\/image\/\",\"url\":\"https:\/\/gymfactory.eu\/wp-content\/uploads\/2024\/11\/Component-1.svg\",\"contentUrl\":\"https:\/\/gymfactory.eu\/wp-content\/uploads\/2024\/11\/Component-1.svg\",\"width\":54,\"height\":44,\"caption\":\"Sporto sal\u0117s gamykla\"},\"image\":{\"@id\":\"https:\/\/gymfactory.eu\/lt\/#\/schema\/logo\/image\/\"}}]}<\/script>\n<!-- \/ Yoast SEO plugin. -->","yoast_head_json":{"title":"HGFL205 guolis - b\u016btina sporto sal\u0117s atsargin\u0117 dalis stabilumui u\u017etikrinti","description":"HGFL205 guoliai sustiprina treniruokli\u0173 dali\u0173 tikslum\u0105, u\u017etikrina skland\u0173 jud\u0117jim\u0105, ma\u017eesn\u012f nusid\u0117v\u0117jim\u0105 ir ilgalaik\u012f patvarum\u0105.","robots":{"index":"index","follow":"follow","max-snippet":"max-snippet:-1","max-image-preview":"max-image-preview:large","max-video-preview":"max-video-preview:-1"},"canonical":"https:\/\/gymfactory.eu\/lt\/produktas\/hgfl205-guolis\/","og_locale":"lt_LT","og_type":"article","og_title":"HGFL205 guolis - b\u016btina sporto sal\u0117s atsargin\u0117 dalis stabilumui u\u017etikrinti","og_description":"HGFL205 guoliai sustiprina treniruokli\u0173 dali\u0173 tikslum\u0105, u\u017etikrina skland\u0173 jud\u0117jim\u0105, ma\u017eesn\u012f nusid\u0117v\u0117jim\u0105 ir ilgalaik\u012f patvarum\u0105.","og_url":"https:\/\/gymfactory.eu\/lt\/produktas\/hgfl205-guolis\/","og_site_name":"Gym Factory","article_modified_time":"2025-09-09T12:09:51+00:00","og_image":[{"width":1024,"height":1024,"url":"https:\/\/gymfactory.eu\/wp-content\/uploads\/2025\/02\/HGFL205.webp","type":"image\/webp"}],"twitter_card":"summary_large_image","twitter_misc":{"Est. reading time":"1 minut\u0117"},"schema":{"@context":"https:\/\/schema.org","@graph":[{"@type":"WebPage","@id":"https:\/\/gymfactory.eu\/lt\/produktas\/hgfl205-guolis\/","url":"https:\/\/gymfactory.eu\/lt\/produktas\/hgfl205-guolis\/","name":"HGFL205 guolis - b\u016btina sporto sal\u0117s atsargin\u0117 dalis stabilumui u\u017etikrinti","isPartOf":{"@id":"https:\/\/gymfactory.eu\/lt\/#website"},"primaryImageOfPage":{"@id":"https:\/\/gymfactory.eu\/lt\/produktas\/hgfl205-guolis\/#primaryimage"},"image":{"@id":"https:\/\/gymfactory.eu\/lt\/produktas\/hgfl205-guolis\/#primaryimage"},"thumbnailUrl":"https:\/\/gymfactory.eu\/wp-content\/uploads\/2025\/02\/HGFL205.webp","datePublished":"2025-02-12T13:00:01+00:00","dateModified":"2025-09-09T12:09:51+00:00","description":"HGFL205 guoliai sustiprina treniruokli\u0173 dali\u0173 tikslum\u0105, u\u017etikrina skland\u0173 jud\u0117jim\u0105, ma\u017eesn\u012f nusid\u0117v\u0117jim\u0105 ir ilgalaik\u012f patvarum\u0105.","breadcrumb":{"@id":"https:\/\/gymfactory.eu\/lt\/produktas\/hgfl205-guolis\/#breadcrumb"},"inLanguage":"lt-LT","potentialAction":[{"@type":"ReadAction","target":["https:\/\/gymfactory.eu\/lt\/produktas\/hgfl205-guolis\/"]}]},{"@type":"ImageObject","inLanguage":"lt-LT","@id":"https:\/\/gymfactory.eu\/lt\/produktas\/hgfl205-guolis\/#primaryimage","url":"https:\/\/gymfactory.eu\/wp-content\/uploads\/2025\/02\/HGFL205.webp","contentUrl":"https:\/\/gymfactory.eu\/wp-content\/uploads\/2025\/02\/HGFL205.webp","width":1024,"height":1024},{"@type":"BreadcrumbList","@id":"https:\/\/gymfactory.eu\/lt\/produktas\/hgfl205-guolis\/#breadcrumb","itemListElement":[{"@type":"ListItem","position":1,"name":"Pagrindinis","item":"https:\/\/gymfactory.eu\/lt\/"},{"@type":"ListItem","position":2,"name":"Katalogas","item":"https:\/\/gymfactory.eu\/lt\/katalogas\/"},{"@type":"ListItem","position":3,"name":"HGFL205 Korpusinis guolis"}]},{"@type":"WebSite","@id":"https:\/\/gymfactory.eu\/lt\/#website","url":"https:\/\/gymfactory.eu\/lt\/","name":"Gym Factory","description":"","publisher":{"@id":"https:\/\/gymfactory.eu\/lt\/#organization"},"potentialAction":[{"@type":"SearchAction","target":{"@type":"EntryPoint","urlTemplate":"https:\/\/gymfactory.eu\/lt\/?s={search_term_string}"},"query-input":{"@type":"PropertyValueSpecification","valueRequired":true,"valueName":"search_term_string"}}],"inLanguage":"lt-LT"},{"@type":"Organization","@id":"https:\/\/gymfactory.eu\/lt\/#organization","name":"Sporto sal\u0117s gamykla","url":"https:\/\/gymfactory.eu\/lt\/","logo":{"@type":"ImageObject","inLanguage":"lt-LT","@id":"https:\/\/gymfactory.eu\/lt\/#\/schema\/logo\/image\/","url":"https:\/\/gymfactory.eu\/wp-content\/uploads\/2024\/11\/Component-1.svg","contentUrl":"https:\/\/gymfactory.eu\/wp-content\/uploads\/2024\/11\/Component-1.svg","width":54,"height":44,"caption":"Sporto sal\u0117s gamykla"},"image":{"@id":"https:\/\/gymfactory.eu\/lt\/#\/schema\/logo\/image\/"}}]}},"_links":{"self":[{"href":"https:\/\/gymfactory.eu\/lt\/wp-json\/wp\/v2\/product\/9911","targetHints":{"allow":["GET"]}}],"collection":[{"href":"https:\/\/gymfactory.eu\/lt\/wp-json\/wp\/v2\/product"}],"about":[{"href":"https:\/\/gymfactory.eu\/lt\/wp-json\/wp\/v2\/types\/product"}],"wp:featuredmedia":[{"embeddable":true,"href":"https:\/\/gymfactory.eu\/lt\/wp-json\/wp\/v2\/media\/9196"}],"wp:attachment":[{"href":"https:\/\/gymfactory.eu\/lt\/wp-json\/wp\/v2\/media?parent=9911"}],"wp:term":[{"taxonomy":"product_brand","embeddable":true,"href":"https:\/\/gymfactory.eu\/lt\/wp-json\/wp\/v2\/product_brand?post=9911"},{"taxonomy":"product_cat","embeddable":true,"href":"https:\/\/gymfactory.eu\/lt\/wp-json\/wp\/v2\/product_cat?post=9911"},{"taxonomy":"product_tag","embeddable":true,"href":"https:\/\/gymfactory.eu\/lt\/wp-json\/wp\/v2\/product_tag?post=9911"}],"curies":[{"name":"wp","href":"https:\/\/api.w.org\/{rel}","templated":true}]}}