{"id":9910,"date":"2025-02-19T14:35:40","date_gmt":"2025-02-19T12:35:40","guid":{"rendered":"https:\/\/gymfactory.eu\/product\/w2x-rankenos-tvirtinimas\/"},"modified":"2025-09-09T13:18:20","modified_gmt":"2025-09-09T10:18:20","slug":"w2x-rankenos-tvirtinimas","status":"publish","type":"product","link":"https:\/\/gymfactory.eu\/lt\/produktas\/w2x-rankenos-tvirtinimas\/","title":{"rendered":"W2X Rankena"},"content":{"rendered":"<p>W2X rankena \u2013 j\u0117gos treniruo\u010di\u0173 \u012franga, skirta klasikiniams traukos pratimams pla\u010diu sukibimu, ypa\u010d traukai i\u0161 vir\u0161aus (&#8222;lat pulldown&#8221;) su trosin\u0117mis sistemomis. Ner\u016bdijan\u010dio plieno rankenos su rifliuotu padengimu u\u017etikrina stabil\u0173, neslystant\u012f sukibim\u0105 treniruo\u010di\u0173 metu.<\/p>\n<p>Idealiai tinka vir\u0161utin\u0117s nugaros ir pla\u010diojo nugaros raumens aktyvavimui. W2X rankena lengvai pritaikoma \u012fvairiuose treniruo\u010di\u0173 sprendimuose tiek nam\u0173 s\u0105lygomis, tiek profesionaliose sporto sal\u0117se.<\/p>\n\n    <div class=\"xs_social_share_widget xs_share_url after_content \t\tmain_content  wslu-style-1 wslu-share-box-shaped wslu-fill-colored wslu-none wslu-share-horizontal wslu-theme-font-no wslu-main_content\">\n\n\t\t\n        <ul>\n\t\t\t        <\/ul>\n    <\/div> \n","protected":false},"excerpt":{"rendered":"<p>W2X rankena \u2013 j\u0117gos treniruo\u010di\u0173 \u012franga, skirta klasikiniams traukos pratimams pla\u010diu sukibimu, ypa\u010d traukai i\u0161 vir\u0161aus (&#8222;lat pulldown&#8221;) su trosin\u0117mis sistemomis. Ner\u016bdijan\u010dio plieno rankenos su rifliuotu padengimu u\u017etikrina stabil\u0173, neslystant\u012f sukibim\u0105 treniruo\u010di\u0173 metu. Idealiai tinka vir\u0161utin\u0117s nugaros ir pla\u010diojo nugaros raumens aktyvavimui. W2X rankena lengvai pritaikoma \u012fvairiuose treniruo\u010di\u0173 sprendimuose tiek nam\u0173 s\u0105lygomis, tiek profesionaliose sporto [&hellip;]<\/p>\n","protected":false},"featured_media":8988,"template":"","meta":{"_acf_changed":false},"product_brand":[56],"product_cat":[418],"product_tag":[415],"class_list":{"0":"post-9910","1":"product","2":"type-product","3":"status-publish","4":"has-post-thumbnail","6":"product_brand-gym-factory","7":"product_cat-treniruokliu-priedai","8":"product_tag-spalva-tik-metaline","10":"first","11":"onbackorder","12":"taxable","13":"shipping-taxable","14":"purchasable","15":"product-type-simple"},"acf":[],"yoast_head":"<!-- This site is optimized with the Yoast SEO plugin v25.2 - https:\/\/yoast.com\/wordpress\/plugins\/seo\/ -->\n<title>W2x rankenos priedas - universali \u012franga treniruot\u0117ms su svoriais<\/title>\n<meta name=\"description\" content=\"\u0160i \u012franga, pagaminta i\u0161 auk\u0161tos kokyb\u0117s plieno konstrukcijos, padeda atlikti \u012fvairius j\u0117gos treniruo\u010di\u0173 pratimus, padeda stiprinti raumenis ir gerinti i\u0161tverm\u0119.\" \/>\n<meta name=\"robots\" content=\"index, follow, max-snippet:-1, max-image-preview:large, max-video-preview:-1\" \/>\n<link rel=\"canonical\" href=\"https:\/\/gymfactory.eu\/lt\/produktas\/w2x-rankenos-tvirtinimas\/\" \/>\n<meta property=\"og:locale\" content=\"lt_LT\" \/>\n<meta property=\"og:type\" content=\"article\" \/>\n<meta property=\"og:title\" content=\"W2x rankenos priedas - universali \u012franga treniruot\u0117ms su svoriais\" \/>\n<meta property=\"og:description\" content=\"\u0160i \u012franga, pagaminta i\u0161 auk\u0161tos kokyb\u0117s plieno konstrukcijos, padeda atlikti \u012fvairius j\u0117gos treniruo\u010di\u0173 pratimus, padeda stiprinti raumenis ir gerinti i\u0161tverm\u0119.\" \/>\n<meta property=\"og:url\" content=\"https:\/\/gymfactory.eu\/lt\/produktas\/w2x-rankenos-tvirtinimas\/\" \/>\n<meta property=\"og:site_name\" content=\"Gym Factory\" \/>\n<meta property=\"article:modified_time\" content=\"2025-09-09T10:18:20+00:00\" \/>\n<meta property=\"og:image\" content=\"https:\/\/gymfactory.eu\/wp-content\/uploads\/2025\/02\/high-quality-steel-structure-lat-bar-1.webp\" \/>\n\t<meta property=\"og:image:width\" content=\"1500\" \/>\n\t<meta property=\"og:image:height\" content=\"1500\" \/>\n\t<meta property=\"og:image:type\" content=\"image\/webp\" \/>\n<meta name=\"twitter:card\" content=\"summary_large_image\" \/>\n<meta name=\"twitter:label1\" content=\"Est. reading time\" \/>\n\t<meta name=\"twitter:data1\" content=\"1 minut\u0117\" \/>\n<script type=\"application\/ld+json\" class=\"yoast-schema-graph\">{\"@context\":\"https:\/\/schema.org\",\"@graph\":[{\"@type\":\"WebPage\",\"@id\":\"https:\/\/gymfactory.eu\/lt\/produktas\/w2x-rankenos-tvirtinimas\/\",\"url\":\"https:\/\/gymfactory.eu\/lt\/produktas\/w2x-rankenos-tvirtinimas\/\",\"name\":\"W2x rankenos priedas - universali \u012franga treniruot\u0117ms su svoriais\",\"isPartOf\":{\"@id\":\"https:\/\/gymfactory.eu\/lt\/#website\"},\"primaryImageOfPage\":{\"@id\":\"https:\/\/gymfactory.eu\/lt\/produktas\/w2x-rankenos-tvirtinimas\/#primaryimage\"},\"image\":{\"@id\":\"https:\/\/gymfactory.eu\/lt\/produktas\/w2x-rankenos-tvirtinimas\/#primaryimage\"},\"thumbnailUrl\":\"https:\/\/gymfactory.eu\/wp-content\/uploads\/2025\/02\/high-quality-steel-structure-lat-bar-1.webp\",\"datePublished\":\"2025-02-19T12:35:40+00:00\",\"dateModified\":\"2025-09-09T10:18:20+00:00\",\"description\":\"\u0160i \u012franga, pagaminta i\u0161 auk\u0161tos kokyb\u0117s plieno konstrukcijos, padeda atlikti \u012fvairius j\u0117gos treniruo\u010di\u0173 pratimus, padeda stiprinti raumenis ir gerinti i\u0161tverm\u0119.\",\"breadcrumb\":{\"@id\":\"https:\/\/gymfactory.eu\/lt\/produktas\/w2x-rankenos-tvirtinimas\/#breadcrumb\"},\"inLanguage\":\"lt-LT\",\"potentialAction\":[{\"@type\":\"ReadAction\",\"target\":[\"https:\/\/gymfactory.eu\/lt\/produktas\/w2x-rankenos-tvirtinimas\/\"]}]},{\"@type\":\"ImageObject\",\"inLanguage\":\"lt-LT\",\"@id\":\"https:\/\/gymfactory.eu\/lt\/produktas\/w2x-rankenos-tvirtinimas\/#primaryimage\",\"url\":\"https:\/\/gymfactory.eu\/wp-content\/uploads\/2025\/02\/high-quality-steel-structure-lat-bar-1.webp\",\"contentUrl\":\"https:\/\/gymfactory.eu\/wp-content\/uploads\/2025\/02\/high-quality-steel-structure-lat-bar-1.webp\",\"width\":1500,\"height\":1500,\"caption\":\"Juodas treniruokli\u0173 su svoriais treniruoklis su kampuotais galais ir sidabrin\u0117mis rankenomis. \u0160is strypas, skirtas kabeli\u0173 treniruokliams, turi centrin\u012f tvirtinimo ta\u0161k\u0105, u\u017etikrinant\u012f subalansuot\u0105 pasiprie\u0161inim\u0105, ir ergonomi\u0161k\u0105 dizain\u0105, kad atliekant j\u0117gos pratimus b\u016bt\u0173 treniruojama nugara, pe\u010diai ir rankos.\"},{\"@type\":\"BreadcrumbList\",\"@id\":\"https:\/\/gymfactory.eu\/lt\/produktas\/w2x-rankenos-tvirtinimas\/#breadcrumb\",\"itemListElement\":[{\"@type\":\"ListItem\",\"position\":1,\"name\":\"Pagrindinis\",\"item\":\"https:\/\/gymfactory.eu\/lt\/\"},{\"@type\":\"ListItem\",\"position\":2,\"name\":\"Katalogas\",\"item\":\"https:\/\/gymfactory.eu\/lt\/katalogas\/\"},{\"@type\":\"ListItem\",\"position\":3,\"name\":\"W2X Rankena\"}]},{\"@type\":\"WebSite\",\"@id\":\"https:\/\/gymfactory.eu\/lt\/#website\",\"url\":\"https:\/\/gymfactory.eu\/lt\/\",\"name\":\"Gym Factory\",\"description\":\"\",\"publisher\":{\"@id\":\"https:\/\/gymfactory.eu\/lt\/#organization\"},\"potentialAction\":[{\"@type\":\"SearchAction\",\"target\":{\"@type\":\"EntryPoint\",\"urlTemplate\":\"https:\/\/gymfactory.eu\/lt\/?s={search_term_string}\"},\"query-input\":{\"@type\":\"PropertyValueSpecification\",\"valueRequired\":true,\"valueName\":\"search_term_string\"}}],\"inLanguage\":\"lt-LT\"},{\"@type\":\"Organization\",\"@id\":\"https:\/\/gymfactory.eu\/lt\/#organization\",\"name\":\"Sporto sal\u0117s gamykla\",\"url\":\"https:\/\/gymfactory.eu\/lt\/\",\"logo\":{\"@type\":\"ImageObject\",\"inLanguage\":\"lt-LT\",\"@id\":\"https:\/\/gymfactory.eu\/lt\/#\/schema\/logo\/image\/\",\"url\":\"https:\/\/gymfactory.eu\/wp-content\/uploads\/2024\/11\/Component-1.svg\",\"contentUrl\":\"https:\/\/gymfactory.eu\/wp-content\/uploads\/2024\/11\/Component-1.svg\",\"width\":54,\"height\":44,\"caption\":\"Sporto sal\u0117s gamykla\"},\"image\":{\"@id\":\"https:\/\/gymfactory.eu\/lt\/#\/schema\/logo\/image\/\"}}]}<\/script>\n<!-- \/ Yoast SEO plugin. -->","yoast_head_json":{"title":"W2x rankenos priedas - universali \u012franga treniruot\u0117ms su svoriais","description":"\u0160i \u012franga, pagaminta i\u0161 auk\u0161tos kokyb\u0117s plieno konstrukcijos, padeda atlikti \u012fvairius j\u0117gos treniruo\u010di\u0173 pratimus, padeda stiprinti raumenis ir gerinti i\u0161tverm\u0119.","robots":{"index":"index","follow":"follow","max-snippet":"max-snippet:-1","max-image-preview":"max-image-preview:large","max-video-preview":"max-video-preview:-1"},"canonical":"https:\/\/gymfactory.eu\/lt\/produktas\/w2x-rankenos-tvirtinimas\/","og_locale":"lt_LT","og_type":"article","og_title":"W2x rankenos priedas - universali \u012franga treniruot\u0117ms su svoriais","og_description":"\u0160i \u012franga, pagaminta i\u0161 auk\u0161tos kokyb\u0117s plieno konstrukcijos, padeda atlikti \u012fvairius j\u0117gos treniruo\u010di\u0173 pratimus, padeda stiprinti raumenis ir gerinti i\u0161tverm\u0119.","og_url":"https:\/\/gymfactory.eu\/lt\/produktas\/w2x-rankenos-tvirtinimas\/","og_site_name":"Gym Factory","article_modified_time":"2025-09-09T10:18:20+00:00","og_image":[{"width":1500,"height":1500,"url":"https:\/\/gymfactory.eu\/wp-content\/uploads\/2025\/02\/high-quality-steel-structure-lat-bar-1.webp","type":"image\/webp"}],"twitter_card":"summary_large_image","twitter_misc":{"Est. reading time":"1 minut\u0117"},"schema":{"@context":"https:\/\/schema.org","@graph":[{"@type":"WebPage","@id":"https:\/\/gymfactory.eu\/lt\/produktas\/w2x-rankenos-tvirtinimas\/","url":"https:\/\/gymfactory.eu\/lt\/produktas\/w2x-rankenos-tvirtinimas\/","name":"W2x rankenos priedas - universali \u012franga treniruot\u0117ms su svoriais","isPartOf":{"@id":"https:\/\/gymfactory.eu\/lt\/#website"},"primaryImageOfPage":{"@id":"https:\/\/gymfactory.eu\/lt\/produktas\/w2x-rankenos-tvirtinimas\/#primaryimage"},"image":{"@id":"https:\/\/gymfactory.eu\/lt\/produktas\/w2x-rankenos-tvirtinimas\/#primaryimage"},"thumbnailUrl":"https:\/\/gymfactory.eu\/wp-content\/uploads\/2025\/02\/high-quality-steel-structure-lat-bar-1.webp","datePublished":"2025-02-19T12:35:40+00:00","dateModified":"2025-09-09T10:18:20+00:00","description":"\u0160i \u012franga, pagaminta i\u0161 auk\u0161tos kokyb\u0117s plieno konstrukcijos, padeda atlikti \u012fvairius j\u0117gos treniruo\u010di\u0173 pratimus, padeda stiprinti raumenis ir gerinti i\u0161tverm\u0119.","breadcrumb":{"@id":"https:\/\/gymfactory.eu\/lt\/produktas\/w2x-rankenos-tvirtinimas\/#breadcrumb"},"inLanguage":"lt-LT","potentialAction":[{"@type":"ReadAction","target":["https:\/\/gymfactory.eu\/lt\/produktas\/w2x-rankenos-tvirtinimas\/"]}]},{"@type":"ImageObject","inLanguage":"lt-LT","@id":"https:\/\/gymfactory.eu\/lt\/produktas\/w2x-rankenos-tvirtinimas\/#primaryimage","url":"https:\/\/gymfactory.eu\/wp-content\/uploads\/2025\/02\/high-quality-steel-structure-lat-bar-1.webp","contentUrl":"https:\/\/gymfactory.eu\/wp-content\/uploads\/2025\/02\/high-quality-steel-structure-lat-bar-1.webp","width":1500,"height":1500,"caption":"Juodas treniruokli\u0173 su svoriais treniruoklis su kampuotais galais ir sidabrin\u0117mis rankenomis. \u0160is strypas, skirtas kabeli\u0173 treniruokliams, turi centrin\u012f tvirtinimo ta\u0161k\u0105, u\u017etikrinant\u012f subalansuot\u0105 pasiprie\u0161inim\u0105, ir ergonomi\u0161k\u0105 dizain\u0105, kad atliekant j\u0117gos pratimus b\u016bt\u0173 treniruojama nugara, pe\u010diai ir rankos."},{"@type":"BreadcrumbList","@id":"https:\/\/gymfactory.eu\/lt\/produktas\/w2x-rankenos-tvirtinimas\/#breadcrumb","itemListElement":[{"@type":"ListItem","position":1,"name":"Pagrindinis","item":"https:\/\/gymfactory.eu\/lt\/"},{"@type":"ListItem","position":2,"name":"Katalogas","item":"https:\/\/gymfactory.eu\/lt\/katalogas\/"},{"@type":"ListItem","position":3,"name":"W2X Rankena"}]},{"@type":"WebSite","@id":"https:\/\/gymfactory.eu\/lt\/#website","url":"https:\/\/gymfactory.eu\/lt\/","name":"Gym Factory","description":"","publisher":{"@id":"https:\/\/gymfactory.eu\/lt\/#organization"},"potentialAction":[{"@type":"SearchAction","target":{"@type":"EntryPoint","urlTemplate":"https:\/\/gymfactory.eu\/lt\/?s={search_term_string}"},"query-input":{"@type":"PropertyValueSpecification","valueRequired":true,"valueName":"search_term_string"}}],"inLanguage":"lt-LT"},{"@type":"Organization","@id":"https:\/\/gymfactory.eu\/lt\/#organization","name":"Sporto sal\u0117s gamykla","url":"https:\/\/gymfactory.eu\/lt\/","logo":{"@type":"ImageObject","inLanguage":"lt-LT","@id":"https:\/\/gymfactory.eu\/lt\/#\/schema\/logo\/image\/","url":"https:\/\/gymfactory.eu\/wp-content\/uploads\/2024\/11\/Component-1.svg","contentUrl":"https:\/\/gymfactory.eu\/wp-content\/uploads\/2024\/11\/Component-1.svg","width":54,"height":44,"caption":"Sporto sal\u0117s gamykla"},"image":{"@id":"https:\/\/gymfactory.eu\/lt\/#\/schema\/logo\/image\/"}}]}},"_links":{"self":[{"href":"https:\/\/gymfactory.eu\/lt\/wp-json\/wp\/v2\/product\/9910","targetHints":{"allow":["GET"]}}],"collection":[{"href":"https:\/\/gymfactory.eu\/lt\/wp-json\/wp\/v2\/product"}],"about":[{"href":"https:\/\/gymfactory.eu\/lt\/wp-json\/wp\/v2\/types\/product"}],"wp:featuredmedia":[{"embeddable":true,"href":"https:\/\/gymfactory.eu\/lt\/wp-json\/wp\/v2\/media\/8988"}],"wp:attachment":[{"href":"https:\/\/gymfactory.eu\/lt\/wp-json\/wp\/v2\/media?parent=9910"}],"wp:term":[{"taxonomy":"product_brand","embeddable":true,"href":"https:\/\/gymfactory.eu\/lt\/wp-json\/wp\/v2\/product_brand?post=9910"},{"taxonomy":"product_cat","embeddable":true,"href":"https:\/\/gymfactory.eu\/lt\/wp-json\/wp\/v2\/product_cat?post=9910"},{"taxonomy":"product_tag","embeddable":true,"href":"https:\/\/gymfactory.eu\/lt\/wp-json\/wp\/v2\/product_tag?post=9910"}],"curies":[{"name":"wp","href":"https:\/\/api.w.org\/{rel}","templated":true}]}}