{"id":9906,"date":"2025-02-12T15:52:56","date_gmt":"2025-02-12T13:52:56","guid":{"rendered":"https:\/\/gymfactory.eu\/product\/b7-maitinimo-stovas\/"},"modified":"2025-12-05T13:30:50","modified_gmt":"2025-12-05T11:30:50","slug":"b7-maitinimo-stovas","status":"publish","type":"product","link":"https:\/\/gymfactory.eu\/lt\/produktas\/b7-maitinimo-stovas\/","title":{"rendered":"B7 J\u0117gos stovas"},"content":{"rendered":"<p>B7 J\u0117gos stovas \u2013 tai tvirta konstrukcija darbui su \u0161tanga, sukurta tiek nam\u0173 treniruot\u0117ms, tiek profesionalioms sporto sal\u0117ms. Stovas pritaikytas pla\u010diam koj\u0173 ir vir\u0161utin\u0117s k\u016bno dalies pratim\u0173 spektrui, u\u017etikrinant saugum\u0105, reguliavim\u0105 ir pritaikomum\u0105 viename sprendime.<\/p>\n<p>Komplekte yra du \u0161tangos laikikliai ir dvi apsaugin\u0117s atramos, kurios padeda apsisaugoti nuo nes\u0117kming\u0173 pakartojim\u0173 ar sunki\u0173 pakartojim\u0173 metu. Visi komponentai gali b\u016bti tvirtinami skirtingame auk\u0161tyje naudojant vertikalias angas. Vir\u0161uje integruotas prisitraukim\u0173 skersinis, o papildomi kai\u0161\u010diai leid\u017eia naudoti pasiprie\u0161inimo gum\u0173 pratimus \u2013 tiek apkrovai padidinti, tiek pagalbai atlikti judesius.<\/p>\n<p>B7 J\u0117gos stovas u\u017etikrina stabili\u0105 baz\u0119 darbui su \u0161tanga ir si\u016blo plat\u0173 pried\u0173 pasirinkim\u0105, kad prisitaikyt\u0173 prie \u012fvairi\u0173 treniruo\u010di\u0173 tiksl\u0173.<\/p>\n<p>Nor\u0117dami i\u0161pl\u0117sti treniruo\u010di\u0173 galimybes, rekomenduojame prid\u0117ti suderinamus priedus: <a href=\"https:\/\/gymfactory.eu\/product\/z03g1-olympic-barbell\/\" target=\"_blank\" rel=\"noopener\">Z03G1 olimpin\u0117 \u0161tanga<\/a>, <a href=\"https:\/\/gymfactory.eu\/product\/z03g-olympic-barbell\/\" target=\"_blank\" rel=\"noopener\">Z03G olimpin\u0117 \u0161tanga<\/a>, <a href=\"https:\/\/gymfactory.eu\/product\/z17p-step-up-platform\/\" target=\"_blank\" rel=\"noopener\">Z17P platforma<\/a>, <a href=\"https:\/\/gymfactory.eu\/product\/z17sx-monolift-lock\/\" target=\"_blank\" rel=\"noopener\">Z17SX monolifto spyna<\/a>, <a href=\"https:\/\/gymfactory.eu\/product\/z17t-landmine\/\" target=\"_blank\" rel=\"noopener\">Z17T T-Bar priedas<\/a>, <a href=\"https:\/\/gymfactory.eu\/product\/z17l-dip\/\" target=\"_blank\" rel=\"noopener\">Z17L lygiagret\u0117s<\/a> arba <a href=\"https:\/\/gymfactory.eu\/product\/z20-jammer-arms\/\" target=\"_blank\" rel=\"noopener\">Z20 rankenos<\/a>. Taip pat puikiai tinka suoliukai: <a href=\"https:\/\/gymfactory.eu\/product\/j2-adjustable-bench\/\" target=\"_blank\" rel=\"noopener\">J2 reguliuojamas suoliukas<\/a> arba <a href=\"https:\/\/gymfactory.eu\/product\/j3-adjustable-bench\/\" target=\"_blank\" rel=\"noopener\">J3 reguliuojamas suoliukas<\/a>.<\/p>\n\n    <div class=\"xs_social_share_widget xs_share_url after_content \t\tmain_content  wslu-style-1 wslu-share-box-shaped wslu-fill-colored wslu-none wslu-share-horizontal wslu-theme-font-no wslu-main_content\">\n\n\t\t\n        <ul>\n\t\t\t        <\/ul>\n    <\/div> \n","protected":false},"excerpt":{"rendered":"<p>B7 J\u0117gos stovas \u2013 tai tvirta konstrukcija darbui su \u0161tanga, sukurta tiek nam\u0173 treniruot\u0117ms, tiek profesionalioms sporto sal\u0117ms. Stovas pritaikytas pla\u010diam koj\u0173 ir vir\u0161utin\u0117s k\u016bno dalies pratim\u0173 spektrui, u\u017etikrinant saugum\u0105, reguliavim\u0105 ir pritaikomum\u0105 viename sprendime. Komplekte yra du \u0161tangos laikikliai ir dvi apsaugin\u0117s atramos, kurios padeda apsisaugoti nuo nes\u0117kming\u0173 pakartojim\u0173 ar sunki\u0173 pakartojim\u0173 metu. Visi [&hellip;]<\/p>\n","protected":false},"featured_media":8799,"template":"","meta":{"_acf_changed":false},"product_brand":[817],"product_cat":[435],"product_tag":[415],"class_list":{"0":"post-9906","1":"product","2":"type-product","3":"status-publish","4":"has-post-thumbnail","6":"product_brand-gym-factory-lt","7":"product_cat-stovai","8":"product_tag-spalva-tik-metaline","10":"first","11":"onbackorder","12":"taxable","13":"shipping-taxable","14":"purchasable","15":"product-type-variable","16":"has-default-attributes"},"acf":[],"yoast_head":"<!-- This site is optimized with the Yoast SEO plugin v25.2 - https:\/\/yoast.com\/wordpress\/plugins\/seo\/ -->\n<title>B7 Power Rack | Sporto sal\u0117s \u012franga j\u0117gos treniruot\u0117ms<\/title>\n<meta name=\"description\" content=\"Ie\u0161kote patikimos treniruokli\u0173 sal\u0117s \u012frangos? &quot;B7 Power Rack&quot; stovas sukurtas viso k\u016bno j\u0117gos treniruot\u0117ms ir u\u017etikrina saugum\u0105 bei stabilum\u0105 bet kurioje sporto sal\u0117je.\" \/>\n<meta name=\"robots\" content=\"index, follow, max-snippet:-1, max-image-preview:large, max-video-preview:-1\" \/>\n<link rel=\"canonical\" href=\"https:\/\/gymfactory.eu\/lt\/produktas\/b7-maitinimo-stovas\/\" \/>\n<meta property=\"og:locale\" content=\"lt_LT\" \/>\n<meta property=\"og:type\" content=\"article\" \/>\n<meta property=\"og:title\" content=\"B7 Power Rack | Sporto sal\u0117s \u012franga j\u0117gos treniruot\u0117ms\" \/>\n<meta property=\"og:description\" content=\"Ie\u0161kote patikimos treniruokli\u0173 sal\u0117s \u012frangos? &quot;B7 Power Rack&quot; stovas sukurtas viso k\u016bno j\u0117gos treniruot\u0117ms ir u\u017etikrina saugum\u0105 bei stabilum\u0105 bet kurioje sporto sal\u0117je.\" \/>\n<meta property=\"og:url\" content=\"https:\/\/gymfactory.eu\/lt\/produktas\/b7-maitinimo-stovas\/\" \/>\n<meta property=\"og:site_name\" content=\"Gym Factory\" \/>\n<meta property=\"article:modified_time\" content=\"2025-12-05T11:30:50+00:00\" \/>\n<meta property=\"og:image\" content=\"https:\/\/gymfactory.eu\/wp-content\/uploads\/2025\/02\/power-rack-yellow-best-squat-rack-1.webp\" \/>\n\t<meta property=\"og:image:width\" content=\"1500\" \/>\n\t<meta property=\"og:image:height\" content=\"1500\" \/>\n\t<meta property=\"og:image:type\" content=\"image\/webp\" \/>\n<meta name=\"twitter:card\" content=\"summary_large_image\" \/>\n<meta name=\"twitter:label1\" content=\"Est. reading time\" \/>\n\t<meta name=\"twitter:data1\" content=\"1 minut\u0117\" \/>\n<script type=\"application\/ld+json\" class=\"yoast-schema-graph\">{\"@context\":\"https:\/\/schema.org\",\"@graph\":[{\"@type\":\"WebPage\",\"@id\":\"https:\/\/gymfactory.eu\/lt\/produktas\/b7-maitinimo-stovas\/\",\"url\":\"https:\/\/gymfactory.eu\/lt\/produktas\/b7-maitinimo-stovas\/\",\"name\":\"B7 Power Rack | Sporto sal\u0117s \u012franga j\u0117gos treniruot\u0117ms\",\"isPartOf\":{\"@id\":\"https:\/\/gymfactory.eu\/lt\/#website\"},\"primaryImageOfPage\":{\"@id\":\"https:\/\/gymfactory.eu\/lt\/produktas\/b7-maitinimo-stovas\/#primaryimage\"},\"image\":{\"@id\":\"https:\/\/gymfactory.eu\/lt\/produktas\/b7-maitinimo-stovas\/#primaryimage\"},\"thumbnailUrl\":\"https:\/\/gymfactory.eu\/wp-content\/uploads\/2025\/02\/power-rack-yellow-best-squat-rack-1.webp\",\"datePublished\":\"2025-02-12T13:52:56+00:00\",\"dateModified\":\"2025-12-05T11:30:50+00:00\",\"description\":\"Ie\u0161kote patikimos treniruokli\u0173 sal\u0117s \u012frangos? \\\"B7 Power Rack\\\" stovas sukurtas viso k\u016bno j\u0117gos treniruot\u0117ms ir u\u017etikrina saugum\u0105 bei stabilum\u0105 bet kurioje sporto sal\u0117je.\",\"breadcrumb\":{\"@id\":\"https:\/\/gymfactory.eu\/lt\/produktas\/b7-maitinimo-stovas\/#breadcrumb\"},\"inLanguage\":\"lt-LT\",\"potentialAction\":[{\"@type\":\"ReadAction\",\"target\":[\"https:\/\/gymfactory.eu\/lt\/produktas\/b7-maitinimo-stovas\/\"]}]},{\"@type\":\"ImageObject\",\"inLanguage\":\"lt-LT\",\"@id\":\"https:\/\/gymfactory.eu\/lt\/produktas\/b7-maitinimo-stovas\/#primaryimage\",\"url\":\"https:\/\/gymfactory.eu\/wp-content\/uploads\/2025\/02\/power-rack-yellow-best-squat-rack-1.webp\",\"contentUrl\":\"https:\/\/gymfactory.eu\/wp-content\/uploads\/2025\/02\/power-rack-yellow-best-squat-rack-1.webp\",\"width\":1500,\"height\":1500,\"caption\":\"Geriausias prit\u016bpim\u0173 stovas su ry\u0161kiai geltonos spalvos plieniniu j\u0117gos stovu su integruotu traukimo baru. Stovas turi daugyb\u0119 auk\u0161\u010dio reguliavimo galimybi\u0173, J formos kablius, apsauginius strypus ir yra sustiprintas sunkiems svoriams kelti ir j\u0117gos treniruot\u0117ms.\"},{\"@type\":\"BreadcrumbList\",\"@id\":\"https:\/\/gymfactory.eu\/lt\/produktas\/b7-maitinimo-stovas\/#breadcrumb\",\"itemListElement\":[{\"@type\":\"ListItem\",\"position\":1,\"name\":\"Pagrindinis\",\"item\":\"https:\/\/gymfactory.eu\/lt\/\"},{\"@type\":\"ListItem\",\"position\":2,\"name\":\"Katalogas\",\"item\":\"https:\/\/gymfactory.eu\/lt\/katalogas\/\"},{\"@type\":\"ListItem\",\"position\":3,\"name\":\"B7 J\u0117gos stovas\"}]},{\"@type\":\"WebSite\",\"@id\":\"https:\/\/gymfactory.eu\/lt\/#website\",\"url\":\"https:\/\/gymfactory.eu\/lt\/\",\"name\":\"Gym Factory\",\"description\":\"\",\"publisher\":{\"@id\":\"https:\/\/gymfactory.eu\/lt\/#organization\"},\"potentialAction\":[{\"@type\":\"SearchAction\",\"target\":{\"@type\":\"EntryPoint\",\"urlTemplate\":\"https:\/\/gymfactory.eu\/lt\/?s={search_term_string}\"},\"query-input\":{\"@type\":\"PropertyValueSpecification\",\"valueRequired\":true,\"valueName\":\"search_term_string\"}}],\"inLanguage\":\"lt-LT\"},{\"@type\":\"Organization\",\"@id\":\"https:\/\/gymfactory.eu\/lt\/#organization\",\"name\":\"Sporto sal\u0117s gamykla\",\"url\":\"https:\/\/gymfactory.eu\/lt\/\",\"logo\":{\"@type\":\"ImageObject\",\"inLanguage\":\"lt-LT\",\"@id\":\"https:\/\/gymfactory.eu\/lt\/#\/schema\/logo\/image\/\",\"url\":\"https:\/\/gymfactory.eu\/wp-content\/uploads\/2024\/11\/Component-1.svg\",\"contentUrl\":\"https:\/\/gymfactory.eu\/wp-content\/uploads\/2024\/11\/Component-1.svg\",\"width\":54,\"height\":44,\"caption\":\"Sporto sal\u0117s gamykla\"},\"image\":{\"@id\":\"https:\/\/gymfactory.eu\/lt\/#\/schema\/logo\/image\/\"}}]}<\/script>\n<!-- \/ Yoast SEO plugin. -->","yoast_head_json":{"title":"B7 Power Rack | Sporto sal\u0117s \u012franga j\u0117gos treniruot\u0117ms","description":"Ie\u0161kote patikimos treniruokli\u0173 sal\u0117s \u012frangos? \"B7 Power Rack\" stovas sukurtas viso k\u016bno j\u0117gos treniruot\u0117ms ir u\u017etikrina saugum\u0105 bei stabilum\u0105 bet kurioje sporto sal\u0117je.","robots":{"index":"index","follow":"follow","max-snippet":"max-snippet:-1","max-image-preview":"max-image-preview:large","max-video-preview":"max-video-preview:-1"},"canonical":"https:\/\/gymfactory.eu\/lt\/produktas\/b7-maitinimo-stovas\/","og_locale":"lt_LT","og_type":"article","og_title":"B7 Power Rack | Sporto sal\u0117s \u012franga j\u0117gos treniruot\u0117ms","og_description":"Ie\u0161kote patikimos treniruokli\u0173 sal\u0117s \u012frangos? \"B7 Power Rack\" stovas sukurtas viso k\u016bno j\u0117gos treniruot\u0117ms ir u\u017etikrina saugum\u0105 bei stabilum\u0105 bet kurioje sporto sal\u0117je.","og_url":"https:\/\/gymfactory.eu\/lt\/produktas\/b7-maitinimo-stovas\/","og_site_name":"Gym Factory","article_modified_time":"2025-12-05T11:30:50+00:00","og_image":[{"width":1500,"height":1500,"url":"https:\/\/gymfactory.eu\/wp-content\/uploads\/2025\/02\/power-rack-yellow-best-squat-rack-1.webp","type":"image\/webp"}],"twitter_card":"summary_large_image","twitter_misc":{"Est. reading time":"1 minut\u0117"},"schema":{"@context":"https:\/\/schema.org","@graph":[{"@type":"WebPage","@id":"https:\/\/gymfactory.eu\/lt\/produktas\/b7-maitinimo-stovas\/","url":"https:\/\/gymfactory.eu\/lt\/produktas\/b7-maitinimo-stovas\/","name":"B7 Power Rack | Sporto sal\u0117s \u012franga j\u0117gos treniruot\u0117ms","isPartOf":{"@id":"https:\/\/gymfactory.eu\/lt\/#website"},"primaryImageOfPage":{"@id":"https:\/\/gymfactory.eu\/lt\/produktas\/b7-maitinimo-stovas\/#primaryimage"},"image":{"@id":"https:\/\/gymfactory.eu\/lt\/produktas\/b7-maitinimo-stovas\/#primaryimage"},"thumbnailUrl":"https:\/\/gymfactory.eu\/wp-content\/uploads\/2025\/02\/power-rack-yellow-best-squat-rack-1.webp","datePublished":"2025-02-12T13:52:56+00:00","dateModified":"2025-12-05T11:30:50+00:00","description":"Ie\u0161kote patikimos treniruokli\u0173 sal\u0117s \u012frangos? \"B7 Power Rack\" stovas sukurtas viso k\u016bno j\u0117gos treniruot\u0117ms ir u\u017etikrina saugum\u0105 bei stabilum\u0105 bet kurioje sporto sal\u0117je.","breadcrumb":{"@id":"https:\/\/gymfactory.eu\/lt\/produktas\/b7-maitinimo-stovas\/#breadcrumb"},"inLanguage":"lt-LT","potentialAction":[{"@type":"ReadAction","target":["https:\/\/gymfactory.eu\/lt\/produktas\/b7-maitinimo-stovas\/"]}]},{"@type":"ImageObject","inLanguage":"lt-LT","@id":"https:\/\/gymfactory.eu\/lt\/produktas\/b7-maitinimo-stovas\/#primaryimage","url":"https:\/\/gymfactory.eu\/wp-content\/uploads\/2025\/02\/power-rack-yellow-best-squat-rack-1.webp","contentUrl":"https:\/\/gymfactory.eu\/wp-content\/uploads\/2025\/02\/power-rack-yellow-best-squat-rack-1.webp","width":1500,"height":1500,"caption":"Geriausias prit\u016bpim\u0173 stovas su ry\u0161kiai geltonos spalvos plieniniu j\u0117gos stovu su integruotu traukimo baru. Stovas turi daugyb\u0119 auk\u0161\u010dio reguliavimo galimybi\u0173, J formos kablius, apsauginius strypus ir yra sustiprintas sunkiems svoriams kelti ir j\u0117gos treniruot\u0117ms."},{"@type":"BreadcrumbList","@id":"https:\/\/gymfactory.eu\/lt\/produktas\/b7-maitinimo-stovas\/#breadcrumb","itemListElement":[{"@type":"ListItem","position":1,"name":"Pagrindinis","item":"https:\/\/gymfactory.eu\/lt\/"},{"@type":"ListItem","position":2,"name":"Katalogas","item":"https:\/\/gymfactory.eu\/lt\/katalogas\/"},{"@type":"ListItem","position":3,"name":"B7 J\u0117gos stovas"}]},{"@type":"WebSite","@id":"https:\/\/gymfactory.eu\/lt\/#website","url":"https:\/\/gymfactory.eu\/lt\/","name":"Gym Factory","description":"","publisher":{"@id":"https:\/\/gymfactory.eu\/lt\/#organization"},"potentialAction":[{"@type":"SearchAction","target":{"@type":"EntryPoint","urlTemplate":"https:\/\/gymfactory.eu\/lt\/?s={search_term_string}"},"query-input":{"@type":"PropertyValueSpecification","valueRequired":true,"valueName":"search_term_string"}}],"inLanguage":"lt-LT"},{"@type":"Organization","@id":"https:\/\/gymfactory.eu\/lt\/#organization","name":"Sporto sal\u0117s gamykla","url":"https:\/\/gymfactory.eu\/lt\/","logo":{"@type":"ImageObject","inLanguage":"lt-LT","@id":"https:\/\/gymfactory.eu\/lt\/#\/schema\/logo\/image\/","url":"https:\/\/gymfactory.eu\/wp-content\/uploads\/2024\/11\/Component-1.svg","contentUrl":"https:\/\/gymfactory.eu\/wp-content\/uploads\/2024\/11\/Component-1.svg","width":54,"height":44,"caption":"Sporto sal\u0117s gamykla"},"image":{"@id":"https:\/\/gymfactory.eu\/lt\/#\/schema\/logo\/image\/"}}]}},"_links":{"self":[{"href":"https:\/\/gymfactory.eu\/lt\/wp-json\/wp\/v2\/product\/9906","targetHints":{"allow":["GET"]}}],"collection":[{"href":"https:\/\/gymfactory.eu\/lt\/wp-json\/wp\/v2\/product"}],"about":[{"href":"https:\/\/gymfactory.eu\/lt\/wp-json\/wp\/v2\/types\/product"}],"wp:featuredmedia":[{"embeddable":true,"href":"https:\/\/gymfactory.eu\/lt\/wp-json\/wp\/v2\/media\/8799"}],"wp:attachment":[{"href":"https:\/\/gymfactory.eu\/lt\/wp-json\/wp\/v2\/media?parent=9906"}],"wp:term":[{"taxonomy":"product_brand","embeddable":true,"href":"https:\/\/gymfactory.eu\/lt\/wp-json\/wp\/v2\/product_brand?post=9906"},{"taxonomy":"product_cat","embeddable":true,"href":"https:\/\/gymfactory.eu\/lt\/wp-json\/wp\/v2\/product_cat?post=9906"},{"taxonomy":"product_tag","embeddable":true,"href":"https:\/\/gymfactory.eu\/lt\/wp-json\/wp\/v2\/product_tag?post=9906"}],"curies":[{"name":"wp","href":"https:\/\/api.w.org\/{rel}","templated":true}]}}