{"id":9904,"date":"2025-02-12T15:00:04","date_gmt":"2025-02-12T13:00:04","guid":{"rendered":"https:\/\/gymfactory.eu\/product\/hdn1-rankos-imtyniu-stalo-ivore\/"},"modified":"2025-09-09T15:00:37","modified_gmt":"2025-09-09T12:00:37","slug":"hdn1-rankos-imtyniu-stalo-ivore","status":"publish","type":"product","link":"https:\/\/gymfactory.eu\/lt\/produktas\/hdn1-rankos-imtyniu-stalo-ivore\/","title":{"rendered":"HDN1 Plastikin\u0117 \u012fvor\u0117"},"content":{"rendered":"<p>HDN1 plastikin\u0117 \u012fvor\u0117 skirta rank\u0173 lenkimo stalams \u2013 ji naudojama po odin\u0117mis pagalv\u0117l\u0117mis var\u017et\u0173 sujungimams sutvirtinti. \u012evor\u0117 \u012fstatoma \u012f i\u0161 anksto i\u0161gr\u0119\u017etas skyles ir u\u017etikrina tvirt\u0105 bei stabili\u0105 konstrukcij\u0105. Suderinama su I1 ir I1x modeliais.<\/p>\n<p>Kaina nurodyta u\u017e vienet\u0105.<\/p>\n\n    <div class=\"xs_social_share_widget xs_share_url after_content \t\tmain_content  wslu-style-1 wslu-share-box-shaped wslu-fill-colored wslu-none wslu-share-horizontal wslu-theme-font-no wslu-main_content\">\n\n\t\t\n        <ul>\n\t\t\t        <\/ul>\n    <\/div> \n","protected":false},"excerpt":{"rendered":"<p>HDN1 plastikin\u0117 \u012fvor\u0117 skirta rank\u0173 lenkimo stalams \u2013 ji naudojama po odin\u0117mis pagalv\u0117l\u0117mis var\u017et\u0173 sujungimams sutvirtinti. \u012evor\u0117 \u012fstatoma \u012f i\u0161 anksto i\u0161gr\u0119\u017etas skyles ir u\u017etikrina tvirt\u0105 bei stabili\u0105 konstrukcij\u0105. Suderinama su I1 ir I1x modeliais. Kaina nurodyta u\u017e vienet\u0105.<\/p>\n","protected":false},"featured_media":8019,"template":"","meta":{"_acf_changed":false},"product_brand":[56],"product_cat":[392],"product_tag":[],"class_list":{"0":"post-9904","1":"product","2":"type-product","3":"status-publish","4":"has-post-thumbnail","6":"product_brand-gym-factory","7":"product_cat-atsargines-dalys","9":"first","10":"onbackorder","11":"taxable","12":"shipping-taxable","13":"purchasable","14":"product-type-simple"},"acf":[],"yoast_head":"<!-- This site is optimized with the Yoast SEO plugin v25.2 - https:\/\/yoast.com\/wordpress\/plugins\/seo\/ -->\n<title>HDN1 rank\u0173 imtyni\u0173 stalo \u012fvor\u0117 - patvari sporto sal\u0117s atsargin\u0117 dalis<\/title>\n<meta name=\"description\" content=\"Padidinkite stabilum\u0105 naudodami HDN1 rank\u0173 imtyni\u0173 stalo \u012fvor\u0119 - auk\u0161tos kokyb\u0117s sporto sal\u0117s atsargin\u0119 dal\u012f, skirt\u0105 sporto ma\u0161in\u0173 dali\u0173 patvarumui u\u017etikrinti.\" \/>\n<meta name=\"robots\" content=\"index, follow, max-snippet:-1, max-image-preview:large, max-video-preview:-1\" \/>\n<link rel=\"canonical\" href=\"https:\/\/gymfactory.eu\/lt\/produktas\/hdn1-rankos-imtyniu-stalo-ivore\/\" \/>\n<meta property=\"og:locale\" content=\"lt_LT\" \/>\n<meta property=\"og:type\" content=\"article\" \/>\n<meta property=\"og:title\" content=\"HDN1 rank\u0173 imtyni\u0173 stalo \u012fvor\u0117 - patvari sporto sal\u0117s atsargin\u0117 dalis\" \/>\n<meta property=\"og:description\" content=\"Padidinkite stabilum\u0105 naudodami HDN1 rank\u0173 imtyni\u0173 stalo \u012fvor\u0119 - auk\u0161tos kokyb\u0117s sporto sal\u0117s atsargin\u0119 dal\u012f, skirt\u0105 sporto ma\u0161in\u0173 dali\u0173 patvarumui u\u017etikrinti.\" \/>\n<meta property=\"og:url\" content=\"https:\/\/gymfactory.eu\/lt\/produktas\/hdn1-rankos-imtyniu-stalo-ivore\/\" \/>\n<meta property=\"og:site_name\" content=\"Gym Factory\" \/>\n<meta property=\"article:modified_time\" content=\"2025-09-09T12:00:37+00:00\" \/>\n<meta property=\"og:image\" content=\"https:\/\/gymfactory.eu\/wp-content\/uploads\/2025\/02\/Kamstukas.jpg\" \/>\n\t<meta property=\"og:image:width\" content=\"1500\" \/>\n\t<meta property=\"og:image:height\" content=\"1500\" \/>\n\t<meta property=\"og:image:type\" content=\"image\/jpeg\" \/>\n<meta name=\"twitter:card\" content=\"summary_large_image\" \/>\n<meta name=\"twitter:label1\" content=\"Est. reading time\" \/>\n\t<meta name=\"twitter:data1\" content=\"1 minut\u0117\" \/>\n<script type=\"application\/ld+json\" class=\"yoast-schema-graph\">{\"@context\":\"https:\/\/schema.org\",\"@graph\":[{\"@type\":\"WebPage\",\"@id\":\"https:\/\/gymfactory.eu\/lt\/produktas\/hdn1-rankos-imtyniu-stalo-ivore\/\",\"url\":\"https:\/\/gymfactory.eu\/lt\/produktas\/hdn1-rankos-imtyniu-stalo-ivore\/\",\"name\":\"HDN1 rank\u0173 imtyni\u0173 stalo \u012fvor\u0117 - patvari sporto sal\u0117s atsargin\u0117 dalis\",\"isPartOf\":{\"@id\":\"https:\/\/gymfactory.eu\/lt\/#website\"},\"primaryImageOfPage\":{\"@id\":\"https:\/\/gymfactory.eu\/lt\/produktas\/hdn1-rankos-imtyniu-stalo-ivore\/#primaryimage\"},\"image\":{\"@id\":\"https:\/\/gymfactory.eu\/lt\/produktas\/hdn1-rankos-imtyniu-stalo-ivore\/#primaryimage\"},\"thumbnailUrl\":\"https:\/\/gymfactory.eu\/wp-content\/uploads\/2025\/02\/Kamstukas.jpg\",\"datePublished\":\"2025-02-12T13:00:04+00:00\",\"dateModified\":\"2025-09-09T12:00:37+00:00\",\"description\":\"Padidinkite stabilum\u0105 naudodami HDN1 rank\u0173 imtyni\u0173 stalo \u012fvor\u0119 - auk\u0161tos kokyb\u0117s sporto sal\u0117s atsargin\u0119 dal\u012f, skirt\u0105 sporto ma\u0161in\u0173 dali\u0173 patvarumui u\u017etikrinti.\",\"breadcrumb\":{\"@id\":\"https:\/\/gymfactory.eu\/lt\/produktas\/hdn1-rankos-imtyniu-stalo-ivore\/#breadcrumb\"},\"inLanguage\":\"lt-LT\",\"potentialAction\":[{\"@type\":\"ReadAction\",\"target\":[\"https:\/\/gymfactory.eu\/lt\/produktas\/hdn1-rankos-imtyniu-stalo-ivore\/\"]}]},{\"@type\":\"ImageObject\",\"inLanguage\":\"lt-LT\",\"@id\":\"https:\/\/gymfactory.eu\/lt\/produktas\/hdn1-rankos-imtyniu-stalo-ivore\/#primaryimage\",\"url\":\"https:\/\/gymfactory.eu\/wp-content\/uploads\/2025\/02\/Kamstukas.jpg\",\"contentUrl\":\"https:\/\/gymfactory.eu\/wp-content\/uploads\/2025\/02\/Kamstukas.jpg\",\"width\":1500,\"height\":1500},{\"@type\":\"BreadcrumbList\",\"@id\":\"https:\/\/gymfactory.eu\/lt\/produktas\/hdn1-rankos-imtyniu-stalo-ivore\/#breadcrumb\",\"itemListElement\":[{\"@type\":\"ListItem\",\"position\":1,\"name\":\"Pagrindinis\",\"item\":\"https:\/\/gymfactory.eu\/lt\/\"},{\"@type\":\"ListItem\",\"position\":2,\"name\":\"Katalogas\",\"item\":\"https:\/\/gymfactory.eu\/lt\/katalogas\/\"},{\"@type\":\"ListItem\",\"position\":3,\"name\":\"HDN1 Plastikin\u0117 \u012fvor\u0117\"}]},{\"@type\":\"WebSite\",\"@id\":\"https:\/\/gymfactory.eu\/lt\/#website\",\"url\":\"https:\/\/gymfactory.eu\/lt\/\",\"name\":\"Gym Factory\",\"description\":\"\",\"publisher\":{\"@id\":\"https:\/\/gymfactory.eu\/lt\/#organization\"},\"potentialAction\":[{\"@type\":\"SearchAction\",\"target\":{\"@type\":\"EntryPoint\",\"urlTemplate\":\"https:\/\/gymfactory.eu\/lt\/?s={search_term_string}\"},\"query-input\":{\"@type\":\"PropertyValueSpecification\",\"valueRequired\":true,\"valueName\":\"search_term_string\"}}],\"inLanguage\":\"lt-LT\"},{\"@type\":\"Organization\",\"@id\":\"https:\/\/gymfactory.eu\/lt\/#organization\",\"name\":\"Sporto sal\u0117s gamykla\",\"url\":\"https:\/\/gymfactory.eu\/lt\/\",\"logo\":{\"@type\":\"ImageObject\",\"inLanguage\":\"lt-LT\",\"@id\":\"https:\/\/gymfactory.eu\/lt\/#\/schema\/logo\/image\/\",\"url\":\"https:\/\/gymfactory.eu\/wp-content\/uploads\/2024\/11\/Component-1.svg\",\"contentUrl\":\"https:\/\/gymfactory.eu\/wp-content\/uploads\/2024\/11\/Component-1.svg\",\"width\":54,\"height\":44,\"caption\":\"Sporto sal\u0117s gamykla\"},\"image\":{\"@id\":\"https:\/\/gymfactory.eu\/lt\/#\/schema\/logo\/image\/\"}}]}<\/script>\n<!-- \/ Yoast SEO plugin. -->","yoast_head_json":{"title":"HDN1 rank\u0173 imtyni\u0173 stalo \u012fvor\u0117 - patvari sporto sal\u0117s atsargin\u0117 dalis","description":"Padidinkite stabilum\u0105 naudodami HDN1 rank\u0173 imtyni\u0173 stalo \u012fvor\u0119 - auk\u0161tos kokyb\u0117s sporto sal\u0117s atsargin\u0119 dal\u012f, skirt\u0105 sporto ma\u0161in\u0173 dali\u0173 patvarumui u\u017etikrinti.","robots":{"index":"index","follow":"follow","max-snippet":"max-snippet:-1","max-image-preview":"max-image-preview:large","max-video-preview":"max-video-preview:-1"},"canonical":"https:\/\/gymfactory.eu\/lt\/produktas\/hdn1-rankos-imtyniu-stalo-ivore\/","og_locale":"lt_LT","og_type":"article","og_title":"HDN1 rank\u0173 imtyni\u0173 stalo \u012fvor\u0117 - patvari sporto sal\u0117s atsargin\u0117 dalis","og_description":"Padidinkite stabilum\u0105 naudodami HDN1 rank\u0173 imtyni\u0173 stalo \u012fvor\u0119 - auk\u0161tos kokyb\u0117s sporto sal\u0117s atsargin\u0119 dal\u012f, skirt\u0105 sporto ma\u0161in\u0173 dali\u0173 patvarumui u\u017etikrinti.","og_url":"https:\/\/gymfactory.eu\/lt\/produktas\/hdn1-rankos-imtyniu-stalo-ivore\/","og_site_name":"Gym Factory","article_modified_time":"2025-09-09T12:00:37+00:00","og_image":[{"width":1500,"height":1500,"url":"https:\/\/gymfactory.eu\/wp-content\/uploads\/2025\/02\/Kamstukas.jpg","type":"image\/jpeg"}],"twitter_card":"summary_large_image","twitter_misc":{"Est. reading time":"1 minut\u0117"},"schema":{"@context":"https:\/\/schema.org","@graph":[{"@type":"WebPage","@id":"https:\/\/gymfactory.eu\/lt\/produktas\/hdn1-rankos-imtyniu-stalo-ivore\/","url":"https:\/\/gymfactory.eu\/lt\/produktas\/hdn1-rankos-imtyniu-stalo-ivore\/","name":"HDN1 rank\u0173 imtyni\u0173 stalo \u012fvor\u0117 - patvari sporto sal\u0117s atsargin\u0117 dalis","isPartOf":{"@id":"https:\/\/gymfactory.eu\/lt\/#website"},"primaryImageOfPage":{"@id":"https:\/\/gymfactory.eu\/lt\/produktas\/hdn1-rankos-imtyniu-stalo-ivore\/#primaryimage"},"image":{"@id":"https:\/\/gymfactory.eu\/lt\/produktas\/hdn1-rankos-imtyniu-stalo-ivore\/#primaryimage"},"thumbnailUrl":"https:\/\/gymfactory.eu\/wp-content\/uploads\/2025\/02\/Kamstukas.jpg","datePublished":"2025-02-12T13:00:04+00:00","dateModified":"2025-09-09T12:00:37+00:00","description":"Padidinkite stabilum\u0105 naudodami HDN1 rank\u0173 imtyni\u0173 stalo \u012fvor\u0119 - auk\u0161tos kokyb\u0117s sporto sal\u0117s atsargin\u0119 dal\u012f, skirt\u0105 sporto ma\u0161in\u0173 dali\u0173 patvarumui u\u017etikrinti.","breadcrumb":{"@id":"https:\/\/gymfactory.eu\/lt\/produktas\/hdn1-rankos-imtyniu-stalo-ivore\/#breadcrumb"},"inLanguage":"lt-LT","potentialAction":[{"@type":"ReadAction","target":["https:\/\/gymfactory.eu\/lt\/produktas\/hdn1-rankos-imtyniu-stalo-ivore\/"]}]},{"@type":"ImageObject","inLanguage":"lt-LT","@id":"https:\/\/gymfactory.eu\/lt\/produktas\/hdn1-rankos-imtyniu-stalo-ivore\/#primaryimage","url":"https:\/\/gymfactory.eu\/wp-content\/uploads\/2025\/02\/Kamstukas.jpg","contentUrl":"https:\/\/gymfactory.eu\/wp-content\/uploads\/2025\/02\/Kamstukas.jpg","width":1500,"height":1500},{"@type":"BreadcrumbList","@id":"https:\/\/gymfactory.eu\/lt\/produktas\/hdn1-rankos-imtyniu-stalo-ivore\/#breadcrumb","itemListElement":[{"@type":"ListItem","position":1,"name":"Pagrindinis","item":"https:\/\/gymfactory.eu\/lt\/"},{"@type":"ListItem","position":2,"name":"Katalogas","item":"https:\/\/gymfactory.eu\/lt\/katalogas\/"},{"@type":"ListItem","position":3,"name":"HDN1 Plastikin\u0117 \u012fvor\u0117"}]},{"@type":"WebSite","@id":"https:\/\/gymfactory.eu\/lt\/#website","url":"https:\/\/gymfactory.eu\/lt\/","name":"Gym Factory","description":"","publisher":{"@id":"https:\/\/gymfactory.eu\/lt\/#organization"},"potentialAction":[{"@type":"SearchAction","target":{"@type":"EntryPoint","urlTemplate":"https:\/\/gymfactory.eu\/lt\/?s={search_term_string}"},"query-input":{"@type":"PropertyValueSpecification","valueRequired":true,"valueName":"search_term_string"}}],"inLanguage":"lt-LT"},{"@type":"Organization","@id":"https:\/\/gymfactory.eu\/lt\/#organization","name":"Sporto sal\u0117s gamykla","url":"https:\/\/gymfactory.eu\/lt\/","logo":{"@type":"ImageObject","inLanguage":"lt-LT","@id":"https:\/\/gymfactory.eu\/lt\/#\/schema\/logo\/image\/","url":"https:\/\/gymfactory.eu\/wp-content\/uploads\/2024\/11\/Component-1.svg","contentUrl":"https:\/\/gymfactory.eu\/wp-content\/uploads\/2024\/11\/Component-1.svg","width":54,"height":44,"caption":"Sporto sal\u0117s gamykla"},"image":{"@id":"https:\/\/gymfactory.eu\/lt\/#\/schema\/logo\/image\/"}}]}},"_links":{"self":[{"href":"https:\/\/gymfactory.eu\/lt\/wp-json\/wp\/v2\/product\/9904","targetHints":{"allow":["GET"]}}],"collection":[{"href":"https:\/\/gymfactory.eu\/lt\/wp-json\/wp\/v2\/product"}],"about":[{"href":"https:\/\/gymfactory.eu\/lt\/wp-json\/wp\/v2\/types\/product"}],"wp:featuredmedia":[{"embeddable":true,"href":"https:\/\/gymfactory.eu\/lt\/wp-json\/wp\/v2\/media\/8019"}],"wp:attachment":[{"href":"https:\/\/gymfactory.eu\/lt\/wp-json\/wp\/v2\/media?parent=9904"}],"wp:term":[{"taxonomy":"product_brand","embeddable":true,"href":"https:\/\/gymfactory.eu\/lt\/wp-json\/wp\/v2\/product_brand?post=9904"},{"taxonomy":"product_cat","embeddable":true,"href":"https:\/\/gymfactory.eu\/lt\/wp-json\/wp\/v2\/product_cat?post=9904"},{"taxonomy":"product_tag","embeddable":true,"href":"https:\/\/gymfactory.eu\/lt\/wp-json\/wp\/v2\/product_tag?post=9904"}],"curies":[{"name":"wp","href":"https:\/\/api.w.org\/{rel}","templated":true}]}}