{"id":9903,"date":"2025-02-19T15:14:17","date_gmt":"2025-02-19T13:14:17","guid":{"rendered":"https:\/\/gymfactory.eu\/product\/w4-kronsteino-tvirtinimas\/"},"modified":"2025-09-09T13:22:23","modified_gmt":"2025-09-09T10:22:23","slug":"w4-kronsteino-tvirtinimas","status":"publish","type":"product","link":"https:\/\/gymfactory.eu\/lt\/produktas\/w4-kronsteino-tvirtinimas\/","title":{"rendered":"W4 Laikiklis"},"content":{"rendered":"<p>W4 laikiklis \u2013 kompakti\u0161ka sporto \u012franga, skirta tvirtinti prie sienos ir naudoti kaip tvirtinimo ta\u0161k\u0105 treniruot\u0117ms. Laikiklis turi fiksuot\u0105 kilp\u0105, prie kurios galima pritvirtinti treniruo\u010di\u0173 virves, pasiprie\u0161inimo gumas ar kitus priedus.<\/p>\n<p>Sukurta stabiliai atramai \u2013 padeda i\u0161pl\u0117sti treniruo\u010di\u0173 galimybes tiek nam\u0173, tiek profesionaliose sporto erdv\u0117se.<\/p>\n\n    <div class=\"xs_social_share_widget xs_share_url after_content \t\tmain_content  wslu-style-1 wslu-share-box-shaped wslu-fill-colored wslu-none wslu-share-horizontal wslu-theme-font-no wslu-main_content\">\n\n\t\t\n        <ul>\n\t\t\t        <\/ul>\n    <\/div> \n","protected":false},"excerpt":{"rendered":"<p>W4 laikiklis \u2013 kompakti\u0161ka sporto \u012franga, skirta tvirtinti prie sienos ir naudoti kaip tvirtinimo ta\u0161k\u0105 treniruot\u0117ms. Laikiklis turi fiksuot\u0105 kilp\u0105, prie kurios galima pritvirtinti treniruo\u010di\u0173 virves, pasiprie\u0161inimo gumas ar kitus priedus. Sukurta stabiliai atramai \u2013 padeda i\u0161pl\u0117sti treniruo\u010di\u0173 galimybes tiek nam\u0173, tiek profesionaliose sporto erdv\u0117se.<\/p>\n","protected":false},"featured_media":8989,"template":"","meta":{"_acf_changed":false},"product_brand":[56],"product_cat":[418],"product_tag":[415],"class_list":{"0":"post-9903","1":"product","2":"type-product","3":"status-publish","4":"has-post-thumbnail","6":"product_brand-gym-factory","7":"product_cat-treniruokliu-priedai","8":"product_tag-spalva-tik-metaline","10":"first","11":"onbackorder","12":"taxable","13":"shipping-taxable","14":"purchasable","15":"product-type-simple"},"acf":[],"yoast_head":"<!-- This site is optimized with the Yoast SEO plugin v25.2 - https:\/\/yoast.com\/wordpress\/plugins\/seo\/ -->\n<title>W4 laikiklio tvirtinimas - auk\u0161tos kokyb\u0117s treniruokli\u0173 sal\u0117s \u012franga treniruot\u0117ms<\/title>\n<meta name=\"description\" content=\"\u0160is laikiklis pagamintas i\u0161 auk\u0161tos kokyb\u0117s plieno konstrukcijos, tod\u0117l tvirtai laiko treniruokli\u0173 \u012frang\u0105 ir u\u017etikrina ilgaam\u017ei\u0161kum\u0105 bei stabilum\u0105 bet kurioje treniruo\u010di\u0173 erdv\u0117je.\" \/>\n<meta name=\"robots\" content=\"index, follow, max-snippet:-1, max-image-preview:large, max-video-preview:-1\" \/>\n<link rel=\"canonical\" href=\"https:\/\/gymfactory.eu\/lt\/produktas\/w4-kronsteino-tvirtinimas\/\" \/>\n<meta property=\"og:locale\" content=\"lt_LT\" \/>\n<meta property=\"og:type\" content=\"article\" \/>\n<meta property=\"og:title\" content=\"W4 laikiklio tvirtinimas - auk\u0161tos kokyb\u0117s treniruokli\u0173 sal\u0117s \u012franga treniruot\u0117ms\" \/>\n<meta property=\"og:description\" content=\"\u0160is laikiklis pagamintas i\u0161 auk\u0161tos kokyb\u0117s plieno konstrukcijos, tod\u0117l tvirtai laiko treniruokli\u0173 \u012frang\u0105 ir u\u017etikrina ilgaam\u017ei\u0161kum\u0105 bei stabilum\u0105 bet kurioje treniruo\u010di\u0173 erdv\u0117je.\" \/>\n<meta property=\"og:url\" content=\"https:\/\/gymfactory.eu\/lt\/produktas\/w4-kronsteino-tvirtinimas\/\" \/>\n<meta property=\"og:site_name\" content=\"Gym Factory\" \/>\n<meta property=\"article:modified_time\" content=\"2025-09-09T10:22:23+00:00\" \/>\n<meta property=\"og:image\" content=\"https:\/\/gymfactory.eu\/wp-content\/uploads\/2025\/02\/high-quality-steel-structure-wall-anchor-1.webp\" \/>\n\t<meta property=\"og:image:width\" content=\"1500\" \/>\n\t<meta property=\"og:image:height\" content=\"1500\" \/>\n\t<meta property=\"og:image:type\" content=\"image\/webp\" \/>\n<meta name=\"twitter:card\" content=\"summary_large_image\" \/>\n<meta name=\"twitter:label1\" content=\"Est. reading time\" \/>\n\t<meta name=\"twitter:data1\" content=\"1 minut\u0117\" \/>\n<script type=\"application\/ld+json\" class=\"yoast-schema-graph\">{\"@context\":\"https:\/\/schema.org\",\"@graph\":[{\"@type\":\"WebPage\",\"@id\":\"https:\/\/gymfactory.eu\/lt\/produktas\/w4-kronsteino-tvirtinimas\/\",\"url\":\"https:\/\/gymfactory.eu\/lt\/produktas\/w4-kronsteino-tvirtinimas\/\",\"name\":\"W4 laikiklio tvirtinimas - auk\u0161tos kokyb\u0117s treniruokli\u0173 sal\u0117s \u012franga treniruot\u0117ms\",\"isPartOf\":{\"@id\":\"https:\/\/gymfactory.eu\/lt\/#website\"},\"primaryImageOfPage\":{\"@id\":\"https:\/\/gymfactory.eu\/lt\/produktas\/w4-kronsteino-tvirtinimas\/#primaryimage\"},\"image\":{\"@id\":\"https:\/\/gymfactory.eu\/lt\/produktas\/w4-kronsteino-tvirtinimas\/#primaryimage\"},\"thumbnailUrl\":\"https:\/\/gymfactory.eu\/wp-content\/uploads\/2025\/02\/high-quality-steel-structure-wall-anchor-1.webp\",\"datePublished\":\"2025-02-19T13:14:17+00:00\",\"dateModified\":\"2025-09-09T10:22:23+00:00\",\"description\":\"\u0160is laikiklis pagamintas i\u0161 auk\u0161tos kokyb\u0117s plieno konstrukcijos, tod\u0117l tvirtai laiko treniruokli\u0173 \u012frang\u0105 ir u\u017etikrina ilgaam\u017ei\u0161kum\u0105 bei stabilum\u0105 bet kurioje treniruo\u010di\u0173 erdv\u0117je.\",\"breadcrumb\":{\"@id\":\"https:\/\/gymfactory.eu\/lt\/produktas\/w4-kronsteino-tvirtinimas\/#breadcrumb\"},\"inLanguage\":\"lt-LT\",\"potentialAction\":[{\"@type\":\"ReadAction\",\"target\":[\"https:\/\/gymfactory.eu\/lt\/produktas\/w4-kronsteino-tvirtinimas\/\"]}]},{\"@type\":\"ImageObject\",\"inLanguage\":\"lt-LT\",\"@id\":\"https:\/\/gymfactory.eu\/lt\/produktas\/w4-kronsteino-tvirtinimas\/#primaryimage\",\"url\":\"https:\/\/gymfactory.eu\/wp-content\/uploads\/2025\/02\/high-quality-steel-structure-wall-anchor-1.webp\",\"contentUrl\":\"https:\/\/gymfactory.eu\/wp-content\/uploads\/2025\/02\/high-quality-steel-structure-wall-anchor-1.webp\",\"width\":1500,\"height\":1500,\"caption\":\"Juodos spalvos treniruokli\u0173 su svoriais sieninis inkaras su tvirta plienine plok\u0161tele ir i\u0161lenkta tvirtinimo kilpa. \u0160is laikiklis skirtas pasiprie\u0161inimo juostoms, pakabinamiems treniruokliams ar kovin\u0117ms virv\u0117ms tvirtinti prie tvirto pavir\u0161iaus, kad b\u016bt\u0173 patikimas tvirtinimo ta\u0161kas atliekant \u012fvairius j\u0117gos ir kondicionavimo pratimus. Plienin\u0117 konstrukcija u\u017etikrina patvarum\u0105 ir stabilum\u0105 treniruo\u010di\u0173 metu.\"},{\"@type\":\"BreadcrumbList\",\"@id\":\"https:\/\/gymfactory.eu\/lt\/produktas\/w4-kronsteino-tvirtinimas\/#breadcrumb\",\"itemListElement\":[{\"@type\":\"ListItem\",\"position\":1,\"name\":\"Pagrindinis\",\"item\":\"https:\/\/gymfactory.eu\/lt\/\"},{\"@type\":\"ListItem\",\"position\":2,\"name\":\"Katalogas\",\"item\":\"https:\/\/gymfactory.eu\/lt\/katalogas\/\"},{\"@type\":\"ListItem\",\"position\":3,\"name\":\"W4 Laikiklis\"}]},{\"@type\":\"WebSite\",\"@id\":\"https:\/\/gymfactory.eu\/lt\/#website\",\"url\":\"https:\/\/gymfactory.eu\/lt\/\",\"name\":\"Gym Factory\",\"description\":\"\",\"publisher\":{\"@id\":\"https:\/\/gymfactory.eu\/lt\/#organization\"},\"potentialAction\":[{\"@type\":\"SearchAction\",\"target\":{\"@type\":\"EntryPoint\",\"urlTemplate\":\"https:\/\/gymfactory.eu\/lt\/?s={search_term_string}\"},\"query-input\":{\"@type\":\"PropertyValueSpecification\",\"valueRequired\":true,\"valueName\":\"search_term_string\"}}],\"inLanguage\":\"lt-LT\"},{\"@type\":\"Organization\",\"@id\":\"https:\/\/gymfactory.eu\/lt\/#organization\",\"name\":\"Sporto sal\u0117s gamykla\",\"url\":\"https:\/\/gymfactory.eu\/lt\/\",\"logo\":{\"@type\":\"ImageObject\",\"inLanguage\":\"lt-LT\",\"@id\":\"https:\/\/gymfactory.eu\/lt\/#\/schema\/logo\/image\/\",\"url\":\"https:\/\/gymfactory.eu\/wp-content\/uploads\/2024\/11\/Component-1.svg\",\"contentUrl\":\"https:\/\/gymfactory.eu\/wp-content\/uploads\/2024\/11\/Component-1.svg\",\"width\":54,\"height\":44,\"caption\":\"Sporto sal\u0117s gamykla\"},\"image\":{\"@id\":\"https:\/\/gymfactory.eu\/lt\/#\/schema\/logo\/image\/\"}}]}<\/script>\n<!-- \/ Yoast SEO plugin. -->","yoast_head_json":{"title":"W4 laikiklio tvirtinimas - auk\u0161tos kokyb\u0117s treniruokli\u0173 sal\u0117s \u012franga treniruot\u0117ms","description":"\u0160is laikiklis pagamintas i\u0161 auk\u0161tos kokyb\u0117s plieno konstrukcijos, tod\u0117l tvirtai laiko treniruokli\u0173 \u012frang\u0105 ir u\u017etikrina ilgaam\u017ei\u0161kum\u0105 bei stabilum\u0105 bet kurioje treniruo\u010di\u0173 erdv\u0117je.","robots":{"index":"index","follow":"follow","max-snippet":"max-snippet:-1","max-image-preview":"max-image-preview:large","max-video-preview":"max-video-preview:-1"},"canonical":"https:\/\/gymfactory.eu\/lt\/produktas\/w4-kronsteino-tvirtinimas\/","og_locale":"lt_LT","og_type":"article","og_title":"W4 laikiklio tvirtinimas - auk\u0161tos kokyb\u0117s treniruokli\u0173 sal\u0117s \u012franga treniruot\u0117ms","og_description":"\u0160is laikiklis pagamintas i\u0161 auk\u0161tos kokyb\u0117s plieno konstrukcijos, tod\u0117l tvirtai laiko treniruokli\u0173 \u012frang\u0105 ir u\u017etikrina ilgaam\u017ei\u0161kum\u0105 bei stabilum\u0105 bet kurioje treniruo\u010di\u0173 erdv\u0117je.","og_url":"https:\/\/gymfactory.eu\/lt\/produktas\/w4-kronsteino-tvirtinimas\/","og_site_name":"Gym Factory","article_modified_time":"2025-09-09T10:22:23+00:00","og_image":[{"width":1500,"height":1500,"url":"https:\/\/gymfactory.eu\/wp-content\/uploads\/2025\/02\/high-quality-steel-structure-wall-anchor-1.webp","type":"image\/webp"}],"twitter_card":"summary_large_image","twitter_misc":{"Est. reading time":"1 minut\u0117"},"schema":{"@context":"https:\/\/schema.org","@graph":[{"@type":"WebPage","@id":"https:\/\/gymfactory.eu\/lt\/produktas\/w4-kronsteino-tvirtinimas\/","url":"https:\/\/gymfactory.eu\/lt\/produktas\/w4-kronsteino-tvirtinimas\/","name":"W4 laikiklio tvirtinimas - auk\u0161tos kokyb\u0117s treniruokli\u0173 sal\u0117s \u012franga treniruot\u0117ms","isPartOf":{"@id":"https:\/\/gymfactory.eu\/lt\/#website"},"primaryImageOfPage":{"@id":"https:\/\/gymfactory.eu\/lt\/produktas\/w4-kronsteino-tvirtinimas\/#primaryimage"},"image":{"@id":"https:\/\/gymfactory.eu\/lt\/produktas\/w4-kronsteino-tvirtinimas\/#primaryimage"},"thumbnailUrl":"https:\/\/gymfactory.eu\/wp-content\/uploads\/2025\/02\/high-quality-steel-structure-wall-anchor-1.webp","datePublished":"2025-02-19T13:14:17+00:00","dateModified":"2025-09-09T10:22:23+00:00","description":"\u0160is laikiklis pagamintas i\u0161 auk\u0161tos kokyb\u0117s plieno konstrukcijos, tod\u0117l tvirtai laiko treniruokli\u0173 \u012frang\u0105 ir u\u017etikrina ilgaam\u017ei\u0161kum\u0105 bei stabilum\u0105 bet kurioje treniruo\u010di\u0173 erdv\u0117je.","breadcrumb":{"@id":"https:\/\/gymfactory.eu\/lt\/produktas\/w4-kronsteino-tvirtinimas\/#breadcrumb"},"inLanguage":"lt-LT","potentialAction":[{"@type":"ReadAction","target":["https:\/\/gymfactory.eu\/lt\/produktas\/w4-kronsteino-tvirtinimas\/"]}]},{"@type":"ImageObject","inLanguage":"lt-LT","@id":"https:\/\/gymfactory.eu\/lt\/produktas\/w4-kronsteino-tvirtinimas\/#primaryimage","url":"https:\/\/gymfactory.eu\/wp-content\/uploads\/2025\/02\/high-quality-steel-structure-wall-anchor-1.webp","contentUrl":"https:\/\/gymfactory.eu\/wp-content\/uploads\/2025\/02\/high-quality-steel-structure-wall-anchor-1.webp","width":1500,"height":1500,"caption":"Juodos spalvos treniruokli\u0173 su svoriais sieninis inkaras su tvirta plienine plok\u0161tele ir i\u0161lenkta tvirtinimo kilpa. \u0160is laikiklis skirtas pasiprie\u0161inimo juostoms, pakabinamiems treniruokliams ar kovin\u0117ms virv\u0117ms tvirtinti prie tvirto pavir\u0161iaus, kad b\u016bt\u0173 patikimas tvirtinimo ta\u0161kas atliekant \u012fvairius j\u0117gos ir kondicionavimo pratimus. Plienin\u0117 konstrukcija u\u017etikrina patvarum\u0105 ir stabilum\u0105 treniruo\u010di\u0173 metu."},{"@type":"BreadcrumbList","@id":"https:\/\/gymfactory.eu\/lt\/produktas\/w4-kronsteino-tvirtinimas\/#breadcrumb","itemListElement":[{"@type":"ListItem","position":1,"name":"Pagrindinis","item":"https:\/\/gymfactory.eu\/lt\/"},{"@type":"ListItem","position":2,"name":"Katalogas","item":"https:\/\/gymfactory.eu\/lt\/katalogas\/"},{"@type":"ListItem","position":3,"name":"W4 Laikiklis"}]},{"@type":"WebSite","@id":"https:\/\/gymfactory.eu\/lt\/#website","url":"https:\/\/gymfactory.eu\/lt\/","name":"Gym Factory","description":"","publisher":{"@id":"https:\/\/gymfactory.eu\/lt\/#organization"},"potentialAction":[{"@type":"SearchAction","target":{"@type":"EntryPoint","urlTemplate":"https:\/\/gymfactory.eu\/lt\/?s={search_term_string}"},"query-input":{"@type":"PropertyValueSpecification","valueRequired":true,"valueName":"search_term_string"}}],"inLanguage":"lt-LT"},{"@type":"Organization","@id":"https:\/\/gymfactory.eu\/lt\/#organization","name":"Sporto sal\u0117s gamykla","url":"https:\/\/gymfactory.eu\/lt\/","logo":{"@type":"ImageObject","inLanguage":"lt-LT","@id":"https:\/\/gymfactory.eu\/lt\/#\/schema\/logo\/image\/","url":"https:\/\/gymfactory.eu\/wp-content\/uploads\/2024\/11\/Component-1.svg","contentUrl":"https:\/\/gymfactory.eu\/wp-content\/uploads\/2024\/11\/Component-1.svg","width":54,"height":44,"caption":"Sporto sal\u0117s gamykla"},"image":{"@id":"https:\/\/gymfactory.eu\/lt\/#\/schema\/logo\/image\/"}}]}},"_links":{"self":[{"href":"https:\/\/gymfactory.eu\/lt\/wp-json\/wp\/v2\/product\/9903","targetHints":{"allow":["GET"]}}],"collection":[{"href":"https:\/\/gymfactory.eu\/lt\/wp-json\/wp\/v2\/product"}],"about":[{"href":"https:\/\/gymfactory.eu\/lt\/wp-json\/wp\/v2\/types\/product"}],"wp:featuredmedia":[{"embeddable":true,"href":"https:\/\/gymfactory.eu\/lt\/wp-json\/wp\/v2\/media\/8989"}],"wp:attachment":[{"href":"https:\/\/gymfactory.eu\/lt\/wp-json\/wp\/v2\/media?parent=9903"}],"wp:term":[{"taxonomy":"product_brand","embeddable":true,"href":"https:\/\/gymfactory.eu\/lt\/wp-json\/wp\/v2\/product_brand?post=9903"},{"taxonomy":"product_cat","embeddable":true,"href":"https:\/\/gymfactory.eu\/lt\/wp-json\/wp\/v2\/product_cat?post=9903"},{"taxonomy":"product_tag","embeddable":true,"href":"https:\/\/gymfactory.eu\/lt\/wp-json\/wp\/v2\/product_tag?post=9903"}],"curies":[{"name":"wp","href":"https:\/\/api.w.org\/{rel}","templated":true}]}}