{"id":9902,"date":"2025-02-19T15:53:12","date_gmt":"2025-02-19T13:53:12","guid":{"rendered":"https:\/\/gymfactory.eu\/product\/w7-tricepso-virves-tvirtinimas\/"},"modified":"2025-12-08T14:14:47","modified_gmt":"2025-12-08T12:14:47","slug":"w7-tricepso-virves-tvirtinimas","status":"publish","type":"product","link":"https:\/\/gymfactory.eu\/lt\/produktas\/w7-tricepso-virves-tvirtinimas\/","title":{"rendered":"W7 Triceps\u0173 virv\u0117"},"content":{"rendered":"<p>W7 triceps\u0173 virv\u0117 \u2013 patikima j\u0117gos treniruo\u010di\u0173 \u012franga, skirta naudoti su trosin\u0117mis sistemomis. Standartin\u0117 virv\u0117 su tvirtais galiniais fiksatoriais u\u017etikrina stabil\u0173 sukibim\u0105 atliekant triceps\u0173 st\u016bmimus, trauk\u0105 link veido ar preso pratimus.<\/p>\n<p>Taip pat tinkama apatin\u0117s k\u016bno dalies treniruot\u0117ms \u2013 tempimams atgal (&#8222;pull-through&#8221;) ar klubo tiesimui. Universalus sprendimas bet kuriai treniruo\u010di\u0173 aplinkai \u2013 tiek nam\u0173 s\u0105lygoms, tiek sporto klubams.<\/p>\n\n    <div class=\"xs_social_share_widget xs_share_url after_content \t\tmain_content  wslu-style-1 wslu-share-box-shaped wslu-fill-colored wslu-none wslu-share-horizontal wslu-theme-font-no wslu-main_content\">\n\n\t\t\n        <ul>\n\t\t\t        <\/ul>\n    <\/div> \n","protected":false},"excerpt":{"rendered":"<p>W7 triceps\u0173 virv\u0117 \u2013 patikima j\u0117gos treniruo\u010di\u0173 \u012franga, skirta naudoti su trosin\u0117mis sistemomis. Standartin\u0117 virv\u0117 su tvirtais galiniais fiksatoriais u\u017etikrina stabil\u0173 sukibim\u0105 atliekant triceps\u0173 st\u016bmimus, trauk\u0105 link veido ar preso pratimus. Taip pat tinkama apatin\u0117s k\u016bno dalies treniruot\u0117ms \u2013 tempimams atgal (&#8222;pull-through&#8221;) ar klubo tiesimui. Universalus sprendimas bet kuriai treniruo\u010di\u0173 aplinkai \u2013 tiek nam\u0173 s\u0105lygoms, [&hellip;]<\/p>\n","protected":false},"featured_media":23322,"template":"","meta":{"_acf_changed":false},"product_brand":[817],"product_cat":[418],"product_tag":[393],"class_list":{"0":"post-9902","1":"product","2":"type-product","3":"status-publish","4":"has-post-thumbnail","6":"product_brand-gym-factory-lt","7":"product_cat-treniruokliu-priedai","8":"product_tag-spalva-nera-spalvu","10":"first","11":"onbackorder","12":"taxable","13":"shipping-taxable","14":"purchasable","15":"product-type-simple"},"acf":[],"yoast_head":"<!-- This site is optimized with the Yoast SEO plugin v25.2 - https:\/\/yoast.com\/wordpress\/plugins\/seo\/ -->\n<title>W7 tricepso virv\u0117s priedas j\u0117gos pratimams<\/title>\n<meta name=\"description\" content=\"\u0160i treniruokli\u0173 sal\u0117s \u012franga pagerina j\u016bs\u0173 j\u0117gos treniruotes, nes yra tvirtos konstrukcijos, palaikanti judesius, skirtus vir\u0161utin\u0117s ir apatin\u0117s k\u016bno dalies j\u0117gai stiprinti.\" \/>\n<meta name=\"robots\" content=\"index, follow, max-snippet:-1, max-image-preview:large, max-video-preview:-1\" \/>\n<link rel=\"canonical\" href=\"https:\/\/gymfactory.eu\/lt\/produktas\/w7-tricepso-virves-tvirtinimas\/\" \/>\n<meta property=\"og:locale\" content=\"lt_LT\" \/>\n<meta property=\"og:type\" content=\"article\" \/>\n<meta property=\"og:title\" content=\"W7 tricepso virv\u0117s priedas j\u0117gos pratimams\" \/>\n<meta property=\"og:description\" content=\"\u0160i treniruokli\u0173 sal\u0117s \u012franga pagerina j\u016bs\u0173 j\u0117gos treniruotes, nes yra tvirtos konstrukcijos, palaikanti judesius, skirtus vir\u0161utin\u0117s ir apatin\u0117s k\u016bno dalies j\u0117gai stiprinti.\" \/>\n<meta property=\"og:url\" content=\"https:\/\/gymfactory.eu\/lt\/produktas\/w7-tricepso-virves-tvirtinimas\/\" \/>\n<meta property=\"og:site_name\" content=\"Gym Factory\" \/>\n<meta property=\"article:modified_time\" content=\"2025-12-08T12:14:47+00:00\" \/>\n<meta property=\"og:image\" content=\"https:\/\/gymfactory.eu\/wp-content\/uploads\/2025\/02\/high-quality-steel-structure-tricep-rope-2.webp\" \/>\n\t<meta property=\"og:image:width\" content=\"1500\" \/>\n\t<meta property=\"og:image:height\" content=\"1500\" \/>\n\t<meta property=\"og:image:type\" content=\"image\/webp\" \/>\n<meta name=\"twitter:card\" content=\"summary_large_image\" \/>\n<meta name=\"twitter:label1\" content=\"Est. reading time\" \/>\n\t<meta name=\"twitter:data1\" content=\"1 minut\u0117\" \/>\n<script type=\"application\/ld+json\" class=\"yoast-schema-graph\">{\"@context\":\"https:\/\/schema.org\",\"@graph\":[{\"@type\":\"WebPage\",\"@id\":\"https:\/\/gymfactory.eu\/lt\/produktas\/w7-tricepso-virves-tvirtinimas\/\",\"url\":\"https:\/\/gymfactory.eu\/lt\/produktas\/w7-tricepso-virves-tvirtinimas\/\",\"name\":\"W7 tricepso virv\u0117s priedas j\u0117gos pratimams\",\"isPartOf\":{\"@id\":\"https:\/\/gymfactory.eu\/lt\/#website\"},\"primaryImageOfPage\":{\"@id\":\"https:\/\/gymfactory.eu\/lt\/produktas\/w7-tricepso-virves-tvirtinimas\/#primaryimage\"},\"image\":{\"@id\":\"https:\/\/gymfactory.eu\/lt\/produktas\/w7-tricepso-virves-tvirtinimas\/#primaryimage\"},\"thumbnailUrl\":\"https:\/\/gymfactory.eu\/wp-content\/uploads\/2025\/02\/high-quality-steel-structure-tricep-rope-2.webp\",\"datePublished\":\"2025-02-19T13:53:12+00:00\",\"dateModified\":\"2025-12-08T12:14:47+00:00\",\"description\":\"\u0160i treniruokli\u0173 sal\u0117s \u012franga pagerina j\u016bs\u0173 j\u0117gos treniruotes, nes yra tvirtos konstrukcijos, palaikanti judesius, skirtus vir\u0161utin\u0117s ir apatin\u0117s k\u016bno dalies j\u0117gai stiprinti.\",\"breadcrumb\":{\"@id\":\"https:\/\/gymfactory.eu\/lt\/produktas\/w7-tricepso-virves-tvirtinimas\/#breadcrumb\"},\"inLanguage\":\"lt-LT\",\"potentialAction\":[{\"@type\":\"ReadAction\",\"target\":[\"https:\/\/gymfactory.eu\/lt\/produktas\/w7-tricepso-virves-tvirtinimas\/\"]}]},{\"@type\":\"ImageObject\",\"inLanguage\":\"lt-LT\",\"@id\":\"https:\/\/gymfactory.eu\/lt\/produktas\/w7-tricepso-virves-tvirtinimas\/#primaryimage\",\"url\":\"https:\/\/gymfactory.eu\/wp-content\/uploads\/2025\/02\/high-quality-steel-structure-tricep-rope-2.webp\",\"contentUrl\":\"https:\/\/gymfactory.eu\/wp-content\/uploads\/2025\/02\/high-quality-steel-structure-tricep-rope-2.webp\",\"width\":1500,\"height\":1500,\"caption\":\"A black\u00a0piece of equipment for weight training\u00a0tricep rope attachment with a durable braided design and rubber end caps. The rope is connected to a metal clip for secure attachment to cable machines, allowing for exercises like tricep pushdowns, face pulls, and bicep curls. The thick rope provides a comfortable grip and enhances workout efficiency.\"},{\"@type\":\"BreadcrumbList\",\"@id\":\"https:\/\/gymfactory.eu\/lt\/produktas\/w7-tricepso-virves-tvirtinimas\/#breadcrumb\",\"itemListElement\":[{\"@type\":\"ListItem\",\"position\":1,\"name\":\"Pagrindinis\",\"item\":\"https:\/\/gymfactory.eu\/lt\/\"},{\"@type\":\"ListItem\",\"position\":2,\"name\":\"Katalogas\",\"item\":\"https:\/\/gymfactory.eu\/lt\/katalogas\/\"},{\"@type\":\"ListItem\",\"position\":3,\"name\":\"W7 Triceps\u0173 virv\u0117\"}]},{\"@type\":\"WebSite\",\"@id\":\"https:\/\/gymfactory.eu\/lt\/#website\",\"url\":\"https:\/\/gymfactory.eu\/lt\/\",\"name\":\"Gym Factory\",\"description\":\"\",\"publisher\":{\"@id\":\"https:\/\/gymfactory.eu\/lt\/#organization\"},\"potentialAction\":[{\"@type\":\"SearchAction\",\"target\":{\"@type\":\"EntryPoint\",\"urlTemplate\":\"https:\/\/gymfactory.eu\/lt\/?s={search_term_string}\"},\"query-input\":{\"@type\":\"PropertyValueSpecification\",\"valueRequired\":true,\"valueName\":\"search_term_string\"}}],\"inLanguage\":\"lt-LT\"},{\"@type\":\"Organization\",\"@id\":\"https:\/\/gymfactory.eu\/lt\/#organization\",\"name\":\"Sporto sal\u0117s gamykla\",\"url\":\"https:\/\/gymfactory.eu\/lt\/\",\"logo\":{\"@type\":\"ImageObject\",\"inLanguage\":\"lt-LT\",\"@id\":\"https:\/\/gymfactory.eu\/lt\/#\/schema\/logo\/image\/\",\"url\":\"https:\/\/gymfactory.eu\/wp-content\/uploads\/2024\/11\/Component-1.svg\",\"contentUrl\":\"https:\/\/gymfactory.eu\/wp-content\/uploads\/2024\/11\/Component-1.svg\",\"width\":54,\"height\":44,\"caption\":\"Sporto sal\u0117s gamykla\"},\"image\":{\"@id\":\"https:\/\/gymfactory.eu\/lt\/#\/schema\/logo\/image\/\"}}]}<\/script>\n<!-- \/ Yoast SEO plugin. -->","yoast_head_json":{"title":"W7 tricepso virv\u0117s priedas j\u0117gos pratimams","description":"\u0160i treniruokli\u0173 sal\u0117s \u012franga pagerina j\u016bs\u0173 j\u0117gos treniruotes, nes yra tvirtos konstrukcijos, palaikanti judesius, skirtus vir\u0161utin\u0117s ir apatin\u0117s k\u016bno dalies j\u0117gai stiprinti.","robots":{"index":"index","follow":"follow","max-snippet":"max-snippet:-1","max-image-preview":"max-image-preview:large","max-video-preview":"max-video-preview:-1"},"canonical":"https:\/\/gymfactory.eu\/lt\/produktas\/w7-tricepso-virves-tvirtinimas\/","og_locale":"lt_LT","og_type":"article","og_title":"W7 tricepso virv\u0117s priedas j\u0117gos pratimams","og_description":"\u0160i treniruokli\u0173 sal\u0117s \u012franga pagerina j\u016bs\u0173 j\u0117gos treniruotes, nes yra tvirtos konstrukcijos, palaikanti judesius, skirtus vir\u0161utin\u0117s ir apatin\u0117s k\u016bno dalies j\u0117gai stiprinti.","og_url":"https:\/\/gymfactory.eu\/lt\/produktas\/w7-tricepso-virves-tvirtinimas\/","og_site_name":"Gym Factory","article_modified_time":"2025-12-08T12:14:47+00:00","og_image":[{"width":1500,"height":1500,"url":"https:\/\/gymfactory.eu\/wp-content\/uploads\/2025\/02\/high-quality-steel-structure-tricep-rope-2.webp","type":"image\/webp"}],"twitter_card":"summary_large_image","twitter_misc":{"Est. reading time":"1 minut\u0117"},"schema":{"@context":"https:\/\/schema.org","@graph":[{"@type":"WebPage","@id":"https:\/\/gymfactory.eu\/lt\/produktas\/w7-tricepso-virves-tvirtinimas\/","url":"https:\/\/gymfactory.eu\/lt\/produktas\/w7-tricepso-virves-tvirtinimas\/","name":"W7 tricepso virv\u0117s priedas j\u0117gos pratimams","isPartOf":{"@id":"https:\/\/gymfactory.eu\/lt\/#website"},"primaryImageOfPage":{"@id":"https:\/\/gymfactory.eu\/lt\/produktas\/w7-tricepso-virves-tvirtinimas\/#primaryimage"},"image":{"@id":"https:\/\/gymfactory.eu\/lt\/produktas\/w7-tricepso-virves-tvirtinimas\/#primaryimage"},"thumbnailUrl":"https:\/\/gymfactory.eu\/wp-content\/uploads\/2025\/02\/high-quality-steel-structure-tricep-rope-2.webp","datePublished":"2025-02-19T13:53:12+00:00","dateModified":"2025-12-08T12:14:47+00:00","description":"\u0160i treniruokli\u0173 sal\u0117s \u012franga pagerina j\u016bs\u0173 j\u0117gos treniruotes, nes yra tvirtos konstrukcijos, palaikanti judesius, skirtus vir\u0161utin\u0117s ir apatin\u0117s k\u016bno dalies j\u0117gai stiprinti.","breadcrumb":{"@id":"https:\/\/gymfactory.eu\/lt\/produktas\/w7-tricepso-virves-tvirtinimas\/#breadcrumb"},"inLanguage":"lt-LT","potentialAction":[{"@type":"ReadAction","target":["https:\/\/gymfactory.eu\/lt\/produktas\/w7-tricepso-virves-tvirtinimas\/"]}]},{"@type":"ImageObject","inLanguage":"lt-LT","@id":"https:\/\/gymfactory.eu\/lt\/produktas\/w7-tricepso-virves-tvirtinimas\/#primaryimage","url":"https:\/\/gymfactory.eu\/wp-content\/uploads\/2025\/02\/high-quality-steel-structure-tricep-rope-2.webp","contentUrl":"https:\/\/gymfactory.eu\/wp-content\/uploads\/2025\/02\/high-quality-steel-structure-tricep-rope-2.webp","width":1500,"height":1500,"caption":"A black\u00a0piece of equipment for weight training\u00a0tricep rope attachment with a durable braided design and rubber end caps. The rope is connected to a metal clip for secure attachment to cable machines, allowing for exercises like tricep pushdowns, face pulls, and bicep curls. The thick rope provides a comfortable grip and enhances workout efficiency."},{"@type":"BreadcrumbList","@id":"https:\/\/gymfactory.eu\/lt\/produktas\/w7-tricepso-virves-tvirtinimas\/#breadcrumb","itemListElement":[{"@type":"ListItem","position":1,"name":"Pagrindinis","item":"https:\/\/gymfactory.eu\/lt\/"},{"@type":"ListItem","position":2,"name":"Katalogas","item":"https:\/\/gymfactory.eu\/lt\/katalogas\/"},{"@type":"ListItem","position":3,"name":"W7 Triceps\u0173 virv\u0117"}]},{"@type":"WebSite","@id":"https:\/\/gymfactory.eu\/lt\/#website","url":"https:\/\/gymfactory.eu\/lt\/","name":"Gym Factory","description":"","publisher":{"@id":"https:\/\/gymfactory.eu\/lt\/#organization"},"potentialAction":[{"@type":"SearchAction","target":{"@type":"EntryPoint","urlTemplate":"https:\/\/gymfactory.eu\/lt\/?s={search_term_string}"},"query-input":{"@type":"PropertyValueSpecification","valueRequired":true,"valueName":"search_term_string"}}],"inLanguage":"lt-LT"},{"@type":"Organization","@id":"https:\/\/gymfactory.eu\/lt\/#organization","name":"Sporto sal\u0117s gamykla","url":"https:\/\/gymfactory.eu\/lt\/","logo":{"@type":"ImageObject","inLanguage":"lt-LT","@id":"https:\/\/gymfactory.eu\/lt\/#\/schema\/logo\/image\/","url":"https:\/\/gymfactory.eu\/wp-content\/uploads\/2024\/11\/Component-1.svg","contentUrl":"https:\/\/gymfactory.eu\/wp-content\/uploads\/2024\/11\/Component-1.svg","width":54,"height":44,"caption":"Sporto sal\u0117s gamykla"},"image":{"@id":"https:\/\/gymfactory.eu\/lt\/#\/schema\/logo\/image\/"}}]}},"_links":{"self":[{"href":"https:\/\/gymfactory.eu\/lt\/wp-json\/wp\/v2\/product\/9902","targetHints":{"allow":["GET"]}}],"collection":[{"href":"https:\/\/gymfactory.eu\/lt\/wp-json\/wp\/v2\/product"}],"about":[{"href":"https:\/\/gymfactory.eu\/lt\/wp-json\/wp\/v2\/types\/product"}],"wp:featuredmedia":[{"embeddable":true,"href":"https:\/\/gymfactory.eu\/lt\/wp-json\/wp\/v2\/media\/23322"}],"wp:attachment":[{"href":"https:\/\/gymfactory.eu\/lt\/wp-json\/wp\/v2\/media?parent=9902"}],"wp:term":[{"taxonomy":"product_brand","embeddable":true,"href":"https:\/\/gymfactory.eu\/lt\/wp-json\/wp\/v2\/product_brand?post=9902"},{"taxonomy":"product_cat","embeddable":true,"href":"https:\/\/gymfactory.eu\/lt\/wp-json\/wp\/v2\/product_cat?post=9902"},{"taxonomy":"product_tag","embeddable":true,"href":"https:\/\/gymfactory.eu\/lt\/wp-json\/wp\/v2\/product_tag?post=9902"}],"curies":[{"name":"wp","href":"https:\/\/api.w.org\/{rel}","templated":true}]}}