{"id":9901,"date":"2025-02-19T15:20:05","date_gmt":"2025-02-19T13:20:05","guid":{"rendered":"https:\/\/gymfactory.eu\/product\/w5-rankenos-tvirtinimas\/"},"modified":"2025-12-08T13:59:09","modified_gmt":"2025-12-08T11:59:09","slug":"w5-rankenos-tvirtinimas","status":"publish","type":"product","link":"https:\/\/gymfactory.eu\/lt\/produktas\/w5-rankenos-tvirtinimas\/","title":{"rendered":"W5 Rankena"},"content":{"rendered":"<p>W5 rankena \u2013 j\u0117gos treniruo\u010di\u0173 \u012franga, skirta naudoti su trosin\u0117mis sistemomis tiek nam\u0173 treniruot\u0117se, tiek profesionaliose sporto sal\u0117se. 60 laipsni\u0173 kampu suformuota konstrukcija idealiai tinka triceps\u0173 st\u016bmimams ir kitiems rank\u0173 pratimams su pasiprie\u0161inimu.<\/p>\n<p>Ergonomi\u0161ka forma leid\u017eia rie\u0161ams i\u0161likti nat\u016bralioje pad\u0117tyje spaudimo metu \u2013 tai padidina komfort\u0105 ir judesi\u0173 kontrol\u0119 atliekant izolacinius vir\u0161utin\u0117s k\u016bno dalies pratimus.<\/p>\n\n    <div class=\"xs_social_share_widget xs_share_url after_content \t\tmain_content  wslu-style-1 wslu-share-box-shaped wslu-fill-colored wslu-none wslu-share-horizontal wslu-theme-font-no wslu-main_content\">\n\n\t\t\n        <ul>\n\t\t\t        <\/ul>\n    <\/div> \n","protected":false},"excerpt":{"rendered":"<p>W5 rankena \u2013 j\u0117gos treniruo\u010di\u0173 \u012franga, skirta naudoti su trosin\u0117mis sistemomis tiek nam\u0173 treniruot\u0117se, tiek profesionaliose sporto sal\u0117se. 60 laipsni\u0173 kampu suformuota konstrukcija idealiai tinka triceps\u0173 st\u016bmimams ir kitiems rank\u0173 pratimams su pasiprie\u0161inimu. Ergonomi\u0161ka forma leid\u017eia rie\u0161ams i\u0161likti nat\u016bralioje pad\u0117tyje spaudimo metu \u2013 tai padidina komfort\u0105 ir judesi\u0173 kontrol\u0119 atliekant izolacinius vir\u0161utin\u0117s k\u016bno dalies pratimus.<\/p>\n","protected":false},"featured_media":13605,"template":"","meta":{"_acf_changed":false},"product_brand":[817],"product_cat":[418],"product_tag":[415],"class_list":{"0":"post-9901","1":"product","2":"type-product","3":"status-publish","4":"has-post-thumbnail","6":"product_brand-gym-factory-lt","7":"product_cat-treniruokliu-priedai","8":"product_tag-spalva-tik-metaline","10":"first","11":"onbackorder","12":"taxable","13":"shipping-taxable","14":"purchasable","15":"product-type-simple"},"acf":[],"yoast_head":"<!-- This site is optimized with the Yoast SEO plugin v25.2 - https:\/\/yoast.com\/wordpress\/plugins\/seo\/ -->\n<title>W5 rankenos tvirtinimas - patikima treniruo\u010di\u0173 su svoriais \u012franga<\/title>\n<meta name=\"description\" content=\"\u0160i patvari treniruokli\u0173 su svoriais \u012franga puikiai tinka j\u016bs\u0173 treniruo\u010di\u0173 namie rutinai pagerinti, nes u\u017etikrina stabilum\u0105 ir universalum\u0105 atliekant \u012fvairius pratimus.\" \/>\n<meta name=\"robots\" content=\"index, follow, max-snippet:-1, max-image-preview:large, max-video-preview:-1\" \/>\n<link rel=\"canonical\" href=\"https:\/\/gymfactory.eu\/lt\/produktas\/w5-rankenos-tvirtinimas\/\" \/>\n<meta property=\"og:locale\" content=\"lt_LT\" \/>\n<meta property=\"og:type\" content=\"article\" \/>\n<meta property=\"og:title\" content=\"W5 rankenos tvirtinimas - patikima treniruo\u010di\u0173 su svoriais \u012franga\" \/>\n<meta property=\"og:description\" content=\"\u0160i patvari treniruokli\u0173 su svoriais \u012franga puikiai tinka j\u016bs\u0173 treniruo\u010di\u0173 namie rutinai pagerinti, nes u\u017etikrina stabilum\u0105 ir universalum\u0105 atliekant \u012fvairius pratimus.\" \/>\n<meta property=\"og:url\" content=\"https:\/\/gymfactory.eu\/lt\/produktas\/w5-rankenos-tvirtinimas\/\" \/>\n<meta property=\"og:site_name\" content=\"Gym Factory\" \/>\n<meta property=\"article:modified_time\" content=\"2025-12-08T11:59:09+00:00\" \/>\n<meta property=\"og:image\" content=\"https:\/\/gymfactory.eu\/wp-content\/uploads\/2025\/02\/high-quality-steel-structure-angled-handle-4.webp\" \/>\n\t<meta property=\"og:image:width\" content=\"1500\" \/>\n\t<meta property=\"og:image:height\" content=\"1500\" \/>\n\t<meta property=\"og:image:type\" content=\"image\/webp\" \/>\n<meta name=\"twitter:card\" content=\"summary_large_image\" \/>\n<meta name=\"twitter:label1\" content=\"Est. reading time\" \/>\n\t<meta name=\"twitter:data1\" content=\"1 minut\u0117\" \/>\n<script type=\"application\/ld+json\" class=\"yoast-schema-graph\">{\"@context\":\"https:\/\/schema.org\",\"@graph\":[{\"@type\":\"WebPage\",\"@id\":\"https:\/\/gymfactory.eu\/lt\/produktas\/w5-rankenos-tvirtinimas\/\",\"url\":\"https:\/\/gymfactory.eu\/lt\/produktas\/w5-rankenos-tvirtinimas\/\",\"name\":\"W5 rankenos tvirtinimas - patikima treniruo\u010di\u0173 su svoriais \u012franga\",\"isPartOf\":{\"@id\":\"https:\/\/gymfactory.eu\/lt\/#website\"},\"primaryImageOfPage\":{\"@id\":\"https:\/\/gymfactory.eu\/lt\/produktas\/w5-rankenos-tvirtinimas\/#primaryimage\"},\"image\":{\"@id\":\"https:\/\/gymfactory.eu\/lt\/produktas\/w5-rankenos-tvirtinimas\/#primaryimage\"},\"thumbnailUrl\":\"https:\/\/gymfactory.eu\/wp-content\/uploads\/2025\/02\/high-quality-steel-structure-angled-handle-4.webp\",\"datePublished\":\"2025-02-19T13:20:05+00:00\",\"dateModified\":\"2025-12-08T11:59:09+00:00\",\"description\":\"\u0160i patvari treniruokli\u0173 su svoriais \u012franga puikiai tinka j\u016bs\u0173 treniruo\u010di\u0173 namie rutinai pagerinti, nes u\u017etikrina stabilum\u0105 ir universalum\u0105 atliekant \u012fvairius pratimus.\",\"breadcrumb\":{\"@id\":\"https:\/\/gymfactory.eu\/lt\/produktas\/w5-rankenos-tvirtinimas\/#breadcrumb\"},\"inLanguage\":\"lt-LT\",\"potentialAction\":[{\"@type\":\"ReadAction\",\"target\":[\"https:\/\/gymfactory.eu\/lt\/produktas\/w5-rankenos-tvirtinimas\/\"]}]},{\"@type\":\"ImageObject\",\"inLanguage\":\"lt-LT\",\"@id\":\"https:\/\/gymfactory.eu\/lt\/produktas\/w5-rankenos-tvirtinimas\/#primaryimage\",\"url\":\"https:\/\/gymfactory.eu\/wp-content\/uploads\/2025\/02\/high-quality-steel-structure-angled-handle-4.webp\",\"contentUrl\":\"https:\/\/gymfactory.eu\/wp-content\/uploads\/2025\/02\/high-quality-steel-structure-angled-handle-4.webp\",\"width\":1500,\"height\":1500,\"caption\":\"Black equipment for weight training,\u00a0angled grip handle with two extended cylindrical grips, and a durable steel frame. This attachment is ideal for performing lat pulldowns, rows, and other resistance exercises, ensuring stability and control during workouts.\"},{\"@type\":\"BreadcrumbList\",\"@id\":\"https:\/\/gymfactory.eu\/lt\/produktas\/w5-rankenos-tvirtinimas\/#breadcrumb\",\"itemListElement\":[{\"@type\":\"ListItem\",\"position\":1,\"name\":\"Pagrindinis\",\"item\":\"https:\/\/gymfactory.eu\/lt\/\"},{\"@type\":\"ListItem\",\"position\":2,\"name\":\"Katalogas\",\"item\":\"https:\/\/gymfactory.eu\/lt\/katalogas\/\"},{\"@type\":\"ListItem\",\"position\":3,\"name\":\"W5 Rankena\"}]},{\"@type\":\"WebSite\",\"@id\":\"https:\/\/gymfactory.eu\/lt\/#website\",\"url\":\"https:\/\/gymfactory.eu\/lt\/\",\"name\":\"Gym Factory\",\"description\":\"\",\"publisher\":{\"@id\":\"https:\/\/gymfactory.eu\/lt\/#organization\"},\"potentialAction\":[{\"@type\":\"SearchAction\",\"target\":{\"@type\":\"EntryPoint\",\"urlTemplate\":\"https:\/\/gymfactory.eu\/lt\/?s={search_term_string}\"},\"query-input\":{\"@type\":\"PropertyValueSpecification\",\"valueRequired\":true,\"valueName\":\"search_term_string\"}}],\"inLanguage\":\"lt-LT\"},{\"@type\":\"Organization\",\"@id\":\"https:\/\/gymfactory.eu\/lt\/#organization\",\"name\":\"Sporto sal\u0117s gamykla\",\"url\":\"https:\/\/gymfactory.eu\/lt\/\",\"logo\":{\"@type\":\"ImageObject\",\"inLanguage\":\"lt-LT\",\"@id\":\"https:\/\/gymfactory.eu\/lt\/#\/schema\/logo\/image\/\",\"url\":\"https:\/\/gymfactory.eu\/wp-content\/uploads\/2024\/11\/Component-1.svg\",\"contentUrl\":\"https:\/\/gymfactory.eu\/wp-content\/uploads\/2024\/11\/Component-1.svg\",\"width\":54,\"height\":44,\"caption\":\"Sporto sal\u0117s gamykla\"},\"image\":{\"@id\":\"https:\/\/gymfactory.eu\/lt\/#\/schema\/logo\/image\/\"}}]}<\/script>\n<!-- \/ Yoast SEO plugin. -->","yoast_head_json":{"title":"W5 rankenos tvirtinimas - patikima treniruo\u010di\u0173 su svoriais \u012franga","description":"\u0160i patvari treniruokli\u0173 su svoriais \u012franga puikiai tinka j\u016bs\u0173 treniruo\u010di\u0173 namie rutinai pagerinti, nes u\u017etikrina stabilum\u0105 ir universalum\u0105 atliekant \u012fvairius pratimus.","robots":{"index":"index","follow":"follow","max-snippet":"max-snippet:-1","max-image-preview":"max-image-preview:large","max-video-preview":"max-video-preview:-1"},"canonical":"https:\/\/gymfactory.eu\/lt\/produktas\/w5-rankenos-tvirtinimas\/","og_locale":"lt_LT","og_type":"article","og_title":"W5 rankenos tvirtinimas - patikima treniruo\u010di\u0173 su svoriais \u012franga","og_description":"\u0160i patvari treniruokli\u0173 su svoriais \u012franga puikiai tinka j\u016bs\u0173 treniruo\u010di\u0173 namie rutinai pagerinti, nes u\u017etikrina stabilum\u0105 ir universalum\u0105 atliekant \u012fvairius pratimus.","og_url":"https:\/\/gymfactory.eu\/lt\/produktas\/w5-rankenos-tvirtinimas\/","og_site_name":"Gym Factory","article_modified_time":"2025-12-08T11:59:09+00:00","og_image":[{"width":1500,"height":1500,"url":"https:\/\/gymfactory.eu\/wp-content\/uploads\/2025\/02\/high-quality-steel-structure-angled-handle-4.webp","type":"image\/webp"}],"twitter_card":"summary_large_image","twitter_misc":{"Est. reading time":"1 minut\u0117"},"schema":{"@context":"https:\/\/schema.org","@graph":[{"@type":"WebPage","@id":"https:\/\/gymfactory.eu\/lt\/produktas\/w5-rankenos-tvirtinimas\/","url":"https:\/\/gymfactory.eu\/lt\/produktas\/w5-rankenos-tvirtinimas\/","name":"W5 rankenos tvirtinimas - patikima treniruo\u010di\u0173 su svoriais \u012franga","isPartOf":{"@id":"https:\/\/gymfactory.eu\/lt\/#website"},"primaryImageOfPage":{"@id":"https:\/\/gymfactory.eu\/lt\/produktas\/w5-rankenos-tvirtinimas\/#primaryimage"},"image":{"@id":"https:\/\/gymfactory.eu\/lt\/produktas\/w5-rankenos-tvirtinimas\/#primaryimage"},"thumbnailUrl":"https:\/\/gymfactory.eu\/wp-content\/uploads\/2025\/02\/high-quality-steel-structure-angled-handle-4.webp","datePublished":"2025-02-19T13:20:05+00:00","dateModified":"2025-12-08T11:59:09+00:00","description":"\u0160i patvari treniruokli\u0173 su svoriais \u012franga puikiai tinka j\u016bs\u0173 treniruo\u010di\u0173 namie rutinai pagerinti, nes u\u017etikrina stabilum\u0105 ir universalum\u0105 atliekant \u012fvairius pratimus.","breadcrumb":{"@id":"https:\/\/gymfactory.eu\/lt\/produktas\/w5-rankenos-tvirtinimas\/#breadcrumb"},"inLanguage":"lt-LT","potentialAction":[{"@type":"ReadAction","target":["https:\/\/gymfactory.eu\/lt\/produktas\/w5-rankenos-tvirtinimas\/"]}]},{"@type":"ImageObject","inLanguage":"lt-LT","@id":"https:\/\/gymfactory.eu\/lt\/produktas\/w5-rankenos-tvirtinimas\/#primaryimage","url":"https:\/\/gymfactory.eu\/wp-content\/uploads\/2025\/02\/high-quality-steel-structure-angled-handle-4.webp","contentUrl":"https:\/\/gymfactory.eu\/wp-content\/uploads\/2025\/02\/high-quality-steel-structure-angled-handle-4.webp","width":1500,"height":1500,"caption":"Black equipment for weight training,\u00a0angled grip handle with two extended cylindrical grips, and a durable steel frame. This attachment is ideal for performing lat pulldowns, rows, and other resistance exercises, ensuring stability and control during workouts."},{"@type":"BreadcrumbList","@id":"https:\/\/gymfactory.eu\/lt\/produktas\/w5-rankenos-tvirtinimas\/#breadcrumb","itemListElement":[{"@type":"ListItem","position":1,"name":"Pagrindinis","item":"https:\/\/gymfactory.eu\/lt\/"},{"@type":"ListItem","position":2,"name":"Katalogas","item":"https:\/\/gymfactory.eu\/lt\/katalogas\/"},{"@type":"ListItem","position":3,"name":"W5 Rankena"}]},{"@type":"WebSite","@id":"https:\/\/gymfactory.eu\/lt\/#website","url":"https:\/\/gymfactory.eu\/lt\/","name":"Gym Factory","description":"","publisher":{"@id":"https:\/\/gymfactory.eu\/lt\/#organization"},"potentialAction":[{"@type":"SearchAction","target":{"@type":"EntryPoint","urlTemplate":"https:\/\/gymfactory.eu\/lt\/?s={search_term_string}"},"query-input":{"@type":"PropertyValueSpecification","valueRequired":true,"valueName":"search_term_string"}}],"inLanguage":"lt-LT"},{"@type":"Organization","@id":"https:\/\/gymfactory.eu\/lt\/#organization","name":"Sporto sal\u0117s gamykla","url":"https:\/\/gymfactory.eu\/lt\/","logo":{"@type":"ImageObject","inLanguage":"lt-LT","@id":"https:\/\/gymfactory.eu\/lt\/#\/schema\/logo\/image\/","url":"https:\/\/gymfactory.eu\/wp-content\/uploads\/2024\/11\/Component-1.svg","contentUrl":"https:\/\/gymfactory.eu\/wp-content\/uploads\/2024\/11\/Component-1.svg","width":54,"height":44,"caption":"Sporto sal\u0117s gamykla"},"image":{"@id":"https:\/\/gymfactory.eu\/lt\/#\/schema\/logo\/image\/"}}]}},"_links":{"self":[{"href":"https:\/\/gymfactory.eu\/lt\/wp-json\/wp\/v2\/product\/9901","targetHints":{"allow":["GET"]}}],"collection":[{"href":"https:\/\/gymfactory.eu\/lt\/wp-json\/wp\/v2\/product"}],"about":[{"href":"https:\/\/gymfactory.eu\/lt\/wp-json\/wp\/v2\/types\/product"}],"wp:featuredmedia":[{"embeddable":true,"href":"https:\/\/gymfactory.eu\/lt\/wp-json\/wp\/v2\/media\/13605"}],"wp:attachment":[{"href":"https:\/\/gymfactory.eu\/lt\/wp-json\/wp\/v2\/media?parent=9901"}],"wp:term":[{"taxonomy":"product_brand","embeddable":true,"href":"https:\/\/gymfactory.eu\/lt\/wp-json\/wp\/v2\/product_brand?post=9901"},{"taxonomy":"product_cat","embeddable":true,"href":"https:\/\/gymfactory.eu\/lt\/wp-json\/wp\/v2\/product_cat?post=9901"},{"taxonomy":"product_tag","embeddable":true,"href":"https:\/\/gymfactory.eu\/lt\/wp-json\/wp\/v2\/product_tag?post=9901"}],"curies":[{"name":"wp","href":"https:\/\/api.w.org\/{rel}","templated":true}]}}