{"id":9900,"date":"2025-02-20T09:22:02","date_gmt":"2025-02-20T07:22:02","guid":{"rendered":"https:\/\/gymfactory.eu\/product\/w8x-rankenos-tvirtinimas\/"},"modified":"2025-09-09T13:29:33","modified_gmt":"2025-09-09T10:29:33","slug":"w8x-rankenos-tvirtinimas","status":"publish","type":"product","link":"https:\/\/gymfactory.eu\/lt\/produktas\/w8x-rankenos-tvirtinimas\/","title":{"rendered":"W8X Rankena"},"content":{"rendered":"<p>W8X rankena \u2013 kompakti\u0161ka sporto \u012franga, skirta naudoti su trosin\u0117mis sistemomis. Ma\u017ea rankena turi centrin\u0119 kilp\u0105 tarp pir\u0161t\u0173, leid\u017eian\u010di\u0105 trosui jud\u0117ti kuo ar\u010diau delno per vis\u0105 pratimo trajektorij\u0105.<\/p>\n<p>Idealiai tinka pratimams, kuriuose svarbus tikslumas, tinkama sukibimo pad\u0117tis ir tiesioginis j\u0117gos perdavimas. \u0160i rankena padeda geriau kontroliuoti judesius tiek izoliuotuose, tiek traukos pratimuose.<\/p>\n\n    <div class=\"xs_social_share_widget xs_share_url after_content \t\tmain_content  wslu-style-1 wslu-share-box-shaped wslu-fill-colored wslu-none wslu-share-horizontal wslu-theme-font-no wslu-main_content\">\n\n\t\t\n        <ul>\n\t\t\t        <\/ul>\n    <\/div> \n","protected":false},"excerpt":{"rendered":"<p>W8X rankena \u2013 kompakti\u0161ka sporto \u012franga, skirta naudoti su trosin\u0117mis sistemomis. Ma\u017ea rankena turi centrin\u0119 kilp\u0105 tarp pir\u0161t\u0173, leid\u017eian\u010di\u0105 trosui jud\u0117ti kuo ar\u010diau delno per vis\u0105 pratimo trajektorij\u0105. Idealiai tinka pratimams, kuriuose svarbus tikslumas, tinkama sukibimo pad\u0117tis ir tiesioginis j\u0117gos perdavimas. \u0160i rankena padeda geriau kontroliuoti judesius tiek izoliuotuose, tiek traukos pratimuose.<\/p>\n","protected":false},"featured_media":9095,"template":"","meta":{"_acf_changed":false},"product_brand":[56],"product_cat":[418],"product_tag":[393],"class_list":{"0":"post-9900","1":"product","2":"type-product","3":"status-publish","4":"has-post-thumbnail","6":"product_brand-gym-factory","7":"product_cat-treniruokliu-priedai","8":"product_tag-spalva-nera-spalvu","10":"first","11":"onbackorder","12":"taxable","13":"shipping-taxable","14":"purchasable","15":"product-type-variable"},"acf":[],"yoast_head":"<!-- This site is optimized with the Yoast SEO plugin v25.2 - https:\/\/yoast.com\/wordpress\/plugins\/seo\/ -->\n<title>W8x rankenos priedas geram nam\u0173 sporto \u012frangos naudojimui<\/title>\n<meta name=\"description\" content=\"\u0160i rankena pagaminta i\u0161 auk\u0161tos kokyb\u0117s plieno konstrukcijos, tod\u0117l ji yra patvari ir kontroliuojama, tod\u0117l yra geras nam\u0173 sporto \u012frangos pasirinkimas j\u0117gos treniruot\u0117ms.\" \/>\n<meta name=\"robots\" content=\"index, follow, max-snippet:-1, max-image-preview:large, max-video-preview:-1\" \/>\n<link rel=\"canonical\" href=\"https:\/\/gymfactory.eu\/lt\/produktas\/w8x-rankenos-tvirtinimas\/\" \/>\n<meta property=\"og:locale\" content=\"lt_LT\" \/>\n<meta property=\"og:type\" content=\"article\" \/>\n<meta property=\"og:title\" content=\"W8x rankenos priedas geram nam\u0173 sporto \u012frangos naudojimui\" \/>\n<meta property=\"og:description\" content=\"\u0160i rankena pagaminta i\u0161 auk\u0161tos kokyb\u0117s plieno konstrukcijos, tod\u0117l ji yra patvari ir kontroliuojama, tod\u0117l yra geras nam\u0173 sporto \u012frangos pasirinkimas j\u0117gos treniruot\u0117ms.\" \/>\n<meta property=\"og:url\" content=\"https:\/\/gymfactory.eu\/lt\/produktas\/w8x-rankenos-tvirtinimas\/\" \/>\n<meta property=\"og:site_name\" content=\"Gym Factory\" \/>\n<meta property=\"article:modified_time\" content=\"2025-09-09T10:29:33+00:00\" \/>\n<meta property=\"og:image\" content=\"https:\/\/gymfactory.eu\/wp-content\/uploads\/2025\/02\/high-quality-steel-structure-single-grip-handle-1-1.webp\" \/>\n\t<meta property=\"og:image:width\" content=\"1500\" \/>\n\t<meta property=\"og:image:height\" content=\"1500\" \/>\n\t<meta property=\"og:image:type\" content=\"image\/webp\" \/>\n<meta name=\"twitter:card\" content=\"summary_large_image\" \/>\n<meta name=\"twitter:label1\" content=\"Est. reading time\" \/>\n\t<meta name=\"twitter:data1\" content=\"1 minut\u0117\" \/>\n<script type=\"application\/ld+json\" class=\"yoast-schema-graph\">{\"@context\":\"https:\/\/schema.org\",\"@graph\":[{\"@type\":\"WebPage\",\"@id\":\"https:\/\/gymfactory.eu\/lt\/produktas\/w8x-rankenos-tvirtinimas\/\",\"url\":\"https:\/\/gymfactory.eu\/lt\/produktas\/w8x-rankenos-tvirtinimas\/\",\"name\":\"W8x rankenos priedas geram nam\u0173 sporto \u012frangos naudojimui\",\"isPartOf\":{\"@id\":\"https:\/\/gymfactory.eu\/lt\/#website\"},\"primaryImageOfPage\":{\"@id\":\"https:\/\/gymfactory.eu\/lt\/produktas\/w8x-rankenos-tvirtinimas\/#primaryimage\"},\"image\":{\"@id\":\"https:\/\/gymfactory.eu\/lt\/produktas\/w8x-rankenos-tvirtinimas\/#primaryimage\"},\"thumbnailUrl\":\"https:\/\/gymfactory.eu\/wp-content\/uploads\/2025\/02\/high-quality-steel-structure-single-grip-handle-1-1.webp\",\"datePublished\":\"2025-02-20T07:22:02+00:00\",\"dateModified\":\"2025-09-09T10:29:33+00:00\",\"description\":\"\u0160i rankena pagaminta i\u0161 auk\u0161tos kokyb\u0117s plieno konstrukcijos, tod\u0117l ji yra patvari ir kontroliuojama, tod\u0117l yra geras nam\u0173 sporto \u012frangos pasirinkimas j\u0117gos treniruot\u0117ms.\",\"breadcrumb\":{\"@id\":\"https:\/\/gymfactory.eu\/lt\/produktas\/w8x-rankenos-tvirtinimas\/#breadcrumb\"},\"inLanguage\":\"lt-LT\",\"potentialAction\":[{\"@type\":\"ReadAction\",\"target\":[\"https:\/\/gymfactory.eu\/lt\/produktas\/w8x-rankenos-tvirtinimas\/\"]}]},{\"@type\":\"ImageObject\",\"inLanguage\":\"lt-LT\",\"@id\":\"https:\/\/gymfactory.eu\/lt\/produktas\/w8x-rankenos-tvirtinimas\/#primaryimage\",\"url\":\"https:\/\/gymfactory.eu\/wp-content\/uploads\/2025\/02\/high-quality-steel-structure-single-grip-handle-1-1.webp\",\"contentUrl\":\"https:\/\/gymfactory.eu\/wp-content\/uploads\/2025\/02\/high-quality-steel-structure-single-grip-handle-1-1.webp\",\"width\":1500,\"height\":1500,\"caption\":\"Svorio treniruo\u010di\u0173 \u012frangos vaizdas i\u0161 arti Vienguba rankena su tekst\u016bruota plienine rankena ir juoda metaline tvirtinimo kilpa. \u0160i rankena idealiai tinka pratimams su kabeliniais treniruokliais, nes leid\u017eia atlikti kontroliuojamus ir tikslius judesius per j\u0117gos treniruotes.\"},{\"@type\":\"BreadcrumbList\",\"@id\":\"https:\/\/gymfactory.eu\/lt\/produktas\/w8x-rankenos-tvirtinimas\/#breadcrumb\",\"itemListElement\":[{\"@type\":\"ListItem\",\"position\":1,\"name\":\"Pagrindinis\",\"item\":\"https:\/\/gymfactory.eu\/lt\/\"},{\"@type\":\"ListItem\",\"position\":2,\"name\":\"Katalogas\",\"item\":\"https:\/\/gymfactory.eu\/lt\/katalogas\/\"},{\"@type\":\"ListItem\",\"position\":3,\"name\":\"W8X Rankena\"}]},{\"@type\":\"WebSite\",\"@id\":\"https:\/\/gymfactory.eu\/lt\/#website\",\"url\":\"https:\/\/gymfactory.eu\/lt\/\",\"name\":\"Gym Factory\",\"description\":\"\",\"publisher\":{\"@id\":\"https:\/\/gymfactory.eu\/lt\/#organization\"},\"potentialAction\":[{\"@type\":\"SearchAction\",\"target\":{\"@type\":\"EntryPoint\",\"urlTemplate\":\"https:\/\/gymfactory.eu\/lt\/?s={search_term_string}\"},\"query-input\":{\"@type\":\"PropertyValueSpecification\",\"valueRequired\":true,\"valueName\":\"search_term_string\"}}],\"inLanguage\":\"lt-LT\"},{\"@type\":\"Organization\",\"@id\":\"https:\/\/gymfactory.eu\/lt\/#organization\",\"name\":\"Sporto sal\u0117s gamykla\",\"url\":\"https:\/\/gymfactory.eu\/lt\/\",\"logo\":{\"@type\":\"ImageObject\",\"inLanguage\":\"lt-LT\",\"@id\":\"https:\/\/gymfactory.eu\/lt\/#\/schema\/logo\/image\/\",\"url\":\"https:\/\/gymfactory.eu\/wp-content\/uploads\/2024\/11\/Component-1.svg\",\"contentUrl\":\"https:\/\/gymfactory.eu\/wp-content\/uploads\/2024\/11\/Component-1.svg\",\"width\":54,\"height\":44,\"caption\":\"Sporto sal\u0117s gamykla\"},\"image\":{\"@id\":\"https:\/\/gymfactory.eu\/lt\/#\/schema\/logo\/image\/\"}}]}<\/script>\n<!-- \/ Yoast SEO plugin. -->","yoast_head_json":{"title":"W8x rankenos priedas geram nam\u0173 sporto \u012frangos naudojimui","description":"\u0160i rankena pagaminta i\u0161 auk\u0161tos kokyb\u0117s plieno konstrukcijos, tod\u0117l ji yra patvari ir kontroliuojama, tod\u0117l yra geras nam\u0173 sporto \u012frangos pasirinkimas j\u0117gos treniruot\u0117ms.","robots":{"index":"index","follow":"follow","max-snippet":"max-snippet:-1","max-image-preview":"max-image-preview:large","max-video-preview":"max-video-preview:-1"},"canonical":"https:\/\/gymfactory.eu\/lt\/produktas\/w8x-rankenos-tvirtinimas\/","og_locale":"lt_LT","og_type":"article","og_title":"W8x rankenos priedas geram nam\u0173 sporto \u012frangos naudojimui","og_description":"\u0160i rankena pagaminta i\u0161 auk\u0161tos kokyb\u0117s plieno konstrukcijos, tod\u0117l ji yra patvari ir kontroliuojama, tod\u0117l yra geras nam\u0173 sporto \u012frangos pasirinkimas j\u0117gos treniruot\u0117ms.","og_url":"https:\/\/gymfactory.eu\/lt\/produktas\/w8x-rankenos-tvirtinimas\/","og_site_name":"Gym Factory","article_modified_time":"2025-09-09T10:29:33+00:00","og_image":[{"width":1500,"height":1500,"url":"https:\/\/gymfactory.eu\/wp-content\/uploads\/2025\/02\/high-quality-steel-structure-single-grip-handle-1-1.webp","type":"image\/webp"}],"twitter_card":"summary_large_image","twitter_misc":{"Est. reading time":"1 minut\u0117"},"schema":{"@context":"https:\/\/schema.org","@graph":[{"@type":"WebPage","@id":"https:\/\/gymfactory.eu\/lt\/produktas\/w8x-rankenos-tvirtinimas\/","url":"https:\/\/gymfactory.eu\/lt\/produktas\/w8x-rankenos-tvirtinimas\/","name":"W8x rankenos priedas geram nam\u0173 sporto \u012frangos naudojimui","isPartOf":{"@id":"https:\/\/gymfactory.eu\/lt\/#website"},"primaryImageOfPage":{"@id":"https:\/\/gymfactory.eu\/lt\/produktas\/w8x-rankenos-tvirtinimas\/#primaryimage"},"image":{"@id":"https:\/\/gymfactory.eu\/lt\/produktas\/w8x-rankenos-tvirtinimas\/#primaryimage"},"thumbnailUrl":"https:\/\/gymfactory.eu\/wp-content\/uploads\/2025\/02\/high-quality-steel-structure-single-grip-handle-1-1.webp","datePublished":"2025-02-20T07:22:02+00:00","dateModified":"2025-09-09T10:29:33+00:00","description":"\u0160i rankena pagaminta i\u0161 auk\u0161tos kokyb\u0117s plieno konstrukcijos, tod\u0117l ji yra patvari ir kontroliuojama, tod\u0117l yra geras nam\u0173 sporto \u012frangos pasirinkimas j\u0117gos treniruot\u0117ms.","breadcrumb":{"@id":"https:\/\/gymfactory.eu\/lt\/produktas\/w8x-rankenos-tvirtinimas\/#breadcrumb"},"inLanguage":"lt-LT","potentialAction":[{"@type":"ReadAction","target":["https:\/\/gymfactory.eu\/lt\/produktas\/w8x-rankenos-tvirtinimas\/"]}]},{"@type":"ImageObject","inLanguage":"lt-LT","@id":"https:\/\/gymfactory.eu\/lt\/produktas\/w8x-rankenos-tvirtinimas\/#primaryimage","url":"https:\/\/gymfactory.eu\/wp-content\/uploads\/2025\/02\/high-quality-steel-structure-single-grip-handle-1-1.webp","contentUrl":"https:\/\/gymfactory.eu\/wp-content\/uploads\/2025\/02\/high-quality-steel-structure-single-grip-handle-1-1.webp","width":1500,"height":1500,"caption":"Svorio treniruo\u010di\u0173 \u012frangos vaizdas i\u0161 arti Vienguba rankena su tekst\u016bruota plienine rankena ir juoda metaline tvirtinimo kilpa. \u0160i rankena idealiai tinka pratimams su kabeliniais treniruokliais, nes leid\u017eia atlikti kontroliuojamus ir tikslius judesius per j\u0117gos treniruotes."},{"@type":"BreadcrumbList","@id":"https:\/\/gymfactory.eu\/lt\/produktas\/w8x-rankenos-tvirtinimas\/#breadcrumb","itemListElement":[{"@type":"ListItem","position":1,"name":"Pagrindinis","item":"https:\/\/gymfactory.eu\/lt\/"},{"@type":"ListItem","position":2,"name":"Katalogas","item":"https:\/\/gymfactory.eu\/lt\/katalogas\/"},{"@type":"ListItem","position":3,"name":"W8X Rankena"}]},{"@type":"WebSite","@id":"https:\/\/gymfactory.eu\/lt\/#website","url":"https:\/\/gymfactory.eu\/lt\/","name":"Gym Factory","description":"","publisher":{"@id":"https:\/\/gymfactory.eu\/lt\/#organization"},"potentialAction":[{"@type":"SearchAction","target":{"@type":"EntryPoint","urlTemplate":"https:\/\/gymfactory.eu\/lt\/?s={search_term_string}"},"query-input":{"@type":"PropertyValueSpecification","valueRequired":true,"valueName":"search_term_string"}}],"inLanguage":"lt-LT"},{"@type":"Organization","@id":"https:\/\/gymfactory.eu\/lt\/#organization","name":"Sporto sal\u0117s gamykla","url":"https:\/\/gymfactory.eu\/lt\/","logo":{"@type":"ImageObject","inLanguage":"lt-LT","@id":"https:\/\/gymfactory.eu\/lt\/#\/schema\/logo\/image\/","url":"https:\/\/gymfactory.eu\/wp-content\/uploads\/2024\/11\/Component-1.svg","contentUrl":"https:\/\/gymfactory.eu\/wp-content\/uploads\/2024\/11\/Component-1.svg","width":54,"height":44,"caption":"Sporto sal\u0117s gamykla"},"image":{"@id":"https:\/\/gymfactory.eu\/lt\/#\/schema\/logo\/image\/"}}]}},"_links":{"self":[{"href":"https:\/\/gymfactory.eu\/lt\/wp-json\/wp\/v2\/product\/9900","targetHints":{"allow":["GET"]}}],"collection":[{"href":"https:\/\/gymfactory.eu\/lt\/wp-json\/wp\/v2\/product"}],"about":[{"href":"https:\/\/gymfactory.eu\/lt\/wp-json\/wp\/v2\/types\/product"}],"wp:featuredmedia":[{"embeddable":true,"href":"https:\/\/gymfactory.eu\/lt\/wp-json\/wp\/v2\/media\/9095"}],"wp:attachment":[{"href":"https:\/\/gymfactory.eu\/lt\/wp-json\/wp\/v2\/media?parent=9900"}],"wp:term":[{"taxonomy":"product_brand","embeddable":true,"href":"https:\/\/gymfactory.eu\/lt\/wp-json\/wp\/v2\/product_brand?post=9900"},{"taxonomy":"product_cat","embeddable":true,"href":"https:\/\/gymfactory.eu\/lt\/wp-json\/wp\/v2\/product_cat?post=9900"},{"taxonomy":"product_tag","embeddable":true,"href":"https:\/\/gymfactory.eu\/lt\/wp-json\/wp\/v2\/product_tag?post=9900"}],"curies":[{"name":"wp","href":"https:\/\/api.w.org\/{rel}","templated":true}]}}