{"id":9898,"date":"2025-02-19T15:33:40","date_gmt":"2025-02-19T13:33:40","guid":{"rendered":"https:\/\/gymfactory.eu\/product\/w6-rankena-su-guolio-tvirtinimu\/"},"modified":"2025-12-08T14:13:15","modified_gmt":"2025-12-08T12:13:15","slug":"w6-rankena-su-guolio-tvirtinimu","status":"publish","type":"product","link":"https:\/\/gymfactory.eu\/lt\/produktas\/w6-rankena-su-guolio-tvirtinimu\/","title":{"rendered":"W6 Rankena su guoliu"},"content":{"rendered":"<p>W6 rankena su guoliu \u2013 universali j\u0117gos treniruo\u010di\u0173 \u012franga, skirta naudoti su trosin\u0117mis sistemomis nam\u0173 ir profesionaliose sporto sal\u0117se. Tiesios formos rankenoje integruotas centrinis guolis, leid\u017eiantis sukibimo daliai laisvai suktis judesio metu.<\/p>\n<p>Tinka \u012fvairiems vir\u0161utin\u0117s k\u016bno dalies pratimams: biceps\u0173 lenkimui, triceps\u0173 st\u016bmimui, traukai ir traukai i\u0161 vir\u0161aus \u2013 patogus, funkcionalus sprendimas tiek pradedantiesiems, tiek pa\u017eengusiems.<\/p>\n\n    <div class=\"xs_social_share_widget xs_share_url after_content \t\tmain_content  wslu-style-1 wslu-share-box-shaped wslu-fill-colored wslu-none wslu-share-horizontal wslu-theme-font-no wslu-main_content\">\n\n\t\t\n        <ul>\n\t\t\t        <\/ul>\n    <\/div> \n","protected":false},"excerpt":{"rendered":"<p>W6 rankena su guoliu \u2013 universali j\u0117gos treniruo\u010di\u0173 \u012franga, skirta naudoti su trosin\u0117mis sistemomis nam\u0173 ir profesionaliose sporto sal\u0117se. Tiesios formos rankenoje integruotas centrinis guolis, leid\u017eiantis sukibimo daliai laisvai suktis judesio metu. Tinka \u012fvairiems vir\u0161utin\u0117s k\u016bno dalies pratimams: biceps\u0173 lenkimui, triceps\u0173 st\u016bmimui, traukai ir traukai i\u0161 vir\u0161aus \u2013 patogus, funkcionalus sprendimas tiek pradedantiesiems, tiek pa\u017eengusiems.<\/p>\n","protected":false},"featured_media":27692,"template":"","meta":{"_acf_changed":false},"product_brand":[817],"product_cat":[418],"product_tag":[415],"class_list":{"0":"post-9898","1":"product","2":"type-product","3":"status-publish","4":"has-post-thumbnail","6":"product_brand-gym-factory-lt","7":"product_cat-treniruokliu-priedai","8":"product_tag-spalva-tik-metaline","10":"first","11":"onbackorder","12":"taxable","13":"shipping-taxable","14":"purchasable","15":"product-type-simple"},"acf":[],"yoast_head":"<!-- This site is optimized with the Yoast SEO plugin v25.2 - https:\/\/yoast.com\/wordpress\/plugins\/seo\/ -->\n<title>W6 rankena su guolio tvirtinimo \u012ftaisu - j\u016bs\u0173 nam\u0173 treniruokli\u0173 salei<\/title>\n<meta name=\"description\" content=\"\u0160i j\u0117gos treniruokli\u0173 \u012franga pasi\u017eymi skland\u017eiu veikimu ir ilgaam\u017ei\u0161kumu, tod\u0117l yra vertingas bet kurios nam\u0173 sporto sal\u0117s, skirtos vir\u0161utin\u0117s k\u016bno dalies treniruot\u0117ms, priedas.\" \/>\n<meta name=\"robots\" content=\"index, follow, max-snippet:-1, max-image-preview:large, max-video-preview:-1\" \/>\n<link rel=\"canonical\" href=\"https:\/\/gymfactory.eu\/lt\/produktas\/w6-rankena-su-guolio-tvirtinimu\/\" \/>\n<meta property=\"og:locale\" content=\"lt_LT\" \/>\n<meta property=\"og:type\" content=\"article\" \/>\n<meta property=\"og:title\" content=\"W6 rankena su guolio tvirtinimo \u012ftaisu - j\u016bs\u0173 nam\u0173 treniruokli\u0173 salei\" \/>\n<meta property=\"og:description\" content=\"\u0160i j\u0117gos treniruokli\u0173 \u012franga pasi\u017eymi skland\u017eiu veikimu ir ilgaam\u017ei\u0161kumu, tod\u0117l yra vertingas bet kurios nam\u0173 sporto sal\u0117s, skirtos vir\u0161utin\u0117s k\u016bno dalies treniruot\u0117ms, priedas.\" \/>\n<meta property=\"og:url\" content=\"https:\/\/gymfactory.eu\/lt\/produktas\/w6-rankena-su-guolio-tvirtinimu\/\" \/>\n<meta property=\"og:site_name\" content=\"Gym Factory\" \/>\n<meta property=\"article:modified_time\" content=\"2025-12-08T12:13:15+00:00\" \/>\n<meta property=\"og:image\" content=\"https:\/\/gymfactory.eu\/wp-content\/uploads\/2025\/02\/high-quality-steel-structure-straight-handle-1-1-1.webp\" \/>\n\t<meta property=\"og:image:width\" content=\"1500\" \/>\n\t<meta property=\"og:image:height\" content=\"1500\" \/>\n\t<meta property=\"og:image:type\" content=\"image\/webp\" \/>\n<meta name=\"twitter:card\" content=\"summary_large_image\" \/>\n<meta name=\"twitter:label1\" content=\"Est. reading time\" \/>\n\t<meta name=\"twitter:data1\" content=\"1 minut\u0117\" \/>\n<script type=\"application\/ld+json\" class=\"yoast-schema-graph\">{\"@context\":\"https:\/\/schema.org\",\"@graph\":[{\"@type\":\"WebPage\",\"@id\":\"https:\/\/gymfactory.eu\/lt\/produktas\/w6-rankena-su-guolio-tvirtinimu\/\",\"url\":\"https:\/\/gymfactory.eu\/lt\/produktas\/w6-rankena-su-guolio-tvirtinimu\/\",\"name\":\"W6 rankena su guolio tvirtinimo \u012ftaisu - j\u016bs\u0173 nam\u0173 treniruokli\u0173 salei\",\"isPartOf\":{\"@id\":\"https:\/\/gymfactory.eu\/lt\/#website\"},\"primaryImageOfPage\":{\"@id\":\"https:\/\/gymfactory.eu\/lt\/produktas\/w6-rankena-su-guolio-tvirtinimu\/#primaryimage\"},\"image\":{\"@id\":\"https:\/\/gymfactory.eu\/lt\/produktas\/w6-rankena-su-guolio-tvirtinimu\/#primaryimage\"},\"thumbnailUrl\":\"https:\/\/gymfactory.eu\/wp-content\/uploads\/2025\/02\/high-quality-steel-structure-straight-handle-1-1-1.webp\",\"datePublished\":\"2025-02-19T13:33:40+00:00\",\"dateModified\":\"2025-12-08T12:13:15+00:00\",\"description\":\"\u0160i j\u0117gos treniruokli\u0173 \u012franga pasi\u017eymi skland\u017eiu veikimu ir ilgaam\u017ei\u0161kumu, tod\u0117l yra vertingas bet kurios nam\u0173 sporto sal\u0117s, skirtos vir\u0161utin\u0117s k\u016bno dalies treniruot\u0117ms, priedas.\",\"breadcrumb\":{\"@id\":\"https:\/\/gymfactory.eu\/lt\/produktas\/w6-rankena-su-guolio-tvirtinimu\/#breadcrumb\"},\"inLanguage\":\"lt-LT\",\"potentialAction\":[{\"@type\":\"ReadAction\",\"target\":[\"https:\/\/gymfactory.eu\/lt\/produktas\/w6-rankena-su-guolio-tvirtinimu\/\"]}]},{\"@type\":\"ImageObject\",\"inLanguage\":\"lt-LT\",\"@id\":\"https:\/\/gymfactory.eu\/lt\/produktas\/w6-rankena-su-guolio-tvirtinimu\/#primaryimage\",\"url\":\"https:\/\/gymfactory.eu\/wp-content\/uploads\/2025\/02\/high-quality-steel-structure-straight-handle-1-1-1.webp\",\"contentUrl\":\"https:\/\/gymfactory.eu\/wp-content\/uploads\/2025\/02\/high-quality-steel-structure-straight-handle-1-1-1.webp\",\"width\":1500,\"height\":1500,\"caption\":\"A black\u00a0piece of equipment for weight training\u00a0handle attachment with a central mounting bracket. Made of durable steel, this handle is designed for cable machines, allowing for a firm and balanced grip during various strength exercises like seated rows and lat pulldowns.\"},{\"@type\":\"BreadcrumbList\",\"@id\":\"https:\/\/gymfactory.eu\/lt\/produktas\/w6-rankena-su-guolio-tvirtinimu\/#breadcrumb\",\"itemListElement\":[{\"@type\":\"ListItem\",\"position\":1,\"name\":\"Pagrindinis\",\"item\":\"https:\/\/gymfactory.eu\/lt\/\"},{\"@type\":\"ListItem\",\"position\":2,\"name\":\"Katalogas\",\"item\":\"https:\/\/gymfactory.eu\/lt\/katalogas\/\"},{\"@type\":\"ListItem\",\"position\":3,\"name\":\"W6 Rankena su guoliu\"}]},{\"@type\":\"WebSite\",\"@id\":\"https:\/\/gymfactory.eu\/lt\/#website\",\"url\":\"https:\/\/gymfactory.eu\/lt\/\",\"name\":\"Gym Factory\",\"description\":\"\",\"publisher\":{\"@id\":\"https:\/\/gymfactory.eu\/lt\/#organization\"},\"potentialAction\":[{\"@type\":\"SearchAction\",\"target\":{\"@type\":\"EntryPoint\",\"urlTemplate\":\"https:\/\/gymfactory.eu\/lt\/?s={search_term_string}\"},\"query-input\":{\"@type\":\"PropertyValueSpecification\",\"valueRequired\":true,\"valueName\":\"search_term_string\"}}],\"inLanguage\":\"lt-LT\"},{\"@type\":\"Organization\",\"@id\":\"https:\/\/gymfactory.eu\/lt\/#organization\",\"name\":\"Sporto sal\u0117s gamykla\",\"url\":\"https:\/\/gymfactory.eu\/lt\/\",\"logo\":{\"@type\":\"ImageObject\",\"inLanguage\":\"lt-LT\",\"@id\":\"https:\/\/gymfactory.eu\/lt\/#\/schema\/logo\/image\/\",\"url\":\"https:\/\/gymfactory.eu\/wp-content\/uploads\/2024\/11\/Component-1.svg\",\"contentUrl\":\"https:\/\/gymfactory.eu\/wp-content\/uploads\/2024\/11\/Component-1.svg\",\"width\":54,\"height\":44,\"caption\":\"Sporto sal\u0117s gamykla\"},\"image\":{\"@id\":\"https:\/\/gymfactory.eu\/lt\/#\/schema\/logo\/image\/\"}}]}<\/script>\n<!-- \/ Yoast SEO plugin. -->","yoast_head_json":{"title":"W6 rankena su guolio tvirtinimo \u012ftaisu - j\u016bs\u0173 nam\u0173 treniruokli\u0173 salei","description":"\u0160i j\u0117gos treniruokli\u0173 \u012franga pasi\u017eymi skland\u017eiu veikimu ir ilgaam\u017ei\u0161kumu, tod\u0117l yra vertingas bet kurios nam\u0173 sporto sal\u0117s, skirtos vir\u0161utin\u0117s k\u016bno dalies treniruot\u0117ms, priedas.","robots":{"index":"index","follow":"follow","max-snippet":"max-snippet:-1","max-image-preview":"max-image-preview:large","max-video-preview":"max-video-preview:-1"},"canonical":"https:\/\/gymfactory.eu\/lt\/produktas\/w6-rankena-su-guolio-tvirtinimu\/","og_locale":"lt_LT","og_type":"article","og_title":"W6 rankena su guolio tvirtinimo \u012ftaisu - j\u016bs\u0173 nam\u0173 treniruokli\u0173 salei","og_description":"\u0160i j\u0117gos treniruokli\u0173 \u012franga pasi\u017eymi skland\u017eiu veikimu ir ilgaam\u017ei\u0161kumu, tod\u0117l yra vertingas bet kurios nam\u0173 sporto sal\u0117s, skirtos vir\u0161utin\u0117s k\u016bno dalies treniruot\u0117ms, priedas.","og_url":"https:\/\/gymfactory.eu\/lt\/produktas\/w6-rankena-su-guolio-tvirtinimu\/","og_site_name":"Gym Factory","article_modified_time":"2025-12-08T12:13:15+00:00","og_image":[{"width":1500,"height":1500,"url":"https:\/\/gymfactory.eu\/wp-content\/uploads\/2025\/02\/high-quality-steel-structure-straight-handle-1-1-1.webp","type":"image\/webp"}],"twitter_card":"summary_large_image","twitter_misc":{"Est. reading time":"1 minut\u0117"},"schema":{"@context":"https:\/\/schema.org","@graph":[{"@type":"WebPage","@id":"https:\/\/gymfactory.eu\/lt\/produktas\/w6-rankena-su-guolio-tvirtinimu\/","url":"https:\/\/gymfactory.eu\/lt\/produktas\/w6-rankena-su-guolio-tvirtinimu\/","name":"W6 rankena su guolio tvirtinimo \u012ftaisu - j\u016bs\u0173 nam\u0173 treniruokli\u0173 salei","isPartOf":{"@id":"https:\/\/gymfactory.eu\/lt\/#website"},"primaryImageOfPage":{"@id":"https:\/\/gymfactory.eu\/lt\/produktas\/w6-rankena-su-guolio-tvirtinimu\/#primaryimage"},"image":{"@id":"https:\/\/gymfactory.eu\/lt\/produktas\/w6-rankena-su-guolio-tvirtinimu\/#primaryimage"},"thumbnailUrl":"https:\/\/gymfactory.eu\/wp-content\/uploads\/2025\/02\/high-quality-steel-structure-straight-handle-1-1-1.webp","datePublished":"2025-02-19T13:33:40+00:00","dateModified":"2025-12-08T12:13:15+00:00","description":"\u0160i j\u0117gos treniruokli\u0173 \u012franga pasi\u017eymi skland\u017eiu veikimu ir ilgaam\u017ei\u0161kumu, tod\u0117l yra vertingas bet kurios nam\u0173 sporto sal\u0117s, skirtos vir\u0161utin\u0117s k\u016bno dalies treniruot\u0117ms, priedas.","breadcrumb":{"@id":"https:\/\/gymfactory.eu\/lt\/produktas\/w6-rankena-su-guolio-tvirtinimu\/#breadcrumb"},"inLanguage":"lt-LT","potentialAction":[{"@type":"ReadAction","target":["https:\/\/gymfactory.eu\/lt\/produktas\/w6-rankena-su-guolio-tvirtinimu\/"]}]},{"@type":"ImageObject","inLanguage":"lt-LT","@id":"https:\/\/gymfactory.eu\/lt\/produktas\/w6-rankena-su-guolio-tvirtinimu\/#primaryimage","url":"https:\/\/gymfactory.eu\/wp-content\/uploads\/2025\/02\/high-quality-steel-structure-straight-handle-1-1-1.webp","contentUrl":"https:\/\/gymfactory.eu\/wp-content\/uploads\/2025\/02\/high-quality-steel-structure-straight-handle-1-1-1.webp","width":1500,"height":1500,"caption":"A black\u00a0piece of equipment for weight training\u00a0handle attachment with a central mounting bracket. Made of durable steel, this handle is designed for cable machines, allowing for a firm and balanced grip during various strength exercises like seated rows and lat pulldowns."},{"@type":"BreadcrumbList","@id":"https:\/\/gymfactory.eu\/lt\/produktas\/w6-rankena-su-guolio-tvirtinimu\/#breadcrumb","itemListElement":[{"@type":"ListItem","position":1,"name":"Pagrindinis","item":"https:\/\/gymfactory.eu\/lt\/"},{"@type":"ListItem","position":2,"name":"Katalogas","item":"https:\/\/gymfactory.eu\/lt\/katalogas\/"},{"@type":"ListItem","position":3,"name":"W6 Rankena su guoliu"}]},{"@type":"WebSite","@id":"https:\/\/gymfactory.eu\/lt\/#website","url":"https:\/\/gymfactory.eu\/lt\/","name":"Gym Factory","description":"","publisher":{"@id":"https:\/\/gymfactory.eu\/lt\/#organization"},"potentialAction":[{"@type":"SearchAction","target":{"@type":"EntryPoint","urlTemplate":"https:\/\/gymfactory.eu\/lt\/?s={search_term_string}"},"query-input":{"@type":"PropertyValueSpecification","valueRequired":true,"valueName":"search_term_string"}}],"inLanguage":"lt-LT"},{"@type":"Organization","@id":"https:\/\/gymfactory.eu\/lt\/#organization","name":"Sporto sal\u0117s gamykla","url":"https:\/\/gymfactory.eu\/lt\/","logo":{"@type":"ImageObject","inLanguage":"lt-LT","@id":"https:\/\/gymfactory.eu\/lt\/#\/schema\/logo\/image\/","url":"https:\/\/gymfactory.eu\/wp-content\/uploads\/2024\/11\/Component-1.svg","contentUrl":"https:\/\/gymfactory.eu\/wp-content\/uploads\/2024\/11\/Component-1.svg","width":54,"height":44,"caption":"Sporto sal\u0117s gamykla"},"image":{"@id":"https:\/\/gymfactory.eu\/lt\/#\/schema\/logo\/image\/"}}]}},"_links":{"self":[{"href":"https:\/\/gymfactory.eu\/lt\/wp-json\/wp\/v2\/product\/9898","targetHints":{"allow":["GET"]}}],"collection":[{"href":"https:\/\/gymfactory.eu\/lt\/wp-json\/wp\/v2\/product"}],"about":[{"href":"https:\/\/gymfactory.eu\/lt\/wp-json\/wp\/v2\/types\/product"}],"wp:featuredmedia":[{"embeddable":true,"href":"https:\/\/gymfactory.eu\/lt\/wp-json\/wp\/v2\/media\/27692"}],"wp:attachment":[{"href":"https:\/\/gymfactory.eu\/lt\/wp-json\/wp\/v2\/media?parent=9898"}],"wp:term":[{"taxonomy":"product_brand","embeddable":true,"href":"https:\/\/gymfactory.eu\/lt\/wp-json\/wp\/v2\/product_brand?post=9898"},{"taxonomy":"product_cat","embeddable":true,"href":"https:\/\/gymfactory.eu\/lt\/wp-json\/wp\/v2\/product_cat?post=9898"},{"taxonomy":"product_tag","embeddable":true,"href":"https:\/\/gymfactory.eu\/lt\/wp-json\/wp\/v2\/product_tag?post=9898"}],"curies":[{"name":"wp","href":"https:\/\/api.w.org\/{rel}","templated":true}]}}