{"id":9897,"date":"2025-02-19T15:44:44","date_gmt":"2025-02-19T13:44:44","guid":{"rendered":"https:\/\/gymfactory.eu\/product\/w5x-kabelio-rankenos-tvirtinimo-itaisas\/"},"modified":"2025-09-09T13:24:23","modified_gmt":"2025-09-09T10:24:23","slug":"w5x-kabelio-rankenos-tvirtinimo-itaisas","status":"publish","type":"product","link":"https:\/\/gymfactory.eu\/lt\/produktas\/w5x-kabelio-rankenos-tvirtinimo-itaisas\/","title":{"rendered":"W5X Rankena"},"content":{"rendered":"<p>W5X rankena \u2013 j\u0117gos treniruo\u010di\u0173 \u012franga, skirta darbui su trosin\u0117mis sistemomis. I\u0161lenktos formos rankena su centriniu guoliu leid\u017eia sukibimo daliai laisvai suktis judesio metu, u\u017etikrinant tolyg\u0173 ir skland\u0173 veikim\u0105.<\/p>\n<p>Ypa\u010d tinkama triceps\u0173 st\u016bmimo pratimams \u2013 suma\u017eina \u012ftamp\u0105 s\u0105nariams ir padidina komfort\u0105 spaudimo metu.<\/p>\n\n    <div class=\"xs_social_share_widget xs_share_url after_content \t\tmain_content  wslu-style-1 wslu-share-box-shaped wslu-fill-colored wslu-none wslu-share-horizontal wslu-theme-font-no wslu-main_content\">\n\n\t\t\n        <ul>\n\t\t\t        <\/ul>\n    <\/div> \n","protected":false},"excerpt":{"rendered":"<p>W5X rankena \u2013 j\u0117gos treniruo\u010di\u0173 \u012franga, skirta darbui su trosin\u0117mis sistemomis. I\u0161lenktos formos rankena su centriniu guoliu leid\u017eia sukibimo daliai laisvai suktis judesio metu, u\u017etikrinant tolyg\u0173 ir skland\u0173 veikim\u0105. Ypa\u010d tinkama triceps\u0173 st\u016bmimo pratimams \u2013 suma\u017eina \u012ftamp\u0105 s\u0105nariams ir padidina komfort\u0105 spaudimo metu.<\/p>\n","protected":false},"featured_media":9136,"template":"","meta":{"_acf_changed":false},"product_brand":[56],"product_cat":[418],"product_tag":[415],"class_list":{"0":"post-9897","1":"product","2":"type-product","3":"status-publish","4":"has-post-thumbnail","6":"product_brand-gym-factory","7":"product_cat-treniruokliu-priedai","8":"product_tag-spalva-tik-metaline","10":"first","11":"onbackorder","12":"taxable","13":"shipping-taxable","14":"purchasable","15":"product-type-simple"},"acf":[],"yoast_head":"<!-- This site is optimized with the Yoast SEO plugin v25.2 - https:\/\/yoast.com\/wordpress\/plugins\/seo\/ -->\n<title>W5 kabelio rankenos priedas - Svorio treniruokli\u0173 \u012franga<\/title>\n<meta name=\"description\" content=\"\u0160is i\u0161 auk\u0161tos kokyb\u0117s plieno konstrukcijos pagamintas kabelio rankenos tvirtinimo \u012ftaisas skirtas intensyviems j\u0117gos treniruo\u010di\u0173 pratimams atlikti.\" \/>\n<meta name=\"robots\" content=\"index, follow, max-snippet:-1, max-image-preview:large, max-video-preview:-1\" \/>\n<link rel=\"canonical\" href=\"https:\/\/gymfactory.eu\/lt\/produktas\/w5x-kabelio-rankenos-tvirtinimo-itaisas\/\" \/>\n<meta property=\"og:locale\" content=\"lt_LT\" \/>\n<meta property=\"og:type\" content=\"article\" \/>\n<meta property=\"og:title\" content=\"W5 kabelio rankenos priedas - Svorio treniruokli\u0173 \u012franga\" \/>\n<meta property=\"og:description\" content=\"\u0160is i\u0161 auk\u0161tos kokyb\u0117s plieno konstrukcijos pagamintas kabelio rankenos tvirtinimo \u012ftaisas skirtas intensyviems j\u0117gos treniruo\u010di\u0173 pratimams atlikti.\" \/>\n<meta property=\"og:url\" content=\"https:\/\/gymfactory.eu\/lt\/produktas\/w5x-kabelio-rankenos-tvirtinimo-itaisas\/\" \/>\n<meta property=\"og:site_name\" content=\"Gym Factory\" \/>\n<meta property=\"article:modified_time\" content=\"2025-09-09T10:24:23+00:00\" \/>\n<meta property=\"og:image\" content=\"https:\/\/gymfactory.eu\/wp-content\/uploads\/2025\/02\/high-quality-steel-structure-dual-grip-attachment-2.webp\" \/>\n\t<meta property=\"og:image:width\" content=\"1500\" \/>\n\t<meta property=\"og:image:height\" content=\"1500\" \/>\n\t<meta property=\"og:image:type\" content=\"image\/webp\" \/>\n<meta name=\"twitter:card\" content=\"summary_large_image\" \/>\n<meta name=\"twitter:label1\" content=\"Est. reading time\" \/>\n\t<meta name=\"twitter:data1\" content=\"1 minut\u0117\" \/>\n<script type=\"application\/ld+json\" class=\"yoast-schema-graph\">{\"@context\":\"https:\/\/schema.org\",\"@graph\":[{\"@type\":\"WebPage\",\"@id\":\"https:\/\/gymfactory.eu\/lt\/produktas\/w5x-kabelio-rankenos-tvirtinimo-itaisas\/\",\"url\":\"https:\/\/gymfactory.eu\/lt\/produktas\/w5x-kabelio-rankenos-tvirtinimo-itaisas\/\",\"name\":\"W5 kabelio rankenos priedas - Svorio treniruokli\u0173 \u012franga\",\"isPartOf\":{\"@id\":\"https:\/\/gymfactory.eu\/lt\/#website\"},\"primaryImageOfPage\":{\"@id\":\"https:\/\/gymfactory.eu\/lt\/produktas\/w5x-kabelio-rankenos-tvirtinimo-itaisas\/#primaryimage\"},\"image\":{\"@id\":\"https:\/\/gymfactory.eu\/lt\/produktas\/w5x-kabelio-rankenos-tvirtinimo-itaisas\/#primaryimage\"},\"thumbnailUrl\":\"https:\/\/gymfactory.eu\/wp-content\/uploads\/2025\/02\/high-quality-steel-structure-dual-grip-attachment-2.webp\",\"datePublished\":\"2025-02-19T13:44:44+00:00\",\"dateModified\":\"2025-09-09T10:24:23+00:00\",\"description\":\"\u0160is i\u0161 auk\u0161tos kokyb\u0117s plieno konstrukcijos pagamintas kabelio rankenos tvirtinimo \u012ftaisas skirtas intensyviems j\u0117gos treniruo\u010di\u0173 pratimams atlikti.\",\"breadcrumb\":{\"@id\":\"https:\/\/gymfactory.eu\/lt\/produktas\/w5x-kabelio-rankenos-tvirtinimo-itaisas\/#breadcrumb\"},\"inLanguage\":\"lt-LT\",\"potentialAction\":[{\"@type\":\"ReadAction\",\"target\":[\"https:\/\/gymfactory.eu\/lt\/produktas\/w5x-kabelio-rankenos-tvirtinimo-itaisas\/\"]}]},{\"@type\":\"ImageObject\",\"inLanguage\":\"lt-LT\",\"@id\":\"https:\/\/gymfactory.eu\/lt\/produktas\/w5x-kabelio-rankenos-tvirtinimo-itaisas\/#primaryimage\",\"url\":\"https:\/\/gymfactory.eu\/wp-content\/uploads\/2025\/02\/high-quality-steel-structure-dual-grip-attachment-2.webp\",\"contentUrl\":\"https:\/\/gymfactory.eu\/wp-content\/uploads\/2025\/02\/high-quality-steel-structure-dual-grip-attachment-2.webp\",\"width\":1500,\"height\":1500,\"caption\":\"Sunkiasvor\u0117 \u012franga treniruot\u0117ms su svoriu Dviguba rankena su centriniu besisukan\u010diu \u0161arnyru. \u0160i rankena su tekst\u016bruotomis sidabrin\u0117mis rankenomis ir juodu plieniniu korpusu idealiai tinka s\u0117dimoms eil\u0117ms ir plat\u0117jantiems prisitraukimams, u\u017etikrina stabilum\u0105 ir saug\u0173 su\u0117mim\u0105 j\u0117gos treniruo\u010di\u0173 metu.\"},{\"@type\":\"BreadcrumbList\",\"@id\":\"https:\/\/gymfactory.eu\/lt\/produktas\/w5x-kabelio-rankenos-tvirtinimo-itaisas\/#breadcrumb\",\"itemListElement\":[{\"@type\":\"ListItem\",\"position\":1,\"name\":\"Pagrindinis\",\"item\":\"https:\/\/gymfactory.eu\/lt\/\"},{\"@type\":\"ListItem\",\"position\":2,\"name\":\"Katalogas\",\"item\":\"https:\/\/gymfactory.eu\/lt\/katalogas\/\"},{\"@type\":\"ListItem\",\"position\":3,\"name\":\"W5X Rankena\"}]},{\"@type\":\"WebSite\",\"@id\":\"https:\/\/gymfactory.eu\/lt\/#website\",\"url\":\"https:\/\/gymfactory.eu\/lt\/\",\"name\":\"Gym Factory\",\"description\":\"\",\"publisher\":{\"@id\":\"https:\/\/gymfactory.eu\/lt\/#organization\"},\"potentialAction\":[{\"@type\":\"SearchAction\",\"target\":{\"@type\":\"EntryPoint\",\"urlTemplate\":\"https:\/\/gymfactory.eu\/lt\/?s={search_term_string}\"},\"query-input\":{\"@type\":\"PropertyValueSpecification\",\"valueRequired\":true,\"valueName\":\"search_term_string\"}}],\"inLanguage\":\"lt-LT\"},{\"@type\":\"Organization\",\"@id\":\"https:\/\/gymfactory.eu\/lt\/#organization\",\"name\":\"Sporto sal\u0117s gamykla\",\"url\":\"https:\/\/gymfactory.eu\/lt\/\",\"logo\":{\"@type\":\"ImageObject\",\"inLanguage\":\"lt-LT\",\"@id\":\"https:\/\/gymfactory.eu\/lt\/#\/schema\/logo\/image\/\",\"url\":\"https:\/\/gymfactory.eu\/wp-content\/uploads\/2024\/11\/Component-1.svg\",\"contentUrl\":\"https:\/\/gymfactory.eu\/wp-content\/uploads\/2024\/11\/Component-1.svg\",\"width\":54,\"height\":44,\"caption\":\"Sporto sal\u0117s gamykla\"},\"image\":{\"@id\":\"https:\/\/gymfactory.eu\/lt\/#\/schema\/logo\/image\/\"}}]}<\/script>\n<!-- \/ Yoast SEO plugin. -->","yoast_head_json":{"title":"W5 kabelio rankenos priedas - Svorio treniruokli\u0173 \u012franga","description":"\u0160is i\u0161 auk\u0161tos kokyb\u0117s plieno konstrukcijos pagamintas kabelio rankenos tvirtinimo \u012ftaisas skirtas intensyviems j\u0117gos treniruo\u010di\u0173 pratimams atlikti.","robots":{"index":"index","follow":"follow","max-snippet":"max-snippet:-1","max-image-preview":"max-image-preview:large","max-video-preview":"max-video-preview:-1"},"canonical":"https:\/\/gymfactory.eu\/lt\/produktas\/w5x-kabelio-rankenos-tvirtinimo-itaisas\/","og_locale":"lt_LT","og_type":"article","og_title":"W5 kabelio rankenos priedas - Svorio treniruokli\u0173 \u012franga","og_description":"\u0160is i\u0161 auk\u0161tos kokyb\u0117s plieno konstrukcijos pagamintas kabelio rankenos tvirtinimo \u012ftaisas skirtas intensyviems j\u0117gos treniruo\u010di\u0173 pratimams atlikti.","og_url":"https:\/\/gymfactory.eu\/lt\/produktas\/w5x-kabelio-rankenos-tvirtinimo-itaisas\/","og_site_name":"Gym Factory","article_modified_time":"2025-09-09T10:24:23+00:00","og_image":[{"width":1500,"height":1500,"url":"https:\/\/gymfactory.eu\/wp-content\/uploads\/2025\/02\/high-quality-steel-structure-dual-grip-attachment-2.webp","type":"image\/webp"}],"twitter_card":"summary_large_image","twitter_misc":{"Est. reading time":"1 minut\u0117"},"schema":{"@context":"https:\/\/schema.org","@graph":[{"@type":"WebPage","@id":"https:\/\/gymfactory.eu\/lt\/produktas\/w5x-kabelio-rankenos-tvirtinimo-itaisas\/","url":"https:\/\/gymfactory.eu\/lt\/produktas\/w5x-kabelio-rankenos-tvirtinimo-itaisas\/","name":"W5 kabelio rankenos priedas - Svorio treniruokli\u0173 \u012franga","isPartOf":{"@id":"https:\/\/gymfactory.eu\/lt\/#website"},"primaryImageOfPage":{"@id":"https:\/\/gymfactory.eu\/lt\/produktas\/w5x-kabelio-rankenos-tvirtinimo-itaisas\/#primaryimage"},"image":{"@id":"https:\/\/gymfactory.eu\/lt\/produktas\/w5x-kabelio-rankenos-tvirtinimo-itaisas\/#primaryimage"},"thumbnailUrl":"https:\/\/gymfactory.eu\/wp-content\/uploads\/2025\/02\/high-quality-steel-structure-dual-grip-attachment-2.webp","datePublished":"2025-02-19T13:44:44+00:00","dateModified":"2025-09-09T10:24:23+00:00","description":"\u0160is i\u0161 auk\u0161tos kokyb\u0117s plieno konstrukcijos pagamintas kabelio rankenos tvirtinimo \u012ftaisas skirtas intensyviems j\u0117gos treniruo\u010di\u0173 pratimams atlikti.","breadcrumb":{"@id":"https:\/\/gymfactory.eu\/lt\/produktas\/w5x-kabelio-rankenos-tvirtinimo-itaisas\/#breadcrumb"},"inLanguage":"lt-LT","potentialAction":[{"@type":"ReadAction","target":["https:\/\/gymfactory.eu\/lt\/produktas\/w5x-kabelio-rankenos-tvirtinimo-itaisas\/"]}]},{"@type":"ImageObject","inLanguage":"lt-LT","@id":"https:\/\/gymfactory.eu\/lt\/produktas\/w5x-kabelio-rankenos-tvirtinimo-itaisas\/#primaryimage","url":"https:\/\/gymfactory.eu\/wp-content\/uploads\/2025\/02\/high-quality-steel-structure-dual-grip-attachment-2.webp","contentUrl":"https:\/\/gymfactory.eu\/wp-content\/uploads\/2025\/02\/high-quality-steel-structure-dual-grip-attachment-2.webp","width":1500,"height":1500,"caption":"Sunkiasvor\u0117 \u012franga treniruot\u0117ms su svoriu Dviguba rankena su centriniu besisukan\u010diu \u0161arnyru. \u0160i rankena su tekst\u016bruotomis sidabrin\u0117mis rankenomis ir juodu plieniniu korpusu idealiai tinka s\u0117dimoms eil\u0117ms ir plat\u0117jantiems prisitraukimams, u\u017etikrina stabilum\u0105 ir saug\u0173 su\u0117mim\u0105 j\u0117gos treniruo\u010di\u0173 metu."},{"@type":"BreadcrumbList","@id":"https:\/\/gymfactory.eu\/lt\/produktas\/w5x-kabelio-rankenos-tvirtinimo-itaisas\/#breadcrumb","itemListElement":[{"@type":"ListItem","position":1,"name":"Pagrindinis","item":"https:\/\/gymfactory.eu\/lt\/"},{"@type":"ListItem","position":2,"name":"Katalogas","item":"https:\/\/gymfactory.eu\/lt\/katalogas\/"},{"@type":"ListItem","position":3,"name":"W5X Rankena"}]},{"@type":"WebSite","@id":"https:\/\/gymfactory.eu\/lt\/#website","url":"https:\/\/gymfactory.eu\/lt\/","name":"Gym Factory","description":"","publisher":{"@id":"https:\/\/gymfactory.eu\/lt\/#organization"},"potentialAction":[{"@type":"SearchAction","target":{"@type":"EntryPoint","urlTemplate":"https:\/\/gymfactory.eu\/lt\/?s={search_term_string}"},"query-input":{"@type":"PropertyValueSpecification","valueRequired":true,"valueName":"search_term_string"}}],"inLanguage":"lt-LT"},{"@type":"Organization","@id":"https:\/\/gymfactory.eu\/lt\/#organization","name":"Sporto sal\u0117s gamykla","url":"https:\/\/gymfactory.eu\/lt\/","logo":{"@type":"ImageObject","inLanguage":"lt-LT","@id":"https:\/\/gymfactory.eu\/lt\/#\/schema\/logo\/image\/","url":"https:\/\/gymfactory.eu\/wp-content\/uploads\/2024\/11\/Component-1.svg","contentUrl":"https:\/\/gymfactory.eu\/wp-content\/uploads\/2024\/11\/Component-1.svg","width":54,"height":44,"caption":"Sporto sal\u0117s gamykla"},"image":{"@id":"https:\/\/gymfactory.eu\/lt\/#\/schema\/logo\/image\/"}}]}},"_links":{"self":[{"href":"https:\/\/gymfactory.eu\/lt\/wp-json\/wp\/v2\/product\/9897","targetHints":{"allow":["GET"]}}],"collection":[{"href":"https:\/\/gymfactory.eu\/lt\/wp-json\/wp\/v2\/product"}],"about":[{"href":"https:\/\/gymfactory.eu\/lt\/wp-json\/wp\/v2\/types\/product"}],"wp:featuredmedia":[{"embeddable":true,"href":"https:\/\/gymfactory.eu\/lt\/wp-json\/wp\/v2\/media\/9136"}],"wp:attachment":[{"href":"https:\/\/gymfactory.eu\/lt\/wp-json\/wp\/v2\/media?parent=9897"}],"wp:term":[{"taxonomy":"product_brand","embeddable":true,"href":"https:\/\/gymfactory.eu\/lt\/wp-json\/wp\/v2\/product_brand?post=9897"},{"taxonomy":"product_cat","embeddable":true,"href":"https:\/\/gymfactory.eu\/lt\/wp-json\/wp\/v2\/product_cat?post=9897"},{"taxonomy":"product_tag","embeddable":true,"href":"https:\/\/gymfactory.eu\/lt\/wp-json\/wp\/v2\/product_tag?post=9897"}],"curies":[{"name":"wp","href":"https:\/\/api.w.org\/{rel}","templated":true}]}}