{"id":9893,"date":"2025-02-12T15:43:48","date_gmt":"2025-02-12T13:43:48","guid":{"rendered":"https:\/\/gymfactory.eu\/product\/b6x-power-rack\/"},"modified":"2025-12-05T13:29:22","modified_gmt":"2025-12-05T11:29:22","slug":"b6x-power-rack","status":"publish","type":"product","link":"https:\/\/gymfactory.eu\/lt\/produktas\/b6x-power-rack\/","title":{"rendered":"B6X J\u0117gos stovas"},"content":{"rendered":"<p>B6X J\u0117gos stovas \u2013 tai tvirta, saugiam ir universaliam darbui su laisvaisiais svoriais skirta konstrukcija. Tinka tiek profesionalioms sporto sal\u0117ms, tiek sportuojantiems namuose. \u0160is stovas leid\u017eia atlikti pilnas viso k\u016bno treniruotes, apjungiant \u0161tangos ir k\u016bno svorio pratimus.<\/p>\n<p>Stovas komplektuojamas su keturiais \u0161tangos laikikliais, kuriuos galima greitai perstatyti \u012f skirtingas auk\u0161\u010dio pozicijas, naudojant vertikali\u0173 ang\u0173 sistem\u0105. Dvi apsaugin\u0117s atramos u\u017etikrina saugum\u0105, jei pakartojimas nepavyksta \u2013 tai suteikia daugiau pasitik\u0117jimo atliekant sunkius k\u0117limus. Vir\u0161utin\u0117je dalyje integruoti du prisitraukim\u0173 skersiniai, o papildomi kai\u0161\u010diai leid\u017eia naudoti pasiprie\u0161inimo gum\u0173 tvirtinim\u0105.<\/p>\n<p>B6X \u2013 tai patikima \u012franga rimtam j\u0117gos treniruo\u010di\u0173 darbui, suteikianti stabili\u0105 ir pritaikom\u0105 baz\u0119 \u012fvairiems pratimas.<\/p>\n<p>Norint i\u0161pl\u0117sti treniruo\u010di\u0173 galimybes, rekomenduojame prid\u0117ti suderinamus priedus, tokius kaip:<br \/>\n<a href=\"https:\/\/gymfactory.eu\/product\/z03g1-olympic-barbell\/\" target=\"_blank\" rel=\"noopener\">Z03G1 olimpin\u0117 \u0161tanga<\/a>, <a href=\"https:\/\/gymfactory.eu\/product\/z03g-olympic-barbell\/\" target=\"_blank\" rel=\"noopener\">Z03G olimpin\u0117 \u0161tanga<\/a>, <a href=\"https:\/\/gymfactory.eu\/product\/z17p-step-up-platform\/\" target=\"_blank\" rel=\"noopener\">Z17P platforma<\/a>,<br \/>\n<a href=\"https:\/\/gymfactory.eu\/product\/z17sx-monolift-lock\/\" target=\"_blank\" rel=\"noopener\">Z17SX Monolifto spynos<\/a>, <a href=\"https:\/\/gymfactory.eu\/product\/z17t-landmine\/\" target=\"_blank\" rel=\"noopener\">Z17T T-Bar traukos priedas<\/a>, <a href=\"https:\/\/gymfactory.eu\/product\/z17l-dip\/\" target=\"_blank\" rel=\"noopener\">Z17L lygiagret\u0117s<\/a>\u00a0arba <a href=\"https:\/\/gymfactory.eu\/product\/z20-jammer-arms\/\" target=\"_blank\" rel=\"noopener\">Z20 rankenos<\/a>.<br \/>\nPuikus priedas yra ir tinkamas suoliukas, pavyzd\u017eiui, <a href=\"https:\/\/gymfactory.eu\/product\/j2-adjustable-bench\/\" target=\"_blank\" rel=\"noopener\">J2 reguliuojamas suoliukas<\/a> arba <a href=\"https:\/\/gymfactory.eu\/product\/j3-adjustable-bench\/\" target=\"_blank\" rel=\"noopener\">J3 reguliuojamas suoliukas<\/a>.<\/p>\n\n    <div class=\"xs_social_share_widget xs_share_url after_content \t\tmain_content  wslu-style-1 wslu-share-box-shaped wslu-fill-colored wslu-none wslu-share-horizontal wslu-theme-font-no wslu-main_content\">\n\n\t\t\n        <ul>\n\t\t\t        <\/ul>\n    <\/div> \n","protected":false},"excerpt":{"rendered":"<p>B6X J\u0117gos stovas \u2013 tai tvirta, saugiam ir universaliam darbui su laisvaisiais svoriais skirta konstrukcija. Tinka tiek profesionalioms sporto sal\u0117ms, tiek sportuojantiems namuose. \u0160is stovas leid\u017eia atlikti pilnas viso k\u016bno treniruotes, apjungiant \u0161tangos ir k\u016bno svorio pratimus. Stovas komplektuojamas su keturiais \u0161tangos laikikliais, kuriuos galima greitai perstatyti \u012f skirtingas auk\u0161\u010dio pozicijas, naudojant vertikali\u0173 ang\u0173 sistem\u0105. [&hellip;]<\/p>\n","protected":false},"featured_media":9069,"template":"","meta":{"_acf_changed":false},"product_brand":[817],"product_cat":[435],"product_tag":[415],"class_list":{"0":"post-9893","1":"product","2":"type-product","3":"status-publish","4":"has-post-thumbnail","6":"product_brand-gym-factory-lt","7":"product_cat-stovai","8":"product_tag-spalva-tik-metaline","10":"first","11":"onbackorder","12":"taxable","13":"shipping-taxable","14":"purchasable","15":"product-type-variable","16":"has-default-attributes"},"acf":[],"yoast_head":"<!-- This site is optimized with the Yoast SEO plugin v25.2 - https:\/\/yoast.com\/wordpress\/plugins\/seo\/ -->\n<title>&quot;B6X Power Rack&quot; | Viso k\u016bno j\u0117gos treniruo\u010di\u0173 \u012franga<\/title>\n<meta name=\"description\" content=\"Reikia vieno stovo visai j\u0117gai? &quot;B6X Power Rack&quot; palaiko viso k\u016bno treniruotes, u\u017etikrina stabilum\u0105 ir universalum\u0105 nam\u0173 ar komercin\u0117se treniruokli\u0173 sal\u0117se.\" \/>\n<meta name=\"robots\" content=\"index, follow, max-snippet:-1, max-image-preview:large, max-video-preview:-1\" \/>\n<link rel=\"canonical\" href=\"https:\/\/gymfactory.eu\/lt\/produktas\/b6x-power-rack\/\" \/>\n<meta property=\"og:locale\" content=\"lt_LT\" \/>\n<meta property=\"og:type\" content=\"article\" \/>\n<meta property=\"og:title\" content=\"&quot;B6X Power Rack&quot; | Viso k\u016bno j\u0117gos treniruo\u010di\u0173 \u012franga\" \/>\n<meta property=\"og:description\" content=\"Reikia vieno stovo visai j\u0117gai? &quot;B6X Power Rack&quot; palaiko viso k\u016bno treniruotes, u\u017etikrina stabilum\u0105 ir universalum\u0105 nam\u0173 ar komercin\u0117se treniruokli\u0173 sal\u0117se.\" \/>\n<meta property=\"og:url\" content=\"https:\/\/gymfactory.eu\/lt\/produktas\/b6x-power-rack\/\" \/>\n<meta property=\"og:site_name\" content=\"Gym Factory\" \/>\n<meta property=\"article:modified_time\" content=\"2025-12-05T11:29:22+00:00\" \/>\n<meta property=\"og:image\" content=\"https:\/\/gymfactory.eu\/wp-content\/uploads\/2025\/02\/power-rack-full-cage-squat-rack-1.webp\" \/>\n\t<meta property=\"og:image:width\" content=\"1500\" \/>\n\t<meta property=\"og:image:height\" content=\"1500\" \/>\n\t<meta property=\"og:image:type\" content=\"image\/webp\" \/>\n<meta name=\"twitter:card\" content=\"summary_large_image\" \/>\n<meta name=\"twitter:label1\" content=\"Est. reading time\" \/>\n\t<meta name=\"twitter:data1\" content=\"1 minut\u0117\" \/>\n<script type=\"application\/ld+json\" class=\"yoast-schema-graph\">{\"@context\":\"https:\/\/schema.org\",\"@graph\":[{\"@type\":\"WebPage\",\"@id\":\"https:\/\/gymfactory.eu\/lt\/produktas\/b6x-power-rack\/\",\"url\":\"https:\/\/gymfactory.eu\/lt\/produktas\/b6x-power-rack\/\",\"name\":\"\\\"B6X Power Rack\\\" | Viso k\u016bno j\u0117gos treniruo\u010di\u0173 \u012franga\",\"isPartOf\":{\"@id\":\"https:\/\/gymfactory.eu\/lt\/#website\"},\"primaryImageOfPage\":{\"@id\":\"https:\/\/gymfactory.eu\/lt\/produktas\/b6x-power-rack\/#primaryimage\"},\"image\":{\"@id\":\"https:\/\/gymfactory.eu\/lt\/produktas\/b6x-power-rack\/#primaryimage\"},\"thumbnailUrl\":\"https:\/\/gymfactory.eu\/wp-content\/uploads\/2025\/02\/power-rack-full-cage-squat-rack-1.webp\",\"datePublished\":\"2025-02-12T13:43:48+00:00\",\"dateModified\":\"2025-12-05T11:29:22+00:00\",\"description\":\"Reikia vieno stovo visai j\u0117gai? \\\"B6X Power Rack\\\" palaiko viso k\u016bno treniruotes, u\u017etikrina stabilum\u0105 ir universalum\u0105 nam\u0173 ar komercin\u0117se treniruokli\u0173 sal\u0117se.\",\"breadcrumb\":{\"@id\":\"https:\/\/gymfactory.eu\/lt\/produktas\/b6x-power-rack\/#breadcrumb\"},\"inLanguage\":\"lt-LT\",\"potentialAction\":[{\"@type\":\"ReadAction\",\"target\":[\"https:\/\/gymfactory.eu\/lt\/produktas\/b6x-power-rack\/\"]}]},{\"@type\":\"ImageObject\",\"inLanguage\":\"lt-LT\",\"@id\":\"https:\/\/gymfactory.eu\/lt\/produktas\/b6x-power-rack\/#primaryimage\",\"url\":\"https:\/\/gymfactory.eu\/wp-content\/uploads\/2025\/02\/power-rack-full-cage-squat-rack-1.webp\",\"contentUrl\":\"https:\/\/gymfactory.eu\/wp-content\/uploads\/2025\/02\/power-rack-full-cage-squat-rack-1.webp\",\"width\":1500,\"height\":1500,\"caption\":\"Geriausias prit\u016bpim\u0173 stovas yra suprojektuotas kaip pilno narvo galios stovas, u\u017etikrinantis saugi\u0105 ir stabili\u0105 krovini\u0173 k\u0117limo aplink\u0105. Juodas plieninis r\u0117mas turi daugyb\u0119 reguliavimo ang\u0173, integruotus prisitraukimo strypus ir sustiprint\u0105 pagrind\u0105, kad treniruo\u010di\u0173 metu b\u016bt\u0173 u\u017etikrintas maksimalus saugumas.\"},{\"@type\":\"BreadcrumbList\",\"@id\":\"https:\/\/gymfactory.eu\/lt\/produktas\/b6x-power-rack\/#breadcrumb\",\"itemListElement\":[{\"@type\":\"ListItem\",\"position\":1,\"name\":\"Pagrindinis\",\"item\":\"https:\/\/gymfactory.eu\/lt\/\"},{\"@type\":\"ListItem\",\"position\":2,\"name\":\"Katalogas\",\"item\":\"https:\/\/gymfactory.eu\/lt\/katalogas\/\"},{\"@type\":\"ListItem\",\"position\":3,\"name\":\"B6X J\u0117gos stovas\"}]},{\"@type\":\"WebSite\",\"@id\":\"https:\/\/gymfactory.eu\/lt\/#website\",\"url\":\"https:\/\/gymfactory.eu\/lt\/\",\"name\":\"Gym Factory\",\"description\":\"\",\"publisher\":{\"@id\":\"https:\/\/gymfactory.eu\/lt\/#organization\"},\"potentialAction\":[{\"@type\":\"SearchAction\",\"target\":{\"@type\":\"EntryPoint\",\"urlTemplate\":\"https:\/\/gymfactory.eu\/lt\/?s={search_term_string}\"},\"query-input\":{\"@type\":\"PropertyValueSpecification\",\"valueRequired\":true,\"valueName\":\"search_term_string\"}}],\"inLanguage\":\"lt-LT\"},{\"@type\":\"Organization\",\"@id\":\"https:\/\/gymfactory.eu\/lt\/#organization\",\"name\":\"Sporto sal\u0117s gamykla\",\"url\":\"https:\/\/gymfactory.eu\/lt\/\",\"logo\":{\"@type\":\"ImageObject\",\"inLanguage\":\"lt-LT\",\"@id\":\"https:\/\/gymfactory.eu\/lt\/#\/schema\/logo\/image\/\",\"url\":\"https:\/\/gymfactory.eu\/wp-content\/uploads\/2024\/11\/Component-1.svg\",\"contentUrl\":\"https:\/\/gymfactory.eu\/wp-content\/uploads\/2024\/11\/Component-1.svg\",\"width\":54,\"height\":44,\"caption\":\"Sporto sal\u0117s gamykla\"},\"image\":{\"@id\":\"https:\/\/gymfactory.eu\/lt\/#\/schema\/logo\/image\/\"}}]}<\/script>\n<!-- \/ Yoast SEO plugin. -->","yoast_head_json":{"title":"\"B6X Power Rack\" | Viso k\u016bno j\u0117gos treniruo\u010di\u0173 \u012franga","description":"Reikia vieno stovo visai j\u0117gai? \"B6X Power Rack\" palaiko viso k\u016bno treniruotes, u\u017etikrina stabilum\u0105 ir universalum\u0105 nam\u0173 ar komercin\u0117se treniruokli\u0173 sal\u0117se.","robots":{"index":"index","follow":"follow","max-snippet":"max-snippet:-1","max-image-preview":"max-image-preview:large","max-video-preview":"max-video-preview:-1"},"canonical":"https:\/\/gymfactory.eu\/lt\/produktas\/b6x-power-rack\/","og_locale":"lt_LT","og_type":"article","og_title":"\"B6X Power Rack\" | Viso k\u016bno j\u0117gos treniruo\u010di\u0173 \u012franga","og_description":"Reikia vieno stovo visai j\u0117gai? \"B6X Power Rack\" palaiko viso k\u016bno treniruotes, u\u017etikrina stabilum\u0105 ir universalum\u0105 nam\u0173 ar komercin\u0117se treniruokli\u0173 sal\u0117se.","og_url":"https:\/\/gymfactory.eu\/lt\/produktas\/b6x-power-rack\/","og_site_name":"Gym Factory","article_modified_time":"2025-12-05T11:29:22+00:00","og_image":[{"width":1500,"height":1500,"url":"https:\/\/gymfactory.eu\/wp-content\/uploads\/2025\/02\/power-rack-full-cage-squat-rack-1.webp","type":"image\/webp"}],"twitter_card":"summary_large_image","twitter_misc":{"Est. reading time":"1 minut\u0117"},"schema":{"@context":"https:\/\/schema.org","@graph":[{"@type":"WebPage","@id":"https:\/\/gymfactory.eu\/lt\/produktas\/b6x-power-rack\/","url":"https:\/\/gymfactory.eu\/lt\/produktas\/b6x-power-rack\/","name":"\"B6X Power Rack\" | Viso k\u016bno j\u0117gos treniruo\u010di\u0173 \u012franga","isPartOf":{"@id":"https:\/\/gymfactory.eu\/lt\/#website"},"primaryImageOfPage":{"@id":"https:\/\/gymfactory.eu\/lt\/produktas\/b6x-power-rack\/#primaryimage"},"image":{"@id":"https:\/\/gymfactory.eu\/lt\/produktas\/b6x-power-rack\/#primaryimage"},"thumbnailUrl":"https:\/\/gymfactory.eu\/wp-content\/uploads\/2025\/02\/power-rack-full-cage-squat-rack-1.webp","datePublished":"2025-02-12T13:43:48+00:00","dateModified":"2025-12-05T11:29:22+00:00","description":"Reikia vieno stovo visai j\u0117gai? \"B6X Power Rack\" palaiko viso k\u016bno treniruotes, u\u017etikrina stabilum\u0105 ir universalum\u0105 nam\u0173 ar komercin\u0117se treniruokli\u0173 sal\u0117se.","breadcrumb":{"@id":"https:\/\/gymfactory.eu\/lt\/produktas\/b6x-power-rack\/#breadcrumb"},"inLanguage":"lt-LT","potentialAction":[{"@type":"ReadAction","target":["https:\/\/gymfactory.eu\/lt\/produktas\/b6x-power-rack\/"]}]},{"@type":"ImageObject","inLanguage":"lt-LT","@id":"https:\/\/gymfactory.eu\/lt\/produktas\/b6x-power-rack\/#primaryimage","url":"https:\/\/gymfactory.eu\/wp-content\/uploads\/2025\/02\/power-rack-full-cage-squat-rack-1.webp","contentUrl":"https:\/\/gymfactory.eu\/wp-content\/uploads\/2025\/02\/power-rack-full-cage-squat-rack-1.webp","width":1500,"height":1500,"caption":"Geriausias prit\u016bpim\u0173 stovas yra suprojektuotas kaip pilno narvo galios stovas, u\u017etikrinantis saugi\u0105 ir stabili\u0105 krovini\u0173 k\u0117limo aplink\u0105. Juodas plieninis r\u0117mas turi daugyb\u0119 reguliavimo ang\u0173, integruotus prisitraukimo strypus ir sustiprint\u0105 pagrind\u0105, kad treniruo\u010di\u0173 metu b\u016bt\u0173 u\u017etikrintas maksimalus saugumas."},{"@type":"BreadcrumbList","@id":"https:\/\/gymfactory.eu\/lt\/produktas\/b6x-power-rack\/#breadcrumb","itemListElement":[{"@type":"ListItem","position":1,"name":"Pagrindinis","item":"https:\/\/gymfactory.eu\/lt\/"},{"@type":"ListItem","position":2,"name":"Katalogas","item":"https:\/\/gymfactory.eu\/lt\/katalogas\/"},{"@type":"ListItem","position":3,"name":"B6X J\u0117gos stovas"}]},{"@type":"WebSite","@id":"https:\/\/gymfactory.eu\/lt\/#website","url":"https:\/\/gymfactory.eu\/lt\/","name":"Gym Factory","description":"","publisher":{"@id":"https:\/\/gymfactory.eu\/lt\/#organization"},"potentialAction":[{"@type":"SearchAction","target":{"@type":"EntryPoint","urlTemplate":"https:\/\/gymfactory.eu\/lt\/?s={search_term_string}"},"query-input":{"@type":"PropertyValueSpecification","valueRequired":true,"valueName":"search_term_string"}}],"inLanguage":"lt-LT"},{"@type":"Organization","@id":"https:\/\/gymfactory.eu\/lt\/#organization","name":"Sporto sal\u0117s gamykla","url":"https:\/\/gymfactory.eu\/lt\/","logo":{"@type":"ImageObject","inLanguage":"lt-LT","@id":"https:\/\/gymfactory.eu\/lt\/#\/schema\/logo\/image\/","url":"https:\/\/gymfactory.eu\/wp-content\/uploads\/2024\/11\/Component-1.svg","contentUrl":"https:\/\/gymfactory.eu\/wp-content\/uploads\/2024\/11\/Component-1.svg","width":54,"height":44,"caption":"Sporto sal\u0117s gamykla"},"image":{"@id":"https:\/\/gymfactory.eu\/lt\/#\/schema\/logo\/image\/"}}]}},"_links":{"self":[{"href":"https:\/\/gymfactory.eu\/lt\/wp-json\/wp\/v2\/product\/9893","targetHints":{"allow":["GET"]}}],"collection":[{"href":"https:\/\/gymfactory.eu\/lt\/wp-json\/wp\/v2\/product"}],"about":[{"href":"https:\/\/gymfactory.eu\/lt\/wp-json\/wp\/v2\/types\/product"}],"wp:featuredmedia":[{"embeddable":true,"href":"https:\/\/gymfactory.eu\/lt\/wp-json\/wp\/v2\/media\/9069"}],"wp:attachment":[{"href":"https:\/\/gymfactory.eu\/lt\/wp-json\/wp\/v2\/media?parent=9893"}],"wp:term":[{"taxonomy":"product_brand","embeddable":true,"href":"https:\/\/gymfactory.eu\/lt\/wp-json\/wp\/v2\/product_brand?post=9893"},{"taxonomy":"product_cat","embeddable":true,"href":"https:\/\/gymfactory.eu\/lt\/wp-json\/wp\/v2\/product_cat?post=9893"},{"taxonomy":"product_tag","embeddable":true,"href":"https:\/\/gymfactory.eu\/lt\/wp-json\/wp\/v2\/product_tag?post=9893"}],"curies":[{"name":"wp","href":"https:\/\/api.w.org\/{rel}","templated":true}]}}