{"id":9883,"date":"2025-02-13T10:35:00","date_gmt":"2025-02-13T08:35:00","guid":{"rendered":"https:\/\/gymfactory.eu\/product\/k5-panardinimo-stotis\/"},"modified":"2025-12-05T13:46:42","modified_gmt":"2025-12-05T11:46:42","slug":"k5-panardinimo-stotis","status":"publish","type":"product","link":"https:\/\/gymfactory.eu\/lt\/produktas\/k5-panardinimo-stotis\/","title":{"rendered":"K5 Lygiagre\u010di\u0173 stovas"},"content":{"rendered":"<p data-start=\"147\" data-end=\"373\">K5 lygiagre\u010di\u0173 stovas \u2013 tai tikslingai k\u016bno svorio treniruot\u0117ms sukurta \u012franga, skirta kontroliuojamiems kr\u016btin\u0117s ir tricepso pratimams.<\/p>\n<p data-start=\"375\" data-end=\"710\">Stabilus r\u0117mas turi dvi nuo\u017eulnias rankenas, kurios palaipsniui siaur\u0117ja \u2013 tai leid\u017eia pasirinkti optimali\u0105 pad\u0117t\u012f pagal treniruot\u0117s tiksl\u0105. Platesnis su\u0117mimas labiau apkrauna kr\u016btin\u0119, siauresnis \u2013 tricepsus. Rankenos pagamintos i\u0161 storesnio vamzd\u017eio, kad u\u017etikrint\u0173 tvirt\u0105 ir patog\u0173 atramos ta\u0161k\u0105 atliekant atsispaudimus lygiagret\u0117se.<\/p>\n<p data-start=\"712\" data-end=\"825\">Stotel\u0117je integruotos pakopos, kurios padeda saugiai ir lengvai u\u017eimti pradin\u0119 pozicij\u0105 prie\u0161 atliekant pratimus.<\/p>\n\n    <div class=\"xs_social_share_widget xs_share_url after_content \t\tmain_content  wslu-style-1 wslu-share-box-shaped wslu-fill-colored wslu-none wslu-share-horizontal wslu-theme-font-no wslu-main_content\">\n\n\t\t\n        <ul>\n\t\t\t        <\/ul>\n    <\/div> \n","protected":false},"excerpt":{"rendered":"<p>K5 lygiagre\u010di\u0173 stovas \u2013 tai tikslingai k\u016bno svorio treniruot\u0117ms sukurta \u012franga, skirta kontroliuojamiems kr\u016btin\u0117s ir tricepso pratimams. Stabilus r\u0117mas turi dvi nuo\u017eulnias rankenas, kurios palaipsniui siaur\u0117ja \u2013 tai leid\u017eia pasirinkti optimali\u0105 pad\u0117t\u012f pagal treniruot\u0117s tiksl\u0105. Platesnis su\u0117mimas labiau apkrauna kr\u016btin\u0119, siauresnis \u2013 tricepsus. Rankenos pagamintos i\u0161 storesnio vamzd\u017eio, kad u\u017etikrint\u0173 tvirt\u0105 ir patog\u0173 atramos ta\u0161k\u0105 [&hellip;]<\/p>\n","protected":false},"featured_media":9070,"template":"","meta":{"_acf_changed":false},"product_brand":[817],"product_cat":[435],"product_tag":[415],"class_list":{"0":"post-9883","1":"product","2":"type-product","3":"status-publish","4":"has-post-thumbnail","6":"product_brand-gym-factory-lt","7":"product_cat-stovai","8":"product_tag-spalva-tik-metaline","10":"first","11":"onbackorder","12":"taxable","13":"shipping-taxable","14":"purchasable","15":"product-type-variable","16":"has-default-attributes"},"acf":[],"yoast_head":"<!-- This site is optimized with the Yoast SEO plugin v25.2 - https:\/\/yoast.com\/wordpress\/plugins\/seo\/ -->\n<title>&quot;K5 Dip Station&quot; - geriausia treniruokli\u0173 \u012franga namams ir sporto sal\u0117ms<\/title>\n<meta name=\"description\" content=\"Puikiai tinka kr\u016btin\u0117s ir triceps\u0173 pratimams, \u0161i &quot;Dip Station&quot; u\u017etikrina stabilum\u0105 ir universalum\u0105, kad pagerint\u0173 j\u016bs\u0173 j\u0117gos treniruo\u010di\u0173 rutin\u0105.\" \/>\n<meta name=\"robots\" content=\"index, follow, max-snippet:-1, max-image-preview:large, max-video-preview:-1\" \/>\n<link rel=\"canonical\" href=\"https:\/\/gymfactory.eu\/lt\/produktas\/k5-panardinimo-stotis\/\" \/>\n<meta property=\"og:locale\" content=\"lt_LT\" \/>\n<meta property=\"og:type\" content=\"article\" \/>\n<meta property=\"og:title\" content=\"&quot;K5 Dip Station&quot; - geriausia treniruokli\u0173 \u012franga namams ir sporto sal\u0117ms\" \/>\n<meta property=\"og:description\" content=\"Puikiai tinka kr\u016btin\u0117s ir triceps\u0173 pratimams, \u0161i &quot;Dip Station&quot; u\u017etikrina stabilum\u0105 ir universalum\u0105, kad pagerint\u0173 j\u016bs\u0173 j\u0117gos treniruo\u010di\u0173 rutin\u0105.\" \/>\n<meta property=\"og:url\" content=\"https:\/\/gymfactory.eu\/lt\/produktas\/k5-panardinimo-stotis\/\" \/>\n<meta property=\"og:site_name\" content=\"Gym Factory\" \/>\n<meta property=\"article:modified_time\" content=\"2025-12-05T11:46:42+00:00\" \/>\n<meta property=\"og:image\" content=\"https:\/\/gymfactory.eu\/wp-content\/uploads\/2025\/02\/dip-station-workout-1.webp\" \/>\n\t<meta property=\"og:image:width\" content=\"1500\" \/>\n\t<meta property=\"og:image:height\" content=\"1500\" \/>\n\t<meta property=\"og:image:type\" content=\"image\/webp\" \/>\n<meta name=\"twitter:card\" content=\"summary_large_image\" \/>\n<meta name=\"twitter:label1\" content=\"Est. reading time\" \/>\n\t<meta name=\"twitter:data1\" content=\"1 minut\u0117\" \/>\n<script type=\"application\/ld+json\" class=\"yoast-schema-graph\">{\"@context\":\"https:\/\/schema.org\",\"@graph\":[{\"@type\":\"WebPage\",\"@id\":\"https:\/\/gymfactory.eu\/lt\/produktas\/k5-panardinimo-stotis\/\",\"url\":\"https:\/\/gymfactory.eu\/lt\/produktas\/k5-panardinimo-stotis\/\",\"name\":\"\\\"K5 Dip Station\\\" - geriausia treniruokli\u0173 \u012franga namams ir sporto sal\u0117ms\",\"isPartOf\":{\"@id\":\"https:\/\/gymfactory.eu\/lt\/#website\"},\"primaryImageOfPage\":{\"@id\":\"https:\/\/gymfactory.eu\/lt\/produktas\/k5-panardinimo-stotis\/#primaryimage\"},\"image\":{\"@id\":\"https:\/\/gymfactory.eu\/lt\/produktas\/k5-panardinimo-stotis\/#primaryimage\"},\"thumbnailUrl\":\"https:\/\/gymfactory.eu\/wp-content\/uploads\/2025\/02\/dip-station-workout-1.webp\",\"datePublished\":\"2025-02-13T08:35:00+00:00\",\"dateModified\":\"2025-12-05T11:46:42+00:00\",\"description\":\"Puikiai tinka kr\u016btin\u0117s ir triceps\u0173 pratimams, \u0161i \\\"Dip Station\\\" u\u017etikrina stabilum\u0105 ir universalum\u0105, kad pagerint\u0173 j\u016bs\u0173 j\u0117gos treniruo\u010di\u0173 rutin\u0105.\",\"breadcrumb\":{\"@id\":\"https:\/\/gymfactory.eu\/lt\/produktas\/k5-panardinimo-stotis\/#breadcrumb\"},\"inLanguage\":\"lt-LT\",\"potentialAction\":[{\"@type\":\"ReadAction\",\"target\":[\"https:\/\/gymfactory.eu\/lt\/produktas\/k5-panardinimo-stotis\/\"]}]},{\"@type\":\"ImageObject\",\"inLanguage\":\"lt-LT\",\"@id\":\"https:\/\/gymfactory.eu\/lt\/produktas\/k5-panardinimo-stotis\/#primaryimage\",\"url\":\"https:\/\/gymfactory.eu\/wp-content\/uploads\/2025\/02\/dip-station-workout-1.webp\",\"contentUrl\":\"https:\/\/gymfactory.eu\/wp-content\/uploads\/2025\/02\/dip-station-workout-1.webp\",\"width\":1500,\"height\":1500,\"caption\":\"Juodos spalvos stotel\u0117, pagaminta i\u0161 tvirto metalo, skirta fitneso ir j\u0117gos treniruot\u0117ms, \u012fskaitant tricepso \u012ft\u016bpstus, L formos prit\u016bpimus ir k\u016bno svorio treniruotes namuose arba sporto sal\u0117je.\"},{\"@type\":\"BreadcrumbList\",\"@id\":\"https:\/\/gymfactory.eu\/lt\/produktas\/k5-panardinimo-stotis\/#breadcrumb\",\"itemListElement\":[{\"@type\":\"ListItem\",\"position\":1,\"name\":\"Pagrindinis\",\"item\":\"https:\/\/gymfactory.eu\/lt\/\"},{\"@type\":\"ListItem\",\"position\":2,\"name\":\"Katalogas\",\"item\":\"https:\/\/gymfactory.eu\/lt\/katalogas\/\"},{\"@type\":\"ListItem\",\"position\":3,\"name\":\"K5 Lygiagre\u010di\u0173 stovas\"}]},{\"@type\":\"WebSite\",\"@id\":\"https:\/\/gymfactory.eu\/lt\/#website\",\"url\":\"https:\/\/gymfactory.eu\/lt\/\",\"name\":\"Gym Factory\",\"description\":\"\",\"publisher\":{\"@id\":\"https:\/\/gymfactory.eu\/lt\/#organization\"},\"potentialAction\":[{\"@type\":\"SearchAction\",\"target\":{\"@type\":\"EntryPoint\",\"urlTemplate\":\"https:\/\/gymfactory.eu\/lt\/?s={search_term_string}\"},\"query-input\":{\"@type\":\"PropertyValueSpecification\",\"valueRequired\":true,\"valueName\":\"search_term_string\"}}],\"inLanguage\":\"lt-LT\"},{\"@type\":\"Organization\",\"@id\":\"https:\/\/gymfactory.eu\/lt\/#organization\",\"name\":\"Sporto sal\u0117s gamykla\",\"url\":\"https:\/\/gymfactory.eu\/lt\/\",\"logo\":{\"@type\":\"ImageObject\",\"inLanguage\":\"lt-LT\",\"@id\":\"https:\/\/gymfactory.eu\/lt\/#\/schema\/logo\/image\/\",\"url\":\"https:\/\/gymfactory.eu\/wp-content\/uploads\/2024\/11\/Component-1.svg\",\"contentUrl\":\"https:\/\/gymfactory.eu\/wp-content\/uploads\/2024\/11\/Component-1.svg\",\"width\":54,\"height\":44,\"caption\":\"Sporto sal\u0117s gamykla\"},\"image\":{\"@id\":\"https:\/\/gymfactory.eu\/lt\/#\/schema\/logo\/image\/\"}}]}<\/script>\n<!-- \/ Yoast SEO plugin. -->","yoast_head_json":{"title":"\"K5 Dip Station\" - geriausia treniruokli\u0173 \u012franga namams ir sporto sal\u0117ms","description":"Puikiai tinka kr\u016btin\u0117s ir triceps\u0173 pratimams, \u0161i \"Dip Station\" u\u017etikrina stabilum\u0105 ir universalum\u0105, kad pagerint\u0173 j\u016bs\u0173 j\u0117gos treniruo\u010di\u0173 rutin\u0105.","robots":{"index":"index","follow":"follow","max-snippet":"max-snippet:-1","max-image-preview":"max-image-preview:large","max-video-preview":"max-video-preview:-1"},"canonical":"https:\/\/gymfactory.eu\/lt\/produktas\/k5-panardinimo-stotis\/","og_locale":"lt_LT","og_type":"article","og_title":"\"K5 Dip Station\" - geriausia treniruokli\u0173 \u012franga namams ir sporto sal\u0117ms","og_description":"Puikiai tinka kr\u016btin\u0117s ir triceps\u0173 pratimams, \u0161i \"Dip Station\" u\u017etikrina stabilum\u0105 ir universalum\u0105, kad pagerint\u0173 j\u016bs\u0173 j\u0117gos treniruo\u010di\u0173 rutin\u0105.","og_url":"https:\/\/gymfactory.eu\/lt\/produktas\/k5-panardinimo-stotis\/","og_site_name":"Gym Factory","article_modified_time":"2025-12-05T11:46:42+00:00","og_image":[{"width":1500,"height":1500,"url":"https:\/\/gymfactory.eu\/wp-content\/uploads\/2025\/02\/dip-station-workout-1.webp","type":"image\/webp"}],"twitter_card":"summary_large_image","twitter_misc":{"Est. reading time":"1 minut\u0117"},"schema":{"@context":"https:\/\/schema.org","@graph":[{"@type":"WebPage","@id":"https:\/\/gymfactory.eu\/lt\/produktas\/k5-panardinimo-stotis\/","url":"https:\/\/gymfactory.eu\/lt\/produktas\/k5-panardinimo-stotis\/","name":"\"K5 Dip Station\" - geriausia treniruokli\u0173 \u012franga namams ir sporto sal\u0117ms","isPartOf":{"@id":"https:\/\/gymfactory.eu\/lt\/#website"},"primaryImageOfPage":{"@id":"https:\/\/gymfactory.eu\/lt\/produktas\/k5-panardinimo-stotis\/#primaryimage"},"image":{"@id":"https:\/\/gymfactory.eu\/lt\/produktas\/k5-panardinimo-stotis\/#primaryimage"},"thumbnailUrl":"https:\/\/gymfactory.eu\/wp-content\/uploads\/2025\/02\/dip-station-workout-1.webp","datePublished":"2025-02-13T08:35:00+00:00","dateModified":"2025-12-05T11:46:42+00:00","description":"Puikiai tinka kr\u016btin\u0117s ir triceps\u0173 pratimams, \u0161i \"Dip Station\" u\u017etikrina stabilum\u0105 ir universalum\u0105, kad pagerint\u0173 j\u016bs\u0173 j\u0117gos treniruo\u010di\u0173 rutin\u0105.","breadcrumb":{"@id":"https:\/\/gymfactory.eu\/lt\/produktas\/k5-panardinimo-stotis\/#breadcrumb"},"inLanguage":"lt-LT","potentialAction":[{"@type":"ReadAction","target":["https:\/\/gymfactory.eu\/lt\/produktas\/k5-panardinimo-stotis\/"]}]},{"@type":"ImageObject","inLanguage":"lt-LT","@id":"https:\/\/gymfactory.eu\/lt\/produktas\/k5-panardinimo-stotis\/#primaryimage","url":"https:\/\/gymfactory.eu\/wp-content\/uploads\/2025\/02\/dip-station-workout-1.webp","contentUrl":"https:\/\/gymfactory.eu\/wp-content\/uploads\/2025\/02\/dip-station-workout-1.webp","width":1500,"height":1500,"caption":"Juodos spalvos stotel\u0117, pagaminta i\u0161 tvirto metalo, skirta fitneso ir j\u0117gos treniruot\u0117ms, \u012fskaitant tricepso \u012ft\u016bpstus, L formos prit\u016bpimus ir k\u016bno svorio treniruotes namuose arba sporto sal\u0117je."},{"@type":"BreadcrumbList","@id":"https:\/\/gymfactory.eu\/lt\/produktas\/k5-panardinimo-stotis\/#breadcrumb","itemListElement":[{"@type":"ListItem","position":1,"name":"Pagrindinis","item":"https:\/\/gymfactory.eu\/lt\/"},{"@type":"ListItem","position":2,"name":"Katalogas","item":"https:\/\/gymfactory.eu\/lt\/katalogas\/"},{"@type":"ListItem","position":3,"name":"K5 Lygiagre\u010di\u0173 stovas"}]},{"@type":"WebSite","@id":"https:\/\/gymfactory.eu\/lt\/#website","url":"https:\/\/gymfactory.eu\/lt\/","name":"Gym Factory","description":"","publisher":{"@id":"https:\/\/gymfactory.eu\/lt\/#organization"},"potentialAction":[{"@type":"SearchAction","target":{"@type":"EntryPoint","urlTemplate":"https:\/\/gymfactory.eu\/lt\/?s={search_term_string}"},"query-input":{"@type":"PropertyValueSpecification","valueRequired":true,"valueName":"search_term_string"}}],"inLanguage":"lt-LT"},{"@type":"Organization","@id":"https:\/\/gymfactory.eu\/lt\/#organization","name":"Sporto sal\u0117s gamykla","url":"https:\/\/gymfactory.eu\/lt\/","logo":{"@type":"ImageObject","inLanguage":"lt-LT","@id":"https:\/\/gymfactory.eu\/lt\/#\/schema\/logo\/image\/","url":"https:\/\/gymfactory.eu\/wp-content\/uploads\/2024\/11\/Component-1.svg","contentUrl":"https:\/\/gymfactory.eu\/wp-content\/uploads\/2024\/11\/Component-1.svg","width":54,"height":44,"caption":"Sporto sal\u0117s gamykla"},"image":{"@id":"https:\/\/gymfactory.eu\/lt\/#\/schema\/logo\/image\/"}}]}},"_links":{"self":[{"href":"https:\/\/gymfactory.eu\/lt\/wp-json\/wp\/v2\/product\/9883","targetHints":{"allow":["GET"]}}],"collection":[{"href":"https:\/\/gymfactory.eu\/lt\/wp-json\/wp\/v2\/product"}],"about":[{"href":"https:\/\/gymfactory.eu\/lt\/wp-json\/wp\/v2\/types\/product"}],"wp:featuredmedia":[{"embeddable":true,"href":"https:\/\/gymfactory.eu\/lt\/wp-json\/wp\/v2\/media\/9070"}],"wp:attachment":[{"href":"https:\/\/gymfactory.eu\/lt\/wp-json\/wp\/v2\/media?parent=9883"}],"wp:term":[{"taxonomy":"product_brand","embeddable":true,"href":"https:\/\/gymfactory.eu\/lt\/wp-json\/wp\/v2\/product_brand?post=9883"},{"taxonomy":"product_cat","embeddable":true,"href":"https:\/\/gymfactory.eu\/lt\/wp-json\/wp\/v2\/product_cat?post=9883"},{"taxonomy":"product_tag","embeddable":true,"href":"https:\/\/gymfactory.eu\/lt\/wp-json\/wp\/v2\/product_tag?post=9883"}],"curies":[{"name":"wp","href":"https:\/\/api.w.org\/{rel}","templated":true}]}}