{"id":9879,"date":"2025-02-12T15:35:17","date_gmt":"2025-02-12T13:35:17","guid":{"rendered":"https:\/\/gymfactory.eu\/product\/b2xx-treniruociu-stovas\/"},"modified":"2025-12-05T13:27:57","modified_gmt":"2025-12-05T11:27:57","slug":"b2xx-treniruociu-stovas","status":"publish","type":"product","link":"https:\/\/gymfactory.eu\/lt\/produktas\/b2xx-treniruociu-stovas\/","title":{"rendered":"B2XX Prit\u016bpim\u0173 ir spaudimo stovas + skersinis"},"content":{"rendered":"<p>B2XX treniruo\u010di\u0173 stovas \u2013 tai universalus j\u0117gos treniruo\u010di\u0173 stovas, skirtas darbui su \u0161tanga nam\u0173 ar profesionalioje sporto sal\u0117je. Patikima ir funkcionali \u012franga, leid\u017eianti atlikti tiek \u0161tangos, tiek k\u016bno svorio pratimus viso k\u016bno lavinimui.<\/p>\n<p>Stovas turi du saugius \u0161tangos laikiklius, kuri\u0173 auk\u0161t\u012f galima lengvai reguliuoti, \u012fstatant juos \u012f skirtingas r\u0117mo angas. Tai leid\u017eia tiksliai prisitaikyti prie skirting\u0173 pratim\u0173 \u2013 prit\u016bpim\u0173, spaudim\u0173 ar nusilenkim\u0173 su \u0161tanga. Integruotas prisitraukim\u0173 skersinis suteikia papildom\u0173 galimybi\u0173 vir\u0161utin\u0117s k\u016bno dalies treniruot\u0117ms \u2013 be papildomos \u012frangos.<\/p>\n<p>B2XX \u2013 prakti\u0161kas ir viet\u0105 taupantis sprendimas kiekvienam, kuriantis treniruo\u010di\u0173 erdv\u0119 su laisvaisiais svoriais.<\/p>\n<p>Norint maksimaliai i\u0161naudoti stovo galimybes, rekomenduojame prid\u0117ti suderinam\u0105 \u0161tang\u0105 \u2013 pavyzd\u017eiui, <a href=\"https:\/\/gymfactory.eu\/lt\/produktas\/z03g1-olimpine-stanga\/\" target=\"_blank\" rel=\"noopener\">Z03G1 olimpin\u012f grif\u0105<\/a> arba <a href=\"https:\/\/gymfactory.eu\/lt\/produktas\/z03g-olimpine-stanga\/\" target=\"_blank\" rel=\"noopener\">Z03G olimpin\u012f grif\u0105<\/a>.<\/p>\n\n    <div class=\"xs_social_share_widget xs_share_url after_content \t\tmain_content  wslu-style-1 wslu-share-box-shaped wslu-fill-colored wslu-none wslu-share-horizontal wslu-theme-font-no wslu-main_content\">\n\n\t\t\n        <ul>\n\t\t\t        <\/ul>\n    <\/div> \n","protected":false},"excerpt":{"rendered":"<p>B2XX treniruo\u010di\u0173 stovas \u2013 tai universalus j\u0117gos treniruo\u010di\u0173 stovas, skirtas darbui su \u0161tanga nam\u0173 ar profesionalioje sporto sal\u0117je. Patikima ir funkcionali \u012franga, leid\u017eianti atlikti tiek \u0161tangos, tiek k\u016bno svorio pratimus viso k\u016bno lavinimui. Stovas turi du saugius \u0161tangos laikiklius, kuri\u0173 auk\u0161t\u012f galima lengvai reguliuoti, \u012fstatant juos \u012f skirtingas r\u0117mo angas. Tai leid\u017eia tiksliai prisitaikyti prie [&hellip;]<\/p>\n","protected":false},"featured_media":8798,"template":"","meta":{"_acf_changed":false},"product_brand":[817],"product_cat":[435],"product_tag":[415],"class_list":{"0":"post-9879","1":"product","2":"type-product","3":"status-publish","4":"has-post-thumbnail","6":"product_brand-gym-factory-lt","7":"product_cat-stovai","8":"product_tag-spalva-tik-metaline","10":"first","11":"onbackorder","12":"taxable","13":"shipping-taxable","14":"purchasable","15":"product-type-variable","16":"has-default-attributes"},"acf":[],"yoast_head":"<!-- This site is optimized with the Yoast SEO plugin v25.2 - https:\/\/yoast.com\/wordpress\/plugins\/seo\/ -->\n<title>B2XX treniruo\u010di\u0173 stovas, skirtas nam\u0173 ir komercin\u0117s sporto sal\u0117s \u012frengimui<\/title>\n<meta name=\"description\" content=\"Steigiate universali\u0105 sporto sal\u0119? B2XX treniruo\u010di\u0173 stovas pasi\u017eymi tvirtumu, stabilumu ir daugiafunkci\u0161kumu, tinkantis nam\u0173 ar komercin\u0117ms treniruokli\u0173 patalpoms.\" \/>\n<meta name=\"robots\" content=\"index, follow, max-snippet:-1, max-image-preview:large, max-video-preview:-1\" \/>\n<link rel=\"canonical\" href=\"https:\/\/gymfactory.eu\/lt\/produktas\/b2xx-treniruociu-stovas\/\" \/>\n<meta property=\"og:locale\" content=\"lt_LT\" \/>\n<meta property=\"og:type\" content=\"article\" \/>\n<meta property=\"og:title\" content=\"B2XX treniruo\u010di\u0173 stovas, skirtas nam\u0173 ir komercin\u0117s sporto sal\u0117s \u012frengimui\" \/>\n<meta property=\"og:description\" content=\"Steigiate universali\u0105 sporto sal\u0119? B2XX treniruo\u010di\u0173 stovas pasi\u017eymi tvirtumu, stabilumu ir daugiafunkci\u0161kumu, tinkantis nam\u0173 ar komercin\u0117ms treniruokli\u0173 patalpoms.\" \/>\n<meta property=\"og:url\" content=\"https:\/\/gymfactory.eu\/lt\/produktas\/b2xx-treniruociu-stovas\/\" \/>\n<meta property=\"og:site_name\" content=\"Gym Factory\" \/>\n<meta property=\"article:modified_time\" content=\"2025-12-05T11:27:57+00:00\" \/>\n<meta property=\"og:image\" content=\"https:\/\/gymfactory.eu\/wp-content\/uploads\/2025\/02\/power-rack-with-pull-up-bar-1.webp\" \/>\n\t<meta property=\"og:image:width\" content=\"1500\" \/>\n\t<meta property=\"og:image:height\" content=\"1500\" \/>\n\t<meta property=\"og:image:type\" content=\"image\/webp\" \/>\n<meta name=\"twitter:card\" content=\"summary_large_image\" \/>\n<meta name=\"twitter:label1\" content=\"Est. reading time\" \/>\n\t<meta name=\"twitter:data1\" content=\"1 minut\u0117\" \/>\n<script type=\"application\/ld+json\" class=\"yoast-schema-graph\">{\"@context\":\"https:\/\/schema.org\",\"@graph\":[{\"@type\":\"WebPage\",\"@id\":\"https:\/\/gymfactory.eu\/lt\/produktas\/b2xx-treniruociu-stovas\/\",\"url\":\"https:\/\/gymfactory.eu\/lt\/produktas\/b2xx-treniruociu-stovas\/\",\"name\":\"B2XX treniruo\u010di\u0173 stovas, skirtas nam\u0173 ir komercin\u0117s sporto sal\u0117s \u012frengimui\",\"isPartOf\":{\"@id\":\"https:\/\/gymfactory.eu\/lt\/#website\"},\"primaryImageOfPage\":{\"@id\":\"https:\/\/gymfactory.eu\/lt\/produktas\/b2xx-treniruociu-stovas\/#primaryimage\"},\"image\":{\"@id\":\"https:\/\/gymfactory.eu\/lt\/produktas\/b2xx-treniruociu-stovas\/#primaryimage\"},\"thumbnailUrl\":\"https:\/\/gymfactory.eu\/wp-content\/uploads\/2025\/02\/power-rack-with-pull-up-bar-1.webp\",\"datePublished\":\"2025-02-12T13:35:17+00:00\",\"dateModified\":\"2025-12-05T11:27:57+00:00\",\"description\":\"Steigiate universali\u0105 sporto sal\u0119? B2XX treniruo\u010di\u0173 stovas pasi\u017eymi tvirtumu, stabilumu ir daugiafunkci\u0161kumu, tinkantis nam\u0173 ar komercin\u0117ms treniruokli\u0173 patalpoms.\",\"breadcrumb\":{\"@id\":\"https:\/\/gymfactory.eu\/lt\/produktas\/b2xx-treniruociu-stovas\/#breadcrumb\"},\"inLanguage\":\"lt-LT\",\"potentialAction\":[{\"@type\":\"ReadAction\",\"target\":[\"https:\/\/gymfactory.eu\/lt\/produktas\/b2xx-treniruociu-stovas\/\"]}]},{\"@type\":\"ImageObject\",\"inLanguage\":\"lt-LT\",\"@id\":\"https:\/\/gymfactory.eu\/lt\/produktas\/b2xx-treniruociu-stovas\/#primaryimage\",\"url\":\"https:\/\/gymfactory.eu\/wp-content\/uploads\/2025\/02\/power-rack-with-pull-up-bar-1.webp\",\"contentUrl\":\"https:\/\/gymfactory.eu\/wp-content\/uploads\/2025\/02\/power-rack-with-pull-up-bar-1.webp\",\"width\":1500,\"height\":1500,\"caption\":\"Geriausias prit\u016bpim\u0173 stovas su juodai raudonu j\u0117gos stovu su integruotu traukimo baru. Reguliuojami \u0161tang\u0173 laikikliai leid\u017eia nustatyti kelis auk\u0161\u010dio nustatymus, o sutvirtintas pagrindas u\u017etikrina stabilum\u0105 atliekant sunkius k\u0117limo ir j\u0117gos treniruo\u010di\u0173 pratimus.\"},{\"@type\":\"BreadcrumbList\",\"@id\":\"https:\/\/gymfactory.eu\/lt\/produktas\/b2xx-treniruociu-stovas\/#breadcrumb\",\"itemListElement\":[{\"@type\":\"ListItem\",\"position\":1,\"name\":\"Pagrindinis\",\"item\":\"https:\/\/gymfactory.eu\/lt\/\"},{\"@type\":\"ListItem\",\"position\":2,\"name\":\"Katalogas\",\"item\":\"https:\/\/gymfactory.eu\/lt\/katalogas\/\"},{\"@type\":\"ListItem\",\"position\":3,\"name\":\"B2XX Prit\u016bpim\u0173 ir spaudimo stovas + skersinis\"}]},{\"@type\":\"WebSite\",\"@id\":\"https:\/\/gymfactory.eu\/lt\/#website\",\"url\":\"https:\/\/gymfactory.eu\/lt\/\",\"name\":\"Gym Factory\",\"description\":\"\",\"publisher\":{\"@id\":\"https:\/\/gymfactory.eu\/lt\/#organization\"},\"potentialAction\":[{\"@type\":\"SearchAction\",\"target\":{\"@type\":\"EntryPoint\",\"urlTemplate\":\"https:\/\/gymfactory.eu\/lt\/?s={search_term_string}\"},\"query-input\":{\"@type\":\"PropertyValueSpecification\",\"valueRequired\":true,\"valueName\":\"search_term_string\"}}],\"inLanguage\":\"lt-LT\"},{\"@type\":\"Organization\",\"@id\":\"https:\/\/gymfactory.eu\/lt\/#organization\",\"name\":\"Sporto sal\u0117s gamykla\",\"url\":\"https:\/\/gymfactory.eu\/lt\/\",\"logo\":{\"@type\":\"ImageObject\",\"inLanguage\":\"lt-LT\",\"@id\":\"https:\/\/gymfactory.eu\/lt\/#\/schema\/logo\/image\/\",\"url\":\"https:\/\/gymfactory.eu\/wp-content\/uploads\/2024\/11\/Component-1.svg\",\"contentUrl\":\"https:\/\/gymfactory.eu\/wp-content\/uploads\/2024\/11\/Component-1.svg\",\"width\":54,\"height\":44,\"caption\":\"Sporto sal\u0117s gamykla\"},\"image\":{\"@id\":\"https:\/\/gymfactory.eu\/lt\/#\/schema\/logo\/image\/\"}}]}<\/script>\n<!-- \/ Yoast SEO plugin. -->","yoast_head_json":{"title":"B2XX treniruo\u010di\u0173 stovas, skirtas nam\u0173 ir komercin\u0117s sporto sal\u0117s \u012frengimui","description":"Steigiate universali\u0105 sporto sal\u0119? B2XX treniruo\u010di\u0173 stovas pasi\u017eymi tvirtumu, stabilumu ir daugiafunkci\u0161kumu, tinkantis nam\u0173 ar komercin\u0117ms treniruokli\u0173 patalpoms.","robots":{"index":"index","follow":"follow","max-snippet":"max-snippet:-1","max-image-preview":"max-image-preview:large","max-video-preview":"max-video-preview:-1"},"canonical":"https:\/\/gymfactory.eu\/lt\/produktas\/b2xx-treniruociu-stovas\/","og_locale":"lt_LT","og_type":"article","og_title":"B2XX treniruo\u010di\u0173 stovas, skirtas nam\u0173 ir komercin\u0117s sporto sal\u0117s \u012frengimui","og_description":"Steigiate universali\u0105 sporto sal\u0119? B2XX treniruo\u010di\u0173 stovas pasi\u017eymi tvirtumu, stabilumu ir daugiafunkci\u0161kumu, tinkantis nam\u0173 ar komercin\u0117ms treniruokli\u0173 patalpoms.","og_url":"https:\/\/gymfactory.eu\/lt\/produktas\/b2xx-treniruociu-stovas\/","og_site_name":"Gym Factory","article_modified_time":"2025-12-05T11:27:57+00:00","og_image":[{"width":1500,"height":1500,"url":"https:\/\/gymfactory.eu\/wp-content\/uploads\/2025\/02\/power-rack-with-pull-up-bar-1.webp","type":"image\/webp"}],"twitter_card":"summary_large_image","twitter_misc":{"Est. reading time":"1 minut\u0117"},"schema":{"@context":"https:\/\/schema.org","@graph":[{"@type":"WebPage","@id":"https:\/\/gymfactory.eu\/lt\/produktas\/b2xx-treniruociu-stovas\/","url":"https:\/\/gymfactory.eu\/lt\/produktas\/b2xx-treniruociu-stovas\/","name":"B2XX treniruo\u010di\u0173 stovas, skirtas nam\u0173 ir komercin\u0117s sporto sal\u0117s \u012frengimui","isPartOf":{"@id":"https:\/\/gymfactory.eu\/lt\/#website"},"primaryImageOfPage":{"@id":"https:\/\/gymfactory.eu\/lt\/produktas\/b2xx-treniruociu-stovas\/#primaryimage"},"image":{"@id":"https:\/\/gymfactory.eu\/lt\/produktas\/b2xx-treniruociu-stovas\/#primaryimage"},"thumbnailUrl":"https:\/\/gymfactory.eu\/wp-content\/uploads\/2025\/02\/power-rack-with-pull-up-bar-1.webp","datePublished":"2025-02-12T13:35:17+00:00","dateModified":"2025-12-05T11:27:57+00:00","description":"Steigiate universali\u0105 sporto sal\u0119? B2XX treniruo\u010di\u0173 stovas pasi\u017eymi tvirtumu, stabilumu ir daugiafunkci\u0161kumu, tinkantis nam\u0173 ar komercin\u0117ms treniruokli\u0173 patalpoms.","breadcrumb":{"@id":"https:\/\/gymfactory.eu\/lt\/produktas\/b2xx-treniruociu-stovas\/#breadcrumb"},"inLanguage":"lt-LT","potentialAction":[{"@type":"ReadAction","target":["https:\/\/gymfactory.eu\/lt\/produktas\/b2xx-treniruociu-stovas\/"]}]},{"@type":"ImageObject","inLanguage":"lt-LT","@id":"https:\/\/gymfactory.eu\/lt\/produktas\/b2xx-treniruociu-stovas\/#primaryimage","url":"https:\/\/gymfactory.eu\/wp-content\/uploads\/2025\/02\/power-rack-with-pull-up-bar-1.webp","contentUrl":"https:\/\/gymfactory.eu\/wp-content\/uploads\/2025\/02\/power-rack-with-pull-up-bar-1.webp","width":1500,"height":1500,"caption":"Geriausias prit\u016bpim\u0173 stovas su juodai raudonu j\u0117gos stovu su integruotu traukimo baru. Reguliuojami \u0161tang\u0173 laikikliai leid\u017eia nustatyti kelis auk\u0161\u010dio nustatymus, o sutvirtintas pagrindas u\u017etikrina stabilum\u0105 atliekant sunkius k\u0117limo ir j\u0117gos treniruo\u010di\u0173 pratimus."},{"@type":"BreadcrumbList","@id":"https:\/\/gymfactory.eu\/lt\/produktas\/b2xx-treniruociu-stovas\/#breadcrumb","itemListElement":[{"@type":"ListItem","position":1,"name":"Pagrindinis","item":"https:\/\/gymfactory.eu\/lt\/"},{"@type":"ListItem","position":2,"name":"Katalogas","item":"https:\/\/gymfactory.eu\/lt\/katalogas\/"},{"@type":"ListItem","position":3,"name":"B2XX Prit\u016bpim\u0173 ir spaudimo stovas + skersinis"}]},{"@type":"WebSite","@id":"https:\/\/gymfactory.eu\/lt\/#website","url":"https:\/\/gymfactory.eu\/lt\/","name":"Gym Factory","description":"","publisher":{"@id":"https:\/\/gymfactory.eu\/lt\/#organization"},"potentialAction":[{"@type":"SearchAction","target":{"@type":"EntryPoint","urlTemplate":"https:\/\/gymfactory.eu\/lt\/?s={search_term_string}"},"query-input":{"@type":"PropertyValueSpecification","valueRequired":true,"valueName":"search_term_string"}}],"inLanguage":"lt-LT"},{"@type":"Organization","@id":"https:\/\/gymfactory.eu\/lt\/#organization","name":"Sporto sal\u0117s gamykla","url":"https:\/\/gymfactory.eu\/lt\/","logo":{"@type":"ImageObject","inLanguage":"lt-LT","@id":"https:\/\/gymfactory.eu\/lt\/#\/schema\/logo\/image\/","url":"https:\/\/gymfactory.eu\/wp-content\/uploads\/2024\/11\/Component-1.svg","contentUrl":"https:\/\/gymfactory.eu\/wp-content\/uploads\/2024\/11\/Component-1.svg","width":54,"height":44,"caption":"Sporto sal\u0117s gamykla"},"image":{"@id":"https:\/\/gymfactory.eu\/lt\/#\/schema\/logo\/image\/"}}]}},"_links":{"self":[{"href":"https:\/\/gymfactory.eu\/lt\/wp-json\/wp\/v2\/product\/9879","targetHints":{"allow":["GET"]}}],"collection":[{"href":"https:\/\/gymfactory.eu\/lt\/wp-json\/wp\/v2\/product"}],"about":[{"href":"https:\/\/gymfactory.eu\/lt\/wp-json\/wp\/v2\/types\/product"}],"wp:featuredmedia":[{"embeddable":true,"href":"https:\/\/gymfactory.eu\/lt\/wp-json\/wp\/v2\/media\/8798"}],"wp:attachment":[{"href":"https:\/\/gymfactory.eu\/lt\/wp-json\/wp\/v2\/media?parent=9879"}],"wp:term":[{"taxonomy":"product_brand","embeddable":true,"href":"https:\/\/gymfactory.eu\/lt\/wp-json\/wp\/v2\/product_brand?post=9879"},{"taxonomy":"product_cat","embeddable":true,"href":"https:\/\/gymfactory.eu\/lt\/wp-json\/wp\/v2\/product_cat?post=9879"},{"taxonomy":"product_tag","embeddable":true,"href":"https:\/\/gymfactory.eu\/lt\/wp-json\/wp\/v2\/product_tag?post=9879"}],"curies":[{"name":"wp","href":"https:\/\/api.w.org\/{rel}","templated":true}]}}