{"id":9861,"date":"2025-02-17T14:40:18","date_gmt":"2025-02-17T12:40:18","guid":{"rendered":"https:\/\/gymfactory.eu\/product\/un9-gimnastikos-baru-stotis\/"},"modified":"2025-12-08T13:42:56","modified_gmt":"2025-12-08T11:42:56","slug":"un9-gimnastikos-baru-stotis","status":"publish","type":"product","link":"https:\/\/gymfactory.eu\/lt\/produktas\/un9-gimnastikos-baru-stotis\/","title":{"rendered":"UN9 Gimnastikos skersini\u0173 stovas"},"content":{"rendered":"<p>UN9 \u2013 lauko treniruo\u010di\u0173 \u012frenginys, skirtas pa\u017eengusiems vartotojams, siekiantiems lavinti vir\u0161utin\u0117s k\u016bno dalies j\u0117g\u0105, koordinacij\u0105 ir k\u016bno kontrol\u0119. Konstrukcij\u0105 sudaro horizontali skersini\u0173 sistema (\u201emonkey bars\u201c) su didesniais tarpais tarp skersini\u0173, kurie padidina judesio amplitud\u0119 ir pratimo sud\u0117tingum\u0105, bei atskiras skersinis j\u0117gos pratimams.<\/p>\n<p>Toks derinys leid\u017eia atlikti pa\u017eangius kab\u0117jimo, su\u0117mimo ir traukos pratimus, stiprinan\u010dius i\u0161tverm\u0119 ir raumen\u0173 kontrol\u0119.<\/p>\n<p><strong>Tvirtinimo sprendimai:<\/strong><br \/>\n\u2022 Montavimas \u012f beton\u0105 naudojant armat\u016brinius inkarus.<br \/>\n\u2022 Tvirtinimas var\u017etais naudojant pagrindo plok\u0161tes su i\u0161gr\u0119\u017etomis skyl\u0117mis.<br \/>\n\u2022 Montavimas ant \u017eem\u0117s naudojant \u012fsukamus polius ir tvirtinimo plok\u0161tes \u2013 \u0161is variantas brangesnis d\u0117l sraigtini\u0173 poli\u0173 kainos ir priklauso nuo reikaling\u0173 tvirtinimo ta\u0161k\u0173 kiekio kiekvienam \u012frenginiui.<\/p>\n\n    <div class=\"xs_social_share_widget xs_share_url after_content \t\tmain_content  wslu-style-1 wslu-share-box-shaped wslu-fill-colored wslu-none wslu-share-horizontal wslu-theme-font-no wslu-main_content\">\n\n\t\t\n        <ul>\n\t\t\t        <\/ul>\n    <\/div> \n","protected":false},"excerpt":{"rendered":"<p>UN9 \u2013 lauko treniruo\u010di\u0173 \u012frenginys, skirtas pa\u017eengusiems vartotojams, siekiantiems lavinti vir\u0161utin\u0117s k\u016bno dalies j\u0117g\u0105, koordinacij\u0105 ir k\u016bno kontrol\u0119. Konstrukcij\u0105 sudaro horizontali skersini\u0173 sistema (\u201emonkey bars\u201c) su didesniais tarpais tarp skersini\u0173, kurie padidina judesio amplitud\u0119 ir pratimo sud\u0117tingum\u0105, bei atskiras skersinis j\u0117gos pratimams. Toks derinys leid\u017eia atlikti pa\u017eangius kab\u0117jimo, su\u0117mimo ir traukos pratimus, stiprinan\u010dius i\u0161tverm\u0119 ir [&hellip;]<\/p>\n","protected":false},"featured_media":8110,"template":"","meta":{"_acf_changed":false},"product_brand":[817],"product_cat":[617],"product_tag":[415],"class_list":{"0":"post-9861","1":"product","2":"type-product","3":"status-publish","4":"has-post-thumbnail","6":"product_brand-gym-factory-lt","7":"product_cat-lauko-treniruokliai","8":"product_tag-spalva-tik-metaline","10":"first","11":"onbackorder","12":"taxable","13":"shipping-taxable","14":"purchasable","15":"product-type-variable","16":"has-default-attributes"},"acf":[],"yoast_head":"<!-- This site is optimized with the Yoast SEO plugin v25.2 - https:\/\/yoast.com\/wordpress\/plugins\/seo\/ -->\n<title>UN9 gimnastikos bar\u0173 stotis Lauko treniruokli\u0173 \u012franga<\/title>\n<meta name=\"description\" content=\"\u0160i gimnastikos bar\u0173 stotis pagaminta i\u0161 auk\u0161tos kokyb\u0117s plieno konstrukcijos ir puikiai tinka vir\u0161utin\u0117s k\u016bno dalies treniruot\u0117ms ir j\u0117gos pratimams.\" \/>\n<meta name=\"robots\" content=\"index, follow, max-snippet:-1, max-image-preview:large, max-video-preview:-1\" \/>\n<link rel=\"canonical\" href=\"https:\/\/gymfactory.eu\/lt\/produktas\/un9-gimnastikos-baru-stotis\/\" \/>\n<meta property=\"og:locale\" content=\"lt_LT\" \/>\n<meta property=\"og:type\" content=\"article\" \/>\n<meta property=\"og:title\" content=\"UN9 gimnastikos bar\u0173 stotis Lauko treniruokli\u0173 \u012franga\" \/>\n<meta property=\"og:description\" content=\"\u0160i gimnastikos bar\u0173 stotis pagaminta i\u0161 auk\u0161tos kokyb\u0117s plieno konstrukcijos ir puikiai tinka vir\u0161utin\u0117s k\u016bno dalies treniruot\u0117ms ir j\u0117gos pratimams.\" \/>\n<meta property=\"og:url\" content=\"https:\/\/gymfactory.eu\/lt\/produktas\/un9-gimnastikos-baru-stotis\/\" \/>\n<meta property=\"og:site_name\" content=\"Gym Factory\" \/>\n<meta property=\"article:modified_time\" content=\"2025-12-08T11:42:56+00:00\" \/>\n<meta property=\"og:image\" content=\"https:\/\/gymfactory.eu\/wp-content\/uploads\/2025\/02\/outdoor-fitness-equipment-monkey-bars-1.webp\" \/>\n\t<meta property=\"og:image:width\" content=\"1000\" \/>\n\t<meta property=\"og:image:height\" content=\"1000\" \/>\n\t<meta property=\"og:image:type\" content=\"image\/webp\" \/>\n<meta name=\"twitter:card\" content=\"summary_large_image\" \/>\n<meta name=\"twitter:label1\" content=\"Est. reading time\" \/>\n\t<meta name=\"twitter:data1\" content=\"1 minut\u0117\" \/>\n<script type=\"application\/ld+json\" class=\"yoast-schema-graph\">{\"@context\":\"https:\/\/schema.org\",\"@graph\":[{\"@type\":\"WebPage\",\"@id\":\"https:\/\/gymfactory.eu\/lt\/produktas\/un9-gimnastikos-baru-stotis\/\",\"url\":\"https:\/\/gymfactory.eu\/lt\/produktas\/un9-gimnastikos-baru-stotis\/\",\"name\":\"UN9 gimnastikos bar\u0173 stotis Lauko treniruokli\u0173 \u012franga\",\"isPartOf\":{\"@id\":\"https:\/\/gymfactory.eu\/lt\/#website\"},\"primaryImageOfPage\":{\"@id\":\"https:\/\/gymfactory.eu\/lt\/produktas\/un9-gimnastikos-baru-stotis\/#primaryimage\"},\"image\":{\"@id\":\"https:\/\/gymfactory.eu\/lt\/produktas\/un9-gimnastikos-baru-stotis\/#primaryimage\"},\"thumbnailUrl\":\"https:\/\/gymfactory.eu\/wp-content\/uploads\/2025\/02\/outdoor-fitness-equipment-monkey-bars-1.webp\",\"datePublished\":\"2025-02-17T12:40:18+00:00\",\"dateModified\":\"2025-12-08T11:42:56+00:00\",\"description\":\"\u0160i gimnastikos bar\u0173 stotis pagaminta i\u0161 auk\u0161tos kokyb\u0117s plieno konstrukcijos ir puikiai tinka vir\u0161utin\u0117s k\u016bno dalies treniruot\u0117ms ir j\u0117gos pratimams.\",\"breadcrumb\":{\"@id\":\"https:\/\/gymfactory.eu\/lt\/produktas\/un9-gimnastikos-baru-stotis\/#breadcrumb\"},\"inLanguage\":\"lt-LT\",\"potentialAction\":[{\"@type\":\"ReadAction\",\"target\":[\"https:\/\/gymfactory.eu\/lt\/produktas\/un9-gimnastikos-baru-stotis\/\"]}]},{\"@type\":\"ImageObject\",\"inLanguage\":\"lt-LT\",\"@id\":\"https:\/\/gymfactory.eu\/lt\/produktas\/un9-gimnastikos-baru-stotis\/#primaryimage\",\"url\":\"https:\/\/gymfactory.eu\/wp-content\/uploads\/2025\/02\/outdoor-fitness-equipment-monkey-bars-1.webp\",\"contentUrl\":\"https:\/\/gymfactory.eu\/wp-content\/uploads\/2025\/02\/outdoor-fitness-equipment-monkey-bars-1.webp\",\"width\":1000,\"height\":1000,\"caption\":\"J\u0117gos pratimai ant lauko be\u017ed\u017eioni\u0173 tur\u0117kl\u0173, pagamint\u0173 i\u0161 tvirto plieno, su keliais horizontaliais strypais, skirtais vir\u0161utinei k\u016bno daliai treniruoti, pvz., prisitraukimams ir kabantiems koj\u0173 pak\u0117limams, \u012frengt\u0173 ant sm\u0117lio pagrindo.\"},{\"@type\":\"BreadcrumbList\",\"@id\":\"https:\/\/gymfactory.eu\/lt\/produktas\/un9-gimnastikos-baru-stotis\/#breadcrumb\",\"itemListElement\":[{\"@type\":\"ListItem\",\"position\":1,\"name\":\"Pagrindinis\",\"item\":\"https:\/\/gymfactory.eu\/lt\/\"},{\"@type\":\"ListItem\",\"position\":2,\"name\":\"Katalogas\",\"item\":\"https:\/\/gymfactory.eu\/lt\/katalogas\/\"},{\"@type\":\"ListItem\",\"position\":3,\"name\":\"UN9 Gimnastikos skersini\u0173 stovas\"}]},{\"@type\":\"WebSite\",\"@id\":\"https:\/\/gymfactory.eu\/lt\/#website\",\"url\":\"https:\/\/gymfactory.eu\/lt\/\",\"name\":\"Gym Factory\",\"description\":\"\",\"publisher\":{\"@id\":\"https:\/\/gymfactory.eu\/lt\/#organization\"},\"potentialAction\":[{\"@type\":\"SearchAction\",\"target\":{\"@type\":\"EntryPoint\",\"urlTemplate\":\"https:\/\/gymfactory.eu\/lt\/?s={search_term_string}\"},\"query-input\":{\"@type\":\"PropertyValueSpecification\",\"valueRequired\":true,\"valueName\":\"search_term_string\"}}],\"inLanguage\":\"lt-LT\"},{\"@type\":\"Organization\",\"@id\":\"https:\/\/gymfactory.eu\/lt\/#organization\",\"name\":\"Sporto sal\u0117s gamykla\",\"url\":\"https:\/\/gymfactory.eu\/lt\/\",\"logo\":{\"@type\":\"ImageObject\",\"inLanguage\":\"lt-LT\",\"@id\":\"https:\/\/gymfactory.eu\/lt\/#\/schema\/logo\/image\/\",\"url\":\"https:\/\/gymfactory.eu\/wp-content\/uploads\/2024\/11\/Component-1.svg\",\"contentUrl\":\"https:\/\/gymfactory.eu\/wp-content\/uploads\/2024\/11\/Component-1.svg\",\"width\":54,\"height\":44,\"caption\":\"Sporto sal\u0117s gamykla\"},\"image\":{\"@id\":\"https:\/\/gymfactory.eu\/lt\/#\/schema\/logo\/image\/\"}}]}<\/script>\n<!-- \/ Yoast SEO plugin. -->","yoast_head_json":{"title":"UN9 gimnastikos bar\u0173 stotis Lauko treniruokli\u0173 \u012franga","description":"\u0160i gimnastikos bar\u0173 stotis pagaminta i\u0161 auk\u0161tos kokyb\u0117s plieno konstrukcijos ir puikiai tinka vir\u0161utin\u0117s k\u016bno dalies treniruot\u0117ms ir j\u0117gos pratimams.","robots":{"index":"index","follow":"follow","max-snippet":"max-snippet:-1","max-image-preview":"max-image-preview:large","max-video-preview":"max-video-preview:-1"},"canonical":"https:\/\/gymfactory.eu\/lt\/produktas\/un9-gimnastikos-baru-stotis\/","og_locale":"lt_LT","og_type":"article","og_title":"UN9 gimnastikos bar\u0173 stotis Lauko treniruokli\u0173 \u012franga","og_description":"\u0160i gimnastikos bar\u0173 stotis pagaminta i\u0161 auk\u0161tos kokyb\u0117s plieno konstrukcijos ir puikiai tinka vir\u0161utin\u0117s k\u016bno dalies treniruot\u0117ms ir j\u0117gos pratimams.","og_url":"https:\/\/gymfactory.eu\/lt\/produktas\/un9-gimnastikos-baru-stotis\/","og_site_name":"Gym Factory","article_modified_time":"2025-12-08T11:42:56+00:00","og_image":[{"width":1000,"height":1000,"url":"https:\/\/gymfactory.eu\/wp-content\/uploads\/2025\/02\/outdoor-fitness-equipment-monkey-bars-1.webp","type":"image\/webp"}],"twitter_card":"summary_large_image","twitter_misc":{"Est. reading time":"1 minut\u0117"},"schema":{"@context":"https:\/\/schema.org","@graph":[{"@type":"WebPage","@id":"https:\/\/gymfactory.eu\/lt\/produktas\/un9-gimnastikos-baru-stotis\/","url":"https:\/\/gymfactory.eu\/lt\/produktas\/un9-gimnastikos-baru-stotis\/","name":"UN9 gimnastikos bar\u0173 stotis Lauko treniruokli\u0173 \u012franga","isPartOf":{"@id":"https:\/\/gymfactory.eu\/lt\/#website"},"primaryImageOfPage":{"@id":"https:\/\/gymfactory.eu\/lt\/produktas\/un9-gimnastikos-baru-stotis\/#primaryimage"},"image":{"@id":"https:\/\/gymfactory.eu\/lt\/produktas\/un9-gimnastikos-baru-stotis\/#primaryimage"},"thumbnailUrl":"https:\/\/gymfactory.eu\/wp-content\/uploads\/2025\/02\/outdoor-fitness-equipment-monkey-bars-1.webp","datePublished":"2025-02-17T12:40:18+00:00","dateModified":"2025-12-08T11:42:56+00:00","description":"\u0160i gimnastikos bar\u0173 stotis pagaminta i\u0161 auk\u0161tos kokyb\u0117s plieno konstrukcijos ir puikiai tinka vir\u0161utin\u0117s k\u016bno dalies treniruot\u0117ms ir j\u0117gos pratimams.","breadcrumb":{"@id":"https:\/\/gymfactory.eu\/lt\/produktas\/un9-gimnastikos-baru-stotis\/#breadcrumb"},"inLanguage":"lt-LT","potentialAction":[{"@type":"ReadAction","target":["https:\/\/gymfactory.eu\/lt\/produktas\/un9-gimnastikos-baru-stotis\/"]}]},{"@type":"ImageObject","inLanguage":"lt-LT","@id":"https:\/\/gymfactory.eu\/lt\/produktas\/un9-gimnastikos-baru-stotis\/#primaryimage","url":"https:\/\/gymfactory.eu\/wp-content\/uploads\/2025\/02\/outdoor-fitness-equipment-monkey-bars-1.webp","contentUrl":"https:\/\/gymfactory.eu\/wp-content\/uploads\/2025\/02\/outdoor-fitness-equipment-monkey-bars-1.webp","width":1000,"height":1000,"caption":"J\u0117gos pratimai ant lauko be\u017ed\u017eioni\u0173 tur\u0117kl\u0173, pagamint\u0173 i\u0161 tvirto plieno, su keliais horizontaliais strypais, skirtais vir\u0161utinei k\u016bno daliai treniruoti, pvz., prisitraukimams ir kabantiems koj\u0173 pak\u0117limams, \u012frengt\u0173 ant sm\u0117lio pagrindo."},{"@type":"BreadcrumbList","@id":"https:\/\/gymfactory.eu\/lt\/produktas\/un9-gimnastikos-baru-stotis\/#breadcrumb","itemListElement":[{"@type":"ListItem","position":1,"name":"Pagrindinis","item":"https:\/\/gymfactory.eu\/lt\/"},{"@type":"ListItem","position":2,"name":"Katalogas","item":"https:\/\/gymfactory.eu\/lt\/katalogas\/"},{"@type":"ListItem","position":3,"name":"UN9 Gimnastikos skersini\u0173 stovas"}]},{"@type":"WebSite","@id":"https:\/\/gymfactory.eu\/lt\/#website","url":"https:\/\/gymfactory.eu\/lt\/","name":"Gym Factory","description":"","publisher":{"@id":"https:\/\/gymfactory.eu\/lt\/#organization"},"potentialAction":[{"@type":"SearchAction","target":{"@type":"EntryPoint","urlTemplate":"https:\/\/gymfactory.eu\/lt\/?s={search_term_string}"},"query-input":{"@type":"PropertyValueSpecification","valueRequired":true,"valueName":"search_term_string"}}],"inLanguage":"lt-LT"},{"@type":"Organization","@id":"https:\/\/gymfactory.eu\/lt\/#organization","name":"Sporto sal\u0117s gamykla","url":"https:\/\/gymfactory.eu\/lt\/","logo":{"@type":"ImageObject","inLanguage":"lt-LT","@id":"https:\/\/gymfactory.eu\/lt\/#\/schema\/logo\/image\/","url":"https:\/\/gymfactory.eu\/wp-content\/uploads\/2024\/11\/Component-1.svg","contentUrl":"https:\/\/gymfactory.eu\/wp-content\/uploads\/2024\/11\/Component-1.svg","width":54,"height":44,"caption":"Sporto sal\u0117s gamykla"},"image":{"@id":"https:\/\/gymfactory.eu\/lt\/#\/schema\/logo\/image\/"}}]}},"_links":{"self":[{"href":"https:\/\/gymfactory.eu\/lt\/wp-json\/wp\/v2\/product\/9861","targetHints":{"allow":["GET"]}}],"collection":[{"href":"https:\/\/gymfactory.eu\/lt\/wp-json\/wp\/v2\/product"}],"about":[{"href":"https:\/\/gymfactory.eu\/lt\/wp-json\/wp\/v2\/types\/product"}],"wp:featuredmedia":[{"embeddable":true,"href":"https:\/\/gymfactory.eu\/lt\/wp-json\/wp\/v2\/media\/8110"}],"wp:attachment":[{"href":"https:\/\/gymfactory.eu\/lt\/wp-json\/wp\/v2\/media?parent=9861"}],"wp:term":[{"taxonomy":"product_brand","embeddable":true,"href":"https:\/\/gymfactory.eu\/lt\/wp-json\/wp\/v2\/product_brand?post=9861"},{"taxonomy":"product_cat","embeddable":true,"href":"https:\/\/gymfactory.eu\/lt\/wp-json\/wp\/v2\/product_cat?post=9861"},{"taxonomy":"product_tag","embeddable":true,"href":"https:\/\/gymfactory.eu\/lt\/wp-json\/wp\/v2\/product_tag?post=9861"}],"curies":[{"name":"wp","href":"https:\/\/api.w.org\/{rel}","templated":true}]}}