{"id":9855,"date":"2025-02-19T13:08:36","date_gmt":"2025-02-19T11:08:36","guid":{"rendered":"https:\/\/gymfactory.eu\/product\/w1-rankenos-tvirtinimas\/"},"modified":"2025-12-08T13:56:26","modified_gmt":"2025-12-08T11:56:26","slug":"w1-rankenos-tvirtinimas","status":"publish","type":"product","link":"https:\/\/gymfactory.eu\/lt\/produktas\/w1-rankenos-tvirtinimas\/","title":{"rendered":"W1 Ranken\u0117l\u0117"},"content":{"rendered":"<p>W1 ranken\u0117l\u0117 \u2013 \u012franga traukos ir st\u016bmimo pratimams su trosin\u0117mis sistemomis. Viengubas, besisukantis ner\u016bdijan\u010dio plieno laikiklis su \u0161iurk\u0161\u010diu pavir\u0161iumi u\u017etikrina patog\u0173 ir stabil\u0173 sukibim\u0105 atliekant izoliuotus judesius.<\/p>\n<p>Tinka naudoti su dauguma j\u0117gos treniruokli\u0173 \u2013 leid\u017eia tiksliai lavinti raumen\u0173 grupes tiek sporto sal\u0117se, tiek nam\u0173 treniruot\u0117se.<\/p>\n\n    <div class=\"xs_social_share_widget xs_share_url after_content \t\tmain_content  wslu-style-1 wslu-share-box-shaped wslu-fill-colored wslu-none wslu-share-horizontal wslu-theme-font-no wslu-main_content\">\n\n\t\t\n        <ul>\n\t\t\t        <\/ul>\n    <\/div> \n","protected":false},"excerpt":{"rendered":"<p>W1 ranken\u0117l\u0117 \u2013 \u012franga traukos ir st\u016bmimo pratimams su trosin\u0117mis sistemomis. Viengubas, besisukantis ner\u016bdijan\u010dio plieno laikiklis su \u0161iurk\u0161\u010diu pavir\u0161iumi u\u017etikrina patog\u0173 ir stabil\u0173 sukibim\u0105 atliekant izoliuotus judesius. Tinka naudoti su dauguma j\u0117gos treniruokli\u0173 \u2013 leid\u017eia tiksliai lavinti raumen\u0173 grupes tiek sporto sal\u0117se, tiek nam\u0173 treniruot\u0117se.<\/p>\n","protected":false},"featured_media":19918,"template":"","meta":{"_acf_changed":false},"product_brand":[817],"product_cat":[418],"product_tag":[415],"class_list":{"0":"post-9855","1":"product","2":"type-product","3":"status-publish","4":"has-post-thumbnail","6":"product_brand-gym-factory-lt","7":"product_cat-treniruokliu-priedai","8":"product_tag-spalva-tik-metaline","10":"first","11":"onbackorder","12":"taxable","13":"shipping-taxable","14":"purchasable","15":"product-type-variable"},"acf":[],"yoast_head":"<!-- This site is optimized with the Yoast SEO plugin v25.2 - https:\/\/yoast.com\/wordpress\/plugins\/seo\/ -->\n<title>W1 rankenos priedas - b\u016btina \u012franga treniruot\u0117ms su svoriais<\/title>\n<meta name=\"description\" content=\"\u0160i treniruokli\u0173 su svoriais \u012franga, pagaminta i\u0161 auk\u0161tos kokyb\u0117s plieno konstrukcijos, padeda atlikti \u012fvairius pratimus, kad b\u016bt\u0173 veiksmingai stiprinamos pagrindin\u0117s raumen\u0173 grup\u0117s.\" \/>\n<meta name=\"robots\" content=\"index, follow, max-snippet:-1, max-image-preview:large, max-video-preview:-1\" \/>\n<link rel=\"canonical\" href=\"https:\/\/gymfactory.eu\/lt\/produktas\/w1-rankenos-tvirtinimas\/\" \/>\n<meta property=\"og:locale\" content=\"lt_LT\" \/>\n<meta property=\"og:type\" content=\"article\" \/>\n<meta property=\"og:title\" content=\"W1 rankenos priedas - b\u016btina \u012franga treniruot\u0117ms su svoriais\" \/>\n<meta property=\"og:description\" content=\"\u0160i treniruokli\u0173 su svoriais \u012franga, pagaminta i\u0161 auk\u0161tos kokyb\u0117s plieno konstrukcijos, padeda atlikti \u012fvairius pratimus, kad b\u016bt\u0173 veiksmingai stiprinamos pagrindin\u0117s raumen\u0173 grup\u0117s.\" \/>\n<meta property=\"og:url\" content=\"https:\/\/gymfactory.eu\/lt\/produktas\/w1-rankenos-tvirtinimas\/\" \/>\n<meta property=\"og:site_name\" content=\"Gym Factory\" \/>\n<meta property=\"article:modified_time\" content=\"2025-12-08T11:56:26+00:00\" \/>\n<meta property=\"og:image\" content=\"https:\/\/gymfactory.eu\/wp-content\/uploads\/2025\/02\/w1-high-quality-steel-structure-handle-1-1.webp\" \/>\n\t<meta property=\"og:image:width\" content=\"1500\" \/>\n\t<meta property=\"og:image:height\" content=\"1500\" \/>\n\t<meta property=\"og:image:type\" content=\"image\/webp\" \/>\n<meta name=\"twitter:card\" content=\"summary_large_image\" \/>\n<meta name=\"twitter:label1\" content=\"Est. reading time\" \/>\n\t<meta name=\"twitter:data1\" content=\"1 minut\u0117\" \/>\n<script type=\"application\/ld+json\" class=\"yoast-schema-graph\">{\"@context\":\"https:\/\/schema.org\",\"@graph\":[{\"@type\":\"WebPage\",\"@id\":\"https:\/\/gymfactory.eu\/lt\/produktas\/w1-rankenos-tvirtinimas\/\",\"url\":\"https:\/\/gymfactory.eu\/lt\/produktas\/w1-rankenos-tvirtinimas\/\",\"name\":\"W1 rankenos priedas - b\u016btina \u012franga treniruot\u0117ms su svoriais\",\"isPartOf\":{\"@id\":\"https:\/\/gymfactory.eu\/lt\/#website\"},\"primaryImageOfPage\":{\"@id\":\"https:\/\/gymfactory.eu\/lt\/produktas\/w1-rankenos-tvirtinimas\/#primaryimage\"},\"image\":{\"@id\":\"https:\/\/gymfactory.eu\/lt\/produktas\/w1-rankenos-tvirtinimas\/#primaryimage\"},\"thumbnailUrl\":\"https:\/\/gymfactory.eu\/wp-content\/uploads\/2025\/02\/w1-high-quality-steel-structure-handle-1-1.webp\",\"datePublished\":\"2025-02-19T11:08:36+00:00\",\"dateModified\":\"2025-12-08T11:56:26+00:00\",\"description\":\"\u0160i treniruokli\u0173 su svoriais \u012franga, pagaminta i\u0161 auk\u0161tos kokyb\u0117s plieno konstrukcijos, padeda atlikti \u012fvairius pratimus, kad b\u016bt\u0173 veiksmingai stiprinamos pagrindin\u0117s raumen\u0173 grup\u0117s.\",\"breadcrumb\":{\"@id\":\"https:\/\/gymfactory.eu\/lt\/produktas\/w1-rankenos-tvirtinimas\/#breadcrumb\"},\"inLanguage\":\"lt-LT\",\"potentialAction\":[{\"@type\":\"ReadAction\",\"target\":[\"https:\/\/gymfactory.eu\/lt\/produktas\/w1-rankenos-tvirtinimas\/\"]}]},{\"@type\":\"ImageObject\",\"inLanguage\":\"lt-LT\",\"@id\":\"https:\/\/gymfactory.eu\/lt\/produktas\/w1-rankenos-tvirtinimas\/#primaryimage\",\"url\":\"https:\/\/gymfactory.eu\/wp-content\/uploads\/2025\/02\/w1-high-quality-steel-structure-handle-1-1.webp\",\"contentUrl\":\"https:\/\/gymfactory.eu\/wp-content\/uploads\/2025\/02\/w1-high-quality-steel-structure-handle-1-1.webp\",\"width\":1500,\"height\":1500,\"caption\":\"A standalone, D-shaped equipment for weight training handle made of high-quality steel. The knurled metal grip ensures a firm hold during exercises, and the heavy-duty frame is built for intense weightlifting routines. The handle includes a mounting hole for secure machine attachment.\"},{\"@type\":\"BreadcrumbList\",\"@id\":\"https:\/\/gymfactory.eu\/lt\/produktas\/w1-rankenos-tvirtinimas\/#breadcrumb\",\"itemListElement\":[{\"@type\":\"ListItem\",\"position\":1,\"name\":\"Pagrindinis\",\"item\":\"https:\/\/gymfactory.eu\/lt\/\"},{\"@type\":\"ListItem\",\"position\":2,\"name\":\"Katalogas\",\"item\":\"https:\/\/gymfactory.eu\/lt\/katalogas\/\"},{\"@type\":\"ListItem\",\"position\":3,\"name\":\"W1 Ranken\u0117l\u0117\"}]},{\"@type\":\"WebSite\",\"@id\":\"https:\/\/gymfactory.eu\/lt\/#website\",\"url\":\"https:\/\/gymfactory.eu\/lt\/\",\"name\":\"Gym Factory\",\"description\":\"\",\"publisher\":{\"@id\":\"https:\/\/gymfactory.eu\/lt\/#organization\"},\"potentialAction\":[{\"@type\":\"SearchAction\",\"target\":{\"@type\":\"EntryPoint\",\"urlTemplate\":\"https:\/\/gymfactory.eu\/lt\/?s={search_term_string}\"},\"query-input\":{\"@type\":\"PropertyValueSpecification\",\"valueRequired\":true,\"valueName\":\"search_term_string\"}}],\"inLanguage\":\"lt-LT\"},{\"@type\":\"Organization\",\"@id\":\"https:\/\/gymfactory.eu\/lt\/#organization\",\"name\":\"Sporto sal\u0117s gamykla\",\"url\":\"https:\/\/gymfactory.eu\/lt\/\",\"logo\":{\"@type\":\"ImageObject\",\"inLanguage\":\"lt-LT\",\"@id\":\"https:\/\/gymfactory.eu\/lt\/#\/schema\/logo\/image\/\",\"url\":\"https:\/\/gymfactory.eu\/wp-content\/uploads\/2024\/11\/Component-1.svg\",\"contentUrl\":\"https:\/\/gymfactory.eu\/wp-content\/uploads\/2024\/11\/Component-1.svg\",\"width\":54,\"height\":44,\"caption\":\"Sporto sal\u0117s gamykla\"},\"image\":{\"@id\":\"https:\/\/gymfactory.eu\/lt\/#\/schema\/logo\/image\/\"}}]}<\/script>\n<!-- \/ Yoast SEO plugin. -->","yoast_head_json":{"title":"W1 rankenos priedas - b\u016btina \u012franga treniruot\u0117ms su svoriais","description":"\u0160i treniruokli\u0173 su svoriais \u012franga, pagaminta i\u0161 auk\u0161tos kokyb\u0117s plieno konstrukcijos, padeda atlikti \u012fvairius pratimus, kad b\u016bt\u0173 veiksmingai stiprinamos pagrindin\u0117s raumen\u0173 grup\u0117s.","robots":{"index":"index","follow":"follow","max-snippet":"max-snippet:-1","max-image-preview":"max-image-preview:large","max-video-preview":"max-video-preview:-1"},"canonical":"https:\/\/gymfactory.eu\/lt\/produktas\/w1-rankenos-tvirtinimas\/","og_locale":"lt_LT","og_type":"article","og_title":"W1 rankenos priedas - b\u016btina \u012franga treniruot\u0117ms su svoriais","og_description":"\u0160i treniruokli\u0173 su svoriais \u012franga, pagaminta i\u0161 auk\u0161tos kokyb\u0117s plieno konstrukcijos, padeda atlikti \u012fvairius pratimus, kad b\u016bt\u0173 veiksmingai stiprinamos pagrindin\u0117s raumen\u0173 grup\u0117s.","og_url":"https:\/\/gymfactory.eu\/lt\/produktas\/w1-rankenos-tvirtinimas\/","og_site_name":"Gym Factory","article_modified_time":"2025-12-08T11:56:26+00:00","og_image":[{"width":1500,"height":1500,"url":"https:\/\/gymfactory.eu\/wp-content\/uploads\/2025\/02\/w1-high-quality-steel-structure-handle-1-1.webp","type":"image\/webp"}],"twitter_card":"summary_large_image","twitter_misc":{"Est. reading time":"1 minut\u0117"},"schema":{"@context":"https:\/\/schema.org","@graph":[{"@type":"WebPage","@id":"https:\/\/gymfactory.eu\/lt\/produktas\/w1-rankenos-tvirtinimas\/","url":"https:\/\/gymfactory.eu\/lt\/produktas\/w1-rankenos-tvirtinimas\/","name":"W1 rankenos priedas - b\u016btina \u012franga treniruot\u0117ms su svoriais","isPartOf":{"@id":"https:\/\/gymfactory.eu\/lt\/#website"},"primaryImageOfPage":{"@id":"https:\/\/gymfactory.eu\/lt\/produktas\/w1-rankenos-tvirtinimas\/#primaryimage"},"image":{"@id":"https:\/\/gymfactory.eu\/lt\/produktas\/w1-rankenos-tvirtinimas\/#primaryimage"},"thumbnailUrl":"https:\/\/gymfactory.eu\/wp-content\/uploads\/2025\/02\/w1-high-quality-steel-structure-handle-1-1.webp","datePublished":"2025-02-19T11:08:36+00:00","dateModified":"2025-12-08T11:56:26+00:00","description":"\u0160i treniruokli\u0173 su svoriais \u012franga, pagaminta i\u0161 auk\u0161tos kokyb\u0117s plieno konstrukcijos, padeda atlikti \u012fvairius pratimus, kad b\u016bt\u0173 veiksmingai stiprinamos pagrindin\u0117s raumen\u0173 grup\u0117s.","breadcrumb":{"@id":"https:\/\/gymfactory.eu\/lt\/produktas\/w1-rankenos-tvirtinimas\/#breadcrumb"},"inLanguage":"lt-LT","potentialAction":[{"@type":"ReadAction","target":["https:\/\/gymfactory.eu\/lt\/produktas\/w1-rankenos-tvirtinimas\/"]}]},{"@type":"ImageObject","inLanguage":"lt-LT","@id":"https:\/\/gymfactory.eu\/lt\/produktas\/w1-rankenos-tvirtinimas\/#primaryimage","url":"https:\/\/gymfactory.eu\/wp-content\/uploads\/2025\/02\/w1-high-quality-steel-structure-handle-1-1.webp","contentUrl":"https:\/\/gymfactory.eu\/wp-content\/uploads\/2025\/02\/w1-high-quality-steel-structure-handle-1-1.webp","width":1500,"height":1500,"caption":"A standalone, D-shaped equipment for weight training handle made of high-quality steel. The knurled metal grip ensures a firm hold during exercises, and the heavy-duty frame is built for intense weightlifting routines. The handle includes a mounting hole for secure machine attachment."},{"@type":"BreadcrumbList","@id":"https:\/\/gymfactory.eu\/lt\/produktas\/w1-rankenos-tvirtinimas\/#breadcrumb","itemListElement":[{"@type":"ListItem","position":1,"name":"Pagrindinis","item":"https:\/\/gymfactory.eu\/lt\/"},{"@type":"ListItem","position":2,"name":"Katalogas","item":"https:\/\/gymfactory.eu\/lt\/katalogas\/"},{"@type":"ListItem","position":3,"name":"W1 Ranken\u0117l\u0117"}]},{"@type":"WebSite","@id":"https:\/\/gymfactory.eu\/lt\/#website","url":"https:\/\/gymfactory.eu\/lt\/","name":"Gym Factory","description":"","publisher":{"@id":"https:\/\/gymfactory.eu\/lt\/#organization"},"potentialAction":[{"@type":"SearchAction","target":{"@type":"EntryPoint","urlTemplate":"https:\/\/gymfactory.eu\/lt\/?s={search_term_string}"},"query-input":{"@type":"PropertyValueSpecification","valueRequired":true,"valueName":"search_term_string"}}],"inLanguage":"lt-LT"},{"@type":"Organization","@id":"https:\/\/gymfactory.eu\/lt\/#organization","name":"Sporto sal\u0117s gamykla","url":"https:\/\/gymfactory.eu\/lt\/","logo":{"@type":"ImageObject","inLanguage":"lt-LT","@id":"https:\/\/gymfactory.eu\/lt\/#\/schema\/logo\/image\/","url":"https:\/\/gymfactory.eu\/wp-content\/uploads\/2024\/11\/Component-1.svg","contentUrl":"https:\/\/gymfactory.eu\/wp-content\/uploads\/2024\/11\/Component-1.svg","width":54,"height":44,"caption":"Sporto sal\u0117s gamykla"},"image":{"@id":"https:\/\/gymfactory.eu\/lt\/#\/schema\/logo\/image\/"}}]}},"_links":{"self":[{"href":"https:\/\/gymfactory.eu\/lt\/wp-json\/wp\/v2\/product\/9855","targetHints":{"allow":["GET"]}}],"collection":[{"href":"https:\/\/gymfactory.eu\/lt\/wp-json\/wp\/v2\/product"}],"about":[{"href":"https:\/\/gymfactory.eu\/lt\/wp-json\/wp\/v2\/types\/product"}],"wp:featuredmedia":[{"embeddable":true,"href":"https:\/\/gymfactory.eu\/lt\/wp-json\/wp\/v2\/media\/19918"}],"wp:attachment":[{"href":"https:\/\/gymfactory.eu\/lt\/wp-json\/wp\/v2\/media?parent=9855"}],"wp:term":[{"taxonomy":"product_brand","embeddable":true,"href":"https:\/\/gymfactory.eu\/lt\/wp-json\/wp\/v2\/product_brand?post=9855"},{"taxonomy":"product_cat","embeddable":true,"href":"https:\/\/gymfactory.eu\/lt\/wp-json\/wp\/v2\/product_cat?post=9855"},{"taxonomy":"product_tag","embeddable":true,"href":"https:\/\/gymfactory.eu\/lt\/wp-json\/wp\/v2\/product_tag?post=9855"}],"curies":[{"name":"wp","href":"https:\/\/api.w.org\/{rel}","templated":true}]}}