{"id":9854,"date":"2025-02-17T13:45:33","date_gmt":"2025-02-17T11:45:33","guid":{"rendered":"https:\/\/gymfactory.eu\/product\/un6-vertikalaus-laipiojimo-kopecios\/"},"modified":"2025-12-08T13:35:20","modified_gmt":"2025-12-08T11:35:20","slug":"un6-vertikalaus-laipiojimo-kopecios","status":"publish","type":"product","link":"https:\/\/gymfactory.eu\/lt\/produktas\/un6-vertikalaus-laipiojimo-kopecios\/","title":{"rendered":"UN6 Lauko \u0161vedi\u0161ka sienel\u0117"},"content":{"rendered":"<p>UN6 \u2013 lauko treniruo\u010di\u0173 \u012frenginys, skirtas vir\u0161utin\u0117s k\u016bno dalies stiprinimui, mobilumo lavinimui ir tempimo pratimams. Konstrukcija primena vertikali\u0105 kopimo sienel\u0119 ir tinka \u012fvairiems pratimams: laipiojimui, kab\u0117jimui, tempimams bei preso ar statiniams laikymams.<\/p>\n<p>Kompakti\u0161kas ir universalus sprendimas treniruot\u0117ms lauke, kai svarbu lavinti k\u016bno kontrol\u0119, lankstum\u0105 ir su\u0117mimo j\u0117g\u0105.<\/p>\n<p><strong>Tvirtinimo sprendimai:<\/strong><br \/>\n\u2022 Montavimas \u012f beton\u0105 naudojant armat\u016brinius inkarus.<br \/>\n\u2022 Tvirtinimas var\u017etais naudojant pagrindo plok\u0161tes su i\u0161gr\u0119\u017etomis skyl\u0117mis.<br \/>\n\u2022 Montavimas ant \u017eem\u0117s naudojant \u012fsukamus polius ir tvirtinimo plok\u0161tes \u2013 \u0161is variantas brangesnis d\u0117l sraigtini\u0173 poli\u0173 kainos ir priklauso nuo reikaling\u0173 tvirtinimo ta\u0161k\u0173 kiekio kiekvienam \u012frenginiui.<\/p>\n\n    <div class=\"xs_social_share_widget xs_share_url after_content \t\tmain_content  wslu-style-1 wslu-share-box-shaped wslu-fill-colored wslu-none wslu-share-horizontal wslu-theme-font-no wslu-main_content\">\n\n\t\t\n        <ul>\n\t\t\t        <\/ul>\n    <\/div> \n","protected":false},"excerpt":{"rendered":"<p>UN6 \u2013 lauko treniruo\u010di\u0173 \u012frenginys, skirtas vir\u0161utin\u0117s k\u016bno dalies stiprinimui, mobilumo lavinimui ir tempimo pratimams. Konstrukcija primena vertikali\u0105 kopimo sienel\u0119 ir tinka \u012fvairiems pratimams: laipiojimui, kab\u0117jimui, tempimams bei preso ar statiniams laikymams. Kompakti\u0161kas ir universalus sprendimas treniruot\u0117ms lauke, kai svarbu lavinti k\u016bno kontrol\u0119, lankstum\u0105 ir su\u0117mimo j\u0117g\u0105. Tvirtinimo sprendimai: \u2022 Montavimas \u012f beton\u0105 naudojant armat\u016brinius [&hellip;]<\/p>\n","protected":false},"featured_media":8103,"template":"","meta":{"_acf_changed":false},"product_brand":[817],"product_cat":[617],"product_tag":[415],"class_list":{"0":"post-9854","1":"product","2":"type-product","3":"status-publish","4":"has-post-thumbnail","6":"product_brand-gym-factory-lt","7":"product_cat-lauko-treniruokliai","8":"product_tag-spalva-tik-metaline","10":"first","11":"onbackorder","12":"taxable","13":"shipping-taxable","14":"purchasable","15":"product-type-variable","16":"has-default-attributes"},"acf":[],"yoast_head":"<!-- This site is optimized with the Yoast SEO plugin v25.2 - https:\/\/yoast.com\/wordpress\/plugins\/seo\/ -->\n<title>UN6 vertikalios kop\u0117\u010dios | Lauko fitneso \u012franga<\/title>\n<meta name=\"description\" content=\"\u0160ios vertikalios kop\u0117\u010dios pagamintos i\u0161 auk\u0161tos kokyb\u0117s plieno konstrukcijos, tod\u0117l puikiai tinka j\u0117gos pratimams ir vir\u0161utin\u0117s k\u016bno dalies treniruot\u0117ms.\" \/>\n<meta name=\"robots\" content=\"index, follow, max-snippet:-1, max-image-preview:large, max-video-preview:-1\" \/>\n<link rel=\"canonical\" href=\"https:\/\/gymfactory.eu\/lt\/produktas\/un6-vertikalaus-laipiojimo-kopecios\/\" \/>\n<meta property=\"og:locale\" content=\"lt_LT\" \/>\n<meta property=\"og:type\" content=\"article\" \/>\n<meta property=\"og:title\" content=\"UN6 vertikalios kop\u0117\u010dios | Lauko fitneso \u012franga\" \/>\n<meta property=\"og:description\" content=\"\u0160ios vertikalios kop\u0117\u010dios pagamintos i\u0161 auk\u0161tos kokyb\u0117s plieno konstrukcijos, tod\u0117l puikiai tinka j\u0117gos pratimams ir vir\u0161utin\u0117s k\u016bno dalies treniruot\u0117ms.\" \/>\n<meta property=\"og:url\" content=\"https:\/\/gymfactory.eu\/lt\/produktas\/un6-vertikalaus-laipiojimo-kopecios\/\" \/>\n<meta property=\"og:site_name\" content=\"Gym Factory\" \/>\n<meta property=\"article:modified_time\" content=\"2025-12-08T11:35:20+00:00\" \/>\n<meta property=\"og:image\" content=\"https:\/\/gymfactory.eu\/wp-content\/uploads\/2025\/02\/outdoor-fitness-equipment-ladder-frame.webp\" \/>\n\t<meta property=\"og:image:width\" content=\"1000\" \/>\n\t<meta property=\"og:image:height\" content=\"1000\" \/>\n\t<meta property=\"og:image:type\" content=\"image\/webp\" \/>\n<meta name=\"twitter:card\" content=\"summary_large_image\" \/>\n<meta name=\"twitter:label1\" content=\"Est. reading time\" \/>\n\t<meta name=\"twitter:data1\" content=\"1 minut\u0117\" \/>\n<script type=\"application\/ld+json\" class=\"yoast-schema-graph\">{\"@context\":\"https:\/\/schema.org\",\"@graph\":[{\"@type\":\"WebPage\",\"@id\":\"https:\/\/gymfactory.eu\/lt\/produktas\/un6-vertikalaus-laipiojimo-kopecios\/\",\"url\":\"https:\/\/gymfactory.eu\/lt\/produktas\/un6-vertikalaus-laipiojimo-kopecios\/\",\"name\":\"UN6 vertikalios kop\u0117\u010dios | Lauko fitneso \u012franga\",\"isPartOf\":{\"@id\":\"https:\/\/gymfactory.eu\/lt\/#website\"},\"primaryImageOfPage\":{\"@id\":\"https:\/\/gymfactory.eu\/lt\/produktas\/un6-vertikalaus-laipiojimo-kopecios\/#primaryimage\"},\"image\":{\"@id\":\"https:\/\/gymfactory.eu\/lt\/produktas\/un6-vertikalaus-laipiojimo-kopecios\/#primaryimage\"},\"thumbnailUrl\":\"https:\/\/gymfactory.eu\/wp-content\/uploads\/2025\/02\/outdoor-fitness-equipment-ladder-frame.webp\",\"datePublished\":\"2025-02-17T11:45:33+00:00\",\"dateModified\":\"2025-12-08T11:35:20+00:00\",\"description\":\"\u0160ios vertikalios kop\u0117\u010dios pagamintos i\u0161 auk\u0161tos kokyb\u0117s plieno konstrukcijos, tod\u0117l puikiai tinka j\u0117gos pratimams ir vir\u0161utin\u0117s k\u016bno dalies treniruot\u0117ms.\",\"breadcrumb\":{\"@id\":\"https:\/\/gymfactory.eu\/lt\/produktas\/un6-vertikalaus-laipiojimo-kopecios\/#breadcrumb\"},\"inLanguage\":\"lt-LT\",\"potentialAction\":[{\"@type\":\"ReadAction\",\"target\":[\"https:\/\/gymfactory.eu\/lt\/produktas\/un6-vertikalaus-laipiojimo-kopecios\/\"]}]},{\"@type\":\"ImageObject\",\"inLanguage\":\"lt-LT\",\"@id\":\"https:\/\/gymfactory.eu\/lt\/produktas\/un6-vertikalaus-laipiojimo-kopecios\/#primaryimage\",\"url\":\"https:\/\/gymfactory.eu\/wp-content\/uploads\/2025\/02\/outdoor-fitness-equipment-ladder-frame.webp\",\"contentUrl\":\"https:\/\/gymfactory.eu\/wp-content\/uploads\/2025\/02\/outdoor-fitness-equipment-ladder-frame.webp\",\"width\":1000,\"height\":1000,\"caption\":\"J\u0117gos pratim\u0173 kop\u0117\u010di\u0173 r\u0117mas su tolygiai i\u0161sid\u0117s\u010diusiomis horizontaliomis pakopomis, paremtas dviem vertikaliais metaliniais stulpeliais, skirtas lauko treniruot\u0117ms, pavyzd\u017eiui, laipiojimui, kabantiems pagrindiniams pratimams ir vir\u0161utin\u0117s k\u016bno dalies j\u0117gos treniruot\u0117ms.\"},{\"@type\":\"BreadcrumbList\",\"@id\":\"https:\/\/gymfactory.eu\/lt\/produktas\/un6-vertikalaus-laipiojimo-kopecios\/#breadcrumb\",\"itemListElement\":[{\"@type\":\"ListItem\",\"position\":1,\"name\":\"Pagrindinis\",\"item\":\"https:\/\/gymfactory.eu\/lt\/\"},{\"@type\":\"ListItem\",\"position\":2,\"name\":\"Katalogas\",\"item\":\"https:\/\/gymfactory.eu\/lt\/katalogas\/\"},{\"@type\":\"ListItem\",\"position\":3,\"name\":\"UN6 Lauko \u0161vedi\u0161ka sienel\u0117\"}]},{\"@type\":\"WebSite\",\"@id\":\"https:\/\/gymfactory.eu\/lt\/#website\",\"url\":\"https:\/\/gymfactory.eu\/lt\/\",\"name\":\"Gym Factory\",\"description\":\"\",\"publisher\":{\"@id\":\"https:\/\/gymfactory.eu\/lt\/#organization\"},\"potentialAction\":[{\"@type\":\"SearchAction\",\"target\":{\"@type\":\"EntryPoint\",\"urlTemplate\":\"https:\/\/gymfactory.eu\/lt\/?s={search_term_string}\"},\"query-input\":{\"@type\":\"PropertyValueSpecification\",\"valueRequired\":true,\"valueName\":\"search_term_string\"}}],\"inLanguage\":\"lt-LT\"},{\"@type\":\"Organization\",\"@id\":\"https:\/\/gymfactory.eu\/lt\/#organization\",\"name\":\"Sporto sal\u0117s gamykla\",\"url\":\"https:\/\/gymfactory.eu\/lt\/\",\"logo\":{\"@type\":\"ImageObject\",\"inLanguage\":\"lt-LT\",\"@id\":\"https:\/\/gymfactory.eu\/lt\/#\/schema\/logo\/image\/\",\"url\":\"https:\/\/gymfactory.eu\/wp-content\/uploads\/2024\/11\/Component-1.svg\",\"contentUrl\":\"https:\/\/gymfactory.eu\/wp-content\/uploads\/2024\/11\/Component-1.svg\",\"width\":54,\"height\":44,\"caption\":\"Sporto sal\u0117s gamykla\"},\"image\":{\"@id\":\"https:\/\/gymfactory.eu\/lt\/#\/schema\/logo\/image\/\"}}]}<\/script>\n<!-- \/ Yoast SEO plugin. -->","yoast_head_json":{"title":"UN6 vertikalios kop\u0117\u010dios | Lauko fitneso \u012franga","description":"\u0160ios vertikalios kop\u0117\u010dios pagamintos i\u0161 auk\u0161tos kokyb\u0117s plieno konstrukcijos, tod\u0117l puikiai tinka j\u0117gos pratimams ir vir\u0161utin\u0117s k\u016bno dalies treniruot\u0117ms.","robots":{"index":"index","follow":"follow","max-snippet":"max-snippet:-1","max-image-preview":"max-image-preview:large","max-video-preview":"max-video-preview:-1"},"canonical":"https:\/\/gymfactory.eu\/lt\/produktas\/un6-vertikalaus-laipiojimo-kopecios\/","og_locale":"lt_LT","og_type":"article","og_title":"UN6 vertikalios kop\u0117\u010dios | Lauko fitneso \u012franga","og_description":"\u0160ios vertikalios kop\u0117\u010dios pagamintos i\u0161 auk\u0161tos kokyb\u0117s plieno konstrukcijos, tod\u0117l puikiai tinka j\u0117gos pratimams ir vir\u0161utin\u0117s k\u016bno dalies treniruot\u0117ms.","og_url":"https:\/\/gymfactory.eu\/lt\/produktas\/un6-vertikalaus-laipiojimo-kopecios\/","og_site_name":"Gym Factory","article_modified_time":"2025-12-08T11:35:20+00:00","og_image":[{"width":1000,"height":1000,"url":"https:\/\/gymfactory.eu\/wp-content\/uploads\/2025\/02\/outdoor-fitness-equipment-ladder-frame.webp","type":"image\/webp"}],"twitter_card":"summary_large_image","twitter_misc":{"Est. reading time":"1 minut\u0117"},"schema":{"@context":"https:\/\/schema.org","@graph":[{"@type":"WebPage","@id":"https:\/\/gymfactory.eu\/lt\/produktas\/un6-vertikalaus-laipiojimo-kopecios\/","url":"https:\/\/gymfactory.eu\/lt\/produktas\/un6-vertikalaus-laipiojimo-kopecios\/","name":"UN6 vertikalios kop\u0117\u010dios | Lauko fitneso \u012franga","isPartOf":{"@id":"https:\/\/gymfactory.eu\/lt\/#website"},"primaryImageOfPage":{"@id":"https:\/\/gymfactory.eu\/lt\/produktas\/un6-vertikalaus-laipiojimo-kopecios\/#primaryimage"},"image":{"@id":"https:\/\/gymfactory.eu\/lt\/produktas\/un6-vertikalaus-laipiojimo-kopecios\/#primaryimage"},"thumbnailUrl":"https:\/\/gymfactory.eu\/wp-content\/uploads\/2025\/02\/outdoor-fitness-equipment-ladder-frame.webp","datePublished":"2025-02-17T11:45:33+00:00","dateModified":"2025-12-08T11:35:20+00:00","description":"\u0160ios vertikalios kop\u0117\u010dios pagamintos i\u0161 auk\u0161tos kokyb\u0117s plieno konstrukcijos, tod\u0117l puikiai tinka j\u0117gos pratimams ir vir\u0161utin\u0117s k\u016bno dalies treniruot\u0117ms.","breadcrumb":{"@id":"https:\/\/gymfactory.eu\/lt\/produktas\/un6-vertikalaus-laipiojimo-kopecios\/#breadcrumb"},"inLanguage":"lt-LT","potentialAction":[{"@type":"ReadAction","target":["https:\/\/gymfactory.eu\/lt\/produktas\/un6-vertikalaus-laipiojimo-kopecios\/"]}]},{"@type":"ImageObject","inLanguage":"lt-LT","@id":"https:\/\/gymfactory.eu\/lt\/produktas\/un6-vertikalaus-laipiojimo-kopecios\/#primaryimage","url":"https:\/\/gymfactory.eu\/wp-content\/uploads\/2025\/02\/outdoor-fitness-equipment-ladder-frame.webp","contentUrl":"https:\/\/gymfactory.eu\/wp-content\/uploads\/2025\/02\/outdoor-fitness-equipment-ladder-frame.webp","width":1000,"height":1000,"caption":"J\u0117gos pratim\u0173 kop\u0117\u010di\u0173 r\u0117mas su tolygiai i\u0161sid\u0117s\u010diusiomis horizontaliomis pakopomis, paremtas dviem vertikaliais metaliniais stulpeliais, skirtas lauko treniruot\u0117ms, pavyzd\u017eiui, laipiojimui, kabantiems pagrindiniams pratimams ir vir\u0161utin\u0117s k\u016bno dalies j\u0117gos treniruot\u0117ms."},{"@type":"BreadcrumbList","@id":"https:\/\/gymfactory.eu\/lt\/produktas\/un6-vertikalaus-laipiojimo-kopecios\/#breadcrumb","itemListElement":[{"@type":"ListItem","position":1,"name":"Pagrindinis","item":"https:\/\/gymfactory.eu\/lt\/"},{"@type":"ListItem","position":2,"name":"Katalogas","item":"https:\/\/gymfactory.eu\/lt\/katalogas\/"},{"@type":"ListItem","position":3,"name":"UN6 Lauko \u0161vedi\u0161ka sienel\u0117"}]},{"@type":"WebSite","@id":"https:\/\/gymfactory.eu\/lt\/#website","url":"https:\/\/gymfactory.eu\/lt\/","name":"Gym Factory","description":"","publisher":{"@id":"https:\/\/gymfactory.eu\/lt\/#organization"},"potentialAction":[{"@type":"SearchAction","target":{"@type":"EntryPoint","urlTemplate":"https:\/\/gymfactory.eu\/lt\/?s={search_term_string}"},"query-input":{"@type":"PropertyValueSpecification","valueRequired":true,"valueName":"search_term_string"}}],"inLanguage":"lt-LT"},{"@type":"Organization","@id":"https:\/\/gymfactory.eu\/lt\/#organization","name":"Sporto sal\u0117s gamykla","url":"https:\/\/gymfactory.eu\/lt\/","logo":{"@type":"ImageObject","inLanguage":"lt-LT","@id":"https:\/\/gymfactory.eu\/lt\/#\/schema\/logo\/image\/","url":"https:\/\/gymfactory.eu\/wp-content\/uploads\/2024\/11\/Component-1.svg","contentUrl":"https:\/\/gymfactory.eu\/wp-content\/uploads\/2024\/11\/Component-1.svg","width":54,"height":44,"caption":"Sporto sal\u0117s gamykla"},"image":{"@id":"https:\/\/gymfactory.eu\/lt\/#\/schema\/logo\/image\/"}}]}},"_links":{"self":[{"href":"https:\/\/gymfactory.eu\/lt\/wp-json\/wp\/v2\/product\/9854","targetHints":{"allow":["GET"]}}],"collection":[{"href":"https:\/\/gymfactory.eu\/lt\/wp-json\/wp\/v2\/product"}],"about":[{"href":"https:\/\/gymfactory.eu\/lt\/wp-json\/wp\/v2\/types\/product"}],"wp:featuredmedia":[{"embeddable":true,"href":"https:\/\/gymfactory.eu\/lt\/wp-json\/wp\/v2\/media\/8103"}],"wp:attachment":[{"href":"https:\/\/gymfactory.eu\/lt\/wp-json\/wp\/v2\/media?parent=9854"}],"wp:term":[{"taxonomy":"product_brand","embeddable":true,"href":"https:\/\/gymfactory.eu\/lt\/wp-json\/wp\/v2\/product_brand?post=9854"},{"taxonomy":"product_cat","embeddable":true,"href":"https:\/\/gymfactory.eu\/lt\/wp-json\/wp\/v2\/product_cat?post=9854"},{"taxonomy":"product_tag","embeddable":true,"href":"https:\/\/gymfactory.eu\/lt\/wp-json\/wp\/v2\/product_tag?post=9854"}],"curies":[{"name":"wp","href":"https:\/\/api.w.org\/{rel}","templated":true}]}}