{"id":9853,"date":"2025-02-19T15:04:07","date_gmt":"2025-02-19T13:04:07","guid":{"rendered":"https:\/\/gymfactory.eu\/product\/w3-rankenos-tvirtinimas\/"},"modified":"2025-12-08T13:58:12","modified_gmt":"2025-12-08T11:58:12","slug":"w3-rankenos-tvirtinimas","status":"publish","type":"product","link":"https:\/\/gymfactory.eu\/lt\/produktas\/w3-rankenos-tvirtinimas\/","title":{"rendered":"W3 Rankena"},"content":{"rendered":"<p>W3 rankena \u2013 j\u0117gos treniruo\u010di\u0173 \u012franga, skirta vir\u0161utin\u0117s k\u016bno dalies traukos pratimams su trosin\u0117mis sistemomis. Tai standartin\u0117 siauro sukibimo traukos rankena, da\u017eniausiai naudojama s\u0117dimai traukai, ta\u010diau puikiai tinkama ir \u012fvairioms traukos i\u0161 vir\u0161aus variacijoms.<\/p>\n<p>Kompakti\u0161kas dydis ir neutrali sukibimo pad\u0117tis leid\u017eia tiksliai valdyti judesius \u2013 padeda efektyviai aktyvuoti nugaros ir rank\u0173 raumenis tiek nam\u0173, tiek sporto sal\u0117s treniruot\u0117se.<\/p>\n\n    <div class=\"xs_social_share_widget xs_share_url after_content \t\tmain_content  wslu-style-1 wslu-share-box-shaped wslu-fill-colored wslu-none wslu-share-horizontal wslu-theme-font-no wslu-main_content\">\n\n\t\t\n        <ul>\n\t\t\t        <\/ul>\n    <\/div> \n","protected":false},"excerpt":{"rendered":"<p>W3 rankena \u2013 j\u0117gos treniruo\u010di\u0173 \u012franga, skirta vir\u0161utin\u0117s k\u016bno dalies traukos pratimams su trosin\u0117mis sistemomis. Tai standartin\u0117 siauro sukibimo traukos rankena, da\u017eniausiai naudojama s\u0117dimai traukai, ta\u010diau puikiai tinkama ir \u012fvairioms traukos i\u0161 vir\u0161aus variacijoms. Kompakti\u0161kas dydis ir neutrali sukibimo pad\u0117tis leid\u017eia tiksliai valdyti judesius \u2013 padeda efektyviai aktyvuoti nugaros ir rank\u0173 raumenis tiek nam\u0173, tiek [&hellip;]<\/p>\n","protected":false},"featured_media":19926,"template":"","meta":{"_acf_changed":false},"product_brand":[817],"product_cat":[418],"product_tag":[415],"class_list":{"0":"post-9853","1":"product","2":"type-product","3":"status-publish","4":"has-post-thumbnail","6":"product_brand-gym-factory-lt","7":"product_cat-treniruokliu-priedai","8":"product_tag-spalva-tik-metaline","10":"first","11":"onbackorder","12":"taxable","13":"shipping-taxable","14":"purchasable","15":"product-type-simple"},"acf":[],"yoast_head":"<!-- This site is optimized with the Yoast SEO plugin v25.2 - https:\/\/yoast.com\/wordpress\/plugins\/seo\/ -->\n<title>W3 rankenos priedas - J\u0117gos treniruokli\u0173 \u012franga<\/title>\n<meta name=\"description\" content=\"\u0160is j\u0117gos treniruoklis idealiai tinka treniruot\u0117ms namuose, nes yra tvirtos konstrukcijos, kad treniruot\u0117s b\u016bt\u0173 veiksmingos ir pad\u0117t\u0173 stiprinti j\u0117g\u0105 bei raumenis.\" \/>\n<meta name=\"robots\" content=\"index, follow, max-snippet:-1, max-image-preview:large, max-video-preview:-1\" \/>\n<link rel=\"canonical\" href=\"https:\/\/gymfactory.eu\/lt\/produktas\/w3-rankenos-tvirtinimas\/\" \/>\n<meta property=\"og:locale\" content=\"lt_LT\" \/>\n<meta property=\"og:type\" content=\"article\" \/>\n<meta property=\"og:title\" content=\"W3 rankenos priedas - J\u0117gos treniruokli\u0173 \u012franga\" \/>\n<meta property=\"og:description\" content=\"\u0160is j\u0117gos treniruoklis idealiai tinka treniruot\u0117ms namuose, nes yra tvirtos konstrukcijos, kad treniruot\u0117s b\u016bt\u0173 veiksmingos ir pad\u0117t\u0173 stiprinti j\u0117g\u0105 bei raumenis.\" \/>\n<meta property=\"og:url\" content=\"https:\/\/gymfactory.eu\/lt\/produktas\/w3-rankenos-tvirtinimas\/\" \/>\n<meta property=\"og:site_name\" content=\"Gym Factory\" \/>\n<meta property=\"article:modified_time\" content=\"2025-12-08T11:58:12+00:00\" \/>\n<meta property=\"og:image\" content=\"https:\/\/gymfactory.eu\/wp-content\/uploads\/2025\/02\/high-quality-steel-structure-row-handle-3.webp\" \/>\n\t<meta property=\"og:image:width\" content=\"1500\" \/>\n\t<meta property=\"og:image:height\" content=\"1500\" \/>\n\t<meta property=\"og:image:type\" content=\"image\/webp\" \/>\n<meta name=\"twitter:card\" content=\"summary_large_image\" \/>\n<meta name=\"twitter:label1\" content=\"Est. reading time\" \/>\n\t<meta name=\"twitter:data1\" content=\"1 minut\u0117\" \/>\n<script type=\"application\/ld+json\" class=\"yoast-schema-graph\">{\"@context\":\"https:\/\/schema.org\",\"@graph\":[{\"@type\":\"WebPage\",\"@id\":\"https:\/\/gymfactory.eu\/lt\/produktas\/w3-rankenos-tvirtinimas\/\",\"url\":\"https:\/\/gymfactory.eu\/lt\/produktas\/w3-rankenos-tvirtinimas\/\",\"name\":\"W3 rankenos priedas - J\u0117gos treniruokli\u0173 \u012franga\",\"isPartOf\":{\"@id\":\"https:\/\/gymfactory.eu\/lt\/#website\"},\"primaryImageOfPage\":{\"@id\":\"https:\/\/gymfactory.eu\/lt\/produktas\/w3-rankenos-tvirtinimas\/#primaryimage\"},\"image\":{\"@id\":\"https:\/\/gymfactory.eu\/lt\/produktas\/w3-rankenos-tvirtinimas\/#primaryimage\"},\"thumbnailUrl\":\"https:\/\/gymfactory.eu\/wp-content\/uploads\/2025\/02\/high-quality-steel-structure-row-handle-3.webp\",\"datePublished\":\"2025-02-19T13:04:07+00:00\",\"dateModified\":\"2025-12-08T11:58:12+00:00\",\"description\":\"\u0160is j\u0117gos treniruoklis idealiai tinka treniruot\u0117ms namuose, nes yra tvirtos konstrukcijos, kad treniruot\u0117s b\u016bt\u0173 veiksmingos ir pad\u0117t\u0173 stiprinti j\u0117g\u0105 bei raumenis.\",\"breadcrumb\":{\"@id\":\"https:\/\/gymfactory.eu\/lt\/produktas\/w3-rankenos-tvirtinimas\/#breadcrumb\"},\"inLanguage\":\"lt-LT\",\"potentialAction\":[{\"@type\":\"ReadAction\",\"target\":[\"https:\/\/gymfactory.eu\/lt\/produktas\/w3-rankenos-tvirtinimas\/\"]}]},{\"@type\":\"ImageObject\",\"inLanguage\":\"lt-LT\",\"@id\":\"https:\/\/gymfactory.eu\/lt\/produktas\/w3-rankenos-tvirtinimas\/#primaryimage\",\"url\":\"https:\/\/gymfactory.eu\/wp-content\/uploads\/2025\/02\/high-quality-steel-structure-row-handle-3.webp\",\"contentUrl\":\"https:\/\/gymfactory.eu\/wp-content\/uploads\/2025\/02\/high-quality-steel-structure-row-handle-3.webp\",\"width\":1500,\"height\":1500,\"caption\":\"A V-shaped equipment for weight training handle attachment with a black steel frame and silver knurled grips. This row handle is designed for cable machines to target the back, shoulders, and arms, ensuring a firm and controlled grip during pulling exercises.\"},{\"@type\":\"BreadcrumbList\",\"@id\":\"https:\/\/gymfactory.eu\/lt\/produktas\/w3-rankenos-tvirtinimas\/#breadcrumb\",\"itemListElement\":[{\"@type\":\"ListItem\",\"position\":1,\"name\":\"Pagrindinis\",\"item\":\"https:\/\/gymfactory.eu\/lt\/\"},{\"@type\":\"ListItem\",\"position\":2,\"name\":\"Katalogas\",\"item\":\"https:\/\/gymfactory.eu\/lt\/katalogas\/\"},{\"@type\":\"ListItem\",\"position\":3,\"name\":\"W3 Rankena\"}]},{\"@type\":\"WebSite\",\"@id\":\"https:\/\/gymfactory.eu\/lt\/#website\",\"url\":\"https:\/\/gymfactory.eu\/lt\/\",\"name\":\"Gym Factory\",\"description\":\"\",\"publisher\":{\"@id\":\"https:\/\/gymfactory.eu\/lt\/#organization\"},\"potentialAction\":[{\"@type\":\"SearchAction\",\"target\":{\"@type\":\"EntryPoint\",\"urlTemplate\":\"https:\/\/gymfactory.eu\/lt\/?s={search_term_string}\"},\"query-input\":{\"@type\":\"PropertyValueSpecification\",\"valueRequired\":true,\"valueName\":\"search_term_string\"}}],\"inLanguage\":\"lt-LT\"},{\"@type\":\"Organization\",\"@id\":\"https:\/\/gymfactory.eu\/lt\/#organization\",\"name\":\"Sporto sal\u0117s gamykla\",\"url\":\"https:\/\/gymfactory.eu\/lt\/\",\"logo\":{\"@type\":\"ImageObject\",\"inLanguage\":\"lt-LT\",\"@id\":\"https:\/\/gymfactory.eu\/lt\/#\/schema\/logo\/image\/\",\"url\":\"https:\/\/gymfactory.eu\/wp-content\/uploads\/2024\/11\/Component-1.svg\",\"contentUrl\":\"https:\/\/gymfactory.eu\/wp-content\/uploads\/2024\/11\/Component-1.svg\",\"width\":54,\"height\":44,\"caption\":\"Sporto sal\u0117s gamykla\"},\"image\":{\"@id\":\"https:\/\/gymfactory.eu\/lt\/#\/schema\/logo\/image\/\"}}]}<\/script>\n<!-- \/ Yoast SEO plugin. -->","yoast_head_json":{"title":"W3 rankenos priedas - J\u0117gos treniruokli\u0173 \u012franga","description":"\u0160is j\u0117gos treniruoklis idealiai tinka treniruot\u0117ms namuose, nes yra tvirtos konstrukcijos, kad treniruot\u0117s b\u016bt\u0173 veiksmingos ir pad\u0117t\u0173 stiprinti j\u0117g\u0105 bei raumenis.","robots":{"index":"index","follow":"follow","max-snippet":"max-snippet:-1","max-image-preview":"max-image-preview:large","max-video-preview":"max-video-preview:-1"},"canonical":"https:\/\/gymfactory.eu\/lt\/produktas\/w3-rankenos-tvirtinimas\/","og_locale":"lt_LT","og_type":"article","og_title":"W3 rankenos priedas - J\u0117gos treniruokli\u0173 \u012franga","og_description":"\u0160is j\u0117gos treniruoklis idealiai tinka treniruot\u0117ms namuose, nes yra tvirtos konstrukcijos, kad treniruot\u0117s b\u016bt\u0173 veiksmingos ir pad\u0117t\u0173 stiprinti j\u0117g\u0105 bei raumenis.","og_url":"https:\/\/gymfactory.eu\/lt\/produktas\/w3-rankenos-tvirtinimas\/","og_site_name":"Gym Factory","article_modified_time":"2025-12-08T11:58:12+00:00","og_image":[{"width":1500,"height":1500,"url":"https:\/\/gymfactory.eu\/wp-content\/uploads\/2025\/02\/high-quality-steel-structure-row-handle-3.webp","type":"image\/webp"}],"twitter_card":"summary_large_image","twitter_misc":{"Est. reading time":"1 minut\u0117"},"schema":{"@context":"https:\/\/schema.org","@graph":[{"@type":"WebPage","@id":"https:\/\/gymfactory.eu\/lt\/produktas\/w3-rankenos-tvirtinimas\/","url":"https:\/\/gymfactory.eu\/lt\/produktas\/w3-rankenos-tvirtinimas\/","name":"W3 rankenos priedas - J\u0117gos treniruokli\u0173 \u012franga","isPartOf":{"@id":"https:\/\/gymfactory.eu\/lt\/#website"},"primaryImageOfPage":{"@id":"https:\/\/gymfactory.eu\/lt\/produktas\/w3-rankenos-tvirtinimas\/#primaryimage"},"image":{"@id":"https:\/\/gymfactory.eu\/lt\/produktas\/w3-rankenos-tvirtinimas\/#primaryimage"},"thumbnailUrl":"https:\/\/gymfactory.eu\/wp-content\/uploads\/2025\/02\/high-quality-steel-structure-row-handle-3.webp","datePublished":"2025-02-19T13:04:07+00:00","dateModified":"2025-12-08T11:58:12+00:00","description":"\u0160is j\u0117gos treniruoklis idealiai tinka treniruot\u0117ms namuose, nes yra tvirtos konstrukcijos, kad treniruot\u0117s b\u016bt\u0173 veiksmingos ir pad\u0117t\u0173 stiprinti j\u0117g\u0105 bei raumenis.","breadcrumb":{"@id":"https:\/\/gymfactory.eu\/lt\/produktas\/w3-rankenos-tvirtinimas\/#breadcrumb"},"inLanguage":"lt-LT","potentialAction":[{"@type":"ReadAction","target":["https:\/\/gymfactory.eu\/lt\/produktas\/w3-rankenos-tvirtinimas\/"]}]},{"@type":"ImageObject","inLanguage":"lt-LT","@id":"https:\/\/gymfactory.eu\/lt\/produktas\/w3-rankenos-tvirtinimas\/#primaryimage","url":"https:\/\/gymfactory.eu\/wp-content\/uploads\/2025\/02\/high-quality-steel-structure-row-handle-3.webp","contentUrl":"https:\/\/gymfactory.eu\/wp-content\/uploads\/2025\/02\/high-quality-steel-structure-row-handle-3.webp","width":1500,"height":1500,"caption":"A V-shaped equipment for weight training handle attachment with a black steel frame and silver knurled grips. This row handle is designed for cable machines to target the back, shoulders, and arms, ensuring a firm and controlled grip during pulling exercises."},{"@type":"BreadcrumbList","@id":"https:\/\/gymfactory.eu\/lt\/produktas\/w3-rankenos-tvirtinimas\/#breadcrumb","itemListElement":[{"@type":"ListItem","position":1,"name":"Pagrindinis","item":"https:\/\/gymfactory.eu\/lt\/"},{"@type":"ListItem","position":2,"name":"Katalogas","item":"https:\/\/gymfactory.eu\/lt\/katalogas\/"},{"@type":"ListItem","position":3,"name":"W3 Rankena"}]},{"@type":"WebSite","@id":"https:\/\/gymfactory.eu\/lt\/#website","url":"https:\/\/gymfactory.eu\/lt\/","name":"Gym Factory","description":"","publisher":{"@id":"https:\/\/gymfactory.eu\/lt\/#organization"},"potentialAction":[{"@type":"SearchAction","target":{"@type":"EntryPoint","urlTemplate":"https:\/\/gymfactory.eu\/lt\/?s={search_term_string}"},"query-input":{"@type":"PropertyValueSpecification","valueRequired":true,"valueName":"search_term_string"}}],"inLanguage":"lt-LT"},{"@type":"Organization","@id":"https:\/\/gymfactory.eu\/lt\/#organization","name":"Sporto sal\u0117s gamykla","url":"https:\/\/gymfactory.eu\/lt\/","logo":{"@type":"ImageObject","inLanguage":"lt-LT","@id":"https:\/\/gymfactory.eu\/lt\/#\/schema\/logo\/image\/","url":"https:\/\/gymfactory.eu\/wp-content\/uploads\/2024\/11\/Component-1.svg","contentUrl":"https:\/\/gymfactory.eu\/wp-content\/uploads\/2024\/11\/Component-1.svg","width":54,"height":44,"caption":"Sporto sal\u0117s gamykla"},"image":{"@id":"https:\/\/gymfactory.eu\/lt\/#\/schema\/logo\/image\/"}}]}},"_links":{"self":[{"href":"https:\/\/gymfactory.eu\/lt\/wp-json\/wp\/v2\/product\/9853","targetHints":{"allow":["GET"]}}],"collection":[{"href":"https:\/\/gymfactory.eu\/lt\/wp-json\/wp\/v2\/product"}],"about":[{"href":"https:\/\/gymfactory.eu\/lt\/wp-json\/wp\/v2\/types\/product"}],"wp:featuredmedia":[{"embeddable":true,"href":"https:\/\/gymfactory.eu\/lt\/wp-json\/wp\/v2\/media\/19926"}],"wp:attachment":[{"href":"https:\/\/gymfactory.eu\/lt\/wp-json\/wp\/v2\/media?parent=9853"}],"wp:term":[{"taxonomy":"product_brand","embeddable":true,"href":"https:\/\/gymfactory.eu\/lt\/wp-json\/wp\/v2\/product_brand?post=9853"},{"taxonomy":"product_cat","embeddable":true,"href":"https:\/\/gymfactory.eu\/lt\/wp-json\/wp\/v2\/product_cat?post=9853"},{"taxonomy":"product_tag","embeddable":true,"href":"https:\/\/gymfactory.eu\/lt\/wp-json\/wp\/v2\/product_tag?post=9853"}],"curies":[{"name":"wp","href":"https:\/\/api.w.org\/{rel}","templated":true}]}}