{"id":9836,"date":"2025-03-01T13:06:02","date_gmt":"2025-03-01T11:06:02","guid":{"rendered":"https:\/\/gymfactory.eu\/product\/z27-smitho-masinos-saugos-uzraktas\/"},"modified":"2025-11-04T13:16:35","modified_gmt":"2025-11-04T11:16:35","slug":"z27-smitho-masinos-saugos-uzraktas","status":"publish","type":"product","link":"https:\/\/gymfactory.eu\/lt\/produktas\/z27-smitho-masinos-saugos-uzraktas\/","title":{"rendered":"Z27 Saugos u\u017eraktai"},"content":{"rendered":"<p>Z27 saugos u\u017eraktai \u2013 sporto \u012franga, skirta padidinti saugum\u0105 treniruojantis su fiksuotos \u0161tangos treniruokliais. Specialiai suderinami su <a href=\"https:\/\/gymfactory.eu\/lt\/?s=b5&amp;e_search_props=bac9fa6-9326\" target=\"_blank\" rel=\"noopener\">B5 serija<\/a>, \u0161ie u\u017eraktai veikia kaip saugos atramos, jei nepavyksta gr\u0105\u017einti \u0161tangos \u012f pradin\u0119 pad\u0117t\u012f.<\/p>\n\n    <div class=\"xs_social_share_widget xs_share_url after_content \t\tmain_content  wslu-style-1 wslu-share-box-shaped wslu-fill-colored wslu-none wslu-share-horizontal wslu-theme-font-no wslu-main_content\">\n\n\t\t\n        <ul>\n\t\t\t        <\/ul>\n    <\/div> \n","protected":false},"excerpt":{"rendered":"<p>Z27 saugos u\u017eraktai \u2013 sporto \u012franga, skirta padidinti saugum\u0105 treniruojantis su fiksuotos \u0161tangos treniruokliais. Specialiai suderinami su B5 serija, \u0161ie u\u017eraktai veikia kaip saugos atramos, jei nepavyksta gr\u0105\u017einti \u0161tangos \u012f pradin\u0119 pad\u0117t\u012f.<\/p>\n","protected":false},"featured_media":9147,"template":"","meta":{"_acf_changed":false},"product_brand":[56],"product_cat":[418],"product_tag":[415],"class_list":{"0":"post-9836","1":"product","2":"type-product","3":"status-publish","4":"has-post-thumbnail","6":"product_brand-gym-factory","7":"product_cat-treniruokliu-priedai","8":"product_tag-spalva-tik-metaline","10":"first","11":"onbackorder","12":"taxable","13":"shipping-taxable","14":"purchasable","15":"product-type-variable"},"acf":[],"yoast_head":"<!-- This site is optimized with the Yoast SEO plugin v25.2 - https:\/\/yoast.com\/wordpress\/plugins\/seo\/ -->\n<title>&quot;Z27 Smith Machine&quot; saugos u\u017eraktas - saugi treniruokli\u0173 sal\u0117s \u012franga<\/title>\n<meta name=\"description\" content=\"Pagamintas i\u0161 auk\u0161tos kokyb\u0117s plieno konstrukcijos, Z27 u\u017etikrina patikim\u0105 sporto sal\u0117s \u012frangos apsaug\u0105 ir padidina saugum\u0105 treniruo\u010di\u0173 su svoriu metu.\" \/>\n<meta name=\"robots\" content=\"index, follow, max-snippet:-1, max-image-preview:large, max-video-preview:-1\" \/>\n<link rel=\"canonical\" href=\"https:\/\/gymfactory.eu\/lt\/produktas\/z27-smitho-masinos-saugos-uzraktas\/\" \/>\n<meta property=\"og:locale\" content=\"lt_LT\" \/>\n<meta property=\"og:type\" content=\"article\" \/>\n<meta property=\"og:title\" content=\"&quot;Z27 Smith Machine&quot; saugos u\u017eraktas - saugi treniruokli\u0173 sal\u0117s \u012franga\" \/>\n<meta property=\"og:description\" content=\"Pagamintas i\u0161 auk\u0161tos kokyb\u0117s plieno konstrukcijos, Z27 u\u017etikrina patikim\u0105 sporto sal\u0117s \u012frangos apsaug\u0105 ir padidina saugum\u0105 treniruo\u010di\u0173 su svoriu metu.\" \/>\n<meta property=\"og:url\" content=\"https:\/\/gymfactory.eu\/lt\/produktas\/z27-smitho-masinos-saugos-uzraktas\/\" \/>\n<meta property=\"og:site_name\" content=\"Gym Factory\" \/>\n<meta property=\"article:modified_time\" content=\"2025-11-04T11:16:35+00:00\" \/>\n<meta property=\"og:image\" content=\"https:\/\/gymfactory.eu\/wp-content\/uploads\/2025\/03\/Z27-high-quality-steel-structure-smith-machine-lock-1-1.webp\" \/>\n\t<meta property=\"og:image:width\" content=\"1500\" \/>\n\t<meta property=\"og:image:height\" content=\"1500\" \/>\n\t<meta property=\"og:image:type\" content=\"image\/webp\" \/>\n<meta name=\"twitter:card\" content=\"summary_large_image\" \/>\n<meta name=\"twitter:label1\" content=\"Est. reading time\" \/>\n\t<meta name=\"twitter:data1\" content=\"1 minut\u0117\" \/>\n<script type=\"application\/ld+json\" class=\"yoast-schema-graph\">{\"@context\":\"https:\/\/schema.org\",\"@graph\":[{\"@type\":\"WebPage\",\"@id\":\"https:\/\/gymfactory.eu\/lt\/produktas\/z27-smitho-masinos-saugos-uzraktas\/\",\"url\":\"https:\/\/gymfactory.eu\/lt\/produktas\/z27-smitho-masinos-saugos-uzraktas\/\",\"name\":\"\\\"Z27 Smith Machine\\\" saugos u\u017eraktas - saugi treniruokli\u0173 sal\u0117s \u012franga\",\"isPartOf\":{\"@id\":\"https:\/\/gymfactory.eu\/lt\/#website\"},\"primaryImageOfPage\":{\"@id\":\"https:\/\/gymfactory.eu\/lt\/produktas\/z27-smitho-masinos-saugos-uzraktas\/#primaryimage\"},\"image\":{\"@id\":\"https:\/\/gymfactory.eu\/lt\/produktas\/z27-smitho-masinos-saugos-uzraktas\/#primaryimage\"},\"thumbnailUrl\":\"https:\/\/gymfactory.eu\/wp-content\/uploads\/2025\/03\/Z27-high-quality-steel-structure-smith-machine-lock-1-1.webp\",\"datePublished\":\"2025-03-01T11:06:02+00:00\",\"dateModified\":\"2025-11-04T11:16:35+00:00\",\"description\":\"Pagamintas i\u0161 auk\u0161tos kokyb\u0117s plieno konstrukcijos, Z27 u\u017etikrina patikim\u0105 sporto sal\u0117s \u012frangos apsaug\u0105 ir padidina saugum\u0105 treniruo\u010di\u0173 su svoriu metu.\",\"breadcrumb\":{\"@id\":\"https:\/\/gymfactory.eu\/lt\/produktas\/z27-smitho-masinos-saugos-uzraktas\/#breadcrumb\"},\"inLanguage\":\"lt-LT\",\"potentialAction\":[{\"@type\":\"ReadAction\",\"target\":[\"https:\/\/gymfactory.eu\/lt\/produktas\/z27-smitho-masinos-saugos-uzraktas\/\"]}]},{\"@type\":\"ImageObject\",\"inLanguage\":\"lt-LT\",\"@id\":\"https:\/\/gymfactory.eu\/lt\/produktas\/z27-smitho-masinos-saugos-uzraktas\/#primaryimage\",\"url\":\"https:\/\/gymfactory.eu\/wp-content\/uploads\/2025\/03\/Z27-high-quality-steel-structure-smith-machine-lock-1-1.webp\",\"contentUrl\":\"https:\/\/gymfactory.eu\/wp-content\/uploads\/2025\/03\/Z27-high-quality-steel-structure-smith-machine-lock-1-1.webp\",\"width\":1500,\"height\":1500,\"caption\":\"I\u0161 auk\u0161tos kokyb\u0117s plieno konstrukcijos pagamintas atskiras \\\"Smith\\\" ma\u0161inos apsauginis u\u017eraktas. Patvari konstrukcija turi suvirint\u0105 jungt\u012f ir pailg\u0105 skyl\u0119, kad b\u016bt\u0173 lengva montuoti ant sporto sal\u0117s \u012frangos ir padidinti sunkiosios atletikos saugum\u0105.\"},{\"@type\":\"BreadcrumbList\",\"@id\":\"https:\/\/gymfactory.eu\/lt\/produktas\/z27-smitho-masinos-saugos-uzraktas\/#breadcrumb\",\"itemListElement\":[{\"@type\":\"ListItem\",\"position\":1,\"name\":\"Pagrindinis\",\"item\":\"https:\/\/gymfactory.eu\/lt\/\"},{\"@type\":\"ListItem\",\"position\":2,\"name\":\"Katalogas\",\"item\":\"https:\/\/gymfactory.eu\/lt\/katalogas\/\"},{\"@type\":\"ListItem\",\"position\":3,\"name\":\"Z27 Saugos u\u017eraktai\"}]},{\"@type\":\"WebSite\",\"@id\":\"https:\/\/gymfactory.eu\/lt\/#website\",\"url\":\"https:\/\/gymfactory.eu\/lt\/\",\"name\":\"Gym Factory\",\"description\":\"\",\"publisher\":{\"@id\":\"https:\/\/gymfactory.eu\/lt\/#organization\"},\"potentialAction\":[{\"@type\":\"SearchAction\",\"target\":{\"@type\":\"EntryPoint\",\"urlTemplate\":\"https:\/\/gymfactory.eu\/lt\/?s={search_term_string}\"},\"query-input\":{\"@type\":\"PropertyValueSpecification\",\"valueRequired\":true,\"valueName\":\"search_term_string\"}}],\"inLanguage\":\"lt-LT\"},{\"@type\":\"Organization\",\"@id\":\"https:\/\/gymfactory.eu\/lt\/#organization\",\"name\":\"Sporto sal\u0117s gamykla\",\"url\":\"https:\/\/gymfactory.eu\/lt\/\",\"logo\":{\"@type\":\"ImageObject\",\"inLanguage\":\"lt-LT\",\"@id\":\"https:\/\/gymfactory.eu\/lt\/#\/schema\/logo\/image\/\",\"url\":\"https:\/\/gymfactory.eu\/wp-content\/uploads\/2024\/11\/Component-1.svg\",\"contentUrl\":\"https:\/\/gymfactory.eu\/wp-content\/uploads\/2024\/11\/Component-1.svg\",\"width\":54,\"height\":44,\"caption\":\"Sporto sal\u0117s gamykla\"},\"image\":{\"@id\":\"https:\/\/gymfactory.eu\/lt\/#\/schema\/logo\/image\/\"}}]}<\/script>\n<!-- \/ Yoast SEO plugin. -->","yoast_head_json":{"title":"\"Z27 Smith Machine\" saugos u\u017eraktas - saugi treniruokli\u0173 sal\u0117s \u012franga","description":"Pagamintas i\u0161 auk\u0161tos kokyb\u0117s plieno konstrukcijos, Z27 u\u017etikrina patikim\u0105 sporto sal\u0117s \u012frangos apsaug\u0105 ir padidina saugum\u0105 treniruo\u010di\u0173 su svoriu metu.","robots":{"index":"index","follow":"follow","max-snippet":"max-snippet:-1","max-image-preview":"max-image-preview:large","max-video-preview":"max-video-preview:-1"},"canonical":"https:\/\/gymfactory.eu\/lt\/produktas\/z27-smitho-masinos-saugos-uzraktas\/","og_locale":"lt_LT","og_type":"article","og_title":"\"Z27 Smith Machine\" saugos u\u017eraktas - saugi treniruokli\u0173 sal\u0117s \u012franga","og_description":"Pagamintas i\u0161 auk\u0161tos kokyb\u0117s plieno konstrukcijos, Z27 u\u017etikrina patikim\u0105 sporto sal\u0117s \u012frangos apsaug\u0105 ir padidina saugum\u0105 treniruo\u010di\u0173 su svoriu metu.","og_url":"https:\/\/gymfactory.eu\/lt\/produktas\/z27-smitho-masinos-saugos-uzraktas\/","og_site_name":"Gym Factory","article_modified_time":"2025-11-04T11:16:35+00:00","og_image":[{"width":1500,"height":1500,"url":"https:\/\/gymfactory.eu\/wp-content\/uploads\/2025\/03\/Z27-high-quality-steel-structure-smith-machine-lock-1-1.webp","type":"image\/webp"}],"twitter_card":"summary_large_image","twitter_misc":{"Est. reading time":"1 minut\u0117"},"schema":{"@context":"https:\/\/schema.org","@graph":[{"@type":"WebPage","@id":"https:\/\/gymfactory.eu\/lt\/produktas\/z27-smitho-masinos-saugos-uzraktas\/","url":"https:\/\/gymfactory.eu\/lt\/produktas\/z27-smitho-masinos-saugos-uzraktas\/","name":"\"Z27 Smith Machine\" saugos u\u017eraktas - saugi treniruokli\u0173 sal\u0117s \u012franga","isPartOf":{"@id":"https:\/\/gymfactory.eu\/lt\/#website"},"primaryImageOfPage":{"@id":"https:\/\/gymfactory.eu\/lt\/produktas\/z27-smitho-masinos-saugos-uzraktas\/#primaryimage"},"image":{"@id":"https:\/\/gymfactory.eu\/lt\/produktas\/z27-smitho-masinos-saugos-uzraktas\/#primaryimage"},"thumbnailUrl":"https:\/\/gymfactory.eu\/wp-content\/uploads\/2025\/03\/Z27-high-quality-steel-structure-smith-machine-lock-1-1.webp","datePublished":"2025-03-01T11:06:02+00:00","dateModified":"2025-11-04T11:16:35+00:00","description":"Pagamintas i\u0161 auk\u0161tos kokyb\u0117s plieno konstrukcijos, Z27 u\u017etikrina patikim\u0105 sporto sal\u0117s \u012frangos apsaug\u0105 ir padidina saugum\u0105 treniruo\u010di\u0173 su svoriu metu.","breadcrumb":{"@id":"https:\/\/gymfactory.eu\/lt\/produktas\/z27-smitho-masinos-saugos-uzraktas\/#breadcrumb"},"inLanguage":"lt-LT","potentialAction":[{"@type":"ReadAction","target":["https:\/\/gymfactory.eu\/lt\/produktas\/z27-smitho-masinos-saugos-uzraktas\/"]}]},{"@type":"ImageObject","inLanguage":"lt-LT","@id":"https:\/\/gymfactory.eu\/lt\/produktas\/z27-smitho-masinos-saugos-uzraktas\/#primaryimage","url":"https:\/\/gymfactory.eu\/wp-content\/uploads\/2025\/03\/Z27-high-quality-steel-structure-smith-machine-lock-1-1.webp","contentUrl":"https:\/\/gymfactory.eu\/wp-content\/uploads\/2025\/03\/Z27-high-quality-steel-structure-smith-machine-lock-1-1.webp","width":1500,"height":1500,"caption":"I\u0161 auk\u0161tos kokyb\u0117s plieno konstrukcijos pagamintas atskiras \"Smith\" ma\u0161inos apsauginis u\u017eraktas. Patvari konstrukcija turi suvirint\u0105 jungt\u012f ir pailg\u0105 skyl\u0119, kad b\u016bt\u0173 lengva montuoti ant sporto sal\u0117s \u012frangos ir padidinti sunkiosios atletikos saugum\u0105."},{"@type":"BreadcrumbList","@id":"https:\/\/gymfactory.eu\/lt\/produktas\/z27-smitho-masinos-saugos-uzraktas\/#breadcrumb","itemListElement":[{"@type":"ListItem","position":1,"name":"Pagrindinis","item":"https:\/\/gymfactory.eu\/lt\/"},{"@type":"ListItem","position":2,"name":"Katalogas","item":"https:\/\/gymfactory.eu\/lt\/katalogas\/"},{"@type":"ListItem","position":3,"name":"Z27 Saugos u\u017eraktai"}]},{"@type":"WebSite","@id":"https:\/\/gymfactory.eu\/lt\/#website","url":"https:\/\/gymfactory.eu\/lt\/","name":"Gym Factory","description":"","publisher":{"@id":"https:\/\/gymfactory.eu\/lt\/#organization"},"potentialAction":[{"@type":"SearchAction","target":{"@type":"EntryPoint","urlTemplate":"https:\/\/gymfactory.eu\/lt\/?s={search_term_string}"},"query-input":{"@type":"PropertyValueSpecification","valueRequired":true,"valueName":"search_term_string"}}],"inLanguage":"lt-LT"},{"@type":"Organization","@id":"https:\/\/gymfactory.eu\/lt\/#organization","name":"Sporto sal\u0117s gamykla","url":"https:\/\/gymfactory.eu\/lt\/","logo":{"@type":"ImageObject","inLanguage":"lt-LT","@id":"https:\/\/gymfactory.eu\/lt\/#\/schema\/logo\/image\/","url":"https:\/\/gymfactory.eu\/wp-content\/uploads\/2024\/11\/Component-1.svg","contentUrl":"https:\/\/gymfactory.eu\/wp-content\/uploads\/2024\/11\/Component-1.svg","width":54,"height":44,"caption":"Sporto sal\u0117s gamykla"},"image":{"@id":"https:\/\/gymfactory.eu\/lt\/#\/schema\/logo\/image\/"}}]}},"_links":{"self":[{"href":"https:\/\/gymfactory.eu\/lt\/wp-json\/wp\/v2\/product\/9836","targetHints":{"allow":["GET"]}}],"collection":[{"href":"https:\/\/gymfactory.eu\/lt\/wp-json\/wp\/v2\/product"}],"about":[{"href":"https:\/\/gymfactory.eu\/lt\/wp-json\/wp\/v2\/types\/product"}],"wp:featuredmedia":[{"embeddable":true,"href":"https:\/\/gymfactory.eu\/lt\/wp-json\/wp\/v2\/media\/9147"}],"wp:attachment":[{"href":"https:\/\/gymfactory.eu\/lt\/wp-json\/wp\/v2\/media?parent=9836"}],"wp:term":[{"taxonomy":"product_brand","embeddable":true,"href":"https:\/\/gymfactory.eu\/lt\/wp-json\/wp\/v2\/product_brand?post=9836"},{"taxonomy":"product_cat","embeddable":true,"href":"https:\/\/gymfactory.eu\/lt\/wp-json\/wp\/v2\/product_cat?post=9836"},{"taxonomy":"product_tag","embeddable":true,"href":"https:\/\/gymfactory.eu\/lt\/wp-json\/wp\/v2\/product_tag?post=9836"}],"curies":[{"name":"wp","href":"https:\/\/api.w.org\/{rel}","templated":true}]}}