{"id":9830,"date":"2025-03-01T12:10:20","date_gmt":"2025-03-01T10:10:20","guid":{"rendered":"https:\/\/gymfactory.eu\/product\/z23-koju-atramos-tvirtinimas\/"},"modified":"2025-09-09T14:06:16","modified_gmt":"2025-09-09T11:06:16","slug":"z23-koju-atramos-tvirtinimas","status":"publish","type":"product","link":"https:\/\/gymfactory.eu\/lt\/produktas\/z23-koju-atramos-tvirtinimas\/","title":{"rendered":"Z23 Koj\u0173 atramos priedas"},"content":{"rendered":"<p>Z23 koj\u0173 atramos priedas \u2013 sporto \u012franga, skirta patikimai koj\u0173 atramai atliekant pratimus su trosin\u0117mis sistemomis. Suderinamas tiek su <a href=\"https:\/\/gymfactory.eu\/lt\/produktas\/b11-ultimate-power-rack\/\" target=\"_blank\" rel=\"noopener\">B11 treniruokliu,<\/a> tiek su <a href=\"https:\/\/gymfactory.eu\/lt\/?s=c2&amp;e_search_props=bac9fa6-9326\" target=\"_blank\" rel=\"noopener\">C2 serijos<\/a> treniruokliais.<\/p>\n<p>Puikiai tinka pratimams, tokiems kaip s\u0117dima trauka trosu, stabilizuojant apatines k\u016bno dalis ir u\u017etikrinant geresn\u0119 form\u0105, kontrol\u0119 bei j\u0117gos perdavim\u0105.<\/p>\n\n    <div class=\"xs_social_share_widget xs_share_url after_content \t\tmain_content  wslu-style-1 wslu-share-box-shaped wslu-fill-colored wslu-none wslu-share-horizontal wslu-theme-font-no wslu-main_content\">\n\n\t\t\n        <ul>\n\t\t\t        <\/ul>\n    <\/div> \n","protected":false},"excerpt":{"rendered":"<p>Z23 koj\u0173 atramos priedas \u2013 sporto \u012franga, skirta patikimai koj\u0173 atramai atliekant pratimus su trosin\u0117mis sistemomis. Suderinamas tiek su B11 treniruokliu, tiek su C2 serijos treniruokliais. Puikiai tinka pratimams, tokiems kaip s\u0117dima trauka trosu, stabilizuojant apatines k\u016bno dalis ir u\u017etikrinant geresn\u0119 form\u0105, kontrol\u0119 bei j\u0117gos perdavim\u0105.<\/p>\n","protected":false},"featured_media":9145,"template":"","meta":{"_acf_changed":false},"product_brand":[56],"product_cat":[418],"product_tag":[415],"class_list":{"0":"post-9830","1":"product","2":"type-product","3":"status-publish","4":"has-post-thumbnail","6":"product_brand-gym-factory","7":"product_cat-treniruokliu-priedai","8":"product_tag-spalva-tik-metaline","10":"first","11":"onbackorder","12":"taxable","13":"shipping-taxable","14":"purchasable","15":"product-type-simple"},"acf":[],"yoast_head":"<!-- This site is optimized with the Yoast SEO plugin v25.2 - https:\/\/yoast.com\/wordpress\/plugins\/seo\/ -->\n<title>Z23 koj\u0173 atramos tvirtinimas - Ilgalaik\u0117 treniruokli\u0173 sal\u0117s \u012franga<\/title>\n<meta name=\"description\" content=\"Z23 koj\u0173 atramos tvirtinimo \u012ftaisas pagamintas i\u0161 auk\u0161tos kokyb\u0117s plieno konstrukcijos, u\u017etikrinan\u010dios maksimal\u0173 stabilum\u0105. Universali sporto \u012franga pagerina apatin\u0117s k\u016bno dalies treniruotes.\" \/>\n<meta name=\"robots\" content=\"index, follow, max-snippet:-1, max-image-preview:large, max-video-preview:-1\" \/>\n<link rel=\"canonical\" href=\"https:\/\/gymfactory.eu\/lt\/produktas\/z23-koju-atramos-tvirtinimas\/\" \/>\n<meta property=\"og:locale\" content=\"lt_LT\" \/>\n<meta property=\"og:type\" content=\"article\" \/>\n<meta property=\"og:title\" content=\"Z23 koj\u0173 atramos tvirtinimas - Ilgalaik\u0117 treniruokli\u0173 sal\u0117s \u012franga\" \/>\n<meta property=\"og:description\" content=\"Z23 koj\u0173 atramos tvirtinimo \u012ftaisas pagamintas i\u0161 auk\u0161tos kokyb\u0117s plieno konstrukcijos, u\u017etikrinan\u010dios maksimal\u0173 stabilum\u0105. Universali sporto \u012franga pagerina apatin\u0117s k\u016bno dalies treniruotes.\" \/>\n<meta property=\"og:url\" content=\"https:\/\/gymfactory.eu\/lt\/produktas\/z23-koju-atramos-tvirtinimas\/\" \/>\n<meta property=\"og:site_name\" content=\"Gym Factory\" \/>\n<meta property=\"article:modified_time\" content=\"2025-09-09T11:06:16+00:00\" \/>\n<meta property=\"og:image\" content=\"https:\/\/gymfactory.eu\/wp-content\/uploads\/2025\/03\/Z23-gym-equipment-leg-support-attachment-black-2.webp\" \/>\n\t<meta property=\"og:image:width\" content=\"1500\" \/>\n\t<meta property=\"og:image:height\" content=\"1500\" \/>\n\t<meta property=\"og:image:type\" content=\"image\/webp\" \/>\n<meta name=\"twitter:card\" content=\"summary_large_image\" \/>\n<meta name=\"twitter:label1\" content=\"Est. reading time\" \/>\n\t<meta name=\"twitter:data1\" content=\"1 minut\u0117\" \/>\n<script type=\"application\/ld+json\" class=\"yoast-schema-graph\">{\"@context\":\"https:\/\/schema.org\",\"@graph\":[{\"@type\":\"WebPage\",\"@id\":\"https:\/\/gymfactory.eu\/lt\/produktas\/z23-koju-atramos-tvirtinimas\/\",\"url\":\"https:\/\/gymfactory.eu\/lt\/produktas\/z23-koju-atramos-tvirtinimas\/\",\"name\":\"Z23 koj\u0173 atramos tvirtinimas - Ilgalaik\u0117 treniruokli\u0173 sal\u0117s \u012franga\",\"isPartOf\":{\"@id\":\"https:\/\/gymfactory.eu\/lt\/#website\"},\"primaryImageOfPage\":{\"@id\":\"https:\/\/gymfactory.eu\/lt\/produktas\/z23-koju-atramos-tvirtinimas\/#primaryimage\"},\"image\":{\"@id\":\"https:\/\/gymfactory.eu\/lt\/produktas\/z23-koju-atramos-tvirtinimas\/#primaryimage\"},\"thumbnailUrl\":\"https:\/\/gymfactory.eu\/wp-content\/uploads\/2025\/03\/Z23-gym-equipment-leg-support-attachment-black-2.webp\",\"datePublished\":\"2025-03-01T10:10:20+00:00\",\"dateModified\":\"2025-09-09T11:06:16+00:00\",\"description\":\"Z23 koj\u0173 atramos tvirtinimo \u012ftaisas pagamintas i\u0161 auk\u0161tos kokyb\u0117s plieno konstrukcijos, u\u017etikrinan\u010dios maksimal\u0173 stabilum\u0105. Universali sporto \u012franga pagerina apatin\u0117s k\u016bno dalies treniruotes.\",\"breadcrumb\":{\"@id\":\"https:\/\/gymfactory.eu\/lt\/produktas\/z23-koju-atramos-tvirtinimas\/#breadcrumb\"},\"inLanguage\":\"lt-LT\",\"potentialAction\":[{\"@type\":\"ReadAction\",\"target\":[\"https:\/\/gymfactory.eu\/lt\/produktas\/z23-koju-atramos-tvirtinimas\/\"]}]},{\"@type\":\"ImageObject\",\"inLanguage\":\"lt-LT\",\"@id\":\"https:\/\/gymfactory.eu\/lt\/produktas\/z23-koju-atramos-tvirtinimas\/#primaryimage\",\"url\":\"https:\/\/gymfactory.eu\/wp-content\/uploads\/2025\/03\/Z23-gym-equipment-leg-support-attachment-black-2.webp\",\"contentUrl\":\"https:\/\/gymfactory.eu\/wp-content\/uploads\/2025\/03\/Z23-gym-equipment-leg-support-attachment-black-2.webp\",\"width\":1500,\"height\":1500,\"caption\":\"Sporto sal\u0117s \u012frangos koj\u0173 atramos tvirtinimo \u012ftaiso, pagaminto i\u0161 auk\u0161tos kokyb\u0117s plieno konstrukcijos, vaizdas i\u0161 arti. Priedas turi juod\u0105 r\u0117m\u0105 su neslystan\u010dia metaline platforma, u\u017etikrinan\u010dia stabili\u0105 ir patogi\u0105 atram\u0105 atliekant apatin\u0117s k\u016bno dalies pratimus, pavyzd\u017eiui, koj\u0173 lenkimus ir prat\u0119simus.\"},{\"@type\":\"BreadcrumbList\",\"@id\":\"https:\/\/gymfactory.eu\/lt\/produktas\/z23-koju-atramos-tvirtinimas\/#breadcrumb\",\"itemListElement\":[{\"@type\":\"ListItem\",\"position\":1,\"name\":\"Pagrindinis\",\"item\":\"https:\/\/gymfactory.eu\/lt\/\"},{\"@type\":\"ListItem\",\"position\":2,\"name\":\"Katalogas\",\"item\":\"https:\/\/gymfactory.eu\/lt\/katalogas\/\"},{\"@type\":\"ListItem\",\"position\":3,\"name\":\"Z23 Koj\u0173 atramos priedas\"}]},{\"@type\":\"WebSite\",\"@id\":\"https:\/\/gymfactory.eu\/lt\/#website\",\"url\":\"https:\/\/gymfactory.eu\/lt\/\",\"name\":\"Gym Factory\",\"description\":\"\",\"publisher\":{\"@id\":\"https:\/\/gymfactory.eu\/lt\/#organization\"},\"potentialAction\":[{\"@type\":\"SearchAction\",\"target\":{\"@type\":\"EntryPoint\",\"urlTemplate\":\"https:\/\/gymfactory.eu\/lt\/?s={search_term_string}\"},\"query-input\":{\"@type\":\"PropertyValueSpecification\",\"valueRequired\":true,\"valueName\":\"search_term_string\"}}],\"inLanguage\":\"lt-LT\"},{\"@type\":\"Organization\",\"@id\":\"https:\/\/gymfactory.eu\/lt\/#organization\",\"name\":\"Sporto sal\u0117s gamykla\",\"url\":\"https:\/\/gymfactory.eu\/lt\/\",\"logo\":{\"@type\":\"ImageObject\",\"inLanguage\":\"lt-LT\",\"@id\":\"https:\/\/gymfactory.eu\/lt\/#\/schema\/logo\/image\/\",\"url\":\"https:\/\/gymfactory.eu\/wp-content\/uploads\/2024\/11\/Component-1.svg\",\"contentUrl\":\"https:\/\/gymfactory.eu\/wp-content\/uploads\/2024\/11\/Component-1.svg\",\"width\":54,\"height\":44,\"caption\":\"Sporto sal\u0117s gamykla\"},\"image\":{\"@id\":\"https:\/\/gymfactory.eu\/lt\/#\/schema\/logo\/image\/\"}}]}<\/script>\n<!-- \/ Yoast SEO plugin. -->","yoast_head_json":{"title":"Z23 koj\u0173 atramos tvirtinimas - Ilgalaik\u0117 treniruokli\u0173 sal\u0117s \u012franga","description":"Z23 koj\u0173 atramos tvirtinimo \u012ftaisas pagamintas i\u0161 auk\u0161tos kokyb\u0117s plieno konstrukcijos, u\u017etikrinan\u010dios maksimal\u0173 stabilum\u0105. Universali sporto \u012franga pagerina apatin\u0117s k\u016bno dalies treniruotes.","robots":{"index":"index","follow":"follow","max-snippet":"max-snippet:-1","max-image-preview":"max-image-preview:large","max-video-preview":"max-video-preview:-1"},"canonical":"https:\/\/gymfactory.eu\/lt\/produktas\/z23-koju-atramos-tvirtinimas\/","og_locale":"lt_LT","og_type":"article","og_title":"Z23 koj\u0173 atramos tvirtinimas - Ilgalaik\u0117 treniruokli\u0173 sal\u0117s \u012franga","og_description":"Z23 koj\u0173 atramos tvirtinimo \u012ftaisas pagamintas i\u0161 auk\u0161tos kokyb\u0117s plieno konstrukcijos, u\u017etikrinan\u010dios maksimal\u0173 stabilum\u0105. Universali sporto \u012franga pagerina apatin\u0117s k\u016bno dalies treniruotes.","og_url":"https:\/\/gymfactory.eu\/lt\/produktas\/z23-koju-atramos-tvirtinimas\/","og_site_name":"Gym Factory","article_modified_time":"2025-09-09T11:06:16+00:00","og_image":[{"width":1500,"height":1500,"url":"https:\/\/gymfactory.eu\/wp-content\/uploads\/2025\/03\/Z23-gym-equipment-leg-support-attachment-black-2.webp","type":"image\/webp"}],"twitter_card":"summary_large_image","twitter_misc":{"Est. reading time":"1 minut\u0117"},"schema":{"@context":"https:\/\/schema.org","@graph":[{"@type":"WebPage","@id":"https:\/\/gymfactory.eu\/lt\/produktas\/z23-koju-atramos-tvirtinimas\/","url":"https:\/\/gymfactory.eu\/lt\/produktas\/z23-koju-atramos-tvirtinimas\/","name":"Z23 koj\u0173 atramos tvirtinimas - Ilgalaik\u0117 treniruokli\u0173 sal\u0117s \u012franga","isPartOf":{"@id":"https:\/\/gymfactory.eu\/lt\/#website"},"primaryImageOfPage":{"@id":"https:\/\/gymfactory.eu\/lt\/produktas\/z23-koju-atramos-tvirtinimas\/#primaryimage"},"image":{"@id":"https:\/\/gymfactory.eu\/lt\/produktas\/z23-koju-atramos-tvirtinimas\/#primaryimage"},"thumbnailUrl":"https:\/\/gymfactory.eu\/wp-content\/uploads\/2025\/03\/Z23-gym-equipment-leg-support-attachment-black-2.webp","datePublished":"2025-03-01T10:10:20+00:00","dateModified":"2025-09-09T11:06:16+00:00","description":"Z23 koj\u0173 atramos tvirtinimo \u012ftaisas pagamintas i\u0161 auk\u0161tos kokyb\u0117s plieno konstrukcijos, u\u017etikrinan\u010dios maksimal\u0173 stabilum\u0105. Universali sporto \u012franga pagerina apatin\u0117s k\u016bno dalies treniruotes.","breadcrumb":{"@id":"https:\/\/gymfactory.eu\/lt\/produktas\/z23-koju-atramos-tvirtinimas\/#breadcrumb"},"inLanguage":"lt-LT","potentialAction":[{"@type":"ReadAction","target":["https:\/\/gymfactory.eu\/lt\/produktas\/z23-koju-atramos-tvirtinimas\/"]}]},{"@type":"ImageObject","inLanguage":"lt-LT","@id":"https:\/\/gymfactory.eu\/lt\/produktas\/z23-koju-atramos-tvirtinimas\/#primaryimage","url":"https:\/\/gymfactory.eu\/wp-content\/uploads\/2025\/03\/Z23-gym-equipment-leg-support-attachment-black-2.webp","contentUrl":"https:\/\/gymfactory.eu\/wp-content\/uploads\/2025\/03\/Z23-gym-equipment-leg-support-attachment-black-2.webp","width":1500,"height":1500,"caption":"Sporto sal\u0117s \u012frangos koj\u0173 atramos tvirtinimo \u012ftaiso, pagaminto i\u0161 auk\u0161tos kokyb\u0117s plieno konstrukcijos, vaizdas i\u0161 arti. Priedas turi juod\u0105 r\u0117m\u0105 su neslystan\u010dia metaline platforma, u\u017etikrinan\u010dia stabili\u0105 ir patogi\u0105 atram\u0105 atliekant apatin\u0117s k\u016bno dalies pratimus, pavyzd\u017eiui, koj\u0173 lenkimus ir prat\u0119simus."},{"@type":"BreadcrumbList","@id":"https:\/\/gymfactory.eu\/lt\/produktas\/z23-koju-atramos-tvirtinimas\/#breadcrumb","itemListElement":[{"@type":"ListItem","position":1,"name":"Pagrindinis","item":"https:\/\/gymfactory.eu\/lt\/"},{"@type":"ListItem","position":2,"name":"Katalogas","item":"https:\/\/gymfactory.eu\/lt\/katalogas\/"},{"@type":"ListItem","position":3,"name":"Z23 Koj\u0173 atramos priedas"}]},{"@type":"WebSite","@id":"https:\/\/gymfactory.eu\/lt\/#website","url":"https:\/\/gymfactory.eu\/lt\/","name":"Gym Factory","description":"","publisher":{"@id":"https:\/\/gymfactory.eu\/lt\/#organization"},"potentialAction":[{"@type":"SearchAction","target":{"@type":"EntryPoint","urlTemplate":"https:\/\/gymfactory.eu\/lt\/?s={search_term_string}"},"query-input":{"@type":"PropertyValueSpecification","valueRequired":true,"valueName":"search_term_string"}}],"inLanguage":"lt-LT"},{"@type":"Organization","@id":"https:\/\/gymfactory.eu\/lt\/#organization","name":"Sporto sal\u0117s gamykla","url":"https:\/\/gymfactory.eu\/lt\/","logo":{"@type":"ImageObject","inLanguage":"lt-LT","@id":"https:\/\/gymfactory.eu\/lt\/#\/schema\/logo\/image\/","url":"https:\/\/gymfactory.eu\/wp-content\/uploads\/2024\/11\/Component-1.svg","contentUrl":"https:\/\/gymfactory.eu\/wp-content\/uploads\/2024\/11\/Component-1.svg","width":54,"height":44,"caption":"Sporto sal\u0117s gamykla"},"image":{"@id":"https:\/\/gymfactory.eu\/lt\/#\/schema\/logo\/image\/"}}]}},"_links":{"self":[{"href":"https:\/\/gymfactory.eu\/lt\/wp-json\/wp\/v2\/product\/9830","targetHints":{"allow":["GET"]}}],"collection":[{"href":"https:\/\/gymfactory.eu\/lt\/wp-json\/wp\/v2\/product"}],"about":[{"href":"https:\/\/gymfactory.eu\/lt\/wp-json\/wp\/v2\/types\/product"}],"wp:featuredmedia":[{"embeddable":true,"href":"https:\/\/gymfactory.eu\/lt\/wp-json\/wp\/v2\/media\/9145"}],"wp:attachment":[{"href":"https:\/\/gymfactory.eu\/lt\/wp-json\/wp\/v2\/media?parent=9830"}],"wp:term":[{"taxonomy":"product_brand","embeddable":true,"href":"https:\/\/gymfactory.eu\/lt\/wp-json\/wp\/v2\/product_brand?post=9830"},{"taxonomy":"product_cat","embeddable":true,"href":"https:\/\/gymfactory.eu\/lt\/wp-json\/wp\/v2\/product_cat?post=9830"},{"taxonomy":"product_tag","embeddable":true,"href":"https:\/\/gymfactory.eu\/lt\/wp-json\/wp\/v2\/product_tag?post=9830"}],"curies":[{"name":"wp","href":"https:\/\/api.w.org\/{rel}","templated":true}]}}