{"id":9829,"date":"2025-03-01T11:55:48","date_gmt":"2025-03-01T09:55:48","guid":{"rendered":"https:\/\/gymfactory.eu\/product\/z22x-sedyne-bagazinei\/"},"modified":"2025-09-09T14:05:21","modified_gmt":"2025-09-09T11:05:21","slug":"z22x-sedyne-bagazinei","status":"publish","type":"product","link":"https:\/\/gymfactory.eu\/lt\/produktas\/z22x-sedyne-bagazinei\/","title":{"rendered":"Z22X S\u0117dyn\u0117 r\u0117mams"},"content":{"rendered":"<p>Z22X s\u0117dyn\u0117 \u2013 specialiai sukurtas priedas <a href=\"https:\/\/gymfactory.eu\/lt\/produktas\/b11-ultimate-power-rack\/\" target=\"_blank\" rel=\"noopener\">B11 treniruokliui<\/a>. \u0160i s\u0117dyn\u0117 turi integruot\u0105 s\u0117dim\u0105 viet\u0105 ir auk\u0161t\u012f reguliuojamas atramas, u\u017etikrinan\u010dias stabilum\u0105 ir komfort\u0105 atliekant vir\u0161utin\u0117s k\u016bno dalies pratimus su trosine sistema.<\/p>\n<p>Ypa\u010d tinkama pratimams, kaip trauka i\u0161 vir\u0161aus (&#8222;lat pulldown&#8221;), kur saugi apatini\u0173 k\u016bno dali\u0173 pad\u0117tis b\u016btina taisyklingai technikai ir kontrol\u0117s palaikymui.<\/p>\n\n    <div class=\"xs_social_share_widget xs_share_url after_content \t\tmain_content  wslu-style-1 wslu-share-box-shaped wslu-fill-colored wslu-none wslu-share-horizontal wslu-theme-font-no wslu-main_content\">\n\n\t\t\n        <ul>\n\t\t\t        <\/ul>\n    <\/div> \n","protected":false},"excerpt":{"rendered":"<p>Z22X s\u0117dyn\u0117 \u2013 specialiai sukurtas priedas B11 treniruokliui. \u0160i s\u0117dyn\u0117 turi integruot\u0105 s\u0117dim\u0105 viet\u0105 ir auk\u0161t\u012f reguliuojamas atramas, u\u017etikrinan\u010dias stabilum\u0105 ir komfort\u0105 atliekant vir\u0161utin\u0117s k\u016bno dalies pratimus su trosine sistema. Ypa\u010d tinkama pratimams, kaip trauka i\u0161 vir\u0161aus (&#8222;lat pulldown&#8221;), kur saugi apatini\u0173 k\u016bno dali\u0173 pad\u0117tis b\u016btina taisyklingai technikai ir kontrol\u0117s palaikymui.<\/p>\n","protected":false},"featured_media":9144,"template":"","meta":{"_acf_changed":false},"product_brand":[817],"product_cat":[418],"product_tag":[],"class_list":{"0":"post-9829","1":"product","2":"type-product","3":"status-publish","4":"has-post-thumbnail","6":"product_brand-gym-factory-lt","7":"product_cat-treniruokliu-priedai","9":"first","10":"onbackorder","11":"taxable","12":"shipping-taxable","13":"purchasable","14":"product-type-simple"},"acf":[],"yoast_head":"<!-- This site is optimized with the Yoast SEO plugin v25.2 - https:\/\/yoast.com\/wordpress\/plugins\/seo\/ -->\n<title>Z22X s\u0117dyn\u0117 stovams - Universali sporto sal\u0117s \u012franga<\/title>\n<meta name=\"description\" content=\"&quot;Z22X&quot; s\u0117dyn\u0117 stela\u017eams pagerina j\u016bs\u0173 maitinimo stela\u017e\u0173 s\u0105rank\u0105 ir suteikia patogi\u0105 atram\u0105. B\u016btina tur\u0117ti sporto sal\u0117s \u012frang\u0105 j\u0117gos treniruot\u0117ms ir universalumui.\" \/>\n<meta name=\"robots\" content=\"index, follow, max-snippet:-1, max-image-preview:large, max-video-preview:-1\" \/>\n<link rel=\"canonical\" href=\"https:\/\/gymfactory.eu\/lt\/produktas\/z22x-sedyne-bagazinei\/\" \/>\n<meta property=\"og:locale\" content=\"lt_LT\" \/>\n<meta property=\"og:type\" content=\"article\" \/>\n<meta property=\"og:title\" content=\"Z22X s\u0117dyn\u0117 stovams - Universali sporto sal\u0117s \u012franga\" \/>\n<meta property=\"og:description\" content=\"&quot;Z22X&quot; s\u0117dyn\u0117 stela\u017eams pagerina j\u016bs\u0173 maitinimo stela\u017e\u0173 s\u0105rank\u0105 ir suteikia patogi\u0105 atram\u0105. B\u016btina tur\u0117ti sporto sal\u0117s \u012frang\u0105 j\u0117gos treniruot\u0117ms ir universalumui.\" \/>\n<meta property=\"og:url\" content=\"https:\/\/gymfactory.eu\/lt\/produktas\/z22x-sedyne-bagazinei\/\" \/>\n<meta property=\"og:site_name\" content=\"Gym Factory\" \/>\n<meta property=\"article:modified_time\" content=\"2025-09-09T11:05:21+00:00\" \/>\n<meta property=\"og:image\" content=\"https:\/\/gymfactory.eu\/wp-content\/uploads\/2025\/02\/gym-equipment-adjustable-rack-seat-2.webp\" \/>\n\t<meta property=\"og:image:width\" content=\"1500\" \/>\n\t<meta property=\"og:image:height\" content=\"1500\" \/>\n\t<meta property=\"og:image:type\" content=\"image\/webp\" \/>\n<meta name=\"twitter:card\" content=\"summary_large_image\" \/>\n<meta name=\"twitter:label1\" content=\"Est. reading time\" \/>\n\t<meta name=\"twitter:data1\" content=\"1 minut\u0117\" \/>\n<script type=\"application\/ld+json\" class=\"yoast-schema-graph\">{\"@context\":\"https:\/\/schema.org\",\"@graph\":[{\"@type\":\"WebPage\",\"@id\":\"https:\/\/gymfactory.eu\/lt\/produktas\/z22x-sedyne-bagazinei\/\",\"url\":\"https:\/\/gymfactory.eu\/lt\/produktas\/z22x-sedyne-bagazinei\/\",\"name\":\"Z22X s\u0117dyn\u0117 stovams - Universali sporto sal\u0117s \u012franga\",\"isPartOf\":{\"@id\":\"https:\/\/gymfactory.eu\/lt\/#website\"},\"primaryImageOfPage\":{\"@id\":\"https:\/\/gymfactory.eu\/lt\/produktas\/z22x-sedyne-bagazinei\/#primaryimage\"},\"image\":{\"@id\":\"https:\/\/gymfactory.eu\/lt\/produktas\/z22x-sedyne-bagazinei\/#primaryimage\"},\"thumbnailUrl\":\"https:\/\/gymfactory.eu\/wp-content\/uploads\/2025\/02\/gym-equipment-adjustable-rack-seat-2.webp\",\"datePublished\":\"2025-03-01T09:55:48+00:00\",\"dateModified\":\"2025-09-09T11:05:21+00:00\",\"description\":\"\\\"Z22X\\\" s\u0117dyn\u0117 stela\u017eams pagerina j\u016bs\u0173 maitinimo stela\u017e\u0173 s\u0105rank\u0105 ir suteikia patogi\u0105 atram\u0105. B\u016btina tur\u0117ti sporto sal\u0117s \u012frang\u0105 j\u0117gos treniruot\u0117ms ir universalumui.\",\"breadcrumb\":{\"@id\":\"https:\/\/gymfactory.eu\/lt\/produktas\/z22x-sedyne-bagazinei\/#breadcrumb\"},\"inLanguage\":\"lt-LT\",\"potentialAction\":[{\"@type\":\"ReadAction\",\"target\":[\"https:\/\/gymfactory.eu\/lt\/produktas\/z22x-sedyne-bagazinei\/\"]}]},{\"@type\":\"ImageObject\",\"inLanguage\":\"lt-LT\",\"@id\":\"https:\/\/gymfactory.eu\/lt\/produktas\/z22x-sedyne-bagazinei\/#primaryimage\",\"url\":\"https:\/\/gymfactory.eu\/wp-content\/uploads\/2025\/02\/gym-equipment-adjustable-rack-seat-2.webp\",\"contentUrl\":\"https:\/\/gymfactory.eu\/wp-content\/uploads\/2025\/02\/gym-equipment-adjustable-rack-seat-2.webp\",\"width\":1500,\"height\":1500,\"caption\":\"Stambiu planu - juoda reguliuojama prie stovo tvirtinama s\u0117dyn\u0117 su stora juoda pagalve. Plienin\u0117 tvirtinimo sistema u\u017etikrina tvirt\u0105 j\u0117gos stovo sukibim\u0105, tod\u0117l idealiai tinka pratimams, kuriems reikia atramos s\u0117dint.\"},{\"@type\":\"BreadcrumbList\",\"@id\":\"https:\/\/gymfactory.eu\/lt\/produktas\/z22x-sedyne-bagazinei\/#breadcrumb\",\"itemListElement\":[{\"@type\":\"ListItem\",\"position\":1,\"name\":\"Pagrindinis\",\"item\":\"https:\/\/gymfactory.eu\/lt\/\"},{\"@type\":\"ListItem\",\"position\":2,\"name\":\"Katalogas\",\"item\":\"https:\/\/gymfactory.eu\/lt\/katalogas\/\"},{\"@type\":\"ListItem\",\"position\":3,\"name\":\"Z22X S\u0117dyn\u0117 r\u0117mams\"}]},{\"@type\":\"WebSite\",\"@id\":\"https:\/\/gymfactory.eu\/lt\/#website\",\"url\":\"https:\/\/gymfactory.eu\/lt\/\",\"name\":\"Gym Factory\",\"description\":\"\",\"publisher\":{\"@id\":\"https:\/\/gymfactory.eu\/lt\/#organization\"},\"potentialAction\":[{\"@type\":\"SearchAction\",\"target\":{\"@type\":\"EntryPoint\",\"urlTemplate\":\"https:\/\/gymfactory.eu\/lt\/?s={search_term_string}\"},\"query-input\":{\"@type\":\"PropertyValueSpecification\",\"valueRequired\":true,\"valueName\":\"search_term_string\"}}],\"inLanguage\":\"lt-LT\"},{\"@type\":\"Organization\",\"@id\":\"https:\/\/gymfactory.eu\/lt\/#organization\",\"name\":\"Sporto sal\u0117s gamykla\",\"url\":\"https:\/\/gymfactory.eu\/lt\/\",\"logo\":{\"@type\":\"ImageObject\",\"inLanguage\":\"lt-LT\",\"@id\":\"https:\/\/gymfactory.eu\/lt\/#\/schema\/logo\/image\/\",\"url\":\"https:\/\/gymfactory.eu\/wp-content\/uploads\/2024\/11\/Component-1.svg\",\"contentUrl\":\"https:\/\/gymfactory.eu\/wp-content\/uploads\/2024\/11\/Component-1.svg\",\"width\":54,\"height\":44,\"caption\":\"Sporto sal\u0117s gamykla\"},\"image\":{\"@id\":\"https:\/\/gymfactory.eu\/lt\/#\/schema\/logo\/image\/\"}}]}<\/script>\n<!-- \/ Yoast SEO plugin. -->","yoast_head_json":{"title":"Z22X s\u0117dyn\u0117 stovams - Universali sporto sal\u0117s \u012franga","description":"\"Z22X\" s\u0117dyn\u0117 stela\u017eams pagerina j\u016bs\u0173 maitinimo stela\u017e\u0173 s\u0105rank\u0105 ir suteikia patogi\u0105 atram\u0105. B\u016btina tur\u0117ti sporto sal\u0117s \u012frang\u0105 j\u0117gos treniruot\u0117ms ir universalumui.","robots":{"index":"index","follow":"follow","max-snippet":"max-snippet:-1","max-image-preview":"max-image-preview:large","max-video-preview":"max-video-preview:-1"},"canonical":"https:\/\/gymfactory.eu\/lt\/produktas\/z22x-sedyne-bagazinei\/","og_locale":"lt_LT","og_type":"article","og_title":"Z22X s\u0117dyn\u0117 stovams - Universali sporto sal\u0117s \u012franga","og_description":"\"Z22X\" s\u0117dyn\u0117 stela\u017eams pagerina j\u016bs\u0173 maitinimo stela\u017e\u0173 s\u0105rank\u0105 ir suteikia patogi\u0105 atram\u0105. B\u016btina tur\u0117ti sporto sal\u0117s \u012frang\u0105 j\u0117gos treniruot\u0117ms ir universalumui.","og_url":"https:\/\/gymfactory.eu\/lt\/produktas\/z22x-sedyne-bagazinei\/","og_site_name":"Gym Factory","article_modified_time":"2025-09-09T11:05:21+00:00","og_image":[{"width":1500,"height":1500,"url":"https:\/\/gymfactory.eu\/wp-content\/uploads\/2025\/02\/gym-equipment-adjustable-rack-seat-2.webp","type":"image\/webp"}],"twitter_card":"summary_large_image","twitter_misc":{"Est. reading time":"1 minut\u0117"},"schema":{"@context":"https:\/\/schema.org","@graph":[{"@type":"WebPage","@id":"https:\/\/gymfactory.eu\/lt\/produktas\/z22x-sedyne-bagazinei\/","url":"https:\/\/gymfactory.eu\/lt\/produktas\/z22x-sedyne-bagazinei\/","name":"Z22X s\u0117dyn\u0117 stovams - Universali sporto sal\u0117s \u012franga","isPartOf":{"@id":"https:\/\/gymfactory.eu\/lt\/#website"},"primaryImageOfPage":{"@id":"https:\/\/gymfactory.eu\/lt\/produktas\/z22x-sedyne-bagazinei\/#primaryimage"},"image":{"@id":"https:\/\/gymfactory.eu\/lt\/produktas\/z22x-sedyne-bagazinei\/#primaryimage"},"thumbnailUrl":"https:\/\/gymfactory.eu\/wp-content\/uploads\/2025\/02\/gym-equipment-adjustable-rack-seat-2.webp","datePublished":"2025-03-01T09:55:48+00:00","dateModified":"2025-09-09T11:05:21+00:00","description":"\"Z22X\" s\u0117dyn\u0117 stela\u017eams pagerina j\u016bs\u0173 maitinimo stela\u017e\u0173 s\u0105rank\u0105 ir suteikia patogi\u0105 atram\u0105. B\u016btina tur\u0117ti sporto sal\u0117s \u012frang\u0105 j\u0117gos treniruot\u0117ms ir universalumui.","breadcrumb":{"@id":"https:\/\/gymfactory.eu\/lt\/produktas\/z22x-sedyne-bagazinei\/#breadcrumb"},"inLanguage":"lt-LT","potentialAction":[{"@type":"ReadAction","target":["https:\/\/gymfactory.eu\/lt\/produktas\/z22x-sedyne-bagazinei\/"]}]},{"@type":"ImageObject","inLanguage":"lt-LT","@id":"https:\/\/gymfactory.eu\/lt\/produktas\/z22x-sedyne-bagazinei\/#primaryimage","url":"https:\/\/gymfactory.eu\/wp-content\/uploads\/2025\/02\/gym-equipment-adjustable-rack-seat-2.webp","contentUrl":"https:\/\/gymfactory.eu\/wp-content\/uploads\/2025\/02\/gym-equipment-adjustable-rack-seat-2.webp","width":1500,"height":1500,"caption":"Stambiu planu - juoda reguliuojama prie stovo tvirtinama s\u0117dyn\u0117 su stora juoda pagalve. Plienin\u0117 tvirtinimo sistema u\u017etikrina tvirt\u0105 j\u0117gos stovo sukibim\u0105, tod\u0117l idealiai tinka pratimams, kuriems reikia atramos s\u0117dint."},{"@type":"BreadcrumbList","@id":"https:\/\/gymfactory.eu\/lt\/produktas\/z22x-sedyne-bagazinei\/#breadcrumb","itemListElement":[{"@type":"ListItem","position":1,"name":"Pagrindinis","item":"https:\/\/gymfactory.eu\/lt\/"},{"@type":"ListItem","position":2,"name":"Katalogas","item":"https:\/\/gymfactory.eu\/lt\/katalogas\/"},{"@type":"ListItem","position":3,"name":"Z22X S\u0117dyn\u0117 r\u0117mams"}]},{"@type":"WebSite","@id":"https:\/\/gymfactory.eu\/lt\/#website","url":"https:\/\/gymfactory.eu\/lt\/","name":"Gym Factory","description":"","publisher":{"@id":"https:\/\/gymfactory.eu\/lt\/#organization"},"potentialAction":[{"@type":"SearchAction","target":{"@type":"EntryPoint","urlTemplate":"https:\/\/gymfactory.eu\/lt\/?s={search_term_string}"},"query-input":{"@type":"PropertyValueSpecification","valueRequired":true,"valueName":"search_term_string"}}],"inLanguage":"lt-LT"},{"@type":"Organization","@id":"https:\/\/gymfactory.eu\/lt\/#organization","name":"Sporto sal\u0117s gamykla","url":"https:\/\/gymfactory.eu\/lt\/","logo":{"@type":"ImageObject","inLanguage":"lt-LT","@id":"https:\/\/gymfactory.eu\/lt\/#\/schema\/logo\/image\/","url":"https:\/\/gymfactory.eu\/wp-content\/uploads\/2024\/11\/Component-1.svg","contentUrl":"https:\/\/gymfactory.eu\/wp-content\/uploads\/2024\/11\/Component-1.svg","width":54,"height":44,"caption":"Sporto sal\u0117s gamykla"},"image":{"@id":"https:\/\/gymfactory.eu\/lt\/#\/schema\/logo\/image\/"}}]}},"_links":{"self":[{"href":"https:\/\/gymfactory.eu\/lt\/wp-json\/wp\/v2\/product\/9829","targetHints":{"allow":["GET"]}}],"collection":[{"href":"https:\/\/gymfactory.eu\/lt\/wp-json\/wp\/v2\/product"}],"about":[{"href":"https:\/\/gymfactory.eu\/lt\/wp-json\/wp\/v2\/types\/product"}],"wp:featuredmedia":[{"embeddable":true,"href":"https:\/\/gymfactory.eu\/lt\/wp-json\/wp\/v2\/media\/9144"}],"wp:attachment":[{"href":"https:\/\/gymfactory.eu\/lt\/wp-json\/wp\/v2\/media?parent=9829"}],"wp:term":[{"taxonomy":"product_brand","embeddable":true,"href":"https:\/\/gymfactory.eu\/lt\/wp-json\/wp\/v2\/product_brand?post=9829"},{"taxonomy":"product_cat","embeddable":true,"href":"https:\/\/gymfactory.eu\/lt\/wp-json\/wp\/v2\/product_cat?post=9829"},{"taxonomy":"product_tag","embeddable":true,"href":"https:\/\/gymfactory.eu\/lt\/wp-json\/wp\/v2\/product_tag?post=9829"}],"curies":[{"name":"wp","href":"https:\/\/api.w.org\/{rel}","templated":true}]}}