{"id":9823,"date":"2025-02-28T10:40:29","date_gmt":"2025-02-28T08:40:29","guid":{"rendered":"https:\/\/gymfactory.eu\/product\/z16xb-sedmenu-masina\/"},"modified":"2025-12-02T14:57:21","modified_gmt":"2025-12-02T12:57:21","slug":"z16xb-sedmenu-masina","status":"publish","type":"product","link":"https:\/\/gymfactory.eu\/lt\/produktas\/z16xb-sedmenu-masina\/","title":{"rendered":"Z16XB S\u0117dmen\u0173 treniruoklis"},"content":{"rendered":"<p>Z16XB \u2013 tai stovimas treniruoklis, skirtas izoliuotai s\u0117dmen\u0173 treniruotei per kontroliuot\u0105 klubo tiesim\u0105. Kompakti\u0161kas, stabilus ir lengvai pritaikomas \u2013 puikiai tinka tiek nam\u0173 sporto erdvei, tiek profesionaliam klubui.<\/p>\n<p>Treniruoklis naudojamas stovimajam klubo st\u016bmimui atlikti \u2013 nuo pasilenkusios pad\u0117ties klubai stumiami auk\u0161tyn iki visi\u0161kos i\u0161tempimo faz\u0117s, kurioje maksimaliai aktyvuojami s\u0117dmenys. Reguliuojamas s\u0117dyn\u0117s auk\u0161tis leid\u017eia tiksliai i\u0161lygiuoti k\u016bno pad\u0117t\u012f, o st\u016bmimo atramos ilgis gali b\u016bti pritaikytas pagal skirtingus k\u016bno sud\u0117jimus. Pradin\u0117 pad\u0117tis taip pat reguliuojama \u2013 atsi\u017evelgiant \u012f naudotojo judesio amplitud\u0119 ir komfort\u0105.<\/p>\n<p>Z16XB S\u0117dmen\u0173 st\u016bmimo treniruoklis \u2013 tai stabilus, individualiai prisitaikantis ir efektyvus pasirinkimas tikslingai s\u0117dmen\u0173 treniruotei.<\/p>\n\n    <div class=\"xs_social_share_widget xs_share_url after_content \t\tmain_content  wslu-style-1 wslu-share-box-shaped wslu-fill-colored wslu-none wslu-share-horizontal wslu-theme-font-no wslu-main_content\">\n\n\t\t\n        <ul>\n\t\t\t        <\/ul>\n    <\/div> \n","protected":false},"excerpt":{"rendered":"<p>Z16XB \u2013 tai stovimas treniruoklis, skirtas izoliuotai s\u0117dmen\u0173 treniruotei per kontroliuot\u0105 klubo tiesim\u0105. Kompakti\u0161kas, stabilus ir lengvai pritaikomas \u2013 puikiai tinka tiek nam\u0173 sporto erdvei, tiek profesionaliam klubui. Treniruoklis naudojamas stovimajam klubo st\u016bmimui atlikti \u2013 nuo pasilenkusios pad\u0117ties klubai stumiami auk\u0161tyn iki visi\u0161kos i\u0161tempimo faz\u0117s, kurioje maksimaliai aktyvuojami s\u0117dmenys. Reguliuojamas s\u0117dyn\u0117s auk\u0161tis leid\u017eia tiksliai i\u0161lygiuoti [&hellip;]<\/p>\n","protected":false},"featured_media":9058,"template":"","meta":{"_acf_changed":false},"product_brand":[817],"product_cat":[466],"product_tag":[],"class_list":{"0":"post-9823","1":"product","2":"type-product","3":"status-publish","4":"has-post-thumbnail","6":"product_brand-gym-factory-lt","7":"product_cat-blokiniai-treniruokliai","9":"first","10":"onbackorder","11":"taxable","12":"shipping-taxable","13":"purchasable","14":"product-type-variable","15":"has-default-attributes"},"acf":[],"yoast_head":"<!-- This site is optimized with the Yoast SEO plugin v25.2 - https:\/\/yoast.com\/wordpress\/plugins\/seo\/ -->\n<title>Z16XB Glute Machine | Naminei sporto salei arba profesionaliam darbui<\/title>\n<meta name=\"description\" content=\"Reikia s\u0117dmen\u0173 treniruo\u010di\u0173 namuose ar sporto sal\u0117je? Z16XB Glute Machine u\u017etikrina tolyg\u0173 pasiprie\u0161inim\u0105 ir tiksling\u0105 judes\u012f apatin\u0117s k\u016bno dalies j\u0117gai stiprinti ir aktyvuoti.\" \/>\n<meta name=\"robots\" content=\"index, follow, max-snippet:-1, max-image-preview:large, max-video-preview:-1\" \/>\n<link rel=\"canonical\" href=\"https:\/\/gymfactory.eu\/lt\/produktas\/z16xb-sedmenu-masina\/\" \/>\n<meta property=\"og:locale\" content=\"lt_LT\" \/>\n<meta property=\"og:type\" content=\"article\" \/>\n<meta property=\"og:title\" content=\"Z16XB Glute Machine | Naminei sporto salei arba profesionaliam darbui\" \/>\n<meta property=\"og:description\" content=\"Reikia s\u0117dmen\u0173 treniruo\u010di\u0173 namuose ar sporto sal\u0117je? Z16XB Glute Machine u\u017etikrina tolyg\u0173 pasiprie\u0161inim\u0105 ir tiksling\u0105 judes\u012f apatin\u0117s k\u016bno dalies j\u0117gai stiprinti ir aktyvuoti.\" \/>\n<meta property=\"og:url\" content=\"https:\/\/gymfactory.eu\/lt\/produktas\/z16xb-sedmenu-masina\/\" \/>\n<meta property=\"og:site_name\" content=\"Gym Factory\" \/>\n<meta property=\"article:modified_time\" content=\"2025-12-02T12:57:21+00:00\" \/>\n<meta property=\"og:image\" content=\"https:\/\/gymfactory.eu\/wp-content\/uploads\/2025\/02\/Z16XB-gym-machine-glute-workout-equipment-.webp\" \/>\n\t<meta property=\"og:image:width\" content=\"1500\" \/>\n\t<meta property=\"og:image:height\" content=\"1500\" \/>\n\t<meta property=\"og:image:type\" content=\"image\/webp\" \/>\n<meta name=\"twitter:card\" content=\"summary_large_image\" \/>\n<meta name=\"twitter:label1\" content=\"Est. reading time\" \/>\n\t<meta name=\"twitter:data1\" content=\"1 minut\u0117\" \/>\n<script type=\"application\/ld+json\" class=\"yoast-schema-graph\">{\"@context\":\"https:\/\/schema.org\",\"@graph\":[{\"@type\":\"WebPage\",\"@id\":\"https:\/\/gymfactory.eu\/lt\/produktas\/z16xb-sedmenu-masina\/\",\"url\":\"https:\/\/gymfactory.eu\/lt\/produktas\/z16xb-sedmenu-masina\/\",\"name\":\"Z16XB Glute Machine | Naminei sporto salei arba profesionaliam darbui\",\"isPartOf\":{\"@id\":\"https:\/\/gymfactory.eu\/lt\/#website\"},\"primaryImageOfPage\":{\"@id\":\"https:\/\/gymfactory.eu\/lt\/produktas\/z16xb-sedmenu-masina\/#primaryimage\"},\"image\":{\"@id\":\"https:\/\/gymfactory.eu\/lt\/produktas\/z16xb-sedmenu-masina\/#primaryimage\"},\"thumbnailUrl\":\"https:\/\/gymfactory.eu\/wp-content\/uploads\/2025\/02\/Z16XB-gym-machine-glute-workout-equipment-.webp\",\"datePublished\":\"2025-02-28T08:40:29+00:00\",\"dateModified\":\"2025-12-02T12:57:21+00:00\",\"description\":\"Reikia s\u0117dmen\u0173 treniruo\u010di\u0173 namuose ar sporto sal\u0117je? Z16XB Glute Machine u\u017etikrina tolyg\u0173 pasiprie\u0161inim\u0105 ir tiksling\u0105 judes\u012f apatin\u0117s k\u016bno dalies j\u0117gai stiprinti ir aktyvuoti.\",\"breadcrumb\":{\"@id\":\"https:\/\/gymfactory.eu\/lt\/produktas\/z16xb-sedmenu-masina\/#breadcrumb\"},\"inLanguage\":\"lt-LT\",\"potentialAction\":[{\"@type\":\"ReadAction\",\"target\":[\"https:\/\/gymfactory.eu\/lt\/produktas\/z16xb-sedmenu-masina\/\"]}]},{\"@type\":\"ImageObject\",\"inLanguage\":\"lt-LT\",\"@id\":\"https:\/\/gymfactory.eu\/lt\/produktas\/z16xb-sedmenu-masina\/#primaryimage\",\"url\":\"https:\/\/gymfactory.eu\/wp-content\/uploads\/2025\/02\/Z16XB-gym-machine-glute-workout-equipment-.webp\",\"contentUrl\":\"https:\/\/gymfactory.eu\/wp-content\/uploads\/2025\/02\/Z16XB-gym-machine-glute-workout-equipment-.webp\",\"width\":1500,\"height\":1500,\"caption\":\"Visas m\u0117lyno treniruoklio, skirto s\u0117dmenims treniruoti, su reguliuojamomis pamink\u0161tintomis atramomis, svori\u0173 pak\u0117limo sistema ir tvirtomis rankenomis, vaizdas. Jis idealiai tinka j\u0117gos pratimams ir apatin\u0117s k\u016bno dalies treniruot\u0117ms.\"},{\"@type\":\"BreadcrumbList\",\"@id\":\"https:\/\/gymfactory.eu\/lt\/produktas\/z16xb-sedmenu-masina\/#breadcrumb\",\"itemListElement\":[{\"@type\":\"ListItem\",\"position\":1,\"name\":\"Pagrindinis\",\"item\":\"https:\/\/gymfactory.eu\/lt\/\"},{\"@type\":\"ListItem\",\"position\":2,\"name\":\"Katalogas\",\"item\":\"https:\/\/gymfactory.eu\/lt\/katalogas\/\"},{\"@type\":\"ListItem\",\"position\":3,\"name\":\"Z16XB S\u0117dmen\u0173 treniruoklis\"}]},{\"@type\":\"WebSite\",\"@id\":\"https:\/\/gymfactory.eu\/lt\/#website\",\"url\":\"https:\/\/gymfactory.eu\/lt\/\",\"name\":\"Gym Factory\",\"description\":\"\",\"publisher\":{\"@id\":\"https:\/\/gymfactory.eu\/lt\/#organization\"},\"potentialAction\":[{\"@type\":\"SearchAction\",\"target\":{\"@type\":\"EntryPoint\",\"urlTemplate\":\"https:\/\/gymfactory.eu\/lt\/?s={search_term_string}\"},\"query-input\":{\"@type\":\"PropertyValueSpecification\",\"valueRequired\":true,\"valueName\":\"search_term_string\"}}],\"inLanguage\":\"lt-LT\"},{\"@type\":\"Organization\",\"@id\":\"https:\/\/gymfactory.eu\/lt\/#organization\",\"name\":\"Sporto sal\u0117s gamykla\",\"url\":\"https:\/\/gymfactory.eu\/lt\/\",\"logo\":{\"@type\":\"ImageObject\",\"inLanguage\":\"lt-LT\",\"@id\":\"https:\/\/gymfactory.eu\/lt\/#\/schema\/logo\/image\/\",\"url\":\"https:\/\/gymfactory.eu\/wp-content\/uploads\/2024\/11\/Component-1.svg\",\"contentUrl\":\"https:\/\/gymfactory.eu\/wp-content\/uploads\/2024\/11\/Component-1.svg\",\"width\":54,\"height\":44,\"caption\":\"Sporto sal\u0117s gamykla\"},\"image\":{\"@id\":\"https:\/\/gymfactory.eu\/lt\/#\/schema\/logo\/image\/\"}}]}<\/script>\n<!-- \/ Yoast SEO plugin. -->","yoast_head_json":{"title":"Z16XB Glute Machine | Naminei sporto salei arba profesionaliam darbui","description":"Reikia s\u0117dmen\u0173 treniruo\u010di\u0173 namuose ar sporto sal\u0117je? Z16XB Glute Machine u\u017etikrina tolyg\u0173 pasiprie\u0161inim\u0105 ir tiksling\u0105 judes\u012f apatin\u0117s k\u016bno dalies j\u0117gai stiprinti ir aktyvuoti.","robots":{"index":"index","follow":"follow","max-snippet":"max-snippet:-1","max-image-preview":"max-image-preview:large","max-video-preview":"max-video-preview:-1"},"canonical":"https:\/\/gymfactory.eu\/lt\/produktas\/z16xb-sedmenu-masina\/","og_locale":"lt_LT","og_type":"article","og_title":"Z16XB Glute Machine | Naminei sporto salei arba profesionaliam darbui","og_description":"Reikia s\u0117dmen\u0173 treniruo\u010di\u0173 namuose ar sporto sal\u0117je? Z16XB Glute Machine u\u017etikrina tolyg\u0173 pasiprie\u0161inim\u0105 ir tiksling\u0105 judes\u012f apatin\u0117s k\u016bno dalies j\u0117gai stiprinti ir aktyvuoti.","og_url":"https:\/\/gymfactory.eu\/lt\/produktas\/z16xb-sedmenu-masina\/","og_site_name":"Gym Factory","article_modified_time":"2025-12-02T12:57:21+00:00","og_image":[{"width":1500,"height":1500,"url":"https:\/\/gymfactory.eu\/wp-content\/uploads\/2025\/02\/Z16XB-gym-machine-glute-workout-equipment-.webp","type":"image\/webp"}],"twitter_card":"summary_large_image","twitter_misc":{"Est. reading time":"1 minut\u0117"},"schema":{"@context":"https:\/\/schema.org","@graph":[{"@type":"WebPage","@id":"https:\/\/gymfactory.eu\/lt\/produktas\/z16xb-sedmenu-masina\/","url":"https:\/\/gymfactory.eu\/lt\/produktas\/z16xb-sedmenu-masina\/","name":"Z16XB Glute Machine | Naminei sporto salei arba profesionaliam darbui","isPartOf":{"@id":"https:\/\/gymfactory.eu\/lt\/#website"},"primaryImageOfPage":{"@id":"https:\/\/gymfactory.eu\/lt\/produktas\/z16xb-sedmenu-masina\/#primaryimage"},"image":{"@id":"https:\/\/gymfactory.eu\/lt\/produktas\/z16xb-sedmenu-masina\/#primaryimage"},"thumbnailUrl":"https:\/\/gymfactory.eu\/wp-content\/uploads\/2025\/02\/Z16XB-gym-machine-glute-workout-equipment-.webp","datePublished":"2025-02-28T08:40:29+00:00","dateModified":"2025-12-02T12:57:21+00:00","description":"Reikia s\u0117dmen\u0173 treniruo\u010di\u0173 namuose ar sporto sal\u0117je? Z16XB Glute Machine u\u017etikrina tolyg\u0173 pasiprie\u0161inim\u0105 ir tiksling\u0105 judes\u012f apatin\u0117s k\u016bno dalies j\u0117gai stiprinti ir aktyvuoti.","breadcrumb":{"@id":"https:\/\/gymfactory.eu\/lt\/produktas\/z16xb-sedmenu-masina\/#breadcrumb"},"inLanguage":"lt-LT","potentialAction":[{"@type":"ReadAction","target":["https:\/\/gymfactory.eu\/lt\/produktas\/z16xb-sedmenu-masina\/"]}]},{"@type":"ImageObject","inLanguage":"lt-LT","@id":"https:\/\/gymfactory.eu\/lt\/produktas\/z16xb-sedmenu-masina\/#primaryimage","url":"https:\/\/gymfactory.eu\/wp-content\/uploads\/2025\/02\/Z16XB-gym-machine-glute-workout-equipment-.webp","contentUrl":"https:\/\/gymfactory.eu\/wp-content\/uploads\/2025\/02\/Z16XB-gym-machine-glute-workout-equipment-.webp","width":1500,"height":1500,"caption":"Visas m\u0117lyno treniruoklio, skirto s\u0117dmenims treniruoti, su reguliuojamomis pamink\u0161tintomis atramomis, svori\u0173 pak\u0117limo sistema ir tvirtomis rankenomis, vaizdas. Jis idealiai tinka j\u0117gos pratimams ir apatin\u0117s k\u016bno dalies treniruot\u0117ms."},{"@type":"BreadcrumbList","@id":"https:\/\/gymfactory.eu\/lt\/produktas\/z16xb-sedmenu-masina\/#breadcrumb","itemListElement":[{"@type":"ListItem","position":1,"name":"Pagrindinis","item":"https:\/\/gymfactory.eu\/lt\/"},{"@type":"ListItem","position":2,"name":"Katalogas","item":"https:\/\/gymfactory.eu\/lt\/katalogas\/"},{"@type":"ListItem","position":3,"name":"Z16XB S\u0117dmen\u0173 treniruoklis"}]},{"@type":"WebSite","@id":"https:\/\/gymfactory.eu\/lt\/#website","url":"https:\/\/gymfactory.eu\/lt\/","name":"Gym Factory","description":"","publisher":{"@id":"https:\/\/gymfactory.eu\/lt\/#organization"},"potentialAction":[{"@type":"SearchAction","target":{"@type":"EntryPoint","urlTemplate":"https:\/\/gymfactory.eu\/lt\/?s={search_term_string}"},"query-input":{"@type":"PropertyValueSpecification","valueRequired":true,"valueName":"search_term_string"}}],"inLanguage":"lt-LT"},{"@type":"Organization","@id":"https:\/\/gymfactory.eu\/lt\/#organization","name":"Sporto sal\u0117s gamykla","url":"https:\/\/gymfactory.eu\/lt\/","logo":{"@type":"ImageObject","inLanguage":"lt-LT","@id":"https:\/\/gymfactory.eu\/lt\/#\/schema\/logo\/image\/","url":"https:\/\/gymfactory.eu\/wp-content\/uploads\/2024\/11\/Component-1.svg","contentUrl":"https:\/\/gymfactory.eu\/wp-content\/uploads\/2024\/11\/Component-1.svg","width":54,"height":44,"caption":"Sporto sal\u0117s gamykla"},"image":{"@id":"https:\/\/gymfactory.eu\/lt\/#\/schema\/logo\/image\/"}}]}},"_links":{"self":[{"href":"https:\/\/gymfactory.eu\/lt\/wp-json\/wp\/v2\/product\/9823","targetHints":{"allow":["GET"]}}],"collection":[{"href":"https:\/\/gymfactory.eu\/lt\/wp-json\/wp\/v2\/product"}],"about":[{"href":"https:\/\/gymfactory.eu\/lt\/wp-json\/wp\/v2\/types\/product"}],"wp:featuredmedia":[{"embeddable":true,"href":"https:\/\/gymfactory.eu\/lt\/wp-json\/wp\/v2\/media\/9058"}],"wp:attachment":[{"href":"https:\/\/gymfactory.eu\/lt\/wp-json\/wp\/v2\/media?parent=9823"}],"wp:term":[{"taxonomy":"product_brand","embeddable":true,"href":"https:\/\/gymfactory.eu\/lt\/wp-json\/wp\/v2\/product_brand?post=9823"},{"taxonomy":"product_cat","embeddable":true,"href":"https:\/\/gymfactory.eu\/lt\/wp-json\/wp\/v2\/product_cat?post=9823"},{"taxonomy":"product_tag","embeddable":true,"href":"https:\/\/gymfactory.eu\/lt\/wp-json\/wp\/v2\/product_tag?post=9823"}],"curies":[{"name":"wp","href":"https:\/\/api.w.org\/{rel}","templated":true}]}}