{"id":9820,"date":"2025-02-25T09:40:27","date_gmt":"2025-02-25T07:40:27","guid":{"rendered":"https:\/\/gymfactory.eu\/product\/z16y-klubu-traukos-masina\/"},"modified":"2025-11-21T16:00:48","modified_gmt":"2025-11-21T14:00:48","slug":"z16y-klubu-traukos-masina","status":"publish","type":"product","link":"https:\/\/gymfactory.eu\/lt\/produktas\/z16y-klubu-traukos-masina\/","title":{"rendered":"Z16Y S\u0117dmen\u0173 treniruoklis"},"content":{"rendered":"<p>Z16Y \u2013 tai patikimas ir gerai apgalvotas treniruoklis, skirtas tikslingai s\u0117dmen\u0173 ir u\u017epakalini\u0173 \u0161laun\u0173 raumen\u0173 treniruotei. Tinka tiek nam\u0173 sporto erdv\u0117ms, tiek profesionalioms sal\u0117ms, o ergonomi\u0161ka konstrukcija leid\u017eia atlikti nat\u016bral\u0173 klub\u0173 k\u0117limo judes\u012f su didesniu komfortu ir efektyvumu.<\/p>\n<p>Pagrindinis kr\u016bvis tenka s\u0117dmenims, antrinis \u2013 u\u017epakalinei \u0161laun\u0173 daliai. Apvalus volelis juda tiek vertikaliai, tiek horizontaliai, tod\u0117l geriau seka k\u016bno judes\u012f ir leid\u017eia efektyviau \u012fdarbinti raumenis per vis\u0105 judesio amplitud\u0119.<\/p>\n<p>Atlo\u0161o ir pe\u010di\u0173 atramos auk\u0161tis reguliuojamas, tad treniruoklis lengvai prisitaiko prie skirtingo \u016bgio vartotoj\u0173. Keli startin\u0117s pad\u0117ties fiksavimo ta\u0161kai leid\u017eia patogiai pasiruo\u0161ti pratimui. Viena rankena veikia ir kaip volel\u012f fiksuojantis mechanizmas, ir kaip laikymosi rankena treniruot\u0117s metu. Taip pat \u012frengti pasiprie\u0161inimo gum\u0173 tvirtinimo kai\u0161\u010diai, kurie leid\u017eia prid\u0117ti papildom\u0105 kintam\u0105 apkrov\u0105.<\/p>\n<p>Z16Y \u2013 tai funkcionalus, ergonomi\u0161kas sprendimas, u\u017etikrinantis skland\u0173 judes\u012f ir tiksli\u0105 raumen\u0173 aktyvacij\u0105, kai siekiate sustiprinti s\u0117dmenis bei pagerinti klub\u0173 j\u0117g\u0105.<\/p>\n\n    <div class=\"xs_social_share_widget xs_share_url after_content \t\tmain_content  wslu-style-1 wslu-share-box-shaped wslu-fill-colored wslu-none wslu-share-horizontal wslu-theme-font-no wslu-main_content\">\n\n\t\t\n        <ul>\n\t\t\t        <\/ul>\n    <\/div> \n","protected":false},"excerpt":{"rendered":"<p>Z16Y \u2013 tai patikimas ir gerai apgalvotas treniruoklis, skirtas tikslingai s\u0117dmen\u0173 ir u\u017epakalini\u0173 \u0161laun\u0173 raumen\u0173 treniruotei. Tinka tiek nam\u0173 sporto erdv\u0117ms, tiek profesionalioms sal\u0117ms, o ergonomi\u0161ka konstrukcija leid\u017eia atlikti nat\u016bral\u0173 klub\u0173 k\u0117limo judes\u012f su didesniu komfortu ir efektyvumu. Pagrindinis kr\u016bvis tenka s\u0117dmenims, antrinis \u2013 u\u017epakalinei \u0161laun\u0173 daliai. Apvalus volelis juda tiek vertikaliai, tiek horizontaliai, tod\u0117l [&hellip;]<\/p>\n","protected":false},"featured_media":20281,"template":"","meta":{"_acf_changed":false},"product_brand":[817],"product_cat":[421],"product_tag":[],"class_list":{"0":"post-9820","1":"product","2":"type-product","3":"status-publish","4":"has-post-thumbnail","6":"product_brand-gym-factory-lt","7":"product_cat-laisvu-svoriu-treniruokliai","9":"first","10":"onbackorder","11":"taxable","12":"shipping-taxable","13":"purchasable","14":"product-type-variable","15":"has-default-attributes"},"acf":[],"yoast_head":"<!-- This site is optimized with the Yoast SEO plugin v25.2 - https:\/\/yoast.com\/wordpress\/plugins\/seo\/ -->\n<title>Z16Y klub\u0173 traukos ma\u0161ina | Apatin\u0117s k\u016bno dalies treniruokli\u0173 sal\u0117s s\u0105rankai<\/title>\n<meta name=\"description\" content=\"Stiprinate s\u0117dmen\u0173 ir klub\u0173 j\u0117g\u0105? Z16Y klub\u0173 traukos treniruoklis sukurtas apatin\u0117s k\u016bno dalies treniruokli\u0173 sal\u0117ms ir u\u017etikrina saugius ir veiksmingus j\u0117gos treniruo\u010di\u0173 rezultatus.\" \/>\n<meta name=\"robots\" content=\"index, follow, max-snippet:-1, max-image-preview:large, max-video-preview:-1\" \/>\n<link rel=\"canonical\" href=\"https:\/\/gymfactory.eu\/lt\/produktas\/z16y-klubu-traukos-masina\/\" \/>\n<meta property=\"og:locale\" content=\"lt_LT\" \/>\n<meta property=\"og:type\" content=\"article\" \/>\n<meta property=\"og:title\" content=\"Z16Y klub\u0173 traukos ma\u0161ina | Apatin\u0117s k\u016bno dalies treniruokli\u0173 sal\u0117s s\u0105rankai\" \/>\n<meta property=\"og:description\" content=\"Stiprinate s\u0117dmen\u0173 ir klub\u0173 j\u0117g\u0105? Z16Y klub\u0173 traukos treniruoklis sukurtas apatin\u0117s k\u016bno dalies treniruokli\u0173 sal\u0117ms ir u\u017etikrina saugius ir veiksmingus j\u0117gos treniruo\u010di\u0173 rezultatus.\" \/>\n<meta property=\"og:url\" content=\"https:\/\/gymfactory.eu\/lt\/produktas\/z16y-klubu-traukos-masina\/\" \/>\n<meta property=\"og:site_name\" content=\"Gym Factory\" \/>\n<meta property=\"article:modified_time\" content=\"2025-11-21T14:00:48+00:00\" \/>\n<meta property=\"og:image\" content=\"https:\/\/gymfactory.eu\/wp-content\/uploads\/2025\/02\/z16y-hip-thrust-machine.webp\" \/>\n\t<meta property=\"og:image:width\" content=\"1500\" \/>\n\t<meta property=\"og:image:height\" content=\"1500\" \/>\n\t<meta property=\"og:image:type\" content=\"image\/webp\" \/>\n<meta name=\"twitter:card\" content=\"summary_large_image\" \/>\n<meta name=\"twitter:label1\" content=\"Est. reading time\" \/>\n\t<meta name=\"twitter:data1\" content=\"1 minut\u0117\" \/>\n<script type=\"application\/ld+json\" class=\"yoast-schema-graph\">{\"@context\":\"https:\/\/schema.org\",\"@graph\":[{\"@type\":\"WebPage\",\"@id\":\"https:\/\/gymfactory.eu\/lt\/produktas\/z16y-klubu-traukos-masina\/\",\"url\":\"https:\/\/gymfactory.eu\/lt\/produktas\/z16y-klubu-traukos-masina\/\",\"name\":\"Z16Y klub\u0173 traukos ma\u0161ina | Apatin\u0117s k\u016bno dalies treniruokli\u0173 sal\u0117s s\u0105rankai\",\"isPartOf\":{\"@id\":\"https:\/\/gymfactory.eu\/lt\/#website\"},\"primaryImageOfPage\":{\"@id\":\"https:\/\/gymfactory.eu\/lt\/produktas\/z16y-klubu-traukos-masina\/#primaryimage\"},\"image\":{\"@id\":\"https:\/\/gymfactory.eu\/lt\/produktas\/z16y-klubu-traukos-masina\/#primaryimage\"},\"thumbnailUrl\":\"https:\/\/gymfactory.eu\/wp-content\/uploads\/2025\/02\/z16y-hip-thrust-machine.webp\",\"datePublished\":\"2025-02-25T07:40:27+00:00\",\"dateModified\":\"2025-11-21T14:00:48+00:00\",\"description\":\"Stiprinate s\u0117dmen\u0173 ir klub\u0173 j\u0117g\u0105? Z16Y klub\u0173 traukos treniruoklis sukurtas apatin\u0117s k\u016bno dalies treniruokli\u0173 sal\u0117ms ir u\u017etikrina saugius ir veiksmingus j\u0117gos treniruo\u010di\u0173 rezultatus.\",\"breadcrumb\":{\"@id\":\"https:\/\/gymfactory.eu\/lt\/produktas\/z16y-klubu-traukos-masina\/#breadcrumb\"},\"inLanguage\":\"lt-LT\",\"potentialAction\":[{\"@type\":\"ReadAction\",\"target\":[\"https:\/\/gymfactory.eu\/lt\/produktas\/z16y-klubu-traukos-masina\/\"]}]},{\"@type\":\"ImageObject\",\"inLanguage\":\"lt-LT\",\"@id\":\"https:\/\/gymfactory.eu\/lt\/produktas\/z16y-klubu-traukos-masina\/#primaryimage\",\"url\":\"https:\/\/gymfactory.eu\/wp-content\/uploads\/2025\/02\/z16y-hip-thrust-machine.webp\",\"contentUrl\":\"https:\/\/gymfactory.eu\/wp-content\/uploads\/2025\/02\/z16y-hip-thrust-machine.webp\",\"width\":1500,\"height\":1500,\"caption\":\"Z16Y Hip Thrust Machine for glute and leg workouts\"},{\"@type\":\"BreadcrumbList\",\"@id\":\"https:\/\/gymfactory.eu\/lt\/produktas\/z16y-klubu-traukos-masina\/#breadcrumb\",\"itemListElement\":[{\"@type\":\"ListItem\",\"position\":1,\"name\":\"Pagrindinis\",\"item\":\"https:\/\/gymfactory.eu\/lt\/\"},{\"@type\":\"ListItem\",\"position\":2,\"name\":\"Katalogas\",\"item\":\"https:\/\/gymfactory.eu\/lt\/katalogas\/\"},{\"@type\":\"ListItem\",\"position\":3,\"name\":\"Z16Y S\u0117dmen\u0173 treniruoklis\"}]},{\"@type\":\"WebSite\",\"@id\":\"https:\/\/gymfactory.eu\/lt\/#website\",\"url\":\"https:\/\/gymfactory.eu\/lt\/\",\"name\":\"Gym Factory\",\"description\":\"\",\"publisher\":{\"@id\":\"https:\/\/gymfactory.eu\/lt\/#organization\"},\"potentialAction\":[{\"@type\":\"SearchAction\",\"target\":{\"@type\":\"EntryPoint\",\"urlTemplate\":\"https:\/\/gymfactory.eu\/lt\/?s={search_term_string}\"},\"query-input\":{\"@type\":\"PropertyValueSpecification\",\"valueRequired\":true,\"valueName\":\"search_term_string\"}}],\"inLanguage\":\"lt-LT\"},{\"@type\":\"Organization\",\"@id\":\"https:\/\/gymfactory.eu\/lt\/#organization\",\"name\":\"Sporto sal\u0117s gamykla\",\"url\":\"https:\/\/gymfactory.eu\/lt\/\",\"logo\":{\"@type\":\"ImageObject\",\"inLanguage\":\"lt-LT\",\"@id\":\"https:\/\/gymfactory.eu\/lt\/#\/schema\/logo\/image\/\",\"url\":\"https:\/\/gymfactory.eu\/wp-content\/uploads\/2024\/11\/Component-1.svg\",\"contentUrl\":\"https:\/\/gymfactory.eu\/wp-content\/uploads\/2024\/11\/Component-1.svg\",\"width\":54,\"height\":44,\"caption\":\"Sporto sal\u0117s gamykla\"},\"image\":{\"@id\":\"https:\/\/gymfactory.eu\/lt\/#\/schema\/logo\/image\/\"}}]}<\/script>\n<!-- \/ Yoast SEO plugin. -->","yoast_head_json":{"title":"Z16Y klub\u0173 traukos ma\u0161ina | Apatin\u0117s k\u016bno dalies treniruokli\u0173 sal\u0117s s\u0105rankai","description":"Stiprinate s\u0117dmen\u0173 ir klub\u0173 j\u0117g\u0105? Z16Y klub\u0173 traukos treniruoklis sukurtas apatin\u0117s k\u016bno dalies treniruokli\u0173 sal\u0117ms ir u\u017etikrina saugius ir veiksmingus j\u0117gos treniruo\u010di\u0173 rezultatus.","robots":{"index":"index","follow":"follow","max-snippet":"max-snippet:-1","max-image-preview":"max-image-preview:large","max-video-preview":"max-video-preview:-1"},"canonical":"https:\/\/gymfactory.eu\/lt\/produktas\/z16y-klubu-traukos-masina\/","og_locale":"lt_LT","og_type":"article","og_title":"Z16Y klub\u0173 traukos ma\u0161ina | Apatin\u0117s k\u016bno dalies treniruokli\u0173 sal\u0117s s\u0105rankai","og_description":"Stiprinate s\u0117dmen\u0173 ir klub\u0173 j\u0117g\u0105? Z16Y klub\u0173 traukos treniruoklis sukurtas apatin\u0117s k\u016bno dalies treniruokli\u0173 sal\u0117ms ir u\u017etikrina saugius ir veiksmingus j\u0117gos treniruo\u010di\u0173 rezultatus.","og_url":"https:\/\/gymfactory.eu\/lt\/produktas\/z16y-klubu-traukos-masina\/","og_site_name":"Gym Factory","article_modified_time":"2025-11-21T14:00:48+00:00","og_image":[{"width":1500,"height":1500,"url":"https:\/\/gymfactory.eu\/wp-content\/uploads\/2025\/02\/z16y-hip-thrust-machine.webp","type":"image\/webp"}],"twitter_card":"summary_large_image","twitter_misc":{"Est. reading time":"1 minut\u0117"},"schema":{"@context":"https:\/\/schema.org","@graph":[{"@type":"WebPage","@id":"https:\/\/gymfactory.eu\/lt\/produktas\/z16y-klubu-traukos-masina\/","url":"https:\/\/gymfactory.eu\/lt\/produktas\/z16y-klubu-traukos-masina\/","name":"Z16Y klub\u0173 traukos ma\u0161ina | Apatin\u0117s k\u016bno dalies treniruokli\u0173 sal\u0117s s\u0105rankai","isPartOf":{"@id":"https:\/\/gymfactory.eu\/lt\/#website"},"primaryImageOfPage":{"@id":"https:\/\/gymfactory.eu\/lt\/produktas\/z16y-klubu-traukos-masina\/#primaryimage"},"image":{"@id":"https:\/\/gymfactory.eu\/lt\/produktas\/z16y-klubu-traukos-masina\/#primaryimage"},"thumbnailUrl":"https:\/\/gymfactory.eu\/wp-content\/uploads\/2025\/02\/z16y-hip-thrust-machine.webp","datePublished":"2025-02-25T07:40:27+00:00","dateModified":"2025-11-21T14:00:48+00:00","description":"Stiprinate s\u0117dmen\u0173 ir klub\u0173 j\u0117g\u0105? Z16Y klub\u0173 traukos treniruoklis sukurtas apatin\u0117s k\u016bno dalies treniruokli\u0173 sal\u0117ms ir u\u017etikrina saugius ir veiksmingus j\u0117gos treniruo\u010di\u0173 rezultatus.","breadcrumb":{"@id":"https:\/\/gymfactory.eu\/lt\/produktas\/z16y-klubu-traukos-masina\/#breadcrumb"},"inLanguage":"lt-LT","potentialAction":[{"@type":"ReadAction","target":["https:\/\/gymfactory.eu\/lt\/produktas\/z16y-klubu-traukos-masina\/"]}]},{"@type":"ImageObject","inLanguage":"lt-LT","@id":"https:\/\/gymfactory.eu\/lt\/produktas\/z16y-klubu-traukos-masina\/#primaryimage","url":"https:\/\/gymfactory.eu\/wp-content\/uploads\/2025\/02\/z16y-hip-thrust-machine.webp","contentUrl":"https:\/\/gymfactory.eu\/wp-content\/uploads\/2025\/02\/z16y-hip-thrust-machine.webp","width":1500,"height":1500,"caption":"Z16Y Hip Thrust Machine for glute and leg workouts"},{"@type":"BreadcrumbList","@id":"https:\/\/gymfactory.eu\/lt\/produktas\/z16y-klubu-traukos-masina\/#breadcrumb","itemListElement":[{"@type":"ListItem","position":1,"name":"Pagrindinis","item":"https:\/\/gymfactory.eu\/lt\/"},{"@type":"ListItem","position":2,"name":"Katalogas","item":"https:\/\/gymfactory.eu\/lt\/katalogas\/"},{"@type":"ListItem","position":3,"name":"Z16Y S\u0117dmen\u0173 treniruoklis"}]},{"@type":"WebSite","@id":"https:\/\/gymfactory.eu\/lt\/#website","url":"https:\/\/gymfactory.eu\/lt\/","name":"Gym Factory","description":"","publisher":{"@id":"https:\/\/gymfactory.eu\/lt\/#organization"},"potentialAction":[{"@type":"SearchAction","target":{"@type":"EntryPoint","urlTemplate":"https:\/\/gymfactory.eu\/lt\/?s={search_term_string}"},"query-input":{"@type":"PropertyValueSpecification","valueRequired":true,"valueName":"search_term_string"}}],"inLanguage":"lt-LT"},{"@type":"Organization","@id":"https:\/\/gymfactory.eu\/lt\/#organization","name":"Sporto sal\u0117s gamykla","url":"https:\/\/gymfactory.eu\/lt\/","logo":{"@type":"ImageObject","inLanguage":"lt-LT","@id":"https:\/\/gymfactory.eu\/lt\/#\/schema\/logo\/image\/","url":"https:\/\/gymfactory.eu\/wp-content\/uploads\/2024\/11\/Component-1.svg","contentUrl":"https:\/\/gymfactory.eu\/wp-content\/uploads\/2024\/11\/Component-1.svg","width":54,"height":44,"caption":"Sporto sal\u0117s gamykla"},"image":{"@id":"https:\/\/gymfactory.eu\/lt\/#\/schema\/logo\/image\/"}}]}},"_links":{"self":[{"href":"https:\/\/gymfactory.eu\/lt\/wp-json\/wp\/v2\/product\/9820","targetHints":{"allow":["GET"]}}],"collection":[{"href":"https:\/\/gymfactory.eu\/lt\/wp-json\/wp\/v2\/product"}],"about":[{"href":"https:\/\/gymfactory.eu\/lt\/wp-json\/wp\/v2\/types\/product"}],"wp:featuredmedia":[{"embeddable":true,"href":"https:\/\/gymfactory.eu\/lt\/wp-json\/wp\/v2\/media\/20281"}],"wp:attachment":[{"href":"https:\/\/gymfactory.eu\/lt\/wp-json\/wp\/v2\/media?parent=9820"}],"wp:term":[{"taxonomy":"product_brand","embeddable":true,"href":"https:\/\/gymfactory.eu\/lt\/wp-json\/wp\/v2\/product_brand?post=9820"},{"taxonomy":"product_cat","embeddable":true,"href":"https:\/\/gymfactory.eu\/lt\/wp-json\/wp\/v2\/product_cat?post=9820"},{"taxonomy":"product_tag","embeddable":true,"href":"https:\/\/gymfactory.eu\/lt\/wp-json\/wp\/v2\/product_tag?post=9820"}],"curies":[{"name":"wp","href":"https:\/\/api.w.org\/{rel}","templated":true}]}}