{"id":9819,"date":"2025-02-26T15:13:21","date_gmt":"2025-02-26T13:13:21","guid":{"rendered":"https:\/\/gymfactory.eu\/product\/z22-koju-tvirtinimo-itaisas\/"},"modified":"2025-09-09T14:03:58","modified_gmt":"2025-09-09T11:03:58","slug":"z22-koju-tvirtinimo-itaisas","status":"publish","type":"product","link":"https:\/\/gymfactory.eu\/lt\/produktas\/z22-koju-tvirtinimo-itaisas\/","title":{"rendered":"Z22 Keli\u0173 atramos priedas"},"content":{"rendered":"<p>Z22 keli\u0173 atramos priedas \u2013 prakti\u0161ka sporto \u012franga, skirta kelio stabilumui u\u017etikrinti atliekant vir\u0161utinio trosinio bloko pratimus, pavyzd\u017eiui, trauk\u0105 i\u0161 vir\u0161aus (&#8222;lat pulldown&#8221;). \u0160is priedas stabilizuoja apatines k\u016bno dalis, leid\u017eia geriau kontroliuoti judesius ir i\u0161naudoti didesn\u012f judesio amplitud\u0119.<\/p>\n<p>Suderinamas su keliais m\u016bs\u0173 treniruokliais, \u012fskaitant <a href=\"https:\/\/gymfactory.eu\/lt\/?s=c2&amp;e_search_props=bac9fa6-9326\" target=\"_blank\" rel=\"noopener\">C2 serij\u0105<\/a>, jis padidina komfort\u0105 ir saugum\u0105 treniruot\u0117se su trosin\u0117mis sistemomis.<\/p>\n\n    <div class=\"xs_social_share_widget xs_share_url after_content \t\tmain_content  wslu-style-1 wslu-share-box-shaped wslu-fill-colored wslu-none wslu-share-horizontal wslu-theme-font-no wslu-main_content\">\n\n\t\t\n        <ul>\n\t\t\t        <\/ul>\n    <\/div> \n","protected":false},"excerpt":{"rendered":"<p>Z22 keli\u0173 atramos priedas \u2013 prakti\u0161ka sporto \u012franga, skirta kelio stabilumui u\u017etikrinti atliekant vir\u0161utinio trosinio bloko pratimus, pavyzd\u017eiui, trauk\u0105 i\u0161 vir\u0161aus (&#8222;lat pulldown&#8221;). \u0160is priedas stabilizuoja apatines k\u016bno dalis, leid\u017eia geriau kontroliuoti judesius ir i\u0161naudoti didesn\u012f judesio amplitud\u0119. Suderinamas su keliais m\u016bs\u0173 treniruokliais, \u012fskaitant C2 serij\u0105, jis padidina komfort\u0105 ir saugum\u0105 treniruot\u0117se su trosin\u0117mis sistemomis.<\/p>\n","protected":false},"featured_media":9143,"template":"","meta":{"_acf_changed":false},"product_brand":[817],"product_cat":[418],"product_tag":[],"class_list":{"0":"post-9819","1":"product","2":"type-product","3":"status-publish","4":"has-post-thumbnail","6":"product_brand-gym-factory-lt","7":"product_cat-treniruokliu-priedai","9":"first","10":"onbackorder","11":"taxable","12":"shipping-taxable","13":"purchasable","14":"product-type-simple"},"acf":[],"yoast_head":"<!-- This site is optimized with the Yoast SEO plugin v25.2 - https:\/\/yoast.com\/wordpress\/plugins\/seo\/ -->\n<title>Z22 koj\u0173 tvirtinimo \u012ftaisas - saugi sporto sal\u0117s \u012franga<\/title>\n<meta name=\"description\" content=\"&quot;Z22 Leg Hold-Down&quot; tvirtinimo \u012ftaisas padidina stabilum\u0105 ir kontrol\u0119 treniruo\u010di\u0173 metu. \u0160i patvari sporto \u012franga u\u017etikrina atram\u0105 atliekant j\u0117gos pratimus.\" \/>\n<meta name=\"robots\" content=\"index, follow, max-snippet:-1, max-image-preview:large, max-video-preview:-1\" \/>\n<link rel=\"canonical\" href=\"https:\/\/gymfactory.eu\/lt\/produktas\/z22-koju-tvirtinimo-itaisas\/\" \/>\n<meta property=\"og:locale\" content=\"lt_LT\" \/>\n<meta property=\"og:type\" content=\"article\" \/>\n<meta property=\"og:title\" content=\"Z22 koj\u0173 tvirtinimo \u012ftaisas - saugi sporto sal\u0117s \u012franga\" \/>\n<meta property=\"og:description\" content=\"&quot;Z22 Leg Hold-Down&quot; tvirtinimo \u012ftaisas padidina stabilum\u0105 ir kontrol\u0119 treniruo\u010di\u0173 metu. \u0160i patvari sporto \u012franga u\u017etikrina atram\u0105 atliekant j\u0117gos pratimus.\" \/>\n<meta property=\"og:url\" content=\"https:\/\/gymfactory.eu\/lt\/produktas\/z22-koju-tvirtinimo-itaisas\/\" \/>\n<meta property=\"og:site_name\" content=\"Gym Factory\" \/>\n<meta property=\"article:modified_time\" content=\"2025-09-09T11:03:58+00:00\" \/>\n<meta property=\"og:image\" content=\"https:\/\/gymfactory.eu\/wp-content\/uploads\/2025\/02\/gym-equipment-leg-hold-down-attachment-1-1.webp\" \/>\n\t<meta property=\"og:image:width\" content=\"1500\" \/>\n\t<meta property=\"og:image:height\" content=\"1500\" \/>\n\t<meta property=\"og:image:type\" content=\"image\/webp\" \/>\n<meta name=\"twitter:card\" content=\"summary_large_image\" \/>\n<meta name=\"twitter:label1\" content=\"Est. reading time\" \/>\n\t<meta name=\"twitter:data1\" content=\"1 minut\u0117\" \/>\n<script type=\"application\/ld+json\" class=\"yoast-schema-graph\">{\"@context\":\"https:\/\/schema.org\",\"@graph\":[{\"@type\":\"WebPage\",\"@id\":\"https:\/\/gymfactory.eu\/lt\/produktas\/z22-koju-tvirtinimo-itaisas\/\",\"url\":\"https:\/\/gymfactory.eu\/lt\/produktas\/z22-koju-tvirtinimo-itaisas\/\",\"name\":\"Z22 koj\u0173 tvirtinimo \u012ftaisas - saugi sporto sal\u0117s \u012franga\",\"isPartOf\":{\"@id\":\"https:\/\/gymfactory.eu\/lt\/#website\"},\"primaryImageOfPage\":{\"@id\":\"https:\/\/gymfactory.eu\/lt\/produktas\/z22-koju-tvirtinimo-itaisas\/#primaryimage\"},\"image\":{\"@id\":\"https:\/\/gymfactory.eu\/lt\/produktas\/z22-koju-tvirtinimo-itaisas\/#primaryimage\"},\"thumbnailUrl\":\"https:\/\/gymfactory.eu\/wp-content\/uploads\/2025\/02\/gym-equipment-leg-hold-down-attachment-1-1.webp\",\"datePublished\":\"2025-02-26T13:13:21+00:00\",\"dateModified\":\"2025-09-09T11:03:58+00:00\",\"description\":\"\\\"Z22 Leg Hold-Down\\\" tvirtinimo \u012ftaisas padidina stabilum\u0105 ir kontrol\u0119 treniruo\u010di\u0173 metu. \u0160i patvari sporto \u012franga u\u017etikrina atram\u0105 atliekant j\u0117gos pratimus.\",\"breadcrumb\":{\"@id\":\"https:\/\/gymfactory.eu\/lt\/produktas\/z22-koju-tvirtinimo-itaisas\/#breadcrumb\"},\"inLanguage\":\"lt-LT\",\"potentialAction\":[{\"@type\":\"ReadAction\",\"target\":[\"https:\/\/gymfactory.eu\/lt\/produktas\/z22-koju-tvirtinimo-itaisas\/\"]}]},{\"@type\":\"ImageObject\",\"inLanguage\":\"lt-LT\",\"@id\":\"https:\/\/gymfactory.eu\/lt\/produktas\/z22-koju-tvirtinimo-itaisas\/#primaryimage\",\"url\":\"https:\/\/gymfactory.eu\/wp-content\/uploads\/2025\/02\/gym-equipment-leg-hold-down-attachment-1-1.webp\",\"contentUrl\":\"https:\/\/gymfactory.eu\/wp-content\/uploads\/2025\/02\/gym-equipment-leg-hold-down-attachment-1-1.webp\",\"width\":1500,\"height\":1500,\"caption\":\"Juodas sporto \u012frangos koj\u0173 tvirtinimo \u012ftaisas su pamink\u0161tintais cilindriniais ritin\u0117liais. Reguliuojamos apkabos konstrukcija leid\u017eia saugiai pritvirtinti prie j\u0117gos stovo ar treniruo\u010di\u0173 suolo ir u\u017etikrina stabilum\u0105 atliekant koj\u0173 pratimus, pvz., atsispaudimus ir prisitraukimus.\"},{\"@type\":\"BreadcrumbList\",\"@id\":\"https:\/\/gymfactory.eu\/lt\/produktas\/z22-koju-tvirtinimo-itaisas\/#breadcrumb\",\"itemListElement\":[{\"@type\":\"ListItem\",\"position\":1,\"name\":\"Pagrindinis\",\"item\":\"https:\/\/gymfactory.eu\/lt\/\"},{\"@type\":\"ListItem\",\"position\":2,\"name\":\"Katalogas\",\"item\":\"https:\/\/gymfactory.eu\/lt\/katalogas\/\"},{\"@type\":\"ListItem\",\"position\":3,\"name\":\"Z22 Keli\u0173 atramos priedas\"}]},{\"@type\":\"WebSite\",\"@id\":\"https:\/\/gymfactory.eu\/lt\/#website\",\"url\":\"https:\/\/gymfactory.eu\/lt\/\",\"name\":\"Gym Factory\",\"description\":\"\",\"publisher\":{\"@id\":\"https:\/\/gymfactory.eu\/lt\/#organization\"},\"potentialAction\":[{\"@type\":\"SearchAction\",\"target\":{\"@type\":\"EntryPoint\",\"urlTemplate\":\"https:\/\/gymfactory.eu\/lt\/?s={search_term_string}\"},\"query-input\":{\"@type\":\"PropertyValueSpecification\",\"valueRequired\":true,\"valueName\":\"search_term_string\"}}],\"inLanguage\":\"lt-LT\"},{\"@type\":\"Organization\",\"@id\":\"https:\/\/gymfactory.eu\/lt\/#organization\",\"name\":\"Sporto sal\u0117s gamykla\",\"url\":\"https:\/\/gymfactory.eu\/lt\/\",\"logo\":{\"@type\":\"ImageObject\",\"inLanguage\":\"lt-LT\",\"@id\":\"https:\/\/gymfactory.eu\/lt\/#\/schema\/logo\/image\/\",\"url\":\"https:\/\/gymfactory.eu\/wp-content\/uploads\/2024\/11\/Component-1.svg\",\"contentUrl\":\"https:\/\/gymfactory.eu\/wp-content\/uploads\/2024\/11\/Component-1.svg\",\"width\":54,\"height\":44,\"caption\":\"Sporto sal\u0117s gamykla\"},\"image\":{\"@id\":\"https:\/\/gymfactory.eu\/lt\/#\/schema\/logo\/image\/\"}}]}<\/script>\n<!-- \/ Yoast SEO plugin. -->","yoast_head_json":{"title":"Z22 koj\u0173 tvirtinimo \u012ftaisas - saugi sporto sal\u0117s \u012franga","description":"\"Z22 Leg Hold-Down\" tvirtinimo \u012ftaisas padidina stabilum\u0105 ir kontrol\u0119 treniruo\u010di\u0173 metu. \u0160i patvari sporto \u012franga u\u017etikrina atram\u0105 atliekant j\u0117gos pratimus.","robots":{"index":"index","follow":"follow","max-snippet":"max-snippet:-1","max-image-preview":"max-image-preview:large","max-video-preview":"max-video-preview:-1"},"canonical":"https:\/\/gymfactory.eu\/lt\/produktas\/z22-koju-tvirtinimo-itaisas\/","og_locale":"lt_LT","og_type":"article","og_title":"Z22 koj\u0173 tvirtinimo \u012ftaisas - saugi sporto sal\u0117s \u012franga","og_description":"\"Z22 Leg Hold-Down\" tvirtinimo \u012ftaisas padidina stabilum\u0105 ir kontrol\u0119 treniruo\u010di\u0173 metu. \u0160i patvari sporto \u012franga u\u017etikrina atram\u0105 atliekant j\u0117gos pratimus.","og_url":"https:\/\/gymfactory.eu\/lt\/produktas\/z22-koju-tvirtinimo-itaisas\/","og_site_name":"Gym Factory","article_modified_time":"2025-09-09T11:03:58+00:00","og_image":[{"width":1500,"height":1500,"url":"https:\/\/gymfactory.eu\/wp-content\/uploads\/2025\/02\/gym-equipment-leg-hold-down-attachment-1-1.webp","type":"image\/webp"}],"twitter_card":"summary_large_image","twitter_misc":{"Est. reading time":"1 minut\u0117"},"schema":{"@context":"https:\/\/schema.org","@graph":[{"@type":"WebPage","@id":"https:\/\/gymfactory.eu\/lt\/produktas\/z22-koju-tvirtinimo-itaisas\/","url":"https:\/\/gymfactory.eu\/lt\/produktas\/z22-koju-tvirtinimo-itaisas\/","name":"Z22 koj\u0173 tvirtinimo \u012ftaisas - saugi sporto sal\u0117s \u012franga","isPartOf":{"@id":"https:\/\/gymfactory.eu\/lt\/#website"},"primaryImageOfPage":{"@id":"https:\/\/gymfactory.eu\/lt\/produktas\/z22-koju-tvirtinimo-itaisas\/#primaryimage"},"image":{"@id":"https:\/\/gymfactory.eu\/lt\/produktas\/z22-koju-tvirtinimo-itaisas\/#primaryimage"},"thumbnailUrl":"https:\/\/gymfactory.eu\/wp-content\/uploads\/2025\/02\/gym-equipment-leg-hold-down-attachment-1-1.webp","datePublished":"2025-02-26T13:13:21+00:00","dateModified":"2025-09-09T11:03:58+00:00","description":"\"Z22 Leg Hold-Down\" tvirtinimo \u012ftaisas padidina stabilum\u0105 ir kontrol\u0119 treniruo\u010di\u0173 metu. \u0160i patvari sporto \u012franga u\u017etikrina atram\u0105 atliekant j\u0117gos pratimus.","breadcrumb":{"@id":"https:\/\/gymfactory.eu\/lt\/produktas\/z22-koju-tvirtinimo-itaisas\/#breadcrumb"},"inLanguage":"lt-LT","potentialAction":[{"@type":"ReadAction","target":["https:\/\/gymfactory.eu\/lt\/produktas\/z22-koju-tvirtinimo-itaisas\/"]}]},{"@type":"ImageObject","inLanguage":"lt-LT","@id":"https:\/\/gymfactory.eu\/lt\/produktas\/z22-koju-tvirtinimo-itaisas\/#primaryimage","url":"https:\/\/gymfactory.eu\/wp-content\/uploads\/2025\/02\/gym-equipment-leg-hold-down-attachment-1-1.webp","contentUrl":"https:\/\/gymfactory.eu\/wp-content\/uploads\/2025\/02\/gym-equipment-leg-hold-down-attachment-1-1.webp","width":1500,"height":1500,"caption":"Juodas sporto \u012frangos koj\u0173 tvirtinimo \u012ftaisas su pamink\u0161tintais cilindriniais ritin\u0117liais. Reguliuojamos apkabos konstrukcija leid\u017eia saugiai pritvirtinti prie j\u0117gos stovo ar treniruo\u010di\u0173 suolo ir u\u017etikrina stabilum\u0105 atliekant koj\u0173 pratimus, pvz., atsispaudimus ir prisitraukimus."},{"@type":"BreadcrumbList","@id":"https:\/\/gymfactory.eu\/lt\/produktas\/z22-koju-tvirtinimo-itaisas\/#breadcrumb","itemListElement":[{"@type":"ListItem","position":1,"name":"Pagrindinis","item":"https:\/\/gymfactory.eu\/lt\/"},{"@type":"ListItem","position":2,"name":"Katalogas","item":"https:\/\/gymfactory.eu\/lt\/katalogas\/"},{"@type":"ListItem","position":3,"name":"Z22 Keli\u0173 atramos priedas"}]},{"@type":"WebSite","@id":"https:\/\/gymfactory.eu\/lt\/#website","url":"https:\/\/gymfactory.eu\/lt\/","name":"Gym Factory","description":"","publisher":{"@id":"https:\/\/gymfactory.eu\/lt\/#organization"},"potentialAction":[{"@type":"SearchAction","target":{"@type":"EntryPoint","urlTemplate":"https:\/\/gymfactory.eu\/lt\/?s={search_term_string}"},"query-input":{"@type":"PropertyValueSpecification","valueRequired":true,"valueName":"search_term_string"}}],"inLanguage":"lt-LT"},{"@type":"Organization","@id":"https:\/\/gymfactory.eu\/lt\/#organization","name":"Sporto sal\u0117s gamykla","url":"https:\/\/gymfactory.eu\/lt\/","logo":{"@type":"ImageObject","inLanguage":"lt-LT","@id":"https:\/\/gymfactory.eu\/lt\/#\/schema\/logo\/image\/","url":"https:\/\/gymfactory.eu\/wp-content\/uploads\/2024\/11\/Component-1.svg","contentUrl":"https:\/\/gymfactory.eu\/wp-content\/uploads\/2024\/11\/Component-1.svg","width":54,"height":44,"caption":"Sporto sal\u0117s gamykla"},"image":{"@id":"https:\/\/gymfactory.eu\/lt\/#\/schema\/logo\/image\/"}}]}},"_links":{"self":[{"href":"https:\/\/gymfactory.eu\/lt\/wp-json\/wp\/v2\/product\/9819","targetHints":{"allow":["GET"]}}],"collection":[{"href":"https:\/\/gymfactory.eu\/lt\/wp-json\/wp\/v2\/product"}],"about":[{"href":"https:\/\/gymfactory.eu\/lt\/wp-json\/wp\/v2\/types\/product"}],"wp:featuredmedia":[{"embeddable":true,"href":"https:\/\/gymfactory.eu\/lt\/wp-json\/wp\/v2\/media\/9143"}],"wp:attachment":[{"href":"https:\/\/gymfactory.eu\/lt\/wp-json\/wp\/v2\/media?parent=9819"}],"wp:term":[{"taxonomy":"product_brand","embeddable":true,"href":"https:\/\/gymfactory.eu\/lt\/wp-json\/wp\/v2\/product_brand?post=9819"},{"taxonomy":"product_cat","embeddable":true,"href":"https:\/\/gymfactory.eu\/lt\/wp-json\/wp\/v2\/product_cat?post=9819"},{"taxonomy":"product_tag","embeddable":true,"href":"https:\/\/gymfactory.eu\/lt\/wp-json\/wp\/v2\/product_tag?post=9819"}],"curies":[{"name":"wp","href":"https:\/\/api.w.org\/{rel}","templated":true}]}}