{"id":9813,"date":"2025-02-20T13:46:42","date_gmt":"2025-02-20T11:46:42","guid":{"rendered":"https:\/\/gymfactory.eu\/product\/z17ss-stangos-laikiklis\/"},"modified":"2025-12-08T14:36:51","modified_gmt":"2025-12-08T12:36:51","slug":"z17ss-stangos-laikiklis","status":"publish","type":"product","link":"https:\/\/gymfactory.eu\/lt\/produktas\/z17ss-stangos-laikiklis\/","title":{"rendered":"Z17SS \u0160tangos laikiklis"},"content":{"rendered":"<p>Z17SS \u0161tangos laikiklis \u2013 auk\u0161tos kokyb\u0117s plienin\u0117 konstrukcija, u\u017etikrinanti stabil\u0173 ir tvirt\u0105 \u0161tangos laikym\u0105. Sukurtas sporto \u012frangos zonos tvarkai palaikyti ir patogiam prieinamumui.<\/p>\n<p>Suderinamas su m\u016bs\u0173 parduotuv\u0117je parduodamais j\u0117gos r\u0117mais ir daugiafunkcin\u0117mis treniruo\u010di\u0173 sistemomis. Laikiklis atlaiko dideles apkrovas, tod\u0117l tinkamas tiek nam\u0173, tiek profesionalioms sporto sal\u0117ms.<\/p>\n\n    <div class=\"xs_social_share_widget xs_share_url after_content \t\tmain_content  wslu-style-1 wslu-share-box-shaped wslu-fill-colored wslu-none wslu-share-horizontal wslu-theme-font-no wslu-main_content\">\n\n\t\t\n        <ul>\n\t\t\t        <\/ul>\n    <\/div> \n","protected":false},"excerpt":{"rendered":"<p>Z17SS \u0161tangos laikiklis \u2013 auk\u0161tos kokyb\u0117s plienin\u0117 konstrukcija, u\u017etikrinanti stabil\u0173 ir tvirt\u0105 \u0161tangos laikym\u0105. Sukurtas sporto \u012frangos zonos tvarkai palaikyti ir patogiam prieinamumui. Suderinamas su m\u016bs\u0173 parduotuv\u0117je parduodamais j\u0117gos r\u0117mais ir daugiafunkcin\u0117mis treniruo\u010di\u0173 sistemomis. Laikiklis atlaiko dideles apkrovas, tod\u0117l tinkamas tiek nam\u0173, tiek profesionalioms sporto sal\u0117ms.<\/p>\n","protected":false},"featured_media":13730,"template":"","meta":{"_acf_changed":false},"product_brand":[817],"product_cat":[418],"product_tag":[415],"class_list":{"0":"post-9813","1":"product","2":"type-product","3":"status-publish","4":"has-post-thumbnail","6":"product_brand-gym-factory-lt","7":"product_cat-treniruokliu-priedai","8":"product_tag-spalva-tik-metaline","10":"first","11":"onbackorder","12":"taxable","13":"shipping-taxable","14":"purchasable","15":"product-type-variable"},"acf":[],"yoast_head":"<!-- This site is optimized with the Yoast SEO plugin v25.2 - https:\/\/yoast.com\/wordpress\/plugins\/seo\/ -->\n<title>Z17SS \u0161tangos laikiklis - auk\u0161tos kokyb\u0117s plienin\u0117 konstrukcija sporto sal\u0117s \u012frengimui<\/title>\n<meta name=\"description\" content=\"Z17SS \u0161tang\u0173 laikiklis, pagamintas i\u0161 auk\u0161tos kokyb\u0117s plieno konstrukcijos, u\u017etikrina tvirt\u0105 ir organizuot\u0105 treniruokli\u0173 sal\u0117s s\u0105rang\u0105 ir saug\u0173 \u0161tang\u0173 laikym\u0105.\" \/>\n<meta name=\"robots\" content=\"index, follow, max-snippet:-1, max-image-preview:large, max-video-preview:-1\" \/>\n<link rel=\"canonical\" href=\"https:\/\/gymfactory.eu\/lt\/produktas\/z17ss-stangos-laikiklis\/\" \/>\n<meta property=\"og:locale\" content=\"lt_LT\" \/>\n<meta property=\"og:type\" content=\"article\" \/>\n<meta property=\"og:title\" content=\"Z17SS \u0161tangos laikiklis - auk\u0161tos kokyb\u0117s plienin\u0117 konstrukcija sporto sal\u0117s \u012frengimui\" \/>\n<meta property=\"og:description\" content=\"Z17SS \u0161tang\u0173 laikiklis, pagamintas i\u0161 auk\u0161tos kokyb\u0117s plieno konstrukcijos, u\u017etikrina tvirt\u0105 ir organizuot\u0105 treniruokli\u0173 sal\u0117s s\u0105rang\u0105 ir saug\u0173 \u0161tang\u0173 laikym\u0105.\" \/>\n<meta property=\"og:url\" content=\"https:\/\/gymfactory.eu\/lt\/produktas\/z17ss-stangos-laikiklis\/\" \/>\n<meta property=\"og:site_name\" content=\"Gym Factory\" \/>\n<meta property=\"article:modified_time\" content=\"2025-12-08T12:36:51+00:00\" \/>\n<meta property=\"og:image\" content=\"https:\/\/gymfactory.eu\/wp-content\/uploads\/2025\/02\/high-quality-steel-structure-barbell-support-bracket-1.webp\" \/>\n\t<meta property=\"og:image:width\" content=\"600\" \/>\n\t<meta property=\"og:image:height\" content=\"600\" \/>\n\t<meta property=\"og:image:type\" content=\"image\/webp\" \/>\n<meta name=\"twitter:card\" content=\"summary_large_image\" \/>\n<meta name=\"twitter:label1\" content=\"Est. reading time\" \/>\n\t<meta name=\"twitter:data1\" content=\"1 minut\u0117\" \/>\n<script type=\"application\/ld+json\" class=\"yoast-schema-graph\">{\"@context\":\"https:\/\/schema.org\",\"@graph\":[{\"@type\":\"WebPage\",\"@id\":\"https:\/\/gymfactory.eu\/lt\/produktas\/z17ss-stangos-laikiklis\/\",\"url\":\"https:\/\/gymfactory.eu\/lt\/produktas\/z17ss-stangos-laikiklis\/\",\"name\":\"Z17SS \u0161tangos laikiklis - auk\u0161tos kokyb\u0117s plienin\u0117 konstrukcija sporto sal\u0117s \u012frengimui\",\"isPartOf\":{\"@id\":\"https:\/\/gymfactory.eu\/lt\/#website\"},\"primaryImageOfPage\":{\"@id\":\"https:\/\/gymfactory.eu\/lt\/produktas\/z17ss-stangos-laikiklis\/#primaryimage\"},\"image\":{\"@id\":\"https:\/\/gymfactory.eu\/lt\/produktas\/z17ss-stangos-laikiklis\/#primaryimage\"},\"thumbnailUrl\":\"https:\/\/gymfactory.eu\/wp-content\/uploads\/2025\/02\/high-quality-steel-structure-barbell-support-bracket-1.webp\",\"datePublished\":\"2025-02-20T11:46:42+00:00\",\"dateModified\":\"2025-12-08T12:36:51+00:00\",\"description\":\"Z17SS \u0161tang\u0173 laikiklis, pagamintas i\u0161 auk\u0161tos kokyb\u0117s plieno konstrukcijos, u\u017etikrina tvirt\u0105 ir organizuot\u0105 treniruokli\u0173 sal\u0117s s\u0105rang\u0105 ir saug\u0173 \u0161tang\u0173 laikym\u0105.\",\"breadcrumb\":{\"@id\":\"https:\/\/gymfactory.eu\/lt\/produktas\/z17ss-stangos-laikiklis\/#breadcrumb\"},\"inLanguage\":\"lt-LT\",\"potentialAction\":[{\"@type\":\"ReadAction\",\"target\":[\"https:\/\/gymfactory.eu\/lt\/produktas\/z17ss-stangos-laikiklis\/\"]}]},{\"@type\":\"ImageObject\",\"inLanguage\":\"lt-LT\",\"@id\":\"https:\/\/gymfactory.eu\/lt\/produktas\/z17ss-stangos-laikiklis\/#primaryimage\",\"url\":\"https:\/\/gymfactory.eu\/wp-content\/uploads\/2025\/02\/high-quality-steel-structure-barbell-support-bracket-1.webp\",\"contentUrl\":\"https:\/\/gymfactory.eu\/wp-content\/uploads\/2025\/02\/high-quality-steel-structure-barbell-support-bracket-1.webp\",\"width\":600,\"height\":600,\"caption\":\"A black barbell support bracket designed for power racks featuring a strong, high-quality steel structure with a durable pin attachment. This essential gym equipment ensures stability and safety for weightlifting and strength training.\"},{\"@type\":\"BreadcrumbList\",\"@id\":\"https:\/\/gymfactory.eu\/lt\/produktas\/z17ss-stangos-laikiklis\/#breadcrumb\",\"itemListElement\":[{\"@type\":\"ListItem\",\"position\":1,\"name\":\"Pagrindinis\",\"item\":\"https:\/\/gymfactory.eu\/lt\/\"},{\"@type\":\"ListItem\",\"position\":2,\"name\":\"Katalogas\",\"item\":\"https:\/\/gymfactory.eu\/lt\/katalogas\/\"},{\"@type\":\"ListItem\",\"position\":3,\"name\":\"Z17SS \u0160tangos laikiklis\"}]},{\"@type\":\"WebSite\",\"@id\":\"https:\/\/gymfactory.eu\/lt\/#website\",\"url\":\"https:\/\/gymfactory.eu\/lt\/\",\"name\":\"Gym Factory\",\"description\":\"\",\"publisher\":{\"@id\":\"https:\/\/gymfactory.eu\/lt\/#organization\"},\"potentialAction\":[{\"@type\":\"SearchAction\",\"target\":{\"@type\":\"EntryPoint\",\"urlTemplate\":\"https:\/\/gymfactory.eu\/lt\/?s={search_term_string}\"},\"query-input\":{\"@type\":\"PropertyValueSpecification\",\"valueRequired\":true,\"valueName\":\"search_term_string\"}}],\"inLanguage\":\"lt-LT\"},{\"@type\":\"Organization\",\"@id\":\"https:\/\/gymfactory.eu\/lt\/#organization\",\"name\":\"Sporto sal\u0117s gamykla\",\"url\":\"https:\/\/gymfactory.eu\/lt\/\",\"logo\":{\"@type\":\"ImageObject\",\"inLanguage\":\"lt-LT\",\"@id\":\"https:\/\/gymfactory.eu\/lt\/#\/schema\/logo\/image\/\",\"url\":\"https:\/\/gymfactory.eu\/wp-content\/uploads\/2024\/11\/Component-1.svg\",\"contentUrl\":\"https:\/\/gymfactory.eu\/wp-content\/uploads\/2024\/11\/Component-1.svg\",\"width\":54,\"height\":44,\"caption\":\"Sporto sal\u0117s gamykla\"},\"image\":{\"@id\":\"https:\/\/gymfactory.eu\/lt\/#\/schema\/logo\/image\/\"}}]}<\/script>\n<!-- \/ Yoast SEO plugin. -->","yoast_head_json":{"title":"Z17SS \u0161tangos laikiklis - auk\u0161tos kokyb\u0117s plienin\u0117 konstrukcija sporto sal\u0117s \u012frengimui","description":"Z17SS \u0161tang\u0173 laikiklis, pagamintas i\u0161 auk\u0161tos kokyb\u0117s plieno konstrukcijos, u\u017etikrina tvirt\u0105 ir organizuot\u0105 treniruokli\u0173 sal\u0117s s\u0105rang\u0105 ir saug\u0173 \u0161tang\u0173 laikym\u0105.","robots":{"index":"index","follow":"follow","max-snippet":"max-snippet:-1","max-image-preview":"max-image-preview:large","max-video-preview":"max-video-preview:-1"},"canonical":"https:\/\/gymfactory.eu\/lt\/produktas\/z17ss-stangos-laikiklis\/","og_locale":"lt_LT","og_type":"article","og_title":"Z17SS \u0161tangos laikiklis - auk\u0161tos kokyb\u0117s plienin\u0117 konstrukcija sporto sal\u0117s \u012frengimui","og_description":"Z17SS \u0161tang\u0173 laikiklis, pagamintas i\u0161 auk\u0161tos kokyb\u0117s plieno konstrukcijos, u\u017etikrina tvirt\u0105 ir organizuot\u0105 treniruokli\u0173 sal\u0117s s\u0105rang\u0105 ir saug\u0173 \u0161tang\u0173 laikym\u0105.","og_url":"https:\/\/gymfactory.eu\/lt\/produktas\/z17ss-stangos-laikiklis\/","og_site_name":"Gym Factory","article_modified_time":"2025-12-08T12:36:51+00:00","og_image":[{"width":600,"height":600,"url":"https:\/\/gymfactory.eu\/wp-content\/uploads\/2025\/02\/high-quality-steel-structure-barbell-support-bracket-1.webp","type":"image\/webp"}],"twitter_card":"summary_large_image","twitter_misc":{"Est. reading time":"1 minut\u0117"},"schema":{"@context":"https:\/\/schema.org","@graph":[{"@type":"WebPage","@id":"https:\/\/gymfactory.eu\/lt\/produktas\/z17ss-stangos-laikiklis\/","url":"https:\/\/gymfactory.eu\/lt\/produktas\/z17ss-stangos-laikiklis\/","name":"Z17SS \u0161tangos laikiklis - auk\u0161tos kokyb\u0117s plienin\u0117 konstrukcija sporto sal\u0117s \u012frengimui","isPartOf":{"@id":"https:\/\/gymfactory.eu\/lt\/#website"},"primaryImageOfPage":{"@id":"https:\/\/gymfactory.eu\/lt\/produktas\/z17ss-stangos-laikiklis\/#primaryimage"},"image":{"@id":"https:\/\/gymfactory.eu\/lt\/produktas\/z17ss-stangos-laikiklis\/#primaryimage"},"thumbnailUrl":"https:\/\/gymfactory.eu\/wp-content\/uploads\/2025\/02\/high-quality-steel-structure-barbell-support-bracket-1.webp","datePublished":"2025-02-20T11:46:42+00:00","dateModified":"2025-12-08T12:36:51+00:00","description":"Z17SS \u0161tang\u0173 laikiklis, pagamintas i\u0161 auk\u0161tos kokyb\u0117s plieno konstrukcijos, u\u017etikrina tvirt\u0105 ir organizuot\u0105 treniruokli\u0173 sal\u0117s s\u0105rang\u0105 ir saug\u0173 \u0161tang\u0173 laikym\u0105.","breadcrumb":{"@id":"https:\/\/gymfactory.eu\/lt\/produktas\/z17ss-stangos-laikiklis\/#breadcrumb"},"inLanguage":"lt-LT","potentialAction":[{"@type":"ReadAction","target":["https:\/\/gymfactory.eu\/lt\/produktas\/z17ss-stangos-laikiklis\/"]}]},{"@type":"ImageObject","inLanguage":"lt-LT","@id":"https:\/\/gymfactory.eu\/lt\/produktas\/z17ss-stangos-laikiklis\/#primaryimage","url":"https:\/\/gymfactory.eu\/wp-content\/uploads\/2025\/02\/high-quality-steel-structure-barbell-support-bracket-1.webp","contentUrl":"https:\/\/gymfactory.eu\/wp-content\/uploads\/2025\/02\/high-quality-steel-structure-barbell-support-bracket-1.webp","width":600,"height":600,"caption":"A black barbell support bracket designed for power racks featuring a strong, high-quality steel structure with a durable pin attachment. This essential gym equipment ensures stability and safety for weightlifting and strength training."},{"@type":"BreadcrumbList","@id":"https:\/\/gymfactory.eu\/lt\/produktas\/z17ss-stangos-laikiklis\/#breadcrumb","itemListElement":[{"@type":"ListItem","position":1,"name":"Pagrindinis","item":"https:\/\/gymfactory.eu\/lt\/"},{"@type":"ListItem","position":2,"name":"Katalogas","item":"https:\/\/gymfactory.eu\/lt\/katalogas\/"},{"@type":"ListItem","position":3,"name":"Z17SS \u0160tangos laikiklis"}]},{"@type":"WebSite","@id":"https:\/\/gymfactory.eu\/lt\/#website","url":"https:\/\/gymfactory.eu\/lt\/","name":"Gym Factory","description":"","publisher":{"@id":"https:\/\/gymfactory.eu\/lt\/#organization"},"potentialAction":[{"@type":"SearchAction","target":{"@type":"EntryPoint","urlTemplate":"https:\/\/gymfactory.eu\/lt\/?s={search_term_string}"},"query-input":{"@type":"PropertyValueSpecification","valueRequired":true,"valueName":"search_term_string"}}],"inLanguage":"lt-LT"},{"@type":"Organization","@id":"https:\/\/gymfactory.eu\/lt\/#organization","name":"Sporto sal\u0117s gamykla","url":"https:\/\/gymfactory.eu\/lt\/","logo":{"@type":"ImageObject","inLanguage":"lt-LT","@id":"https:\/\/gymfactory.eu\/lt\/#\/schema\/logo\/image\/","url":"https:\/\/gymfactory.eu\/wp-content\/uploads\/2024\/11\/Component-1.svg","contentUrl":"https:\/\/gymfactory.eu\/wp-content\/uploads\/2024\/11\/Component-1.svg","width":54,"height":44,"caption":"Sporto sal\u0117s gamykla"},"image":{"@id":"https:\/\/gymfactory.eu\/lt\/#\/schema\/logo\/image\/"}}]}},"_links":{"self":[{"href":"https:\/\/gymfactory.eu\/lt\/wp-json\/wp\/v2\/product\/9813","targetHints":{"allow":["GET"]}}],"collection":[{"href":"https:\/\/gymfactory.eu\/lt\/wp-json\/wp\/v2\/product"}],"about":[{"href":"https:\/\/gymfactory.eu\/lt\/wp-json\/wp\/v2\/types\/product"}],"wp:featuredmedia":[{"embeddable":true,"href":"https:\/\/gymfactory.eu\/lt\/wp-json\/wp\/v2\/media\/13730"}],"wp:attachment":[{"href":"https:\/\/gymfactory.eu\/lt\/wp-json\/wp\/v2\/media?parent=9813"}],"wp:term":[{"taxonomy":"product_brand","embeddable":true,"href":"https:\/\/gymfactory.eu\/lt\/wp-json\/wp\/v2\/product_brand?post=9813"},{"taxonomy":"product_cat","embeddable":true,"href":"https:\/\/gymfactory.eu\/lt\/wp-json\/wp\/v2\/product_cat?post=9813"},{"taxonomy":"product_tag","embeddable":true,"href":"https:\/\/gymfactory.eu\/lt\/wp-json\/wp\/v2\/product_tag?post=9813"}],"curies":[{"name":"wp","href":"https:\/\/api.w.org\/{rel}","templated":true}]}}