{"id":9812,"date":"2025-02-26T14:59:36","date_gmt":"2025-02-26T12:59:36","guid":{"rendered":"https:\/\/gymfactory.eu\/product\/z21-steko-masinos-svorio-kaistis\/"},"modified":"2025-09-09T14:03:01","modified_gmt":"2025-09-09T11:03:01","slug":"z21-steko-masinos-svorio-kaistis","status":"publish","type":"product","link":"https:\/\/gymfactory.eu\/lt\/produktas\/z21-steko-masinos-svorio-kaistis\/","title":{"rendered":"Z21 Svorio kai\u0161tis blokiniams treniruokliams"},"content":{"rendered":"<p>Z21 svorio kai\u0161tis \u2013 specializuota sporto \u012franga, skirta naudoti su blokiniais treniruokliais. \u0160is kai\u0161tis leid\u017eia papildomai tvirtinti olimpinius arba standartinius svorius prie treniruoklio, taip didinant pasiprie\u0161inim\u0105 vir\u0161 \u012fmontuoto svori\u0173 bloko.<\/p>\n<p>Pilnai suderinamas su m\u016bs\u0173 treniruokliais \u2013 tai paprastas ir efektyvus b\u016bdas didinti treniruo\u010di\u0173 intensyvum\u0105 nekei\u010diant pagrindin\u0117s \u012frangos.<\/p>\n\n    <div class=\"xs_social_share_widget xs_share_url after_content \t\tmain_content  wslu-style-1 wslu-share-box-shaped wslu-fill-colored wslu-none wslu-share-horizontal wslu-theme-font-no wslu-main_content\">\n\n\t\t\n        <ul>\n\t\t\t        <\/ul>\n    <\/div> \n","protected":false},"excerpt":{"rendered":"<p>Z21 svorio kai\u0161tis \u2013 specializuota sporto \u012franga, skirta naudoti su blokiniais treniruokliais. \u0160is kai\u0161tis leid\u017eia papildomai tvirtinti olimpinius arba standartinius svorius prie treniruoklio, taip didinant pasiprie\u0161inim\u0105 vir\u0161 \u012fmontuoto svori\u0173 bloko. Pilnai suderinamas su m\u016bs\u0173 treniruokliais \u2013 tai paprastas ir efektyvus b\u016bdas didinti treniruo\u010di\u0173 intensyvum\u0105 nekei\u010diant pagrindin\u0117s \u012frangos.<\/p>\n","protected":false},"featured_media":9142,"template":"","meta":{"_acf_changed":false},"product_brand":[56],"product_cat":[418],"product_tag":[393],"class_list":{"0":"post-9812","1":"product","2":"type-product","3":"status-publish","4":"has-post-thumbnail","6":"product_brand-gym-factory","7":"product_cat-treniruokliu-priedai","8":"product_tag-spalva-nera-spalvu","10":"first","11":"onbackorder","12":"taxable","13":"shipping-taxable","14":"purchasable","15":"product-type-simple"},"acf":[],"yoast_head":"<!-- This site is optimized with the Yoast SEO plugin v25.2 - https:\/\/yoast.com\/wordpress\/plugins\/seo\/ -->\n<title>Z21 Stack Machine Weight Pin - Patvari sporto sal\u0117s \u012franga<\/title>\n<meta name=\"description\" content=\"&quot;Z21 Stack Machine Weight Pin&quot; yra patikima treniruokli\u0173 sal\u0117s \u012franga, skirta saugiai ir efektyviai reguliuoti svor\u012f.\" \/>\n<meta name=\"robots\" content=\"index, follow, max-snippet:-1, max-image-preview:large, max-video-preview:-1\" \/>\n<link rel=\"canonical\" href=\"https:\/\/gymfactory.eu\/lt\/produktas\/z21-steko-masinos-svorio-kaistis\/\" \/>\n<meta property=\"og:locale\" content=\"lt_LT\" \/>\n<meta property=\"og:type\" content=\"article\" \/>\n<meta property=\"og:title\" content=\"Z21 Stack Machine Weight Pin - Patvari sporto sal\u0117s \u012franga\" \/>\n<meta property=\"og:description\" content=\"&quot;Z21 Stack Machine Weight Pin&quot; yra patikima treniruokli\u0173 sal\u0117s \u012franga, skirta saugiai ir efektyviai reguliuoti svor\u012f.\" \/>\n<meta property=\"og:url\" content=\"https:\/\/gymfactory.eu\/lt\/produktas\/z21-steko-masinos-svorio-kaistis\/\" \/>\n<meta property=\"og:site_name\" content=\"Gym Factory\" \/>\n<meta property=\"article:modified_time\" content=\"2025-09-09T11:03:01+00:00\" \/>\n<meta property=\"og:image\" content=\"https:\/\/gymfactory.eu\/wp-content\/uploads\/2025\/02\/Z21-gym-equipment-weight-stack-locking-pin-2.webp\" \/>\n\t<meta property=\"og:image:width\" content=\"1500\" \/>\n\t<meta property=\"og:image:height\" content=\"1500\" \/>\n\t<meta property=\"og:image:type\" content=\"image\/webp\" \/>\n<meta name=\"twitter:card\" content=\"summary_large_image\" \/>\n<meta name=\"twitter:label1\" content=\"Est. reading time\" \/>\n\t<meta name=\"twitter:data1\" content=\"1 minut\u0117\" \/>\n<script type=\"application\/ld+json\" class=\"yoast-schema-graph\">{\"@context\":\"https:\/\/schema.org\",\"@graph\":[{\"@type\":\"WebPage\",\"@id\":\"https:\/\/gymfactory.eu\/lt\/produktas\/z21-steko-masinos-svorio-kaistis\/\",\"url\":\"https:\/\/gymfactory.eu\/lt\/produktas\/z21-steko-masinos-svorio-kaistis\/\",\"name\":\"Z21 Stack Machine Weight Pin - Patvari sporto sal\u0117s \u012franga\",\"isPartOf\":{\"@id\":\"https:\/\/gymfactory.eu\/lt\/#website\"},\"primaryImageOfPage\":{\"@id\":\"https:\/\/gymfactory.eu\/lt\/produktas\/z21-steko-masinos-svorio-kaistis\/#primaryimage\"},\"image\":{\"@id\":\"https:\/\/gymfactory.eu\/lt\/produktas\/z21-steko-masinos-svorio-kaistis\/#primaryimage\"},\"thumbnailUrl\":\"https:\/\/gymfactory.eu\/wp-content\/uploads\/2025\/02\/Z21-gym-equipment-weight-stack-locking-pin-2.webp\",\"datePublished\":\"2025-02-26T12:59:36+00:00\",\"dateModified\":\"2025-09-09T11:03:01+00:00\",\"description\":\"\\\"Z21 Stack Machine Weight Pin\\\" yra patikima treniruokli\u0173 sal\u0117s \u012franga, skirta saugiai ir efektyviai reguliuoti svor\u012f.\",\"breadcrumb\":{\"@id\":\"https:\/\/gymfactory.eu\/lt\/produktas\/z21-steko-masinos-svorio-kaistis\/#breadcrumb\"},\"inLanguage\":\"lt-LT\",\"potentialAction\":[{\"@type\":\"ReadAction\",\"target\":[\"https:\/\/gymfactory.eu\/lt\/produktas\/z21-steko-masinos-svorio-kaistis\/\"]}]},{\"@type\":\"ImageObject\",\"inLanguage\":\"lt-LT\",\"@id\":\"https:\/\/gymfactory.eu\/lt\/produktas\/z21-steko-masinos-svorio-kaistis\/#primaryimage\",\"url\":\"https:\/\/gymfactory.eu\/wp-content\/uploads\/2025\/02\/Z21-gym-equipment-weight-stack-locking-pin-2.webp\",\"contentUrl\":\"https:\/\/gymfactory.eu\/wp-content\/uploads\/2025\/02\/Z21-gym-equipment-weight-stack-locking-pin-2.webp\",\"width\":1500,\"height\":1500,\"caption\":\"Detalus sporto \u012frangos svori\u0173 kr\u016bvos fiksavimo kai\u0161\u010dio su tvirtu plieniniu korpusu ir gumuotu galu vaizdas. Tvirta konstrukcija u\u017etikrina stabilum\u0105 ir saugum\u0105 reguliuojant svorio pasiprie\u0161inim\u0105 treniruokliuose.\"},{\"@type\":\"BreadcrumbList\",\"@id\":\"https:\/\/gymfactory.eu\/lt\/produktas\/z21-steko-masinos-svorio-kaistis\/#breadcrumb\",\"itemListElement\":[{\"@type\":\"ListItem\",\"position\":1,\"name\":\"Pagrindinis\",\"item\":\"https:\/\/gymfactory.eu\/lt\/\"},{\"@type\":\"ListItem\",\"position\":2,\"name\":\"Katalogas\",\"item\":\"https:\/\/gymfactory.eu\/lt\/katalogas\/\"},{\"@type\":\"ListItem\",\"position\":3,\"name\":\"Z21 Svorio kai\u0161tis blokiniams treniruokliams\"}]},{\"@type\":\"WebSite\",\"@id\":\"https:\/\/gymfactory.eu\/lt\/#website\",\"url\":\"https:\/\/gymfactory.eu\/lt\/\",\"name\":\"Gym Factory\",\"description\":\"\",\"publisher\":{\"@id\":\"https:\/\/gymfactory.eu\/lt\/#organization\"},\"potentialAction\":[{\"@type\":\"SearchAction\",\"target\":{\"@type\":\"EntryPoint\",\"urlTemplate\":\"https:\/\/gymfactory.eu\/lt\/?s={search_term_string}\"},\"query-input\":{\"@type\":\"PropertyValueSpecification\",\"valueRequired\":true,\"valueName\":\"search_term_string\"}}],\"inLanguage\":\"lt-LT\"},{\"@type\":\"Organization\",\"@id\":\"https:\/\/gymfactory.eu\/lt\/#organization\",\"name\":\"Sporto sal\u0117s gamykla\",\"url\":\"https:\/\/gymfactory.eu\/lt\/\",\"logo\":{\"@type\":\"ImageObject\",\"inLanguage\":\"lt-LT\",\"@id\":\"https:\/\/gymfactory.eu\/lt\/#\/schema\/logo\/image\/\",\"url\":\"https:\/\/gymfactory.eu\/wp-content\/uploads\/2024\/11\/Component-1.svg\",\"contentUrl\":\"https:\/\/gymfactory.eu\/wp-content\/uploads\/2024\/11\/Component-1.svg\",\"width\":54,\"height\":44,\"caption\":\"Sporto sal\u0117s gamykla\"},\"image\":{\"@id\":\"https:\/\/gymfactory.eu\/lt\/#\/schema\/logo\/image\/\"}}]}<\/script>\n<!-- \/ Yoast SEO plugin. -->","yoast_head_json":{"title":"Z21 Stack Machine Weight Pin - Patvari sporto sal\u0117s \u012franga","description":"\"Z21 Stack Machine Weight Pin\" yra patikima treniruokli\u0173 sal\u0117s \u012franga, skirta saugiai ir efektyviai reguliuoti svor\u012f.","robots":{"index":"index","follow":"follow","max-snippet":"max-snippet:-1","max-image-preview":"max-image-preview:large","max-video-preview":"max-video-preview:-1"},"canonical":"https:\/\/gymfactory.eu\/lt\/produktas\/z21-steko-masinos-svorio-kaistis\/","og_locale":"lt_LT","og_type":"article","og_title":"Z21 Stack Machine Weight Pin - Patvari sporto sal\u0117s \u012franga","og_description":"\"Z21 Stack Machine Weight Pin\" yra patikima treniruokli\u0173 sal\u0117s \u012franga, skirta saugiai ir efektyviai reguliuoti svor\u012f.","og_url":"https:\/\/gymfactory.eu\/lt\/produktas\/z21-steko-masinos-svorio-kaistis\/","og_site_name":"Gym Factory","article_modified_time":"2025-09-09T11:03:01+00:00","og_image":[{"width":1500,"height":1500,"url":"https:\/\/gymfactory.eu\/wp-content\/uploads\/2025\/02\/Z21-gym-equipment-weight-stack-locking-pin-2.webp","type":"image\/webp"}],"twitter_card":"summary_large_image","twitter_misc":{"Est. reading time":"1 minut\u0117"},"schema":{"@context":"https:\/\/schema.org","@graph":[{"@type":"WebPage","@id":"https:\/\/gymfactory.eu\/lt\/produktas\/z21-steko-masinos-svorio-kaistis\/","url":"https:\/\/gymfactory.eu\/lt\/produktas\/z21-steko-masinos-svorio-kaistis\/","name":"Z21 Stack Machine Weight Pin - Patvari sporto sal\u0117s \u012franga","isPartOf":{"@id":"https:\/\/gymfactory.eu\/lt\/#website"},"primaryImageOfPage":{"@id":"https:\/\/gymfactory.eu\/lt\/produktas\/z21-steko-masinos-svorio-kaistis\/#primaryimage"},"image":{"@id":"https:\/\/gymfactory.eu\/lt\/produktas\/z21-steko-masinos-svorio-kaistis\/#primaryimage"},"thumbnailUrl":"https:\/\/gymfactory.eu\/wp-content\/uploads\/2025\/02\/Z21-gym-equipment-weight-stack-locking-pin-2.webp","datePublished":"2025-02-26T12:59:36+00:00","dateModified":"2025-09-09T11:03:01+00:00","description":"\"Z21 Stack Machine Weight Pin\" yra patikima treniruokli\u0173 sal\u0117s \u012franga, skirta saugiai ir efektyviai reguliuoti svor\u012f.","breadcrumb":{"@id":"https:\/\/gymfactory.eu\/lt\/produktas\/z21-steko-masinos-svorio-kaistis\/#breadcrumb"},"inLanguage":"lt-LT","potentialAction":[{"@type":"ReadAction","target":["https:\/\/gymfactory.eu\/lt\/produktas\/z21-steko-masinos-svorio-kaistis\/"]}]},{"@type":"ImageObject","inLanguage":"lt-LT","@id":"https:\/\/gymfactory.eu\/lt\/produktas\/z21-steko-masinos-svorio-kaistis\/#primaryimage","url":"https:\/\/gymfactory.eu\/wp-content\/uploads\/2025\/02\/Z21-gym-equipment-weight-stack-locking-pin-2.webp","contentUrl":"https:\/\/gymfactory.eu\/wp-content\/uploads\/2025\/02\/Z21-gym-equipment-weight-stack-locking-pin-2.webp","width":1500,"height":1500,"caption":"Detalus sporto \u012frangos svori\u0173 kr\u016bvos fiksavimo kai\u0161\u010dio su tvirtu plieniniu korpusu ir gumuotu galu vaizdas. Tvirta konstrukcija u\u017etikrina stabilum\u0105 ir saugum\u0105 reguliuojant svorio pasiprie\u0161inim\u0105 treniruokliuose."},{"@type":"BreadcrumbList","@id":"https:\/\/gymfactory.eu\/lt\/produktas\/z21-steko-masinos-svorio-kaistis\/#breadcrumb","itemListElement":[{"@type":"ListItem","position":1,"name":"Pagrindinis","item":"https:\/\/gymfactory.eu\/lt\/"},{"@type":"ListItem","position":2,"name":"Katalogas","item":"https:\/\/gymfactory.eu\/lt\/katalogas\/"},{"@type":"ListItem","position":3,"name":"Z21 Svorio kai\u0161tis blokiniams treniruokliams"}]},{"@type":"WebSite","@id":"https:\/\/gymfactory.eu\/lt\/#website","url":"https:\/\/gymfactory.eu\/lt\/","name":"Gym Factory","description":"","publisher":{"@id":"https:\/\/gymfactory.eu\/lt\/#organization"},"potentialAction":[{"@type":"SearchAction","target":{"@type":"EntryPoint","urlTemplate":"https:\/\/gymfactory.eu\/lt\/?s={search_term_string}"},"query-input":{"@type":"PropertyValueSpecification","valueRequired":true,"valueName":"search_term_string"}}],"inLanguage":"lt-LT"},{"@type":"Organization","@id":"https:\/\/gymfactory.eu\/lt\/#organization","name":"Sporto sal\u0117s gamykla","url":"https:\/\/gymfactory.eu\/lt\/","logo":{"@type":"ImageObject","inLanguage":"lt-LT","@id":"https:\/\/gymfactory.eu\/lt\/#\/schema\/logo\/image\/","url":"https:\/\/gymfactory.eu\/wp-content\/uploads\/2024\/11\/Component-1.svg","contentUrl":"https:\/\/gymfactory.eu\/wp-content\/uploads\/2024\/11\/Component-1.svg","width":54,"height":44,"caption":"Sporto sal\u0117s gamykla"},"image":{"@id":"https:\/\/gymfactory.eu\/lt\/#\/schema\/logo\/image\/"}}]}},"_links":{"self":[{"href":"https:\/\/gymfactory.eu\/lt\/wp-json\/wp\/v2\/product\/9812","targetHints":{"allow":["GET"]}}],"collection":[{"href":"https:\/\/gymfactory.eu\/lt\/wp-json\/wp\/v2\/product"}],"about":[{"href":"https:\/\/gymfactory.eu\/lt\/wp-json\/wp\/v2\/types\/product"}],"wp:featuredmedia":[{"embeddable":true,"href":"https:\/\/gymfactory.eu\/lt\/wp-json\/wp\/v2\/media\/9142"}],"wp:attachment":[{"href":"https:\/\/gymfactory.eu\/lt\/wp-json\/wp\/v2\/media?parent=9812"}],"wp:term":[{"taxonomy":"product_brand","embeddable":true,"href":"https:\/\/gymfactory.eu\/lt\/wp-json\/wp\/v2\/product_brand?post=9812"},{"taxonomy":"product_cat","embeddable":true,"href":"https:\/\/gymfactory.eu\/lt\/wp-json\/wp\/v2\/product_cat?post=9812"},{"taxonomy":"product_tag","embeddable":true,"href":"https:\/\/gymfactory.eu\/lt\/wp-json\/wp\/v2\/product_tag?post=9812"}],"curies":[{"name":"wp","href":"https:\/\/api.w.org\/{rel}","templated":true}]}}