{"id":9809,"date":"2025-02-20T13:29:17","date_gmt":"2025-02-20T11:29:17","guid":{"rendered":"https:\/\/gymfactory.eu\/product\/z17s-saugos-stebejimo-rankenos\/"},"modified":"2025-12-08T14:35:18","modified_gmt":"2025-12-08T12:35:18","slug":"z17s-saugos-stebejimo-rankenos","status":"publish","type":"product","link":"https:\/\/gymfactory.eu\/lt\/produktas\/z17s-saugos-stebejimo-rankenos\/","title":{"rendered":"Z17S Saugos atramos"},"content":{"rendered":"<p>Z17S saugos atramos \u2013 tvirti priedai, skirti tvirtinti prie suderinam\u0173 j\u0117gos r\u0117m\u0173 ir daugiafunkci\u0173 treniruo\u010di\u0173 sto\u010di\u0173. Jos veikia kaip saugos atramos, kurios sulaiko \u0161tang\u0105 nepavykus pratimo, pavyzd\u017eiui, prit\u016bpim\u0173 ar spaudim\u0173 gulint metu.<\/p>\n<p>\u0160ios atramos yra b\u016btinos saugioms ir u\u017etikrintoms treniruot\u0117ms bet kurioje profesionalioje sporto sal\u0117je ar nam\u0173 treniruo\u010di\u0173 erdv\u0117je.<\/p>\n\n    <div class=\"xs_social_share_widget xs_share_url after_content \t\tmain_content  wslu-style-1 wslu-share-box-shaped wslu-fill-colored wslu-none wslu-share-horizontal wslu-theme-font-no wslu-main_content\">\n\n\t\t\n        <ul>\n\t\t\t        <\/ul>\n    <\/div> \n","protected":false},"excerpt":{"rendered":"<p>Z17S saugos atramos \u2013 tvirti priedai, skirti tvirtinti prie suderinam\u0173 j\u0117gos r\u0117m\u0173 ir daugiafunkci\u0173 treniruo\u010di\u0173 sto\u010di\u0173. Jos veikia kaip saugos atramos, kurios sulaiko \u0161tang\u0105 nepavykus pratimo, pavyzd\u017eiui, prit\u016bpim\u0173 ar spaudim\u0173 gulint metu. \u0160ios atramos yra b\u016btinos saugioms ir u\u017etikrintoms treniruot\u0117ms bet kurioje profesionalioje sporto sal\u0117je ar nam\u0173 treniruo\u010di\u0173 erdv\u0117je.<\/p>\n","protected":false},"featured_media":8140,"template":"","meta":{"_acf_changed":false},"product_brand":[817],"product_cat":[418],"product_tag":[415],"class_list":{"0":"post-9809","1":"product","2":"type-product","3":"status-publish","4":"has-post-thumbnail","6":"product_brand-gym-factory-lt","7":"product_cat-treniruokliu-priedai","8":"product_tag-spalva-tik-metaline","10":"first","11":"onbackorder","12":"taxable","13":"shipping-taxable","14":"purchasable","15":"product-type-variable"},"acf":[],"yoast_head":"<!-- This site is optimized with the Yoast SEO plugin v25.2 - https:\/\/yoast.com\/wordpress\/plugins\/seo\/ -->\n<title>Z17S apsaugin\u0117s steb\u0117jimo rankenos - Sporto sal\u0117s \u012franga Power Rack<\/title>\n<meta name=\"description\" content=\"&quot;Z17S Safety Spotter Arms&quot; turi auk\u0161tos kokyb\u0117s plienin\u0119 konstrukcij\u0105, kuri u\u017etikrina tvirt\u0105 ir saugi\u0105 atram\u0105 sporto sal\u0117s \u012frangai ir j\u0117gos treniruot\u0117ms.\" \/>\n<meta name=\"robots\" content=\"index, follow, max-snippet:-1, max-image-preview:large, max-video-preview:-1\" \/>\n<link rel=\"canonical\" href=\"https:\/\/gymfactory.eu\/lt\/produktas\/z17s-saugos-stebejimo-rankenos\/\" \/>\n<meta property=\"og:locale\" content=\"lt_LT\" \/>\n<meta property=\"og:type\" content=\"article\" \/>\n<meta property=\"og:title\" content=\"Z17S apsaugin\u0117s steb\u0117jimo rankenos - Sporto sal\u0117s \u012franga Power Rack\" \/>\n<meta property=\"og:description\" content=\"&quot;Z17S Safety Spotter Arms&quot; turi auk\u0161tos kokyb\u0117s plienin\u0119 konstrukcij\u0105, kuri u\u017etikrina tvirt\u0105 ir saugi\u0105 atram\u0105 sporto sal\u0117s \u012frangai ir j\u0117gos treniruot\u0117ms.\" \/>\n<meta property=\"og:url\" content=\"https:\/\/gymfactory.eu\/lt\/produktas\/z17s-saugos-stebejimo-rankenos\/\" \/>\n<meta property=\"og:site_name\" content=\"Gym Factory\" \/>\n<meta property=\"article:modified_time\" content=\"2025-12-08T12:35:18+00:00\" \/>\n<meta property=\"og:image\" content=\"https:\/\/gymfactory.eu\/wp-content\/uploads\/2025\/02\/high-quality-steel-structure-gym-spotter-arm.webp\" \/>\n\t<meta property=\"og:image:width\" content=\"600\" \/>\n\t<meta property=\"og:image:height\" content=\"600\" \/>\n\t<meta property=\"og:image:type\" content=\"image\/webp\" \/>\n<meta name=\"twitter:card\" content=\"summary_large_image\" \/>\n<meta name=\"twitter:label1\" content=\"Est. reading time\" \/>\n\t<meta name=\"twitter:data1\" content=\"1 minut\u0117\" \/>\n<script type=\"application\/ld+json\" class=\"yoast-schema-graph\">{\"@context\":\"https:\/\/schema.org\",\"@graph\":[{\"@type\":\"WebPage\",\"@id\":\"https:\/\/gymfactory.eu\/lt\/produktas\/z17s-saugos-stebejimo-rankenos\/\",\"url\":\"https:\/\/gymfactory.eu\/lt\/produktas\/z17s-saugos-stebejimo-rankenos\/\",\"name\":\"Z17S apsaugin\u0117s steb\u0117jimo rankenos - Sporto sal\u0117s \u012franga Power Rack\",\"isPartOf\":{\"@id\":\"https:\/\/gymfactory.eu\/lt\/#website\"},\"primaryImageOfPage\":{\"@id\":\"https:\/\/gymfactory.eu\/lt\/produktas\/z17s-saugos-stebejimo-rankenos\/#primaryimage\"},\"image\":{\"@id\":\"https:\/\/gymfactory.eu\/lt\/produktas\/z17s-saugos-stebejimo-rankenos\/#primaryimage\"},\"thumbnailUrl\":\"https:\/\/gymfactory.eu\/wp-content\/uploads\/2025\/02\/high-quality-steel-structure-gym-spotter-arm.webp\",\"datePublished\":\"2025-02-20T11:29:17+00:00\",\"dateModified\":\"2025-12-08T12:35:18+00:00\",\"description\":\"\\\"Z17S Safety Spotter Arms\\\" turi auk\u0161tos kokyb\u0117s plienin\u0119 konstrukcij\u0105, kuri u\u017etikrina tvirt\u0105 ir saugi\u0105 atram\u0105 sporto sal\u0117s \u012frangai ir j\u0117gos treniruot\u0117ms.\",\"breadcrumb\":{\"@id\":\"https:\/\/gymfactory.eu\/lt\/produktas\/z17s-saugos-stebejimo-rankenos\/#breadcrumb\"},\"inLanguage\":\"lt-LT\",\"potentialAction\":[{\"@type\":\"ReadAction\",\"target\":[\"https:\/\/gymfactory.eu\/lt\/produktas\/z17s-saugos-stebejimo-rankenos\/\"]}]},{\"@type\":\"ImageObject\",\"inLanguage\":\"lt-LT\",\"@id\":\"https:\/\/gymfactory.eu\/lt\/produktas\/z17s-saugos-stebejimo-rankenos\/#primaryimage\",\"url\":\"https:\/\/gymfactory.eu\/wp-content\/uploads\/2025\/02\/high-quality-steel-structure-gym-spotter-arm.webp\",\"contentUrl\":\"https:\/\/gymfactory.eu\/wp-content\/uploads\/2025\/02\/high-quality-steel-structure-gym-spotter-arm.webp\",\"width\":600,\"height\":600,\"caption\":\"Vienguba juodo plieno apsaugin\u0117 apsaugin\u0117 d\u0117tuv\u0117s rankena, skirta elektros stovams. \u0160i auk\u0161tos kokyb\u0117s plienin\u0117 konstrukcija padidina sporto sal\u0117s \u012frangos saugum\u0105, nes suteikia patikim\u0105 atram\u0105 sunkum\u0173 kilnojimo ir j\u0117gos treniruo\u010di\u0173 pratimams.\"},{\"@type\":\"BreadcrumbList\",\"@id\":\"https:\/\/gymfactory.eu\/lt\/produktas\/z17s-saugos-stebejimo-rankenos\/#breadcrumb\",\"itemListElement\":[{\"@type\":\"ListItem\",\"position\":1,\"name\":\"Pagrindinis\",\"item\":\"https:\/\/gymfactory.eu\/lt\/\"},{\"@type\":\"ListItem\",\"position\":2,\"name\":\"Katalogas\",\"item\":\"https:\/\/gymfactory.eu\/lt\/katalogas\/\"},{\"@type\":\"ListItem\",\"position\":3,\"name\":\"Z17S Saugos atramos\"}]},{\"@type\":\"WebSite\",\"@id\":\"https:\/\/gymfactory.eu\/lt\/#website\",\"url\":\"https:\/\/gymfactory.eu\/lt\/\",\"name\":\"Gym Factory\",\"description\":\"\",\"publisher\":{\"@id\":\"https:\/\/gymfactory.eu\/lt\/#organization\"},\"potentialAction\":[{\"@type\":\"SearchAction\",\"target\":{\"@type\":\"EntryPoint\",\"urlTemplate\":\"https:\/\/gymfactory.eu\/lt\/?s={search_term_string}\"},\"query-input\":{\"@type\":\"PropertyValueSpecification\",\"valueRequired\":true,\"valueName\":\"search_term_string\"}}],\"inLanguage\":\"lt-LT\"},{\"@type\":\"Organization\",\"@id\":\"https:\/\/gymfactory.eu\/lt\/#organization\",\"name\":\"Sporto sal\u0117s gamykla\",\"url\":\"https:\/\/gymfactory.eu\/lt\/\",\"logo\":{\"@type\":\"ImageObject\",\"inLanguage\":\"lt-LT\",\"@id\":\"https:\/\/gymfactory.eu\/lt\/#\/schema\/logo\/image\/\",\"url\":\"https:\/\/gymfactory.eu\/wp-content\/uploads\/2024\/11\/Component-1.svg\",\"contentUrl\":\"https:\/\/gymfactory.eu\/wp-content\/uploads\/2024\/11\/Component-1.svg\",\"width\":54,\"height\":44,\"caption\":\"Sporto sal\u0117s gamykla\"},\"image\":{\"@id\":\"https:\/\/gymfactory.eu\/lt\/#\/schema\/logo\/image\/\"}}]}<\/script>\n<!-- \/ Yoast SEO plugin. -->","yoast_head_json":{"title":"Z17S apsaugin\u0117s steb\u0117jimo rankenos - Sporto sal\u0117s \u012franga Power Rack","description":"\"Z17S Safety Spotter Arms\" turi auk\u0161tos kokyb\u0117s plienin\u0119 konstrukcij\u0105, kuri u\u017etikrina tvirt\u0105 ir saugi\u0105 atram\u0105 sporto sal\u0117s \u012frangai ir j\u0117gos treniruot\u0117ms.","robots":{"index":"index","follow":"follow","max-snippet":"max-snippet:-1","max-image-preview":"max-image-preview:large","max-video-preview":"max-video-preview:-1"},"canonical":"https:\/\/gymfactory.eu\/lt\/produktas\/z17s-saugos-stebejimo-rankenos\/","og_locale":"lt_LT","og_type":"article","og_title":"Z17S apsaugin\u0117s steb\u0117jimo rankenos - Sporto sal\u0117s \u012franga Power Rack","og_description":"\"Z17S Safety Spotter Arms\" turi auk\u0161tos kokyb\u0117s plienin\u0119 konstrukcij\u0105, kuri u\u017etikrina tvirt\u0105 ir saugi\u0105 atram\u0105 sporto sal\u0117s \u012frangai ir j\u0117gos treniruot\u0117ms.","og_url":"https:\/\/gymfactory.eu\/lt\/produktas\/z17s-saugos-stebejimo-rankenos\/","og_site_name":"Gym Factory","article_modified_time":"2025-12-08T12:35:18+00:00","og_image":[{"width":600,"height":600,"url":"https:\/\/gymfactory.eu\/wp-content\/uploads\/2025\/02\/high-quality-steel-structure-gym-spotter-arm.webp","type":"image\/webp"}],"twitter_card":"summary_large_image","twitter_misc":{"Est. reading time":"1 minut\u0117"},"schema":{"@context":"https:\/\/schema.org","@graph":[{"@type":"WebPage","@id":"https:\/\/gymfactory.eu\/lt\/produktas\/z17s-saugos-stebejimo-rankenos\/","url":"https:\/\/gymfactory.eu\/lt\/produktas\/z17s-saugos-stebejimo-rankenos\/","name":"Z17S apsaugin\u0117s steb\u0117jimo rankenos - Sporto sal\u0117s \u012franga Power Rack","isPartOf":{"@id":"https:\/\/gymfactory.eu\/lt\/#website"},"primaryImageOfPage":{"@id":"https:\/\/gymfactory.eu\/lt\/produktas\/z17s-saugos-stebejimo-rankenos\/#primaryimage"},"image":{"@id":"https:\/\/gymfactory.eu\/lt\/produktas\/z17s-saugos-stebejimo-rankenos\/#primaryimage"},"thumbnailUrl":"https:\/\/gymfactory.eu\/wp-content\/uploads\/2025\/02\/high-quality-steel-structure-gym-spotter-arm.webp","datePublished":"2025-02-20T11:29:17+00:00","dateModified":"2025-12-08T12:35:18+00:00","description":"\"Z17S Safety Spotter Arms\" turi auk\u0161tos kokyb\u0117s plienin\u0119 konstrukcij\u0105, kuri u\u017etikrina tvirt\u0105 ir saugi\u0105 atram\u0105 sporto sal\u0117s \u012frangai ir j\u0117gos treniruot\u0117ms.","breadcrumb":{"@id":"https:\/\/gymfactory.eu\/lt\/produktas\/z17s-saugos-stebejimo-rankenos\/#breadcrumb"},"inLanguage":"lt-LT","potentialAction":[{"@type":"ReadAction","target":["https:\/\/gymfactory.eu\/lt\/produktas\/z17s-saugos-stebejimo-rankenos\/"]}]},{"@type":"ImageObject","inLanguage":"lt-LT","@id":"https:\/\/gymfactory.eu\/lt\/produktas\/z17s-saugos-stebejimo-rankenos\/#primaryimage","url":"https:\/\/gymfactory.eu\/wp-content\/uploads\/2025\/02\/high-quality-steel-structure-gym-spotter-arm.webp","contentUrl":"https:\/\/gymfactory.eu\/wp-content\/uploads\/2025\/02\/high-quality-steel-structure-gym-spotter-arm.webp","width":600,"height":600,"caption":"Vienguba juodo plieno apsaugin\u0117 apsaugin\u0117 d\u0117tuv\u0117s rankena, skirta elektros stovams. \u0160i auk\u0161tos kokyb\u0117s plienin\u0117 konstrukcija padidina sporto sal\u0117s \u012frangos saugum\u0105, nes suteikia patikim\u0105 atram\u0105 sunkum\u0173 kilnojimo ir j\u0117gos treniruo\u010di\u0173 pratimams."},{"@type":"BreadcrumbList","@id":"https:\/\/gymfactory.eu\/lt\/produktas\/z17s-saugos-stebejimo-rankenos\/#breadcrumb","itemListElement":[{"@type":"ListItem","position":1,"name":"Pagrindinis","item":"https:\/\/gymfactory.eu\/lt\/"},{"@type":"ListItem","position":2,"name":"Katalogas","item":"https:\/\/gymfactory.eu\/lt\/katalogas\/"},{"@type":"ListItem","position":3,"name":"Z17S Saugos atramos"}]},{"@type":"WebSite","@id":"https:\/\/gymfactory.eu\/lt\/#website","url":"https:\/\/gymfactory.eu\/lt\/","name":"Gym Factory","description":"","publisher":{"@id":"https:\/\/gymfactory.eu\/lt\/#organization"},"potentialAction":[{"@type":"SearchAction","target":{"@type":"EntryPoint","urlTemplate":"https:\/\/gymfactory.eu\/lt\/?s={search_term_string}"},"query-input":{"@type":"PropertyValueSpecification","valueRequired":true,"valueName":"search_term_string"}}],"inLanguage":"lt-LT"},{"@type":"Organization","@id":"https:\/\/gymfactory.eu\/lt\/#organization","name":"Sporto sal\u0117s gamykla","url":"https:\/\/gymfactory.eu\/lt\/","logo":{"@type":"ImageObject","inLanguage":"lt-LT","@id":"https:\/\/gymfactory.eu\/lt\/#\/schema\/logo\/image\/","url":"https:\/\/gymfactory.eu\/wp-content\/uploads\/2024\/11\/Component-1.svg","contentUrl":"https:\/\/gymfactory.eu\/wp-content\/uploads\/2024\/11\/Component-1.svg","width":54,"height":44,"caption":"Sporto sal\u0117s gamykla"},"image":{"@id":"https:\/\/gymfactory.eu\/lt\/#\/schema\/logo\/image\/"}}]}},"_links":{"self":[{"href":"https:\/\/gymfactory.eu\/lt\/wp-json\/wp\/v2\/product\/9809","targetHints":{"allow":["GET"]}}],"collection":[{"href":"https:\/\/gymfactory.eu\/lt\/wp-json\/wp\/v2\/product"}],"about":[{"href":"https:\/\/gymfactory.eu\/lt\/wp-json\/wp\/v2\/types\/product"}],"wp:featuredmedia":[{"embeddable":true,"href":"https:\/\/gymfactory.eu\/lt\/wp-json\/wp\/v2\/media\/8140"}],"wp:attachment":[{"href":"https:\/\/gymfactory.eu\/lt\/wp-json\/wp\/v2\/media?parent=9809"}],"wp:term":[{"taxonomy":"product_brand","embeddable":true,"href":"https:\/\/gymfactory.eu\/lt\/wp-json\/wp\/v2\/product_brand?post=9809"},{"taxonomy":"product_cat","embeddable":true,"href":"https:\/\/gymfactory.eu\/lt\/wp-json\/wp\/v2\/product_cat?post=9809"},{"taxonomy":"product_tag","embeddable":true,"href":"https:\/\/gymfactory.eu\/lt\/wp-json\/wp\/v2\/product_tag?post=9809"}],"curies":[{"name":"wp","href":"https:\/\/api.w.org\/{rel}","templated":true}]}}